{"id":36299,"date":"2023-08-28T17:23:12","date_gmt":"2023-08-28T15:23:12","guid":{"rendered":"https:\/\/teasense.ch\/?post_type=product&#038;p=36299"},"modified":"2025-10-01T09:46:32","modified_gmt":"2025-10-01T07:46:32","slug":"kraeutertee-vitalis","status":"publish","type":"product","link":"https:\/\/teasense.ch\/en\/product\/kraeutertee-vitalis\/","title":{"rendered":"Kr\u00e4utertee Vitalis"},"content":{"rendered":"<h3>Kr\u00e4utertee Vitalis &#8211; fruchtig erfrischend ohne Koffein<\/h3>\n<p>Unser Kr\u00e4utertee Vitalis ist nicht nur ein Getr\u00e4nk, sondern ein Genuss f\u00fcr die Sinne. Mit seiner fruchtigen, erfrischenden Note und ganz ohne Koffein ist er eine angenehme Abwechslung zu herk\u00f6mmlichen Teesorten. Jede Tasse ist eine Reise durch die Aromen sorgf\u00e4ltig ausgew\u00e4hlter Kr\u00e4uter und Fr\u00fcchte, die in harmonischer Einheit zusammenkommen.<\/p>\n<p>Ob du deinen Tag mit einem genussvollen Schluck beginnen m\u00f6chtest oder abends zur Ruhe kommen willst \u2014 unser Kr\u00e4utertee Vitalis passt sich deinem Moment an. Du kannst ihn sowohl heiss als auch kalt geniessen, denn sein erfrischender Geschmack bleibt bei jeder Zubereitungsart erhalten.<\/p>\n<p>Wir legen gr\u00f6ssten Wert auf Qualit\u00e4t und Reinheit. Deshalb verwenden wir ausschliesslich nat\u00fcrliche Zutaten \u2013 ohne Zusatzstoffe und k\u00fcnstliche Aromen.<br \/>\nSo kannst du jeden Schluck bewusst und sorglos geniessen.<\/p>\n<h3>Zubereitung<\/h3>\n<p>Bei 100 \u00b0C 5-8 Minuten ziehen lassen \/ 2,5 g f\u00fcr 200 ml<\/p>\n<p>Dies sind die Anweisungen f\u00fcr eine perfekte Tasse Tee. Doch was macht eigentlich den Unterschied zwischen einer guten und einer grossartigen Tasse aus? Es ist nicht nur das richtige Verh\u00e4ltnis von Wasser zu Tee, sondern auch die Qualit\u00e4t des Tees selbst. Ein hochwertiger Tee wird sorgf\u00e4ltig angebaut, geerntet und verarbeitet. Er enth\u00e4lt keine Zus\u00e4tze oder k\u00fcnstlichen Aromen und hat einzigartige Geschmacksnoten.<\/p>\n<p>Probieren geht \u00fcber Studieren! Experimentiere mit verschiedenen Sorten bis du deinen pers\u00f6nlichen Favoriten gefunden hast. Und wenn du ihn einmal entdeckt hast &#8211; geniesse jede einzelne Tasse in vollen Z\u00fcgen!<\/p>\n<h3>Zutaten Kr\u00e4utertee Vitalis<\/h3>\n<p><a href=\"https:\/\/teasense.ch\/produkt\/hagenbuttenschalen\/\">Hagebuttenschalen<\/a>, Zitronenverbene, Karottengranulat, <a href=\"https:\/\/teasense.ch\/produkt\/aronia-beeren\/\">Aroniabeeren<\/a>, Zitronenschalen, <a href=\"https:\/\/teasense.ch\/produkt\/orangenschalen\/\">Orangenschalen<\/a><\/p>\n","protected":false},"excerpt":{"rendered":"<p>Kr\u00e4utertee fruchtig und erfrischend ohne Koffein<\/p>\n<h4>Zubereitung Kr\u00e4utertee Vitalis<\/h4>\n<p>\ud83e\udd44 2,5 g pro Tasse (200 ml)<br \/>\n\ud83c\udf21\ufe0f 100\u00b0C<br \/>\n\u23f3 5 &#8211; 8 Minuten<\/p>\n","protected":false},"featured_media":36310,"comment_status":"open","ping_status":"closed","template":"","meta":{"_et_pb_use_builder":"","_et_pb_old_content":"","_et_gb_content_width":""},"product_brand":[],"product_cat":[74,150,19],"product_tag":[],"class_list":{"0":"post-36299","1":"product","2":"type-product","3":"status-publish","4":"has-post-thumbnail","6":"product_cat-alle-produkte","7":"product_cat-kraeutertee","8":"product_cat-tee","9":"pa_herkunft-deutschland","10":"pa_weight-100-g","11":"pa_weight-200-g","12":"pa_weight-400-g","13":"pa_weight-50-g","15":"first","16":"instock","17":"shipping-taxable","18":"purchasable","19":"product-type-variable","20":"has-default-attributes","21":"add-to-wishlist-before_image"},"yoast_head":"<!-- This site is optimized with the Yoast SEO plugin v27.4 - https:\/\/yoast.com\/product\/yoast-seo-wordpress\/ -->\n<title>Kr\u00e4utertee Vitalis - TeaSense.ch - Tee Shop Schweiz<\/title>\n<meta name=\"description\" content=\"Unser Kr\u00e4utertee Vitalis schmeckt k\u00f6stlich. Die ausgewogene Mischung von verschiedenen Kr\u00e4utern und Fr\u00fcchten ergibt eine harmonische Geschmackskomposition.\" \/>\n<meta name=\"robots\" content=\"index, follow, max-snippet:-1, max-image-preview:large, max-video-preview:-1\" \/>\n<link rel=\"canonical\" href=\"https:\/\/teasense.ch\/en\/product\/kraeutertee-vitalis\/\" \/>\n<meta property=\"og:locale\" content=\"en_US\" \/>\n<meta property=\"og:type\" content=\"article\" \/>\n<meta property=\"og:title\" content=\"Kr\u00e4utertee Vitalis - TeaSense.ch - Tee Shop Schweiz\" \/>\n<meta property=\"og:description\" content=\"Unser Kr\u00e4utertee Vitalis schmeckt k\u00f6stlich. Die ausgewogene Mischung von verschiedenen Kr\u00e4utern und Fr\u00fcchten ergibt eine harmonische Geschmackskomposition.\" \/>\n<meta property=\"og:url\" content=\"https:\/\/teasense.ch\/en\/product\/kraeutertee-vitalis\/\" \/>\n<meta property=\"og:site_name\" content=\"TeaSense.ch - Tee Shop Schweiz\" \/>\n<meta property=\"article:publisher\" content=\"https:\/\/www.facebook.com\/teasense.ch\" \/>\n<meta property=\"article:modified_time\" content=\"2025-10-01T07:46:32+00:00\" \/>\n<meta property=\"og:image\" content=\"https:\/\/teasense.ch\/wp-content\/uploads\/2023\/08\/vitalis-multivitamin-teemischung.jpg\" \/>\n\t<meta property=\"og:image:width\" content=\"800\" \/>\n\t<meta property=\"og:image:height\" content=\"800\" \/>\n\t<meta property=\"og:image:type\" content=\"image\/jpeg\" \/>\n<meta name=\"twitter:card\" content=\"summary_large_image\" \/>\n<meta name=\"twitter:label1\" content=\"Est. reading time\" \/>\n\t<meta name=\"twitter:data1\" content=\"2 minutes\" \/>\n<!-- \/ Yoast SEO plugin. -->","yoast_head_json":{"title":"Kr\u00e4utertee Vitalis - TeaSense.ch - Tee Shop Schweiz","description":"Unser Kr\u00e4utertee Vitalis schmeckt k\u00f6stlich. Die ausgewogene Mischung von verschiedenen Kr\u00e4utern und Fr\u00fcchten ergibt eine harmonische Geschmackskomposition.","robots":{"index":"index","follow":"follow","max-snippet":"max-snippet:-1","max-image-preview":"max-image-preview:large","max-video-preview":"max-video-preview:-1"},"canonical":"https:\/\/teasense.ch\/en\/product\/kraeutertee-vitalis\/","og_locale":"en_US","og_type":"article","og_title":"Kr\u00e4utertee Vitalis - TeaSense.ch - Tee Shop Schweiz","og_description":"Unser Kr\u00e4utertee Vitalis schmeckt k\u00f6stlich. Die ausgewogene Mischung von verschiedenen Kr\u00e4utern und Fr\u00fcchten ergibt eine harmonische Geschmackskomposition.","og_url":"https:\/\/teasense.ch\/en\/product\/kraeutertee-vitalis\/","og_site_name":"TeaSense.ch - Tee Shop Schweiz","article_publisher":"https:\/\/www.facebook.com\/teasense.ch","article_modified_time":"2025-10-01T07:46:32+00:00","og_image":[{"width":800,"height":800,"url":"https:\/\/teasense.ch\/wp-content\/uploads\/2023\/08\/vitalis-multivitamin-teemischung.jpg","type":"image\/jpeg"}],"twitter_card":"summary_large_image","twitter_misc":{"Est. reading time":"2 minutes"},"schema":{"@context":"https:\/\/schema.org","@graph":[{"@type":"WebPage","@id":"https:\/\/teasense.ch\/en\/product\/kraeutertee-vitalis\/","url":"https:\/\/teasense.ch\/en\/product\/kraeutertee-vitalis\/","name":"Kr\u00e4utertee Vitalis - TeaSense.ch - Tee Shop Schweiz","isPartOf":{"@id":"https:\/\/teasense.ch\/en\/#website"},"primaryImageOfPage":{"@id":"https:\/\/teasense.ch\/en\/product\/kraeutertee-vitalis\/#primaryimage"},"image":{"@id":"https:\/\/teasense.ch\/en\/product\/kraeutertee-vitalis\/#primaryimage"},"thumbnailUrl":"https:\/\/teasense.ch\/wp-content\/uploads\/2023\/08\/vitalis-multivitamin-teemischung.jpg","datePublished":"2023-08-28T15:23:12+00:00","dateModified":"2025-10-01T07:46:32+00:00","description":"Unser Kr\u00e4utertee Vitalis schmeckt k\u00f6stlich. Die ausgewogene Mischung von verschiedenen Kr\u00e4utern und Fr\u00fcchten ergibt eine harmonische Geschmackskomposition.","breadcrumb":{"@id":"https:\/\/teasense.ch\/en\/product\/kraeutertee-vitalis\/#breadcrumb"},"inLanguage":"en-CH","potentialAction":[{"@type":"ReadAction","target":["https:\/\/teasense.ch\/en\/product\/kraeutertee-vitalis\/"]}]},{"@type":"ImageObject","inLanguage":"en-CH","@id":"https:\/\/teasense.ch\/en\/product\/kraeutertee-vitalis\/#primaryimage","url":"https:\/\/teasense.ch\/wp-content\/uploads\/2023\/08\/vitalis-multivitamin-teemischung.jpg","contentUrl":"https:\/\/teasense.ch\/wp-content\/uploads\/2023\/08\/vitalis-multivitamin-teemischung.jpg","width":800,"height":800,"caption":"Kr\u00e4utertee Vitalis"},{"@type":"BreadcrumbList","@id":"https:\/\/teasense.ch\/en\/product\/kraeutertee-vitalis\/#breadcrumb","itemListElement":[{"@type":"ListItem","position":1,"name":"Startseite","item":"https:\/\/teasense.ch\/en\/startseite\/"},{"@type":"ListItem","position":2,"name":"Online Tea ShopTee Onlineshop","item":"https:\/\/teasense.ch\/en\/shop\/"},{"@type":"ListItem","position":3,"name":"Kr\u00e4utertee Vitalis"}]},{"@type":"WebSite","@id":"https:\/\/teasense.ch\/en\/#website","url":"https:\/\/teasense.ch\/en\/","name":"TeaSense.ch","description":"Nat\u00fcrliche Teemischungen und klassischer Tee","publisher":{"@id":"https:\/\/teasense.ch\/en\/#organization"},"alternateName":"TeaSense","potentialAction":[{"@type":"SearchAction","target":{"@type":"EntryPoint","urlTemplate":"https:\/\/teasense.ch\/en\/?s={search_term_string}"},"query-input":{"@type":"PropertyValueSpecification","valueRequired":true,"valueName":"search_term_string"}}],"inLanguage":"en-CH"},{"@type":"Organization","@id":"https:\/\/teasense.ch\/en\/#organization","name":"Reale Selection","alternateName":"TeaSense.ch","url":"https:\/\/teasense.ch\/en\/","logo":{"@type":"ImageObject","inLanguage":"en-CH","@id":"https:\/\/teasense.ch\/en\/#\/schema\/logo\/image\/","url":"https:\/\/teasense.ch\/wp-content\/uploads\/2023\/07\/cropped-logo-teasense-kategorie-onlineshop-alle-produkte.jpg","contentUrl":"https:\/\/teasense.ch\/wp-content\/uploads\/2023\/07\/cropped-logo-teasense-kategorie-onlineshop-alle-produkte.jpg","width":512,"height":512,"caption":"Reale Selection"},"image":{"@id":"https:\/\/teasense.ch\/en\/#\/schema\/logo\/image\/"},"sameAs":["https:\/\/www.facebook.com\/teasense.ch"]}]}},"jetpack-related-posts":[{"id":43192,"url":"https:\/\/teasense.ch\/en\/product\/goldorange\/","url_meta":{"origin":36299,"position":0},"title":"Goldorange &#8211; Kr\u00e4utermischung","author":"Reale Selection","date":"22. October 2024","format":false,"excerpt":"Zubereitung Kr\u00e4utermischung Goldorange \ud83e\udd44 1 TL pro Tasse \ud83c\udf21\ufe0f 100\u00b0C \u23f3 6 - 10 Minuten","rel":"","context":"Similar post","block_context":{"text":"Similar post","link":""},"img":{"alt_text":"Goldorange Teemischung lose","src":"https:\/\/i0.wp.com\/teasense.ch\/wp-content\/uploads\/2024\/10\/gold.png?resize=350%2C200&ssl=1","width":350,"height":200,"srcset":"https:\/\/i0.wp.com\/teasense.ch\/wp-content\/uploads\/2024\/10\/gold.png?resize=350%2C200&ssl=1 1x, https:\/\/i0.wp.com\/teasense.ch\/wp-content\/uploads\/2024\/10\/gold.png?resize=525%2C300&ssl=1 1.5x, https:\/\/i0.wp.com\/teasense.ch\/wp-content\/uploads\/2024\/10\/gold.png?resize=700%2C400&ssl=1 2x"},"classes":[]},{"id":33522,"url":"https:\/\/teasense.ch\/en\/product\/sweet-daydream\/","url_meta":{"origin":36299,"position":1},"title":"Sweet Daydream","author":"Reale Selection","date":"7. July 2023","format":false,"excerpt":"Diese Kr\u00e4utermischung ohne Zusatz von Aromen verspricht s\u00fcsse Tagtr\u00e4ume.","rel":"","context":"Similar post","block_context":{"text":"Similar post","link":""},"img":{"alt_text":"Sweet Daydream Kr\u00e4utertee lose","src":"https:\/\/i0.wp.com\/teasense.ch\/wp-content\/uploads\/2023\/07\/sweet-daydream.jpg?resize=350%2C200&ssl=1","width":350,"height":200,"srcset":"https:\/\/i0.wp.com\/teasense.ch\/wp-content\/uploads\/2023\/07\/sweet-daydream.jpg?resize=350%2C200&ssl=1 1x, https:\/\/i0.wp.com\/teasense.ch\/wp-content\/uploads\/2023\/07\/sweet-daydream.jpg?resize=525%2C300&ssl=1 1.5x, https:\/\/i0.wp.com\/teasense.ch\/wp-content\/uploads\/2023\/07\/sweet-daydream.jpg?resize=700%2C400&ssl=1 2x"},"classes":[]},{"id":45667,"url":"https:\/\/teasense.ch\/en\/product\/rooibusch-zitrone\/","url_meta":{"origin":36299,"position":2},"title":"Rooibusch Zitrone","author":"Reale Selection","date":"12. May 2025","format":false,"excerpt":"Zubereitung Rooibusch Zitrone \ud83e\udd44 1 Teel\u00f6ffel auf 200 ml Wasser (14g\/Liter)\ud83c\udf21\ufe0f 100 \u00b0C\u23f3 5 Minuten ziehen lassen","rel":"","context":"Similar post","block_context":{"text":"Similar post","link":""},"img":{"alt_text":"Rooibusch Zitrone Teemischung","src":"https:\/\/i0.wp.com\/teasense.ch\/wp-content\/uploads\/2025\/05\/Rooibusch-Zitrone.png?resize=350%2C200&ssl=1","width":350,"height":200,"srcset":"https:\/\/i0.wp.com\/teasense.ch\/wp-content\/uploads\/2025\/05\/Rooibusch-Zitrone.png?resize=350%2C200&ssl=1 1x, https:\/\/i0.wp.com\/teasense.ch\/wp-content\/uploads\/2025\/05\/Rooibusch-Zitrone.png?resize=525%2C300&ssl=1 1.5x, https:\/\/i0.wp.com\/teasense.ch\/wp-content\/uploads\/2025\/05\/Rooibusch-Zitrone.png?resize=700%2C400&ssl=1 2x"},"classes":[]},{"id":33403,"url":"https:\/\/teasense.ch\/en\/product\/morgenbrise\/","url_meta":{"origin":36299,"position":3},"title":"Morgenbrise","author":"Reale Selection","date":"6. July 2023","format":false,"excerpt":"Zubereitungshinweis \ud83e\udd44 12\u201315 Gramm pro Liter \ud83c\udf21\ufe0f 100\u00b0C \u23f3 5\u20138 Minuten","rel":"","context":"Similar post","block_context":{"text":"Similar post","link":""},"img":{"alt_text":"Morgenbrise Tee","src":"https:\/\/i0.wp.com\/teasense.ch\/wp-content\/uploads\/2023\/07\/bio-morgenbrise-plain.jpg?resize=350%2C200&ssl=1","width":350,"height":200,"srcset":"https:\/\/i0.wp.com\/teasense.ch\/wp-content\/uploads\/2023\/07\/bio-morgenbrise-plain.jpg?resize=350%2C200&ssl=1 1x, https:\/\/i0.wp.com\/teasense.ch\/wp-content\/uploads\/2023\/07\/bio-morgenbrise-plain.jpg?resize=525%2C300&ssl=1 1.5x, https:\/\/i0.wp.com\/teasense.ch\/wp-content\/uploads\/2023\/07\/bio-morgenbrise-plain.jpg?resize=700%2C400&ssl=1 2x"},"classes":[]},{"id":33318,"url":"https:\/\/teasense.ch\/en\/product\/ayurverda-tulsi-orange\/","url_meta":{"origin":36299,"position":4},"title":"Ayurverda Tulsi Orange","author":"Reale Selection","date":"6. July 2023","format":false,"excerpt":"Vermisst du diesen Tee? Schreibe uns eine Nachricht. Zubereitung Tulsi Orange Kr\u00e4uterteemischung\ud83e\udd44 1 -2 Teel\u00f6ffel auf 200 ml Wasser\ud83c\udf21\ufe0f 100 \u00b0C\u23f3 5 - 7 Minuten","rel":"","context":"Similar post","block_context":{"text":"Similar post","link":""},"img":{"alt_text":"Lose Tulsi Orange Teemischung","src":"https:\/\/i0.wp.com\/teasense.ch\/wp-content\/uploads\/2023\/07\/tulsi-orange-plain.jpg?resize=350%2C200&ssl=1","width":350,"height":200,"srcset":"https:\/\/i0.wp.com\/teasense.ch\/wp-content\/uploads\/2023\/07\/tulsi-orange-plain.jpg?resize=350%2C200&ssl=1 1x, https:\/\/i0.wp.com\/teasense.ch\/wp-content\/uploads\/2023\/07\/tulsi-orange-plain.jpg?resize=525%2C300&ssl=1 1.5x, https:\/\/i0.wp.com\/teasense.ch\/wp-content\/uploads\/2023\/07\/tulsi-orange-plain.jpg?resize=700%2C400&ssl=1 2x"},"classes":[]},{"id":38233,"url":"https:\/\/teasense.ch\/en\/product\/bleib-fresh\/","url_meta":{"origin":36299,"position":5},"title":"Bleib Fresh Kr\u00e4utertee","author":"Reale Selection","date":"22. October 2023","format":false,"excerpt":"Kr\u00e4utertee mit Minze-Lemon-Geschmack Zubereitung Bleib Fresh Kr\u00e4utertee \ud83e\udd44 1-2 Teel\u00f6ffel Kr\u00e4utermischung pro Liter (14g\/Liter) \ud83c\udf21\ufe0f 100 \u00b0C (Kochendes Wasser) \u23f3 5 Minuten","rel":"","context":"Similar post","block_context":{"text":"Similar post","link":""},"img":{"alt_text":"Loser Koriander Teemischung","src":"https:\/\/i0.wp.com\/teasense.ch\/wp-content\/uploads\/2023\/10\/kraeuterteemischung-bleib-fresh-plain.jpg?resize=350%2C200&ssl=1","width":350,"height":200,"srcset":"https:\/\/i0.wp.com\/teasense.ch\/wp-content\/uploads\/2023\/10\/kraeuterteemischung-bleib-fresh-plain.jpg?resize=350%2C200&ssl=1 1x, https:\/\/i0.wp.com\/teasense.ch\/wp-content\/uploads\/2023\/10\/kraeuterteemischung-bleib-fresh-plain.jpg?resize=525%2C300&ssl=1 1.5x, https:\/\/i0.wp.com\/teasense.ch\/wp-content\/uploads\/2023\/10\/kraeuterteemischung-bleib-fresh-plain.jpg?resize=700%2C400&ssl=1 2x"},"classes":[]}],"jetpack_sharing_enabled":false,"jetpack_likes_enabled":false,"_links":{"self":[{"href":"https:\/\/teasense.ch\/en\/wp-json\/wp\/v2\/product\/36299","targetHints":{"allow":["GET"]}}],"collection":[{"href":"https:\/\/teasense.ch\/en\/wp-json\/wp\/v2\/product"}],"about":[{"href":"https:\/\/teasense.ch\/en\/wp-json\/wp\/v2\/types\/product"}],"replies":[{"embeddable":true,"href":"https:\/\/teasense.ch\/en\/wp-json\/wp\/v2\/comments?post=36299"}],"wp:featuredmedia":[{"embeddable":true,"href":"https:\/\/teasense.ch\/en\/wp-json\/wp\/v2\/media\/36310"}],"wp:attachment":[{"href":"https:\/\/teasense.ch\/en\/wp-json\/wp\/v2\/media?parent=36299"}],"wp:term":[{"taxonomy":"product_brand","embeddable":true,"href":"https:\/\/teasense.ch\/en\/wp-json\/wp\/v2\/product_brand?post=36299"},{"taxonomy":"product_cat","embeddable":true,"href":"https:\/\/teasense.ch\/en\/wp-json\/wp\/v2\/product_cat?post=36299"},{"taxonomy":"product_tag","embeddable":true,"href":"https:\/\/teasense.ch\/en\/wp-json\/wp\/v2\/product_tag?post=36299"}],"curies":[{"name":"wp","href":"https:\/\/api.w.org\/{rel}","templated":true}]}}