{"id":36357,"date":"2023-08-29T17:02:13","date_gmt":"2023-08-29T15:02:13","guid":{"rendered":"https:\/\/teasense.ch\/?post_type=product&#038;p=36357"},"modified":"2025-10-01T09:52:58","modified_gmt":"2025-10-01T07:52:58","slug":"earl-grey-blue-royal","status":"publish","type":"product","link":"https:\/\/teasense.ch\/en\/product\/earl-grey-blue-royal\/","title":{"rendered":"Earl Grey Blue Royal"},"content":{"rendered":"<p>Mit der Teemischung Earl Grey Blue Royal nehmen wir dich mit auf eine Reise durch die Geschichte des aromatischen Schwarztees in hoher Qualit\u00e4t. Er ist eine besonders feine Wahl f\u00fcr alle Teeliebhaberinnen und Teeliebhaber, die Wert auf exklusive Aromen legen.<\/p>\n<p>Die fruchtige Note von Bergamotte und hochwertigem Bergamott\u00f6l entfaltet sich gleichermassen am Morgen wie am Nachmittag. Er enth\u00e4lt nat\u00fcrliches Koffein, was viele Teetrinkerinnen und Teetrinker sch\u00e4tzen, um durch den Tag zu kommen. Seine Vielseitigkeit macht ihn zu einem stilvollen Begleiter f\u00fcr Genussmomente oder eine genussvolle Pause.<\/p>\n<p>Diese ausgewogene Mischung aus erlesenen Schwarzteebl\u00e4ttern und Bergamotte verleiht dem Tee eine unverwechselbare Eleganz, die jeden Schluck zu einem besonderen Erlebnis werden l\u00e4sst. G\u00f6nn dir mit jedem Aufguss eine kleine geschmackliche Reise.<\/p>\n<h2>Zubereitung<\/h2>\n<p>Die Zubereitung dieses einzigartigen Tees ist unkompliziert: Eine Wassertemperatur von 100 \u00b0C und eine Ziehzeit von 3-5 Minuten erm\u00f6glichen das vollst\u00e4ndige entfalten der Aromen. Verwende etwa 2,5 g Tee pro 200 ml Wasser, um das volle Geschmackserlebnis zu erreichen.<\/p>\n<p>100 \u00b0C, Ziehzeit 3-5 Minuten, 2.5 g \/ 200 ml<\/p>\n<h2>Zutaten Earl Grey Blue Royal<\/h2>\n<p>Eine erlesene Schwarzteemischung erg\u00e4nzt durch Bergamotte und Kornblumenbl\u00fcten, bietet eine geschmackliche Reise durch verschiedenste Aromen, die die Sinne beleben. Tauche ein in die Welt des Earl Grey Blue Royal und erlebe den unvergleichlichen Genuss einer traditionellen Teekreation.<\/p>\n<h3>Zutatenliste<\/h3>\n<p>Schwarzteemischung (China), Schwarzer Tee Assam (Indien), Schwarzer Tee Darjeeling (Indien), Bergamott\u00f6l, Bergamottenschalen, Kornblumenbl\u00fcten<\/p>\n","protected":false},"excerpt":{"rendered":"<p>Nat\u00fcrlich aromatisierter Schwarztee<\/p>\n<h3>Zubereitung Earl Grey Blue Royal<\/h3>\n<p>\ud83e\udd44 2,5 g auf 200 ml Wasser<br \/>\n\ud83c\udf21\ufe0f 100 \u00b0C<br \/>\n\u23f3 3-5 Minuten<\/p>\n","protected":false},"featured_media":36368,"comment_status":"closed","ping_status":"closed","template":"","meta":{"_et_pb_use_builder":"","_et_pb_old_content":"","_et_gb_content_width":""},"product_brand":[],"product_cat":[74,19,148],"product_tag":[],"class_list":{"0":"post-36357","1":"product","2":"type-product","3":"status-publish","4":"has-post-thumbnail","6":"product_cat-alle-produkte","7":"product_cat-tee","8":"product_cat-schwarztee","9":"pa_herkunft-deutschland","10":"pa_weight-100-g","11":"pa_weight-200-g","12":"pa_weight-400-g","13":"pa_weight-50-g","15":"first","16":"instock","17":"shipping-taxable","18":"purchasable","19":"product-type-variable","20":"has-default-attributes","21":"add-to-wishlist-before_image"},"yoast_head":"<!-- This site is optimized with the Yoast SEO plugin v27.4 - https:\/\/yoast.com\/product\/yoast-seo-wordpress\/ -->\n<title>Earl Grey Blue Royal - TeaSense.ch - Tee Shop Schweiz<\/title>\n<meta name=\"description\" content=\"Der Earl Grey Blue Royal hat eine fruchtige Note von Bergamotten und stammt aus hochwertigem Bergamott\u00f6l. Er ist die perfekte Wahl f\u00fcr alle Teeliebhaber.\" \/>\n<meta name=\"robots\" content=\"index, follow, max-snippet:-1, max-image-preview:large, max-video-preview:-1\" \/>\n<link rel=\"canonical\" href=\"https:\/\/teasense.ch\/en\/product\/earl-grey-blue-royal\/\" \/>\n<meta property=\"og:locale\" content=\"en_US\" \/>\n<meta property=\"og:type\" content=\"article\" \/>\n<meta property=\"og:title\" content=\"Earl Grey Blue Royal - TeaSense.ch - Tee Shop Schweiz\" \/>\n<meta property=\"og:description\" content=\"Der Earl Grey Blue Royal hat eine fruchtige Note von Bergamotten und stammt aus hochwertigem Bergamott\u00f6l. Er ist die perfekte Wahl f\u00fcr alle Teeliebhaber.\" \/>\n<meta property=\"og:url\" content=\"https:\/\/teasense.ch\/en\/product\/earl-grey-blue-royal\/\" \/>\n<meta property=\"og:site_name\" content=\"TeaSense.ch - Tee Shop Schweiz\" \/>\n<meta property=\"article:publisher\" content=\"https:\/\/www.facebook.com\/teasense.ch\" \/>\n<meta property=\"article:modified_time\" content=\"2025-10-01T07:52:58+00:00\" \/>\n<meta property=\"og:image\" content=\"https:\/\/teasense.ch\/wp-content\/uploads\/2023\/08\/earl-grey-blue-royal-plain.jpg\" \/>\n\t<meta property=\"og:image:width\" content=\"800\" \/>\n\t<meta property=\"og:image:height\" content=\"800\" \/>\n\t<meta property=\"og:image:type\" content=\"image\/jpeg\" \/>\n<meta name=\"twitter:card\" content=\"summary_large_image\" \/>\n<meta name=\"twitter:label1\" content=\"Est. reading time\" \/>\n\t<meta name=\"twitter:data1\" content=\"2 minutes\" \/>\n<!-- \/ Yoast SEO plugin. -->","yoast_head_json":{"title":"Earl Grey Blue Royal - TeaSense.ch - Tee Shop Schweiz","description":"Der Earl Grey Blue Royal hat eine fruchtige Note von Bergamotten und stammt aus hochwertigem Bergamott\u00f6l. Er ist die perfekte Wahl f\u00fcr alle Teeliebhaber.","robots":{"index":"index","follow":"follow","max-snippet":"max-snippet:-1","max-image-preview":"max-image-preview:large","max-video-preview":"max-video-preview:-1"},"canonical":"https:\/\/teasense.ch\/en\/product\/earl-grey-blue-royal\/","og_locale":"en_US","og_type":"article","og_title":"Earl Grey Blue Royal - TeaSense.ch - Tee Shop Schweiz","og_description":"Der Earl Grey Blue Royal hat eine fruchtige Note von Bergamotten und stammt aus hochwertigem Bergamott\u00f6l. Er ist die perfekte Wahl f\u00fcr alle Teeliebhaber.","og_url":"https:\/\/teasense.ch\/en\/product\/earl-grey-blue-royal\/","og_site_name":"TeaSense.ch - Tee Shop Schweiz","article_publisher":"https:\/\/www.facebook.com\/teasense.ch","article_modified_time":"2025-10-01T07:52:58+00:00","og_image":[{"width":800,"height":800,"url":"https:\/\/teasense.ch\/wp-content\/uploads\/2023\/08\/earl-grey-blue-royal-plain.jpg","type":"image\/jpeg"}],"twitter_card":"summary_large_image","twitter_misc":{"Est. reading time":"2 minutes"},"schema":{"@context":"https:\/\/schema.org","@graph":[{"@type":"WebPage","@id":"https:\/\/teasense.ch\/en\/product\/earl-grey-blue-royal\/","url":"https:\/\/teasense.ch\/en\/product\/earl-grey-blue-royal\/","name":"Earl Grey Blue Royal - TeaSense.ch - Tee Shop Schweiz","isPartOf":{"@id":"https:\/\/teasense.ch\/en\/#website"},"primaryImageOfPage":{"@id":"https:\/\/teasense.ch\/en\/product\/earl-grey-blue-royal\/#primaryimage"},"image":{"@id":"https:\/\/teasense.ch\/en\/product\/earl-grey-blue-royal\/#primaryimage"},"thumbnailUrl":"https:\/\/teasense.ch\/wp-content\/uploads\/2023\/08\/earl-grey-blue-royal-plain.jpg","datePublished":"2023-08-29T15:02:13+00:00","dateModified":"2025-10-01T07:52:58+00:00","description":"Der Earl Grey Blue Royal hat eine fruchtige Note von Bergamotten und stammt aus hochwertigem Bergamott\u00f6l. Er ist die perfekte Wahl f\u00fcr alle Teeliebhaber.","breadcrumb":{"@id":"https:\/\/teasense.ch\/en\/product\/earl-grey-blue-royal\/#breadcrumb"},"inLanguage":"en-CH","potentialAction":[{"@type":"ReadAction","target":["https:\/\/teasense.ch\/en\/product\/earl-grey-blue-royal\/"]}]},{"@type":"ImageObject","inLanguage":"en-CH","@id":"https:\/\/teasense.ch\/en\/product\/earl-grey-blue-royal\/#primaryimage","url":"https:\/\/teasense.ch\/wp-content\/uploads\/2023\/08\/earl-grey-blue-royal-plain.jpg","contentUrl":"https:\/\/teasense.ch\/wp-content\/uploads\/2023\/08\/earl-grey-blue-royal-plain.jpg","width":800,"height":800,"caption":"Lose Schwarzteemischung"},{"@type":"BreadcrumbList","@id":"https:\/\/teasense.ch\/en\/product\/earl-grey-blue-royal\/#breadcrumb","itemListElement":[{"@type":"ListItem","position":1,"name":"Startseite","item":"https:\/\/teasense.ch\/en\/startseite\/"},{"@type":"ListItem","position":2,"name":"Online Tea ShopTee Onlineshop","item":"https:\/\/teasense.ch\/en\/shop\/"},{"@type":"ListItem","position":3,"name":"Earl Grey Blue Royal"}]},{"@type":"WebSite","@id":"https:\/\/teasense.ch\/en\/#website","url":"https:\/\/teasense.ch\/en\/","name":"TeaSense.ch","description":"Nat\u00fcrliche Teemischungen und klassischer Tee","publisher":{"@id":"https:\/\/teasense.ch\/en\/#organization"},"alternateName":"TeaSense","potentialAction":[{"@type":"SearchAction","target":{"@type":"EntryPoint","urlTemplate":"https:\/\/teasense.ch\/en\/?s={search_term_string}"},"query-input":{"@type":"PropertyValueSpecification","valueRequired":true,"valueName":"search_term_string"}}],"inLanguage":"en-CH"},{"@type":"Organization","@id":"https:\/\/teasense.ch\/en\/#organization","name":"Reale Selection","alternateName":"TeaSense.ch","url":"https:\/\/teasense.ch\/en\/","logo":{"@type":"ImageObject","inLanguage":"en-CH","@id":"https:\/\/teasense.ch\/en\/#\/schema\/logo\/image\/","url":"https:\/\/teasense.ch\/wp-content\/uploads\/2023\/07\/cropped-logo-teasense-kategorie-onlineshop-alle-produkte.jpg","contentUrl":"https:\/\/teasense.ch\/wp-content\/uploads\/2023\/07\/cropped-logo-teasense-kategorie-onlineshop-alle-produkte.jpg","width":512,"height":512,"caption":"Reale Selection"},"image":{"@id":"https:\/\/teasense.ch\/en\/#\/schema\/logo\/image\/"},"sameAs":["https:\/\/www.facebook.com\/teasense.ch"]}]}},"jetpack-related-posts":[{"id":47261,"url":"https:\/\/teasense.ch\/en\/product\/earl-grey-darjeeling\/","url_meta":{"origin":36357,"position":0},"title":"Earl Grey Darjeeling","author":"Reale Selection","date":"12. October 2025","format":false,"excerpt":"Zubereitung Earl Grey Darjeeling \ud83e\udd44 1 Teel\u00f6ffel auf 200 ml Wasser\ud83c\udf21\ufe0f 100 \u00b0C\u23f3 3 Minuten ziehen lassen","rel":"","context":"Similar post","block_context":{"text":"Similar post","link":""},"img":{"alt_text":"Earl Grey Darjeeling \u2013 klassischer Schwarztee mit feinem Bergamotte-Duft","src":"https:\/\/i0.wp.com\/teasense.ch\/wp-content\/uploads\/2025\/10\/produktfoto-5.png?resize=350%2C200&ssl=1","width":350,"height":200,"srcset":"https:\/\/i0.wp.com\/teasense.ch\/wp-content\/uploads\/2025\/10\/produktfoto-5.png?resize=350%2C200&ssl=1 1x, https:\/\/i0.wp.com\/teasense.ch\/wp-content\/uploads\/2025\/10\/produktfoto-5.png?resize=525%2C300&ssl=1 1.5x, https:\/\/i0.wp.com\/teasense.ch\/wp-content\/uploads\/2025\/10\/produktfoto-5.png?resize=700%2C400&ssl=1 2x"},"classes":[]},{"id":44196,"url":"https:\/\/teasense.ch\/en\/product\/earl-grey-mit-jasminblueten\/","url_meta":{"origin":36357,"position":1},"title":"Earl Grey mit Jasminbl\u00fcten","author":"Reale Selection","date":"25. February 2025","format":false,"excerpt":"Zubereitung Earl Grey mit Jasminbl\u00fcten \ud83e\udd44 2,5 g auf 200 ml Wasser \ud83c\udf21\ufe0f 90 - 95 \u00b0C \u23f3 3 - 5 Minuten ziehen lassen Tipp\ud83d\udca1 F\u00fcr einen milderen Geschmack kannst du die Ziehzeit etwas verk\u00fcrzen.","rel":"","context":"Similar post","block_context":{"text":"Similar post","link":""},"img":{"alt_text":"Earl Grey mit Jasminbl\u00fcten \u2013 Aromatisierter Schwarztee mit feiner Blumennote","src":"https:\/\/i0.wp.com\/teasense.ch\/wp-content\/uploads\/2025\/02\/Earl-Grey-mit-Jasminblueten.png?resize=350%2C200&ssl=1","width":350,"height":200,"srcset":"https:\/\/i0.wp.com\/teasense.ch\/wp-content\/uploads\/2025\/02\/Earl-Grey-mit-Jasminblueten.png?resize=350%2C200&ssl=1 1x, https:\/\/i0.wp.com\/teasense.ch\/wp-content\/uploads\/2025\/02\/Earl-Grey-mit-Jasminblueten.png?resize=525%2C300&ssl=1 1.5x, https:\/\/i0.wp.com\/teasense.ch\/wp-content\/uploads\/2025\/02\/Earl-Grey-mit-Jasminblueten.png?resize=700%2C400&ssl=1 2x"},"classes":[]},{"id":30116,"url":"https:\/\/teasense.ch\/en\/product\/tee-am-stiel\/","url_meta":{"origin":36357,"position":2},"title":"Tee am Stiel Classic","author":"Reale Selection","date":"30. May 2023","format":false,"excerpt":"Tea on a stick 3 verschiedene Geschmacksrichtungen (6x Tee Stiele pro Dose) Diese Kollektionen werden mit ihrem farbenfrohen Aussehen, intensivem Aroma und Geschmack den modernen Teetrinker einfach begeistern.","rel":"","context":"Similar post","block_context":{"text":"Similar post","link":""},"img":{"alt_text":"Classic Tee am Stiel Verpackung Vorder- und Hinterseite","src":"https:\/\/i0.wp.com\/teasense.ch\/wp-content\/uploads\/2023\/07\/sale.jpg?resize=350%2C200&ssl=1","width":350,"height":200,"srcset":"https:\/\/i0.wp.com\/teasense.ch\/wp-content\/uploads\/2023\/07\/sale.jpg?resize=350%2C200&ssl=1 1x, https:\/\/i0.wp.com\/teasense.ch\/wp-content\/uploads\/2023\/07\/sale.jpg?resize=525%2C300&ssl=1 1.5x, https:\/\/i0.wp.com\/teasense.ch\/wp-content\/uploads\/2023\/07\/sale.jpg?resize=700%2C400&ssl=1 2x"},"classes":[]},{"id":33409,"url":"https:\/\/teasense.ch\/en\/product\/ceylon\/","url_meta":{"origin":36357,"position":3},"title":"Ceylon","author":"Reale Selection","date":"6. July 2023","format":false,"excerpt":"Zubereitung Ceylon Schwarztee aus Sri Lanka \ud83e\udd44 1 Teel\u00f6ffel (ca. 2 g) pro Tasse\ud83c\udf21\ufe0f 100 \u00b0C\u23f3 2 - 3 Minuten","rel":"","context":"Similar post","block_context":{"text":"Similar post","link":""},"img":{"alt_text":"Ceylon Tee","src":"https:\/\/i0.wp.com\/teasense.ch\/wp-content\/uploads\/2023\/07\/ceylon-tee-von-der-insel-sri-lanka-plain.jpg?resize=350%2C200&ssl=1","width":350,"height":200,"srcset":"https:\/\/i0.wp.com\/teasense.ch\/wp-content\/uploads\/2023\/07\/ceylon-tee-von-der-insel-sri-lanka-plain.jpg?resize=350%2C200&ssl=1 1x, https:\/\/i0.wp.com\/teasense.ch\/wp-content\/uploads\/2023\/07\/ceylon-tee-von-der-insel-sri-lanka-plain.jpg?resize=525%2C300&ssl=1 1.5x, https:\/\/i0.wp.com\/teasense.ch\/wp-content\/uploads\/2023\/07\/ceylon-tee-von-der-insel-sri-lanka-plain.jpg?resize=700%2C400&ssl=1 2x"},"classes":[]},{"id":33422,"url":"https:\/\/teasense.ch\/en\/product\/griechischer-bergtee-olympus\/","url_meta":{"origin":36357,"position":4},"title":"Griechischer Bergtee Olympus","author":"Reale Selection","date":"6. July 2023","format":false,"excerpt":"Zubereitung Griechischer Bergtee Olympus \ud83e\udd44 1-2 geh\u00e4ufter Teel\u00f6ffel (14g\/Liter) \ud83c\udf21\ufe0f 100\u00b0 \u23f3 5 Minuten","rel":"","context":"Similar post","block_context":{"text":"Similar post","link":""},"img":{"alt_text":"Teemischung Olympus Bergtee Griechenland","src":"https:\/\/i0.wp.com\/teasense.ch\/wp-content\/uploads\/2023\/07\/olympus-tee.jpg?resize=350%2C200&ssl=1","width":350,"height":200,"srcset":"https:\/\/i0.wp.com\/teasense.ch\/wp-content\/uploads\/2023\/07\/olympus-tee.jpg?resize=350%2C200&ssl=1 1x, https:\/\/i0.wp.com\/teasense.ch\/wp-content\/uploads\/2023\/07\/olympus-tee.jpg?resize=525%2C300&ssl=1 1.5x, https:\/\/i0.wp.com\/teasense.ch\/wp-content\/uploads\/2023\/07\/olympus-tee.jpg?resize=700%2C400&ssl=1 2x"},"classes":[]},{"id":43234,"url":"https:\/\/teasense.ch\/en\/product\/chai-tea-pur\/","url_meta":{"origin":36357,"position":5},"title":"Chai Tea Pur","author":"Reale Selection","date":"23. October 2024","format":false,"excerpt":"Gew\u00fcrzteemischung mit klassischen Chai-Zutaten Zubereitung Chai Tea Pur (ohne Schwarztee) \ud83e\udd44 1 - 2 TL pro Tasse (250 ml)\ud83c\udf21\ufe0f 100\u00b0C (Kochendes Wasser)\u23f3 5 - 7 Minuten ziehen lassen","rel":"","context":"Similar post","block_context":{"text":"Similar post","link":""},"img":{"alt_text":"Chai Tea Pur weisser Hintergrund","src":"https:\/\/i0.wp.com\/teasense.ch\/wp-content\/uploads\/2024\/10\/chai-tea-pur-weisser-hintergrund.png?resize=350%2C200&ssl=1","width":350,"height":200,"srcset":"https:\/\/i0.wp.com\/teasense.ch\/wp-content\/uploads\/2024\/10\/chai-tea-pur-weisser-hintergrund.png?resize=350%2C200&ssl=1 1x, https:\/\/i0.wp.com\/teasense.ch\/wp-content\/uploads\/2024\/10\/chai-tea-pur-weisser-hintergrund.png?resize=525%2C300&ssl=1 1.5x, https:\/\/i0.wp.com\/teasense.ch\/wp-content\/uploads\/2024\/10\/chai-tea-pur-weisser-hintergrund.png?resize=700%2C400&ssl=1 2x"},"classes":[]}],"jetpack_sharing_enabled":false,"jetpack_likes_enabled":false,"_links":{"self":[{"href":"https:\/\/teasense.ch\/en\/wp-json\/wp\/v2\/product\/36357","targetHints":{"allow":["GET"]}}],"collection":[{"href":"https:\/\/teasense.ch\/en\/wp-json\/wp\/v2\/product"}],"about":[{"href":"https:\/\/teasense.ch\/en\/wp-json\/wp\/v2\/types\/product"}],"replies":[{"embeddable":true,"href":"https:\/\/teasense.ch\/en\/wp-json\/wp\/v2\/comments?post=36357"}],"wp:featuredmedia":[{"embeddable":true,"href":"https:\/\/teasense.ch\/en\/wp-json\/wp\/v2\/media\/36368"}],"wp:attachment":[{"href":"https:\/\/teasense.ch\/en\/wp-json\/wp\/v2\/media?parent=36357"}],"wp:term":[{"taxonomy":"product_brand","embeddable":true,"href":"https:\/\/teasense.ch\/en\/wp-json\/wp\/v2\/product_brand?post=36357"},{"taxonomy":"product_cat","embeddable":true,"href":"https:\/\/teasense.ch\/en\/wp-json\/wp\/v2\/product_cat?post=36357"},{"taxonomy":"product_tag","embeddable":true,"href":"https:\/\/teasense.ch\/en\/wp-json\/wp\/v2\/product_tag?post=36357"}],"curies":[{"name":"wp","href":"https:\/\/api.w.org\/{rel}","templated":true}]}}