{"id":36397,"date":"2023-08-30T10:32:37","date_gmt":"2023-08-30T08:32:37","guid":{"rendered":"https:\/\/teasense.ch\/?post_type=product&#038;p=36397"},"modified":"2026-03-01T19:43:28","modified_gmt":"2026-03-01T18:43:28","slug":"cold-brew-pfirsich","status":"publish","type":"product","link":"https:\/\/teasense.ch\/en\/product\/cold-brew-pfirsich\/","title":{"rendered":"Cold Brew Pfirsich"},"content":{"rendered":"<p>Unser Cold Brew Pfirsich Tee ist ein echtes Geschmackserlebnis, das dich begeistern wird. Er ist mit seiner erfrischenden Note und dem fruchtigen Pfirsichgeschmack ideal f\u00fcr warme Sommertage.<br \/>\nIn Indien wird die schwarze Teesorte angebaut, um eine spezielle Mischung zu erzielen. Der Tee besteht nur aus den besten Zutaten. Die feine Balance zwischen erfrischender Note und dem fruchtigen Pfirsichgeschmack macht ihn zu einem begehrten Begleiter f\u00fcr deine t\u00e4glichen Momente der Entspannung.<\/p>\n<h2>Einfache Zubereitung f\u00fcr vollen Genuss<\/h2>\n<p>F\u00fcr die Zubereitung dieses Cold Brew Tees verwendest du kaltes Wasser mit einer Temperatur von etwa 20 \u00b0C. Der Tee ben\u00f6tigt eine Ziehzeit von 9 bis 11 Minuten. Dabei sorgt leichtes Schwenken der Flasche oder des Teebeutels f\u00fcr eine gleichm\u00e4ssige Entfaltung der Aromen.<\/p>\n<p>Du kannst den Teebeutel ganz einfach in einer Flasche mit kaltem Wasser ziehen lassen und das volle Aroma entfalten lassen. Ein leichtes Schwenken des Beutels oder der Flasche sorgt daf\u00fcr, dass sich der Geschmack gleichm\u00e4ssig entfaltet. Der Teebeutel kann dabei in der Flasche verbleiben, um einen kontinuierlichen Genuss \u00fcber etwa 4 Stunden zu gew\u00e4hrleisten.<\/p>\n<h3>Zutaten Cold Brew Pfirsich<\/h3>\n<p>Unsere einzigartige Mischung umfasst Schwarztee Assam aus Indien, begleitet von Hibiskusbl\u00fcten, einem Hauch von nat\u00fcrlichem Pfirsicharoma, Orangenschalen, Pfirsichst\u00fccke (3,1%) und Orangen\u00f6l. Diese Auswahl hochwertiger Zutaten verleiht dem Tee eine faszinierende Tiefe und einen erfrischenden Pfirsichgeschmack, der deine Sinne verzaubern wird.<\/p>\n","protected":false},"excerpt":{"rendered":"<p>Erfrischender Pfirsichgeschmack &#8211; Ideal f\u00fcr unterwegs<\/p>\n<p><strong>Zubereitung Cold Brew Pfirsich<\/strong><br \/>\n\ud83e\udd44 2,5 g Tee auf 200 ml Wasser (12 &#8211; 15 g\/Liter)<br \/>\n\ud83c\udf21\ufe0f 20 \u00b0C<br \/>\n\u23f3 9-11 Minuten<\/p>\n","protected":false},"featured_media":47508,"comment_status":"open","ping_status":"closed","template":"","meta":{"_et_pb_use_builder":"","_et_pb_old_content":"","_et_gb_content_width":""},"product_brand":[],"product_cat":[74,58,19,148],"product_tag":[],"class_list":{"0":"post-36397","1":"product","2":"type-product","3":"status-publish","4":"has-post-thumbnail","6":"product_cat-alle-produkte","7":"product_cat-cold-brew-tea","8":"product_cat-tee","9":"product_cat-schwarztee","10":"pa_herkunft-deutschland","11":"pa_weight-100-g","12":"pa_weight-200-g","13":"pa_weight-400-g","14":"pa_weight-50-g","16":"first","17":"instock","18":"shipping-taxable","19":"purchasable","20":"product-type-variable","21":"has-default-attributes","22":"add-to-wishlist-before_image"},"yoast_head":"<!-- This site is optimized with the Yoast SEO plugin v27.4 - https:\/\/yoast.com\/product\/yoast-seo-wordpress\/ -->\n<title>Cold Brew Pfirsich - TeaSense.ch - Tee Shop Schweiz<\/title>\n<meta name=\"description\" content=\"Unser Cold Brew Pfirsich Tee ist ein echtes Geschmackserlebnis, das dich begeistern wird. Ganz einfach zubereitet und mit fruchtigen Pfirsichgeschmack. \ud83c\udf51\" \/>\n<meta name=\"robots\" content=\"index, follow, max-snippet:-1, max-image-preview:large, max-video-preview:-1\" \/>\n<link rel=\"canonical\" href=\"https:\/\/teasense.ch\/en\/product\/cold-brew-pfirsich\/\" \/>\n<meta property=\"og:locale\" content=\"en_US\" \/>\n<meta property=\"og:type\" content=\"article\" \/>\n<meta property=\"og:title\" content=\"Cold Brew Pfirsich - TeaSense.ch - Tee Shop Schweiz\" \/>\n<meta property=\"og:description\" content=\"Unser Cold Brew Pfirsich Tee ist ein echtes Geschmackserlebnis, das dich begeistern wird. Ganz einfach zubereitet und mit fruchtigen Pfirsichgeschmack. \ud83c\udf51\" \/>\n<meta property=\"og:url\" content=\"https:\/\/teasense.ch\/en\/product\/cold-brew-pfirsich\/\" \/>\n<meta property=\"og:site_name\" content=\"TeaSense.ch - Tee Shop Schweiz\" \/>\n<meta property=\"article:publisher\" content=\"https:\/\/www.facebook.com\/teasense.ch\" \/>\n<meta property=\"article:modified_time\" content=\"2026-03-01T18:43:28+00:00\" \/>\n<meta property=\"og:image\" content=\"https:\/\/teasense.ch\/wp-content\/uploads\/2023\/08\/cold-brew-pfirsich.png\" \/>\n\t<meta property=\"og:image:width\" content=\"800\" \/>\n\t<meta property=\"og:image:height\" content=\"800\" \/>\n\t<meta property=\"og:image:type\" content=\"image\/png\" \/>\n<meta name=\"twitter:card\" content=\"summary_large_image\" \/>\n<meta name=\"twitter:label1\" content=\"Est. reading time\" \/>\n\t<meta name=\"twitter:data1\" content=\"2 minutes\" \/>\n<!-- \/ Yoast SEO plugin. -->","yoast_head_json":{"title":"Cold Brew Pfirsich - TeaSense.ch - Tee Shop Schweiz","description":"Unser Cold Brew Pfirsich Tee ist ein echtes Geschmackserlebnis, das dich begeistern wird. Ganz einfach zubereitet und mit fruchtigen Pfirsichgeschmack. \ud83c\udf51","robots":{"index":"index","follow":"follow","max-snippet":"max-snippet:-1","max-image-preview":"max-image-preview:large","max-video-preview":"max-video-preview:-1"},"canonical":"https:\/\/teasense.ch\/en\/product\/cold-brew-pfirsich\/","og_locale":"en_US","og_type":"article","og_title":"Cold Brew Pfirsich - TeaSense.ch - Tee Shop Schweiz","og_description":"Unser Cold Brew Pfirsich Tee ist ein echtes Geschmackserlebnis, das dich begeistern wird. Ganz einfach zubereitet und mit fruchtigen Pfirsichgeschmack. \ud83c\udf51","og_url":"https:\/\/teasense.ch\/en\/product\/cold-brew-pfirsich\/","og_site_name":"TeaSense.ch - Tee Shop Schweiz","article_publisher":"https:\/\/www.facebook.com\/teasense.ch","article_modified_time":"2026-03-01T18:43:28+00:00","og_image":[{"width":800,"height":800,"url":"https:\/\/teasense.ch\/wp-content\/uploads\/2023\/08\/cold-brew-pfirsich.png","type":"image\/png"}],"twitter_card":"summary_large_image","twitter_misc":{"Est. reading time":"2 minutes"},"schema":{"@context":"https:\/\/schema.org","@graph":[{"@type":"WebPage","@id":"https:\/\/teasense.ch\/en\/product\/cold-brew-pfirsich\/","url":"https:\/\/teasense.ch\/en\/product\/cold-brew-pfirsich\/","name":"Cold Brew Pfirsich - TeaSense.ch - Tee Shop Schweiz","isPartOf":{"@id":"https:\/\/teasense.ch\/en\/#website"},"primaryImageOfPage":{"@id":"https:\/\/teasense.ch\/en\/product\/cold-brew-pfirsich\/#primaryimage"},"image":{"@id":"https:\/\/teasense.ch\/en\/product\/cold-brew-pfirsich\/#primaryimage"},"thumbnailUrl":"https:\/\/teasense.ch\/wp-content\/uploads\/2023\/08\/cold-brew-pfirsich.png","datePublished":"2023-08-30T08:32:37+00:00","dateModified":"2026-03-01T18:43:28+00:00","description":"Unser Cold Brew Pfirsich Tee ist ein echtes Geschmackserlebnis, das dich begeistern wird. Ganz einfach zubereitet und mit fruchtigen Pfirsichgeschmack. \ud83c\udf51","breadcrumb":{"@id":"https:\/\/teasense.ch\/en\/product\/cold-brew-pfirsich\/#breadcrumb"},"inLanguage":"en-CH","potentialAction":[{"@type":"ReadAction","target":["https:\/\/teasense.ch\/en\/product\/cold-brew-pfirsich\/"]}]},{"@type":"ImageObject","inLanguage":"en-CH","@id":"https:\/\/teasense.ch\/en\/product\/cold-brew-pfirsich\/#primaryimage","url":"https:\/\/teasense.ch\/wp-content\/uploads\/2023\/08\/cold-brew-pfirsich.png","contentUrl":"https:\/\/teasense.ch\/wp-content\/uploads\/2023\/08\/cold-brew-pfirsich.png","width":800,"height":800,"caption":"Cold Brew Pfirsich Kalt Tee Aufgiessen Teemischung"},{"@type":"BreadcrumbList","@id":"https:\/\/teasense.ch\/en\/product\/cold-brew-pfirsich\/#breadcrumb","itemListElement":[{"@type":"ListItem","position":1,"name":"Startseite","item":"https:\/\/teasense.ch\/en\/startseite\/"},{"@type":"ListItem","position":2,"name":"Online Tea ShopTee Onlineshop","item":"https:\/\/teasense.ch\/en\/shop\/"},{"@type":"ListItem","position":3,"name":"Cold Brew Pfirsich"}]},{"@type":"WebSite","@id":"https:\/\/teasense.ch\/en\/#website","url":"https:\/\/teasense.ch\/en\/","name":"TeaSense.ch","description":"Nat\u00fcrliche Teemischungen und klassischer Tee","publisher":{"@id":"https:\/\/teasense.ch\/en\/#organization"},"alternateName":"TeaSense","potentialAction":[{"@type":"SearchAction","target":{"@type":"EntryPoint","urlTemplate":"https:\/\/teasense.ch\/en\/?s={search_term_string}"},"query-input":{"@type":"PropertyValueSpecification","valueRequired":true,"valueName":"search_term_string"}}],"inLanguage":"en-CH"},{"@type":"Organization","@id":"https:\/\/teasense.ch\/en\/#organization","name":"Reale Selection","alternateName":"TeaSense.ch","url":"https:\/\/teasense.ch\/en\/","logo":{"@type":"ImageObject","inLanguage":"en-CH","@id":"https:\/\/teasense.ch\/en\/#\/schema\/logo\/image\/","url":"https:\/\/teasense.ch\/wp-content\/uploads\/2023\/07\/cropped-logo-teasense-kategorie-onlineshop-alle-produkte.jpg","contentUrl":"https:\/\/teasense.ch\/wp-content\/uploads\/2023\/07\/cropped-logo-teasense-kategorie-onlineshop-alle-produkte.jpg","width":512,"height":512,"caption":"Reale Selection"},"image":{"@id":"https:\/\/teasense.ch\/en\/#\/schema\/logo\/image\/"},"sameAs":["https:\/\/www.facebook.com\/teasense.ch"]}]}},"jetpack-related-posts":[{"id":36386,"url":"https:\/\/teasense.ch\/en\/product\/cold-brew-rooibos\/","url_meta":{"origin":36397,"position":0},"title":"Cold Brew Rooibos","author":"Reale Selection","date":"30. August 2023","format":false,"excerpt":"Koffeinfrei Zubereitung: \ud83e\udd44 Menge: 2,5 g Tee auf 200 ml Wasser \ud83c\udf21\ufe0f Temperatur: 20 \u00b0C (kaltes Wasser verwenden) \u23f3 Ziehzeit: 9-11 Minuten","rel":"","context":"Similar post","block_context":{"text":"Similar post","link":""},"img":{"alt_text":"Rooibos Teemischung Lose","src":"https:\/\/i0.wp.com\/teasense.ch\/wp-content\/uploads\/2023\/08\/cold-brew-rooibos-plain.jpg?resize=350%2C200&ssl=1","width":350,"height":200,"srcset":"https:\/\/i0.wp.com\/teasense.ch\/wp-content\/uploads\/2023\/08\/cold-brew-rooibos-plain.jpg?resize=350%2C200&ssl=1 1x, https:\/\/i0.wp.com\/teasense.ch\/wp-content\/uploads\/2023\/08\/cold-brew-rooibos-plain.jpg?resize=525%2C300&ssl=1 1.5x, https:\/\/i0.wp.com\/teasense.ch\/wp-content\/uploads\/2023\/08\/cold-brew-rooibos-plain.jpg?resize=700%2C400&ssl=1 2x"},"classes":[]},{"id":33267,"url":"https:\/\/teasense.ch\/en\/product\/cold-brew-kaktusfeige\/","url_meta":{"origin":36397,"position":1},"title":"Cold Brew Kaktusfeige","author":"Reale Selection","date":"5. July 2023","format":false,"excerpt":"Gr\u00fcner Tee, nat\u00fcrlich","rel":"","context":"Similar post","block_context":{"text":"Similar post","link":""},"img":{"alt_text":"Kaktusfeige Cold Brew Tee Verpackung","src":"https:\/\/i0.wp.com\/teasense.ch\/wp-content\/uploads\/2023\/07\/cold-brew-kaktusfeige-bei-teasense-kaufen.jpg?resize=350%2C200&ssl=1","width":350,"height":200,"srcset":"https:\/\/i0.wp.com\/teasense.ch\/wp-content\/uploads\/2023\/07\/cold-brew-kaktusfeige-bei-teasense-kaufen.jpg?resize=350%2C200&ssl=1 1x, https:\/\/i0.wp.com\/teasense.ch\/wp-content\/uploads\/2023\/07\/cold-brew-kaktusfeige-bei-teasense-kaufen.jpg?resize=525%2C300&ssl=1 1.5x, https:\/\/i0.wp.com\/teasense.ch\/wp-content\/uploads\/2023\/07\/cold-brew-kaktusfeige-bei-teasense-kaufen.jpg?resize=700%2C400&ssl=1 2x"},"classes":[]},{"id":43246,"url":"https:\/\/teasense.ch\/en\/product\/fruchtzauber-fruechtetee\/","url_meta":{"origin":36397,"position":2},"title":"Fruchtzauber &#8211; Fr\u00fcchtetee","author":"Reale Selection","date":"23. October 2024","format":false,"excerpt":"Zubereitung \u2013 Fruchtzauber Fr\u00fcchtetee \ud83e\udd44 1 - 2 geh\u00e4ufte TL auf 200 ml Wasser \ud83c\udf21\ufe0f 100 \u00b0C \u23f3 5 - 7 Minuten ziehen lassen","rel":"","context":"Similar post","block_context":{"text":"Similar post","link":""},"img":{"alt_text":"Fruchtzauber Fr\u00fcchtetee lose Teemischung","src":"https:\/\/i0.wp.com\/teasense.ch\/wp-content\/uploads\/2024\/10\/Fruchtzauber-Fruechtetee.png?resize=350%2C200&ssl=1","width":350,"height":200,"srcset":"https:\/\/i0.wp.com\/teasense.ch\/wp-content\/uploads\/2024\/10\/Fruchtzauber-Fruechtetee.png?resize=350%2C200&ssl=1 1x, https:\/\/i0.wp.com\/teasense.ch\/wp-content\/uploads\/2024\/10\/Fruchtzauber-Fruechtetee.png?resize=525%2C300&ssl=1 1.5x, https:\/\/i0.wp.com\/teasense.ch\/wp-content\/uploads\/2024\/10\/Fruchtzauber-Fruechtetee.png?resize=700%2C400&ssl=1 2x, https:\/\/i0.wp.com\/teasense.ch\/wp-content\/uploads\/2024\/10\/Fruchtzauber-Fruechtetee.png?resize=1050%2C600&ssl=1 3x, https:\/\/i0.wp.com\/teasense.ch\/wp-content\/uploads\/2024\/10\/Fruchtzauber-Fruechtetee.png?resize=1400%2C800&ssl=1 4x"},"classes":[]},{"id":43304,"url":"https:\/\/teasense.ch\/en\/product\/blutorange\/","url_meta":{"origin":36397,"position":3},"title":"Fr\u00fcchtetee Blutorange","author":"Reale Selection","date":"26. October 2024","format":false,"excerpt":"Fruchtiger Tee mit Blutorange, perfekt f\u00fcr jede Tageszeit. Zubereitung Blutorange Tee \ud83e\udd44 1 \u2013 2 geh\u00e4ufte TL (ca. 2 g) auf 200 ml Wasser\ud83c\udf21\ufe0f 100 \u00b0C\u23f3 8 \u2013 10 Minuten ziehen lassen","rel":"","context":"Similar post","block_context":{"text":"Similar post","link":""},"img":{"alt_text":"Blutorange Teemischung","src":"https:\/\/i0.wp.com\/teasense.ch\/wp-content\/uploads\/2024\/10\/blutorange-tee.png?resize=350%2C200&ssl=1","width":350,"height":200,"srcset":"https:\/\/i0.wp.com\/teasense.ch\/wp-content\/uploads\/2024\/10\/blutorange-tee.png?resize=350%2C200&ssl=1 1x, https:\/\/i0.wp.com\/teasense.ch\/wp-content\/uploads\/2024\/10\/blutorange-tee.png?resize=525%2C300&ssl=1 1.5x, https:\/\/i0.wp.com\/teasense.ch\/wp-content\/uploads\/2024\/10\/blutorange-tee.png?resize=700%2C400&ssl=1 2x"},"classes":[]},{"id":33580,"url":"https:\/\/teasense.ch\/en\/product\/orangenschalen\/","url_meta":{"origin":36397,"position":4},"title":"Orangenschalen","author":"Reale Selection","date":"17. July 2023","format":false,"excerpt":"Orangenschalen getrocknet Tee-Zubereitung \ud83e\udd44 13-18 g auf 1 Liter Wasser \ud83c\udf21\ufe0f 100 \u00b0C \u23f3 5-10 Minuten","rel":"","context":"Similar post","block_context":{"text":"Similar post","link":""},"img":{"alt_text":"Orangenschalen","src":"https:\/\/i0.wp.com\/teasense.ch\/wp-content\/uploads\/2023\/07\/bio-orangenschalen-plain.jpg?resize=350%2C200&ssl=1","width":350,"height":200,"srcset":"https:\/\/i0.wp.com\/teasense.ch\/wp-content\/uploads\/2023\/07\/bio-orangenschalen-plain.jpg?resize=350%2C200&ssl=1 1x, https:\/\/i0.wp.com\/teasense.ch\/wp-content\/uploads\/2023\/07\/bio-orangenschalen-plain.jpg?resize=525%2C300&ssl=1 1.5x, https:\/\/i0.wp.com\/teasense.ch\/wp-content\/uploads\/2023\/07\/bio-orangenschalen-plain.jpg?resize=700%2C400&ssl=1 2x"},"classes":[]},{"id":34845,"url":"https:\/\/teasense.ch\/en\/product\/apfel-ingwer\/","url_meta":{"origin":36397,"position":5},"title":"Apfel-Ingwer","author":"Reale Selection","date":"8. August 2023","format":false,"excerpt":"Nat\u00fcrlich aromatisierte Apfel-Ingwer Fr\u00fcchteteemischung, gezuckert","rel":"","context":"Similar post","block_context":{"text":"Similar post","link":""},"img":{"alt_text":"Teemischung Apfel Ingwer","src":"https:\/\/i0.wp.com\/teasense.ch\/wp-content\/uploads\/2023\/08\/apfel-ingwer-plain.jpg?resize=350%2C200&ssl=1","width":350,"height":200,"srcset":"https:\/\/i0.wp.com\/teasense.ch\/wp-content\/uploads\/2023\/08\/apfel-ingwer-plain.jpg?resize=350%2C200&ssl=1 1x, https:\/\/i0.wp.com\/teasense.ch\/wp-content\/uploads\/2023\/08\/apfel-ingwer-plain.jpg?resize=525%2C300&ssl=1 1.5x, https:\/\/i0.wp.com\/teasense.ch\/wp-content\/uploads\/2023\/08\/apfel-ingwer-plain.jpg?resize=700%2C400&ssl=1 2x"},"classes":[]}],"jetpack_sharing_enabled":false,"jetpack_likes_enabled":false,"_links":{"self":[{"href":"https:\/\/teasense.ch\/en\/wp-json\/wp\/v2\/product\/36397","targetHints":{"allow":["GET"]}}],"collection":[{"href":"https:\/\/teasense.ch\/en\/wp-json\/wp\/v2\/product"}],"about":[{"href":"https:\/\/teasense.ch\/en\/wp-json\/wp\/v2\/types\/product"}],"replies":[{"embeddable":true,"href":"https:\/\/teasense.ch\/en\/wp-json\/wp\/v2\/comments?post=36397"}],"wp:featuredmedia":[{"embeddable":true,"href":"https:\/\/teasense.ch\/en\/wp-json\/wp\/v2\/media\/47508"}],"wp:attachment":[{"href":"https:\/\/teasense.ch\/en\/wp-json\/wp\/v2\/media?parent=36397"}],"wp:term":[{"taxonomy":"product_brand","embeddable":true,"href":"https:\/\/teasense.ch\/en\/wp-json\/wp\/v2\/product_brand?post=36397"},{"taxonomy":"product_cat","embeddable":true,"href":"https:\/\/teasense.ch\/en\/wp-json\/wp\/v2\/product_cat?post=36397"},{"taxonomy":"product_tag","embeddable":true,"href":"https:\/\/teasense.ch\/en\/wp-json\/wp\/v2\/product_tag?post=36397"}],"curies":[{"name":"wp","href":"https:\/\/api.w.org\/{rel}","templated":true}]}}