{"id":38003,"date":"2023-10-15T16:07:02","date_gmt":"2023-10-15T14:07:02","guid":{"rendered":"https:\/\/teasense.ch\/?post_type=product&#038;p=38003"},"modified":"2025-11-15T14:23:19","modified_gmt":"2025-11-15T13:23:19","slug":"nana-minze","status":"publish","type":"product","link":"https:\/\/teasense.ch\/en\/product\/nana-minze\/","title":{"rendered":"Nana Minze"},"content":{"rendered":"<h2>Marokkanische Minze<\/h2>\n<p>Nana-Minze, auch bekannt als Krauseminze oder Marokkanische Minze, ist eine erfrischende Art von Minze und ist in Nordafrika und dem Nahen Osten weit verbreitet und wird h\u00e4ufig f\u00fcr die Zubereitung von Tee verwendet. Sie ist bekannt f\u00fcr ihren intensiven Geschmack und das frische Aroma.<\/p>\n<p>Dank ihres angenehmen Dufts und ihrer leichten Sch\u00e4rfe ist Nana Minze eine beliebte Zutat in verschiedenen Teemischungen und Getr\u00e4nken.<\/p>\n<p>Unsere Nana Minze kommt aus Marokko. Diese Minze, zusammen mit gr\u00fcnen Tee und einer grossen Menge Zucker ist Teil des Nationalgetr\u00e4nks in Marokko.<\/p>\n<h2>Nana Minze Tee<\/h2>\n<p>Du wirst die einzigartige Note dieser Marokkanischen Minze lieben und sie in der Teezubereitung und in der K\u00fcche vielseitig einsetzen k\u00f6nnen.<\/p>\n<p>Passende Gew\u00fcrze f\u00fcr einen Teeaufguss k\u00f6nnen den Geschmack und das Aroma des Tees wunderbar erg\u00e4nzen und verfeinern. Hier sind einige Gew\u00fcrze, die du in Erw\u00e4gung ziehen kannst:<\/p>\n<ul>\n<li><a href=\"https:\/\/teasense.ch\/produkt\/kardamom\/\">Kardamom<\/a> verleiht dem Tee ein intensives, w\u00fcrziges Aroma mit einer leichten S\u00fcsse. Ein oder zwei Kardamomkapseln \u00f6ffnen und die Samen zusammen mit der Minze im Tee ziehen lassen.<\/li>\n<li>Ein paar <a href=\"https:\/\/teasense.ch\/produkt\/zimtstuecke\/\">Zimtst\u00fccke<\/a> k\u00f6nnen deinem Tee eine warme und w\u00fcrzige Note verleihen. Der zarte Geschmack des Zimts harmoniert gut mit dem erfrischenden Geschmack der Minze.<\/li>\n<li><a href=\"https:\/\/teasense.ch\/produkt\/ingwer\/\">Ingwer<\/a> bringt eine angenehme Sch\u00e4rfe und eine leicht zitronige Note in den Tee.<\/li>\n<\/ul>\n<p>Experimentiere mit verschiedenen Gew\u00fcrzkombinationen, um deinen Teeaufguss mit Nana Minze zu bereichern und neue Geschmackserlebnisse zu entdecken. Achte darauf, die Gew\u00fcrze nur in gewissem Umfang zu verwenden, um den subtilen Geschmack der Krauseminze nicht zu \u00fcberdecken.<\/p>\n","protected":false},"excerpt":{"rendered":"<p>Krauseminze geschnitten<\/p>\n<h4>Zubereitung Nana Minze Tee<\/h4>\n<p>\ud83e\udd44 4-5 TL pro Liter (oder 1-2 TL pro Tasse)<br \/>\n\ud83c\udf21\ufe0f 100\u00b0C<br \/>\n\u23f3 5 Minuten<\/p>\n","protected":false},"featured_media":47268,"comment_status":"closed","ping_status":"closed","template":"","meta":{"_et_pb_use_builder":"","_et_pb_old_content":"","_et_gb_content_width":""},"product_brand":[],"product_cat":[74,19,155],"product_tag":[],"class_list":{"0":"post-38003","1":"product","2":"type-product","3":"status-publish","4":"has-post-thumbnail","6":"product_cat-alle-produkte","7":"product_cat-tee","8":"product_cat-monokraeuter","9":"pa_herkunft-marokko","10":"pa_weight-100-g","11":"pa_weight-200-g","12":"pa_weight-400-g","13":"pa_weight-50-g","15":"first","16":"instock","17":"shipping-taxable","18":"purchasable","19":"product-type-variable","20":"has-default-attributes","21":"add-to-wishlist-before_image"},"yoast_head":"<!-- This site is optimized with the Yoast SEO plugin v27.4 - https:\/\/yoast.com\/product\/yoast-seo-wordpress\/ -->\n<title>Nana Minze - TeaSense.ch - Tee Shop Schweiz<\/title>\n<meta name=\"description\" content=\"Du kannst unsere Nana Minze verwenden, um deinem t\u00e4glichen Tee eine erfrischende Note zu verleihen. Die Marokkanischen Minzbl\u00e4tter sind geschnitten.\" \/>\n<meta name=\"robots\" content=\"index, follow, max-snippet:-1, max-image-preview:large, max-video-preview:-1\" \/>\n<link rel=\"canonical\" href=\"https:\/\/teasense.ch\/en\/product\/nana-minze\/\" \/>\n<meta property=\"og:locale\" content=\"en_US\" \/>\n<meta property=\"og:type\" content=\"article\" \/>\n<meta property=\"og:title\" content=\"Nana Minze - TeaSense.ch - Tee Shop Schweiz\" \/>\n<meta property=\"og:description\" content=\"Du kannst unsere Nana Minze verwenden, um deinem t\u00e4glichen Tee eine erfrischende Note zu verleihen. Die Marokkanischen Minzbl\u00e4tter sind geschnitten.\" \/>\n<meta property=\"og:url\" content=\"https:\/\/teasense.ch\/en\/product\/nana-minze\/\" \/>\n<meta property=\"og:site_name\" content=\"TeaSense.ch - Tee Shop Schweiz\" \/>\n<meta property=\"article:publisher\" content=\"https:\/\/www.facebook.com\/teasense.ch\" \/>\n<meta property=\"article:modified_time\" content=\"2025-11-15T13:23:19+00:00\" \/>\n<meta property=\"og:image\" content=\"https:\/\/teasense.ch\/wp-content\/uploads\/2023\/10\/nana.png\" \/>\n\t<meta property=\"og:image:width\" content=\"800\" \/>\n\t<meta property=\"og:image:height\" content=\"800\" \/>\n\t<meta property=\"og:image:type\" content=\"image\/png\" \/>\n<meta name=\"twitter:card\" content=\"summary_large_image\" \/>\n<meta name=\"twitter:label1\" content=\"Est. reading time\" \/>\n\t<meta name=\"twitter:data1\" content=\"2 minutes\" \/>\n<!-- \/ Yoast SEO plugin. -->","yoast_head_json":{"title":"Nana Minze - TeaSense.ch - Tee Shop Schweiz","description":"Du kannst unsere Nana Minze verwenden, um deinem t\u00e4glichen Tee eine erfrischende Note zu verleihen. Die Marokkanischen Minzbl\u00e4tter sind geschnitten.","robots":{"index":"index","follow":"follow","max-snippet":"max-snippet:-1","max-image-preview":"max-image-preview:large","max-video-preview":"max-video-preview:-1"},"canonical":"https:\/\/teasense.ch\/en\/product\/nana-minze\/","og_locale":"en_US","og_type":"article","og_title":"Nana Minze - TeaSense.ch - Tee Shop Schweiz","og_description":"Du kannst unsere Nana Minze verwenden, um deinem t\u00e4glichen Tee eine erfrischende Note zu verleihen. Die Marokkanischen Minzbl\u00e4tter sind geschnitten.","og_url":"https:\/\/teasense.ch\/en\/product\/nana-minze\/","og_site_name":"TeaSense.ch - Tee Shop Schweiz","article_publisher":"https:\/\/www.facebook.com\/teasense.ch","article_modified_time":"2025-11-15T13:23:19+00:00","og_image":[{"width":800,"height":800,"url":"https:\/\/teasense.ch\/wp-content\/uploads\/2023\/10\/nana.png","type":"image\/png"}],"twitter_card":"summary_large_image","twitter_misc":{"Est. reading time":"2 minutes"},"schema":{"@context":"https:\/\/schema.org","@graph":[{"@type":"WebPage","@id":"https:\/\/teasense.ch\/en\/product\/nana-minze\/","url":"https:\/\/teasense.ch\/en\/product\/nana-minze\/","name":"Nana Minze - TeaSense.ch - Tee Shop Schweiz","isPartOf":{"@id":"https:\/\/teasense.ch\/en\/#website"},"primaryImageOfPage":{"@id":"https:\/\/teasense.ch\/en\/product\/nana-minze\/#primaryimage"},"image":{"@id":"https:\/\/teasense.ch\/en\/product\/nana-minze\/#primaryimage"},"thumbnailUrl":"https:\/\/teasense.ch\/wp-content\/uploads\/2023\/10\/nana.png","datePublished":"2023-10-15T14:07:02+00:00","dateModified":"2025-11-15T13:23:19+00:00","description":"Du kannst unsere Nana Minze verwenden, um deinem t\u00e4glichen Tee eine erfrischende Note zu verleihen. Die Marokkanischen Minzbl\u00e4tter sind geschnitten.","breadcrumb":{"@id":"https:\/\/teasense.ch\/en\/product\/nana-minze\/#breadcrumb"},"inLanguage":"en-CH","potentialAction":[{"@type":"ReadAction","target":["https:\/\/teasense.ch\/en\/product\/nana-minze\/"]}]},{"@type":"ImageObject","inLanguage":"en-CH","@id":"https:\/\/teasense.ch\/en\/product\/nana-minze\/#primaryimage","url":"https:\/\/teasense.ch\/wp-content\/uploads\/2023\/10\/nana.png","contentUrl":"https:\/\/teasense.ch\/wp-content\/uploads\/2023\/10\/nana.png","width":800,"height":800,"caption":"Nana Minze Marokkanische Minze Tee"},{"@type":"BreadcrumbList","@id":"https:\/\/teasense.ch\/en\/product\/nana-minze\/#breadcrumb","itemListElement":[{"@type":"ListItem","position":1,"name":"Startseite","item":"https:\/\/teasense.ch\/en\/startseite\/"},{"@type":"ListItem","position":2,"name":"Online Tea ShopTee Onlineshop","item":"https:\/\/teasense.ch\/en\/shop\/"},{"@type":"ListItem","position":3,"name":"Nana Minze"}]},{"@type":"WebSite","@id":"https:\/\/teasense.ch\/en\/#website","url":"https:\/\/teasense.ch\/en\/","name":"TeaSense.ch","description":"Nat\u00fcrliche Teemischungen und klassischer Tee","publisher":{"@id":"https:\/\/teasense.ch\/en\/#organization"},"alternateName":"TeaSense","potentialAction":[{"@type":"SearchAction","target":{"@type":"EntryPoint","urlTemplate":"https:\/\/teasense.ch\/en\/?s={search_term_string}"},"query-input":{"@type":"PropertyValueSpecification","valueRequired":true,"valueName":"search_term_string"}}],"inLanguage":"en-CH"},{"@type":"Organization","@id":"https:\/\/teasense.ch\/en\/#organization","name":"Reale Selection","alternateName":"TeaSense.ch","url":"https:\/\/teasense.ch\/en\/","logo":{"@type":"ImageObject","inLanguage":"en-CH","@id":"https:\/\/teasense.ch\/en\/#\/schema\/logo\/image\/","url":"https:\/\/teasense.ch\/wp-content\/uploads\/2023\/07\/cropped-logo-teasense-kategorie-onlineshop-alle-produkte.jpg","contentUrl":"https:\/\/teasense.ch\/wp-content\/uploads\/2023\/07\/cropped-logo-teasense-kategorie-onlineshop-alle-produkte.jpg","width":512,"height":512,"caption":"Reale Selection"},"image":{"@id":"https:\/\/teasense.ch\/en\/#\/schema\/logo\/image\/"},"sameAs":["https:\/\/www.facebook.com\/teasense.ch"]}]}},"jetpack-related-posts":[{"id":34606,"url":"https:\/\/teasense.ch\/en\/product\/lavendelblueten\/","url_meta":{"origin":38003,"position":0},"title":"Lavendelbl\u00fcten","author":"Reale Selection","date":"1. August 2023","format":false,"excerpt":"Lavandula angustifolia Zubereitung Lavendel Tee \ud83e\udd44 2 TL pro Tasse (250 ml) \ud83c\udf21\ufe0f 90 \u2013 100\u00b0C (Kochendes Wasser) \u23f3 8 \u2013 10 Minuten ziehen lassen","rel":"","context":"Similar post","block_context":{"text":"Similar post","link":""},"img":{"alt_text":"Lavendelbl\u00fcten","src":"https:\/\/i0.wp.com\/teasense.ch\/wp-content\/uploads\/2023\/08\/lavendelblueten-plain.jpg?resize=350%2C200&ssl=1","width":350,"height":200,"srcset":"https:\/\/i0.wp.com\/teasense.ch\/wp-content\/uploads\/2023\/08\/lavendelblueten-plain.jpg?resize=350%2C200&ssl=1 1x, https:\/\/i0.wp.com\/teasense.ch\/wp-content\/uploads\/2023\/08\/lavendelblueten-plain.jpg?resize=525%2C300&ssl=1 1.5x, https:\/\/i0.wp.com\/teasense.ch\/wp-content\/uploads\/2023\/08\/lavendelblueten-plain.jpg?resize=700%2C400&ssl=1 2x"},"classes":[]},{"id":33403,"url":"https:\/\/teasense.ch\/en\/product\/morgenbrise\/","url_meta":{"origin":38003,"position":1},"title":"Morgenbrise","author":"Reale Selection","date":"6. July 2023","format":false,"excerpt":"Zubereitungshinweis \ud83e\udd44 12\u201315 Gramm pro Liter \ud83c\udf21\ufe0f 100\u00b0C \u23f3 5\u20138 Minuten","rel":"","context":"Similar post","block_context":{"text":"Similar post","link":""},"img":{"alt_text":"Morgenbrise Tee","src":"https:\/\/i0.wp.com\/teasense.ch\/wp-content\/uploads\/2023\/07\/bio-morgenbrise-plain.jpg?resize=350%2C200&ssl=1","width":350,"height":200,"srcset":"https:\/\/i0.wp.com\/teasense.ch\/wp-content\/uploads\/2023\/07\/bio-morgenbrise-plain.jpg?resize=350%2C200&ssl=1 1x, https:\/\/i0.wp.com\/teasense.ch\/wp-content\/uploads\/2023\/07\/bio-morgenbrise-plain.jpg?resize=525%2C300&ssl=1 1.5x, https:\/\/i0.wp.com\/teasense.ch\/wp-content\/uploads\/2023\/07\/bio-morgenbrise-plain.jpg?resize=700%2C400&ssl=1 2x"},"classes":[]},{"id":33422,"url":"https:\/\/teasense.ch\/en\/product\/griechischer-bergtee-olympus\/","url_meta":{"origin":38003,"position":2},"title":"Griechischer Bergtee Olympus","author":"Reale Selection","date":"6. July 2023","format":false,"excerpt":"Zubereitung Griechischer Bergtee Olympus \ud83e\udd44 1-2 geh\u00e4ufter Teel\u00f6ffel (14g\/Liter) \ud83c\udf21\ufe0f 100\u00b0 \u23f3 5 Minuten","rel":"","context":"Similar post","block_context":{"text":"Similar post","link":""},"img":{"alt_text":"Teemischung Olympus Bergtee Griechenland","src":"https:\/\/i0.wp.com\/teasense.ch\/wp-content\/uploads\/2023\/07\/olympus-tee.jpg?resize=350%2C200&ssl=1","width":350,"height":200,"srcset":"https:\/\/i0.wp.com\/teasense.ch\/wp-content\/uploads\/2023\/07\/olympus-tee.jpg?resize=350%2C200&ssl=1 1x, https:\/\/i0.wp.com\/teasense.ch\/wp-content\/uploads\/2023\/07\/olympus-tee.jpg?resize=525%2C300&ssl=1 1.5x, https:\/\/i0.wp.com\/teasense.ch\/wp-content\/uploads\/2023\/07\/olympus-tee.jpg?resize=700%2C400&ssl=1 2x"},"classes":[]},{"id":43208,"url":"https:\/\/teasense.ch\/en\/product\/erdbeerblaetter\/","url_meta":{"origin":38003,"position":3},"title":"Erdbeerbl\u00e4tter","author":"Reale Selection","date":"23. October 2024","format":false,"excerpt":"Zubereitung Erdbeerbl\u00e4tter Tee \ud83e\udd44 1 TL Erdbeerbl\u00e4tter pro Tasse\ud83c\udf21\ufe0f 100 \u00b0C\u23f3 5 \u2013 7 Minuten","rel":"","context":"Similar post","block_context":{"text":"Similar post","link":""},"img":{"alt_text":"Erdbeerbl\u00e4tter","src":"https:\/\/i0.wp.com\/teasense.ch\/wp-content\/uploads\/2024\/10\/erdbeerblaetter.png?resize=350%2C200&ssl=1","width":350,"height":200,"srcset":"https:\/\/i0.wp.com\/teasense.ch\/wp-content\/uploads\/2024\/10\/erdbeerblaetter.png?resize=350%2C200&ssl=1 1x, https:\/\/i0.wp.com\/teasense.ch\/wp-content\/uploads\/2024\/10\/erdbeerblaetter.png?resize=525%2C300&ssl=1 1.5x, https:\/\/i0.wp.com\/teasense.ch\/wp-content\/uploads\/2024\/10\/erdbeerblaetter.png?resize=700%2C400&ssl=1 2x"},"classes":[]},{"id":44293,"url":"https:\/\/teasense.ch\/en\/product\/china-gunpowder-gruentee\/","url_meta":{"origin":38003,"position":4},"title":"China Gunpowder Gr\u00fcntee","author":"Reale Selection","date":"27. February 2025","format":false,"excerpt":"Zubereitung China Gunpowder Gr\u00fcntee \ud83e\udd44 1 TL auf 200 ml Wasser \ud83c\udf21\ufe0f 80 \u00b0C \u23f3 2 Minuten ziehen lassen","rel":"","context":"Similar post","block_context":{"text":"Similar post","link":""},"img":{"alt_text":"China Gunpowder Gr\u00fcntee Loser Tee","src":"https:\/\/i0.wp.com\/teasense.ch\/wp-content\/uploads\/2025\/02\/China-Gunpowder.png?resize=350%2C200&ssl=1","width":350,"height":200,"srcset":"https:\/\/i0.wp.com\/teasense.ch\/wp-content\/uploads\/2025\/02\/China-Gunpowder.png?resize=350%2C200&ssl=1 1x, https:\/\/i0.wp.com\/teasense.ch\/wp-content\/uploads\/2025\/02\/China-Gunpowder.png?resize=525%2C300&ssl=1 1.5x, https:\/\/i0.wp.com\/teasense.ch\/wp-content\/uploads\/2025\/02\/China-Gunpowder.png?resize=700%2C400&ssl=1 2x"},"classes":[]},{"id":47484,"url":"https:\/\/teasense.ch\/en\/product\/schoko-minze\/","url_meta":{"origin":38003,"position":5},"title":"Schoko Minze &#8211; Kr\u00e4uterteemischung","author":"Reale Selection","date":"16. November 2025","format":false,"excerpt":"Zubereitung Schoko Minze Tee \ud83e\udd44 1 TL (10-12 g\/Liter) Kr\u00e4uterteemischung\ud83c\udf21\ufe0f 100 \u00b0C\u23f3 5 - 8 Minuten","rel":"","context":"Similar post","block_context":{"text":"Similar post","link":""},"img":{"alt_text":"Schoko Minze - Kr\u00e4uterteemischung","src":"https:\/\/i0.wp.com\/teasense.ch\/wp-content\/uploads\/2025\/11\/schoko-minze-kraeuterteemischung.png?resize=350%2C200&ssl=1","width":350,"height":200,"srcset":"https:\/\/i0.wp.com\/teasense.ch\/wp-content\/uploads\/2025\/11\/schoko-minze-kraeuterteemischung.png?resize=350%2C200&ssl=1 1x, https:\/\/i0.wp.com\/teasense.ch\/wp-content\/uploads\/2025\/11\/schoko-minze-kraeuterteemischung.png?resize=525%2C300&ssl=1 1.5x, https:\/\/i0.wp.com\/teasense.ch\/wp-content\/uploads\/2025\/11\/schoko-minze-kraeuterteemischung.png?resize=700%2C400&ssl=1 2x"},"classes":[]}],"jetpack_sharing_enabled":false,"jetpack_likes_enabled":false,"_links":{"self":[{"href":"https:\/\/teasense.ch\/en\/wp-json\/wp\/v2\/product\/38003","targetHints":{"allow":["GET"]}}],"collection":[{"href":"https:\/\/teasense.ch\/en\/wp-json\/wp\/v2\/product"}],"about":[{"href":"https:\/\/teasense.ch\/en\/wp-json\/wp\/v2\/types\/product"}],"replies":[{"embeddable":true,"href":"https:\/\/teasense.ch\/en\/wp-json\/wp\/v2\/comments?post=38003"}],"wp:featuredmedia":[{"embeddable":true,"href":"https:\/\/teasense.ch\/en\/wp-json\/wp\/v2\/media\/47268"}],"wp:attachment":[{"href":"https:\/\/teasense.ch\/en\/wp-json\/wp\/v2\/media?parent=38003"}],"wp:term":[{"taxonomy":"product_brand","embeddable":true,"href":"https:\/\/teasense.ch\/en\/wp-json\/wp\/v2\/product_brand?post=38003"},{"taxonomy":"product_cat","embeddable":true,"href":"https:\/\/teasense.ch\/en\/wp-json\/wp\/v2\/product_cat?post=38003"},{"taxonomy":"product_tag","embeddable":true,"href":"https:\/\/teasense.ch\/en\/wp-json\/wp\/v2\/product_tag?post=38003"}],"curies":[{"name":"wp","href":"https:\/\/api.w.org\/{rel}","templated":true}]}}