{"id":38210,"date":"2023-10-22T15:28:54","date_gmt":"2023-10-22T13:28:54","guid":{"rendered":"https:\/\/teasense.ch\/?post_type=product&#038;p=38210"},"modified":"2026-02-26T15:12:22","modified_gmt":"2026-02-26T14:12:22","slug":"winterquitte","status":"publish","type":"product","link":"https:\/\/teasense.ch\/en\/product\/winterquitte\/","title":{"rendered":"Winterquitte"},"content":{"rendered":"<h2>Fr\u00fcchtetee Winterquitte<\/h2>\n<p>Die Fr\u00fcchteteemischung &#8220;Winterquitte&#8221; entf\u00fchrt dich in eine gem\u00fctliche und wohltuende Geschmackswelt. Diese k\u00f6stlich duftende Teemischung kombiniert sorgf\u00e4ltig ausgew\u00e4hlte Zutaten, um ein unvergessliches Geschmackserlebnis zu bieten.<\/p>\n<p>Die basische Note von Apfelst\u00fccken und die warmen Aromen von Zimtst\u00fccken f\u00fcgen sich harmonisch zusammen und verleihen dem Tee eine angenehme S\u00fcsse und Leichtigkeit. Erg\u00e4nzt wird dieses harmonische Zusammenspiel durch die dekorativen Ringelblumenbl\u00fcten, die dem Tee nicht nur eine visuelle Sch\u00f6nheit verleihen, sondern auch subtile blumige Nuancen hinzuf\u00fcgen.<\/p>\n<h3>Zubereitung<\/h3>\n<p>F\u00fcr eine Tasse Tee ben\u00f6tigst du etwa einen Teel\u00f6ffel der &#8220;Winterquitte&#8221;-Fr\u00fcchteteemischung. Koche frisches Wasser auf und lasse es f\u00fcr einen Moment abk\u00fchlen, bis es eine Temperatur von etwa 90 Grad Celsius erreicht hat. Als n\u00e4chstes gibst du die Teemischung in eine Teekanne oder direkt in eine Tasse und \u00fcbergiesst sie mit dem heissen Wasser. Lasse den Tee f\u00fcr etwa 5-7 Minuten ziehen, damit sich die Aromen voll entfalten k\u00f6nnen. Du wirst den angenehmen Duft der Quitten und den w\u00e4rmenden Geschmack des Zimts lieben. Wenn der Tee fertig gezogen hat, kannst du ihn pur geniessen oder bei Bedarf mit einem <a href=\"https:\/\/teasense.ch\/produkt\/kandisstick\/\">Kandisstick<\/a> vers\u00fcssen.<\/p>\n<p>Die Fr\u00fcchteteemischung &#8220;Winterquitte&#8221; ist die ideale Begleitung f\u00fcr gem\u00fctliche Stunden zu Hause oder als w\u00e4rmender Genuss in der kalten Jahreszeit. Sie ist nicht nur eine wahre Geschmackssensation, sondern auch ein Balsam f\u00fcr die Sinne.<\/p>\n<p>Tauche ein in eine Welt voller wohltuender Aromen und genussvoller Momente mit der Fr\u00fcchteteemischung Winterquitte.<\/p>\n<p>Mit ihrer nat\u00fcrlich-fruchtigen Note und der dezenter S\u00fcsse ist diese Fr\u00fcchteteemischung ein wahrhafter Genuss f\u00fcr jeden Teeliebhaber. Die Kombination aus Apfelst\u00fccken und Zimt verleiht dem Tee eine angenehme W\u00e4rme und l\u00e4sst Erinnerungen an gem\u00fctliche Winterabende wach werden. Ob als Begleiter beim Lesen eines guten Buches oder als entspannender Abschluss eines stressigen Tages &#8211; die Fr\u00fcchteteemischung Winterquitte schenkt dir eine wohlverdiente Auszeit. Entdecke jetzt die einzigartige Mischung von winterlichen Aromen und geniesse den Moment der Entspannung.<\/p>\n<h3>Zutaten<\/h3>\n<p>Apfelst\u00fccken, Zimtst\u00fccken, Ringelblumenbl\u00fcten, nat\u00fcrliches Quitten-, Gew\u00fcrz- und Vanillearoma.<\/p>\n","protected":false},"excerpt":{"rendered":"<h4 data-start=\"0\" data-end=\"32\">Zubereitung Winterquitte Fr\u00fcchtetee<\/h4>\n<p data-start=\"0\" data-end=\"32\">\ud83e\udd44 1 TL der Fr\u00fcchteteemischung<br data-start=\"64\" data-end=\"67\" \/>\ud83c\udf21\ufe0f Wasser auf ca. 90 \u00b0C erhitzen<br data-start=\"100\" data-end=\"103\" data-is-only-node=\"\" \/>\u23f3 5 \u2013 7 Minuten ziehen lassen<\/p>\n","protected":false},"featured_media":38213,"comment_status":"open","ping_status":"closed","template":"","meta":{"_et_pb_use_builder":"","_et_pb_old_content":"","_et_gb_content_width":""},"product_brand":[],"product_cat":[74,151,19,140],"product_tag":[],"class_list":{"0":"post-38210","1":"product","2":"type-product","3":"status-publish","4":"has-post-thumbnail","6":"product_cat-alle-produkte","7":"product_cat-fruechtetee","8":"product_cat-tee","9":"product_cat-wintertees","10":"pa_herkunft-deutschland","11":"pa_weight-100-g","12":"pa_weight-200-g","13":"pa_weight-300-g","14":"pa_weight-50-g","16":"first","17":"instock","18":"shipping-taxable","19":"purchasable","20":"product-type-variable","21":"has-default-attributes","22":"add-to-wishlist-before_image"},"yoast_head":"<!-- This site is optimized with the Yoast SEO plugin v27.4 - https:\/\/yoast.com\/product\/yoast-seo-wordpress\/ -->\n<title>Winterquitte - TeaSense.ch - Tee Shop Schweiz<\/title>\n<meta name=\"description\" content=\"Die Fr\u00fcchteteemischung &quot;Winterquitte&quot; entf\u00fchrt dich in eine gem\u00fctliche und wohltuende Geschmackswelt. Nat\u00fcrlicher Fr\u00fcchtetee ohne Zucker.\" \/>\n<meta name=\"robots\" content=\"index, follow, max-snippet:-1, max-image-preview:large, max-video-preview:-1\" \/>\n<link rel=\"canonical\" href=\"https:\/\/teasense.ch\/en\/product\/winterquitte\/\" \/>\n<meta property=\"og:locale\" content=\"en_US\" \/>\n<meta property=\"og:type\" content=\"article\" \/>\n<meta property=\"og:title\" content=\"Winterquitte - TeaSense.ch - Tee Shop Schweiz\" \/>\n<meta property=\"og:description\" content=\"Die Fr\u00fcchteteemischung &quot;Winterquitte&quot; entf\u00fchrt dich in eine gem\u00fctliche und wohltuende Geschmackswelt. Nat\u00fcrlicher Fr\u00fcchtetee ohne Zucker.\" \/>\n<meta property=\"og:url\" content=\"https:\/\/teasense.ch\/en\/product\/winterquitte\/\" \/>\n<meta property=\"og:site_name\" content=\"TeaSense.ch - Tee Shop Schweiz\" \/>\n<meta property=\"article:publisher\" content=\"https:\/\/www.facebook.com\/teasense.ch\" \/>\n<meta property=\"article:modified_time\" content=\"2026-02-26T14:12:22+00:00\" \/>\n<meta property=\"og:image\" content=\"https:\/\/teasense.ch\/wp-content\/uploads\/2023\/10\/winter-quitte.jpg\" \/>\n\t<meta property=\"og:image:width\" content=\"800\" \/>\n\t<meta property=\"og:image:height\" content=\"800\" \/>\n\t<meta property=\"og:image:type\" content=\"image\/jpeg\" \/>\n<meta name=\"twitter:card\" content=\"summary_large_image\" \/>\n<meta name=\"twitter:label1\" content=\"Est. reading time\" \/>\n\t<meta name=\"twitter:data1\" content=\"2 minutes\" \/>\n<!-- \/ Yoast SEO plugin. -->","yoast_head_json":{"title":"Winterquitte - TeaSense.ch - Tee Shop Schweiz","description":"Die Fr\u00fcchteteemischung \"Winterquitte\" entf\u00fchrt dich in eine gem\u00fctliche und wohltuende Geschmackswelt. Nat\u00fcrlicher Fr\u00fcchtetee ohne Zucker.","robots":{"index":"index","follow":"follow","max-snippet":"max-snippet:-1","max-image-preview":"max-image-preview:large","max-video-preview":"max-video-preview:-1"},"canonical":"https:\/\/teasense.ch\/en\/product\/winterquitte\/","og_locale":"en_US","og_type":"article","og_title":"Winterquitte - TeaSense.ch - Tee Shop Schweiz","og_description":"Die Fr\u00fcchteteemischung \"Winterquitte\" entf\u00fchrt dich in eine gem\u00fctliche und wohltuende Geschmackswelt. Nat\u00fcrlicher Fr\u00fcchtetee ohne Zucker.","og_url":"https:\/\/teasense.ch\/en\/product\/winterquitte\/","og_site_name":"TeaSense.ch - Tee Shop Schweiz","article_publisher":"https:\/\/www.facebook.com\/teasense.ch","article_modified_time":"2026-02-26T14:12:22+00:00","og_image":[{"width":800,"height":800,"url":"https:\/\/teasense.ch\/wp-content\/uploads\/2023\/10\/winter-quitte.jpg","type":"image\/jpeg"}],"twitter_card":"summary_large_image","twitter_misc":{"Est. reading time":"2 minutes"},"schema":{"@context":"https:\/\/schema.org","@graph":[{"@type":"WebPage","@id":"https:\/\/teasense.ch\/en\/product\/winterquitte\/","url":"https:\/\/teasense.ch\/en\/product\/winterquitte\/","name":"Winterquitte - TeaSense.ch - Tee Shop Schweiz","isPartOf":{"@id":"https:\/\/teasense.ch\/en\/#website"},"primaryImageOfPage":{"@id":"https:\/\/teasense.ch\/en\/product\/winterquitte\/#primaryimage"},"image":{"@id":"https:\/\/teasense.ch\/en\/product\/winterquitte\/#primaryimage"},"thumbnailUrl":"https:\/\/teasense.ch\/wp-content\/uploads\/2023\/10\/winter-quitte.jpg","datePublished":"2023-10-22T13:28:54+00:00","dateModified":"2026-02-26T14:12:22+00:00","description":"Die Fr\u00fcchteteemischung \"Winterquitte\" entf\u00fchrt dich in eine gem\u00fctliche und wohltuende Geschmackswelt. Nat\u00fcrlicher Fr\u00fcchtetee ohne Zucker.","breadcrumb":{"@id":"https:\/\/teasense.ch\/en\/product\/winterquitte\/#breadcrumb"},"inLanguage":"en-CH","potentialAction":[{"@type":"ReadAction","target":["https:\/\/teasense.ch\/en\/product\/winterquitte\/"]}]},{"@type":"ImageObject","inLanguage":"en-CH","@id":"https:\/\/teasense.ch\/en\/product\/winterquitte\/#primaryimage","url":"https:\/\/teasense.ch\/wp-content\/uploads\/2023\/10\/winter-quitte.jpg","contentUrl":"https:\/\/teasense.ch\/wp-content\/uploads\/2023\/10\/winter-quitte.jpg","width":800,"height":800,"caption":"Fr\u00fcchteteemischung mit Quitte und Apfelst\u00fccke."},{"@type":"BreadcrumbList","@id":"https:\/\/teasense.ch\/en\/product\/winterquitte\/#breadcrumb","itemListElement":[{"@type":"ListItem","position":1,"name":"Startseite","item":"https:\/\/teasense.ch\/en\/startseite\/"},{"@type":"ListItem","position":2,"name":"Online Tea ShopTee Onlineshop","item":"https:\/\/teasense.ch\/en\/shop\/"},{"@type":"ListItem","position":3,"name":"Winterquitte"}]},{"@type":"WebSite","@id":"https:\/\/teasense.ch\/en\/#website","url":"https:\/\/teasense.ch\/en\/","name":"TeaSense.ch","description":"Nat\u00fcrliche Teemischungen und klassischer Tee","publisher":{"@id":"https:\/\/teasense.ch\/en\/#organization"},"alternateName":"TeaSense","potentialAction":[{"@type":"SearchAction","target":{"@type":"EntryPoint","urlTemplate":"https:\/\/teasense.ch\/en\/?s={search_term_string}"},"query-input":{"@type":"PropertyValueSpecification","valueRequired":true,"valueName":"search_term_string"}}],"inLanguage":"en-CH"},{"@type":"Organization","@id":"https:\/\/teasense.ch\/en\/#organization","name":"Reale Selection","alternateName":"TeaSense.ch","url":"https:\/\/teasense.ch\/en\/","logo":{"@type":"ImageObject","inLanguage":"en-CH","@id":"https:\/\/teasense.ch\/en\/#\/schema\/logo\/image\/","url":"https:\/\/teasense.ch\/wp-content\/uploads\/2023\/07\/cropped-logo-teasense-kategorie-onlineshop-alle-produkte.jpg","contentUrl":"https:\/\/teasense.ch\/wp-content\/uploads\/2023\/07\/cropped-logo-teasense-kategorie-onlineshop-alle-produkte.jpg","width":512,"height":512,"caption":"Reale Selection"},"image":{"@id":"https:\/\/teasense.ch\/en\/#\/schema\/logo\/image\/"},"sameAs":["https:\/\/www.facebook.com\/teasense.ch"]}]}},"jetpack-related-posts":[{"id":44340,"url":"https:\/\/teasense.ch\/en\/product\/hibiskus-tee\/","url_meta":{"origin":38210,"position":0},"title":"Hibiskus Tee","author":"Reale Selection","date":"28. February 2025","format":false,"excerpt":"Zubereitung Hibiskus Tee \ud83e\udd44 1 - 2 geh\u00e4ufte TL (ca. 2 g) auf 200 ml Wasser \ud83c\udf21\ufe0f 100 \u00b0C \u23f3 6 - 10 Minuten ziehen lassen","rel":"","context":"Similar post","block_context":{"text":"Similar post","link":""},"img":{"alt_text":"Hibiskus Tee Lose Hibiskusbl\u00fcten","src":"https:\/\/i0.wp.com\/teasense.ch\/wp-content\/uploads\/2025\/02\/Lose-Blueten-hibiskus-tee.png?resize=350%2C200&ssl=1","width":350,"height":200,"srcset":"https:\/\/i0.wp.com\/teasense.ch\/wp-content\/uploads\/2025\/02\/Lose-Blueten-hibiskus-tee.png?resize=350%2C200&ssl=1 1x, https:\/\/i0.wp.com\/teasense.ch\/wp-content\/uploads\/2025\/02\/Lose-Blueten-hibiskus-tee.png?resize=525%2C300&ssl=1 1.5x, https:\/\/i0.wp.com\/teasense.ch\/wp-content\/uploads\/2025\/02\/Lose-Blueten-hibiskus-tee.png?resize=700%2C400&ssl=1 2x"},"classes":[]},{"id":34841,"url":"https:\/\/teasense.ch\/en\/product\/wildorange\/","url_meta":{"origin":38210,"position":1},"title":"Wildorange","author":"Reale Selection","date":"8. August 2023","format":false,"excerpt":"Entdecke die Wild Side of Life mit dieser Fr\u00fcchteteemischung!","rel":"","context":"Similar post","block_context":{"text":"Similar post","link":""},"img":{"alt_text":"Tee Wildorange","src":"https:\/\/i0.wp.com\/teasense.ch\/wp-content\/uploads\/2023\/08\/wildorange-main.jpg?resize=350%2C200&ssl=1","width":350,"height":200,"srcset":"https:\/\/i0.wp.com\/teasense.ch\/wp-content\/uploads\/2023\/08\/wildorange-main.jpg?resize=350%2C200&ssl=1 1x, https:\/\/i0.wp.com\/teasense.ch\/wp-content\/uploads\/2023\/08\/wildorange-main.jpg?resize=525%2C300&ssl=1 1.5x, https:\/\/i0.wp.com\/teasense.ch\/wp-content\/uploads\/2023\/08\/wildorange-main.jpg?resize=700%2C400&ssl=1 2x"},"classes":[]},{"id":38042,"url":"https:\/\/teasense.ch\/en\/product\/naturklang-kraeutertee\/","url_meta":{"origin":38210,"position":2},"title":"Naturklang Kr\u00e4utertee","author":"Reale Selection","date":"15. October 2023","format":false,"excerpt":"Zubereitung Naturklang Kr\u00e4utertee \ud83e\udd44 1 - 2 Teel\u00f6ffel pro Tasse\ud83c\udf21\ufe0f 100 \u00b0C\u23f3 6 - 8 Minuten","rel":"","context":"Similar post","block_context":{"text":"Similar post","link":""},"img":{"alt_text":"Naturklang Kr\u00e4utertee Teemischung Zutaten auf weissem Hintergrund.","src":"https:\/\/i0.wp.com\/teasense.ch\/wp-content\/uploads\/2023\/10\/winterpunsch-plain.jpg?resize=350%2C200&ssl=1","width":350,"height":200,"srcset":"https:\/\/i0.wp.com\/teasense.ch\/wp-content\/uploads\/2023\/10\/winterpunsch-plain.jpg?resize=350%2C200&ssl=1 1x, https:\/\/i0.wp.com\/teasense.ch\/wp-content\/uploads\/2023\/10\/winterpunsch-plain.jpg?resize=525%2C300&ssl=1 1.5x, https:\/\/i0.wp.com\/teasense.ch\/wp-content\/uploads\/2023\/10\/winterpunsch-plain.jpg?resize=700%2C400&ssl=1 2x"},"classes":[]},{"id":43190,"url":"https:\/\/teasense.ch\/en\/product\/lavendelbeeren\/","url_meta":{"origin":38210,"position":3},"title":"Lavendelbeeren &#8211; Fr\u00fcchtetee","author":"Reale Selection","date":"22. October 2024","format":false,"excerpt":"Zubereitung Fr\u00fcchtetee Lavendelbeeren \ud83e\udd44 1 TL pro Tasse \ud83c\udf21\ufe0f 100\u00b0C \u23f3 8 - 10 Minuten","rel":"","context":"Similar post","block_context":{"text":"Similar post","link":""},"img":{"alt_text":"Lavendelbeeren Teemischung","src":"https:\/\/i0.wp.com\/teasense.ch\/wp-content\/uploads\/2024\/10\/produktfoto.png?resize=350%2C200&ssl=1","width":350,"height":200,"srcset":"https:\/\/i0.wp.com\/teasense.ch\/wp-content\/uploads\/2024\/10\/produktfoto.png?resize=350%2C200&ssl=1 1x, https:\/\/i0.wp.com\/teasense.ch\/wp-content\/uploads\/2024\/10\/produktfoto.png?resize=525%2C300&ssl=1 1.5x, https:\/\/i0.wp.com\/teasense.ch\/wp-content\/uploads\/2024\/10\/produktfoto.png?resize=700%2C400&ssl=1 2x"},"classes":[]},{"id":38059,"url":"https:\/\/teasense.ch\/en\/product\/adventstee-fruechtetee\/","url_meta":{"origin":38210,"position":4},"title":"Adventstee Fr\u00fcchtetee","author":"Reale Selection","date":"17. October 2023","format":false,"excerpt":"Nicht nur im Winter ein Genuss.\u2603\ufe0f\u2744\ufe0f Zubereitung Adventstee Fr\u00fcchtetee \ud83e\udd44 1 - 2 geh\u00e4ufte Teel\u00f6ffel pro Tasse (20g\/Liter)\ud83c\udf21\ufe0f 100 \u00b0C\u23f3 8 \u2013 10 Minuten ziehen lassen","rel":"","context":"Similar post","block_context":{"text":"Similar post","link":""},"img":{"alt_text":"Winterfr\u00fcchte Teemischung","src":"https:\/\/i0.wp.com\/teasense.ch\/wp-content\/uploads\/2023\/10\/adventstee-plain.jpg?resize=350%2C200&ssl=1","width":350,"height":200,"srcset":"https:\/\/i0.wp.com\/teasense.ch\/wp-content\/uploads\/2023\/10\/adventstee-plain.jpg?resize=350%2C200&ssl=1 1x, https:\/\/i0.wp.com\/teasense.ch\/wp-content\/uploads\/2023\/10\/adventstee-plain.jpg?resize=525%2C300&ssl=1 1.5x, https:\/\/i0.wp.com\/teasense.ch\/wp-content\/uploads\/2023\/10\/adventstee-plain.jpg?resize=700%2C400&ssl=1 2x"},"classes":[]},{"id":36344,"url":"https:\/\/teasense.ch\/en\/product\/waldbeere-fruechtetee\/","url_meta":{"origin":38210,"position":5},"title":"Waldbeere Fr\u00fcchtetee","author":"Reale Selection","date":"29. August 2023","format":false,"excerpt":"Zubereitung \u2013 Waldbeere Fr\u00fcchtetee \ud83e\udd44 2 g (ca. 1\u20132 TL) auf 200 ml Wasser\ud83c\udf21\ufe0f 100 \u00b0C\u23f3 5 \u2013 10 Minuten ziehen lassen","rel":"","context":"Similar post","block_context":{"text":"Similar post","link":""},"img":{"alt_text":"Waldbeere Fr\u00fcchtetee","src":"https:\/\/i0.wp.com\/teasense.ch\/wp-content\/uploads\/2023\/08\/Waldbeere-Fruechtetee.png?resize=350%2C200&ssl=1","width":350,"height":200,"srcset":"https:\/\/i0.wp.com\/teasense.ch\/wp-content\/uploads\/2023\/08\/Waldbeere-Fruechtetee.png?resize=350%2C200&ssl=1 1x, https:\/\/i0.wp.com\/teasense.ch\/wp-content\/uploads\/2023\/08\/Waldbeere-Fruechtetee.png?resize=525%2C300&ssl=1 1.5x, https:\/\/i0.wp.com\/teasense.ch\/wp-content\/uploads\/2023\/08\/Waldbeere-Fruechtetee.png?resize=700%2C400&ssl=1 2x"},"classes":[]}],"jetpack_sharing_enabled":false,"jetpack_likes_enabled":false,"_links":{"self":[{"href":"https:\/\/teasense.ch\/en\/wp-json\/wp\/v2\/product\/38210","targetHints":{"allow":["GET"]}}],"collection":[{"href":"https:\/\/teasense.ch\/en\/wp-json\/wp\/v2\/product"}],"about":[{"href":"https:\/\/teasense.ch\/en\/wp-json\/wp\/v2\/types\/product"}],"replies":[{"embeddable":true,"href":"https:\/\/teasense.ch\/en\/wp-json\/wp\/v2\/comments?post=38210"}],"wp:featuredmedia":[{"embeddable":true,"href":"https:\/\/teasense.ch\/en\/wp-json\/wp\/v2\/media\/38213"}],"wp:attachment":[{"href":"https:\/\/teasense.ch\/en\/wp-json\/wp\/v2\/media?parent=38210"}],"wp:term":[{"taxonomy":"product_brand","embeddable":true,"href":"https:\/\/teasense.ch\/en\/wp-json\/wp\/v2\/product_brand?post=38210"},{"taxonomy":"product_cat","embeddable":true,"href":"https:\/\/teasense.ch\/en\/wp-json\/wp\/v2\/product_cat?post=38210"},{"taxonomy":"product_tag","embeddable":true,"href":"https:\/\/teasense.ch\/en\/wp-json\/wp\/v2\/product_tag?post=38210"}],"curies":[{"name":"wp","href":"https:\/\/api.w.org\/{rel}","templated":true}]}}