{"id":38547,"date":"2023-10-24T16:00:14","date_gmt":"2023-10-24T14:00:14","guid":{"rendered":"https:\/\/teasense.ch\/?post_type=product&#038;p=38547"},"modified":"2025-09-26T09:51:29","modified_gmt":"2025-09-26T07:51:29","slug":"fastenkraeuter","status":"publish","type":"product","link":"https:\/\/teasense.ch\/en\/product\/fastenkraeuter\/","title":{"rendered":"Fastenkr\u00e4uter"},"content":{"rendered":"<p>Die Teemischung &#8220;Fastenkr\u00e4uter&#8221; ist eine perfekte Begleitung f\u00fcr deine Fastentage oder um einfach einen Moment der Entspannung und Reinigung einzulegen.<\/p>\n<h2>Kr\u00e4uterteemischung mit Mate<\/h2>\n<p>Diese einzigartige Mischung besteht aus sorgf\u00e4ltig ausgew\u00e4hlten Zutaten, die in der traditionellen Kr\u00e4uterkunde gesch\u00e4tzt werden. Die Matebl\u00e4tter verleihen dem Tee eine angenehme Frische und sorgen f\u00fcr einen sanften Energiekick. Hagebuttenschalen bringen einen fruchtige Touch. Die Himbeerbl\u00e4tter verleihen dem Tee ein mildes Aroma. Die Brombeerbl\u00e4tter hingegen sorgen f\u00fcr eine angenehme Herbheit. Johannisbeerbl\u00e4tter verleihen dem Tee eine leichte S\u00fcsse. Anis ist f\u00fcr seinen s\u00fcssen und lakritzartigen Geschmack bekannt und gibt der Mischung auch eine angenehme s\u00fcssliche Note. Fenchel sorgt f\u00fcr eine milde w\u00fcrzige Nuance. Zuletzt wurden Maisbartst\u00fccke hinzugef\u00fcgt, die dem Tee eine gewisse Leichtigkeit verleihen und f\u00fcr eine erfrischende Komponente sorgen.<\/p>\n<p>Diese Teemischung ist perfekt f\u00fcr alle, die auf der Suche nach einer geschmackvollen und erfrischenden Teemischung sind, um eine Pause einzulegen, zu entspannen und den Alltagsstress hinter sich zu lassen. Die ausgew\u00e4hlten Zutaten wurden harmonisch kombiniert, um ein einzigartiges Geschmackserlebnis zu bieten.<\/p>\n<p>Geniesse eine Tasse &#8220;Fastenkr\u00e4uter&#8221; und lasse den harmonischen Geschmack und die nat\u00fcrlichen Aromen auf dich wirken. G\u00f6nne dir eine Auszeit vom Alltag!<\/p>\n<h2>Zubereitung Kr\u00e4utertee<\/h2>\n<p>1-2 geh\u00e4ufte Teel\u00f6ffel sollten in 100\u00b0C heissem Wasser f\u00fcr etwa 6-10 Minuten ziehen, um diesen Tee perfekt zuzubereiten.<br \/>\nGeniesse diesen Tee an Fastentagen oder wann immer du eine sanfte, w\u00fcrzige Tasse Tee w\u00fcnschst.<\/p>\n<h3>Zutaten Fastenkr\u00e4uter<\/h3>\n<p>Matebl\u00e4tter gr\u00fcn, <a href=\"https:\/\/teasense.ch\/produkt\/hagenbuttenschalen\/\">Hagebuttenschalen<\/a>, Himbeerbl\u00e4tter, <a href=\"https:\/\/teasense.ch\/produkt\/brombeerblaetter\/\">Brombeerbl\u00e4tter<\/a>, Johannisbeerbl\u00e4tter, <a href=\"https:\/\/teasense.ch\/produkt\/anis\/\">Anis<\/a>, <a href=\"https:\/\/teasense.ch\/produkt\/fenchel\/\">Fenchel<\/a>, Maisbart<\/p>\n","protected":false},"excerpt":{"rendered":"<p>Kr\u00e4utertee mit Mate<\/p>\n<h4>Zubereitung Fastenkr\u00e4uter Tee<\/h4>\n<p>\ud83e\udd44 1 \u2013 2 geh\u00e4ufte TL (ca. 2 g) auf 200 ml Wasser<br data-start=\"80\" data-end=\"83\" \/>\ud83c\udf21\ufe0f 100 \u00b0C<br data-start=\"93\" data-end=\"96\" \/>\u23f3 6 \u2013 10 Minuten ziehen lassen<\/p>\n","protected":false},"featured_media":38574,"comment_status":"open","ping_status":"closed","template":"","meta":{"_et_pb_use_builder":"","_et_pb_old_content":"","_et_gb_content_width":""},"product_brand":[],"product_cat":[74,150,19],"product_tag":[],"class_list":{"0":"post-38547","1":"product","2":"type-product","3":"status-publish","4":"has-post-thumbnail","6":"product_cat-alle-produkte","7":"product_cat-kraeutertee","8":"product_cat-tee","9":"pa_herkunft-deutschland","10":"pa_weight-100-g","11":"pa_weight-200-g","12":"pa_weight-400-g","13":"pa_weight-50-g","15":"first","16":"instock","17":"shipping-taxable","18":"purchasable","19":"product-type-variable","20":"has-default-attributes","21":"add-to-wishlist-before_image"},"yoast_head":"<!-- This site is optimized with the Yoast SEO plugin v27.4 - https:\/\/yoast.com\/product\/yoast-seo-wordpress\/ -->\n<title>Fastenkr\u00e4uter - TeaSense.ch - Tee Shop Schweiz<\/title>\n<meta name=\"description\" content=\"Die Teemischung Fastenkr\u00e4uter ist eine perfekte Begleitung f\u00fcr deine Fastentage oder um einfach einen Moment der Entspannung und Reinigung einzulegen.\" \/>\n<meta name=\"robots\" content=\"index, follow, max-snippet:-1, max-image-preview:large, max-video-preview:-1\" \/>\n<link rel=\"canonical\" href=\"https:\/\/teasense.ch\/en\/product\/fastenkraeuter\/\" \/>\n<meta property=\"og:locale\" content=\"en_US\" \/>\n<meta property=\"og:type\" content=\"article\" \/>\n<meta property=\"og:title\" content=\"Fastenkr\u00e4uter - TeaSense.ch - Tee Shop Schweiz\" \/>\n<meta property=\"og:description\" content=\"Die Teemischung Fastenkr\u00e4uter ist eine perfekte Begleitung f\u00fcr deine Fastentage oder um einfach einen Moment der Entspannung und Reinigung einzulegen.\" \/>\n<meta property=\"og:url\" content=\"https:\/\/teasense.ch\/en\/product\/fastenkraeuter\/\" \/>\n<meta property=\"og:site_name\" content=\"TeaSense.ch - Tee Shop Schweiz\" \/>\n<meta property=\"article:publisher\" content=\"https:\/\/www.facebook.com\/teasense.ch\" \/>\n<meta property=\"article:modified_time\" content=\"2025-09-26T07:51:29+00:00\" \/>\n<meta property=\"og:image\" content=\"https:\/\/teasense.ch\/wp-content\/uploads\/2023\/10\/fastenkraeuter-plain-teemischung.jpg\" \/>\n\t<meta property=\"og:image:width\" content=\"800\" \/>\n\t<meta property=\"og:image:height\" content=\"800\" \/>\n\t<meta property=\"og:image:type\" content=\"image\/jpeg\" \/>\n<meta name=\"twitter:card\" content=\"summary_large_image\" \/>\n<meta name=\"twitter:label1\" content=\"Est. reading time\" \/>\n\t<meta name=\"twitter:data1\" content=\"2 minutes\" \/>\n<!-- \/ Yoast SEO plugin. -->","yoast_head_json":{"title":"Fastenkr\u00e4uter - TeaSense.ch - Tee Shop Schweiz","description":"Die Teemischung Fastenkr\u00e4uter ist eine perfekte Begleitung f\u00fcr deine Fastentage oder um einfach einen Moment der Entspannung und Reinigung einzulegen.","robots":{"index":"index","follow":"follow","max-snippet":"max-snippet:-1","max-image-preview":"max-image-preview:large","max-video-preview":"max-video-preview:-1"},"canonical":"https:\/\/teasense.ch\/en\/product\/fastenkraeuter\/","og_locale":"en_US","og_type":"article","og_title":"Fastenkr\u00e4uter - TeaSense.ch - Tee Shop Schweiz","og_description":"Die Teemischung Fastenkr\u00e4uter ist eine perfekte Begleitung f\u00fcr deine Fastentage oder um einfach einen Moment der Entspannung und Reinigung einzulegen.","og_url":"https:\/\/teasense.ch\/en\/product\/fastenkraeuter\/","og_site_name":"TeaSense.ch - Tee Shop Schweiz","article_publisher":"https:\/\/www.facebook.com\/teasense.ch","article_modified_time":"2025-09-26T07:51:29+00:00","og_image":[{"width":800,"height":800,"url":"https:\/\/teasense.ch\/wp-content\/uploads\/2023\/10\/fastenkraeuter-plain-teemischung.jpg","type":"image\/jpeg"}],"twitter_card":"summary_large_image","twitter_misc":{"Est. reading time":"2 minutes"},"schema":{"@context":"https:\/\/schema.org","@graph":[{"@type":"WebPage","@id":"https:\/\/teasense.ch\/en\/product\/fastenkraeuter\/","url":"https:\/\/teasense.ch\/en\/product\/fastenkraeuter\/","name":"Fastenkr\u00e4uter - TeaSense.ch - Tee Shop Schweiz","isPartOf":{"@id":"https:\/\/teasense.ch\/en\/#website"},"primaryImageOfPage":{"@id":"https:\/\/teasense.ch\/en\/product\/fastenkraeuter\/#primaryimage"},"image":{"@id":"https:\/\/teasense.ch\/en\/product\/fastenkraeuter\/#primaryimage"},"thumbnailUrl":"https:\/\/teasense.ch\/wp-content\/uploads\/2023\/10\/fastenkraeuter-plain-teemischung.jpg","datePublished":"2023-10-24T14:00:14+00:00","dateModified":"2025-09-26T07:51:29+00:00","description":"Die Teemischung Fastenkr\u00e4uter ist eine perfekte Begleitung f\u00fcr deine Fastentage oder um einfach einen Moment der Entspannung und Reinigung einzulegen.","breadcrumb":{"@id":"https:\/\/teasense.ch\/en\/product\/fastenkraeuter\/#breadcrumb"},"inLanguage":"en-CH","potentialAction":[{"@type":"ReadAction","target":["https:\/\/teasense.ch\/en\/product\/fastenkraeuter\/"]}]},{"@type":"ImageObject","inLanguage":"en-CH","@id":"https:\/\/teasense.ch\/en\/product\/fastenkraeuter\/#primaryimage","url":"https:\/\/teasense.ch\/wp-content\/uploads\/2023\/10\/fastenkraeuter-plain-teemischung.jpg","contentUrl":"https:\/\/teasense.ch\/wp-content\/uploads\/2023\/10\/fastenkraeuter-plain-teemischung.jpg","width":800,"height":800},{"@type":"BreadcrumbList","@id":"https:\/\/teasense.ch\/en\/product\/fastenkraeuter\/#breadcrumb","itemListElement":[{"@type":"ListItem","position":1,"name":"Startseite","item":"https:\/\/teasense.ch\/en\/startseite\/"},{"@type":"ListItem","position":2,"name":"Online Tea ShopTee Onlineshop","item":"https:\/\/teasense.ch\/en\/shop\/"},{"@type":"ListItem","position":3,"name":"Fastenkr\u00e4uter"}]},{"@type":"WebSite","@id":"https:\/\/teasense.ch\/en\/#website","url":"https:\/\/teasense.ch\/en\/","name":"TeaSense.ch","description":"Nat\u00fcrliche Teemischungen und klassischer Tee","publisher":{"@id":"https:\/\/teasense.ch\/en\/#organization"},"alternateName":"TeaSense","potentialAction":[{"@type":"SearchAction","target":{"@type":"EntryPoint","urlTemplate":"https:\/\/teasense.ch\/en\/?s={search_term_string}"},"query-input":{"@type":"PropertyValueSpecification","valueRequired":true,"valueName":"search_term_string"}}],"inLanguage":"en-CH"},{"@type":"Organization","@id":"https:\/\/teasense.ch\/en\/#organization","name":"Reale Selection","alternateName":"TeaSense.ch","url":"https:\/\/teasense.ch\/en\/","logo":{"@type":"ImageObject","inLanguage":"en-CH","@id":"https:\/\/teasense.ch\/en\/#\/schema\/logo\/image\/","url":"https:\/\/teasense.ch\/wp-content\/uploads\/2023\/07\/cropped-logo-teasense-kategorie-onlineshop-alle-produkte.jpg","contentUrl":"https:\/\/teasense.ch\/wp-content\/uploads\/2023\/07\/cropped-logo-teasense-kategorie-onlineshop-alle-produkte.jpg","width":512,"height":512,"caption":"Reale Selection"},"image":{"@id":"https:\/\/teasense.ch\/en\/#\/schema\/logo\/image\/"},"sameAs":["https:\/\/www.facebook.com\/teasense.ch"]}]}},"jetpack-related-posts":[{"id":44146,"url":"https:\/\/teasense.ch\/en\/product\/harmonie-kraeutertee-mate\/","url_meta":{"origin":38547,"position":0},"title":"Harmonie \u2013 Kr\u00e4utermischung mit Mate","author":"Reale Selection","date":"25. February 2025","format":false,"excerpt":"Zubereitung Harmonie Kr\u00e4utertee mit Mate \ud83e\udd44 1 - 2 geh\u00e4ufte Teel\u00f6ffel (ca. 2 g) auf 200 ml Wasser \ud83c\udf21\ufe0f 100 \u00b0C \u23f3 6 - 10 Minuten ziehen lassen","rel":"","context":"Similar post","block_context":{"text":"Similar post","link":""},"img":{"alt_text":"Harmonie Kr\u00e4utertee \u2013 Sanfte Kr\u00e4utermischung mit Mate","src":"https:\/\/i0.wp.com\/teasense.ch\/wp-content\/uploads\/2025\/02\/Harmonie-Kraeutertee-%E2%80%93-Sanfte-Kraeutermischung-mit-Mate.png?resize=350%2C200&ssl=1","width":350,"height":200,"srcset":"https:\/\/i0.wp.com\/teasense.ch\/wp-content\/uploads\/2025\/02\/Harmonie-Kraeutertee-%E2%80%93-Sanfte-Kraeutermischung-mit-Mate.png?resize=350%2C200&ssl=1 1x, https:\/\/i0.wp.com\/teasense.ch\/wp-content\/uploads\/2025\/02\/Harmonie-Kraeutertee-%E2%80%93-Sanfte-Kraeutermischung-mit-Mate.png?resize=525%2C300&ssl=1 1.5x, https:\/\/i0.wp.com\/teasense.ch\/wp-content\/uploads\/2025\/02\/Harmonie-Kraeutertee-%E2%80%93-Sanfte-Kraeutermischung-mit-Mate.png?resize=700%2C400&ssl=1 2x"},"classes":[]},{"id":33567,"url":"https:\/\/teasense.ch\/en\/product\/brombeerblaetter\/","url_meta":{"origin":38547,"position":1},"title":"Brombeerbl\u00e4tter","author":"Reale Selection","date":"15. July 2023","format":false,"excerpt":"Zubereitung Brombeerbl\u00e4tter Tee \ud83e\udd44 2 Teel\u00f6ffel auf 1 Tasse (200 ml) Wasser \ud83c\udf21\ufe0f 70 \u00b0C \u23f3 10-15 Minuten","rel":"","context":"Similar post","block_context":{"text":"Similar post","link":""},"img":{"alt_text":"Brombeerbl\u00e4tter","src":"https:\/\/i0.wp.com\/teasense.ch\/wp-content\/uploads\/2023\/07\/bio-brombeerblaetter-plain.jpg?resize=350%2C200&ssl=1","width":350,"height":200,"srcset":"https:\/\/i0.wp.com\/teasense.ch\/wp-content\/uploads\/2023\/07\/bio-brombeerblaetter-plain.jpg?resize=350%2C200&ssl=1 1x, https:\/\/i0.wp.com\/teasense.ch\/wp-content\/uploads\/2023\/07\/bio-brombeerblaetter-plain.jpg?resize=525%2C300&ssl=1 1.5x, https:\/\/i0.wp.com\/teasense.ch\/wp-content\/uploads\/2023\/07\/bio-brombeerblaetter-plain.jpg?resize=700%2C400&ssl=1 2x"},"classes":[]},{"id":38233,"url":"https:\/\/teasense.ch\/en\/product\/bleib-fresh\/","url_meta":{"origin":38547,"position":2},"title":"Bleib Fresh Kr\u00e4utertee","author":"Reale Selection","date":"22. October 2023","format":false,"excerpt":"Kr\u00e4utertee mit Minze-Lemon-Geschmack Zubereitung Bleib Fresh Kr\u00e4utertee \ud83e\udd44 1-2 Teel\u00f6ffel Kr\u00e4utermischung pro Liter (14g\/Liter) \ud83c\udf21\ufe0f 100 \u00b0C (Kochendes Wasser) \u23f3 5 Minuten","rel":"","context":"Similar post","block_context":{"text":"Similar post","link":""},"img":{"alt_text":"Loser Koriander Teemischung","src":"https:\/\/i0.wp.com\/teasense.ch\/wp-content\/uploads\/2023\/10\/kraeuterteemischung-bleib-fresh-plain.jpg?resize=350%2C200&ssl=1","width":350,"height":200,"srcset":"https:\/\/i0.wp.com\/teasense.ch\/wp-content\/uploads\/2023\/10\/kraeuterteemischung-bleib-fresh-plain.jpg?resize=350%2C200&ssl=1 1x, https:\/\/i0.wp.com\/teasense.ch\/wp-content\/uploads\/2023\/10\/kraeuterteemischung-bleib-fresh-plain.jpg?resize=525%2C300&ssl=1 1.5x, https:\/\/i0.wp.com\/teasense.ch\/wp-content\/uploads\/2023\/10\/kraeuterteemischung-bleib-fresh-plain.jpg?resize=700%2C400&ssl=1 2x"},"classes":[]},{"id":38042,"url":"https:\/\/teasense.ch\/en\/product\/naturklang-kraeutertee\/","url_meta":{"origin":38547,"position":3},"title":"Naturklang Kr\u00e4utertee","author":"Reale Selection","date":"15. October 2023","format":false,"excerpt":"Zubereitung Naturklang Kr\u00e4utertee \ud83e\udd44 1 - 2 Teel\u00f6ffel pro Tasse\ud83c\udf21\ufe0f 100 \u00b0C\u23f3 6 - 8 Minuten","rel":"","context":"Similar post","block_context":{"text":"Similar post","link":""},"img":{"alt_text":"Naturklang Kr\u00e4utertee Teemischung Zutaten auf weissem Hintergrund.","src":"https:\/\/i0.wp.com\/teasense.ch\/wp-content\/uploads\/2023\/10\/winterpunsch-plain.jpg?resize=350%2C200&ssl=1","width":350,"height":200,"srcset":"https:\/\/i0.wp.com\/teasense.ch\/wp-content\/uploads\/2023\/10\/winterpunsch-plain.jpg?resize=350%2C200&ssl=1 1x, https:\/\/i0.wp.com\/teasense.ch\/wp-content\/uploads\/2023\/10\/winterpunsch-plain.jpg?resize=525%2C300&ssl=1 1.5x, https:\/\/i0.wp.com\/teasense.ch\/wp-content\/uploads\/2023\/10\/winterpunsch-plain.jpg?resize=700%2C400&ssl=1 2x"},"classes":[]},{"id":43238,"url":"https:\/\/teasense.ch\/product\/schlafmuetze-kraeutertee\/","url_meta":{"origin":38547,"position":4},"title":"Schlafm\u00fctze Kr\u00e4utertee","author":"Reale Selection","date":"23. October 2024","format":false,"excerpt":"Zubereitung Schlafm\u00fctze Kr\u00e4utertee \ud83e\udd44 1 Teel\u00f6ffel pro Tasse (14g\/Liter)\ud83c\udf21\ufe0f 100 \u00b0C\u23f3 5 Minuten","rel":"","context":"Similar post","block_context":{"text":"Similar post","link":""},"img":{"alt_text":"Schlafm\u00fctze Kr\u00e4utertee weisser Hintergrund","src":"https:\/\/i0.wp.com\/teasense.ch\/wp-content\/uploads\/2024\/10\/schlafmuetze-kraeutertee-weisser-hintergrund.png?resize=350%2C200&ssl=1","width":350,"height":200,"srcset":"https:\/\/i0.wp.com\/teasense.ch\/wp-content\/uploads\/2024\/10\/schlafmuetze-kraeutertee-weisser-hintergrund.png?resize=350%2C200&ssl=1 1x, https:\/\/i0.wp.com\/teasense.ch\/wp-content\/uploads\/2024\/10\/schlafmuetze-kraeutertee-weisser-hintergrund.png?resize=525%2C300&ssl=1 1.5x, https:\/\/i0.wp.com\/teasense.ch\/wp-content\/uploads\/2024\/10\/schlafmuetze-kraeutertee-weisser-hintergrund.png?resize=700%2C400&ssl=1 2x"},"classes":[]},{"id":45714,"url":"https:\/\/teasense.ch\/en\/product\/ayurveda-chai-mit-mate\/","url_meta":{"origin":38547,"position":5},"title":"Ayurveda Chai mit Mate","author":"Reale Selection","date":"13. May 2025","format":false,"excerpt":"Zubereitung Ayurveda Chai mit Mate \ud83e\udd44 1\u20132 TL pro Tasse (14g\/Liter)\ud83c\udf21\ufe0f 100 \u00b0C\u23f3 5 Minuten ziehen lassen","rel":"","context":"Similar post","block_context":{"text":"Similar post","link":""},"img":{"alt_text":"Ayurveda Chai mit Mate","src":"https:\/\/i0.wp.com\/teasense.ch\/wp-content\/uploads\/2025\/05\/Ayurveda-Chai-mit-Mate.png?resize=350%2C200&ssl=1","width":350,"height":200,"srcset":"https:\/\/i0.wp.com\/teasense.ch\/wp-content\/uploads\/2025\/05\/Ayurveda-Chai-mit-Mate.png?resize=350%2C200&ssl=1 1x, https:\/\/i0.wp.com\/teasense.ch\/wp-content\/uploads\/2025\/05\/Ayurveda-Chai-mit-Mate.png?resize=525%2C300&ssl=1 1.5x, https:\/\/i0.wp.com\/teasense.ch\/wp-content\/uploads\/2025\/05\/Ayurveda-Chai-mit-Mate.png?resize=700%2C400&ssl=1 2x"},"classes":[]}],"jetpack_sharing_enabled":false,"jetpack_likes_enabled":false,"_links":{"self":[{"href":"https:\/\/teasense.ch\/en\/wp-json\/wp\/v2\/product\/38547","targetHints":{"allow":["GET"]}}],"collection":[{"href":"https:\/\/teasense.ch\/en\/wp-json\/wp\/v2\/product"}],"about":[{"href":"https:\/\/teasense.ch\/en\/wp-json\/wp\/v2\/types\/product"}],"replies":[{"embeddable":true,"href":"https:\/\/teasense.ch\/en\/wp-json\/wp\/v2\/comments?post=38547"}],"wp:featuredmedia":[{"embeddable":true,"href":"https:\/\/teasense.ch\/en\/wp-json\/wp\/v2\/media\/38574"}],"wp:attachment":[{"href":"https:\/\/teasense.ch\/en\/wp-json\/wp\/v2\/media?parent=38547"}],"wp:term":[{"taxonomy":"product_brand","embeddable":true,"href":"https:\/\/teasense.ch\/en\/wp-json\/wp\/v2\/product_brand?post=38547"},{"taxonomy":"product_cat","embeddable":true,"href":"https:\/\/teasense.ch\/en\/wp-json\/wp\/v2\/product_cat?post=38547"},{"taxonomy":"product_tag","embeddable":true,"href":"https:\/\/teasense.ch\/en\/wp-json\/wp\/v2\/product_tag?post=38547"}],"curies":[{"name":"wp","href":"https:\/\/api.w.org\/{rel}","templated":true}]}}