{"id":41236,"date":"2024-03-26T21:49:31","date_gmt":"2024-03-26T20:49:31","guid":{"rendered":"https:\/\/teasense.ch\/?post_type=product&#038;p=41236"},"modified":"2025-11-12T09:38:01","modified_gmt":"2025-11-12T08:38:01","slug":"ayurveda-pitta-tee","status":"publish","type":"product","link":"https:\/\/teasense.ch\/en\/product\/ayurveda-pitta-tee\/","title":{"rendered":"Ayurveda Pitta Kr\u00e4uter- und Gew\u00fcrztee"},"content":{"rendered":"<h2 data-start=\"471\" data-end=\"512\">Ayurveda Pitta Kr\u00e4uter- und Gew\u00fcrztee<\/h2>\n<p class=\"\" data-start=\"514\" data-end=\"1037\">Dieser Ayurveda Pitta Tee ist eine harmonisierende Teemischung, die aus sorgf\u00e4ltig ausgew\u00e4hlten Kr\u00e4utern und Gew\u00fcrzen besteht. Diese Kombination sorgt f\u00fcr einen ausgewogenen Geschmack und bringt Ruhe in deinen Alltag. Besonders die Zutaten wie Ingwer, Fenchel, K\u00fcmmel und Zimt sorgen f\u00fcr eine angenehme W\u00e4rme, die den K\u00f6rper beruhigt. Die S\u00fc\u00dfholzwurzel erg\u00e4nzt die Mischung mit einer sanften S\u00fcsse, w\u00e4hrend Brennnesselbl\u00e4tter und Krauseminze f\u00fcr einen frischen Akzent sorgen.<\/p>\n<p class=\"\" data-start=\"1039\" data-end=\"1285\">Der Ayurveda Pitta Kr\u00e4uter- und Gew\u00fcrztee eignet sich besonders f\u00fcr Momente der Entspannung. Der Tee enth\u00e4lt auch Kurkuma, Nelken, Koriander und Kardamom, die zusammen eine feine W\u00fcrze und einen einzigartigen Geschmack bieten.<\/p>\n<p class=\"\" data-start=\"1287\" data-end=\"1555\">F\u00fcr die Zubereitung gibst du etwa 2 Gramm (ca. 1 Teel\u00f6ffel) der Teemischung auf 200 ml heisses Wasser. Die ideale Wassertemperatur liegt bei 70 bis 80 Grad Celsius. Lasse den Tee dann 5 bis 7 Minuten ziehen, um das volle Aroma und die Wirkung der Kr\u00e4uter zu entfalten.<\/p>\n<h3 data-start=\"1287\" data-end=\"1555\">Zutaten Ayurveda Pitta Kr\u00e4uter- und Gew\u00fcrztee<\/h3>\n<p data-start=\"1287\" data-end=\"1555\">S\u00fcssholzwurzel, Ingwer, Zimt, Fenchel, K\u00fcmmel, Brennnesselbl\u00e4tter, Krauseminzbl\u00e4tter, Koriander, Kardamom, Kurkuma, Nelken<\/p>\n<h3 data-start=\"929\" data-end=\"963\">F\u00fcr deine Entspannungsmomente<\/h3>\n<p data-start=\"965\" data-end=\"1249\">Dieser Kr\u00e4uter- und Gew\u00fcrztee eignet sich besonders f\u00fcr ruhige Momente, in denen du dir eine kleine Auszeit g\u00f6nnen m\u00f6chtest. Ob nach einem anstrengenden Tag oder w\u00e4hrend deiner t\u00e4glichen Teepause \u2013 der Ayurveda Pitta Tee hilft dir, den Alltag einen Moment lang hinter dir zu lassen.<\/p>\n","protected":false},"excerpt":{"rendered":"<p>Dosha Feuer und Wasser<\/p>\n<h3>Zubereitung Ayurveda Pitta Tee<\/h3>\n<p>\ud83e\udd44 2 g (ca. 1 Teel\u00f6ffel) auf 200 ml Wasser<br data-start=\"1618\" data-end=\"1621\" \/>\ud83c\udf21\ufe0f 70 \u2013 80 \u00b0C<br data-start=\"1635\" data-end=\"1638\" \/>\u23f3 5 \u2013 7 Minuten ziehen lassen<\/p>\n","protected":false},"featured_media":45501,"comment_status":"open","ping_status":"closed","template":"","meta":{"_et_pb_use_builder":"","_et_pb_old_content":"","_et_gb_content_width":""},"product_brand":[],"product_cat":[74,84,150,19],"product_tag":[],"class_list":{"0":"post-41236","1":"product","2":"type-product","3":"status-publish","4":"has-post-thumbnail","6":"product_cat-alle-produkte","7":"product_cat-ayurveda","8":"product_cat-kraeutertee","9":"product_cat-tee","10":"pa_herkunft-deutschland","11":"pa_weight-100-g","12":"pa_weight-200-g","13":"pa_weight-400-g","14":"pa_weight-50-g","16":"first","17":"instock","18":"shipping-taxable","19":"purchasable","20":"product-type-variable","21":"has-default-attributes","22":"add-to-wishlist-before_image"},"yoast_head":"<!-- This site is optimized with the Yoast SEO plugin v27.4 - https:\/\/yoast.com\/product\/yoast-seo-wordpress\/ -->\n<title>Ayurveda Pitta Kr\u00e4uter- und Gew\u00fcrztee - TeaSense.ch - Tee Shop Schweiz<\/title>\n<meta name=\"description\" content=\"Entdecke der harmonisierende Ayurveda Pitta Kr\u00e4uter- und Gew\u00fcrztee. Eine nat\u00fcrliche Mischung aus Ingwer, Zimt, Fenchel und weiteren Gew\u00fcrzen.\" \/>\n<meta name=\"robots\" content=\"index, follow, max-snippet:-1, max-image-preview:large, max-video-preview:-1\" \/>\n<link rel=\"canonical\" href=\"https:\/\/teasense.ch\/en\/product\/ayurveda-pitta-tee\/\" \/>\n<meta property=\"og:locale\" content=\"en_US\" \/>\n<meta property=\"og:type\" content=\"article\" \/>\n<meta property=\"og:title\" content=\"Ayurveda Pitta Kr\u00e4uter- und Gew\u00fcrztee - TeaSense.ch - Tee Shop Schweiz\" \/>\n<meta property=\"og:description\" content=\"Entdecke der harmonisierende Ayurveda Pitta Kr\u00e4uter- und Gew\u00fcrztee. Eine nat\u00fcrliche Mischung aus Ingwer, Zimt, Fenchel und weiteren Gew\u00fcrzen.\" \/>\n<meta property=\"og:url\" content=\"https:\/\/teasense.ch\/en\/product\/ayurveda-pitta-tee\/\" \/>\n<meta property=\"og:site_name\" content=\"TeaSense.ch - Tee Shop Schweiz\" \/>\n<meta property=\"article:publisher\" content=\"https:\/\/www.facebook.com\/teasense.ch\" \/>\n<meta property=\"article:modified_time\" content=\"2025-11-12T08:38:01+00:00\" \/>\n<meta property=\"og:image\" content=\"https:\/\/teasense.ch\/wp-content\/uploads\/2024\/03\/Ayurveda-Pitta-Kraeuter-und-Gewuerztee.png\" \/>\n\t<meta property=\"og:image:width\" content=\"800\" \/>\n\t<meta property=\"og:image:height\" content=\"800\" \/>\n\t<meta property=\"og:image:type\" content=\"image\/png\" \/>\n<meta name=\"twitter:card\" content=\"summary_large_image\" \/>\n<meta name=\"twitter:label1\" content=\"Est. reading time\" \/>\n\t<meta name=\"twitter:data1\" content=\"2 minutes\" \/>\n<!-- \/ Yoast SEO plugin. -->","yoast_head_json":{"title":"Ayurveda Pitta Kr\u00e4uter- und Gew\u00fcrztee - TeaSense.ch - Tee Shop Schweiz","description":"Entdecke der harmonisierende Ayurveda Pitta Kr\u00e4uter- und Gew\u00fcrztee. Eine nat\u00fcrliche Mischung aus Ingwer, Zimt, Fenchel und weiteren Gew\u00fcrzen.","robots":{"index":"index","follow":"follow","max-snippet":"max-snippet:-1","max-image-preview":"max-image-preview:large","max-video-preview":"max-video-preview:-1"},"canonical":"https:\/\/teasense.ch\/en\/product\/ayurveda-pitta-tee\/","og_locale":"en_US","og_type":"article","og_title":"Ayurveda Pitta Kr\u00e4uter- und Gew\u00fcrztee - TeaSense.ch - Tee Shop Schweiz","og_description":"Entdecke der harmonisierende Ayurveda Pitta Kr\u00e4uter- und Gew\u00fcrztee. Eine nat\u00fcrliche Mischung aus Ingwer, Zimt, Fenchel und weiteren Gew\u00fcrzen.","og_url":"https:\/\/teasense.ch\/en\/product\/ayurveda-pitta-tee\/","og_site_name":"TeaSense.ch - Tee Shop Schweiz","article_publisher":"https:\/\/www.facebook.com\/teasense.ch","article_modified_time":"2025-11-12T08:38:01+00:00","og_image":[{"width":800,"height":800,"url":"https:\/\/teasense.ch\/wp-content\/uploads\/2024\/03\/Ayurveda-Pitta-Kraeuter-und-Gewuerztee.png","type":"image\/png"}],"twitter_card":"summary_large_image","twitter_misc":{"Est. reading time":"2 minutes"},"schema":{"@context":"https:\/\/schema.org","@graph":[{"@type":"WebPage","@id":"https:\/\/teasense.ch\/en\/product\/ayurveda-pitta-tee\/","url":"https:\/\/teasense.ch\/en\/product\/ayurveda-pitta-tee\/","name":"Ayurveda Pitta Kr\u00e4uter- und Gew\u00fcrztee - TeaSense.ch - Tee Shop Schweiz","isPartOf":{"@id":"https:\/\/teasense.ch\/en\/#website"},"primaryImageOfPage":{"@id":"https:\/\/teasense.ch\/en\/product\/ayurveda-pitta-tee\/#primaryimage"},"image":{"@id":"https:\/\/teasense.ch\/en\/product\/ayurveda-pitta-tee\/#primaryimage"},"thumbnailUrl":"https:\/\/teasense.ch\/wp-content\/uploads\/2024\/03\/Ayurveda-Pitta-Kraeuter-und-Gewuerztee.png","datePublished":"2024-03-26T20:49:31+00:00","dateModified":"2025-11-12T08:38:01+00:00","description":"Entdecke der harmonisierende Ayurveda Pitta Kr\u00e4uter- und Gew\u00fcrztee. Eine nat\u00fcrliche Mischung aus Ingwer, Zimt, Fenchel und weiteren Gew\u00fcrzen.","breadcrumb":{"@id":"https:\/\/teasense.ch\/en\/product\/ayurveda-pitta-tee\/#breadcrumb"},"inLanguage":"en-CH","potentialAction":[{"@type":"ReadAction","target":["https:\/\/teasense.ch\/en\/product\/ayurveda-pitta-tee\/"]}]},{"@type":"ImageObject","inLanguage":"en-CH","@id":"https:\/\/teasense.ch\/en\/product\/ayurveda-pitta-tee\/#primaryimage","url":"https:\/\/teasense.ch\/wp-content\/uploads\/2024\/03\/Ayurveda-Pitta-Kraeuter-und-Gewuerztee.png","contentUrl":"https:\/\/teasense.ch\/wp-content\/uploads\/2024\/03\/Ayurveda-Pitta-Kraeuter-und-Gewuerztee.png","width":800,"height":800,"caption":"Ayurveda Pitta Kr\u00e4uter- und Gew\u00fcrztee"},{"@type":"BreadcrumbList","@id":"https:\/\/teasense.ch\/en\/product\/ayurveda-pitta-tee\/#breadcrumb","itemListElement":[{"@type":"ListItem","position":1,"name":"Startseite","item":"https:\/\/teasense.ch\/en\/startseite\/"},{"@type":"ListItem","position":2,"name":"Online Tea ShopTee Onlineshop","item":"https:\/\/teasense.ch\/en\/shop\/"},{"@type":"ListItem","position":3,"name":"Ayurveda Pitta Kr\u00e4uter- und Gew\u00fcrztee"}]},{"@type":"WebSite","@id":"https:\/\/teasense.ch\/en\/#website","url":"https:\/\/teasense.ch\/en\/","name":"TeaSense.ch","description":"Nat\u00fcrliche Teemischungen und klassischer Tee","publisher":{"@id":"https:\/\/teasense.ch\/en\/#organization"},"alternateName":"TeaSense","potentialAction":[{"@type":"SearchAction","target":{"@type":"EntryPoint","urlTemplate":"https:\/\/teasense.ch\/en\/?s={search_term_string}"},"query-input":{"@type":"PropertyValueSpecification","valueRequired":true,"valueName":"search_term_string"}}],"inLanguage":"en-CH"},{"@type":"Organization","@id":"https:\/\/teasense.ch\/en\/#organization","name":"Reale Selection","alternateName":"TeaSense.ch","url":"https:\/\/teasense.ch\/en\/","logo":{"@type":"ImageObject","inLanguage":"en-CH","@id":"https:\/\/teasense.ch\/en\/#\/schema\/logo\/image\/","url":"https:\/\/teasense.ch\/wp-content\/uploads\/2023\/07\/cropped-logo-teasense-kategorie-onlineshop-alle-produkte.jpg","contentUrl":"https:\/\/teasense.ch\/wp-content\/uploads\/2023\/07\/cropped-logo-teasense-kategorie-onlineshop-alle-produkte.jpg","width":512,"height":512,"caption":"Reale Selection"},"image":{"@id":"https:\/\/teasense.ch\/en\/#\/schema\/logo\/image\/"},"sameAs":["https:\/\/www.facebook.com\/teasense.ch"]}]}},"jetpack-related-posts":[{"id":45614,"url":"https:\/\/teasense.ch\/en\/product\/ayurveda-kapha-tee\/","url_meta":{"origin":41236,"position":0},"title":"Ayurveda Kapha Gew\u00fcrz- und Kr\u00e4utertee","author":"Reale Selection","date":"12. May 2025","format":false,"excerpt":"Zubereitung \u2013 Ayurveda Kapha Gew\u00fcrz- und Kr\u00e4utertee \ud83e\udd44 2 g (ca. 1 TL) auf 200 ml Wasser\ud83c\udf21\ufe0f 100 \u00b0C\u23f3 7 \u2013 10 Minuten ziehen lassen","rel":"","context":"Similar post","block_context":{"text":"Similar post","link":""},"img":{"alt_text":"Ayurveda Kapha Gew\u00fcrz- und Kr\u00e4utertee","src":"https:\/\/i0.wp.com\/teasense.ch\/wp-content\/uploads\/2025\/05\/Ayurveda-Kapha-Gewuerz-und-Kraeutertee.png?resize=350%2C200&ssl=1","width":350,"height":200,"srcset":"https:\/\/i0.wp.com\/teasense.ch\/wp-content\/uploads\/2025\/05\/Ayurveda-Kapha-Gewuerz-und-Kraeutertee.png?resize=350%2C200&ssl=1 1x, https:\/\/i0.wp.com\/teasense.ch\/wp-content\/uploads\/2025\/05\/Ayurveda-Kapha-Gewuerz-und-Kraeutertee.png?resize=525%2C300&ssl=1 1.5x, https:\/\/i0.wp.com\/teasense.ch\/wp-content\/uploads\/2025\/05\/Ayurveda-Kapha-Gewuerz-und-Kraeutertee.png?resize=700%2C400&ssl=1 2x"},"classes":[]},{"id":36311,"url":"https:\/\/teasense.ch\/en\/product\/ayurveda-vata-gewuerztee\/","url_meta":{"origin":41236,"position":1},"title":"Ayurveda Vata Gew\u00fcrztee","author":"Reale Selection","date":"28. August 2023","format":false,"excerpt":"Das ayurvedische Bewegungsprinzip Vata bezieht sich auf Luft und Raum. Zubereitung \u2013 Ayurveda Vata Gew\u00fcrztee \ud83e\udd44 2 g (ca. 1 TL) auf 200 ml Wasser\ud83c\udf21\ufe0f 100 \u00b0C\u23f3 7 \u2013 10 Minuten ziehen lassen","rel":"","context":"Similar post","block_context":{"text":"Similar post","link":""},"img":{"alt_text":"Ayurveda Vata Gew\u00fcrztee","src":"https:\/\/i0.wp.com\/teasense.ch\/wp-content\/uploads\/2023\/08\/Ayurveda-Vata-Gewuerztee.png?resize=350%2C200&ssl=1","width":350,"height":200,"srcset":"https:\/\/i0.wp.com\/teasense.ch\/wp-content\/uploads\/2023\/08\/Ayurveda-Vata-Gewuerztee.png?resize=350%2C200&ssl=1 1x, https:\/\/i0.wp.com\/teasense.ch\/wp-content\/uploads\/2023\/08\/Ayurveda-Vata-Gewuerztee.png?resize=525%2C300&ssl=1 1.5x, https:\/\/i0.wp.com\/teasense.ch\/wp-content\/uploads\/2023\/08\/Ayurveda-Vata-Gewuerztee.png?resize=700%2C400&ssl=1 2x"},"classes":[]},{"id":33318,"url":"https:\/\/teasense.ch\/en\/product\/ayurverda-tulsi-orange\/","url_meta":{"origin":41236,"position":2},"title":"Ayurverda Tulsi Orange","author":"Reale Selection","date":"6. July 2023","format":false,"excerpt":"Vermisst du diesen Tee? Schreibe uns eine Nachricht. Zubereitung Tulsi Orange Kr\u00e4uterteemischung\ud83e\udd44 1 -2 Teel\u00f6ffel auf 200 ml Wasser\ud83c\udf21\ufe0f 100 \u00b0C\u23f3 5 - 7 Minuten","rel":"","context":"Similar post","block_context":{"text":"Similar post","link":""},"img":{"alt_text":"Lose Tulsi Orange Teemischung","src":"https:\/\/i0.wp.com\/teasense.ch\/wp-content\/uploads\/2023\/07\/tulsi-orange-plain.jpg?resize=350%2C200&ssl=1","width":350,"height":200,"srcset":"https:\/\/i0.wp.com\/teasense.ch\/wp-content\/uploads\/2023\/07\/tulsi-orange-plain.jpg?resize=350%2C200&ssl=1 1x, https:\/\/i0.wp.com\/teasense.ch\/wp-content\/uploads\/2023\/07\/tulsi-orange-plain.jpg?resize=525%2C300&ssl=1 1.5x, https:\/\/i0.wp.com\/teasense.ch\/wp-content\/uploads\/2023\/07\/tulsi-orange-plain.jpg?resize=700%2C400&ssl=1 2x"},"classes":[]},{"id":45714,"url":"https:\/\/teasense.ch\/en\/product\/ayurveda-chai-mit-mate\/","url_meta":{"origin":41236,"position":3},"title":"Ayurveda Chai mit Mate","author":"Reale Selection","date":"13. May 2025","format":false,"excerpt":"Zubereitung Ayurveda Chai mit Mate \ud83e\udd44 1\u20132 TL pro Tasse (14g\/Liter)\ud83c\udf21\ufe0f 100 \u00b0C\u23f3 5 Minuten ziehen lassen","rel":"","context":"Similar post","block_context":{"text":"Similar post","link":""},"img":{"alt_text":"Ayurveda Chai mit Mate","src":"https:\/\/i0.wp.com\/teasense.ch\/wp-content\/uploads\/2025\/05\/Ayurveda-Chai-mit-Mate.png?resize=350%2C200&ssl=1","width":350,"height":200,"srcset":"https:\/\/i0.wp.com\/teasense.ch\/wp-content\/uploads\/2025\/05\/Ayurveda-Chai-mit-Mate.png?resize=350%2C200&ssl=1 1x, https:\/\/i0.wp.com\/teasense.ch\/wp-content\/uploads\/2025\/05\/Ayurveda-Chai-mit-Mate.png?resize=525%2C300&ssl=1 1.5x, https:\/\/i0.wp.com\/teasense.ch\/wp-content\/uploads\/2025\/05\/Ayurveda-Chai-mit-Mate.png?resize=700%2C400&ssl=1 2x"},"classes":[]},{"id":47213,"url":"https:\/\/teasense.ch\/en\/product\/kakao-chai\/","url_meta":{"origin":41236,"position":4},"title":"Kakao Chai","author":"Reale Selection","date":"30. September 2025","format":false,"excerpt":"Zubereitung Kakao Chai Tee \ud83e\udd44 12\u201315 g\/l\ud83c\udf21\ufe0f 100 \u00b0C\u23f3 7\u201310 Minuten","rel":"","context":"Similar post","block_context":{"text":"Similar post","link":""},"img":{"alt_text":"Kakao Chai Gew\u00fcrz und Kr\u00e4uter Tee mit Kakao Geschmack","src":"https:\/\/i0.wp.com\/teasense.ch\/wp-content\/uploads\/2025\/09\/kakau1.png?resize=350%2C200&ssl=1","width":350,"height":200,"srcset":"https:\/\/i0.wp.com\/teasense.ch\/wp-content\/uploads\/2025\/09\/kakau1.png?resize=350%2C200&ssl=1 1x, https:\/\/i0.wp.com\/teasense.ch\/wp-content\/uploads\/2025\/09\/kakau1.png?resize=525%2C300&ssl=1 1.5x, https:\/\/i0.wp.com\/teasense.ch\/wp-content\/uploads\/2025\/09\/kakau1.png?resize=700%2C400&ssl=1 2x"},"classes":[]},{"id":42958,"url":"https:\/\/teasense.ch\/en\/product\/teetassenbeutel\/","url_meta":{"origin":41236,"position":5},"title":"Teetassenbeutel","author":"Reale Selection","date":"26. July 2024","format":false,"excerpt":"Produktdetails Teetassenbeutel (Leer) \ud83d\udccf 82 x 96 mm \ud83d\udce6 50 Teebeutel pro Packung zum selberf\u00fcllen \u2615 Vielseitig einsetzbar f\u00fcr Tee, Kr\u00e4uter und Gew\u00fcrze","rel":"","context":"Similar post","block_context":{"text":"Similar post","link":""},"img":{"alt_text":"Produktfoto TossIt Teetassenbeutel verpackt","src":"https:\/\/i0.wp.com\/teasense.ch\/wp-content\/uploads\/2024\/07\/produktfoto-tossit-teetassenbeutel.png?resize=350%2C200&ssl=1","width":350,"height":200,"srcset":"https:\/\/i0.wp.com\/teasense.ch\/wp-content\/uploads\/2024\/07\/produktfoto-tossit-teetassenbeutel.png?resize=350%2C200&ssl=1 1x, https:\/\/i0.wp.com\/teasense.ch\/wp-content\/uploads\/2024\/07\/produktfoto-tossit-teetassenbeutel.png?resize=525%2C300&ssl=1 1.5x, https:\/\/i0.wp.com\/teasense.ch\/wp-content\/uploads\/2024\/07\/produktfoto-tossit-teetassenbeutel.png?resize=700%2C400&ssl=1 2x"},"classes":[]}],"jetpack_sharing_enabled":false,"jetpack_likes_enabled":false,"_links":{"self":[{"href":"https:\/\/teasense.ch\/en\/wp-json\/wp\/v2\/product\/41236","targetHints":{"allow":["GET"]}}],"collection":[{"href":"https:\/\/teasense.ch\/en\/wp-json\/wp\/v2\/product"}],"about":[{"href":"https:\/\/teasense.ch\/en\/wp-json\/wp\/v2\/types\/product"}],"replies":[{"embeddable":true,"href":"https:\/\/teasense.ch\/en\/wp-json\/wp\/v2\/comments?post=41236"}],"wp:featuredmedia":[{"embeddable":true,"href":"https:\/\/teasense.ch\/en\/wp-json\/wp\/v2\/media\/45501"}],"wp:attachment":[{"href":"https:\/\/teasense.ch\/en\/wp-json\/wp\/v2\/media?parent=41236"}],"wp:term":[{"taxonomy":"product_brand","embeddable":true,"href":"https:\/\/teasense.ch\/en\/wp-json\/wp\/v2\/product_brand?post=41236"},{"taxonomy":"product_cat","embeddable":true,"href":"https:\/\/teasense.ch\/en\/wp-json\/wp\/v2\/product_cat?post=41236"},{"taxonomy":"product_tag","embeddable":true,"href":"https:\/\/teasense.ch\/en\/wp-json\/wp\/v2\/product_tag?post=41236"}],"curies":[{"name":"wp","href":"https:\/\/api.w.org\/{rel}","templated":true}]}}