{"id":43222,"date":"2024-10-23T13:11:15","date_gmt":"2024-10-23T11:11:15","guid":{"rendered":"https:\/\/teasense.ch\/?post_type=product&#038;p=43222"},"modified":"2026-04-06T10:05:51","modified_gmt":"2026-04-06T08:05:51","slug":"kamillenblueten","status":"publish","type":"product","link":"https:\/\/teasense.ch\/en\/product\/kamillenblueten\/","title":{"rendered":"Kamillenbl\u00fcten"},"content":{"rendered":"<h2>Feine Bl\u00fcten f\u00fcr aromatischen Kamillentee<\/h2>\n<p>Entdecke die Kamillenbl\u00fcten, die f\u00fcr ihren sanften, blumigen Geschmack bekannt sind. Diese zarten Bl\u00fcten stammen von den getrockneten Bl\u00fctenk\u00f6pfen der Kamille und bringen eine milde Note in deine Tasse. Kamillenbl\u00fcten sind ein klassischer Bestandteil in der Teewelt und eignen sich hervorragend als Einzeltee oder in verschiedenen Teemischungen.<\/p>\n<p>Unsere Kamillenbl\u00fcten stammen aus sorgf\u00e4ltig ausgew\u00e4hlten Quellen und werden schonend verarbeitet, um die nat\u00fcrliche Frische und den feinen Duft zu bewahren. Die zarten Bl\u00fcten bringen nicht nur einen angenehm milden Geschmack, sondern auch eine h\u00fcbsche, goldgelbe Farbe in deine Tasse. Sie eignen sich ideal f\u00fcr ruhige Abende oder gem\u00fctliche Auszeiten im Alltag. Egal, ob du ein Teetrinker bist oder einfach mal entspannen m\u00f6chtest \u2013 Kamillenbl\u00fcten sind immer eine gute Wahl.<\/p>\n<h3>Zubereitung von Kamillentee<\/h3>\n<p>Um das volle Aroma zu entfalten, empfehle ich, einen Teel\u00f6ffel der getrockneten Bl\u00fcten mit heissem Wasser (ca. 90 \u00b0C) zu \u00fcbergiessen. Lass den Tee etwa 5-7 Minuten ziehen, damit sich das Aroma optimal entfalten kann. Du kannst den Tee pur geniessen oder mit einem Spritzer Zitronensaft verfeinern. Dieser einfache Zubereitungsprozess sorgt daf\u00fcr, dass du schnell und unkompliziert in den Genuss eines wohltuenden Tees kommst.<\/p>\n<h3>Vielseitige Verwendungsm\u00f6glichkeiten der Kamillenbl\u00fcten<\/h3>\n<p>Kamillenbl\u00fcten eignen sich nicht nur f\u00fcr die Zubereitung von Tee, sondern auch f\u00fcr kreative Teemischungen. Sie harmonieren wunderbar mit anderen Kr\u00e4utern wie Minze, Melisse oder fruchtigen Komponenten wie Zitronen oder Himbeeren. Lass deiner Kreativit\u00e4t freien Lauf und kreiere deine eigene aromatische Teemischung! Die Kombination von Kamillenbl\u00fcten mit anderen Zutaten sorgt f\u00fcr ein interessantes Geschmackserlebnis und bietet dir die M\u00f6glichkeit, immer wieder neue Variationen auszuprobieren.<\/p>\n<p>Sie sind eine hervorragende Wahl f\u00fcr alle, die nat\u00fcrliche und wohlschmeckende Tees suchen. Sie bringen nicht nur Geschmack, sondern auch Farbe in deine Tasse und machen jeden Teemoment zu einem besonderen Erlebnis. Egal, ob du nach einer gem\u00fctlichen Auszeit suchst oder einfach einen k\u00f6stlichen Tee geniessen m\u00f6chtest \u2013 Kamillenbl\u00fcten bieten dir eine angenehme Erfahrung in jeder Tasse. Verw\u00f6hne dich selbst oder \u00fcberrasche deine Freunde mit einer leckeren Kamillenteemischung und geniesse die Vielfalt, die diese Bl\u00fcten bieten k\u00f6nnen.<\/p>\n","protected":false},"excerpt":{"rendered":"<p><strong><span style=\"color: #ff0000;\">Rabatt wegen MHD 31.07.2026<\/span><\/strong><\/p>\n<h4>Zubereitung Kamillenbl\u00fcten Tee<\/h4>\n<p>\ud83e\udd44 1 TL pro Tasse)<br \/>\n\ud83c\udf21\ufe0f 90\u00b0C<br \/>\n\u23f3 5 &#8211; 7\u00a0Minuten<\/p>\n","protected":false},"featured_media":43365,"comment_status":"open","ping_status":"closed","template":"","meta":{"_et_pb_use_builder":"","_et_pb_old_content":"","_et_gb_content_width":""},"product_brand":[],"product_cat":[74,150,155],"product_tag":[],"class_list":{"0":"post-43222","1":"product","2":"type-product","3":"status-publish","4":"has-post-thumbnail","6":"product_cat-alle-produkte","7":"product_cat-kraeutertee","8":"product_cat-monokraeuter","9":"pa_herkunft-kroatien","10":"pa_weight-100-g","11":"pa_weight-150-g","12":"pa_weight-300-g","13":"pa_weight-50-g","15":"first","16":"instock","17":"sale","18":"shipping-taxable","19":"purchasable","20":"product-type-variable","21":"has-default-attributes","22":"add-to-wishlist-before_image"},"yoast_head":"<!-- This site is optimized with the Yoast SEO plugin v27.4 - https:\/\/yoast.com\/product\/yoast-seo-wordpress\/ -->\n<title>Kamillenbl\u00fcten - TeaSense.ch - Tee Shop Schweiz<\/title>\n<meta name=\"description\" content=\"Entdecke hochwertige Kamillenbl\u00fcten f\u00fcr deinen aromatischen Kamillentee. Mild im Geschmack, ideal f\u00fcr entspannende Teemomente und kreative Mischungen.\" \/>\n<meta name=\"robots\" content=\"index, follow, max-snippet:-1, max-image-preview:large, max-video-preview:-1\" \/>\n<link rel=\"canonical\" href=\"https:\/\/teasense.ch\/en\/product\/kamillenblueten\/\" \/>\n<meta property=\"og:locale\" content=\"en_US\" \/>\n<meta property=\"og:type\" content=\"article\" \/>\n<meta property=\"og:title\" content=\"Kamillenbl\u00fcten - TeaSense.ch - Tee Shop Schweiz\" \/>\n<meta property=\"og:description\" content=\"Entdecke hochwertige Kamillenbl\u00fcten f\u00fcr deinen aromatischen Kamillentee. Mild im Geschmack, ideal f\u00fcr entspannende Teemomente und kreative Mischungen.\" \/>\n<meta property=\"og:url\" content=\"https:\/\/teasense.ch\/en\/product\/kamillenblueten\/\" \/>\n<meta property=\"og:site_name\" content=\"TeaSense.ch - Tee Shop Schweiz\" \/>\n<meta property=\"article:publisher\" content=\"https:\/\/www.facebook.com\/teasense.ch\" \/>\n<meta property=\"article:modified_time\" content=\"2026-04-06T08:05:51+00:00\" \/>\n<meta property=\"og:image\" content=\"https:\/\/teasense.ch\/wp-content\/uploads\/2024\/10\/kamillenblueten-weisser-hintergrund.png\" \/>\n\t<meta property=\"og:image:width\" content=\"800\" \/>\n\t<meta property=\"og:image:height\" content=\"800\" \/>\n\t<meta property=\"og:image:type\" content=\"image\/png\" \/>\n<meta name=\"twitter:card\" content=\"summary_large_image\" \/>\n<meta name=\"twitter:label1\" content=\"Est. reading time\" \/>\n\t<meta name=\"twitter:data1\" content=\"3 minutes\" \/>\n<!-- \/ Yoast SEO plugin. -->","yoast_head_json":{"title":"Kamillenbl\u00fcten - TeaSense.ch - Tee Shop Schweiz","description":"Entdecke hochwertige Kamillenbl\u00fcten f\u00fcr deinen aromatischen Kamillentee. Mild im Geschmack, ideal f\u00fcr entspannende Teemomente und kreative Mischungen.","robots":{"index":"index","follow":"follow","max-snippet":"max-snippet:-1","max-image-preview":"max-image-preview:large","max-video-preview":"max-video-preview:-1"},"canonical":"https:\/\/teasense.ch\/en\/product\/kamillenblueten\/","og_locale":"en_US","og_type":"article","og_title":"Kamillenbl\u00fcten - TeaSense.ch - Tee Shop Schweiz","og_description":"Entdecke hochwertige Kamillenbl\u00fcten f\u00fcr deinen aromatischen Kamillentee. Mild im Geschmack, ideal f\u00fcr entspannende Teemomente und kreative Mischungen.","og_url":"https:\/\/teasense.ch\/en\/product\/kamillenblueten\/","og_site_name":"TeaSense.ch - Tee Shop Schweiz","article_publisher":"https:\/\/www.facebook.com\/teasense.ch","article_modified_time":"2026-04-06T08:05:51+00:00","og_image":[{"width":800,"height":800,"url":"https:\/\/teasense.ch\/wp-content\/uploads\/2024\/10\/kamillenblueten-weisser-hintergrund.png","type":"image\/png"}],"twitter_card":"summary_large_image","twitter_misc":{"Est. reading time":"3 minutes"},"schema":{"@context":"https:\/\/schema.org","@graph":[{"@type":"WebPage","@id":"https:\/\/teasense.ch\/en\/product\/kamillenblueten\/","url":"https:\/\/teasense.ch\/en\/product\/kamillenblueten\/","name":"Kamillenbl\u00fcten - TeaSense.ch - Tee Shop Schweiz","isPartOf":{"@id":"https:\/\/teasense.ch\/en\/#website"},"primaryImageOfPage":{"@id":"https:\/\/teasense.ch\/en\/product\/kamillenblueten\/#primaryimage"},"image":{"@id":"https:\/\/teasense.ch\/en\/product\/kamillenblueten\/#primaryimage"},"thumbnailUrl":"https:\/\/teasense.ch\/wp-content\/uploads\/2024\/10\/kamillenblueten-weisser-hintergrund.png","datePublished":"2024-10-23T11:11:15+00:00","dateModified":"2026-04-06T08:05:51+00:00","description":"Entdecke hochwertige Kamillenbl\u00fcten f\u00fcr deinen aromatischen Kamillentee. Mild im Geschmack, ideal f\u00fcr entspannende Teemomente und kreative Mischungen.","breadcrumb":{"@id":"https:\/\/teasense.ch\/en\/product\/kamillenblueten\/#breadcrumb"},"inLanguage":"en-CH","potentialAction":[{"@type":"ReadAction","target":["https:\/\/teasense.ch\/en\/product\/kamillenblueten\/"]}]},{"@type":"ImageObject","inLanguage":"en-CH","@id":"https:\/\/teasense.ch\/en\/product\/kamillenblueten\/#primaryimage","url":"https:\/\/teasense.ch\/wp-content\/uploads\/2024\/10\/kamillenblueten-weisser-hintergrund.png","contentUrl":"https:\/\/teasense.ch\/wp-content\/uploads\/2024\/10\/kamillenblueten-weisser-hintergrund.png","width":800,"height":800,"caption":"Kamillenbl\u00fcten weisser Hintergrund"},{"@type":"BreadcrumbList","@id":"https:\/\/teasense.ch\/en\/product\/kamillenblueten\/#breadcrumb","itemListElement":[{"@type":"ListItem","position":1,"name":"Startseite","item":"https:\/\/teasense.ch\/en\/startseite\/"},{"@type":"ListItem","position":2,"name":"Online Tea ShopTee Onlineshop","item":"https:\/\/teasense.ch\/en\/shop\/"},{"@type":"ListItem","position":3,"name":"Kamillenbl\u00fcten"}]},{"@type":"WebSite","@id":"https:\/\/teasense.ch\/en\/#website","url":"https:\/\/teasense.ch\/en\/","name":"TeaSense.ch","description":"Nat\u00fcrliche Teemischungen und klassischer Tee","publisher":{"@id":"https:\/\/teasense.ch\/en\/#organization"},"alternateName":"TeaSense","potentialAction":[{"@type":"SearchAction","target":{"@type":"EntryPoint","urlTemplate":"https:\/\/teasense.ch\/en\/?s={search_term_string}"},"query-input":{"@type":"PropertyValueSpecification","valueRequired":true,"valueName":"search_term_string"}}],"inLanguage":"en-CH"},{"@type":"Organization","@id":"https:\/\/teasense.ch\/en\/#organization","name":"Reale Selection","alternateName":"TeaSense.ch","url":"https:\/\/teasense.ch\/en\/","logo":{"@type":"ImageObject","inLanguage":"en-CH","@id":"https:\/\/teasense.ch\/en\/#\/schema\/logo\/image\/","url":"https:\/\/teasense.ch\/wp-content\/uploads\/2023\/07\/cropped-logo-teasense-kategorie-onlineshop-alle-produkte.jpg","contentUrl":"https:\/\/teasense.ch\/wp-content\/uploads\/2023\/07\/cropped-logo-teasense-kategorie-onlineshop-alle-produkte.jpg","width":512,"height":512,"caption":"Reale Selection"},"image":{"@id":"https:\/\/teasense.ch\/en\/#\/schema\/logo\/image\/"},"sameAs":["https:\/\/www.facebook.com\/teasense.ch"]}]}},"jetpack-related-posts":[{"id":48095,"url":"https:\/\/teasense.ch\/it\/product\/tisana-dormiglione\/","url_meta":{"origin":43222,"position":0},"title":"Tisana Dormiglione","author":"Reale Selection","date":"23. October 2024","format":false,"excerpt":"Preparazione Tisana Dormiglione \ud83e\udd44 1 cucchiaino per tazza (14g\/litro)\ud83c\udf21\ufe0f 100 \u00b0C\u23f3 5 minuti","rel":"","context":"Similar post","block_context":{"text":"Similar post","link":""},"img":{"alt_text":"Schlafm\u00fctze Kr\u00e4utertee weisser Hintergrund","src":"https:\/\/i0.wp.com\/teasense.ch\/wp-content\/uploads\/2024\/10\/schlafmuetze-kraeutertee-weisser-hintergrund.png?resize=350%2C200&ssl=1","width":350,"height":200,"srcset":"https:\/\/i0.wp.com\/teasense.ch\/wp-content\/uploads\/2024\/10\/schlafmuetze-kraeutertee-weisser-hintergrund.png?resize=350%2C200&ssl=1 1x, https:\/\/i0.wp.com\/teasense.ch\/wp-content\/uploads\/2024\/10\/schlafmuetze-kraeutertee-weisser-hintergrund.png?resize=525%2C300&ssl=1 1.5x, https:\/\/i0.wp.com\/teasense.ch\/wp-content\/uploads\/2024\/10\/schlafmuetze-kraeutertee-weisser-hintergrund.png?resize=700%2C400&ssl=1 2x"},"classes":[]},{"id":48120,"url":"https:\/\/teasense.ch\/it\/product\/kundengeschenk-tee\/","url_meta":{"origin":43222,"position":1},"title":"Regalo t\u00e8 aziendale","author":"Reale Selection","date":"2. March 2026","format":false,"excerpt":"100 g di una miscela di t\u00e8 selezionata Scelta tra tre variet\u00e0 Confezionato in sacchetto kraft con finestra Da 20 pezzi - ordina 100 pezzi nello shop Tempi di consegna ca. 14 giorni lavorativi","rel":"","context":"Similar post","block_context":{"text":"Similar post","link":""},"img":{"alt_text":"Auswahl Tee Kundengeschenke Schwarztee Kr\u00e4utertee Fr\u00fcchtetee","src":"https:\/\/i0.wp.com\/teasense.ch\/wp-content\/uploads\/2026\/03\/auswahl-tee-kundengeschenke.png?resize=350%2C200&ssl=1","width":350,"height":200,"srcset":"https:\/\/i0.wp.com\/teasense.ch\/wp-content\/uploads\/2026\/03\/auswahl-tee-kundengeschenke.png?resize=350%2C200&ssl=1 1x, https:\/\/i0.wp.com\/teasense.ch\/wp-content\/uploads\/2026\/03\/auswahl-tee-kundengeschenke.png?resize=525%2C300&ssl=1 1.5x, https:\/\/i0.wp.com\/teasense.ch\/wp-content\/uploads\/2026\/03\/auswahl-tee-kundengeschenke.png?resize=700%2C400&ssl=1 2x"},"classes":[]},{"id":48103,"url":"https:\/\/teasense.ch\/it\/product\/abbonamento-te\/","url_meta":{"origin":43222,"position":2},"title":"Abbonamento t\u00e8","author":"Reale Selection","date":"25. January 2024","format":false,"excerpt":"\ud83c\udf3f Due tipi di t\u00e8 al mese \ud83d\udcc5 Durata liberamente selezionabile \ud83d\udc8c Personale & personalizzato \ud83c\udf81 Perfetto come regalo Seleziona il numero di mesi desiderato:","rel":"","context":"Similar post","block_context":{"text":"Similar post","link":""},"img":{"alt_text":"Abbonamento al t\u00e8 Scatola di spedizione Teasense Svizzera","src":"https:\/\/i0.wp.com\/teasense.ch\/wp-content\/uploads\/2024\/01\/Tee-Abo-Teasense-Versandbox.png?resize=350%2C200&ssl=1","width":350,"height":200,"srcset":"https:\/\/i0.wp.com\/teasense.ch\/wp-content\/uploads\/2024\/01\/Tee-Abo-Teasense-Versandbox.png?resize=350%2C200&ssl=1 1x, https:\/\/i0.wp.com\/teasense.ch\/wp-content\/uploads\/2024\/01\/Tee-Abo-Teasense-Versandbox.png?resize=525%2C300&ssl=1 1.5x, https:\/\/i0.wp.com\/teasense.ch\/wp-content\/uploads\/2024\/01\/Tee-Abo-Teasense-Versandbox.png?resize=700%2C400&ssl=1 2x"},"classes":[]},{"id":48175,"url":"https:\/\/teasense.ch\/fr\/product\/tisane-douce-nuit\/","url_meta":{"origin":43222,"position":3},"title":"Tisane Douce Nuit","author":"Reale Selection","date":"23. October 2024","format":false,"excerpt":"Pr\u00e9paration de la Tisane Douce Nuit \ud83e\udd44 1 cuill\u00e8re \u00e0 caf\u00e9 par tasse (14 g\/litre)\ud83c\udf21\ufe0f 100 \u00b0C\u23f3 5 minutes","rel":"","context":"Similar post","block_context":{"text":"Similar post","link":""},"img":{"alt_text":"Schlafm\u00fctze Kr\u00e4utertee weisser Hintergrund","src":"https:\/\/i0.wp.com\/teasense.ch\/wp-content\/uploads\/2024\/10\/schlafmuetze-kraeutertee-weisser-hintergrund.png?resize=350%2C200&ssl=1","width":350,"height":200,"srcset":"https:\/\/i0.wp.com\/teasense.ch\/wp-content\/uploads\/2024\/10\/schlafmuetze-kraeutertee-weisser-hintergrund.png?resize=350%2C200&ssl=1 1x, https:\/\/i0.wp.com\/teasense.ch\/wp-content\/uploads\/2024\/10\/schlafmuetze-kraeutertee-weisser-hintergrund.png?resize=525%2C300&ssl=1 1.5x, https:\/\/i0.wp.com\/teasense.ch\/wp-content\/uploads\/2024\/10\/schlafmuetze-kraeutertee-weisser-hintergrund.png?resize=700%2C400&ssl=1 2x"},"classes":[]},{"id":48108,"url":"https:\/\/teasense.ch\/fr\/product\/the-noir-vanille\/","url_meta":{"origin":43222,"position":4},"title":"Th\u00e9 noir vanille","author":"Reale Selection","date":"17. December 2025","format":false,"excerpt":"Pr\u00e9paration th\u00e9 noir vanille naturel \ud83e\udd44 1 \u2013 2 c. \u00e0 c. par tasse (12 g\/litre)\ud83c\udf21\ufe0f 100 \u00b0C\u23f3 3 minutes","rel":"","context":"Similar post","block_context":{"text":"Similar post","link":""},"img":{"alt_text":"Schwarztee Vanille Nat\u00fcrlich","src":"https:\/\/i0.wp.com\/teasense.ch\/wp-content\/uploads\/2025\/12\/vanille-schwarztee.png?resize=350%2C200&ssl=1","width":350,"height":200,"srcset":"https:\/\/i0.wp.com\/teasense.ch\/wp-content\/uploads\/2025\/12\/vanille-schwarztee.png?resize=350%2C200&ssl=1 1x, https:\/\/i0.wp.com\/teasense.ch\/wp-content\/uploads\/2025\/12\/vanille-schwarztee.png?resize=525%2C300&ssl=1 1.5x, https:\/\/i0.wp.com\/teasense.ch\/wp-content\/uploads\/2025\/12\/vanille-schwarztee.png?resize=700%2C400&ssl=1 2x"},"classes":[]},{"id":48156,"url":"https:\/\/teasense.ch\/fr\/product\/the-noir-cerise-sauvage\/","url_meta":{"origin":43222,"position":5},"title":"Th\u00e9 noir cerise sauvage","author":"Reale Selection","date":"17. December 2025","format":false,"excerpt":"Pr\u00e9paration th\u00e9 noir cerise sauvage naturel \ud83e\udd44 1 \u2013 2 c. \u00e0 c. par tasse (12 g\/litre)\ud83c\udf21\ufe0f 100 \u00b0C\u23f3 3 minutes","rel":"","context":"Similar post","block_context":{"text":"Similar post","link":""},"img":{"alt_text":"Schwarztee Wildkirsche Nat\u00fcrliche Teemischung","src":"https:\/\/i0.wp.com\/teasense.ch\/wp-content\/uploads\/2025\/12\/schwarztee-wildkirsche.png?resize=350%2C200&ssl=1","width":350,"height":200,"srcset":"https:\/\/i0.wp.com\/teasense.ch\/wp-content\/uploads\/2025\/12\/schwarztee-wildkirsche.png?resize=350%2C200&ssl=1 1x, https:\/\/i0.wp.com\/teasense.ch\/wp-content\/uploads\/2025\/12\/schwarztee-wildkirsche.png?resize=525%2C300&ssl=1 1.5x, https:\/\/i0.wp.com\/teasense.ch\/wp-content\/uploads\/2025\/12\/schwarztee-wildkirsche.png?resize=700%2C400&ssl=1 2x"},"classes":[]}],"jetpack_sharing_enabled":true,"jetpack_likes_enabled":false,"_links":{"self":[{"href":"https:\/\/teasense.ch\/en\/wp-json\/wp\/v2\/product\/43222","targetHints":{"allow":["GET"]}}],"collection":[{"href":"https:\/\/teasense.ch\/en\/wp-json\/wp\/v2\/product"}],"about":[{"href":"https:\/\/teasense.ch\/en\/wp-json\/wp\/v2\/types\/product"}],"replies":[{"embeddable":true,"href":"https:\/\/teasense.ch\/en\/wp-json\/wp\/v2\/comments?post=43222"}],"wp:featuredmedia":[{"embeddable":true,"href":"https:\/\/teasense.ch\/en\/wp-json\/wp\/v2\/media\/43365"}],"wp:attachment":[{"href":"https:\/\/teasense.ch\/en\/wp-json\/wp\/v2\/media?parent=43222"}],"wp:term":[{"taxonomy":"product_brand","embeddable":true,"href":"https:\/\/teasense.ch\/en\/wp-json\/wp\/v2\/product_brand?post=43222"},{"taxonomy":"product_cat","embeddable":true,"href":"https:\/\/teasense.ch\/en\/wp-json\/wp\/v2\/product_cat?post=43222"},{"taxonomy":"product_tag","embeddable":true,"href":"https:\/\/teasense.ch\/en\/wp-json\/wp\/v2\/product_tag?post=43222"}],"curies":[{"name":"wp","href":"https:\/\/api.w.org\/{rel}","templated":true}]}}