{"id":43231,"date":"2024-10-23T15:07:10","date_gmt":"2024-10-23T13:07:10","guid":{"rendered":"https:\/\/teasense.ch\/?post_type=product&#038;p=43231"},"modified":"2025-12-23T19:48:18","modified_gmt":"2025-12-23T18:48:18","slug":"china-yunnan-white-mao-feng","status":"publish","type":"product","link":"https:\/\/teasense.ch\/en\/product\/china-yunnan-white-mao-feng\/","title":{"rendered":"China Yunnan White Mao Feng"},"content":{"rendered":"<h3>China Yunnan White Mao Feng \u2013 Der edle weisse Tee mit Blattspitzen<\/h3>\n<p>Der China Yunnan White Mao Feng ist ein herausragender weisser Tee aus der ber\u00fchmten Yunnan-Region in China. Diese Region ist bekannt f\u00fcr ihre ausgezeichneten Tees, und der White Mao Feng ist keine Ausnahme. Er wird vollst\u00e4ndig von Hand produziert, was ihn zu einem echten Luxus f\u00fcr Teeliebhaber macht. Die vielen weissen Blattspitzen, die in diesem Tee enthalten sind, zeugen von seiner hohen Qualit\u00e4t und der Sorgfalt bei der Ernte.<\/p>\n<h3>Besonderheiten des White Mao Feng<\/h3>\n<p>Die Tasse dieses Tees zeigt sich in einem hellen, goldenen Farbton und besticht durch ihren zarten, duftigen Charakter. Im Geschmack vereint der White Mao Feng florale und leicht s\u00fcssliche Noten, die ihn von anderen Tees abheben. Diese harmonischen Aromen machen jeden Schluck zu einem unvergesslichen Erlebnis. Bei der Zubereitung entfalten sich die Aromen besonders gut, wenn du die Bl\u00e4tter in Wasser mit einer Temperatur von etwa <strong>80\u00b0C f\u00fcr 2 bis 3 Minuten<\/strong> ziehen l\u00e4sst. Diese Zubereitung bringt die feinen D\u00fcfte zur Geltung und sorgt f\u00fcr ein vollendetes Teeerlebnis.<\/p>\n<h3>Genussmomente mit White Mao Feng<\/h3>\n<p>Geniesse diesen feinen Tee in ruhigen Momenten, sei es allein bei einem guten Buch oder in geselliger Runde mit Freunden. Der elegante Charakter des Tees eignet sich hervorragend f\u00fcr besondere Anl\u00e4sse oder entspannte Nachmittage. Ein wenig Zitronenschale kann die Aromen des Tees zus\u00e4tzlich bereichern und ihm eine besondere Note verleihen. Diese Kombination verst\u00e4rkt das Geschmackserlebnis und macht den Tee noch ansprechender.<\/p>\n<h3>Der Name \u201eMao Feng\u201c und seine Bedeutung<\/h3>\n<p>Der Begriff \u201eMao Feng\u201c verweist auf die haarigen Spitzen der Teebl\u00e4tter, die f\u00fcr die besten Tees typisch sind. Diese jungen Knospen werden in der fr\u00fchen Morgend\u00e4mmerung geerntet, um die Frische und Aromen des Tees zu bewahren. Die sorgf\u00e4ltige Ernte und die Verarbeitung mit Liebe und Hingabe sorgen daf\u00fcr, dass jeder Schluck ein wahres Erlebnis f\u00fcr die Sinne ist.<\/p>\n","protected":false},"excerpt":{"rendered":"<p>Zarter weisser Tee mit Blattspitzen<\/p>\n<h3 data-start=\"0\" data-end=\"45\">Zubereitung China Yunnan White Mao Feng<\/h3>\n<p data-start=\"46\" data-end=\"112\">\ud83e\udd44 1 Teel\u00f6ffel (ca. 2 g) pro Tasse<br data-start=\"80\" data-end=\"83\" \/>\ud83c\udf21\ufe0f 80 \u00b0C<br data-start=\"92\" data-end=\"95\" data-is-only-node=\"\" \/>\u23f3 2 &#8211; 3 Minuten<\/p>\n","protected":false},"featured_media":43383,"comment_status":"open","ping_status":"closed","template":"","meta":{"_et_pb_use_builder":"","_et_pb_old_content":"","_et_gb_content_width":""},"product_brand":[],"product_cat":[74,19,202],"product_tag":[],"class_list":{"0":"post-43231","1":"product","2":"type-product","3":"status-publish","4":"has-post-thumbnail","6":"product_cat-alle-produkte","7":"product_cat-tee","8":"product_cat-weisstee","9":"pa_herkunft-china","10":"pa_weight-100-g","11":"pa_weight-20-g","12":"pa_weight-200-g","13":"pa_weight-50-g","15":"first","16":"instock","17":"shipping-taxable","18":"purchasable","19":"product-type-variable","20":"has-default-attributes","21":"add-to-wishlist-before_image"},"yoast_head":"<!-- This site is optimized with the Yoast SEO plugin v27.4 - https:\/\/yoast.com\/product\/yoast-seo-wordpress\/ -->\n<title>China Yunnan White Mao Feng - TeaSense.ch - Tee Shop Schweiz<\/title>\n<meta name=\"description\" content=\"China Yunnan White Mao Feng \u2013 weisser Tee mit zarten, handgepfl\u00fcckten Blattspitzen. Erlebe die duftige, blumige Tasse eines der besten weissen Tees Chinas.\" \/>\n<meta name=\"robots\" content=\"index, follow, max-snippet:-1, max-image-preview:large, max-video-preview:-1\" \/>\n<link rel=\"canonical\" href=\"https:\/\/teasense.ch\/en\/product\/china-yunnan-white-mao-feng\/\" \/>\n<meta property=\"og:locale\" content=\"en_US\" \/>\n<meta property=\"og:type\" content=\"article\" \/>\n<meta property=\"og:title\" content=\"China Yunnan White Mao Feng - TeaSense.ch - Tee Shop Schweiz\" \/>\n<meta property=\"og:description\" content=\"China Yunnan White Mao Feng \u2013 weisser Tee mit zarten, handgepfl\u00fcckten Blattspitzen. Erlebe die duftige, blumige Tasse eines der besten weissen Tees Chinas.\" \/>\n<meta property=\"og:url\" content=\"https:\/\/teasense.ch\/en\/product\/china-yunnan-white-mao-feng\/\" \/>\n<meta property=\"og:site_name\" content=\"TeaSense.ch - Tee Shop Schweiz\" \/>\n<meta property=\"article:publisher\" content=\"https:\/\/www.facebook.com\/teasense.ch\" \/>\n<meta property=\"article:modified_time\" content=\"2025-12-23T18:48:18+00:00\" \/>\n<meta property=\"og:image\" content=\"https:\/\/teasense.ch\/wp-content\/uploads\/2024\/10\/china-yunnan-white-mao-feng-weisser-hintergrund.png\" \/>\n\t<meta property=\"og:image:width\" content=\"800\" \/>\n\t<meta property=\"og:image:height\" content=\"800\" \/>\n\t<meta property=\"og:image:type\" content=\"image\/png\" \/>\n<meta name=\"twitter:card\" content=\"summary_large_image\" \/>\n<meta name=\"twitter:label1\" content=\"Est. reading time\" \/>\n\t<meta name=\"twitter:data1\" content=\"2 minutes\" \/>\n<!-- \/ Yoast SEO plugin. -->","yoast_head_json":{"title":"China Yunnan White Mao Feng - TeaSense.ch - Tee Shop Schweiz","description":"China Yunnan White Mao Feng \u2013 weisser Tee mit zarten, handgepfl\u00fcckten Blattspitzen. Erlebe die duftige, blumige Tasse eines der besten weissen Tees Chinas.","robots":{"index":"index","follow":"follow","max-snippet":"max-snippet:-1","max-image-preview":"max-image-preview:large","max-video-preview":"max-video-preview:-1"},"canonical":"https:\/\/teasense.ch\/en\/product\/china-yunnan-white-mao-feng\/","og_locale":"en_US","og_type":"article","og_title":"China Yunnan White Mao Feng - TeaSense.ch - Tee Shop Schweiz","og_description":"China Yunnan White Mao Feng \u2013 weisser Tee mit zarten, handgepfl\u00fcckten Blattspitzen. Erlebe die duftige, blumige Tasse eines der besten weissen Tees Chinas.","og_url":"https:\/\/teasense.ch\/en\/product\/china-yunnan-white-mao-feng\/","og_site_name":"TeaSense.ch - Tee Shop Schweiz","article_publisher":"https:\/\/www.facebook.com\/teasense.ch","article_modified_time":"2025-12-23T18:48:18+00:00","og_image":[{"width":800,"height":800,"url":"https:\/\/teasense.ch\/wp-content\/uploads\/2024\/10\/china-yunnan-white-mao-feng-weisser-hintergrund.png","type":"image\/png"}],"twitter_card":"summary_large_image","twitter_misc":{"Est. reading time":"2 minutes"},"schema":{"@context":"https:\/\/schema.org","@graph":[{"@type":"WebPage","@id":"https:\/\/teasense.ch\/en\/product\/china-yunnan-white-mao-feng\/","url":"https:\/\/teasense.ch\/en\/product\/china-yunnan-white-mao-feng\/","name":"China Yunnan White Mao Feng - TeaSense.ch - Tee Shop Schweiz","isPartOf":{"@id":"https:\/\/teasense.ch\/en\/#website"},"primaryImageOfPage":{"@id":"https:\/\/teasense.ch\/en\/product\/china-yunnan-white-mao-feng\/#primaryimage"},"image":{"@id":"https:\/\/teasense.ch\/en\/product\/china-yunnan-white-mao-feng\/#primaryimage"},"thumbnailUrl":"https:\/\/teasense.ch\/wp-content\/uploads\/2024\/10\/china-yunnan-white-mao-feng-weisser-hintergrund.png","datePublished":"2024-10-23T13:07:10+00:00","dateModified":"2025-12-23T18:48:18+00:00","description":"China Yunnan White Mao Feng \u2013 weisser Tee mit zarten, handgepfl\u00fcckten Blattspitzen. Erlebe die duftige, blumige Tasse eines der besten weissen Tees Chinas.","breadcrumb":{"@id":"https:\/\/teasense.ch\/en\/product\/china-yunnan-white-mao-feng\/#breadcrumb"},"inLanguage":"en-CH","potentialAction":[{"@type":"ReadAction","target":["https:\/\/teasense.ch\/en\/product\/china-yunnan-white-mao-feng\/"]}]},{"@type":"ImageObject","inLanguage":"en-CH","@id":"https:\/\/teasense.ch\/en\/product\/china-yunnan-white-mao-feng\/#primaryimage","url":"https:\/\/teasense.ch\/wp-content\/uploads\/2024\/10\/china-yunnan-white-mao-feng-weisser-hintergrund.png","contentUrl":"https:\/\/teasense.ch\/wp-content\/uploads\/2024\/10\/china-yunnan-white-mao-feng-weisser-hintergrund.png","width":800,"height":800,"caption":"China Yunnan White Mao Feng weisser Hintergrund"},{"@type":"BreadcrumbList","@id":"https:\/\/teasense.ch\/en\/product\/china-yunnan-white-mao-feng\/#breadcrumb","itemListElement":[{"@type":"ListItem","position":1,"name":"Startseite","item":"https:\/\/teasense.ch\/en\/startseite\/"},{"@type":"ListItem","position":2,"name":"Online Tea ShopTee Onlineshop","item":"https:\/\/teasense.ch\/en\/shop\/"},{"@type":"ListItem","position":3,"name":"China Yunnan White Mao Feng"}]},{"@type":"WebSite","@id":"https:\/\/teasense.ch\/en\/#website","url":"https:\/\/teasense.ch\/en\/","name":"TeaSense.ch","description":"Nat\u00fcrliche Teemischungen und klassischer Tee","publisher":{"@id":"https:\/\/teasense.ch\/en\/#organization"},"alternateName":"TeaSense","potentialAction":[{"@type":"SearchAction","target":{"@type":"EntryPoint","urlTemplate":"https:\/\/teasense.ch\/en\/?s={search_term_string}"},"query-input":{"@type":"PropertyValueSpecification","valueRequired":true,"valueName":"search_term_string"}}],"inLanguage":"en-CH"},{"@type":"Organization","@id":"https:\/\/teasense.ch\/en\/#organization","name":"Reale Selection","alternateName":"TeaSense.ch","url":"https:\/\/teasense.ch\/en\/","logo":{"@type":"ImageObject","inLanguage":"en-CH","@id":"https:\/\/teasense.ch\/en\/#\/schema\/logo\/image\/","url":"https:\/\/teasense.ch\/wp-content\/uploads\/2023\/07\/cropped-logo-teasense-kategorie-onlineshop-alle-produkte.jpg","contentUrl":"https:\/\/teasense.ch\/wp-content\/uploads\/2023\/07\/cropped-logo-teasense-kategorie-onlineshop-alle-produkte.jpg","width":512,"height":512,"caption":"Reale Selection"},"image":{"@id":"https:\/\/teasense.ch\/en\/#\/schema\/logo\/image\/"},"sameAs":["https:\/\/www.facebook.com\/teasense.ch"]}]}},"jetpack-related-posts":[{"id":43174,"url":"https:\/\/teasense.ch\/en\/product\/china-pu-erh-white-peacock-brick\/","url_meta":{"origin":43231,"position":0},"title":"China Pu-Erh White Peacock Brick","author":"Reale Selection","date":"22. October 2024","format":false,"excerpt":"5 x 30 g Zubereitung China Pu-Erh White Peacock Brick \ud83e\udd44 15 g auf 200 ml Wasser\ud83c\udf21\ufe0f 100 \u00b0C\u23f3 2 \u2013 4 Minuten ziehen lassen","rel":"","context":"Similar post","block_context":{"text":"Similar post","link":""},"img":{"alt_text":"China Pu-Erh White Peacock Brick","src":"https:\/\/i0.wp.com\/teasense.ch\/wp-content\/uploads\/2024\/10\/china-pu-erh-white-peacock-brick.png?resize=350%2C200&ssl=1","width":350,"height":200,"srcset":"https:\/\/i0.wp.com\/teasense.ch\/wp-content\/uploads\/2024\/10\/china-pu-erh-white-peacock-brick.png?resize=350%2C200&ssl=1 1x, https:\/\/i0.wp.com\/teasense.ch\/wp-content\/uploads\/2024\/10\/china-pu-erh-white-peacock-brick.png?resize=525%2C300&ssl=1 1.5x, https:\/\/i0.wp.com\/teasense.ch\/wp-content\/uploads\/2024\/10\/china-pu-erh-white-peacock-brick.png?resize=700%2C400&ssl=1 2x"},"classes":[]},{"id":47279,"url":"https:\/\/teasense.ch\/en\/product\/china-pu-erh-tee\/","url_meta":{"origin":43231,"position":1},"title":"China Pu Erh Tee","author":"Reale Selection","date":"13. October 2025","format":false,"excerpt":"Zubereitung China Pu Erh Tee (Westliche Methode) \ud83e\udd44 1 Teel\u00f6ffel auf 200 ml Wasser \ud83c\udf21\ufe0f 95 \u00b0C \u23f3 2-4 Minuten ziehen lassen","rel":"","context":"Similar post","block_context":{"text":"Similar post","link":""},"img":{"alt_text":"China Pu Erh Tee Fermentierter Schwarztee aus Yunnan","src":"https:\/\/i0.wp.com\/teasense.ch\/wp-content\/uploads\/2025\/10\/china-pu-erh-tee.png?resize=350%2C200&ssl=1","width":350,"height":200,"srcset":"https:\/\/i0.wp.com\/teasense.ch\/wp-content\/uploads\/2025\/10\/china-pu-erh-tee.png?resize=350%2C200&ssl=1 1x, https:\/\/i0.wp.com\/teasense.ch\/wp-content\/uploads\/2025\/10\/china-pu-erh-tee.png?resize=525%2C300&ssl=1 1.5x, https:\/\/i0.wp.com\/teasense.ch\/wp-content\/uploads\/2025\/10\/china-pu-erh-tee.png?resize=700%2C400&ssl=1 2x"},"classes":[]},{"id":35527,"url":"https:\/\/teasense.ch\/en\/product\/teetasse-white-cherry-set\/","url_meta":{"origin":43231,"position":2},"title":"Teetasse Set White Cherry","author":"Reale Selection","date":"16. August 2023","format":false,"excerpt":"Kr\u00e4uterteetasse 0,3l mit Sieb und Deckel","rel":"","context":"Similar post","block_context":{"text":"Similar post","link":""},"img":{"alt_text":"Teetasse White Cherry Set","src":"https:\/\/i0.wp.com\/teasense.ch\/wp-content\/uploads\/2023\/08\/tasse-white-cherry.jpg?resize=350%2C200&ssl=1","width":350,"height":200,"srcset":"https:\/\/i0.wp.com\/teasense.ch\/wp-content\/uploads\/2023\/08\/tasse-white-cherry.jpg?resize=350%2C200&ssl=1 1x, https:\/\/i0.wp.com\/teasense.ch\/wp-content\/uploads\/2023\/08\/tasse-white-cherry.jpg?resize=525%2C300&ssl=1 1.5x, https:\/\/i0.wp.com\/teasense.ch\/wp-content\/uploads\/2023\/08\/tasse-white-cherry.jpg?resize=700%2C400&ssl=1 2x"},"classes":[]},{"id":44280,"url":"https:\/\/teasense.ch\/en\/product\/china-jasmin-gruentee\/","url_meta":{"origin":43231,"position":3},"title":"China Jasmin Gr\u00fcntee","author":"Reale Selection","date":"27. February 2025","format":false,"excerpt":"Zubereitung China Jasmin Gr\u00fcntee \ud83e\udd44 1 TL auf 200 ml Wasser \ud83c\udf21\ufe0f 75 - 80 \u00b0C \u23f3 2 - 3 Minuten ziehen lassen","rel":"","context":"Similar post","block_context":{"text":"Similar post","link":""},"img":{"alt_text":"China Jasmin Gr\u00fcntee","src":"https:\/\/i0.wp.com\/teasense.ch\/wp-content\/uploads\/2025\/02\/China-Jasmin-Gruentee.png?resize=350%2C200&ssl=1","width":350,"height":200,"srcset":"https:\/\/i0.wp.com\/teasense.ch\/wp-content\/uploads\/2025\/02\/China-Jasmin-Gruentee.png?resize=350%2C200&ssl=1 1x, https:\/\/i0.wp.com\/teasense.ch\/wp-content\/uploads\/2025\/02\/China-Jasmin-Gruentee.png?resize=525%2C300&ssl=1 1.5x, https:\/\/i0.wp.com\/teasense.ch\/wp-content\/uploads\/2025\/02\/China-Jasmin-Gruentee.png?resize=700%2C400&ssl=1 2x"},"classes":[]},{"id":47026,"url":"https:\/\/teasense.ch\/en\/product\/kwai-flower-oolong\/","url_meta":{"origin":43231,"position":4},"title":"Kwai Flower Oolong","author":"Reale Selection","date":"19. September 2025","format":false,"excerpt":"Kwai Flower Oolong \u2013 Zubereitung \ud83e\udd44 1-2 Teel\u00f6ffel auf 200 ml Wasser\ud83c\udf21\ufe0f 85\u201390 \u00b0C (heisses Wasser)\u23f3 2\u20134 Minuten, mehrfach aufgiessbar","rel":"","context":"Similar post","block_context":{"text":"Similar post","link":""},"img":{"alt_text":"Kwai Flower Oolong loser Tee","src":"https:\/\/i0.wp.com\/teasense.ch\/wp-content\/uploads\/2025\/09\/kwai-flower-oolong.png?resize=350%2C200&ssl=1","width":350,"height":200,"srcset":"https:\/\/i0.wp.com\/teasense.ch\/wp-content\/uploads\/2025\/09\/kwai-flower-oolong.png?resize=350%2C200&ssl=1 1x, https:\/\/i0.wp.com\/teasense.ch\/wp-content\/uploads\/2025\/09\/kwai-flower-oolong.png?resize=525%2C300&ssl=1 1.5x, https:\/\/i0.wp.com\/teasense.ch\/wp-content\/uploads\/2025\/09\/kwai-flower-oolong.png?resize=700%2C400&ssl=1 2x"},"classes":[]},{"id":43182,"url":"https:\/\/teasense.ch\/en\/product\/nepal-sf-tgfop1-kanchanjangha\/","url_meta":{"origin":43231,"position":5},"title":"Nepal SF TGFOP1 Typ Kanchanjangha","author":"Reale Selection","date":"22. October 2024","format":false,"excerpt":"Schwarztee Klassiker Zubereitung Nepal SF TGFOP1 \ud83e\udd44 1 TL pro Tasse \ud83c\udf21\ufe0f 90 - 95\u00b0C \u23f3 3 -5 Minuten","rel":"","context":"Similar post","block_context":{"text":"Similar post","link":""},"img":{"alt_text":"Nepal SF TGFOP1 Typ Kanchanjangha lose","src":"https:\/\/i0.wp.com\/teasense.ch\/wp-content\/uploads\/2024\/10\/nepal-sf-tgfop1-typ-kanchanjangha-lose.png?resize=350%2C200&ssl=1","width":350,"height":200,"srcset":"https:\/\/i0.wp.com\/teasense.ch\/wp-content\/uploads\/2024\/10\/nepal-sf-tgfop1-typ-kanchanjangha-lose.png?resize=350%2C200&ssl=1 1x, https:\/\/i0.wp.com\/teasense.ch\/wp-content\/uploads\/2024\/10\/nepal-sf-tgfop1-typ-kanchanjangha-lose.png?resize=525%2C300&ssl=1 1.5x, https:\/\/i0.wp.com\/teasense.ch\/wp-content\/uploads\/2024\/10\/nepal-sf-tgfop1-typ-kanchanjangha-lose.png?resize=700%2C400&ssl=1 2x"},"classes":[]}],"jetpack_sharing_enabled":true,"jetpack_likes_enabled":false,"_links":{"self":[{"href":"https:\/\/teasense.ch\/en\/wp-json\/wp\/v2\/product\/43231","targetHints":{"allow":["GET"]}}],"collection":[{"href":"https:\/\/teasense.ch\/en\/wp-json\/wp\/v2\/product"}],"about":[{"href":"https:\/\/teasense.ch\/en\/wp-json\/wp\/v2\/types\/product"}],"replies":[{"embeddable":true,"href":"https:\/\/teasense.ch\/en\/wp-json\/wp\/v2\/comments?post=43231"}],"wp:featuredmedia":[{"embeddable":true,"href":"https:\/\/teasense.ch\/en\/wp-json\/wp\/v2\/media\/43383"}],"wp:attachment":[{"href":"https:\/\/teasense.ch\/en\/wp-json\/wp\/v2\/media?parent=43231"}],"wp:term":[{"taxonomy":"product_brand","embeddable":true,"href":"https:\/\/teasense.ch\/en\/wp-json\/wp\/v2\/product_brand?post=43231"},{"taxonomy":"product_cat","embeddable":true,"href":"https:\/\/teasense.ch\/en\/wp-json\/wp\/v2\/product_cat?post=43231"},{"taxonomy":"product_tag","embeddable":true,"href":"https:\/\/teasense.ch\/en\/wp-json\/wp\/v2\/product_tag?post=43231"}],"curies":[{"name":"wp","href":"https:\/\/api.w.org\/{rel}","templated":true}]}}