{"id":43515,"date":"2024-10-31T13:18:33","date_gmt":"2024-10-31T12:18:33","guid":{"rendered":"https:\/\/teasense.ch\/?post_type=product&#038;p=43515"},"modified":"2025-02-28T16:01:10","modified_gmt":"2025-02-28T15:01:10","slug":"steckdeckeldose-yule","status":"publish","type":"product","link":"https:\/\/teasense.ch\/en\/product\/steckdeckeldose-yule\/","title":{"rendered":"Steckdeckeldose Yule"},"content":{"rendered":"<h3>Festliche Dose f\u00fcr die Weihnachtszeit<\/h3>\n<p>Die Steckdeckeldose Yule ist ein absolutes Must-Have f\u00fcr alle Teeliebhaber in der festlichen Jahreszeit. Mit ihren Ma\u00dfen von 72 x 72 x 100 mm ist die eckige Dose perfekt f\u00fcr etwa 100 Gramm Tee ausgelegt. Nat\u00fcrlich kann das Volumen je nach Teesorte variieren. Die Dose begeistert durch ihr festliches Design mit goldenen Sternen, das jeder K\u00fcche einen Hauch von Weihnachtszauber verleiht. Sie ist nicht nur eine praktische Aufbewahrungsl\u00f6sung, sondern auch ein sch\u00f6ner Blickfang, der die Vorfreude auf die Feiertage steigert.<\/p>\n<h3>Frisches Aroma dank Steckdeckel<\/h3>\n<p>Der praktische Steckdeckel sorgt daf\u00fcr, dass der Tee stets frisch bleibt. Er sch\u00fctzt den Inhalt vor Feuchtigkeit und Licht, wodurch die Aromen optimal erhalten bleiben. Egal ob du Kr\u00e4uter-, Frucht- oder Schwarztee bevorzugst, die Yule-Dose ist die ideale L\u00f6sung, um die Frische und den Geschmack deines Tees zu bewahren. So kannst du w\u00e4hrend der gem\u00fctlichen Adventszeit jederzeit eine Tasse deines Lieblingstees aufbr\u00fchen und die Aromen in vollen Z\u00fcgen geniessen.<\/p>\n<h3>Vielseitig nutzbar \u2013 nicht nur f\u00fcr Tee<\/h3>\n<p>Die Steckdeckeldose Yule ist vielseitig einsetzbar und eignet sich nicht nur f\u00fcr Tee. Sie kann ebenso hervorragend zur Aufbewahrung von Gew\u00fcrzen, Zucker oder sogar Pl\u00e4tzchen genutzt werden. Dank ihres festlichen Designs f\u00fcgt sich die Dose harmonisch in ein weihnachtliches Ambiente ein und ist zudem ein echter Hingucker im Regal oder auf dem Tisch. Du kannst die Dose \u00fcberall dort platzieren, wo du etwas mehr festliche Stimmung zaubern m\u00f6chtest.<\/p>\n<h3>Geschenkidee zur Weihnachtszeit<\/h3>\n<p>Die Steckdeckeldose Yule ist eine wunderbare Geschenkidee f\u00fcr die bevorstehenden Feiertage. Kombiniere sie mit einem feinen Tee aus unserem Sortiment, um ein sch\u00f6nes und pers\u00f6nliches Geschenk f\u00fcr Freunde und Familie zu kreieren. Als besonderen Tipp bieten wir die Yule-Dose auch gef\u00fcllt mit Tee an, damit du gleich den perfekten Teegenuss verschenken kannst. So schaffst du nicht nur Freude, sondern auch einen festlichen Genussmoment, den jeder Teeliebhaber zu sch\u00e4tzen weiss.<\/p>\n<p><a href=\"https:\/\/teasense.ch\/produkt\/weihnachts-teedose\/\">Hier geht es zu der Variante inkl. Teemischung.<\/a><\/p>\n","protected":false},"excerpt":{"rendered":"<p>Teedose ohne Inhalt<\/p>\n","protected":false},"featured_media":43516,"comment_status":"open","ping_status":"closed","template":"","meta":{"_et_pb_use_builder":"","_et_pb_old_content":"","_et_gb_content_width":""},"product_brand":[],"product_cat":[74,140,79],"product_tag":[],"class_list":{"0":"post-43515","1":"product","2":"type-product","3":"status-publish","4":"has-post-thumbnail","6":"product_cat-alle-produkte","7":"product_cat-wintertees","8":"product_cat-teezubehoer","10":"first","11":"instock","12":"shipping-taxable","13":"purchasable","14":"product-type-simple","15":"add-to-wishlist-before_image"},"yoast_head":"<!-- This site is optimized with the Yoast SEO plugin v27.4 - https:\/\/yoast.com\/product\/yoast-seo-wordpress\/ -->\n<title>Steckdeckeldose Yule - TeaSense.ch - Tee Shop Schweiz<\/title>\n<meta name=\"description\" content=\"Die Steckdeckeldose Yule in weihnachtlichem Design mit goldenen Sternen bietet stilvolle Teeaufbewahrung f\u00fcr ca. 100 Gramm. Perfekt f\u00fcr die Weihnachtszeit.\" \/>\n<meta name=\"robots\" content=\"index, follow, max-snippet:-1, max-image-preview:large, max-video-preview:-1\" \/>\n<link rel=\"canonical\" href=\"https:\/\/teasense.ch\/en\/product\/steckdeckeldose-yule\/\" \/>\n<meta property=\"og:locale\" content=\"en_US\" \/>\n<meta property=\"og:type\" content=\"article\" \/>\n<meta property=\"og:title\" content=\"Steckdeckeldose Yule - TeaSense.ch - Tee Shop Schweiz\" \/>\n<meta property=\"og:description\" content=\"Die Steckdeckeldose Yule in weihnachtlichem Design mit goldenen Sternen bietet stilvolle Teeaufbewahrung f\u00fcr ca. 100 Gramm. Perfekt f\u00fcr die Weihnachtszeit.\" \/>\n<meta property=\"og:url\" content=\"https:\/\/teasense.ch\/en\/product\/steckdeckeldose-yule\/\" \/>\n<meta property=\"og:site_name\" content=\"TeaSense.ch - Tee Shop Schweiz\" \/>\n<meta property=\"article:publisher\" content=\"https:\/\/www.facebook.com\/teasense.ch\" \/>\n<meta property=\"article:modified_time\" content=\"2025-02-28T15:01:10+00:00\" \/>\n<meta property=\"og:image\" content=\"https:\/\/teasense.ch\/wp-content\/uploads\/2024\/10\/steckdeckeldose-yule.png\" \/>\n\t<meta property=\"og:image:width\" content=\"800\" \/>\n\t<meta property=\"og:image:height\" content=\"800\" \/>\n\t<meta property=\"og:image:type\" content=\"image\/png\" \/>\n<meta name=\"twitter:card\" content=\"summary_large_image\" \/>\n<meta name=\"twitter:label1\" content=\"Est. reading time\" \/>\n\t<meta name=\"twitter:data1\" content=\"2 minutes\" \/>\n<!-- \/ Yoast SEO plugin. -->","yoast_head_json":{"title":"Steckdeckeldose Yule - TeaSense.ch - Tee Shop Schweiz","description":"Die Steckdeckeldose Yule in weihnachtlichem Design mit goldenen Sternen bietet stilvolle Teeaufbewahrung f\u00fcr ca. 100 Gramm. Perfekt f\u00fcr die Weihnachtszeit.","robots":{"index":"index","follow":"follow","max-snippet":"max-snippet:-1","max-image-preview":"max-image-preview:large","max-video-preview":"max-video-preview:-1"},"canonical":"https:\/\/teasense.ch\/en\/product\/steckdeckeldose-yule\/","og_locale":"en_US","og_type":"article","og_title":"Steckdeckeldose Yule - TeaSense.ch - Tee Shop Schweiz","og_description":"Die Steckdeckeldose Yule in weihnachtlichem Design mit goldenen Sternen bietet stilvolle Teeaufbewahrung f\u00fcr ca. 100 Gramm. Perfekt f\u00fcr die Weihnachtszeit.","og_url":"https:\/\/teasense.ch\/en\/product\/steckdeckeldose-yule\/","og_site_name":"TeaSense.ch - Tee Shop Schweiz","article_publisher":"https:\/\/www.facebook.com\/teasense.ch","article_modified_time":"2025-02-28T15:01:10+00:00","og_image":[{"width":800,"height":800,"url":"https:\/\/teasense.ch\/wp-content\/uploads\/2024\/10\/steckdeckeldose-yule.png","type":"image\/png"}],"twitter_card":"summary_large_image","twitter_misc":{"Est. reading time":"2 minutes"},"schema":{"@context":"https:\/\/schema.org","@graph":[{"@type":"WebPage","@id":"https:\/\/teasense.ch\/en\/product\/steckdeckeldose-yule\/","url":"https:\/\/teasense.ch\/en\/product\/steckdeckeldose-yule\/","name":"Steckdeckeldose Yule - TeaSense.ch - Tee Shop Schweiz","isPartOf":{"@id":"https:\/\/teasense.ch\/en\/#website"},"primaryImageOfPage":{"@id":"https:\/\/teasense.ch\/en\/product\/steckdeckeldose-yule\/#primaryimage"},"image":{"@id":"https:\/\/teasense.ch\/en\/product\/steckdeckeldose-yule\/#primaryimage"},"thumbnailUrl":"https:\/\/teasense.ch\/wp-content\/uploads\/2024\/10\/steckdeckeldose-yule.png","datePublished":"2024-10-31T12:18:33+00:00","dateModified":"2025-02-28T15:01:10+00:00","description":"Die Steckdeckeldose Yule in weihnachtlichem Design mit goldenen Sternen bietet stilvolle Teeaufbewahrung f\u00fcr ca. 100 Gramm. Perfekt f\u00fcr die Weihnachtszeit.","breadcrumb":{"@id":"https:\/\/teasense.ch\/en\/product\/steckdeckeldose-yule\/#breadcrumb"},"inLanguage":"en-CH","potentialAction":[{"@type":"ReadAction","target":["https:\/\/teasense.ch\/en\/product\/steckdeckeldose-yule\/"]}]},{"@type":"ImageObject","inLanguage":"en-CH","@id":"https:\/\/teasense.ch\/en\/product\/steckdeckeldose-yule\/#primaryimage","url":"https:\/\/teasense.ch\/wp-content\/uploads\/2024\/10\/steckdeckeldose-yule.png","contentUrl":"https:\/\/teasense.ch\/wp-content\/uploads\/2024\/10\/steckdeckeldose-yule.png","width":800,"height":800,"caption":"Steckdeckeldose Yule offen"},{"@type":"BreadcrumbList","@id":"https:\/\/teasense.ch\/en\/product\/steckdeckeldose-yule\/#breadcrumb","itemListElement":[{"@type":"ListItem","position":1,"name":"Startseite","item":"https:\/\/teasense.ch\/en\/startseite\/"},{"@type":"ListItem","position":2,"name":"Online Tea ShopTee Onlineshop","item":"https:\/\/teasense.ch\/en\/shop\/"},{"@type":"ListItem","position":3,"name":"Steckdeckeldose Yule"}]},{"@type":"WebSite","@id":"https:\/\/teasense.ch\/en\/#website","url":"https:\/\/teasense.ch\/en\/","name":"TeaSense.ch","description":"Nat\u00fcrliche Teemischungen und klassischer Tee","publisher":{"@id":"https:\/\/teasense.ch\/en\/#organization"},"alternateName":"TeaSense","potentialAction":[{"@type":"SearchAction","target":{"@type":"EntryPoint","urlTemplate":"https:\/\/teasense.ch\/en\/?s={search_term_string}"},"query-input":{"@type":"PropertyValueSpecification","valueRequired":true,"valueName":"search_term_string"}}],"inLanguage":"en-CH"},{"@type":"Organization","@id":"https:\/\/teasense.ch\/en\/#organization","name":"Reale Selection","alternateName":"TeaSense.ch","url":"https:\/\/teasense.ch\/en\/","logo":{"@type":"ImageObject","inLanguage":"en-CH","@id":"https:\/\/teasense.ch\/en\/#\/schema\/logo\/image\/","url":"https:\/\/teasense.ch\/wp-content\/uploads\/2023\/07\/cropped-logo-teasense-kategorie-onlineshop-alle-produkte.jpg","contentUrl":"https:\/\/teasense.ch\/wp-content\/uploads\/2023\/07\/cropped-logo-teasense-kategorie-onlineshop-alle-produkte.jpg","width":512,"height":512,"caption":"Reale Selection"},"image":{"@id":"https:\/\/teasense.ch\/en\/#\/schema\/logo\/image\/"},"sameAs":["https:\/\/www.facebook.com\/teasense.ch"]}]}},"jetpack-related-posts":[{"id":43522,"url":"https:\/\/teasense.ch\/en\/product\/weihnachts-teedose\/","url_meta":{"origin":43515,"position":0},"title":"Weihnachts-Teedose","author":"Reale Selection","date":"31. October 2024","format":false,"excerpt":"Teedose Yule inkl. Teemischung W\u00e4hle zwischen 80 Gramm Weihnachtstee oder 100 Gramm Adventsfr\u00fcchtetee:","rel":"","context":"Similar post","block_context":{"text":"Similar post","link":""},"img":{"alt_text":"","src":"https:\/\/i0.wp.com\/teasense.ch\/wp-content\/uploads\/2024\/10\/teedose-mit-tee-als-geschenk.png?resize=350%2C200&ssl=1","width":350,"height":200,"srcset":"https:\/\/i0.wp.com\/teasense.ch\/wp-content\/uploads\/2024\/10\/teedose-mit-tee-als-geschenk.png?resize=350%2C200&ssl=1 1x, https:\/\/i0.wp.com\/teasense.ch\/wp-content\/uploads\/2024\/10\/teedose-mit-tee-als-geschenk.png?resize=525%2C300&ssl=1 1.5x, https:\/\/i0.wp.com\/teasense.ch\/wp-content\/uploads\/2024\/10\/teedose-mit-tee-als-geschenk.png?resize=700%2C400&ssl=1 2x"},"classes":[]},{"id":36570,"url":"https:\/\/teasense.ch\/en\/product\/matchadose\/","url_meta":{"origin":43515,"position":1},"title":"Matchadose","author":"Reale Selection","date":"4. September 2023","format":false,"excerpt":"Aufbewahrung Matcha","rel":"","context":"Similar post","block_context":{"text":"Similar post","link":""},"img":{"alt_text":"Matchadose mit Doppeldeckel","src":"https:\/\/i0.wp.com\/teasense.ch\/wp-content\/uploads\/2023\/09\/matchadose-plain.jpg?resize=350%2C200&ssl=1","width":350,"height":200,"srcset":"https:\/\/i0.wp.com\/teasense.ch\/wp-content\/uploads\/2023\/09\/matchadose-plain.jpg?resize=350%2C200&ssl=1 1x, https:\/\/i0.wp.com\/teasense.ch\/wp-content\/uploads\/2023\/09\/matchadose-plain.jpg?resize=525%2C300&ssl=1 1.5x, https:\/\/i0.wp.com\/teasense.ch\/wp-content\/uploads\/2023\/09\/matchadose-plain.jpg?resize=700%2C400&ssl=1 2x"},"classes":[]},{"id":37933,"url":"https:\/\/teasense.ch\/en\/product\/weihnachtstee\/","url_meta":{"origin":43515,"position":2},"title":"Weihnachtstee","author":"Reale Selection","date":"10. October 2023","format":false,"excerpt":"Weihnachtlicher Geschmack: herb-frische Orange mit w\u00fcrzigem Zimt Zubereitung Weihnachtstee \ud83e\udd44 1 Teel\u00f6ffel (ca. 2 g) pro Tasse\ud83c\udf21\ufe0f 90 \u2013 100 \u00b0C\u23f3 3 Minuten","rel":"","context":"Similar post","block_context":{"text":"Similar post","link":""},"img":{"alt_text":"Schwarzteemischung Black Delight","src":"https:\/\/i0.wp.com\/teasense.ch\/wp-content\/uploads\/2023\/10\/schwarztee-weihnachtstee.jpg?resize=350%2C200&ssl=1","width":350,"height":200,"srcset":"https:\/\/i0.wp.com\/teasense.ch\/wp-content\/uploads\/2023\/10\/schwarztee-weihnachtstee.jpg?resize=350%2C200&ssl=1 1x, https:\/\/i0.wp.com\/teasense.ch\/wp-content\/uploads\/2023\/10\/schwarztee-weihnachtstee.jpg?resize=525%2C300&ssl=1 1.5x, https:\/\/i0.wp.com\/teasense.ch\/wp-content\/uploads\/2023\/10\/schwarztee-weihnachtstee.jpg?resize=700%2C400&ssl=1 2x"},"classes":[]},{"id":45059,"url":"https:\/\/teasense.ch\/en\/product\/grosse-alu-vorratsdose-scharnierdeckel\/","url_meta":{"origin":43515,"position":3},"title":"Grosse Alu-Vorratsdose mit Scharnierdeckel","author":"Reale Selection","date":"24. April 2025","format":false,"excerpt":"Die perfekte Kombination aus Funktion & Stil \ud83c\udf3f Ideal f\u00fcr Tee, Kaffee und mehr \ud83d\udcd0 Format: 12.5 \u00d7 9 \u00d7 25 cm","rel":"","context":"Similar post","block_context":{"text":"Similar post","link":""},"img":{"alt_text":"Grosse Alu-Vorratsdose mit Scharnierdeckel","src":"https:\/\/i0.wp.com\/teasense.ch\/wp-content\/uploads\/2025\/04\/Grosse-Alu-Vorratsdose-mit-Scharnierdeckel.png?resize=350%2C200&ssl=1","width":350,"height":200,"srcset":"https:\/\/i0.wp.com\/teasense.ch\/wp-content\/uploads\/2025\/04\/Grosse-Alu-Vorratsdose-mit-Scharnierdeckel.png?resize=350%2C200&ssl=1 1x, https:\/\/i0.wp.com\/teasense.ch\/wp-content\/uploads\/2025\/04\/Grosse-Alu-Vorratsdose-mit-Scharnierdeckel.png?resize=525%2C300&ssl=1 1.5x, https:\/\/i0.wp.com\/teasense.ch\/wp-content\/uploads\/2025\/04\/Grosse-Alu-Vorratsdose-mit-Scharnierdeckel.png?resize=700%2C400&ssl=1 2x"},"classes":[]},{"id":38600,"url":"https:\/\/teasense.ch\/en\/product\/tee-weihnachtsbox\/","url_meta":{"origin":43515,"position":4},"title":"Tee Weihnachtsbox","author":"Reale Selection","date":"25. October 2023","format":false,"excerpt":"1 St\u00fcck entspricht einer Box mit je 50 Gramm vom Weihnachtstee, Gl\u00fchweingew\u00fcrz und Adventstee. Das Sujet der Box wird zuf\u00e4llig ausgew\u00e4hlt und kann vom Bild abweichen. Falls es wichtig ist, dass das Design gleich ist oder abweicht - bitte vor der Bestellung kurz melden.","rel":"","context":"Similar post","block_context":{"text":"Similar post","link":""},"img":{"alt_text":"Verschiedene Weihnachtsboxen aufeinander mit drei Teesorten","src":"https:\/\/i0.wp.com\/teasense.ch\/wp-content\/uploads\/2023\/10\/produktfoto-12.png?resize=350%2C200&ssl=1","width":350,"height":200,"srcset":"https:\/\/i0.wp.com\/teasense.ch\/wp-content\/uploads\/2023\/10\/produktfoto-12.png?resize=350%2C200&ssl=1 1x, https:\/\/i0.wp.com\/teasense.ch\/wp-content\/uploads\/2023\/10\/produktfoto-12.png?resize=525%2C300&ssl=1 1.5x, https:\/\/i0.wp.com\/teasense.ch\/wp-content\/uploads\/2023\/10\/produktfoto-12.png?resize=700%2C400&ssl=1 2x"},"classes":[]},{"id":38059,"url":"https:\/\/teasense.ch\/en\/product\/adventstee-fruechtetee\/","url_meta":{"origin":43515,"position":5},"title":"Adventstee Fr\u00fcchtetee","author":"Reale Selection","date":"17. October 2023","format":false,"excerpt":"Nicht nur im Winter ein Genuss.\u2603\ufe0f\u2744\ufe0f Zubereitung Adventstee Fr\u00fcchtetee \ud83e\udd44 1 - 2 geh\u00e4ufte Teel\u00f6ffel pro Tasse (20g\/Liter)\ud83c\udf21\ufe0f 100 \u00b0C\u23f3 8 \u2013 10 Minuten ziehen lassen","rel":"","context":"Similar post","block_context":{"text":"Similar post","link":""},"img":{"alt_text":"Winterfr\u00fcchte Teemischung","src":"https:\/\/i0.wp.com\/teasense.ch\/wp-content\/uploads\/2023\/10\/adventstee-plain.jpg?resize=350%2C200&ssl=1","width":350,"height":200,"srcset":"https:\/\/i0.wp.com\/teasense.ch\/wp-content\/uploads\/2023\/10\/adventstee-plain.jpg?resize=350%2C200&ssl=1 1x, https:\/\/i0.wp.com\/teasense.ch\/wp-content\/uploads\/2023\/10\/adventstee-plain.jpg?resize=525%2C300&ssl=1 1.5x, https:\/\/i0.wp.com\/teasense.ch\/wp-content\/uploads\/2023\/10\/adventstee-plain.jpg?resize=700%2C400&ssl=1 2x"},"classes":[]}],"jetpack_sharing_enabled":true,"jetpack_likes_enabled":false,"_links":{"self":[{"href":"https:\/\/teasense.ch\/en\/wp-json\/wp\/v2\/product\/43515","targetHints":{"allow":["GET"]}}],"collection":[{"href":"https:\/\/teasense.ch\/en\/wp-json\/wp\/v2\/product"}],"about":[{"href":"https:\/\/teasense.ch\/en\/wp-json\/wp\/v2\/types\/product"}],"replies":[{"embeddable":true,"href":"https:\/\/teasense.ch\/en\/wp-json\/wp\/v2\/comments?post=43515"}],"wp:featuredmedia":[{"embeddable":true,"href":"https:\/\/teasense.ch\/en\/wp-json\/wp\/v2\/media\/43516"}],"wp:attachment":[{"href":"https:\/\/teasense.ch\/en\/wp-json\/wp\/v2\/media?parent=43515"}],"wp:term":[{"taxonomy":"product_brand","embeddable":true,"href":"https:\/\/teasense.ch\/en\/wp-json\/wp\/v2\/product_brand?post=43515"},{"taxonomy":"product_cat","embeddable":true,"href":"https:\/\/teasense.ch\/en\/wp-json\/wp\/v2\/product_cat?post=43515"},{"taxonomy":"product_tag","embeddable":true,"href":"https:\/\/teasense.ch\/en\/wp-json\/wp\/v2\/product_tag?post=43515"}],"curies":[{"name":"wp","href":"https:\/\/api.w.org\/{rel}","templated":true}]}}