{"id":45659,"date":"2025-05-12T21:26:49","date_gmt":"2025-05-12T19:26:49","guid":{"rendered":"https:\/\/teasense.ch\/?post_type=product&#038;p=45659"},"modified":"2025-08-25T10:26:16","modified_gmt":"2025-08-25T08:26:16","slug":"rooibusch-chai-ohne-aroma","status":"publish","type":"product","link":"https:\/\/teasense.ch\/en\/product\/rooibusch-chai-ohne-aroma\/","title":{"rendered":"Rooibusch Chai ohne Aroma"},"content":{"rendered":"<h2 data-start=\"362\" data-end=\"389\">Rooibusch Chai ohne Aroma<\/h2>\n<p class=\"\" data-start=\"391\" data-end=\"1015\">Der Rooibos Chai ohne Aroma ist eine w\u00fcrzige Teemischung aus Rooibos, Ingwerst\u00fccke, Zimtstangen, Zimtst\u00fccke, Nelken und schwarzem Pfeffer. Diese Mischung kommt ganz ohne k\u00fcnstliche Aromen aus und bietet dir das volle, nat\u00fcrliche Geschmackserlebnis. Rooibos, der Hauptbestandteil dieses Tees, ist f\u00fcr seine milde S\u00fcsse und den weichen Geschmack bekannt. W\u00e4hrend die Ingwerst\u00fccke und der Zimt dem Tee eine angenehme W\u00e4rme verleihen. Die Nelken und der schwarze Pfeffer bringen eine feinw\u00fcrzige Sch\u00e4rfe, die zusammen mit den anderen Zutaten f\u00fcr ein harmonisches Gesamtbild sorgt.<\/p>\n<h3 data-start=\"1017\" data-end=\"1040\">Zubereitung<\/h3>\n<p class=\"\" data-start=\"1042\" data-end=\"1320\">F\u00fcr den perfekten Genuss des Rooibos Chai gibst du etwa 2 Gramm (ca. 1 Teel\u00f6ffel) der Mischung in 200 ml heisses Wasser. Erhitze das Wasser auf 100 Grad Celsius und lasse den Tee 5 bis 7 Minuten ziehen, damit sich die Gew\u00fcrze optimal entfalten k\u00f6nnen.<\/p>\n<p data-start=\"1042\" data-end=\"1320\">Der Rooibos Chai\u00a0eignet sich perfekt f\u00fcr alle, die einen authentischen Chai-Geschmack ohne Zusatzstoffe geniessen m\u00f6chten. Die Kombination aus Ingwer, Zimt und Pfeffer sorgt f\u00fcr ein w\u00e4rmendes Erlebnis, das sowohl am Morgen als auch am Abend zu deiner Auszeit passt. G\u00f6nn dir diesen nat\u00fcrlichen Teegenuss \u2013 ganz ohne k\u00fcnstliche Aromen.<\/p>\n<h4 data-start=\"1042\" data-end=\"1320\">Zutaten Rooibusch Chai ohne Aroma<\/h4>\n<p data-start=\"1042\" data-end=\"1320\">Rooibusch, Ingwerst\u00fccke, Zimtstangen, Zimtst\u00fccke, Nelken, schwarzer Pfeffer.<\/p>\n<p data-start=\"1042\" data-end=\"1320\">Falls du lieber den nat\u00fcrlichen Geschmack von Rooibos pur geniessen m\u00f6chtest, schau dir auch unseren <a class=\"cursor-pointer\" href=\"https:\/\/teasense.ch\/produkt\/rooibos-tee\/\" target=\"_new\" rel=\"noopener\" data-start=\"1936\" data-end=\"1990\">Rooibos Natur<\/a> oder <a class=\"cursor-pointer\" href=\"https:\/\/teasense.ch\/produkt\/gruener-rooibos-tee\/\" target=\"_new\" rel=\"noopener\" data-start=\"2000\" data-end=\"2057\">Gr\u00fcnen Rooibos<\/a> an \u2013 ebenfalls in bester Qualit\u00e4t und Zus\u00e4tze.<\/p>\n","protected":false},"excerpt":{"rendered":"<h4>Zubereitung Rooibusch Chai ohne Aroma<\/h4>\n<p>\ud83e\udd44 1 Teel\u00f6ffel auf 200 ml Wasser (14g\/Liter)<br data-start=\"1383\" data-end=\"1386\" \/>\ud83c\udf21\ufe0f 100 \u00b0C<br data-start=\"1401\" data-end=\"1404\" \/>\u23f3 5 Minuten ziehen lassen<\/p>\n","protected":false},"featured_media":45660,"comment_status":"open","ping_status":"closed","template":"","meta":{"_et_pb_use_builder":"","_et_pb_old_content":"","_et_gb_content_width":""},"product_brand":[],"product_cat":[74,61,150,19,199],"product_tag":[],"class_list":{"0":"post-45659","1":"product","2":"type-product","3":"status-publish","4":"has-post-thumbnail","6":"product_cat-alle-produkte","7":"product_cat-chai","8":"product_cat-kraeutertee","9":"product_cat-tee","10":"product_cat-rooibos-honeybush","11":"pa_herkunft-deutschland","12":"pa_weight-100-g","13":"pa_weight-200-g","14":"pa_weight-400-g","15":"pa_weight-50-g","17":"first","18":"instock","19":"shipping-taxable","20":"purchasable","21":"product-type-variable","22":"has-default-attributes","23":"add-to-wishlist-before_image"},"yoast_head":"<!-- This site is optimized with the Yoast SEO plugin v27.4 - https:\/\/yoast.com\/product\/yoast-seo-wordpress\/ -->\n<title>Rooibusch Chai ohne Aroma - TeaSense.ch - Tee Shop Schweiz<\/title>\n<meta name=\"description\" content=\"Entdecke den nat\u00fcrlichen Geschmack des Rooibusch Chai ohne Aroma. Eine Mischung aus Rooibos, Ingwer, Zimt und Pfeffer f\u00fcr ein w\u00fcrziges Teeerlebnis.\" \/>\n<meta name=\"robots\" content=\"index, follow, max-snippet:-1, max-image-preview:large, max-video-preview:-1\" \/>\n<link rel=\"canonical\" href=\"https:\/\/teasense.ch\/en\/product\/rooibusch-chai-ohne-aroma\/\" \/>\n<meta property=\"og:locale\" content=\"en_US\" \/>\n<meta property=\"og:type\" content=\"article\" \/>\n<meta property=\"og:title\" content=\"Rooibusch Chai ohne Aroma - TeaSense.ch - Tee Shop Schweiz\" \/>\n<meta property=\"og:description\" content=\"Entdecke den nat\u00fcrlichen Geschmack des Rooibusch Chai ohne Aroma. Eine Mischung aus Rooibos, Ingwer, Zimt und Pfeffer f\u00fcr ein w\u00fcrziges Teeerlebnis.\" \/>\n<meta property=\"og:url\" content=\"https:\/\/teasense.ch\/en\/product\/rooibusch-chai-ohne-aroma\/\" \/>\n<meta property=\"og:site_name\" content=\"TeaSense.ch - Tee Shop Schweiz\" \/>\n<meta property=\"article:publisher\" content=\"https:\/\/www.facebook.com\/teasense.ch\" \/>\n<meta property=\"article:modified_time\" content=\"2025-08-25T08:26:16+00:00\" \/>\n<meta property=\"og:image\" content=\"https:\/\/teasense.ch\/wp-content\/uploads\/2025\/05\/Rooibusch-Chai-ohne-Aroma.png\" \/>\n\t<meta property=\"og:image:width\" content=\"800\" \/>\n\t<meta property=\"og:image:height\" content=\"800\" \/>\n\t<meta property=\"og:image:type\" content=\"image\/png\" \/>\n<meta name=\"twitter:card\" content=\"summary_large_image\" \/>\n<meta name=\"twitter:label1\" content=\"Est. reading time\" \/>\n\t<meta name=\"twitter:data1\" content=\"2 minutes\" \/>\n<!-- \/ Yoast SEO plugin. -->","yoast_head_json":{"title":"Rooibusch Chai ohne Aroma - TeaSense.ch - Tee Shop Schweiz","description":"Entdecke den nat\u00fcrlichen Geschmack des Rooibusch Chai ohne Aroma. Eine Mischung aus Rooibos, Ingwer, Zimt und Pfeffer f\u00fcr ein w\u00fcrziges Teeerlebnis.","robots":{"index":"index","follow":"follow","max-snippet":"max-snippet:-1","max-image-preview":"max-image-preview:large","max-video-preview":"max-video-preview:-1"},"canonical":"https:\/\/teasense.ch\/en\/product\/rooibusch-chai-ohne-aroma\/","og_locale":"en_US","og_type":"article","og_title":"Rooibusch Chai ohne Aroma - TeaSense.ch - Tee Shop Schweiz","og_description":"Entdecke den nat\u00fcrlichen Geschmack des Rooibusch Chai ohne Aroma. Eine Mischung aus Rooibos, Ingwer, Zimt und Pfeffer f\u00fcr ein w\u00fcrziges Teeerlebnis.","og_url":"https:\/\/teasense.ch\/en\/product\/rooibusch-chai-ohne-aroma\/","og_site_name":"TeaSense.ch - Tee Shop Schweiz","article_publisher":"https:\/\/www.facebook.com\/teasense.ch","article_modified_time":"2025-08-25T08:26:16+00:00","og_image":[{"width":800,"height":800,"url":"https:\/\/teasense.ch\/wp-content\/uploads\/2025\/05\/Rooibusch-Chai-ohne-Aroma.png","type":"image\/png"}],"twitter_card":"summary_large_image","twitter_misc":{"Est. reading time":"2 minutes"},"schema":{"@context":"https:\/\/schema.org","@graph":[{"@type":"WebPage","@id":"https:\/\/teasense.ch\/en\/product\/rooibusch-chai-ohne-aroma\/","url":"https:\/\/teasense.ch\/en\/product\/rooibusch-chai-ohne-aroma\/","name":"Rooibusch Chai ohne Aroma - TeaSense.ch - Tee Shop Schweiz","isPartOf":{"@id":"https:\/\/teasense.ch\/en\/#website"},"primaryImageOfPage":{"@id":"https:\/\/teasense.ch\/en\/product\/rooibusch-chai-ohne-aroma\/#primaryimage"},"image":{"@id":"https:\/\/teasense.ch\/en\/product\/rooibusch-chai-ohne-aroma\/#primaryimage"},"thumbnailUrl":"https:\/\/teasense.ch\/wp-content\/uploads\/2025\/05\/Rooibusch-Chai-ohne-Aroma.png","datePublished":"2025-05-12T19:26:49+00:00","dateModified":"2025-08-25T08:26:16+00:00","description":"Entdecke den nat\u00fcrlichen Geschmack des Rooibusch Chai ohne Aroma. Eine Mischung aus Rooibos, Ingwer, Zimt und Pfeffer f\u00fcr ein w\u00fcrziges Teeerlebnis.","breadcrumb":{"@id":"https:\/\/teasense.ch\/en\/product\/rooibusch-chai-ohne-aroma\/#breadcrumb"},"inLanguage":"en-CH","potentialAction":[{"@type":"ReadAction","target":["https:\/\/teasense.ch\/en\/product\/rooibusch-chai-ohne-aroma\/"]}]},{"@type":"ImageObject","inLanguage":"en-CH","@id":"https:\/\/teasense.ch\/en\/product\/rooibusch-chai-ohne-aroma\/#primaryimage","url":"https:\/\/teasense.ch\/wp-content\/uploads\/2025\/05\/Rooibusch-Chai-ohne-Aroma.png","contentUrl":"https:\/\/teasense.ch\/wp-content\/uploads\/2025\/05\/Rooibusch-Chai-ohne-Aroma.png","width":800,"height":800,"caption":"Rooibusch Chai ohne Aroma Teemischung ohne Beutel"},{"@type":"BreadcrumbList","@id":"https:\/\/teasense.ch\/en\/product\/rooibusch-chai-ohne-aroma\/#breadcrumb","itemListElement":[{"@type":"ListItem","position":1,"name":"Startseite","item":"https:\/\/teasense.ch\/en\/startseite\/"},{"@type":"ListItem","position":2,"name":"Online Tea ShopTee Onlineshop","item":"https:\/\/teasense.ch\/en\/shop\/"},{"@type":"ListItem","position":3,"name":"Rooibusch Chai ohne Aroma"}]},{"@type":"WebSite","@id":"https:\/\/teasense.ch\/en\/#website","url":"https:\/\/teasense.ch\/en\/","name":"TeaSense.ch","description":"Nat\u00fcrliche Teemischungen und klassischer Tee","publisher":{"@id":"https:\/\/teasense.ch\/en\/#organization"},"alternateName":"TeaSense","potentialAction":[{"@type":"SearchAction","target":{"@type":"EntryPoint","urlTemplate":"https:\/\/teasense.ch\/en\/?s={search_term_string}"},"query-input":{"@type":"PropertyValueSpecification","valueRequired":true,"valueName":"search_term_string"}}],"inLanguage":"en-CH"},{"@type":"Organization","@id":"https:\/\/teasense.ch\/en\/#organization","name":"Reale Selection","alternateName":"TeaSense.ch","url":"https:\/\/teasense.ch\/en\/","logo":{"@type":"ImageObject","inLanguage":"en-CH","@id":"https:\/\/teasense.ch\/en\/#\/schema\/logo\/image\/","url":"https:\/\/teasense.ch\/wp-content\/uploads\/2023\/07\/cropped-logo-teasense-kategorie-onlineshop-alle-produkte.jpg","contentUrl":"https:\/\/teasense.ch\/wp-content\/uploads\/2023\/07\/cropped-logo-teasense-kategorie-onlineshop-alle-produkte.jpg","width":512,"height":512,"caption":"Reale Selection"},"image":{"@id":"https:\/\/teasense.ch\/en\/#\/schema\/logo\/image\/"},"sameAs":["https:\/\/www.facebook.com\/teasense.ch"]}]}},"jetpack-related-posts":[{"id":45667,"url":"https:\/\/teasense.ch\/en\/product\/rooibusch-zitrone\/","url_meta":{"origin":45659,"position":0},"title":"Rooibusch Zitrone","author":"Reale Selection","date":"12. May 2025","format":false,"excerpt":"Zubereitung Rooibusch Zitrone \ud83e\udd44 1 Teel\u00f6ffel auf 200 ml Wasser (14g\/Liter)\ud83c\udf21\ufe0f 100 \u00b0C\u23f3 5 Minuten ziehen lassen","rel":"","context":"Similar post","block_context":{"text":"Similar post","link":""},"img":{"alt_text":"Rooibusch Zitrone Teemischung","src":"https:\/\/i0.wp.com\/teasense.ch\/wp-content\/uploads\/2025\/05\/Rooibusch-Zitrone.png?resize=350%2C200&ssl=1","width":350,"height":200,"srcset":"https:\/\/i0.wp.com\/teasense.ch\/wp-content\/uploads\/2025\/05\/Rooibusch-Zitrone.png?resize=350%2C200&ssl=1 1x, https:\/\/i0.wp.com\/teasense.ch\/wp-content\/uploads\/2025\/05\/Rooibusch-Zitrone.png?resize=525%2C300&ssl=1 1.5x, https:\/\/i0.wp.com\/teasense.ch\/wp-content\/uploads\/2025\/05\/Rooibusch-Zitrone.png?resize=700%2C400&ssl=1 2x"},"classes":[]},{"id":37989,"url":"https:\/\/teasense.ch\/en\/product\/yogi-bliss-chai\/","url_meta":{"origin":45659,"position":1},"title":"Yogi Bliss Chai","author":"Reale Selection","date":"15. October 2023","format":false,"excerpt":"Schwarzteemischung mit Gew\u00fcrzen Zubereitung \u2013 Yogi Bliss Chai \ud83e\udd44 1 geh\u00e4ufter Teel\u00f6ffel pro Tasse (14g\/Liter)\ud83c\udf21\ufe0f 100 \u00b0C heisses Wasser\u23f3 5 Minuten ziehen lassen","rel":"","context":"Similar post","block_context":{"text":"Similar post","link":""},"img":{"alt_text":"Schwarzteemischung Yogi Bliss Chai mit allen Zutaten auf weissem Hintergrund.","src":"https:\/\/i0.wp.com\/teasense.ch\/wp-content\/uploads\/2023\/10\/yogi-bliss-chai-plain.jpg?resize=350%2C200&ssl=1","width":350,"height":200,"srcset":"https:\/\/i0.wp.com\/teasense.ch\/wp-content\/uploads\/2023\/10\/yogi-bliss-chai-plain.jpg?resize=350%2C200&ssl=1 1x, https:\/\/i0.wp.com\/teasense.ch\/wp-content\/uploads\/2023\/10\/yogi-bliss-chai-plain.jpg?resize=525%2C300&ssl=1 1.5x, https:\/\/i0.wp.com\/teasense.ch\/wp-content\/uploads\/2023\/10\/yogi-bliss-chai-plain.jpg?resize=700%2C400&ssl=1 2x"},"classes":[]},{"id":43234,"url":"https:\/\/teasense.ch\/en\/product\/chai-tea-pur\/","url_meta":{"origin":45659,"position":2},"title":"Chai Tea Pur","author":"Reale Selection","date":"23. October 2024","format":false,"excerpt":"Gew\u00fcrzteemischung mit klassischen Chai-Zutaten Zubereitung Chai Tea Pur (ohne Schwarztee) \ud83e\udd44 1 - 2 TL pro Tasse (250 ml)\ud83c\udf21\ufe0f 100\u00b0C (Kochendes Wasser)\u23f3 5 - 7 Minuten ziehen lassen","rel":"","context":"Similar post","block_context":{"text":"Similar post","link":""},"img":{"alt_text":"Chai Tea Pur weisser Hintergrund","src":"https:\/\/i0.wp.com\/teasense.ch\/wp-content\/uploads\/2024\/10\/chai-tea-pur-weisser-hintergrund.png?resize=350%2C200&ssl=1","width":350,"height":200,"srcset":"https:\/\/i0.wp.com\/teasense.ch\/wp-content\/uploads\/2024\/10\/chai-tea-pur-weisser-hintergrund.png?resize=350%2C200&ssl=1 1x, https:\/\/i0.wp.com\/teasense.ch\/wp-content\/uploads\/2024\/10\/chai-tea-pur-weisser-hintergrund.png?resize=525%2C300&ssl=1 1.5x, https:\/\/i0.wp.com\/teasense.ch\/wp-content\/uploads\/2024\/10\/chai-tea-pur-weisser-hintergrund.png?resize=700%2C400&ssl=1 2x"},"classes":[]},{"id":44328,"url":"https:\/\/teasense.ch\/en\/product\/chai-gewuerzmischung\/","url_meta":{"origin":45659,"position":3},"title":"Chai Gew\u00fcrzmischung","author":"Reale Selection","date":"27. February 2025","format":false,"excerpt":"Zubereitung \u2013 Klassische Chai Variante \ud83e\udd44 15\u201320 g Gew\u00fcrzmischung pro Liter Wasser \ud83e\udd44 1\u20132 TL loser Schwarztee \ud83c\udf21\ufe0f 100 \u00b0C heisses Wasser \u23f3 7\u201310 Minuten ziehen lassen \ud83e\udd5b Nach Belieben mit Milch aufgiessen","rel":"","context":"Similar post","block_context":{"text":"Similar post","link":""},"img":{"alt_text":"Chai Gew\u00fcrzmischung","src":"https:\/\/i0.wp.com\/teasense.ch\/wp-content\/uploads\/2025\/02\/Chai-Gewuerzmischung.png?resize=350%2C200&ssl=1","width":350,"height":200,"srcset":"https:\/\/i0.wp.com\/teasense.ch\/wp-content\/uploads\/2025\/02\/Chai-Gewuerzmischung.png?resize=350%2C200&ssl=1 1x, https:\/\/i0.wp.com\/teasense.ch\/wp-content\/uploads\/2025\/02\/Chai-Gewuerzmischung.png?resize=525%2C300&ssl=1 1.5x, https:\/\/i0.wp.com\/teasense.ch\/wp-content\/uploads\/2025\/02\/Chai-Gewuerzmischung.png?resize=700%2C400&ssl=1 2x"},"classes":[]},{"id":28846,"url":"https:\/\/teasense.ch\/en\/product\/chai-inferno\/","url_meta":{"origin":45659,"position":4},"title":"Chai Inferno","author":"Reale Selection","date":"29. April 2023","format":false,"excerpt":"Zubereitung Chai Inferno \ud83e\udd44 12\u201315 Gramm\/Liter \ud83c\udf21\ufe0f 100\u00b0C \u23f3 6\u20138 Minuten","rel":"","context":"Similar post","block_context":{"text":"Similar post","link":""},"img":{"alt_text":"Chai Inferno Teemischung mit Chili","src":"https:\/\/i0.wp.com\/teasense.ch\/wp-content\/uploads\/2023\/07\/hottea-chilli.jpg?resize=350%2C200&ssl=1","width":350,"height":200,"srcset":"https:\/\/i0.wp.com\/teasense.ch\/wp-content\/uploads\/2023\/07\/hottea-chilli.jpg?resize=350%2C200&ssl=1 1x, https:\/\/i0.wp.com\/teasense.ch\/wp-content\/uploads\/2023\/07\/hottea-chilli.jpg?resize=525%2C300&ssl=1 1.5x, https:\/\/i0.wp.com\/teasense.ch\/wp-content\/uploads\/2023\/07\/hottea-chilli.jpg?resize=700%2C400&ssl=1 2x"},"classes":[]},{"id":33534,"url":"https:\/\/teasense.ch\/en\/product\/zimtrinde-cassia\/","url_meta":{"origin":45659,"position":5},"title":"Zimtrinde Cassia geschnitten","author":"Reale Selection","date":"7. July 2023","format":false,"excerpt":"Zubereitung Zimt-Tee \ud83e\udd44 1 - 2 TL Zimtst\u00fccke pro Tasse\ud83c\udf21\ufe0f 95 \u00b0C\u23f3 10 - 15 Minuten","rel":"","context":"Similar post","block_context":{"text":"Similar post","link":""},"img":{"alt_text":"Zimtrinde Cassia geschnitten auf einem weissen Blatt Papier","src":"https:\/\/i0.wp.com\/teasense.ch\/wp-content\/uploads\/2023\/07\/zimtstuecke-auf-einem-weissen-blatt-papier.png?resize=350%2C200&ssl=1","width":350,"height":200,"srcset":"https:\/\/i0.wp.com\/teasense.ch\/wp-content\/uploads\/2023\/07\/zimtstuecke-auf-einem-weissen-blatt-papier.png?resize=350%2C200&ssl=1 1x, https:\/\/i0.wp.com\/teasense.ch\/wp-content\/uploads\/2023\/07\/zimtstuecke-auf-einem-weissen-blatt-papier.png?resize=525%2C300&ssl=1 1.5x, https:\/\/i0.wp.com\/teasense.ch\/wp-content\/uploads\/2023\/07\/zimtstuecke-auf-einem-weissen-blatt-papier.png?resize=700%2C400&ssl=1 2x"},"classes":[]}],"jetpack_sharing_enabled":true,"jetpack_likes_enabled":false,"_links":{"self":[{"href":"https:\/\/teasense.ch\/en\/wp-json\/wp\/v2\/product\/45659","targetHints":{"allow":["GET"]}}],"collection":[{"href":"https:\/\/teasense.ch\/en\/wp-json\/wp\/v2\/product"}],"about":[{"href":"https:\/\/teasense.ch\/en\/wp-json\/wp\/v2\/types\/product"}],"replies":[{"embeddable":true,"href":"https:\/\/teasense.ch\/en\/wp-json\/wp\/v2\/comments?post=45659"}],"wp:featuredmedia":[{"embeddable":true,"href":"https:\/\/teasense.ch\/en\/wp-json\/wp\/v2\/media\/45660"}],"wp:attachment":[{"href":"https:\/\/teasense.ch\/en\/wp-json\/wp\/v2\/media?parent=45659"}],"wp:term":[{"taxonomy":"product_brand","embeddable":true,"href":"https:\/\/teasense.ch\/en\/wp-json\/wp\/v2\/product_brand?post=45659"},{"taxonomy":"product_cat","embeddable":true,"href":"https:\/\/teasense.ch\/en\/wp-json\/wp\/v2\/product_cat?post=45659"},{"taxonomy":"product_tag","embeddable":true,"href":"https:\/\/teasense.ch\/en\/wp-json\/wp\/v2\/product_tag?post=45659"}],"curies":[{"name":"wp","href":"https:\/\/api.w.org\/{rel}","templated":true}]}}