{"id":47034,"date":"2025-09-19T14:23:14","date_gmt":"2025-09-19T12:23:14","guid":{"rendered":"https:\/\/teasense.ch\/?post_type=product&#038;p=47034"},"modified":"2025-09-29T08:59:58","modified_gmt":"2025-09-29T06:59:58","slug":"ingwer-kurkuma-tee","status":"publish","type":"product","link":"https:\/\/teasense.ch\/en\/product\/ingwer-kurkuma-tee\/","title":{"rendered":"Ingwer Kurkuma Tee"},"content":{"rendered":"<h2>W\u00fcrzige Mischung &#8211; Ingwer, Kurkuma, S\u00fcssholz<\/h2>\n<p>Ingwer Kurkuma Tee ist eine ausgewogene Teemischung, die mit ihrer besonderen Farbigkeit und ihrem vielschichtigen Aroma begeistert. Die goldgelbe Kurkuma trifft auf den w\u00fcrzigen Ingwer, w\u00e4hrend S\u00fcssholz eine feine nat\u00fcrliche S\u00fcsse beisteuert. Gemeinsam entsteht ein Tee, der schon beim Aufgiessen mit seinem warmen Duft einl\u00e4dt, einen Moment der Ruhe zu geniessen.<\/p>\n<h3>Geschmack und Aroma<\/h3>\n<p>Die Mischung \u00fcberzeugt durch eine harmonische Balance: Ingwer bringt eine lebendige Frische, Kurkuma sorgt f\u00fcr eine erdige Tiefe und S\u00fcssholz rundet den Geschmack sanft ab. Das Ergebnis ist ein Tee, der sowohl kr\u00e4ftig als auch angenehm mild wirken kann \u2013 perfekt f\u00fcr alle, die aromatische Tees lieben.<\/p>\n<h3>Zubereitung und Vielfalt<\/h3>\n<p>Dieser Tee zeigt sich besonders vielseitig. Heiss genossen ist er ein wohliger Begleiter an k\u00fchleren Tagen. Aufgebr\u00fcht und dann gek\u00fchlt, entfaltet er sich als erfrischender Sommertee. Je nach Ziehzeit kannst du den Geschmack variieren: k\u00fcrzer f\u00fcr ein leichteres Aroma, l\u00e4nger f\u00fcr eine intensivere Note.<\/p>\n<h3>Ingwer Kurkuma Tee f\u00fcr jeden Tag<\/h3>\n<p>Ob am Morgen, um bewusst in den Tag zu starten, oder am Abend als wohltuende Auszeit \u2013 Ingwer Kurkuma Tee passt zu jeder Tageszeit. Mit seiner goldgelben Farbe in der Tasse und dem runden Geschmack ist er ein Highlight f\u00fcr alle, die nat\u00fcrliche Teemischungen sch\u00e4tzen.<\/p>\n<p><strong data-start=\"4309\" data-end=\"4321\">Zutaten:<\/strong> Ingwer, Kurkuma, S\u00fcssholz<\/p>\n","protected":false},"excerpt":{"rendered":"<h4 data-start=\"477\" data-end=\"518\">Ingwer Kurkuma Tee \u2013 Zubereitung<\/h4>\n<p data-start=\"519\" data-end=\"616\">\ud83e\udd44 1 Teel\u00f6ffel auf 200 ml Wasser<br data-start=\"551\" data-end=\"554\" \/>\ud83c\udf21\ufe0f 100 \u00b0C (kochendes Wasser)<br data-start=\"583\" data-end=\"586\" \/>\u23f3 5 Minuten ziehen lassen<\/p>\n","protected":false},"featured_media":47156,"comment_status":"open","ping_status":"closed","template":"","meta":{"_et_pb_use_builder":"","_et_pb_old_content":"","_et_gb_content_width":""},"product_brand":[],"product_cat":[74,61],"product_tag":[],"class_list":{"0":"post-47034","1":"product","2":"type-product","3":"status-publish","4":"has-post-thumbnail","6":"product_cat-alle-produkte","7":"product_cat-chai","8":"pa_herkunft-deutschland","9":"pa_weight-100-g","10":"pa_weight-200-g","11":"pa_weight-400-g","12":"pa_weight-50-g","14":"first","15":"instock","16":"shipping-taxable","17":"purchasable","18":"product-type-variable","19":"has-default-attributes","20":"add-to-wishlist-before_image"},"yoast_head":"<!-- This site is optimized with the Yoast SEO plugin v27.4 - https:\/\/yoast.com\/product\/yoast-seo-wordpress\/ -->\n<title>Ingwer Kurkuma Tee - TeaSense.ch - Tee Shop Schweiz<\/title>\n<meta name=\"description\" content=\"Ingwer Kurkuma Tee mit S\u00fcssholz \u2013 w\u00fcrzig, erdig und leicht s\u00fcss. Aromatische Teemischung f\u00fcr genussvolle Teemomente. \ud83e\udeda\" \/>\n<meta name=\"robots\" content=\"index, follow, max-snippet:-1, max-image-preview:large, max-video-preview:-1\" \/>\n<link rel=\"canonical\" href=\"https:\/\/teasense.ch\/en\/product\/ingwer-kurkuma-tee\/\" \/>\n<meta property=\"og:locale\" content=\"en_US\" \/>\n<meta property=\"og:type\" content=\"article\" \/>\n<meta property=\"og:title\" content=\"Ingwer Kurkuma Tee - TeaSense.ch - Tee Shop Schweiz\" \/>\n<meta property=\"og:description\" content=\"Ingwer Kurkuma Tee mit S\u00fcssholz \u2013 w\u00fcrzig, erdig und leicht s\u00fcss. Aromatische Teemischung f\u00fcr genussvolle Teemomente. \ud83e\udeda\" \/>\n<meta property=\"og:url\" content=\"https:\/\/teasense.ch\/en\/product\/ingwer-kurkuma-tee\/\" \/>\n<meta property=\"og:site_name\" content=\"TeaSense.ch - Tee Shop Schweiz\" \/>\n<meta property=\"article:publisher\" content=\"https:\/\/www.facebook.com\/teasense.ch\" \/>\n<meta property=\"article:modified_time\" content=\"2025-09-29T06:59:58+00:00\" \/>\n<meta property=\"og:image\" content=\"https:\/\/teasense.ch\/wp-content\/uploads\/2025\/09\/ingwer-kurkuma-teemischung.png\" \/>\n\t<meta property=\"og:image:width\" content=\"800\" \/>\n\t<meta property=\"og:image:height\" content=\"800\" \/>\n\t<meta property=\"og:image:type\" content=\"image\/png\" \/>\n<meta name=\"twitter:card\" content=\"summary_large_image\" \/>\n<meta name=\"twitter:label1\" content=\"Est. reading time\" \/>\n\t<meta name=\"twitter:data1\" content=\"2 minutes\" \/>\n<!-- \/ Yoast SEO plugin. -->","yoast_head_json":{"title":"Ingwer Kurkuma Tee - TeaSense.ch - Tee Shop Schweiz","description":"Ingwer Kurkuma Tee mit S\u00fcssholz \u2013 w\u00fcrzig, erdig und leicht s\u00fcss. Aromatische Teemischung f\u00fcr genussvolle Teemomente. \ud83e\udeda","robots":{"index":"index","follow":"follow","max-snippet":"max-snippet:-1","max-image-preview":"max-image-preview:large","max-video-preview":"max-video-preview:-1"},"canonical":"https:\/\/teasense.ch\/en\/product\/ingwer-kurkuma-tee\/","og_locale":"en_US","og_type":"article","og_title":"Ingwer Kurkuma Tee - TeaSense.ch - Tee Shop Schweiz","og_description":"Ingwer Kurkuma Tee mit S\u00fcssholz \u2013 w\u00fcrzig, erdig und leicht s\u00fcss. Aromatische Teemischung f\u00fcr genussvolle Teemomente. \ud83e\udeda","og_url":"https:\/\/teasense.ch\/en\/product\/ingwer-kurkuma-tee\/","og_site_name":"TeaSense.ch - Tee Shop Schweiz","article_publisher":"https:\/\/www.facebook.com\/teasense.ch","article_modified_time":"2025-09-29T06:59:58+00:00","og_image":[{"width":800,"height":800,"url":"https:\/\/teasense.ch\/wp-content\/uploads\/2025\/09\/ingwer-kurkuma-teemischung.png","type":"image\/png"}],"twitter_card":"summary_large_image","twitter_misc":{"Est. reading time":"2 minutes"},"schema":{"@context":"https:\/\/schema.org","@graph":[{"@type":"WebPage","@id":"https:\/\/teasense.ch\/en\/product\/ingwer-kurkuma-tee\/","url":"https:\/\/teasense.ch\/en\/product\/ingwer-kurkuma-tee\/","name":"Ingwer Kurkuma Tee - TeaSense.ch - Tee Shop Schweiz","isPartOf":{"@id":"https:\/\/teasense.ch\/en\/#website"},"primaryImageOfPage":{"@id":"https:\/\/teasense.ch\/en\/product\/ingwer-kurkuma-tee\/#primaryimage"},"image":{"@id":"https:\/\/teasense.ch\/en\/product\/ingwer-kurkuma-tee\/#primaryimage"},"thumbnailUrl":"https:\/\/teasense.ch\/wp-content\/uploads\/2025\/09\/ingwer-kurkuma-teemischung.png","datePublished":"2025-09-19T12:23:14+00:00","dateModified":"2025-09-29T06:59:58+00:00","description":"Ingwer Kurkuma Tee mit S\u00fcssholz \u2013 w\u00fcrzig, erdig und leicht s\u00fcss. Aromatische Teemischung f\u00fcr genussvolle Teemomente. \ud83e\udeda","breadcrumb":{"@id":"https:\/\/teasense.ch\/en\/product\/ingwer-kurkuma-tee\/#breadcrumb"},"inLanguage":"en-CH","potentialAction":[{"@type":"ReadAction","target":["https:\/\/teasense.ch\/en\/product\/ingwer-kurkuma-tee\/"]}]},{"@type":"ImageObject","inLanguage":"en-CH","@id":"https:\/\/teasense.ch\/en\/product\/ingwer-kurkuma-tee\/#primaryimage","url":"https:\/\/teasense.ch\/wp-content\/uploads\/2025\/09\/ingwer-kurkuma-teemischung.png","contentUrl":"https:\/\/teasense.ch\/wp-content\/uploads\/2025\/09\/ingwer-kurkuma-teemischung.png","width":800,"height":800,"caption":"Ingwer Kurkuma Teemischung"},{"@type":"BreadcrumbList","@id":"https:\/\/teasense.ch\/en\/product\/ingwer-kurkuma-tee\/#breadcrumb","itemListElement":[{"@type":"ListItem","position":1,"name":"Startseite","item":"https:\/\/teasense.ch\/en\/startseite\/"},{"@type":"ListItem","position":2,"name":"Online Tea ShopTee Onlineshop","item":"https:\/\/teasense.ch\/en\/shop\/"},{"@type":"ListItem","position":3,"name":"Ingwer Kurkuma Tee"}]},{"@type":"WebSite","@id":"https:\/\/teasense.ch\/en\/#website","url":"https:\/\/teasense.ch\/en\/","name":"TeaSense.ch","description":"Nat\u00fcrliche Teemischungen und klassischer Tee","publisher":{"@id":"https:\/\/teasense.ch\/en\/#organization"},"alternateName":"TeaSense","potentialAction":[{"@type":"SearchAction","target":{"@type":"EntryPoint","urlTemplate":"https:\/\/teasense.ch\/en\/?s={search_term_string}"},"query-input":{"@type":"PropertyValueSpecification","valueRequired":true,"valueName":"search_term_string"}}],"inLanguage":"en-CH"},{"@type":"Organization","@id":"https:\/\/teasense.ch\/en\/#organization","name":"Reale Selection","alternateName":"TeaSense.ch","url":"https:\/\/teasense.ch\/en\/","logo":{"@type":"ImageObject","inLanguage":"en-CH","@id":"https:\/\/teasense.ch\/en\/#\/schema\/logo\/image\/","url":"https:\/\/teasense.ch\/wp-content\/uploads\/2023\/07\/cropped-logo-teasense-kategorie-onlineshop-alle-produkte.jpg","contentUrl":"https:\/\/teasense.ch\/wp-content\/uploads\/2023\/07\/cropped-logo-teasense-kategorie-onlineshop-alle-produkte.jpg","width":512,"height":512,"caption":"Reale Selection"},"image":{"@id":"https:\/\/teasense.ch\/en\/#\/schema\/logo\/image\/"},"sameAs":["https:\/\/www.facebook.com\/teasense.ch"]}]}},"jetpack-related-posts":[{"id":47207,"url":"https:\/\/teasense.ch\/en\/product\/karotten-kurkuma-tee\/","url_meta":{"origin":47034,"position":0},"title":"Karotten-Kurkuma Tee","author":"Reale Selection","date":"30. September 2025","format":false,"excerpt":"Zubereitung Karotte-Kurkuma Tee \ud83e\udd44 20 g\/l \ud83c\udf21\ufe0f 100 \u00b0C \u23f3 10\u201312 Minuten","rel":"","context":"Similar post","block_context":{"text":"Similar post","link":""},"img":{"alt_text":"Karotte Kurkuma Tee sch\u00f6ne Herbstliches Orange lose Teemischung ohne Aroma","src":"https:\/\/i0.wp.com\/teasense.ch\/wp-content\/uploads\/2025\/09\/karotte1.png?resize=350%2C200&ssl=1","width":350,"height":200,"srcset":"https:\/\/i0.wp.com\/teasense.ch\/wp-content\/uploads\/2025\/09\/karotte1.png?resize=350%2C200&ssl=1 1x, https:\/\/i0.wp.com\/teasense.ch\/wp-content\/uploads\/2025\/09\/karotte1.png?resize=525%2C300&ssl=1 1.5x, https:\/\/i0.wp.com\/teasense.ch\/wp-content\/uploads\/2025\/09\/karotte1.png?resize=700%2C400&ssl=1 2x"},"classes":[]},{"id":47344,"url":"https:\/\/teasense.ch\/en\/product\/kurkuma-gewuerz-mix\/","url_meta":{"origin":47034,"position":1},"title":"Kurkuma Gew\u00fcrz-Mix","author":"Reale Selection","date":"22. October 2025","format":false,"excerpt":"Kurkuma mit Zitronengras, Zitrone, Ingwer und Koriander Ideal als Tee, in der K\u00fcche oder f\u00fcr deine Kurkuma Latte Goldgelbe Farbe, 100 % nat\u00fcrliche Zutaten \u2013 ohne Zus\u00e4tze","rel":"","context":"Similar post","block_context":{"text":"Similar post","link":""},"img":{"alt_text":"Kurkuma Gew\u00fcrz-Mix Zitronengras, Zitrone, Ingwer und Koriander","src":"https:\/\/i0.wp.com\/teasense.ch\/wp-content\/uploads\/2025\/09\/kurkuma-zitrone-1.png?resize=350%2C200&ssl=1","width":350,"height":200,"srcset":"https:\/\/i0.wp.com\/teasense.ch\/wp-content\/uploads\/2025\/09\/kurkuma-zitrone-1.png?resize=350%2C200&ssl=1 1x, https:\/\/i0.wp.com\/teasense.ch\/wp-content\/uploads\/2025\/09\/kurkuma-zitrone-1.png?resize=525%2C300&ssl=1 1.5x, https:\/\/i0.wp.com\/teasense.ch\/wp-content\/uploads\/2025\/09\/kurkuma-zitrone-1.png?resize=700%2C400&ssl=1 2x"},"classes":[]},{"id":47213,"url":"https:\/\/teasense.ch\/en\/product\/kakao-chai\/","url_meta":{"origin":47034,"position":2},"title":"Kakao Chai","author":"Reale Selection","date":"30. September 2025","format":false,"excerpt":"Zubereitung Kakao Chai Tee \ud83e\udd44 12\u201315 g\/l\ud83c\udf21\ufe0f 100 \u00b0C\u23f3 7\u201310 Minuten","rel":"","context":"Similar post","block_context":{"text":"Similar post","link":""},"img":{"alt_text":"Kakao Chai Gew\u00fcrz und Kr\u00e4uter Tee mit Kakao Geschmack","src":"https:\/\/i0.wp.com\/teasense.ch\/wp-content\/uploads\/2025\/09\/kakau1.png?resize=350%2C200&ssl=1","width":350,"height":200,"srcset":"https:\/\/i0.wp.com\/teasense.ch\/wp-content\/uploads\/2025\/09\/kakau1.png?resize=350%2C200&ssl=1 1x, https:\/\/i0.wp.com\/teasense.ch\/wp-content\/uploads\/2025\/09\/kakau1.png?resize=525%2C300&ssl=1 1.5x, https:\/\/i0.wp.com\/teasense.ch\/wp-content\/uploads\/2025\/09\/kakau1.png?resize=700%2C400&ssl=1 2x"},"classes":[]},{"id":41236,"url":"https:\/\/teasense.ch\/en\/product\/ayurveda-pitta-tee\/","url_meta":{"origin":47034,"position":3},"title":"Ayurveda Pitta Kr\u00e4uter- und Gew\u00fcrztee","author":"Reale Selection","date":"26. March 2024","format":false,"excerpt":"Dosha Feuer und Wasser Zubereitung Ayurveda Pitta Tee \ud83e\udd44 2 g (ca. 1 Teel\u00f6ffel) auf 200 ml Wasser\ud83c\udf21\ufe0f 70 \u2013 80 \u00b0C\u23f3 5 \u2013 7 Minuten ziehen lassen","rel":"","context":"Similar post","block_context":{"text":"Similar post","link":""},"img":{"alt_text":"Ayurveda Pitta Kr\u00e4uter- und Gew\u00fcrztee","src":"https:\/\/i0.wp.com\/teasense.ch\/wp-content\/uploads\/2024\/03\/Ayurveda-Pitta-Kraeuter-und-Gewuerztee.png?resize=350%2C200&ssl=1","width":350,"height":200,"srcset":"https:\/\/i0.wp.com\/teasense.ch\/wp-content\/uploads\/2024\/03\/Ayurveda-Pitta-Kraeuter-und-Gewuerztee.png?resize=350%2C200&ssl=1 1x, https:\/\/i0.wp.com\/teasense.ch\/wp-content\/uploads\/2024\/03\/Ayurveda-Pitta-Kraeuter-und-Gewuerztee.png?resize=525%2C300&ssl=1 1.5x, https:\/\/i0.wp.com\/teasense.ch\/wp-content\/uploads\/2024\/03\/Ayurveda-Pitta-Kraeuter-und-Gewuerztee.png?resize=700%2C400&ssl=1 2x"},"classes":[]},{"id":44328,"url":"https:\/\/teasense.ch\/en\/product\/chai-gewuerzmischung\/","url_meta":{"origin":47034,"position":4},"title":"Chai Gew\u00fcrzmischung","author":"Reale Selection","date":"27. February 2025","format":false,"excerpt":"Zubereitung \u2013 Klassische Chai Variante \ud83e\udd44 15\u201320 g Gew\u00fcrzmischung pro Liter Wasser \ud83e\udd44 1\u20132 TL loser Schwarztee \ud83c\udf21\ufe0f 100 \u00b0C heisses Wasser \u23f3 7\u201310 Minuten ziehen lassen \ud83e\udd5b Nach Belieben mit Milch aufgiessen","rel":"","context":"Similar post","block_context":{"text":"Similar post","link":""},"img":{"alt_text":"Chai Gew\u00fcrzmischung","src":"https:\/\/i0.wp.com\/teasense.ch\/wp-content\/uploads\/2025\/02\/Chai-Gewuerzmischung.png?resize=350%2C200&ssl=1","width":350,"height":200,"srcset":"https:\/\/i0.wp.com\/teasense.ch\/wp-content\/uploads\/2025\/02\/Chai-Gewuerzmischung.png?resize=350%2C200&ssl=1 1x, https:\/\/i0.wp.com\/teasense.ch\/wp-content\/uploads\/2025\/02\/Chai-Gewuerzmischung.png?resize=525%2C300&ssl=1 1.5x, https:\/\/i0.wp.com\/teasense.ch\/wp-content\/uploads\/2025\/02\/Chai-Gewuerzmischung.png?resize=700%2C400&ssl=1 2x"},"classes":[]},{"id":34845,"url":"https:\/\/teasense.ch\/en\/product\/apfel-ingwer\/","url_meta":{"origin":47034,"position":5},"title":"Apfel-Ingwer","author":"Reale Selection","date":"8. August 2023","format":false,"excerpt":"Nat\u00fcrlich aromatisierte Apfel-Ingwer Fr\u00fcchteteemischung, gezuckert","rel":"","context":"Similar post","block_context":{"text":"Similar post","link":""},"img":{"alt_text":"Teemischung Apfel Ingwer","src":"https:\/\/i0.wp.com\/teasense.ch\/wp-content\/uploads\/2023\/08\/apfel-ingwer-plain.jpg?resize=350%2C200&ssl=1","width":350,"height":200,"srcset":"https:\/\/i0.wp.com\/teasense.ch\/wp-content\/uploads\/2023\/08\/apfel-ingwer-plain.jpg?resize=350%2C200&ssl=1 1x, https:\/\/i0.wp.com\/teasense.ch\/wp-content\/uploads\/2023\/08\/apfel-ingwer-plain.jpg?resize=525%2C300&ssl=1 1.5x, https:\/\/i0.wp.com\/teasense.ch\/wp-content\/uploads\/2023\/08\/apfel-ingwer-plain.jpg?resize=700%2C400&ssl=1 2x"},"classes":[]}],"jetpack_sharing_enabled":true,"jetpack_likes_enabled":false,"_links":{"self":[{"href":"https:\/\/teasense.ch\/en\/wp-json\/wp\/v2\/product\/47034","targetHints":{"allow":["GET"]}}],"collection":[{"href":"https:\/\/teasense.ch\/en\/wp-json\/wp\/v2\/product"}],"about":[{"href":"https:\/\/teasense.ch\/en\/wp-json\/wp\/v2\/types\/product"}],"replies":[{"embeddable":true,"href":"https:\/\/teasense.ch\/en\/wp-json\/wp\/v2\/comments?post=47034"}],"wp:featuredmedia":[{"embeddable":true,"href":"https:\/\/teasense.ch\/en\/wp-json\/wp\/v2\/media\/47156"}],"wp:attachment":[{"href":"https:\/\/teasense.ch\/en\/wp-json\/wp\/v2\/media?parent=47034"}],"wp:term":[{"taxonomy":"product_brand","embeddable":true,"href":"https:\/\/teasense.ch\/en\/wp-json\/wp\/v2\/product_brand?post=47034"},{"taxonomy":"product_cat","embeddable":true,"href":"https:\/\/teasense.ch\/en\/wp-json\/wp\/v2\/product_cat?post=47034"},{"taxonomy":"product_tag","embeddable":true,"href":"https:\/\/teasense.ch\/en\/wp-json\/wp\/v2\/product_tag?post=47034"}],"curies":[{"name":"wp","href":"https:\/\/api.w.org\/{rel}","templated":true}]}}