{"id":47159,"date":"2025-09-29T09:27:27","date_gmt":"2025-09-29T07:27:27","guid":{"rendered":"https:\/\/teasense.ch\/?post_type=product&#038;p=47159"},"modified":"2025-09-29T16:48:24","modified_gmt":"2025-09-29T14:48:24","slug":"geschenk-koffer-gutschein","status":"publish","type":"product","link":"https:\/\/teasense.ch\/en\/product\/geschenk-koffer-gutschein\/","title":{"rendered":"Geschenk-Koffer Mini mit Gutschein"},"content":{"rendered":"<h2>Geschenkkoffer mit Tee-Gutschein \u2013 das perfekte Tee-Geschenk<\/h2>\n<p>Der Geschenk-Koffer Mini mit Tee-Gutschein ist das ideale Tee-Geschenk f\u00fcr alle, die etwas Pers\u00f6nliches und Besonderes \u00fcberreichen m\u00f6chten. Mit diesem K\u00f6fferli verschenkst du nicht nur einen charmanten Mini-Koffer aus hochwertigem Weissblech, sondern auch einen Tee-Gutschein \u2013 die Einladung zu einer kleinen Teereise.<\/p>\n<p>Als Bonus legen wir ein kleines Teemuster aus unserem Bestseller-Sortiment dazu. So beginnt die Teereise schon beim \u00d6ffnen des Koffers mit einer genussvollen \u00dcberraschung.<\/p>\n<p><strong>Dein Preisvorteil:<\/strong><br \/>\nBeim Kauf mit Gutschein kostet der Koffer nur CHF 5.- statt CHF 6.90.<\/p>\n<h3>Warum dieses Tee-Geschenk \u00fcberzeugt:<\/h3>\n<ul>\n<li>Gutscheinwert w\u00e4hlbar<\/li>\n<li>Preisvorteil: Koffer nur CHF 5.\u2013 statt 6.90<\/li>\n<li>Charmanter Mini-Koffer aus robustem Weissblech mit Kunstleder-Henkel<\/li>\n<li>Inklusive kleinem Teemuster als genussvoller Auftakt<\/li>\n<li>Flexibel einl\u00f6sbar im TeaSense Onlineshop<\/li>\n<li>Ideal f\u00fcr Geburtstage, Weihnachten oder als spontane \u00dcberraschung<\/li>\n<\/ul>\n<p><strong>Das Beste daran:<\/strong><br \/>\nDu hast ein Geschenk, das du direkt \u00fcberreichen kannst \u2013 mit Gutschein im Koffer und kleinem Teemuster. Und der oder die Beschenkte darf sp\u00e4ter selbst im TeaSense Onlineshop st\u00f6bern und sich ganz nach dem eigenen Geschmack die passenden Teemischungen aussuchen. So verschenkst du Freude in zwei Etappen: einmal beim \u00dcberreichen und einmal beim Einl\u00f6sen.<\/p>\n<p><strong>So funktioniert\u2019s:<\/strong><br \/>\nDer Geschenkkoffer mit Gutschein wird an die Lieferadresse gesendet, die du im Bestellvorgang angibst.<br \/>\nIm Koffer befindet sich der Gutschein mit individuellem Code, der direkt im TeaSense Onlineshop eingel\u00f6st werden kann.<\/p>\n<p><strong>Andere Pl\u00e4ne?<\/strong><br \/>\nDu findest den kleinen Reisekoffer auch ohne Gutschein \u2013 falls du ihn f\u00fcr eine andere \u00dcberraschung oder als praktische Verpackung verwenden m\u00f6chtest.<br \/>\n<a href=\"https:\/\/teasense.ch\/produkt\/geschenk-koffer-mini\/\">Hier geht\u2019s zum Geschenk Koffer Mini ohne Gutschein<\/a><\/p>\n<p>Falls du nur einen elektronischen Tee-Gutschein ohne Koffer verschenken m\u00f6chtest, ist das ebenfalls m\u00f6glich \u279d <a href=\"https:\/\/teasense.ch\/produkt\/gutschein\/\">Tee-Gutschein ansehen<\/a><\/p>\n","protected":false},"excerpt":{"rendered":"<p>Preis beinhaltet Gutscheinwert<br \/>\nplus CHF 5.\u2013 (statt 6.90) f\u00fcr den Koffer.<\/p>\n","protected":false},"featured_media":47172,"comment_status":"open","ping_status":"closed","template":"","meta":{"_et_pb_use_builder":"","_et_pb_old_content":"","_et_gb_content_width":""},"product_brand":[],"product_cat":[74,59],"product_tag":[],"class_list":{"0":"post-47159","1":"product","2":"type-product","3":"status-publish","4":"has-post-thumbnail","6":"product_cat-alle-produkte","7":"product_cat-tee-geschenke","9":"first","10":"instock","11":"shipping-taxable","12":"purchasable","13":"product-type-variable","14":"add-to-wishlist-before_image"},"yoast_head":"<!-- This site is optimized with the Yoast SEO plugin v27.4 - https:\/\/yoast.com\/product\/yoast-seo-wordpress\/ -->\n<title>Geschenk-Koffer Mini mit Gutschein - TeaSense.ch - Tee Shop Schweiz<\/title>\n<meta name=\"description\" content=\"Verschenke eine kleine Teereise: Geschenkkoffer mit Tee-Gutschein und Tee-Muster. Perfektes Tee-Geschenk f\u00fcr Teeliebhaber und die, die es werden m\u00f6chten.\" \/>\n<meta name=\"robots\" content=\"index, follow, max-snippet:-1, max-image-preview:large, max-video-preview:-1\" \/>\n<link rel=\"canonical\" href=\"https:\/\/teasense.ch\/en\/product\/geschenk-koffer-gutschein\/\" \/>\n<meta property=\"og:locale\" content=\"en_US\" \/>\n<meta property=\"og:type\" content=\"article\" \/>\n<meta property=\"og:title\" content=\"Geschenk-Koffer Mini mit Gutschein - TeaSense.ch - Tee Shop Schweiz\" \/>\n<meta property=\"og:description\" content=\"Verschenke eine kleine Teereise: Geschenkkoffer mit Tee-Gutschein und Tee-Muster. Perfektes Tee-Geschenk f\u00fcr Teeliebhaber und die, die es werden m\u00f6chten.\" \/>\n<meta property=\"og:url\" content=\"https:\/\/teasense.ch\/en\/product\/geschenk-koffer-gutschein\/\" \/>\n<meta property=\"og:site_name\" content=\"TeaSense.ch - Tee Shop Schweiz\" \/>\n<meta property=\"article:publisher\" content=\"https:\/\/www.facebook.com\/teasense.ch\" \/>\n<meta property=\"article:modified_time\" content=\"2025-09-29T14:48:24+00:00\" \/>\n<meta property=\"og:image\" content=\"https:\/\/teasense.ch\/wp-content\/uploads\/2025\/09\/geschenk-koffer-mini-mit-tee-gutschein-teasense.ch_.png\" \/>\n\t<meta property=\"og:image:width\" content=\"800\" \/>\n\t<meta property=\"og:image:height\" content=\"800\" \/>\n\t<meta property=\"og:image:type\" content=\"image\/png\" \/>\n<meta name=\"twitter:card\" content=\"summary_large_image\" \/>\n<meta name=\"twitter:label1\" content=\"Est. reading time\" \/>\n\t<meta name=\"twitter:data1\" content=\"2 minutes\" \/>\n<!-- \/ Yoast SEO plugin. -->","yoast_head_json":{"title":"Geschenk-Koffer Mini mit Gutschein - TeaSense.ch - Tee Shop Schweiz","description":"Verschenke eine kleine Teereise: Geschenkkoffer mit Tee-Gutschein und Tee-Muster. Perfektes Tee-Geschenk f\u00fcr Teeliebhaber und die, die es werden m\u00f6chten.","robots":{"index":"index","follow":"follow","max-snippet":"max-snippet:-1","max-image-preview":"max-image-preview:large","max-video-preview":"max-video-preview:-1"},"canonical":"https:\/\/teasense.ch\/en\/product\/geschenk-koffer-gutschein\/","og_locale":"en_US","og_type":"article","og_title":"Geschenk-Koffer Mini mit Gutschein - TeaSense.ch - Tee Shop Schweiz","og_description":"Verschenke eine kleine Teereise: Geschenkkoffer mit Tee-Gutschein und Tee-Muster. Perfektes Tee-Geschenk f\u00fcr Teeliebhaber und die, die es werden m\u00f6chten.","og_url":"https:\/\/teasense.ch\/en\/product\/geschenk-koffer-gutschein\/","og_site_name":"TeaSense.ch - Tee Shop Schweiz","article_publisher":"https:\/\/www.facebook.com\/teasense.ch","article_modified_time":"2025-09-29T14:48:24+00:00","og_image":[{"width":800,"height":800,"url":"https:\/\/teasense.ch\/wp-content\/uploads\/2025\/09\/geschenk-koffer-mini-mit-tee-gutschein-teasense.ch_.png","type":"image\/png"}],"twitter_card":"summary_large_image","twitter_misc":{"Est. reading time":"2 minutes"},"schema":{"@context":"https:\/\/schema.org","@graph":[{"@type":"WebPage","@id":"https:\/\/teasense.ch\/en\/product\/geschenk-koffer-gutschein\/","url":"https:\/\/teasense.ch\/en\/product\/geschenk-koffer-gutschein\/","name":"Geschenk-Koffer Mini mit Gutschein - TeaSense.ch - Tee Shop Schweiz","isPartOf":{"@id":"https:\/\/teasense.ch\/en\/#website"},"primaryImageOfPage":{"@id":"https:\/\/teasense.ch\/en\/product\/geschenk-koffer-gutschein\/#primaryimage"},"image":{"@id":"https:\/\/teasense.ch\/en\/product\/geschenk-koffer-gutschein\/#primaryimage"},"thumbnailUrl":"https:\/\/teasense.ch\/wp-content\/uploads\/2025\/09\/geschenk-koffer-mini-mit-tee-gutschein-teasense.ch_.png","datePublished":"2025-09-29T07:27:27+00:00","dateModified":"2025-09-29T14:48:24+00:00","description":"Verschenke eine kleine Teereise: Geschenkkoffer mit Tee-Gutschein und Tee-Muster. Perfektes Tee-Geschenk f\u00fcr Teeliebhaber und die, die es werden m\u00f6chten.","breadcrumb":{"@id":"https:\/\/teasense.ch\/en\/product\/geschenk-koffer-gutschein\/#breadcrumb"},"inLanguage":"en-CH","potentialAction":[{"@type":"ReadAction","target":["https:\/\/teasense.ch\/en\/product\/geschenk-koffer-gutschein\/"]}]},{"@type":"ImageObject","inLanguage":"en-CH","@id":"https:\/\/teasense.ch\/en\/product\/geschenk-koffer-gutschein\/#primaryimage","url":"https:\/\/teasense.ch\/wp-content\/uploads\/2025\/09\/geschenk-koffer-mini-mit-tee-gutschein-teasense.ch_.png","contentUrl":"https:\/\/teasense.ch\/wp-content\/uploads\/2025\/09\/geschenk-koffer-mini-mit-tee-gutschein-teasense.ch_.png","width":800,"height":800,"caption":"Geschenk Koffer Mini mit Tee Gutschein TeaSense.ch"},{"@type":"BreadcrumbList","@id":"https:\/\/teasense.ch\/en\/product\/geschenk-koffer-gutschein\/#breadcrumb","itemListElement":[{"@type":"ListItem","position":1,"name":"Startseite","item":"https:\/\/teasense.ch\/en\/startseite\/"},{"@type":"ListItem","position":2,"name":"Online Tea ShopTee Onlineshop","item":"https:\/\/teasense.ch\/en\/shop\/"},{"@type":"ListItem","position":3,"name":"Geschenk-Koffer Mini mit Gutschein"}]},{"@type":"WebSite","@id":"https:\/\/teasense.ch\/en\/#website","url":"https:\/\/teasense.ch\/en\/","name":"TeaSense.ch","description":"Nat\u00fcrliche Teemischungen und klassischer Tee","publisher":{"@id":"https:\/\/teasense.ch\/en\/#organization"},"alternateName":"TeaSense","potentialAction":[{"@type":"SearchAction","target":{"@type":"EntryPoint","urlTemplate":"https:\/\/teasense.ch\/en\/?s={search_term_string}"},"query-input":{"@type":"PropertyValueSpecification","valueRequired":true,"valueName":"search_term_string"}}],"inLanguage":"en-CH"},{"@type":"Organization","@id":"https:\/\/teasense.ch\/en\/#organization","name":"Reale Selection","alternateName":"TeaSense.ch","url":"https:\/\/teasense.ch\/en\/","logo":{"@type":"ImageObject","inLanguage":"en-CH","@id":"https:\/\/teasense.ch\/en\/#\/schema\/logo\/image\/","url":"https:\/\/teasense.ch\/wp-content\/uploads\/2023\/07\/cropped-logo-teasense-kategorie-onlineshop-alle-produkte.jpg","contentUrl":"https:\/\/teasense.ch\/wp-content\/uploads\/2023\/07\/cropped-logo-teasense-kategorie-onlineshop-alle-produkte.jpg","width":512,"height":512,"caption":"Reale Selection"},"image":{"@id":"https:\/\/teasense.ch\/en\/#\/schema\/logo\/image\/"},"sameAs":["https:\/\/www.facebook.com\/teasense.ch"]}]}},"jetpack-related-posts":[{"id":45071,"url":"https:\/\/teasense.ch\/en\/product\/geschenk-koffer-mini\/","url_meta":{"origin":47159,"position":0},"title":"Geschenk Koffer Mini","author":"Reale Selection","date":"25. April 2025","format":false,"excerpt":"\ud83c\udf81 Perfekt als Geschenkverpackung\u2708\ufe0f Reise-Feeling im Mini-Format\ud83d\udcd0 Gr\u00f6sse: 108 \u00d7 73 \u00d7 38 mm","rel":"","context":"Similar post","block_context":{"text":"Similar post","link":""},"img":{"alt_text":"Geschenk Koffer Mini Dose von Vorne bedruckte Schlaufe und Briefmarke mit Flugzeug","src":"https:\/\/i0.wp.com\/teasense.ch\/wp-content\/uploads\/2025\/04\/Geschenk-Koffer-Mini-vorne.png?resize=350%2C200&ssl=1","width":350,"height":200,"srcset":"https:\/\/i0.wp.com\/teasense.ch\/wp-content\/uploads\/2025\/04\/Geschenk-Koffer-Mini-vorne.png?resize=350%2C200&ssl=1 1x, https:\/\/i0.wp.com\/teasense.ch\/wp-content\/uploads\/2025\/04\/Geschenk-Koffer-Mini-vorne.png?resize=525%2C300&ssl=1 1.5x, https:\/\/i0.wp.com\/teasense.ch\/wp-content\/uploads\/2025\/04\/Geschenk-Koffer-Mini-vorne.png?resize=700%2C400&ssl=1 2x"},"classes":[]},{"id":34031,"url":"https:\/\/teasense.ch\/en\/product\/gutschein\/","url_meta":{"origin":47159,"position":1},"title":"Gutschein","author":"Reale Selection","date":"23. July 2023","format":false,"excerpt":"Virtueller Gutschein f\u00fcr den Onlineshop teasense.ch\/shop Individueller Gutschein-Code","rel":"","context":"Similar post","block_context":{"text":"Similar post","link":""},"img":{"alt_text":"Gutschein Smartphone Anzeige","src":"https:\/\/i0.wp.com\/teasense.ch\/wp-content\/uploads\/2023\/07\/gutschein-smartphone-anzeige.png?resize=350%2C200&ssl=1","width":350,"height":200,"srcset":"https:\/\/i0.wp.com\/teasense.ch\/wp-content\/uploads\/2023\/07\/gutschein-smartphone-anzeige.png?resize=350%2C200&ssl=1 1x, https:\/\/i0.wp.com\/teasense.ch\/wp-content\/uploads\/2023\/07\/gutschein-smartphone-anzeige.png?resize=525%2C300&ssl=1 1.5x, https:\/\/i0.wp.com\/teasense.ch\/wp-content\/uploads\/2023\/07\/gutschein-smartphone-anzeige.png?resize=700%2C400&ssl=1 2x"},"classes":[]},{"id":46306,"url":"https:\/\/teasense.ch\/en\/product\/tee-geschenkset-tasse-kraeutertee\/","url_meta":{"origin":47159,"position":2},"title":"Tee Geschenkset mit Tasse &#038; Kr\u00e4utertee","author":"Reale Selection","date":"27. July 2025","format":false,"excerpt":"Porzellan Becher mit Deckel & 50\u202fg Kr\u00e4utertee.Verpackt im Naturkarton mit Sichtfenster \u2013perfekt als Geschenk f\u00fcr bewusste Tee-Momente. \ud83c\udf43","rel":"","context":"Similar post","block_context":{"text":"Similar post","link":""},"img":{"alt_text":"Tee Geschenkset mit Tasse & Kr\u00e4utertee","src":"https:\/\/i0.wp.com\/teasense.ch\/wp-content\/uploads\/2025\/07\/Tee-Geschenkset-mit-Tasse-Kraeutertee.png?resize=350%2C200&ssl=1","width":350,"height":200,"srcset":"https:\/\/i0.wp.com\/teasense.ch\/wp-content\/uploads\/2025\/07\/Tee-Geschenkset-mit-Tasse-Kraeutertee.png?resize=350%2C200&ssl=1 1x, https:\/\/i0.wp.com\/teasense.ch\/wp-content\/uploads\/2025\/07\/Tee-Geschenkset-mit-Tasse-Kraeutertee.png?resize=525%2C300&ssl=1 1.5x, https:\/\/i0.wp.com\/teasense.ch\/wp-content\/uploads\/2025\/07\/Tee-Geschenkset-mit-Tasse-Kraeutertee.png?resize=700%2C400&ssl=1 2x"},"classes":[]},{"id":44657,"url":"https:\/\/teasense.ch\/en\/product\/tee-adventskalender\/","url_meta":{"origin":47159,"position":3},"title":"Tee Adventskalender","author":"Reale Selection","date":"30. March 2025","format":false,"excerpt":"\ud83d\udca1So sorgst du f\u00fcr eine wundervolle \u00dcberraschung in der Adventszeit! \ud83c\udf81Lass ihn direkt an deine Liebsten liefern.","rel":"","context":"Similar post","block_context":{"text":"Similar post","link":""},"img":{"alt_text":"Adventskalender stehend Tee von TeaSense.ch","src":"https:\/\/i0.wp.com\/teasense.ch\/wp-content\/uploads\/2025\/03\/adventskalender-tee-beutel.png?resize=350%2C200&ssl=1","width":350,"height":200,"srcset":"https:\/\/i0.wp.com\/teasense.ch\/wp-content\/uploads\/2025\/03\/adventskalender-tee-beutel.png?resize=350%2C200&ssl=1 1x, https:\/\/i0.wp.com\/teasense.ch\/wp-content\/uploads\/2025\/03\/adventskalender-tee-beutel.png?resize=525%2C300&ssl=1 1.5x, https:\/\/i0.wp.com\/teasense.ch\/wp-content\/uploads\/2025\/03\/adventskalender-tee-beutel.png?resize=700%2C400&ssl=1 2x"},"classes":[]},{"id":43416,"url":"https:\/\/teasense.ch\/en\/product\/porzellan-deckelbecher-hehua\/","url_meta":{"origin":47159,"position":4},"title":"Porzellan Deckelbecher Hehua","author":"Reale Selection","date":"28. October 2024","format":false,"excerpt":"Set: Tasse, Sieb und Deckel (ohne Geschenkverpackung) F\u00fcllmenge: 360 ml","rel":"","context":"Similar post","block_context":{"text":"Similar post","link":""},"img":{"alt_text":"Porzellan Deckelbecher Hehua aussen","src":"https:\/\/i0.wp.com\/teasense.ch\/wp-content\/uploads\/2024\/10\/porzellan-deckelbecher-hehua-aussen.png?resize=350%2C200&ssl=1","width":350,"height":200,"srcset":"https:\/\/i0.wp.com\/teasense.ch\/wp-content\/uploads\/2024\/10\/porzellan-deckelbecher-hehua-aussen.png?resize=350%2C200&ssl=1 1x, https:\/\/i0.wp.com\/teasense.ch\/wp-content\/uploads\/2024\/10\/porzellan-deckelbecher-hehua-aussen.png?resize=525%2C300&ssl=1 1.5x, https:\/\/i0.wp.com\/teasense.ch\/wp-content\/uploads\/2024\/10\/porzellan-deckelbecher-hehua-aussen.png?resize=700%2C400&ssl=1 2x"},"classes":[]},{"id":43460,"url":"https:\/\/teasense.ch\/en\/product\/porzellan-deckelbecher-yoshino\/","url_meta":{"origin":47159,"position":5},"title":"Porzellan Deckelbecher Yoshino","author":"Reale Selection","date":"29. October 2024","format":false,"excerpt":"Tasse, Sieb und Deckel (ohne Geschenkverpackung) F\u00fcllmenge: 320 ml","rel":"","context":"Similar post","block_context":{"text":"Similar post","link":""},"img":{"alt_text":"Porzellan Deckelbecher Yoshino Varianten","src":"https:\/\/i0.wp.com\/teasense.ch\/wp-content\/uploads\/2024\/10\/porzellan-deckelbecher-yoshino-varianten.png?resize=350%2C200&ssl=1","width":350,"height":200,"srcset":"https:\/\/i0.wp.com\/teasense.ch\/wp-content\/uploads\/2024\/10\/porzellan-deckelbecher-yoshino-varianten.png?resize=350%2C200&ssl=1 1x, https:\/\/i0.wp.com\/teasense.ch\/wp-content\/uploads\/2024\/10\/porzellan-deckelbecher-yoshino-varianten.png?resize=525%2C300&ssl=1 1.5x, https:\/\/i0.wp.com\/teasense.ch\/wp-content\/uploads\/2024\/10\/porzellan-deckelbecher-yoshino-varianten.png?resize=700%2C400&ssl=1 2x"},"classes":[]}],"jetpack_sharing_enabled":true,"jetpack_likes_enabled":false,"_links":{"self":[{"href":"https:\/\/teasense.ch\/en\/wp-json\/wp\/v2\/product\/47159","targetHints":{"allow":["GET"]}}],"collection":[{"href":"https:\/\/teasense.ch\/en\/wp-json\/wp\/v2\/product"}],"about":[{"href":"https:\/\/teasense.ch\/en\/wp-json\/wp\/v2\/types\/product"}],"replies":[{"embeddable":true,"href":"https:\/\/teasense.ch\/en\/wp-json\/wp\/v2\/comments?post=47159"}],"wp:featuredmedia":[{"embeddable":true,"href":"https:\/\/teasense.ch\/en\/wp-json\/wp\/v2\/media\/47172"}],"wp:attachment":[{"href":"https:\/\/teasense.ch\/en\/wp-json\/wp\/v2\/media?parent=47159"}],"wp:term":[{"taxonomy":"product_brand","embeddable":true,"href":"https:\/\/teasense.ch\/en\/wp-json\/wp\/v2\/product_brand?post=47159"},{"taxonomy":"product_cat","embeddable":true,"href":"https:\/\/teasense.ch\/en\/wp-json\/wp\/v2\/product_cat?post=47159"},{"taxonomy":"product_tag","embeddable":true,"href":"https:\/\/teasense.ch\/en\/wp-json\/wp\/v2\/product_tag?post=47159"}],"curies":[{"name":"wp","href":"https:\/\/api.w.org\/{rel}","templated":true}]}}