{"id":47195,"date":"2025-09-30T11:49:48","date_gmt":"2025-09-30T09:49:48","guid":{"rendered":"https:\/\/teasense.ch\/?post_type=product&#038;p=47195"},"modified":"2025-11-17T11:55:07","modified_gmt":"2025-11-17T10:55:07","slug":"herbstgefuehle-fruechtetee","status":"publish","type":"product","link":"https:\/\/teasense.ch\/en\/product\/herbstgefuehle-fruechtetee\/","title":{"rendered":"Herbstgef\u00fchle &#8211; Fr\u00fcchtetee"},"content":{"rendered":"<h2>Ein aromatischer Begleiter f\u00fcr die Herbsttage<\/h2>\n<p>Der Herbstgef\u00fchle Fr\u00fcchtetee ist eine ausgewogene Mischung, die fruchtige Frische mit w\u00fcrziger W\u00e4rme verbindet. Sorgf\u00e4ltig ausgesuchte Zutaten wie Apfel, Ingwer und Zimtstangen treffen auf Hibiskus, Zitronenschalen und Kr\u00e4uter wie Pfefferminze und Verbene. Zusammen entsteht ein facettenreicher Tee, der nicht nur durch seine leuchtende Farbe, sondern auch durch seinen vielschichtigen Geschmack begeistert.<\/p>\n<h3>Zubereitungsempfehlung<\/h3>\n<p>Damit der Fr\u00fcchtetee sein volles Aroma entfalten kann, empfehlen wir 12 bis 15 Gramm pro Liter kochendes Wasser. Die Mischung sollte 7 bis 10 Minuten ziehen. So entsteht eine harmonische Tasse mit fruchtig-w\u00fcrzigem Charakter, die besonders gut zu einer entspannten Pause passt.<\/p>\n<p><strong>Zutaten Herbstgef\u00fchle Fr\u00fcchtetee<\/strong>:<br \/>\nApfel, Ingwer, Zimtstangen, Hagebutte, S\u00fcssholzwurzel, Hibiskus, Zitronenschalen, Pfefferminze, Verbene ganz.<\/p>\n<h4>Weitere Teekreationen entdecken<\/h4>\n<p>Wenn dir der herbstlich-w\u00fcrzige Charakter des Herbstgef\u00fchle Fr\u00fcchtetees gef\u00e4llt, solltest du auch unseren\u00a0<a href=\"https:\/\/teasense.ch\/produkt\/kuschelbaer-fruechtetee\/\">Kuschelb\u00e4r &#8211; Fr\u00fcchtetee<\/a> probieren.<br \/>\nDiese Mischung verbindet fruchtige Noten mit sanften Kr\u00e4utern und sorgt f\u00fcr eine ganz besondere Tasse.<\/p>\n","protected":false},"excerpt":{"rendered":"<h4 data-start=\"1190\" data-end=\"1248\">Zubereitung Herbstgef\u00fchle Fr\u00fcchtetee<\/h4>\n<p data-start=\"1249\" data-end=\"1324\">\ud83e\udd44 12\u201315 g\/l<br data-start=\"1261\" data-end=\"1264\" \/>\ud83c\udf21\ufe0f 100 \u00b0C<br data-start=\"1274\" data-end=\"1277\" \/>\u23f3 7\u201310 Minuten<\/p>\n","protected":false},"featured_media":47176,"comment_status":"open","ping_status":"closed","template":"","meta":{"_et_pb_use_builder":"","_et_pb_old_content":"","_et_gb_content_width":""},"product_brand":[],"product_cat":[74,151,19],"product_tag":[],"class_list":{"0":"post-47195","1":"product","2":"type-product","3":"status-publish","4":"has-post-thumbnail","6":"product_cat-alle-produkte","7":"product_cat-fruechtetee","8":"product_cat-tee","9":"pa_herkunft-deutschland","10":"pa_weight-100-g","11":"pa_weight-200-g","12":"pa_weight-400-g","13":"pa_weight-50-g","15":"first","16":"instock","17":"shipping-taxable","18":"purchasable","19":"product-type-variable","20":"has-default-attributes","21":"add-to-wishlist-before_image"},"yoast_head":"<!-- This site is optimized with the Yoast SEO plugin v27.4 - https:\/\/yoast.com\/product\/yoast-seo-wordpress\/ -->\n<title>Herbstgef\u00fchle - Fr\u00fcchtetee - TeaSense.ch - Tee Shop Schweiz<\/title>\n<meta name=\"description\" content=\"Herbstgef\u00fchle Fr\u00fcchtetee \u2013 Mischung mit Apfel, Ingwer, Zimt, Hibiskus und Kr\u00e4utern. Jetzt entdecken und auch den Kuschelb\u00e4r Fr\u00fcchtetee probieren.\" \/>\n<meta name=\"robots\" content=\"index, follow, max-snippet:-1, max-image-preview:large, max-video-preview:-1\" \/>\n<link rel=\"canonical\" href=\"https:\/\/teasense.ch\/en\/product\/herbstgefuehle-fruechtetee\/\" \/>\n<meta property=\"og:locale\" content=\"en_US\" \/>\n<meta property=\"og:type\" content=\"article\" \/>\n<meta property=\"og:title\" content=\"Herbstgef\u00fchle - Fr\u00fcchtetee - TeaSense.ch - Tee Shop Schweiz\" \/>\n<meta property=\"og:description\" content=\"Herbstgef\u00fchle Fr\u00fcchtetee \u2013 Mischung mit Apfel, Ingwer, Zimt, Hibiskus und Kr\u00e4utern. Jetzt entdecken und auch den Kuschelb\u00e4r Fr\u00fcchtetee probieren.\" \/>\n<meta property=\"og:url\" content=\"https:\/\/teasense.ch\/en\/product\/herbstgefuehle-fruechtetee\/\" \/>\n<meta property=\"og:site_name\" content=\"TeaSense.ch - Tee Shop Schweiz\" \/>\n<meta property=\"article:publisher\" content=\"https:\/\/www.facebook.com\/teasense.ch\" \/>\n<meta property=\"article:modified_time\" content=\"2025-11-17T10:55:07+00:00\" \/>\n<meta property=\"og:image\" content=\"https:\/\/teasense.ch\/wp-content\/uploads\/2025\/09\/herbst1.png\" \/>\n\t<meta property=\"og:image:width\" content=\"800\" \/>\n\t<meta property=\"og:image:height\" content=\"800\" \/>\n\t<meta property=\"og:image:type\" content=\"image\/png\" \/>\n<meta name=\"twitter:card\" content=\"summary_large_image\" \/>\n<meta name=\"twitter:label1\" content=\"Est. reading time\" \/>\n\t<meta name=\"twitter:data1\" content=\"2 minutes\" \/>\n<!-- \/ Yoast SEO plugin. -->","yoast_head_json":{"title":"Herbstgef\u00fchle - Fr\u00fcchtetee - TeaSense.ch - Tee Shop Schweiz","description":"Herbstgef\u00fchle Fr\u00fcchtetee \u2013 Mischung mit Apfel, Ingwer, Zimt, Hibiskus und Kr\u00e4utern. Jetzt entdecken und auch den Kuschelb\u00e4r Fr\u00fcchtetee probieren.","robots":{"index":"index","follow":"follow","max-snippet":"max-snippet:-1","max-image-preview":"max-image-preview:large","max-video-preview":"max-video-preview:-1"},"canonical":"https:\/\/teasense.ch\/en\/product\/herbstgefuehle-fruechtetee\/","og_locale":"en_US","og_type":"article","og_title":"Herbstgef\u00fchle - Fr\u00fcchtetee - TeaSense.ch - Tee Shop Schweiz","og_description":"Herbstgef\u00fchle Fr\u00fcchtetee \u2013 Mischung mit Apfel, Ingwer, Zimt, Hibiskus und Kr\u00e4utern. Jetzt entdecken und auch den Kuschelb\u00e4r Fr\u00fcchtetee probieren.","og_url":"https:\/\/teasense.ch\/en\/product\/herbstgefuehle-fruechtetee\/","og_site_name":"TeaSense.ch - Tee Shop Schweiz","article_publisher":"https:\/\/www.facebook.com\/teasense.ch","article_modified_time":"2025-11-17T10:55:07+00:00","og_image":[{"width":800,"height":800,"url":"https:\/\/teasense.ch\/wp-content\/uploads\/2025\/09\/herbst1.png","type":"image\/png"}],"twitter_card":"summary_large_image","twitter_misc":{"Est. reading time":"2 minutes"},"schema":{"@context":"https:\/\/schema.org","@graph":[{"@type":"WebPage","@id":"https:\/\/teasense.ch\/en\/product\/herbstgefuehle-fruechtetee\/","url":"https:\/\/teasense.ch\/en\/product\/herbstgefuehle-fruechtetee\/","name":"Herbstgef\u00fchle - Fr\u00fcchtetee - TeaSense.ch - Tee Shop Schweiz","isPartOf":{"@id":"https:\/\/teasense.ch\/en\/#website"},"primaryImageOfPage":{"@id":"https:\/\/teasense.ch\/en\/product\/herbstgefuehle-fruechtetee\/#primaryimage"},"image":{"@id":"https:\/\/teasense.ch\/en\/product\/herbstgefuehle-fruechtetee\/#primaryimage"},"thumbnailUrl":"https:\/\/teasense.ch\/wp-content\/uploads\/2025\/09\/herbst1.png","datePublished":"2025-09-30T09:49:48+00:00","dateModified":"2025-11-17T10:55:07+00:00","description":"Herbstgef\u00fchle Fr\u00fcchtetee \u2013 Mischung mit Apfel, Ingwer, Zimt, Hibiskus und Kr\u00e4utern. Jetzt entdecken und auch den Kuschelb\u00e4r Fr\u00fcchtetee probieren.","breadcrumb":{"@id":"https:\/\/teasense.ch\/en\/product\/herbstgefuehle-fruechtetee\/#breadcrumb"},"inLanguage":"en-CH","potentialAction":[{"@type":"ReadAction","target":["https:\/\/teasense.ch\/en\/product\/herbstgefuehle-fruechtetee\/"]}]},{"@type":"ImageObject","inLanguage":"en-CH","@id":"https:\/\/teasense.ch\/en\/product\/herbstgefuehle-fruechtetee\/#primaryimage","url":"https:\/\/teasense.ch\/wp-content\/uploads\/2025\/09\/herbst1.png","contentUrl":"https:\/\/teasense.ch\/wp-content\/uploads\/2025\/09\/herbst1.png","width":800,"height":800,"caption":"Herbstgef\u00fchle - Fr\u00fcchtetee, loser Fr\u00fcchtetee mit Kr\u00e4utern"},{"@type":"BreadcrumbList","@id":"https:\/\/teasense.ch\/en\/product\/herbstgefuehle-fruechtetee\/#breadcrumb","itemListElement":[{"@type":"ListItem","position":1,"name":"Startseite","item":"https:\/\/teasense.ch\/en\/startseite\/"},{"@type":"ListItem","position":2,"name":"Online Tea ShopTee Onlineshop","item":"https:\/\/teasense.ch\/en\/shop\/"},{"@type":"ListItem","position":3,"name":"Herbstgef\u00fchle &#8211; Fr\u00fcchtetee"}]},{"@type":"WebSite","@id":"https:\/\/teasense.ch\/en\/#website","url":"https:\/\/teasense.ch\/en\/","name":"TeaSense.ch","description":"Nat\u00fcrliche Teemischungen und klassischer Tee","publisher":{"@id":"https:\/\/teasense.ch\/en\/#organization"},"alternateName":"TeaSense","potentialAction":[{"@type":"SearchAction","target":{"@type":"EntryPoint","urlTemplate":"https:\/\/teasense.ch\/en\/?s={search_term_string}"},"query-input":{"@type":"PropertyValueSpecification","valueRequired":true,"valueName":"search_term_string"}}],"inLanguage":"en-CH"},{"@type":"Organization","@id":"https:\/\/teasense.ch\/en\/#organization","name":"Reale Selection","alternateName":"TeaSense.ch","url":"https:\/\/teasense.ch\/en\/","logo":{"@type":"ImageObject","inLanguage":"en-CH","@id":"https:\/\/teasense.ch\/en\/#\/schema\/logo\/image\/","url":"https:\/\/teasense.ch\/wp-content\/uploads\/2023\/07\/cropped-logo-teasense-kategorie-onlineshop-alle-produkte.jpg","contentUrl":"https:\/\/teasense.ch\/wp-content\/uploads\/2023\/07\/cropped-logo-teasense-kategorie-onlineshop-alle-produkte.jpg","width":512,"height":512,"caption":"Reale Selection"},"image":{"@id":"https:\/\/teasense.ch\/en\/#\/schema\/logo\/image\/"},"sameAs":["https:\/\/www.facebook.com\/teasense.ch"]}]}},"jetpack-related-posts":[{"id":38059,"url":"https:\/\/teasense.ch\/en\/product\/adventstee-fruechtetee\/","url_meta":{"origin":47195,"position":0},"title":"Adventstee Fr\u00fcchtetee","author":"Reale Selection","date":"17. October 2023","format":false,"excerpt":"Nicht nur im Winter ein Genuss.\u2603\ufe0f\u2744\ufe0f Zubereitung Adventstee Fr\u00fcchtetee \ud83e\udd44 1 - 2 geh\u00e4ufte Teel\u00f6ffel pro Tasse (20g\/Liter)\ud83c\udf21\ufe0f 100 \u00b0C\u23f3 8 \u2013 10 Minuten ziehen lassen","rel":"","context":"Similar post","block_context":{"text":"Similar post","link":""},"img":{"alt_text":"Winterfr\u00fcchte Teemischung","src":"https:\/\/i0.wp.com\/teasense.ch\/wp-content\/uploads\/2023\/10\/adventstee-plain.jpg?resize=350%2C200&ssl=1","width":350,"height":200,"srcset":"https:\/\/i0.wp.com\/teasense.ch\/wp-content\/uploads\/2023\/10\/adventstee-plain.jpg?resize=350%2C200&ssl=1 1x, https:\/\/i0.wp.com\/teasense.ch\/wp-content\/uploads\/2023\/10\/adventstee-plain.jpg?resize=525%2C300&ssl=1 1.5x, https:\/\/i0.wp.com\/teasense.ch\/wp-content\/uploads\/2023\/10\/adventstee-plain.jpg?resize=700%2C400&ssl=1 2x"},"classes":[]},{"id":39894,"url":"https:\/\/teasense.ch\/en\/product\/winterfruechte\/","url_meta":{"origin":47195,"position":1},"title":"Winterfr\u00fcchte Tee","author":"Reale Selection","date":"20. January 2024","format":false,"excerpt":"Zubereitung Winterfr\u00fcchte-Tee \ud83e\udd44 1 - 2 geh\u00e4ufte Teel\u00f6ffel pro Tasse (20g\/Liter)\ud83c\udf21\ufe0f 100 \u00b0C\u23f3 8 - 10 Minuten ziehen lassen","rel":"","context":"Similar post","block_context":{"text":"Similar post","link":""},"img":{"alt_text":"Winterfr\u00fcchte Tee ohne Aroma lose Teemischung","src":"https:\/\/i0.wp.com\/teasense.ch\/wp-content\/uploads\/2024\/01\/winterfruechte-tee.png?resize=350%2C200&ssl=1","width":350,"height":200,"srcset":"https:\/\/i0.wp.com\/teasense.ch\/wp-content\/uploads\/2024\/01\/winterfruechte-tee.png?resize=350%2C200&ssl=1 1x, https:\/\/i0.wp.com\/teasense.ch\/wp-content\/uploads\/2024\/01\/winterfruechte-tee.png?resize=525%2C300&ssl=1 1.5x, https:\/\/i0.wp.com\/teasense.ch\/wp-content\/uploads\/2024\/01\/winterfruechte-tee.png?resize=700%2C400&ssl=1 2x"},"classes":[]},{"id":45391,"url":"https:\/\/teasense.ch\/en\/product\/power-fruechtetee\/","url_meta":{"origin":47195,"position":2},"title":"Power Fr\u00fcchtetee","author":"Reale Selection","date":"10. May 2025","format":false,"excerpt":"Zubereitung \u2013 Power Fr\u00fcchtetee \ud83e\udd44 2 g (ca. 1\u20132 TL) auf 200 ml Wasser\ud83c\udf21\ufe0f 100 \u00b0C\u23f3 8 \u2013 10 Minuten ziehen lassen","rel":"","context":"Similar post","block_context":{"text":"Similar post","link":""},"img":{"alt_text":"Power Fr\u00fcchtetee","src":"https:\/\/i0.wp.com\/teasense.ch\/wp-content\/uploads\/2025\/05\/power-fruechtetee.png?resize=350%2C200&ssl=1","width":350,"height":200,"srcset":"https:\/\/i0.wp.com\/teasense.ch\/wp-content\/uploads\/2025\/05\/power-fruechtetee.png?resize=350%2C200&ssl=1 1x, https:\/\/i0.wp.com\/teasense.ch\/wp-content\/uploads\/2025\/05\/power-fruechtetee.png?resize=525%2C300&ssl=1 1.5x, https:\/\/i0.wp.com\/teasense.ch\/wp-content\/uploads\/2025\/05\/power-fruechtetee.png?resize=700%2C400&ssl=1 2x"},"classes":[]},{"id":47272,"url":"https:\/\/teasense.ch\/en\/product\/beerenfrisch-fruechtetee\/","url_meta":{"origin":47195,"position":3},"title":"Beerenfrisch \u2013 Fr\u00fcchtetee","author":"Reale Selection","date":"13. October 2025","format":false,"excerpt":"Zubereitung Beerenfrisch - Fr\u00fcchtetee \ud83e\udd44 1 Teel\u00f6ffel auf 200 ml Wasser\ud83c\udf21\ufe0f 100 \u00b0C\u23f3 10\u201312 Minuten ziehen lassen","rel":"","context":"Similar post","block_context":{"text":"Similar post","link":""},"img":{"alt_text":"Beerenfrisch \u2013 Fr\u00fcchtetee Fruchtige Frische mit beerigem Flair","src":"https:\/\/i0.wp.com\/teasense.ch\/wp-content\/uploads\/2025\/10\/beerenfrisch.png?resize=350%2C200&ssl=1","width":350,"height":200,"srcset":"https:\/\/i0.wp.com\/teasense.ch\/wp-content\/uploads\/2025\/10\/beerenfrisch.png?resize=350%2C200&ssl=1 1x, https:\/\/i0.wp.com\/teasense.ch\/wp-content\/uploads\/2025\/10\/beerenfrisch.png?resize=525%2C300&ssl=1 1.5x, https:\/\/i0.wp.com\/teasense.ch\/wp-content\/uploads\/2025\/10\/beerenfrisch.png?resize=700%2C400&ssl=1 2x"},"classes":[]},{"id":43304,"url":"https:\/\/teasense.ch\/en\/product\/blutorange\/","url_meta":{"origin":47195,"position":4},"title":"Fr\u00fcchtetee Blutorange","author":"Reale Selection","date":"26. October 2024","format":false,"excerpt":"Fruchtiger Tee mit Blutorange, perfekt f\u00fcr jede Tageszeit. Zubereitung Blutorange Tee \ud83e\udd44 1 \u2013 2 geh\u00e4ufte TL (ca. 2 g) auf 200 ml Wasser\ud83c\udf21\ufe0f 100 \u00b0C\u23f3 8 \u2013 10 Minuten ziehen lassen","rel":"","context":"Similar post","block_context":{"text":"Similar post","link":""},"img":{"alt_text":"Blutorange Teemischung","src":"https:\/\/i0.wp.com\/teasense.ch\/wp-content\/uploads\/2024\/10\/blutorange-tee.png?resize=350%2C200&ssl=1","width":350,"height":200,"srcset":"https:\/\/i0.wp.com\/teasense.ch\/wp-content\/uploads\/2024\/10\/blutorange-tee.png?resize=350%2C200&ssl=1 1x, https:\/\/i0.wp.com\/teasense.ch\/wp-content\/uploads\/2024\/10\/blutorange-tee.png?resize=525%2C300&ssl=1 1.5x, https:\/\/i0.wp.com\/teasense.ch\/wp-content\/uploads\/2024\/10\/blutorange-tee.png?resize=700%2C400&ssl=1 2x"},"classes":[]},{"id":43246,"url":"https:\/\/teasense.ch\/en\/product\/fruchtzauber-fruechtetee\/","url_meta":{"origin":47195,"position":5},"title":"Fruchtzauber &#8211; Fr\u00fcchtetee","author":"Reale Selection","date":"23. October 2024","format":false,"excerpt":"Zubereitung \u2013 Fruchtzauber Fr\u00fcchtetee \ud83e\udd44 1 - 2 geh\u00e4ufte TL auf 200 ml Wasser \ud83c\udf21\ufe0f 100 \u00b0C \u23f3 5 - 7 Minuten ziehen lassen","rel":"","context":"Similar post","block_context":{"text":"Similar post","link":""},"img":{"alt_text":"Fruchtzauber Fr\u00fcchtetee lose Teemischung","src":"https:\/\/i0.wp.com\/teasense.ch\/wp-content\/uploads\/2024\/10\/Fruchtzauber-Fruechtetee.png?resize=350%2C200&ssl=1","width":350,"height":200,"srcset":"https:\/\/i0.wp.com\/teasense.ch\/wp-content\/uploads\/2024\/10\/Fruchtzauber-Fruechtetee.png?resize=350%2C200&ssl=1 1x, https:\/\/i0.wp.com\/teasense.ch\/wp-content\/uploads\/2024\/10\/Fruchtzauber-Fruechtetee.png?resize=525%2C300&ssl=1 1.5x, https:\/\/i0.wp.com\/teasense.ch\/wp-content\/uploads\/2024\/10\/Fruchtzauber-Fruechtetee.png?resize=700%2C400&ssl=1 2x, https:\/\/i0.wp.com\/teasense.ch\/wp-content\/uploads\/2024\/10\/Fruchtzauber-Fruechtetee.png?resize=1050%2C600&ssl=1 3x, https:\/\/i0.wp.com\/teasense.ch\/wp-content\/uploads\/2024\/10\/Fruchtzauber-Fruechtetee.png?resize=1400%2C800&ssl=1 4x"},"classes":[]}],"jetpack_sharing_enabled":true,"jetpack_likes_enabled":false,"_links":{"self":[{"href":"https:\/\/teasense.ch\/en\/wp-json\/wp\/v2\/product\/47195","targetHints":{"allow":["GET"]}}],"collection":[{"href":"https:\/\/teasense.ch\/en\/wp-json\/wp\/v2\/product"}],"about":[{"href":"https:\/\/teasense.ch\/en\/wp-json\/wp\/v2\/types\/product"}],"replies":[{"embeddable":true,"href":"https:\/\/teasense.ch\/en\/wp-json\/wp\/v2\/comments?post=47195"}],"wp:featuredmedia":[{"embeddable":true,"href":"https:\/\/teasense.ch\/en\/wp-json\/wp\/v2\/media\/47176"}],"wp:attachment":[{"href":"https:\/\/teasense.ch\/en\/wp-json\/wp\/v2\/media?parent=47195"}],"wp:term":[{"taxonomy":"product_brand","embeddable":true,"href":"https:\/\/teasense.ch\/en\/wp-json\/wp\/v2\/product_brand?post=47195"},{"taxonomy":"product_cat","embeddable":true,"href":"https:\/\/teasense.ch\/en\/wp-json\/wp\/v2\/product_cat?post=47195"},{"taxonomy":"product_tag","embeddable":true,"href":"https:\/\/teasense.ch\/en\/wp-json\/wp\/v2\/product_tag?post=47195"}],"curies":[{"name":"wp","href":"https:\/\/api.w.org\/{rel}","templated":true}]}}