{"id":47253,"date":"2025-10-12T10:45:39","date_gmt":"2025-10-12T08:45:39","guid":{"rendered":"https:\/\/teasense.ch\/?post_type=product&#038;p=47253"},"modified":"2026-01-04T12:11:15","modified_gmt":"2026-01-04T11:11:15","slug":"houjicha-japanischer-roesttee","status":"publish","type":"product","link":"https:\/\/teasense.ch\/en\/product\/houjicha-japanischer-roesttee\/","title":{"rendered":"Houjicha \u2013 Japanischer R\u00f6sttee"},"content":{"rendered":"<h2>Gr\u00fcntee &#8211; Japanische R\u00f6stkunst<\/h2>\n<p>Der Houjicha ist ein charaktervoller japanischer Gr\u00fcntee, der durch ein spezielles R\u00f6stverfahren entsteht. Dabei werden die Bl\u00e4tter und St\u00e4ngel des Tees schonend erhitzt, wodurch sie ihr typisches bernsteinfarbenes Aufgussbild und das unverwechselbar warme Aroma entwickeln. Der Geschmack ist ausgewogen, mit sanften R\u00f6stnoten, einer feinen nat\u00fcrlichen S\u00fcsse und subtilen Ankl\u00e4ngen von Kakao und Karamell.<\/p>\n<h2>Herkunft und Herstellung Houjicha<\/h2>\n<p>Dieser Houjicha stammt aus Kagoshima im S\u00fcden Japans, einer Region, die f\u00fcr ihre reiche Teekultur und den Anbau hochwertiger Sorten bekannt ist. Er wird aus dem Cultivar Yabukita hergestellt \u2013 einer der beliebtesten Teepflanzen Japans. Anders als viele andere Gr\u00fcntees wird Houjicha nicht ged\u00e4mpft, sondern schonend ger\u00f6stet. Das japanische Wort \u201eHouji\u201c bedeutet \u201ebraten\u201c und \u201eCha\u201c steht f\u00fcr \u201eTee\u201c. Durch dieses Verfahren erh\u00e4lt der Tee sein mildes, harmonisches Profil und einen sehr niedrigen Koffeingehalt, was ihn auch f\u00fcr den Abendgenuss geeignet macht.<\/p>\n<p><strong>Zutaten des Houjicha<\/strong>:\u00a0Gr\u00fcntee (ger\u00f6stete Bl\u00e4tter und St\u00e4ngel) aus Japan, Cultivar Yabukita.<\/p>\n<h3>Zubereitung des Houjicha<\/h3>\n<p>F\u00fcr die optimale Zubereitung 15 Gramm pro Liter Wasser verwenden. Das Wasser sollte etwa 75 \u00b0C heiss sein, die Ziehzeit betr\u00e4gt rund 1 Minute. Der Tee kann mehrmals aufgegossen werden, wobei sich die Aromen von Malz, R\u00f6stnoten und Karamell mit jedem Aufguss unterschiedlich entfalten.<\/p>\n<h4>Weitere japanische Gr\u00fcntees entdecken<\/h4>\n<p>Wenn dir Gr\u00fcntee gef\u00e4llt, dann entdecke auch unseren <a href=\"https:\/\/teasense.ch\/produkt\/japan-genmaicha\/\">Japan Genmaicha<\/a>. Beide Tees stammen aus Japan und verbinden die W\u00e4rme ger\u00f6steter Noten mit der feinen Frische gr\u00fcner Teebl\u00e4tter.<\/p>\n","protected":false},"excerpt":{"rendered":"<h4>Houjicha \u2013 Zubereitung<\/h4>\n<p>\ud83e\udd44 1 Teel\u00f6ffel auf 200 ml Wasser<br data-start=\"2094\" data-end=\"2097\" \/>\ud83c\udf21\ufe0f 75 \u00b0C<br data-start=\"2106\" data-end=\"2109\" \/>\u23f3 1 Minute ziehen lassen<br data-start=\"2133\" data-end=\"2136\" \/>\ud83d\udd01 mehrmals aufgiessbar<\/p>\n","protected":false},"featured_media":47260,"comment_status":"open","ping_status":"closed","template":"","meta":{"_et_pb_use_builder":"","_et_pb_old_content":"","_et_gb_content_width":""},"product_brand":[],"product_cat":[74,182,19],"product_tag":[],"class_list":{"0":"post-47253","1":"product","2":"type-product","3":"status-publish","4":"has-post-thumbnail","6":"product_cat-alle-produkte","7":"product_cat-gruentee","8":"product_cat-tee","9":"pa_herkunft-japan","10":"pa_weight-100-g","11":"pa_weight-200-g","12":"pa_weight-400-g","13":"pa_weight-50-g","15":"first","16":"instock","17":"shipping-taxable","18":"purchasable","19":"product-type-variable","20":"has-default-attributes","21":"add-to-wishlist-before_image"},"yoast_head":"<!-- This site is optimized with the Yoast SEO plugin v27.4 - https:\/\/yoast.com\/product\/yoast-seo-wordpress\/ -->\n<title>Houjicha \u2013 Japanischer R\u00f6sttee - TeaSense.ch - Tee Shop Schweiz<\/title>\n<meta name=\"description\" content=\"Houjicha \u2013 japanischer Gr\u00fcntee aus Kagoshima (Cultivar Yabukita). Schonend ger\u00f6stet, mit Noten von Kakao und Karamell, mild und koffeinarm.\" \/>\n<meta name=\"robots\" content=\"index, follow, max-snippet:-1, max-image-preview:large, max-video-preview:-1\" \/>\n<link rel=\"canonical\" href=\"https:\/\/teasense.ch\/en\/product\/houjicha-japanischer-roesttee\/\" \/>\n<meta property=\"og:locale\" content=\"en_US\" \/>\n<meta property=\"og:type\" content=\"article\" \/>\n<meta property=\"og:title\" content=\"Houjicha \u2013 Japanischer R\u00f6sttee - TeaSense.ch - Tee Shop Schweiz\" \/>\n<meta property=\"og:description\" content=\"Houjicha \u2013 japanischer Gr\u00fcntee aus Kagoshima (Cultivar Yabukita). Schonend ger\u00f6stet, mit Noten von Kakao und Karamell, mild und koffeinarm.\" \/>\n<meta property=\"og:url\" content=\"https:\/\/teasense.ch\/en\/product\/houjicha-japanischer-roesttee\/\" \/>\n<meta property=\"og:site_name\" content=\"TeaSense.ch - Tee Shop Schweiz\" \/>\n<meta property=\"article:publisher\" content=\"https:\/\/www.facebook.com\/teasense.ch\" \/>\n<meta property=\"article:modified_time\" content=\"2026-01-04T11:11:15+00:00\" \/>\n<meta property=\"og:image\" content=\"https:\/\/teasense.ch\/wp-content\/uploads\/2025\/10\/produktfoto-3.png\" \/>\n\t<meta property=\"og:image:width\" content=\"800\" \/>\n\t<meta property=\"og:image:height\" content=\"800\" \/>\n\t<meta property=\"og:image:type\" content=\"image\/png\" \/>\n<meta name=\"twitter:card\" content=\"summary_large_image\" \/>\n<meta name=\"twitter:label1\" content=\"Est. reading time\" \/>\n\t<meta name=\"twitter:data1\" content=\"2 minutes\" \/>\n<!-- \/ Yoast SEO plugin. -->","yoast_head_json":{"title":"Houjicha \u2013 Japanischer R\u00f6sttee - TeaSense.ch - Tee Shop Schweiz","description":"Houjicha \u2013 japanischer Gr\u00fcntee aus Kagoshima (Cultivar Yabukita). Schonend ger\u00f6stet, mit Noten von Kakao und Karamell, mild und koffeinarm.","robots":{"index":"index","follow":"follow","max-snippet":"max-snippet:-1","max-image-preview":"max-image-preview:large","max-video-preview":"max-video-preview:-1"},"canonical":"https:\/\/teasense.ch\/en\/product\/houjicha-japanischer-roesttee\/","og_locale":"en_US","og_type":"article","og_title":"Houjicha \u2013 Japanischer R\u00f6sttee - TeaSense.ch - Tee Shop Schweiz","og_description":"Houjicha \u2013 japanischer Gr\u00fcntee aus Kagoshima (Cultivar Yabukita). Schonend ger\u00f6stet, mit Noten von Kakao und Karamell, mild und koffeinarm.","og_url":"https:\/\/teasense.ch\/en\/product\/houjicha-japanischer-roesttee\/","og_site_name":"TeaSense.ch - Tee Shop Schweiz","article_publisher":"https:\/\/www.facebook.com\/teasense.ch","article_modified_time":"2026-01-04T11:11:15+00:00","og_image":[{"width":800,"height":800,"url":"https:\/\/teasense.ch\/wp-content\/uploads\/2025\/10\/produktfoto-3.png","type":"image\/png"}],"twitter_card":"summary_large_image","twitter_misc":{"Est. reading time":"2 minutes"},"schema":{"@context":"https:\/\/schema.org","@graph":[{"@type":"WebPage","@id":"https:\/\/teasense.ch\/en\/product\/houjicha-japanischer-roesttee\/","url":"https:\/\/teasense.ch\/en\/product\/houjicha-japanischer-roesttee\/","name":"Houjicha \u2013 Japanischer R\u00f6sttee - TeaSense.ch - Tee Shop Schweiz","isPartOf":{"@id":"https:\/\/teasense.ch\/en\/#website"},"primaryImageOfPage":{"@id":"https:\/\/teasense.ch\/en\/product\/houjicha-japanischer-roesttee\/#primaryimage"},"image":{"@id":"https:\/\/teasense.ch\/en\/product\/houjicha-japanischer-roesttee\/#primaryimage"},"thumbnailUrl":"https:\/\/teasense.ch\/wp-content\/uploads\/2025\/10\/produktfoto-3.png","datePublished":"2025-10-12T08:45:39+00:00","dateModified":"2026-01-04T11:11:15+00:00","description":"Houjicha \u2013 japanischer Gr\u00fcntee aus Kagoshima (Cultivar Yabukita). Schonend ger\u00f6stet, mit Noten von Kakao und Karamell, mild und koffeinarm.","breadcrumb":{"@id":"https:\/\/teasense.ch\/en\/product\/houjicha-japanischer-roesttee\/#breadcrumb"},"inLanguage":"en-CH","potentialAction":[{"@type":"ReadAction","target":["https:\/\/teasense.ch\/en\/product\/houjicha-japanischer-roesttee\/"]}]},{"@type":"ImageObject","inLanguage":"en-CH","@id":"https:\/\/teasense.ch\/en\/product\/houjicha-japanischer-roesttee\/#primaryimage","url":"https:\/\/teasense.ch\/wp-content\/uploads\/2025\/10\/produktfoto-3.png","contentUrl":"https:\/\/teasense.ch\/wp-content\/uploads\/2025\/10\/produktfoto-3.png","width":800,"height":800,"caption":"Houjicha Cultivar Yabukita Kagoshima S\u00fcden Japans."},{"@type":"BreadcrumbList","@id":"https:\/\/teasense.ch\/en\/product\/houjicha-japanischer-roesttee\/#breadcrumb","itemListElement":[{"@type":"ListItem","position":1,"name":"Startseite","item":"https:\/\/teasense.ch\/en\/startseite\/"},{"@type":"ListItem","position":2,"name":"Online Tea ShopTee Onlineshop","item":"https:\/\/teasense.ch\/en\/shop\/"},{"@type":"ListItem","position":3,"name":"Houjicha \u2013 Japanischer R\u00f6sttee"}]},{"@type":"WebSite","@id":"https:\/\/teasense.ch\/en\/#website","url":"https:\/\/teasense.ch\/en\/","name":"TeaSense.ch","description":"Nat\u00fcrliche Teemischungen und klassischer Tee","publisher":{"@id":"https:\/\/teasense.ch\/en\/#organization"},"alternateName":"TeaSense","potentialAction":[{"@type":"SearchAction","target":{"@type":"EntryPoint","urlTemplate":"https:\/\/teasense.ch\/en\/?s={search_term_string}"},"query-input":{"@type":"PropertyValueSpecification","valueRequired":true,"valueName":"search_term_string"}}],"inLanguage":"en-CH"},{"@type":"Organization","@id":"https:\/\/teasense.ch\/en\/#organization","name":"Reale Selection","alternateName":"TeaSense.ch","url":"https:\/\/teasense.ch\/en\/","logo":{"@type":"ImageObject","inLanguage":"en-CH","@id":"https:\/\/teasense.ch\/en\/#\/schema\/logo\/image\/","url":"https:\/\/teasense.ch\/wp-content\/uploads\/2023\/07\/cropped-logo-teasense-kategorie-onlineshop-alle-produkte.jpg","contentUrl":"https:\/\/teasense.ch\/wp-content\/uploads\/2023\/07\/cropped-logo-teasense-kategorie-onlineshop-alle-produkte.jpg","width":512,"height":512,"caption":"Reale Selection"},"image":{"@id":"https:\/\/teasense.ch\/en\/#\/schema\/logo\/image\/"},"sameAs":["https:\/\/www.facebook.com\/teasense.ch"]}]}},"jetpack-related-posts":[{"id":48120,"url":"https:\/\/teasense.ch\/it\/product\/kundengeschenk-tee\/","url_meta":{"origin":47253,"position":0},"title":"Regalo t\u00e8 aziendale","author":"Reale Selection","date":"2. March 2026","format":false,"excerpt":"100 g di una miscela di t\u00e8 selezionata Scelta tra tre variet\u00e0 Confezionato in sacchetto kraft con finestra Da 20 pezzi - ordina 100 pezzi nello shop Tempi di consegna ca. 14 giorni lavorativi","rel":"","context":"Similar post","block_context":{"text":"Similar post","link":""},"img":{"alt_text":"Auswahl Tee Kundengeschenke Schwarztee Kr\u00e4utertee Fr\u00fcchtetee","src":"https:\/\/i0.wp.com\/teasense.ch\/wp-content\/uploads\/2026\/03\/auswahl-tee-kundengeschenke.png?resize=350%2C200&ssl=1","width":350,"height":200,"srcset":"https:\/\/i0.wp.com\/teasense.ch\/wp-content\/uploads\/2026\/03\/auswahl-tee-kundengeschenke.png?resize=350%2C200&ssl=1 1x, https:\/\/i0.wp.com\/teasense.ch\/wp-content\/uploads\/2026\/03\/auswahl-tee-kundengeschenke.png?resize=525%2C300&ssl=1 1.5x, https:\/\/i0.wp.com\/teasense.ch\/wp-content\/uploads\/2026\/03\/auswahl-tee-kundengeschenke.png?resize=700%2C400&ssl=1 2x"},"classes":[]},{"id":48095,"url":"https:\/\/teasense.ch\/it\/product\/tisana-dormiglione\/","url_meta":{"origin":47253,"position":1},"title":"Tisana Dormiglione","author":"Reale Selection","date":"23. October 2024","format":false,"excerpt":"Preparazione Tisana Dormiglione \ud83e\udd44 1 cucchiaino per tazza (14g\/litro)\ud83c\udf21\ufe0f 100 \u00b0C\u23f3 5 minuti","rel":"","context":"Similar post","block_context":{"text":"Similar post","link":""},"img":{"alt_text":"Schlafm\u00fctze Kr\u00e4utertee weisser Hintergrund","src":"https:\/\/i0.wp.com\/teasense.ch\/wp-content\/uploads\/2024\/10\/schlafmuetze-kraeutertee-weisser-hintergrund.png?resize=350%2C200&ssl=1","width":350,"height":200,"srcset":"https:\/\/i0.wp.com\/teasense.ch\/wp-content\/uploads\/2024\/10\/schlafmuetze-kraeutertee-weisser-hintergrund.png?resize=350%2C200&ssl=1 1x, https:\/\/i0.wp.com\/teasense.ch\/wp-content\/uploads\/2024\/10\/schlafmuetze-kraeutertee-weisser-hintergrund.png?resize=525%2C300&ssl=1 1.5x, https:\/\/i0.wp.com\/teasense.ch\/wp-content\/uploads\/2024\/10\/schlafmuetze-kraeutertee-weisser-hintergrund.png?resize=700%2C400&ssl=1 2x"},"classes":[]},{"id":48103,"url":"https:\/\/teasense.ch\/it\/product\/abbonamento-te\/","url_meta":{"origin":47253,"position":2},"title":"Abbonamento t\u00e8","author":"Reale Selection","date":"25. January 2024","format":false,"excerpt":"\ud83c\udf3f Due tipi di t\u00e8 al mese \ud83d\udcc5 Durata liberamente selezionabile \ud83d\udc8c Personale & personalizzato \ud83c\udf81 Perfetto come regalo Seleziona il numero di mesi desiderato:","rel":"","context":"Similar post","block_context":{"text":"Similar post","link":""},"img":{"alt_text":"Abbonamento al t\u00e8 Scatola di spedizione Teasense Svizzera","src":"https:\/\/i0.wp.com\/teasense.ch\/wp-content\/uploads\/2024\/01\/Tee-Abo-Teasense-Versandbox.png?resize=350%2C200&ssl=1","width":350,"height":200,"srcset":"https:\/\/i0.wp.com\/teasense.ch\/wp-content\/uploads\/2024\/01\/Tee-Abo-Teasense-Versandbox.png?resize=350%2C200&ssl=1 1x, https:\/\/i0.wp.com\/teasense.ch\/wp-content\/uploads\/2024\/01\/Tee-Abo-Teasense-Versandbox.png?resize=525%2C300&ssl=1 1.5x, https:\/\/i0.wp.com\/teasense.ch\/wp-content\/uploads\/2024\/01\/Tee-Abo-Teasense-Versandbox.png?resize=700%2C400&ssl=1 2x"},"classes":[]},{"id":48422,"url":"https:\/\/teasense.ch\/en\/product\/stainless-steel-tea-infuser-75-mm\/","url_meta":{"origin":47253,"position":3},"title":"Stainless Steel Tea Infuser 75 mm","author":"Reale Selection","date":"7. January 2026","format":false,"excerpt":"Stainless steel sieve 75 mm (\u00d8 75\/85 x 50 mm)","rel":"","context":"Similar post","block_context":{"text":"Similar post","link":""},"img":{"alt_text":"Edelstahlsieb 75 mm 85 x 50 mm","src":"https:\/\/i0.wp.com\/teasense.ch\/wp-content\/uploads\/2026\/01\/edelstahlsieb-75-mm-85-x-50-mm.png?resize=350%2C200&ssl=1","width":350,"height":200,"srcset":"https:\/\/i0.wp.com\/teasense.ch\/wp-content\/uploads\/2026\/01\/edelstahlsieb-75-mm-85-x-50-mm.png?resize=350%2C200&ssl=1 1x, https:\/\/i0.wp.com\/teasense.ch\/wp-content\/uploads\/2026\/01\/edelstahlsieb-75-mm-85-x-50-mm.png?resize=525%2C300&ssl=1 1.5x, https:\/\/i0.wp.com\/teasense.ch\/wp-content\/uploads\/2026\/01\/edelstahlsieb-75-mm-85-x-50-mm.png?resize=700%2C400&ssl=1 2x"},"classes":[]},{"id":48114,"url":"https:\/\/teasense.ch\/en\/product\/wild-cherry-black-tea\/","url_meta":{"origin":47253,"position":4},"title":"Wild Cherry Black Tea","author":"Reale Selection","date":"17. December 2025","format":false,"excerpt":"Preparation of Wild Cherry Black Tea \ud83e\udd44 1\u20132 tsp per cup (12 g\/L)\ud83c\udf21\ufe0f 100 \u00b0C\u23f3 3 minutes","rel":"","context":"Similar post","block_context":{"text":"Similar post","link":""},"img":{"alt_text":"Schwarztee Wildkirsche Nat\u00fcrliche Teemischung","src":"https:\/\/i0.wp.com\/teasense.ch\/wp-content\/uploads\/2025\/12\/schwarztee-wildkirsche.png?resize=350%2C200&ssl=1","width":350,"height":200,"srcset":"https:\/\/i0.wp.com\/teasense.ch\/wp-content\/uploads\/2025\/12\/schwarztee-wildkirsche.png?resize=350%2C200&ssl=1 1x, https:\/\/i0.wp.com\/teasense.ch\/wp-content\/uploads\/2025\/12\/schwarztee-wildkirsche.png?resize=525%2C300&ssl=1 1.5x, https:\/\/i0.wp.com\/teasense.ch\/wp-content\/uploads\/2025\/12\/schwarztee-wildkirsche.png?resize=700%2C400&ssl=1 2x"},"classes":[]},{"id":48162,"url":"https:\/\/teasense.ch\/fr\/product\/abonnement-the\/","url_meta":{"origin":47253,"position":5},"title":"Abonnement de th\u00e9","author":"Reale Selection","date":"25. January 2024","format":false,"excerpt":"\ud83c\udf3f Deux vari\u00e9t\u00e9s de th\u00e9 par mois \ud83d\udcc5 Dur\u00e9e librement choisie \ud83d\udc8c Personnel & sur mesure \ud83c\udf81 Parfait comme cadeau Choisissez le nombre de mois souhait\u00e9 :","rel":"","context":"Similar post","block_context":{"text":"Similar post","link":""},"img":{"alt_text":"Abbonamento al t\u00e8 Scatola di spedizione Teasense Svizzera","src":"https:\/\/i0.wp.com\/teasense.ch\/wp-content\/uploads\/2024\/01\/Tee-Abo-Teasense-Versandbox.png?resize=350%2C200&ssl=1","width":350,"height":200,"srcset":"https:\/\/i0.wp.com\/teasense.ch\/wp-content\/uploads\/2024\/01\/Tee-Abo-Teasense-Versandbox.png?resize=350%2C200&ssl=1 1x, https:\/\/i0.wp.com\/teasense.ch\/wp-content\/uploads\/2024\/01\/Tee-Abo-Teasense-Versandbox.png?resize=525%2C300&ssl=1 1.5x, https:\/\/i0.wp.com\/teasense.ch\/wp-content\/uploads\/2024\/01\/Tee-Abo-Teasense-Versandbox.png?resize=700%2C400&ssl=1 2x"},"classes":[]}],"jetpack_sharing_enabled":true,"jetpack_likes_enabled":false,"_links":{"self":[{"href":"https:\/\/teasense.ch\/en\/wp-json\/wp\/v2\/product\/47253","targetHints":{"allow":["GET"]}}],"collection":[{"href":"https:\/\/teasense.ch\/en\/wp-json\/wp\/v2\/product"}],"about":[{"href":"https:\/\/teasense.ch\/en\/wp-json\/wp\/v2\/types\/product"}],"replies":[{"embeddable":true,"href":"https:\/\/teasense.ch\/en\/wp-json\/wp\/v2\/comments?post=47253"}],"wp:featuredmedia":[{"embeddable":true,"href":"https:\/\/teasense.ch\/en\/wp-json\/wp\/v2\/media\/47260"}],"wp:attachment":[{"href":"https:\/\/teasense.ch\/en\/wp-json\/wp\/v2\/media?parent=47253"}],"wp:term":[{"taxonomy":"product_brand","embeddable":true,"href":"https:\/\/teasense.ch\/en\/wp-json\/wp\/v2\/product_brand?post=47253"},{"taxonomy":"product_cat","embeddable":true,"href":"https:\/\/teasense.ch\/en\/wp-json\/wp\/v2\/product_cat?post=47253"},{"taxonomy":"product_tag","embeddable":true,"href":"https:\/\/teasense.ch\/en\/wp-json\/wp\/v2\/product_tag?post=47253"}],"curies":[{"name":"wp","href":"https:\/\/api.w.org\/{rel}","templated":true}]}}