{"id":47471,"date":"2025-11-13T11:16:02","date_gmt":"2025-11-13T10:16:02","guid":{"rendered":"https:\/\/teasense.ch\/?post_type=product&#038;p=47471"},"modified":"2026-04-05T19:09:51","modified_gmt":"2026-04-05T17:09:51","slug":"teesieb-teekanne-54","status":"publish","type":"product","link":"https:\/\/teasense.ch\/en\/product\/teesieb-teekanne-54\/","title":{"rendered":"Teesieb Teekanne 54"},"content":{"rendered":"<h2>Teesieb \u00d8 54 mm<\/h2>\n<p>Praktisch, schlicht und perfekt f\u00fcr deine Teepause \u2013 dieses Teesieb aus Edelstahl mit einem Durchmesser von 54 mm passt ideal in kleine bis mittlere Tassen oder Teekannen.<\/p>\n<p>Der feinmaschige Siebeinsatz sorgt daf\u00fcr, dass selbst feine Teebl\u00e4tter zuverl\u00e4ssig zur\u00fcckgehalten werden \u2013 f\u00fcr einen klaren und aromatischen Teegenuss. Dank des Griffs in Teekannenform liegt das Sieb gut in der Hand und l\u00e4sst sich einfach entnehmen.<\/p>\n<p>Dieses Teesieb eignet sich auch wunderbar als Geschenkidee. Kombiniere es mit einer feinen <a href=\"https:\/\/teasense.ch\/produkt\/fastenkraeuter\/\">Kr\u00e4uterteemischung<\/a> aus unserem Sortiment und stelle dein eigenes, pers\u00f6nliches Teegeschenk zusammen \u2013 eine kleine Aufmerksamkeit, die von Herzen kommt.<\/p>\n","protected":false},"excerpt":{"rendered":"<h4>Teesieb \u00d8 54 mm<\/h4>\n","protected":false},"featured_media":47472,"comment_status":"open","ping_status":"closed","template":"","meta":{"_et_pb_use_builder":"","_et_pb_old_content":"","_et_gb_content_width":""},"product_brand":[],"product_cat":[74,59,79],"product_tag":[],"class_list":{"0":"post-47471","1":"product","2":"type-product","3":"status-publish","4":"has-post-thumbnail","6":"product_cat-alle-produkte","7":"product_cat-tee-geschenke","8":"product_cat-teezubehoer","10":"first","11":"instock","12":"shipping-taxable","13":"purchasable","14":"product-type-simple","15":"add-to-wishlist-before_image"},"yoast_head":"<!-- This site is optimized with the Yoast SEO plugin v27.4 - https:\/\/yoast.com\/product\/yoast-seo-wordpress\/ -->\n<title>Teesieb Teekanne 54 - TeaSense.ch - Tee Shop Schweiz<\/title>\n<meta name=\"description\" content=\"Praktisches Teesieb aus Edelstahl \u00d8 54 mm \u2013 ideal f\u00fcr losen Tee. Auch perfekt als Geschenkidee mit einer feinen Kr\u00e4uterteemischung.\" \/>\n<meta name=\"robots\" content=\"index, follow, max-snippet:-1, max-image-preview:large, max-video-preview:-1\" \/>\n<link rel=\"canonical\" href=\"https:\/\/teasense.ch\/en\/product\/teesieb-teekanne-54\/\" \/>\n<meta property=\"og:locale\" content=\"en_US\" \/>\n<meta property=\"og:type\" content=\"article\" \/>\n<meta property=\"og:title\" content=\"Teesieb Teekanne 54 - TeaSense.ch - Tee Shop Schweiz\" \/>\n<meta property=\"og:description\" content=\"Praktisches Teesieb aus Edelstahl \u00d8 54 mm \u2013 ideal f\u00fcr losen Tee. Auch perfekt als Geschenkidee mit einer feinen Kr\u00e4uterteemischung.\" \/>\n<meta property=\"og:url\" content=\"https:\/\/teasense.ch\/en\/product\/teesieb-teekanne-54\/\" \/>\n<meta property=\"og:site_name\" content=\"TeaSense.ch - Tee Shop Schweiz\" \/>\n<meta property=\"article:publisher\" content=\"https:\/\/www.facebook.com\/teasense.ch\" \/>\n<meta property=\"article:modified_time\" content=\"2026-04-05T17:09:51+00:00\" \/>\n<meta property=\"og:image\" content=\"https:\/\/teasense.ch\/wp-content\/uploads\/2025\/11\/teesieb.png\" \/>\n\t<meta property=\"og:image:width\" content=\"800\" \/>\n\t<meta property=\"og:image:height\" content=\"800\" \/>\n\t<meta property=\"og:image:type\" content=\"image\/png\" \/>\n<meta name=\"twitter:card\" content=\"summary_large_image\" \/>\n<meta name=\"twitter:label1\" content=\"Est. reading time\" \/>\n\t<meta name=\"twitter:data1\" content=\"1 minute\" \/>\n<!-- \/ Yoast SEO plugin. -->","yoast_head_json":{"title":"Teesieb Teekanne 54 - TeaSense.ch - Tee Shop Schweiz","description":"Praktisches Teesieb aus Edelstahl \u00d8 54 mm \u2013 ideal f\u00fcr losen Tee. Auch perfekt als Geschenkidee mit einer feinen Kr\u00e4uterteemischung.","robots":{"index":"index","follow":"follow","max-snippet":"max-snippet:-1","max-image-preview":"max-image-preview:large","max-video-preview":"max-video-preview:-1"},"canonical":"https:\/\/teasense.ch\/en\/product\/teesieb-teekanne-54\/","og_locale":"en_US","og_type":"article","og_title":"Teesieb Teekanne 54 - TeaSense.ch - Tee Shop Schweiz","og_description":"Praktisches Teesieb aus Edelstahl \u00d8 54 mm \u2013 ideal f\u00fcr losen Tee. Auch perfekt als Geschenkidee mit einer feinen Kr\u00e4uterteemischung.","og_url":"https:\/\/teasense.ch\/en\/product\/teesieb-teekanne-54\/","og_site_name":"TeaSense.ch - Tee Shop Schweiz","article_publisher":"https:\/\/www.facebook.com\/teasense.ch","article_modified_time":"2026-04-05T17:09:51+00:00","og_image":[{"width":800,"height":800,"url":"https:\/\/teasense.ch\/wp-content\/uploads\/2025\/11\/teesieb.png","type":"image\/png"}],"twitter_card":"summary_large_image","twitter_misc":{"Est. reading time":"1 minute"},"schema":{"@context":"https:\/\/schema.org","@graph":[{"@type":"WebPage","@id":"https:\/\/teasense.ch\/en\/product\/teesieb-teekanne-54\/","url":"https:\/\/teasense.ch\/en\/product\/teesieb-teekanne-54\/","name":"Teesieb Teekanne 54 - TeaSense.ch - Tee Shop Schweiz","isPartOf":{"@id":"https:\/\/teasense.ch\/en\/#website"},"primaryImageOfPage":{"@id":"https:\/\/teasense.ch\/en\/product\/teesieb-teekanne-54\/#primaryimage"},"image":{"@id":"https:\/\/teasense.ch\/en\/product\/teesieb-teekanne-54\/#primaryimage"},"thumbnailUrl":"https:\/\/teasense.ch\/wp-content\/uploads\/2025\/11\/teesieb.png","datePublished":"2025-11-13T10:16:02+00:00","dateModified":"2026-04-05T17:09:51+00:00","description":"Praktisches Teesieb aus Edelstahl \u00d8 54 mm \u2013 ideal f\u00fcr losen Tee. Auch perfekt als Geschenkidee mit einer feinen Kr\u00e4uterteemischung.","breadcrumb":{"@id":"https:\/\/teasense.ch\/en\/product\/teesieb-teekanne-54\/#breadcrumb"},"inLanguage":"en-CH","potentialAction":[{"@type":"ReadAction","target":["https:\/\/teasense.ch\/en\/product\/teesieb-teekanne-54\/"]}]},{"@type":"ImageObject","inLanguage":"en-CH","@id":"https:\/\/teasense.ch\/en\/product\/teesieb-teekanne-54\/#primaryimage","url":"https:\/\/teasense.ch\/wp-content\/uploads\/2025\/11\/teesieb.png","contentUrl":"https:\/\/teasense.ch\/wp-content\/uploads\/2025\/11\/teesieb.png","width":800,"height":800,"caption":"Teesieb 54 mm Durchmesser mit Teekanne Charm"},{"@type":"BreadcrumbList","@id":"https:\/\/teasense.ch\/en\/product\/teesieb-teekanne-54\/#breadcrumb","itemListElement":[{"@type":"ListItem","position":1,"name":"Startseite","item":"https:\/\/teasense.ch\/en\/startseite\/"},{"@type":"ListItem","position":2,"name":"Online Tea ShopTee Onlineshop","item":"https:\/\/teasense.ch\/en\/shop\/"},{"@type":"ListItem","position":3,"name":"Teesieb Teekanne 54"}]},{"@type":"WebSite","@id":"https:\/\/teasense.ch\/en\/#website","url":"https:\/\/teasense.ch\/en\/","name":"TeaSense.ch","description":"Nat\u00fcrliche Teemischungen und klassischer Tee","publisher":{"@id":"https:\/\/teasense.ch\/en\/#organization"},"alternateName":"TeaSense","potentialAction":[{"@type":"SearchAction","target":{"@type":"EntryPoint","urlTemplate":"https:\/\/teasense.ch\/en\/?s={search_term_string}"},"query-input":{"@type":"PropertyValueSpecification","valueRequired":true,"valueName":"search_term_string"}}],"inLanguage":"en-CH"},{"@type":"Organization","@id":"https:\/\/teasense.ch\/en\/#organization","name":"Reale Selection","alternateName":"TeaSense.ch","url":"https:\/\/teasense.ch\/en\/","logo":{"@type":"ImageObject","inLanguage":"en-CH","@id":"https:\/\/teasense.ch\/en\/#\/schema\/logo\/image\/","url":"https:\/\/teasense.ch\/wp-content\/uploads\/2023\/07\/cropped-logo-teasense-kategorie-onlineshop-alle-produkte.jpg","contentUrl":"https:\/\/teasense.ch\/wp-content\/uploads\/2023\/07\/cropped-logo-teasense-kategorie-onlineshop-alle-produkte.jpg","width":512,"height":512,"caption":"Reale Selection"},"image":{"@id":"https:\/\/teasense.ch\/en\/#\/schema\/logo\/image\/"},"sameAs":["https:\/\/www.facebook.com\/teasense.ch"]}]}},"jetpack-related-posts":[{"id":48422,"url":"https:\/\/teasense.ch\/en\/product\/stainless-steel-tea-infuser-75-mm\/","url_meta":{"origin":47471,"position":0},"title":"Stainless Steel Tea Infuser 75 mm","author":"Reale Selection","date":"7. January 2026","format":false,"excerpt":"Stainless steel sieve 75 mm (\u00d8 75\/85 x 50 mm)","rel":"","context":"Similar post","block_context":{"text":"Similar post","link":""},"img":{"alt_text":"Edelstahlsieb 75 mm 85 x 50 mm","src":"https:\/\/i0.wp.com\/teasense.ch\/wp-content\/uploads\/2026\/01\/edelstahlsieb-75-mm-85-x-50-mm.png?resize=350%2C200&ssl=1","width":350,"height":200,"srcset":"https:\/\/i0.wp.com\/teasense.ch\/wp-content\/uploads\/2026\/01\/edelstahlsieb-75-mm-85-x-50-mm.png?resize=350%2C200&ssl=1 1x, https:\/\/i0.wp.com\/teasense.ch\/wp-content\/uploads\/2026\/01\/edelstahlsieb-75-mm-85-x-50-mm.png?resize=525%2C300&ssl=1 1.5x, https:\/\/i0.wp.com\/teasense.ch\/wp-content\/uploads\/2026\/01\/edelstahlsieb-75-mm-85-x-50-mm.png?resize=700%2C400&ssl=1 2x"},"classes":[]},{"id":48120,"url":"https:\/\/teasense.ch\/it\/product\/kundengeschenk-tee\/","url_meta":{"origin":47471,"position":1},"title":"Regalo t\u00e8 aziendale","author":"Reale Selection","date":"2. March 2026","format":false,"excerpt":"100 g di una miscela di t\u00e8 selezionata Scelta tra tre variet\u00e0 Confezionato in sacchetto kraft con finestra Da 20 pezzi - ordina 100 pezzi nello shop Tempi di consegna ca. 14 giorni lavorativi","rel":"","context":"Similar post","block_context":{"text":"Similar post","link":""},"img":{"alt_text":"Auswahl Tee Kundengeschenke Schwarztee Kr\u00e4utertee Fr\u00fcchtetee","src":"https:\/\/i0.wp.com\/teasense.ch\/wp-content\/uploads\/2026\/03\/auswahl-tee-kundengeschenke.png?resize=350%2C200&ssl=1","width":350,"height":200,"srcset":"https:\/\/i0.wp.com\/teasense.ch\/wp-content\/uploads\/2026\/03\/auswahl-tee-kundengeschenke.png?resize=350%2C200&ssl=1 1x, https:\/\/i0.wp.com\/teasense.ch\/wp-content\/uploads\/2026\/03\/auswahl-tee-kundengeschenke.png?resize=525%2C300&ssl=1 1.5x, https:\/\/i0.wp.com\/teasense.ch\/wp-content\/uploads\/2026\/03\/auswahl-tee-kundengeschenke.png?resize=700%2C400&ssl=1 2x"},"classes":[]},{"id":48103,"url":"https:\/\/teasense.ch\/it\/product\/abbonamento-te\/","url_meta":{"origin":47471,"position":2},"title":"Abbonamento t\u00e8","author":"Reale Selection","date":"25. January 2024","format":false,"excerpt":"\ud83c\udf3f Due tipi di t\u00e8 al mese \ud83d\udcc5 Durata liberamente selezionabile \ud83d\udc8c Personale & personalizzato \ud83c\udf81 Perfetto come regalo Seleziona il numero di mesi desiderato:","rel":"","context":"Similar post","block_context":{"text":"Similar post","link":""},"img":{"alt_text":"Abbonamento al t\u00e8 Scatola di spedizione Teasense Svizzera","src":"https:\/\/i0.wp.com\/teasense.ch\/wp-content\/uploads\/2024\/01\/Tee-Abo-Teasense-Versandbox.png?resize=350%2C200&ssl=1","width":350,"height":200,"srcset":"https:\/\/i0.wp.com\/teasense.ch\/wp-content\/uploads\/2024\/01\/Tee-Abo-Teasense-Versandbox.png?resize=350%2C200&ssl=1 1x, https:\/\/i0.wp.com\/teasense.ch\/wp-content\/uploads\/2024\/01\/Tee-Abo-Teasense-Versandbox.png?resize=525%2C300&ssl=1 1.5x, https:\/\/i0.wp.com\/teasense.ch\/wp-content\/uploads\/2024\/01\/Tee-Abo-Teasense-Versandbox.png?resize=700%2C400&ssl=1 2x"},"classes":[]},{"id":48095,"url":"https:\/\/teasense.ch\/it\/product\/tisana-dormiglione\/","url_meta":{"origin":47471,"position":3},"title":"Tisana Dormiglione","author":"Reale Selection","date":"23. October 2024","format":false,"excerpt":"Preparazione Tisana Dormiglione \ud83e\udd44 1 cucchiaino per tazza (14g\/litro)\ud83c\udf21\ufe0f 100 \u00b0C\u23f3 5 minuti","rel":"","context":"Similar post","block_context":{"text":"Similar post","link":""},"img":{"alt_text":"Schlafm\u00fctze Kr\u00e4utertee weisser Hintergrund","src":"https:\/\/i0.wp.com\/teasense.ch\/wp-content\/uploads\/2024\/10\/schlafmuetze-kraeutertee-weisser-hintergrund.png?resize=350%2C200&ssl=1","width":350,"height":200,"srcset":"https:\/\/i0.wp.com\/teasense.ch\/wp-content\/uploads\/2024\/10\/schlafmuetze-kraeutertee-weisser-hintergrund.png?resize=350%2C200&ssl=1 1x, https:\/\/i0.wp.com\/teasense.ch\/wp-content\/uploads\/2024\/10\/schlafmuetze-kraeutertee-weisser-hintergrund.png?resize=525%2C300&ssl=1 1.5x, https:\/\/i0.wp.com\/teasense.ch\/wp-content\/uploads\/2024\/10\/schlafmuetze-kraeutertee-weisser-hintergrund.png?resize=700%2C400&ssl=1 2x"},"classes":[]},{"id":48114,"url":"https:\/\/teasense.ch\/en\/product\/wild-cherry-black-tea\/","url_meta":{"origin":47471,"position":4},"title":"Wild Cherry Black Tea","author":"Reale Selection","date":"17. December 2025","format":false,"excerpt":"Preparation of Wild Cherry Black Tea \ud83e\udd44 1\u20132 tsp per cup (12 g\/L)\ud83c\udf21\ufe0f 100 \u00b0C\u23f3 3 minutes","rel":"","context":"Similar post","block_context":{"text":"Similar post","link":""},"img":{"alt_text":"Schwarztee Wildkirsche Nat\u00fcrliche Teemischung","src":"https:\/\/i0.wp.com\/teasense.ch\/wp-content\/uploads\/2025\/12\/schwarztee-wildkirsche.png?resize=350%2C200&ssl=1","width":350,"height":200,"srcset":"https:\/\/i0.wp.com\/teasense.ch\/wp-content\/uploads\/2025\/12\/schwarztee-wildkirsche.png?resize=350%2C200&ssl=1 1x, https:\/\/i0.wp.com\/teasense.ch\/wp-content\/uploads\/2025\/12\/schwarztee-wildkirsche.png?resize=525%2C300&ssl=1 1.5x, https:\/\/i0.wp.com\/teasense.ch\/wp-content\/uploads\/2025\/12\/schwarztee-wildkirsche.png?resize=700%2C400&ssl=1 2x"},"classes":[]}],"jetpack_sharing_enabled":true,"jetpack_likes_enabled":false,"_links":{"self":[{"href":"https:\/\/teasense.ch\/en\/wp-json\/wp\/v2\/product\/47471","targetHints":{"allow":["GET"]}}],"collection":[{"href":"https:\/\/teasense.ch\/en\/wp-json\/wp\/v2\/product"}],"about":[{"href":"https:\/\/teasense.ch\/en\/wp-json\/wp\/v2\/types\/product"}],"replies":[{"embeddable":true,"href":"https:\/\/teasense.ch\/en\/wp-json\/wp\/v2\/comments?post=47471"}],"wp:featuredmedia":[{"embeddable":true,"href":"https:\/\/teasense.ch\/en\/wp-json\/wp\/v2\/media\/47472"}],"wp:attachment":[{"href":"https:\/\/teasense.ch\/en\/wp-json\/wp\/v2\/media?parent=47471"}],"wp:term":[{"taxonomy":"product_brand","embeddable":true,"href":"https:\/\/teasense.ch\/en\/wp-json\/wp\/v2\/product_brand?post=47471"},{"taxonomy":"product_cat","embeddable":true,"href":"https:\/\/teasense.ch\/en\/wp-json\/wp\/v2\/product_cat?post=47471"},{"taxonomy":"product_tag","embeddable":true,"href":"https:\/\/teasense.ch\/en\/wp-json\/wp\/v2\/product_tag?post=47471"}],"curies":[{"name":"wp","href":"https:\/\/api.w.org\/{rel}","templated":true}]}}