{"id":47474,"date":"2025-11-13T14:44:43","date_gmt":"2025-11-13T13:44:43","guid":{"rendered":"https:\/\/teasense.ch\/?post_type=product&#038;p=47474"},"modified":"2025-11-13T15:56:59","modified_gmt":"2025-11-13T14:56:59","slug":"matcha-bambusbesenhalter-weiss","status":"publish","type":"product","link":"https:\/\/teasense.ch\/en\/product\/matcha-bambusbesenhalter-weiss\/","title":{"rendered":"Matcha Bambusbesenhalter Weiss"},"content":{"rendered":"<h3>Matcha Bambusbesenhalter Weiss \u2013 Praktisches Zubeh\u00f6r f\u00fcr deine Matcha-Zubereitung<\/h3>\n<p>Der Matcha Bambusbesenhalter Weiss ist ein edles und zugleich funktionales Zubeh\u00f6r f\u00fcr alle Matcha-Liebhaber. Dieses stilvolle Porzellan-Accessoire sorgt daf\u00fcr, dass dein Matcha-Besen (Chasen) nicht nur sicher aufbewahrt wird, sondern auch seine Form und Qualit\u00e4t langfristig erhalten bleiben.<\/p>\n<h3>Schonende Aufbewahrung f\u00fcr deinen Chasen<\/h3>\n<p>Ein hochwertiger Matcha-Besen ben\u00f6tigt die richtige Pflege. Der weisse Matcha-Besenhalter ist speziell geformt, um die feinen Bambusborsten deines Chasen optimal zu sch\u00fctzen und zu st\u00fctzen. So trocknet er gleichm\u00e4ssig und beh\u00e4lt seine typische Rundung \u2013 perfekt f\u00fcr fein aufgeschlagenen, cremigen <a href=\"https:\/\/teasense.ch\/produkt\/matcha-vivant\/\">Matcha Vivant<\/a>.<\/p>\n<h3>Zeitloses Design trifft Funktionalit\u00e4t<\/h3>\n<p>Das elegante Weiss des Porzellan Halters verleiht deiner Matcha-Zubereitung eine ruhige, harmonische Note. Ob auf einem Tablett, im Regal oder auf deiner K\u00fcchenablage \u2013 der Matcha Bambusbesenhalter Weiss f\u00fcgt sich dezent in jedes Ambiente ein und unterstreicht die \u00c4sthetik deiner Teezeremonie. Ein sch\u00f6nes Detail, das Praktisches und Stilvolles vereint.<\/p>\n<h3>Pflegeleicht und langlebig<\/h3>\n<p>Damit du lange Freude an deinem Matcha-Besenhalter hast, reinige ihn am besten regelm\u00e4ssig mit warmem Wasser und einem weichen Tuch. Das robuste Porzellan bleibt so makellos und beh\u00e4lt seinen sch\u00f6nen Glanz \u00fcber lange Zeit.<\/p>\n<h3>Ein Symbol f\u00fcr Achtsamkeit und Tradition<\/h3>\n<p>In der japanischen Teekultur spielt die richtige Aufbewahrung des Matcha-Zubeh\u00f6rs eine besondere Rolle. Der Bambusbesenhalter steht f\u00fcr Wertsch\u00e4tzung, Sorgfalt und Achtsamkeit \u2013 Werte, die auch in deiner Matcha-Routine zum Ausdruck kommen. Mit dem passenden Zubeh\u00f6r wird die Zubereitung deines Matcha zu einem echten Ritual.<\/p>\n","protected":false},"excerpt":{"rendered":"<h4>Porzellan Matcha-Besenhalter<\/h4>\n<p>Passendes Zubeh\u00f6r zu unserem <a href=\"https:\/\/teasense.ch\/produkt\/matcha-vivant\/\">Matcha Vivant<\/a>.<\/p>\n","protected":false},"featured_media":47477,"comment_status":"open","ping_status":"closed","template":"","meta":{"_et_pb_use_builder":"","_et_pb_old_content":"","_et_gb_content_width":""},"product_brand":[],"product_cat":[74,63,79],"product_tag":[],"class_list":{"0":"post-47474","1":"product","2":"type-product","3":"status-publish","4":"has-post-thumbnail","6":"product_cat-alle-produkte","7":"product_cat-matcha","8":"product_cat-teezubehoer","9":"pa_herkunft-china","11":"first","12":"instock","13":"shipping-taxable","14":"purchasable","15":"product-type-simple","16":"add-to-wishlist-before_image"},"yoast_head":"<!-- This site is optimized with the Yoast SEO plugin v27.4 - https:\/\/yoast.com\/product\/yoast-seo-wordpress\/ -->\n<title>Matcha Bambusbesenhalter Weiss - TeaSense.ch - Tee Shop Schweiz<\/title>\n<meta name=\"description\" content=\"Eleganter Matcha Bambusbesenhalter Weiss aus Porzellan \u2013 sch\u00fctzt deinen Chasen, erh\u00e4lt seine Form und verleiht deiner Matcha-Zeremonie stilvolle Harmonie.\" \/>\n<meta name=\"robots\" content=\"index, follow, max-snippet:-1, max-image-preview:large, max-video-preview:-1\" \/>\n<link rel=\"canonical\" href=\"https:\/\/teasense.ch\/en\/product\/matcha-bambusbesenhalter-weiss\/\" \/>\n<meta property=\"og:locale\" content=\"en_US\" \/>\n<meta property=\"og:type\" content=\"article\" \/>\n<meta property=\"og:title\" content=\"Matcha Bambusbesenhalter Weiss - TeaSense.ch - Tee Shop Schweiz\" \/>\n<meta property=\"og:description\" content=\"Eleganter Matcha Bambusbesenhalter Weiss aus Porzellan \u2013 sch\u00fctzt deinen Chasen, erh\u00e4lt seine Form und verleiht deiner Matcha-Zeremonie stilvolle Harmonie.\" \/>\n<meta property=\"og:url\" content=\"https:\/\/teasense.ch\/en\/product\/matcha-bambusbesenhalter-weiss\/\" \/>\n<meta property=\"og:site_name\" content=\"TeaSense.ch - Tee Shop Schweiz\" \/>\n<meta property=\"article:publisher\" content=\"https:\/\/www.facebook.com\/teasense.ch\" \/>\n<meta property=\"article:modified_time\" content=\"2025-11-13T14:56:59+00:00\" \/>\n<meta property=\"og:image\" content=\"https:\/\/teasense.ch\/wp-content\/uploads\/2025\/11\/produktfoto-1.png\" \/>\n\t<meta property=\"og:image:width\" content=\"800\" \/>\n\t<meta property=\"og:image:height\" content=\"800\" \/>\n\t<meta property=\"og:image:type\" content=\"image\/png\" \/>\n<meta name=\"twitter:card\" content=\"summary_large_image\" \/>\n<meta name=\"twitter:label1\" content=\"Est. reading time\" \/>\n\t<meta name=\"twitter:data1\" content=\"2 minutes\" \/>\n<!-- \/ Yoast SEO plugin. -->","yoast_head_json":{"title":"Matcha Bambusbesenhalter Weiss - TeaSense.ch - Tee Shop Schweiz","description":"Eleganter Matcha Bambusbesenhalter Weiss aus Porzellan \u2013 sch\u00fctzt deinen Chasen, erh\u00e4lt seine Form und verleiht deiner Matcha-Zeremonie stilvolle Harmonie.","robots":{"index":"index","follow":"follow","max-snippet":"max-snippet:-1","max-image-preview":"max-image-preview:large","max-video-preview":"max-video-preview:-1"},"canonical":"https:\/\/teasense.ch\/en\/product\/matcha-bambusbesenhalter-weiss\/","og_locale":"en_US","og_type":"article","og_title":"Matcha Bambusbesenhalter Weiss - TeaSense.ch - Tee Shop Schweiz","og_description":"Eleganter Matcha Bambusbesenhalter Weiss aus Porzellan \u2013 sch\u00fctzt deinen Chasen, erh\u00e4lt seine Form und verleiht deiner Matcha-Zeremonie stilvolle Harmonie.","og_url":"https:\/\/teasense.ch\/en\/product\/matcha-bambusbesenhalter-weiss\/","og_site_name":"TeaSense.ch - Tee Shop Schweiz","article_publisher":"https:\/\/www.facebook.com\/teasense.ch","article_modified_time":"2025-11-13T14:56:59+00:00","og_image":[{"width":800,"height":800,"url":"https:\/\/teasense.ch\/wp-content\/uploads\/2025\/11\/produktfoto-1.png","type":"image\/png"}],"twitter_card":"summary_large_image","twitter_misc":{"Est. reading time":"2 minutes"},"schema":{"@context":"https:\/\/schema.org","@graph":[{"@type":"WebPage","@id":"https:\/\/teasense.ch\/en\/product\/matcha-bambusbesenhalter-weiss\/","url":"https:\/\/teasense.ch\/en\/product\/matcha-bambusbesenhalter-weiss\/","name":"Matcha Bambusbesenhalter Weiss - TeaSense.ch - Tee Shop Schweiz","isPartOf":{"@id":"https:\/\/teasense.ch\/en\/#website"},"primaryImageOfPage":{"@id":"https:\/\/teasense.ch\/en\/product\/matcha-bambusbesenhalter-weiss\/#primaryimage"},"image":{"@id":"https:\/\/teasense.ch\/en\/product\/matcha-bambusbesenhalter-weiss\/#primaryimage"},"thumbnailUrl":"https:\/\/teasense.ch\/wp-content\/uploads\/2025\/11\/produktfoto-1.png","datePublished":"2025-11-13T13:44:43+00:00","dateModified":"2025-11-13T14:56:59+00:00","description":"Eleganter Matcha Bambusbesenhalter Weiss aus Porzellan \u2013 sch\u00fctzt deinen Chasen, erh\u00e4lt seine Form und verleiht deiner Matcha-Zeremonie stilvolle Harmonie.","breadcrumb":{"@id":"https:\/\/teasense.ch\/en\/product\/matcha-bambusbesenhalter-weiss\/#breadcrumb"},"inLanguage":"en-CH","potentialAction":[{"@type":"ReadAction","target":["https:\/\/teasense.ch\/en\/product\/matcha-bambusbesenhalter-weiss\/"]}]},{"@type":"ImageObject","inLanguage":"en-CH","@id":"https:\/\/teasense.ch\/en\/product\/matcha-bambusbesenhalter-weiss\/#primaryimage","url":"https:\/\/teasense.ch\/wp-content\/uploads\/2025\/11\/produktfoto-1.png","contentUrl":"https:\/\/teasense.ch\/wp-content\/uploads\/2025\/11\/produktfoto-1.png","width":800,"height":800,"caption":"Matcha Bambusbesenhalter Weiss aus Porzellan f\u00fcr Chasen Matchabesen"},{"@type":"BreadcrumbList","@id":"https:\/\/teasense.ch\/en\/product\/matcha-bambusbesenhalter-weiss\/#breadcrumb","itemListElement":[{"@type":"ListItem","position":1,"name":"Startseite","item":"https:\/\/teasense.ch\/en\/startseite\/"},{"@type":"ListItem","position":2,"name":"Online Tea ShopTee Onlineshop","item":"https:\/\/teasense.ch\/en\/shop\/"},{"@type":"ListItem","position":3,"name":"Matcha Bambusbesenhalter Weiss"}]},{"@type":"WebSite","@id":"https:\/\/teasense.ch\/en\/#website","url":"https:\/\/teasense.ch\/en\/","name":"TeaSense.ch","description":"Nat\u00fcrliche Teemischungen und klassischer Tee","publisher":{"@id":"https:\/\/teasense.ch\/en\/#organization"},"alternateName":"TeaSense","potentialAction":[{"@type":"SearchAction","target":{"@type":"EntryPoint","urlTemplate":"https:\/\/teasense.ch\/en\/?s={search_term_string}"},"query-input":{"@type":"PropertyValueSpecification","valueRequired":true,"valueName":"search_term_string"}}],"inLanguage":"en-CH"},{"@type":"Organization","@id":"https:\/\/teasense.ch\/en\/#organization","name":"Reale Selection","alternateName":"TeaSense.ch","url":"https:\/\/teasense.ch\/en\/","logo":{"@type":"ImageObject","inLanguage":"en-CH","@id":"https:\/\/teasense.ch\/en\/#\/schema\/logo\/image\/","url":"https:\/\/teasense.ch\/wp-content\/uploads\/2023\/07\/cropped-logo-teasense-kategorie-onlineshop-alle-produkte.jpg","contentUrl":"https:\/\/teasense.ch\/wp-content\/uploads\/2023\/07\/cropped-logo-teasense-kategorie-onlineshop-alle-produkte.jpg","width":512,"height":512,"caption":"Reale Selection"},"image":{"@id":"https:\/\/teasense.ch\/en\/#\/schema\/logo\/image\/"},"sameAs":["https:\/\/www.facebook.com\/teasense.ch"]}]}},"jetpack-related-posts":[{"id":43194,"url":"https:\/\/teasense.ch\/en\/product\/matcha-bambusbesenhalter-schwarz\/","url_meta":{"origin":47474,"position":0},"title":"Matcha Bambusbesenhalter Schwarz","author":"Reale Selection","date":"22. October 2024","format":false,"excerpt":"Matcha Besen Halter zur Aufbewahrung Passendes Zubeh\u00f6r zu unserem Matcha Vivant.","rel":"","context":"Similar post","block_context":{"text":"Similar post","link":""},"img":{"alt_text":"Bambusbesenhalter weisser Hintergrund","src":"https:\/\/i0.wp.com\/teasense.ch\/wp-content\/uploads\/2024\/10\/bambusbesenhalter-weisser-hintergrund.png?resize=350%2C200&ssl=1","width":350,"height":200,"srcset":"https:\/\/i0.wp.com\/teasense.ch\/wp-content\/uploads\/2024\/10\/bambusbesenhalter-weisser-hintergrund.png?resize=350%2C200&ssl=1 1x, https:\/\/i0.wp.com\/teasense.ch\/wp-content\/uploads\/2024\/10\/bambusbesenhalter-weisser-hintergrund.png?resize=525%2C300&ssl=1 1.5x, https:\/\/i0.wp.com\/teasense.ch\/wp-content\/uploads\/2024\/10\/bambusbesenhalter-weisser-hintergrund.png?resize=700%2C400&ssl=1 2x"},"classes":[]},{"id":33118,"url":"https:\/\/teasense.ch\/en\/product\/chasen-matcha-besen\/","url_meta":{"origin":47474,"position":1},"title":"Chasen &#8211; Matcha Besen","author":"Reale Selection","date":"29. June 2023","format":false,"excerpt":"Matcha Bambusbesen","rel":"","context":"Similar post","block_context":{"text":"Similar post","link":""},"img":{"alt_text":"Matcha Besen Chasen mit Matcha Pulver auf L\u00f6ffel","src":"https:\/\/i0.wp.com\/teasense.ch\/wp-content\/uploads\/2023\/07\/matcha-besen-teasense.jpg?resize=350%2C200&ssl=1","width":350,"height":200,"srcset":"https:\/\/i0.wp.com\/teasense.ch\/wp-content\/uploads\/2023\/07\/matcha-besen-teasense.jpg?resize=350%2C200&ssl=1 1x, https:\/\/i0.wp.com\/teasense.ch\/wp-content\/uploads\/2023\/07\/matcha-besen-teasense.jpg?resize=525%2C300&ssl=1 1.5x, https:\/\/i0.wp.com\/teasense.ch\/wp-content\/uploads\/2023\/07\/matcha-besen-teasense.jpg?resize=700%2C400&ssl=1 2x"},"classes":[]},{"id":43203,"url":"https:\/\/teasense.ch\/en\/product\/matcha-bambusbesen-griff\/","url_meta":{"origin":47474,"position":2},"title":"Matcha-Bambusbesen mit langem Griff","author":"Reale Selection","date":"22. October 2024","format":false,"excerpt":"Chasen","rel":"","context":"Similar post","block_context":{"text":"Similar post","link":""},"img":{"alt_text":"Bambusbesen mit langem Griff","src":"https:\/\/i0.wp.com\/teasense.ch\/wp-content\/uploads\/2024\/10\/bambusbesen-griff-zusammen.png?resize=350%2C200&ssl=1","width":350,"height":200,"srcset":"https:\/\/i0.wp.com\/teasense.ch\/wp-content\/uploads\/2024\/10\/bambusbesen-griff-zusammen.png?resize=350%2C200&ssl=1 1x, https:\/\/i0.wp.com\/teasense.ch\/wp-content\/uploads\/2024\/10\/bambusbesen-griff-zusammen.png?resize=525%2C300&ssl=1 1.5x, https:\/\/i0.wp.com\/teasense.ch\/wp-content\/uploads\/2024\/10\/bambusbesen-griff-zusammen.png?resize=700%2C400&ssl=1 2x"},"classes":[]},{"id":36408,"url":"https:\/\/teasense.ch\/en\/product\/matcha-vivant\/","url_meta":{"origin":47474,"position":3},"title":"Matcha Vivant","author":"Reale Selection","date":"30. August 2023","format":false,"excerpt":"Zubereitung Matcha Vivant \ud83e\udd44 1\/2 Teel\u00f6ffel oder 1 Matcha L\u00f6ffel \ud83c\udf21\ufe0f 60\u201370 \u00b0C \u23f3 \u00a02-3 Minuten","rel":"","context":"Similar post","block_context":{"text":"Similar post","link":""},"img":{"alt_text":"Matcha Pulver auf L\u00f6ffel mit Spruch I love you so matcha","src":"https:\/\/i0.wp.com\/teasense.ch\/wp-content\/uploads\/2023\/08\/produktfoto-matcha-mit-spruch.jpg?resize=350%2C200&ssl=1","width":350,"height":200,"srcset":"https:\/\/i0.wp.com\/teasense.ch\/wp-content\/uploads\/2023\/08\/produktfoto-matcha-mit-spruch.jpg?resize=350%2C200&ssl=1 1x, https:\/\/i0.wp.com\/teasense.ch\/wp-content\/uploads\/2023\/08\/produktfoto-matcha-mit-spruch.jpg?resize=525%2C300&ssl=1 1.5x, https:\/\/i0.wp.com\/teasense.ch\/wp-content\/uploads\/2023\/08\/produktfoto-matcha-mit-spruch.jpg?resize=700%2C400&ssl=1 2x"},"classes":[]},{"id":47464,"url":"https:\/\/teasense.ch\/en\/product\/matcha-schale-mit-ausguss\/","url_meta":{"origin":47474,"position":4},"title":"Matcha Schale mit Ausguss","author":"Reale Selection","date":"11. November 2025","format":false,"excerpt":"Aus Porzellan, weiss, 350 ml \u2013 ideal zum Aufschlagen und Ausgiessen von Matcha.","rel":"","context":"Similar post","block_context":{"text":"Similar post","link":""},"img":{"alt_text":"Matcha-Schale aus Porzellan mit Ausguss weiss","src":"https:\/\/i0.wp.com\/teasense.ch\/wp-content\/uploads\/2025\/11\/matcha-schale-aus-porzellan-mit-ausguss.png?resize=350%2C200&ssl=1","width":350,"height":200,"srcset":"https:\/\/i0.wp.com\/teasense.ch\/wp-content\/uploads\/2025\/11\/matcha-schale-aus-porzellan-mit-ausguss.png?resize=350%2C200&ssl=1 1x, https:\/\/i0.wp.com\/teasense.ch\/wp-content\/uploads\/2025\/11\/matcha-schale-aus-porzellan-mit-ausguss.png?resize=525%2C300&ssl=1 1.5x, https:\/\/i0.wp.com\/teasense.ch\/wp-content\/uploads\/2025\/11\/matcha-schale-aus-porzellan-mit-ausguss.png?resize=700%2C400&ssl=1 2x"},"classes":[]},{"id":46967,"url":"https:\/\/teasense.ch\/en\/product\/sho-cha-matcha-nr-1\/","url_meta":{"origin":47474,"position":5},"title":"SHO CHA Matcha Nr. 1","author":"Reale Selection","date":"31. August 2025","format":false,"excerpt":"\u2696\ufe0f 30\u202fGramm \ud83d\udc9a Matcha aus Shizuoka \u2b50 Great Taste Awards 2024 \ud83c\udf3f Vollmundig, s\u00fcsslich-w\u00fcrzig","rel":"","context":"Similar post","block_context":{"text":"Similar post","link":""},"img":{"alt_text":"Sho Cha Matcha Nr. 1 Japan 30g","src":"https:\/\/i0.wp.com\/teasense.ch\/wp-content\/uploads\/2025\/08\/sho-cha-matcha-nr.-1-japan-30g.png?resize=350%2C200&ssl=1","width":350,"height":200,"srcset":"https:\/\/i0.wp.com\/teasense.ch\/wp-content\/uploads\/2025\/08\/sho-cha-matcha-nr.-1-japan-30g.png?resize=350%2C200&ssl=1 1x, https:\/\/i0.wp.com\/teasense.ch\/wp-content\/uploads\/2025\/08\/sho-cha-matcha-nr.-1-japan-30g.png?resize=525%2C300&ssl=1 1.5x, https:\/\/i0.wp.com\/teasense.ch\/wp-content\/uploads\/2025\/08\/sho-cha-matcha-nr.-1-japan-30g.png?resize=700%2C400&ssl=1 2x"},"classes":[]}],"jetpack_sharing_enabled":true,"jetpack_likes_enabled":false,"_links":{"self":[{"href":"https:\/\/teasense.ch\/en\/wp-json\/wp\/v2\/product\/47474","targetHints":{"allow":["GET"]}}],"collection":[{"href":"https:\/\/teasense.ch\/en\/wp-json\/wp\/v2\/product"}],"about":[{"href":"https:\/\/teasense.ch\/en\/wp-json\/wp\/v2\/types\/product"}],"replies":[{"embeddable":true,"href":"https:\/\/teasense.ch\/en\/wp-json\/wp\/v2\/comments?post=47474"}],"wp:featuredmedia":[{"embeddable":true,"href":"https:\/\/teasense.ch\/en\/wp-json\/wp\/v2\/media\/47477"}],"wp:attachment":[{"href":"https:\/\/teasense.ch\/en\/wp-json\/wp\/v2\/media?parent=47474"}],"wp:term":[{"taxonomy":"product_brand","embeddable":true,"href":"https:\/\/teasense.ch\/en\/wp-json\/wp\/v2\/product_brand?post=47474"},{"taxonomy":"product_cat","embeddable":true,"href":"https:\/\/teasense.ch\/en\/wp-json\/wp\/v2\/product_cat?post=47474"},{"taxonomy":"product_tag","embeddable":true,"href":"https:\/\/teasense.ch\/en\/wp-json\/wp\/v2\/product_tag?post=47474"}],"curies":[{"name":"wp","href":"https:\/\/api.w.org\/{rel}","templated":true}]}}