{"id":47694,"date":"2026-01-07T14:42:08","date_gmt":"2026-01-07T13:42:08","guid":{"rendered":"https:\/\/teasense.ch\/?post_type=product&#038;p=47694"},"modified":"2026-03-18T21:14:32","modified_gmt":"2026-03-18T20:14:32","slug":"kulhad-chai-becher-aus-ton-kulhar-130-ml","status":"publish","type":"product","link":"https:\/\/teasense.ch\/en\/product\/kulhad-chai-becher-aus-ton-kulhar-130-ml\/","title":{"rendered":"Kulhad Chai Becher aus Ton \u2013 Kulhar"},"content":{"rendered":"<p>Der Kulhad Chai Becher aus Ton, auch bekannt als Kulhar Teetasse, bringt authentisches Chai-Feeling direkt zu dir nach Hause. In Indien wird Chai traditionell in genau solchen schlichten Tonbechern serviert \u2013 bewusst einfach, erdig und zeitlos. Genau diese Urspr\u00fcnglichkeit macht den Kulhad so besonders.<\/p>\n<p>Unser Kulhad Becher hat ein Fassungsverm\u00f6gen von 130 ml und eignet sich perfekt f\u00fcr Chai, Schwarztee oder gew\u00fcrzte Teemischungen. Der Ton sorgt f\u00fcr ein nat\u00fcrliches Trinkgef\u00fchl und unterstreicht die warmen, w\u00fcrzigen Aromen des Tees. Jeder Schluck wird so zu einem kleinen Ritual.<\/p>\n<p>Der Becher \u00fcberzeugt durch sein minimalistisches Design ohne Verzierungen. Kleine Unterschiede in Farbe und Oberfl\u00e4che sind gewollt und machen jeden Kulhar Becher zu einem Unikat mit handwerklichem Charakter.<\/p>\n<p>Ob als einzelner Becher f\u00fcr deine t\u00e4gliche Teepause, als Erg\u00e4nzung zu einer <a href=\"https:\/\/teasense.ch\/produkt\/chai-gewuerzmischung\/\">Chai Gew\u00fcrzmischung<\/a> oder als stilvolles Geschenk \u2013 dieser Kulhad passt perfekt in jede Teek\u00fcche. Besonders sch\u00f6n l\u00e4sst er sich mit klassischem Schwarztee und Chai Gew\u00fcrzen kombinieren.<\/p>\n<p>Der Kulhad Chai Becher steht f\u00fcr bewussten Genuss, Tradition und Einfachheit. Ideal f\u00fcr alle, die Tee nicht nur trinken, sondern zelebrieren m\u00f6chten.<\/p>\n<p>Hinweis: Vor dem ersten Gebrauch kurz mit warmem Wasser aussp\u00fclen.<\/p>\n","protected":false},"excerpt":{"rendered":"<h4>Chai Becher ohne Henkel aus Ton<\/h4>\n<p>130 ml Fassungsverm\u00f6gen<\/p>\n","protected":false},"featured_media":47695,"comment_status":"open","ping_status":"closed","template":"","meta":{"_et_pb_use_builder":"","_et_pb_old_content":"","_et_gb_content_width":""},"product_brand":[],"product_cat":[74,61,79],"product_tag":[],"class_list":{"0":"post-47694","1":"product","2":"type-product","3":"status-publish","4":"has-post-thumbnail","6":"product_cat-alle-produkte","7":"product_cat-chai","8":"product_cat-teezubehoer","10":"first","11":"instock","12":"shipping-taxable","13":"purchasable","14":"product-type-simple","15":"add-to-wishlist-before_image"},"yoast_head":"<!-- This site is optimized with the Yoast SEO plugin v27.4 - https:\/\/yoast.com\/product\/yoast-seo-wordpress\/ -->\n<title>Kulhad Chai Becher aus Ton \u2013 Kulhar - TeaSense.ch - Tee Shop Schweiz<\/title>\n<meta name=\"description\" content=\"Kulhad Cai Becher aus Ton \u2013 Kulhar mit 130 ml. Traditionelle indische Teetasse f\u00fcr Chai &amp; Schwarztee. Schlicht, authentisch &amp; zeitlos.\" \/>\n<meta name=\"robots\" content=\"index, follow, max-snippet:-1, max-image-preview:large, max-video-preview:-1\" \/>\n<link rel=\"canonical\" href=\"https:\/\/teasense.ch\/en\/product\/kulhad-chai-becher-aus-ton-kulhar-130-ml\/\" \/>\n<meta property=\"og:locale\" content=\"en_US\" \/>\n<meta property=\"og:type\" content=\"article\" \/>\n<meta property=\"og:title\" content=\"Kulhad Chai Becher aus Ton \u2013 Kulhar - TeaSense.ch - Tee Shop Schweiz\" \/>\n<meta property=\"og:description\" content=\"Kulhad Cai Becher aus Ton \u2013 Kulhar mit 130 ml. Traditionelle indische Teetasse f\u00fcr Chai &amp; Schwarztee. Schlicht, authentisch &amp; zeitlos.\" \/>\n<meta property=\"og:url\" content=\"https:\/\/teasense.ch\/en\/product\/kulhad-chai-becher-aus-ton-kulhar-130-ml\/\" \/>\n<meta property=\"og:site_name\" content=\"TeaSense.ch - Tee Shop Schweiz\" \/>\n<meta property=\"article:publisher\" content=\"https:\/\/www.facebook.com\/teasense.ch\" \/>\n<meta property=\"article:modified_time\" content=\"2026-03-18T20:14:32+00:00\" \/>\n<meta property=\"og:image\" content=\"https:\/\/teasense.ch\/wp-content\/uploads\/2026\/01\/chai-toncup-kulhar-130-ml.png\" \/>\n\t<meta property=\"og:image:width\" content=\"800\" \/>\n\t<meta property=\"og:image:height\" content=\"800\" \/>\n\t<meta property=\"og:image:type\" content=\"image\/png\" \/>\n<meta name=\"twitter:card\" content=\"summary_large_image\" \/>\n<meta name=\"twitter:label1\" content=\"Est. reading time\" \/>\n\t<meta name=\"twitter:data1\" content=\"2 minutes\" \/>\n<!-- \/ Yoast SEO plugin. -->","yoast_head_json":{"title":"Kulhad Chai Becher aus Ton \u2013 Kulhar - TeaSense.ch - Tee Shop Schweiz","description":"Kulhad Cai Becher aus Ton \u2013 Kulhar mit 130 ml. Traditionelle indische Teetasse f\u00fcr Chai & Schwarztee. Schlicht, authentisch & zeitlos.","robots":{"index":"index","follow":"follow","max-snippet":"max-snippet:-1","max-image-preview":"max-image-preview:large","max-video-preview":"max-video-preview:-1"},"canonical":"https:\/\/teasense.ch\/en\/product\/kulhad-chai-becher-aus-ton-kulhar-130-ml\/","og_locale":"en_US","og_type":"article","og_title":"Kulhad Chai Becher aus Ton \u2013 Kulhar - TeaSense.ch - Tee Shop Schweiz","og_description":"Kulhad Cai Becher aus Ton \u2013 Kulhar mit 130 ml. Traditionelle indische Teetasse f\u00fcr Chai & Schwarztee. Schlicht, authentisch & zeitlos.","og_url":"https:\/\/teasense.ch\/en\/product\/kulhad-chai-becher-aus-ton-kulhar-130-ml\/","og_site_name":"TeaSense.ch - Tee Shop Schweiz","article_publisher":"https:\/\/www.facebook.com\/teasense.ch","article_modified_time":"2026-03-18T20:14:32+00:00","og_image":[{"width":800,"height":800,"url":"https:\/\/teasense.ch\/wp-content\/uploads\/2026\/01\/chai-toncup-kulhar-130-ml.png","type":"image\/png"}],"twitter_card":"summary_large_image","twitter_misc":{"Est. reading time":"2 minutes"},"schema":{"@context":"https:\/\/schema.org","@graph":[{"@type":"WebPage","@id":"https:\/\/teasense.ch\/en\/product\/kulhad-chai-becher-aus-ton-kulhar-130-ml\/","url":"https:\/\/teasense.ch\/en\/product\/kulhad-chai-becher-aus-ton-kulhar-130-ml\/","name":"Kulhad Chai Becher aus Ton \u2013 Kulhar - TeaSense.ch - Tee Shop Schweiz","isPartOf":{"@id":"https:\/\/teasense.ch\/en\/#website"},"primaryImageOfPage":{"@id":"https:\/\/teasense.ch\/en\/product\/kulhad-chai-becher-aus-ton-kulhar-130-ml\/#primaryimage"},"image":{"@id":"https:\/\/teasense.ch\/en\/product\/kulhad-chai-becher-aus-ton-kulhar-130-ml\/#primaryimage"},"thumbnailUrl":"https:\/\/teasense.ch\/wp-content\/uploads\/2026\/01\/chai-toncup-kulhar-130-ml.png","datePublished":"2026-01-07T13:42:08+00:00","dateModified":"2026-03-18T20:14:32+00:00","description":"Kulhad Cai Becher aus Ton \u2013 Kulhar mit 130 ml. Traditionelle indische Teetasse f\u00fcr Chai & Schwarztee. Schlicht, authentisch & zeitlos.","breadcrumb":{"@id":"https:\/\/teasense.ch\/en\/product\/kulhad-chai-becher-aus-ton-kulhar-130-ml\/#breadcrumb"},"inLanguage":"en-CH","potentialAction":[{"@type":"ReadAction","target":["https:\/\/teasense.ch\/en\/product\/kulhad-chai-becher-aus-ton-kulhar-130-ml\/"]}]},{"@type":"ImageObject","inLanguage":"en-CH","@id":"https:\/\/teasense.ch\/en\/product\/kulhad-chai-becher-aus-ton-kulhar-130-ml\/#primaryimage","url":"https:\/\/teasense.ch\/wp-content\/uploads\/2026\/01\/chai-toncup-kulhar-130-ml.png","contentUrl":"https:\/\/teasense.ch\/wp-content\/uploads\/2026\/01\/chai-toncup-kulhar-130-ml.png","width":800,"height":800,"caption":"Kulhad Chai Becher aus Ton \u2013 Kulhar Teetasse 130 ml"},{"@type":"BreadcrumbList","@id":"https:\/\/teasense.ch\/en\/product\/kulhad-chai-becher-aus-ton-kulhar-130-ml\/#breadcrumb","itemListElement":[{"@type":"ListItem","position":1,"name":"Startseite","item":"https:\/\/teasense.ch\/en\/startseite\/"},{"@type":"ListItem","position":2,"name":"Online Tea ShopTee Onlineshop","item":"https:\/\/teasense.ch\/en\/shop\/"},{"@type":"ListItem","position":3,"name":"Kulhad Chai Becher aus Ton \u2013 Kulhar"}]},{"@type":"WebSite","@id":"https:\/\/teasense.ch\/en\/#website","url":"https:\/\/teasense.ch\/en\/","name":"TeaSense.ch","description":"Nat\u00fcrliche Teemischungen und klassischer Tee","publisher":{"@id":"https:\/\/teasense.ch\/en\/#organization"},"alternateName":"TeaSense","potentialAction":[{"@type":"SearchAction","target":{"@type":"EntryPoint","urlTemplate":"https:\/\/teasense.ch\/en\/?s={search_term_string}"},"query-input":{"@type":"PropertyValueSpecification","valueRequired":true,"valueName":"search_term_string"}}],"inLanguage":"en-CH"},{"@type":"Organization","@id":"https:\/\/teasense.ch\/en\/#organization","name":"Reale Selection","alternateName":"TeaSense.ch","url":"https:\/\/teasense.ch\/en\/","logo":{"@type":"ImageObject","inLanguage":"en-CH","@id":"https:\/\/teasense.ch\/en\/#\/schema\/logo\/image\/","url":"https:\/\/teasense.ch\/wp-content\/uploads\/2023\/07\/cropped-logo-teasense-kategorie-onlineshop-alle-produkte.jpg","contentUrl":"https:\/\/teasense.ch\/wp-content\/uploads\/2023\/07\/cropped-logo-teasense-kategorie-onlineshop-alle-produkte.jpg","width":512,"height":512,"caption":"Reale Selection"},"image":{"@id":"https:\/\/teasense.ch\/en\/#\/schema\/logo\/image\/"},"sameAs":["https:\/\/www.facebook.com\/teasense.ch"]}]}},"jetpack-related-posts":[{"id":48095,"url":"https:\/\/teasense.ch\/it\/product\/tisana-dormiglione\/","url_meta":{"origin":47694,"position":0},"title":"Tisana Dormiglione","author":"Reale Selection","date":"23. October 2024","format":false,"excerpt":"Preparazione Tisana Dormiglione \ud83e\udd44 1 cucchiaino per tazza (14g\/litro)\ud83c\udf21\ufe0f 100 \u00b0C\u23f3 5 minuti","rel":"","context":"Similar post","block_context":{"text":"Similar post","link":""},"img":{"alt_text":"Schlafm\u00fctze Kr\u00e4utertee weisser Hintergrund","src":"https:\/\/i0.wp.com\/teasense.ch\/wp-content\/uploads\/2024\/10\/schlafmuetze-kraeutertee-weisser-hintergrund.png?resize=350%2C200&ssl=1","width":350,"height":200,"srcset":"https:\/\/i0.wp.com\/teasense.ch\/wp-content\/uploads\/2024\/10\/schlafmuetze-kraeutertee-weisser-hintergrund.png?resize=350%2C200&ssl=1 1x, https:\/\/i0.wp.com\/teasense.ch\/wp-content\/uploads\/2024\/10\/schlafmuetze-kraeutertee-weisser-hintergrund.png?resize=525%2C300&ssl=1 1.5x, https:\/\/i0.wp.com\/teasense.ch\/wp-content\/uploads\/2024\/10\/schlafmuetze-kraeutertee-weisser-hintergrund.png?resize=700%2C400&ssl=1 2x"},"classes":[]},{"id":48103,"url":"https:\/\/teasense.ch\/it\/product\/abbonamento-te\/","url_meta":{"origin":47694,"position":1},"title":"Abbonamento t\u00e8","author":"Reale Selection","date":"25. January 2024","format":false,"excerpt":"\ud83c\udf3f Due tipi di t\u00e8 al mese \ud83d\udcc5 Durata liberamente selezionabile \ud83d\udc8c Personale & personalizzato \ud83c\udf81 Perfetto come regalo Seleziona il numero di mesi desiderato:","rel":"","context":"Similar post","block_context":{"text":"Similar post","link":""},"img":{"alt_text":"Abbonamento al t\u00e8 Scatola di spedizione Teasense Svizzera","src":"https:\/\/i0.wp.com\/teasense.ch\/wp-content\/uploads\/2024\/01\/Tee-Abo-Teasense-Versandbox.png?resize=350%2C200&ssl=1","width":350,"height":200,"srcset":"https:\/\/i0.wp.com\/teasense.ch\/wp-content\/uploads\/2024\/01\/Tee-Abo-Teasense-Versandbox.png?resize=350%2C200&ssl=1 1x, https:\/\/i0.wp.com\/teasense.ch\/wp-content\/uploads\/2024\/01\/Tee-Abo-Teasense-Versandbox.png?resize=525%2C300&ssl=1 1.5x, https:\/\/i0.wp.com\/teasense.ch\/wp-content\/uploads\/2024\/01\/Tee-Abo-Teasense-Versandbox.png?resize=700%2C400&ssl=1 2x"},"classes":[]},{"id":48120,"url":"https:\/\/teasense.ch\/it\/product\/kundengeschenk-tee\/","url_meta":{"origin":47694,"position":2},"title":"Regalo t\u00e8 aziendale","author":"Reale Selection","date":"2. March 2026","format":false,"excerpt":"100 g di una miscela di t\u00e8 selezionata Scelta tra tre variet\u00e0 Confezionato in sacchetto kraft con finestra Da 20 pezzi - ordina 100 pezzi nello shop Tempi di consegna ca. 14 giorni lavorativi","rel":"","context":"Similar post","block_context":{"text":"Similar post","link":""},"img":{"alt_text":"Auswahl Tee Kundengeschenke Schwarztee Kr\u00e4utertee Fr\u00fcchtetee","src":"https:\/\/i0.wp.com\/teasense.ch\/wp-content\/uploads\/2026\/03\/auswahl-tee-kundengeschenke.png?resize=350%2C200&ssl=1","width":350,"height":200,"srcset":"https:\/\/i0.wp.com\/teasense.ch\/wp-content\/uploads\/2026\/03\/auswahl-tee-kundengeschenke.png?resize=350%2C200&ssl=1 1x, https:\/\/i0.wp.com\/teasense.ch\/wp-content\/uploads\/2026\/03\/auswahl-tee-kundengeschenke.png?resize=525%2C300&ssl=1 1.5x, https:\/\/i0.wp.com\/teasense.ch\/wp-content\/uploads\/2026\/03\/auswahl-tee-kundengeschenke.png?resize=700%2C400&ssl=1 2x"},"classes":[]},{"id":48422,"url":"https:\/\/teasense.ch\/en\/product\/stainless-steel-tea-infuser-75-mm\/","url_meta":{"origin":47694,"position":3},"title":"Stainless Steel Tea Infuser 75 mm","author":"Reale Selection","date":"7. January 2026","format":false,"excerpt":"Stainless steel sieve 75 mm (\u00d8 75\/85 x 50 mm)","rel":"","context":"Similar post","block_context":{"text":"Similar post","link":""},"img":{"alt_text":"Edelstahlsieb 75 mm 85 x 50 mm","src":"https:\/\/i0.wp.com\/teasense.ch\/wp-content\/uploads\/2026\/01\/edelstahlsieb-75-mm-85-x-50-mm.png?resize=350%2C200&ssl=1","width":350,"height":200,"srcset":"https:\/\/i0.wp.com\/teasense.ch\/wp-content\/uploads\/2026\/01\/edelstahlsieb-75-mm-85-x-50-mm.png?resize=350%2C200&ssl=1 1x, https:\/\/i0.wp.com\/teasense.ch\/wp-content\/uploads\/2026\/01\/edelstahlsieb-75-mm-85-x-50-mm.png?resize=525%2C300&ssl=1 1.5x, https:\/\/i0.wp.com\/teasense.ch\/wp-content\/uploads\/2026\/01\/edelstahlsieb-75-mm-85-x-50-mm.png?resize=700%2C400&ssl=1 2x"},"classes":[]},{"id":48114,"url":"https:\/\/teasense.ch\/en\/product\/wild-cherry-black-tea\/","url_meta":{"origin":47694,"position":4},"title":"Wild Cherry Black Tea","author":"Reale Selection","date":"17. December 2025","format":false,"excerpt":"Preparation of Wild Cherry Black Tea \ud83e\udd44 1\u20132 tsp per cup (12 g\/L)\ud83c\udf21\ufe0f 100 \u00b0C\u23f3 3 minutes","rel":"","context":"Similar post","block_context":{"text":"Similar post","link":""},"img":{"alt_text":"Schwarztee Wildkirsche Nat\u00fcrliche Teemischung","src":"https:\/\/i0.wp.com\/teasense.ch\/wp-content\/uploads\/2025\/12\/schwarztee-wildkirsche.png?resize=350%2C200&ssl=1","width":350,"height":200,"srcset":"https:\/\/i0.wp.com\/teasense.ch\/wp-content\/uploads\/2025\/12\/schwarztee-wildkirsche.png?resize=350%2C200&ssl=1 1x, https:\/\/i0.wp.com\/teasense.ch\/wp-content\/uploads\/2025\/12\/schwarztee-wildkirsche.png?resize=525%2C300&ssl=1 1.5x, https:\/\/i0.wp.com\/teasense.ch\/wp-content\/uploads\/2025\/12\/schwarztee-wildkirsche.png?resize=700%2C400&ssl=1 2x"},"classes":[]}],"jetpack_sharing_enabled":true,"jetpack_likes_enabled":false,"_links":{"self":[{"href":"https:\/\/teasense.ch\/en\/wp-json\/wp\/v2\/product\/47694","targetHints":{"allow":["GET"]}}],"collection":[{"href":"https:\/\/teasense.ch\/en\/wp-json\/wp\/v2\/product"}],"about":[{"href":"https:\/\/teasense.ch\/en\/wp-json\/wp\/v2\/types\/product"}],"replies":[{"embeddable":true,"href":"https:\/\/teasense.ch\/en\/wp-json\/wp\/v2\/comments?post=47694"}],"wp:featuredmedia":[{"embeddable":true,"href":"https:\/\/teasense.ch\/en\/wp-json\/wp\/v2\/media\/47695"}],"wp:attachment":[{"href":"https:\/\/teasense.ch\/en\/wp-json\/wp\/v2\/media?parent=47694"}],"wp:term":[{"taxonomy":"product_brand","embeddable":true,"href":"https:\/\/teasense.ch\/en\/wp-json\/wp\/v2\/product_brand?post=47694"},{"taxonomy":"product_cat","embeddable":true,"href":"https:\/\/teasense.ch\/en\/wp-json\/wp\/v2\/product_cat?post=47694"},{"taxonomy":"product_tag","embeddable":true,"href":"https:\/\/teasense.ch\/en\/wp-json\/wp\/v2\/product_tag?post=47694"}],"curies":[{"name":"wp","href":"https:\/\/api.w.org\/{rel}","templated":true}]}}