{"id":48114,"date":"2025-12-17T11:46:41","date_gmt":"2025-12-17T10:46:41","guid":{"rendered":"https:\/\/teasense.ch\/produkt\/schwarztee-wildkirsche\/"},"modified":"2025-12-17T11:46:41","modified_gmt":"2025-12-17T10:46:41","slug":"schwarztee-wildkirsche","status":"publish","type":"product","link":"https:\/\/teasense.ch\/en\/product\/schwarztee-wildkirsche\/","title":{"rendered":"Wild Cherry Black Tea"},"content":{"rendered":"<h2>Flavored Black Tea with Cherry Flavor<\/h2>\n<p>Wild Cherry Black Tea combines classic black tea with cherry fruit pieces and natural cherry flavor. The fruity note of wild cherry harmoniously complements the robust character of the black tea, lending the blend a pleasant, subtly sweet freshness. <\/p>\n<p>The taste is balanced and well-rounded. The black tea forms a full-bodied base, while the wild cherry provides a fruity yet not overpowering note. The cherry flavors remain subtly in the background, not masking the tea but gently rounding it off. This makes Wild Cherry Black Tea suitable for pure enjoyment or lightly sweetened.   <\/p>\n<p>This flavored black tea blend is for anyone who enjoys classic black tea and likes to savor it with a fruity note. The combination of black tea, cherry fruit pieces, and natural cherry flavor creates a harmonious tea experience that fits well into daily life and suits various times of day. <\/p>\n<p><strong>Ingredients<\/strong>: Black tea from Rwanda, cherry fruit pieces, natural cherry flavor<\/p>\n","protected":false},"excerpt":{"rendered":"<h4>Preparation of Wild Cherry Black Tea<\/h4>\n<p>\ud83e\udd44 1 \u2013 2 tsp per cup (12 g\/liter)<br data-start=\"1519\" data-end=\"1522\">\ud83c\udf21\ufe0f 100 \u00b0C<br data-start=\"1564\" data-end=\"1567\">\u23f3 3 minutes<\/p>\n","protected":false},"featured_media":47650,"comment_status":"open","ping_status":"closed","template":"","meta":{"_et_pb_use_builder":"","_et_pb_old_content":"","_et_gb_content_width":""},"product_brand":[],"product_cat":[352,353],"product_tag":[],"class_list":{"0":"post-48114","1":"product","2":"type-product","3":"status-publish","4":"has-post-thumbnail","6":"product_cat-all-products","7":"product_cat-black-tea","8":"pa_herkunft-germany","9":"pa_weight-100-g","10":"pa_weight-200-g","11":"pa_weight-400-g","12":"pa_weight-50-g","14":"first","15":"instock","16":"shipping-taxable","17":"purchasable","18":"product-type-variable","19":"has-default-attributes","20":"add-to-wishlist-before_image"},"yoast_head":"<!-- This site is optimized with the Yoast SEO plugin v27.3 - https:\/\/yoast.com\/product\/yoast-seo-wordpress\/ -->\n<title>Wild Cherry Black Tea - TeaSense.ch - Tee Shop Schweiz<\/title>\n<meta name=\"description\" content=\"Wild Cherry Black Tea with cherry fruit pieces and natural cherry flavor. A fruity black tea with a balanced taste for everyday enjoyment.\" \/>\n<meta name=\"robots\" content=\"index, follow, max-snippet:-1, max-image-preview:large, max-video-preview:-1\" \/>\n<link rel=\"canonical\" href=\"https:\/\/teasense.ch\/en\/product\/schwarztee-wildkirsche\/\" \/>\n<meta property=\"og:locale\" content=\"en_US\" \/>\n<meta property=\"og:type\" content=\"article\" \/>\n<meta property=\"og:title\" content=\"Wild Cherry Black Tea - TeaSense.ch - Tee Shop Schweiz\" \/>\n<meta property=\"og:description\" content=\"Wild Cherry Black Tea with cherry fruit pieces and natural cherry flavor. A fruity black tea with a balanced taste for everyday enjoyment.\" \/>\n<meta property=\"og:url\" content=\"https:\/\/teasense.ch\/en\/product\/schwarztee-wildkirsche\/\" \/>\n<meta property=\"og:site_name\" content=\"TeaSense.ch - Tee Shop Schweiz\" \/>\n<meta property=\"article:publisher\" content=\"https:\/\/www.facebook.com\/teasense.ch\" \/>\n<meta property=\"og:image\" content=\"https:\/\/teasense.ch\/wp-content\/uploads\/2025\/12\/schwarztee-wildkirsche.png\" \/>\n\t<meta property=\"og:image:width\" content=\"800\" \/>\n\t<meta property=\"og:image:height\" content=\"800\" \/>\n\t<meta property=\"og:image:type\" content=\"image\/png\" \/>\n<meta name=\"twitter:card\" content=\"summary_large_image\" \/>\n<meta name=\"twitter:label1\" content=\"Est. reading time\" \/>\n\t<meta name=\"twitter:data1\" content=\"1 minute\" \/>\n<!-- \/ Yoast SEO plugin. -->","yoast_head_json":{"title":"Wild Cherry Black Tea - TeaSense.ch - Tee Shop Schweiz","description":"Wild Cherry Black Tea with cherry fruit pieces and natural cherry flavor. A fruity black tea with a balanced taste for everyday enjoyment.","robots":{"index":"index","follow":"follow","max-snippet":"max-snippet:-1","max-image-preview":"max-image-preview:large","max-video-preview":"max-video-preview:-1"},"canonical":"https:\/\/teasense.ch\/en\/product\/schwarztee-wildkirsche\/","og_locale":"en_US","og_type":"article","og_title":"Wild Cherry Black Tea - TeaSense.ch - Tee Shop Schweiz","og_description":"Wild Cherry Black Tea with cherry fruit pieces and natural cherry flavor. A fruity black tea with a balanced taste for everyday enjoyment.","og_url":"https:\/\/teasense.ch\/en\/product\/schwarztee-wildkirsche\/","og_site_name":"TeaSense.ch - Tee Shop Schweiz","article_publisher":"https:\/\/www.facebook.com\/teasense.ch","og_image":[{"width":800,"height":800,"url":"https:\/\/teasense.ch\/wp-content\/uploads\/2025\/12\/schwarztee-wildkirsche.png","type":"image\/png"}],"twitter_card":"summary_large_image","twitter_misc":{"Est. reading time":"1 minute"},"schema":{"@context":"https:\/\/schema.org","@graph":[{"@type":"WebPage","@id":"https:\/\/teasense.ch\/en\/product\/schwarztee-wildkirsche\/","url":"https:\/\/teasense.ch\/en\/product\/schwarztee-wildkirsche\/","name":"Wild Cherry Black Tea - TeaSense.ch - Tee Shop Schweiz","isPartOf":{"@id":"https:\/\/teasense.ch\/en\/#website"},"primaryImageOfPage":{"@id":"https:\/\/teasense.ch\/en\/product\/schwarztee-wildkirsche\/#primaryimage"},"image":{"@id":"https:\/\/teasense.ch\/en\/product\/schwarztee-wildkirsche\/#primaryimage"},"thumbnailUrl":"https:\/\/teasense.ch\/wp-content\/uploads\/2025\/12\/schwarztee-wildkirsche.png","datePublished":"2025-12-17T10:46:41+00:00","description":"Wild Cherry Black Tea with cherry fruit pieces and natural cherry flavor. A fruity black tea with a balanced taste for everyday enjoyment.","breadcrumb":{"@id":"https:\/\/teasense.ch\/en\/product\/schwarztee-wildkirsche\/#breadcrumb"},"inLanguage":"en-US","potentialAction":[{"@type":"ReadAction","target":["https:\/\/teasense.ch\/en\/product\/schwarztee-wildkirsche\/"]}]},{"@type":"ImageObject","inLanguage":"en-US","@id":"https:\/\/teasense.ch\/en\/product\/schwarztee-wildkirsche\/#primaryimage","url":"https:\/\/teasense.ch\/wp-content\/uploads\/2025\/12\/schwarztee-wildkirsche.png","contentUrl":"https:\/\/teasense.ch\/wp-content\/uploads\/2025\/12\/schwarztee-wildkirsche.png","width":800,"height":800,"caption":"Schwarztee Wildkirsche Nat\u00fcrliche Teemischung"},{"@type":"BreadcrumbList","@id":"https:\/\/teasense.ch\/en\/product\/schwarztee-wildkirsche\/#breadcrumb","itemListElement":[{"@type":"ListItem","position":1,"name":"Startseite","item":"https:\/\/teasense.ch\/en\/startseite\/"},{"@type":"ListItem","position":2,"name":"Shop","item":"https:\/\/teasense.ch\/en\/shop\/"},{"@type":"ListItem","position":3,"name":"Wild Cherry Black Tea"}]},{"@type":"WebSite","@id":"https:\/\/teasense.ch\/en\/#website","url":"https:\/\/teasense.ch\/en\/","name":"TeaSense.ch","description":"Nat\u00fcrliche Teemischungen und klassischer Tee","publisher":{"@id":"https:\/\/teasense.ch\/en\/#organization"},"alternateName":"TeaSense","potentialAction":[{"@type":"SearchAction","target":{"@type":"EntryPoint","urlTemplate":"https:\/\/teasense.ch\/en\/?s={search_term_string}"},"query-input":{"@type":"PropertyValueSpecification","valueRequired":true,"valueName":"search_term_string"}}],"inLanguage":"en-US"},{"@type":"Organization","@id":"https:\/\/teasense.ch\/en\/#organization","name":"Reale Selection","alternateName":"TeaSense.ch","url":"https:\/\/teasense.ch\/en\/","logo":{"@type":"ImageObject","inLanguage":"en-US","@id":"https:\/\/teasense.ch\/en\/#\/schema\/logo\/image\/","url":"https:\/\/teasense.ch\/wp-content\/uploads\/2023\/07\/cropped-logo-teasense-kategorie-onlineshop-alle-produkte.jpg","contentUrl":"https:\/\/teasense.ch\/wp-content\/uploads\/2023\/07\/cropped-logo-teasense-kategorie-onlineshop-alle-produkte.jpg","width":512,"height":512,"caption":"Reale Selection"},"image":{"@id":"https:\/\/teasense.ch\/en\/#\/schema\/logo\/image\/"},"sameAs":["https:\/\/www.facebook.com\/teasense.ch"]}]}},"jetpack-related-posts":[{"id":48167,"url":"https:\/\/teasense.ch\/en\/product\/schlafmuetze-kraeutertee\/","url_meta":{"origin":48114,"position":0},"title":"Nightcap Herbal Tea","author":"Reale Selection","date":"23. October 2024","format":false,"excerpt":"Preparing Nightcap Herbal Tea \ud83e\udd44 1 teaspoon per cup (14 g\/liter)\ud83c\udf21\ufe0f 100 \u00b0C\u23f3 5 minutes","rel":"","context":"Similar post","block_context":{"text":"Similar post","link":""},"img":{"alt_text":"Schlafm\u00fctze Kr\u00e4utertee weisser Hintergrund","src":"https:\/\/i0.wp.com\/teasense.ch\/wp-content\/uploads\/2024\/10\/schlafmuetze-kraeutertee-weisser-hintergrund.png?resize=350%2C200&ssl=1","width":350,"height":200,"srcset":"https:\/\/i0.wp.com\/teasense.ch\/wp-content\/uploads\/2024\/10\/schlafmuetze-kraeutertee-weisser-hintergrund.png?resize=350%2C200&ssl=1 1x, https:\/\/i0.wp.com\/teasense.ch\/wp-content\/uploads\/2024\/10\/schlafmuetze-kraeutertee-weisser-hintergrund.png?resize=525%2C300&ssl=1 1.5x, https:\/\/i0.wp.com\/teasense.ch\/wp-content\/uploads\/2024\/10\/schlafmuetze-kraeutertee-weisser-hintergrund.png?resize=700%2C400&ssl=1 2x"},"classes":[]},{"id":48183,"url":"https:\/\/teasense.ch\/en\/product\/tee-abo\/","url_meta":{"origin":48114,"position":1},"title":"Tea Subscription","author":"Reale Selection","date":"25. January 2024","format":false,"excerpt":"\ud83c\udf3f Two tea varieties per month \ud83d\udcc5 Freely selectable duration \ud83d\udc8c Personal & individual \ud83c\udf81 Perfect as a gift Select the desired number of months:","rel":"","context":"Similar post","block_context":{"text":"Similar post","link":""},"img":{"alt_text":"Abbonamento al t\u00e8 Scatola di spedizione Teasense Svizzera","src":"https:\/\/i0.wp.com\/teasense.ch\/wp-content\/uploads\/2024\/01\/Tee-Abo-Teasense-Versandbox.png?resize=350%2C200&ssl=1","width":350,"height":200,"srcset":"https:\/\/i0.wp.com\/teasense.ch\/wp-content\/uploads\/2024\/01\/Tee-Abo-Teasense-Versandbox.png?resize=350%2C200&ssl=1 1x, https:\/\/i0.wp.com\/teasense.ch\/wp-content\/uploads\/2024\/01\/Tee-Abo-Teasense-Versandbox.png?resize=525%2C300&ssl=1 1.5x, https:\/\/i0.wp.com\/teasense.ch\/wp-content\/uploads\/2024\/01\/Tee-Abo-Teasense-Versandbox.png?resize=700%2C400&ssl=1 2x"},"classes":[]},{"id":33212,"url":"https:\/\/teasense.ch\/produkt\/tee-am-stiel-herbal\/","url_meta":{"origin":48114,"position":2},"title":"Tee am Stiel Herbal","author":"Reale Selection","date":"4. July 2023","format":false,"excerpt":"Tea on a stick 3 verschiedene Geschmacksrichtungen (6x Tee Stiele pro Dose) Diese Kollektionen werden mit ihrem farbenfrohen Aussehen, intensivem Aroma und Geschmack den modernen Teetrinker einfach begeistern.","rel":"","context":"Similar post","block_context":{"text":"Similar post","link":""},"img":{"alt_text":"Tee am Stiel Verpackung Vorder- und Hinterseite","src":"https:\/\/i0.wp.com\/teasense.ch\/wp-content\/uploads\/2023\/07\/tea-pop-herbal-teasense.jpg?resize=350%2C200&ssl=1","width":350,"height":200,"srcset":"https:\/\/i0.wp.com\/teasense.ch\/wp-content\/uploads\/2023\/07\/tea-pop-herbal-teasense.jpg?resize=350%2C200&ssl=1 1x, https:\/\/i0.wp.com\/teasense.ch\/wp-content\/uploads\/2023\/07\/tea-pop-herbal-teasense.jpg?resize=525%2C300&ssl=1 1.5x, https:\/\/i0.wp.com\/teasense.ch\/wp-content\/uploads\/2023\/07\/tea-pop-herbal-teasense.jpg?resize=700%2C400&ssl=1 2x"},"classes":[]},{"id":44354,"url":"https:\/\/teasense.ch\/produkt\/teemassloeffel-1-cup-of-perfect-tea\/","url_meta":{"origin":48114,"position":3},"title":"Teemassl\u00f6ffel \u2013 1 Cup of Perfect Tea","author":"Reale Selection","date":"28. February 2025","format":false,"excerpt":"\ud83e\udd44Dein Helfer f\u00fcr perfekten Teegenuss.","rel":"","context":"Similar post","block_context":{"text":"Similar post","link":""},"img":{"alt_text":"Teemassl\u00f6ffel \u2013 1 Cup of Perfect Tea","src":"https:\/\/i0.wp.com\/teasense.ch\/wp-content\/uploads\/2025\/02\/Teemassloeffel-%E2%80%93-1-Cup-of-Perfect-Tea.png?resize=350%2C200&ssl=1","width":350,"height":200,"srcset":"https:\/\/i0.wp.com\/teasense.ch\/wp-content\/uploads\/2025\/02\/Teemassloeffel-%E2%80%93-1-Cup-of-Perfect-Tea.png?resize=350%2C200&ssl=1 1x, https:\/\/i0.wp.com\/teasense.ch\/wp-content\/uploads\/2025\/02\/Teemassloeffel-%E2%80%93-1-Cup-of-Perfect-Tea.png?resize=525%2C300&ssl=1 1.5x, https:\/\/i0.wp.com\/teasense.ch\/wp-content\/uploads\/2025\/02\/Teemassloeffel-%E2%80%93-1-Cup-of-Perfect-Tea.png?resize=700%2C400&ssl=1 2x"},"classes":[]},{"id":30116,"url":"https:\/\/teasense.ch\/produkt\/tee-am-stiel\/","url_meta":{"origin":48114,"position":4},"title":"Tee am Stiel Classic","author":"Reale Selection","date":"30. May 2023","format":false,"excerpt":"Tea on a stick 3 verschiedene Geschmacksrichtungen (6x Tee Stiele pro Dose) Diese Kollektionen werden mit ihrem farbenfrohen Aussehen, intensivem Aroma und Geschmack den modernen Teetrinker einfach begeistern.","rel":"","context":"Similar post","block_context":{"text":"Similar post","link":""},"img":{"alt_text":"Classic Tee am Stiel Verpackung Vorder- und Hinterseite","src":"https:\/\/i0.wp.com\/teasense.ch\/wp-content\/uploads\/2023\/07\/sale.jpg?resize=350%2C200&ssl=1","width":350,"height":200,"srcset":"https:\/\/i0.wp.com\/teasense.ch\/wp-content\/uploads\/2023\/07\/sale.jpg?resize=350%2C200&ssl=1 1x, https:\/\/i0.wp.com\/teasense.ch\/wp-content\/uploads\/2023\/07\/sale.jpg?resize=525%2C300&ssl=1 1.5x, https:\/\/i0.wp.com\/teasense.ch\/wp-content\/uploads\/2023\/07\/sale.jpg?resize=700%2C400&ssl=1 2x"},"classes":[]},{"id":48162,"url":"https:\/\/teasense.ch\/fr\/produit\/tee-abo\/","url_meta":{"origin":48114,"position":5},"title":"Abonnement de th\u00e9","author":"Reale Selection","date":"25. January 2024","format":false,"excerpt":"\ud83c\udf3f Deux vari\u00e9t\u00e9s de th\u00e9 par mois \ud83d\udcc5 Dur\u00e9e librement choisie \ud83d\udc8c Personnel & sur mesure \ud83c\udf81 Parfait comme cadeau Choisissez le nombre de mois souhait\u00e9 :","rel":"","context":"Similar post","block_context":{"text":"Similar post","link":""},"img":{"alt_text":"Abbonamento al t\u00e8 Scatola di spedizione Teasense Svizzera","src":"https:\/\/i0.wp.com\/teasense.ch\/wp-content\/uploads\/2024\/01\/Tee-Abo-Teasense-Versandbox.png?resize=350%2C200&ssl=1","width":350,"height":200,"srcset":"https:\/\/i0.wp.com\/teasense.ch\/wp-content\/uploads\/2024\/01\/Tee-Abo-Teasense-Versandbox.png?resize=350%2C200&ssl=1 1x, https:\/\/i0.wp.com\/teasense.ch\/wp-content\/uploads\/2024\/01\/Tee-Abo-Teasense-Versandbox.png?resize=525%2C300&ssl=1 1.5x, https:\/\/i0.wp.com\/teasense.ch\/wp-content\/uploads\/2024\/01\/Tee-Abo-Teasense-Versandbox.png?resize=700%2C400&ssl=1 2x"},"classes":[]}],"jetpack_sharing_enabled":true,"jetpack_likes_enabled":false,"_links":{"self":[{"href":"https:\/\/teasense.ch\/en\/wp-json\/wp\/v2\/product\/48114","targetHints":{"allow":["GET"]}}],"collection":[{"href":"https:\/\/teasense.ch\/en\/wp-json\/wp\/v2\/product"}],"about":[{"href":"https:\/\/teasense.ch\/en\/wp-json\/wp\/v2\/types\/product"}],"replies":[{"embeddable":true,"href":"https:\/\/teasense.ch\/en\/wp-json\/wp\/v2\/comments?post=48114"}],"wp:featuredmedia":[{"embeddable":true,"href":"https:\/\/teasense.ch\/en\/wp-json\/wp\/v2\/media\/47650"}],"wp:attachment":[{"href":"https:\/\/teasense.ch\/en\/wp-json\/wp\/v2\/media?parent=48114"}],"wp:term":[{"taxonomy":"product_brand","embeddable":true,"href":"https:\/\/teasense.ch\/en\/wp-json\/wp\/v2\/product_brand?post=48114"},{"taxonomy":"product_cat","embeddable":true,"href":"https:\/\/teasense.ch\/en\/wp-json\/wp\/v2\/product_cat?post=48114"},{"taxonomy":"product_tag","embeddable":true,"href":"https:\/\/teasense.ch\/en\/wp-json\/wp\/v2\/product_tag?post=48114"}],"curies":[{"name":"wp","href":"https:\/\/api.w.org\/{rel}","templated":true}]}}