{"id":48183,"date":"2024-01-25T09:28:02","date_gmt":"2024-01-25T08:28:02","guid":{"rendered":"https:\/\/teasense.ch\/produkt\/tee-abo\/"},"modified":"2024-01-25T09:28:02","modified_gmt":"2024-01-25T08:28:02","slug":"tee-abo","status":"publish","type":"product","link":"https:\/\/teasense.ch\/en\/product\/tee-abo\/","title":{"rendered":"Tea Subscription"},"content":{"rendered":"<h2>Our tea subscription \u2013 uncomplicated, individual, Switzerland-wide<\/h2>\n<p>It&#8217;s simple and flexible. Here&#8217;s how it works: <\/p>\n<h3>1. Choose the duration<\/h3>\n<p>Choose your desired duration by selecting the number of months.<\/p>\n<h3>2. Share your preferences directly when ordering<\/h3>\n<p>Please provide the following information in the comments field at checkout:<\/p>\n<ul>\n<li>desired start delivery date<\/li>\n<li>your tea preferences (e.g. herbal tea, fruit tea, no black tea, etc.)<\/li>\n<li>possible allergies or intolerances<\/li>\n<\/ul>\n<p>This way we can perfectly tailor your subscription to you from the start.<\/p>\n<h3>Gift a tea subscription \ud83c\udf81<\/h3>\n<p>Would you like to order the tea subscription as a gift?<br \/>\nNo problem \u2013 simply enter the recipient&#8217;s address as the delivery address.<br \/>\nIn the comments field at checkout you can additionally note:<\/p>\n<ul>\n<li>that it&#8217;s a gift<\/li>\n<li>whether we may include a personal greeting message (please provide text)<\/li>\n<li>when the subscription should start<\/li>\n<\/ul>\n<p>We&#8217;ll take care of the rest \u2013 lovingly packaged and sent on time.<\/p>\n<h3>Monthly tea delivery \u2013 tailored to your taste<\/h3>\n<p>Every month you (or the recipient) receive two different tea varieties \u2013 always without artificial flavors and selected with great care.<br \/>\nIf you share your preferences with us, we&#8217;ll naturally take them into account.<br \/>\nIf you don&#8217;t provide any information, we&#8217;ll surprise you with a fine selection from our range.<\/p>\n<p>Many customers write to us, for example:<\/p>\n<p>&#8220;I mainly drink herbal tea, no black tea please.&#8221; &#8211; &#8220;Just surprise me \u2013 as long as it&#8217;s not peppermint.&#8221;<\/p>\n<h3>Tea subscription as tea mystery box<\/h3>\n<p>You can freely decide whether to share preferences with us or let yourself be completely surprised. We&#8217;ll naturally always take allergies or things you don&#8217;t like into account. <\/p>\n<h3>Duration of your tea subscription<\/h3>\n<p>Found your favorite teas and no longer need a subscription? No problem \u2013 the subscription automatically ends after your chosen duration.<br \/>\nYou don&#8217;t need to cancel anything. If you want to continue afterwards, you can simply order a new subscription \u2013 completely uncomplicated.  <\/p>\n<p>More information about the tea subscription can be found on our <a href=\"https:\/\/teasense.ch\/tee-abonnement\/\">Tea Subscription Info Page<\/a>.<\/p>\n","protected":false},"excerpt":{"rendered":"<p class=\"\" data-start=\"102\" data-end=\"144\">\ud83c\udf3f Two tea varieties per month<br \/>\n\ud83d\udcc5 Freely selectable duration<br \/>\n\ud83d\udc8c Personal &amp; individual<br \/>\n\ud83c\udf81 Perfect as a gift<\/p>\n<p><strong>Select the desired number of months:<\/strong><\/p>\n","protected":false},"featured_media":40224,"comment_status":"open","ping_status":"closed","template":"","meta":{"_et_pb_use_builder":"","_et_pb_old_content":"","_et_gb_content_width":""},"product_brand":[],"product_cat":[378,371],"product_tag":[],"class_list":{"0":"post-48183","1":"product","2":"type-product","3":"status-publish","4":"has-post-thumbnail","6":"product_cat-loose-leaf-tea","7":"product_cat-tea-gifts","9":"first","10":"instock","11":"purchasable","12":"product-type-simple","13":"add-to-wishlist-before_image"},"yoast_head":"<!-- This site is optimized with the Yoast SEO plugin v27.3 - https:\/\/yoast.com\/product\/yoast-seo-wordpress\/ -->\n<title>Tea Subscription - TeaSense.ch - Tee Shop Schweiz<\/title>\n<meta name=\"description\" content=\"Tea subscription from Switzerland: Two tea varieties every month, individually tailored or as a surprise. No artificial flavors. Subscribe flexibly now.\" \/>\n<meta name=\"robots\" content=\"index, follow, max-snippet:-1, max-image-preview:large, max-video-preview:-1\" \/>\n<link rel=\"canonical\" href=\"https:\/\/teasense.ch\/en\/product\/tee-abo\/\" \/>\n<meta property=\"og:locale\" content=\"en_US\" \/>\n<meta property=\"og:type\" content=\"article\" \/>\n<meta property=\"og:title\" content=\"Tea Subscription - TeaSense.ch - Tee Shop Schweiz\" \/>\n<meta property=\"og:description\" content=\"Tea subscription from Switzerland: Two tea varieties every month, individually tailored or as a surprise. No artificial flavors. Subscribe flexibly now.\" \/>\n<meta property=\"og:url\" content=\"https:\/\/teasense.ch\/en\/product\/tee-abo\/\" \/>\n<meta property=\"og:site_name\" content=\"TeaSense.ch - Tee Shop Schweiz\" \/>\n<meta property=\"article:publisher\" content=\"https:\/\/www.facebook.com\/teasense.ch\" \/>\n<meta property=\"og:image\" content=\"https:\/\/teasense.ch\/wp-content\/uploads\/2024\/01\/Tee-Abo-Teasense-Versandbox.png\" \/>\n\t<meta property=\"og:image:width\" content=\"800\" \/>\n\t<meta property=\"og:image:height\" content=\"800\" \/>\n\t<meta property=\"og:image:type\" content=\"image\/png\" \/>\n<meta name=\"twitter:card\" content=\"summary_large_image\" \/>\n<meta name=\"twitter:label1\" content=\"Est. reading time\" \/>\n\t<meta name=\"twitter:data1\" content=\"2 minutes\" \/>\n<!-- \/ Yoast SEO plugin. -->","yoast_head_json":{"title":"Tea Subscription - TeaSense.ch - Tee Shop Schweiz","description":"Tea subscription from Switzerland: Two tea varieties every month, individually tailored or as a surprise. No artificial flavors. Subscribe flexibly now.","robots":{"index":"index","follow":"follow","max-snippet":"max-snippet:-1","max-image-preview":"max-image-preview:large","max-video-preview":"max-video-preview:-1"},"canonical":"https:\/\/teasense.ch\/en\/product\/tee-abo\/","og_locale":"en_US","og_type":"article","og_title":"Tea Subscription - TeaSense.ch - Tee Shop Schweiz","og_description":"Tea subscription from Switzerland: Two tea varieties every month, individually tailored or as a surprise. No artificial flavors. Subscribe flexibly now.","og_url":"https:\/\/teasense.ch\/en\/product\/tee-abo\/","og_site_name":"TeaSense.ch - Tee Shop Schweiz","article_publisher":"https:\/\/www.facebook.com\/teasense.ch","og_image":[{"width":800,"height":800,"url":"https:\/\/teasense.ch\/wp-content\/uploads\/2024\/01\/Tee-Abo-Teasense-Versandbox.png","type":"image\/png"}],"twitter_card":"summary_large_image","twitter_misc":{"Est. reading time":"2 minutes"},"schema":{"@context":"https:\/\/schema.org","@graph":[{"@type":"WebPage","@id":"https:\/\/teasense.ch\/en\/product\/tee-abo\/","url":"https:\/\/teasense.ch\/en\/product\/tee-abo\/","name":"Tea Subscription - TeaSense.ch - Tee Shop Schweiz","isPartOf":{"@id":"https:\/\/teasense.ch\/en\/#website"},"primaryImageOfPage":{"@id":"https:\/\/teasense.ch\/en\/product\/tee-abo\/#primaryimage"},"image":{"@id":"https:\/\/teasense.ch\/en\/product\/tee-abo\/#primaryimage"},"thumbnailUrl":"https:\/\/teasense.ch\/wp-content\/uploads\/2024\/01\/Tee-Abo-Teasense-Versandbox.png","datePublished":"2024-01-25T08:28:02+00:00","description":"Tea subscription from Switzerland: Two tea varieties every month, individually tailored or as a surprise. No artificial flavors. Subscribe flexibly now.","breadcrumb":{"@id":"https:\/\/teasense.ch\/en\/product\/tee-abo\/#breadcrumb"},"inLanguage":"en-US","potentialAction":[{"@type":"ReadAction","target":["https:\/\/teasense.ch\/en\/product\/tee-abo\/"]}]},{"@type":"ImageObject","inLanguage":"en-US","@id":"https:\/\/teasense.ch\/en\/product\/tee-abo\/#primaryimage","url":"https:\/\/teasense.ch\/wp-content\/uploads\/2024\/01\/Tee-Abo-Teasense-Versandbox.png","contentUrl":"https:\/\/teasense.ch\/wp-content\/uploads\/2024\/01\/Tee-Abo-Teasense-Versandbox.png","width":800,"height":800,"caption":"Abbonamento al t\u00e8 Scatola di spedizione Teasense Svizzera"},{"@type":"BreadcrumbList","@id":"https:\/\/teasense.ch\/en\/product\/tee-abo\/#breadcrumb","itemListElement":[{"@type":"ListItem","position":1,"name":"Startseite","item":"https:\/\/teasense.ch\/en\/startseite\/"},{"@type":"ListItem","position":2,"name":"Shop","item":"https:\/\/teasense.ch\/en\/shop\/"},{"@type":"ListItem","position":3,"name":"Tea Subscription"}]},{"@type":"WebSite","@id":"https:\/\/teasense.ch\/en\/#website","url":"https:\/\/teasense.ch\/en\/","name":"TeaSense.ch","description":"Nat\u00fcrliche Teemischungen und klassischer Tee","publisher":{"@id":"https:\/\/teasense.ch\/en\/#organization"},"alternateName":"TeaSense","potentialAction":[{"@type":"SearchAction","target":{"@type":"EntryPoint","urlTemplate":"https:\/\/teasense.ch\/en\/?s={search_term_string}"},"query-input":{"@type":"PropertyValueSpecification","valueRequired":true,"valueName":"search_term_string"}}],"inLanguage":"en-US"},{"@type":"Organization","@id":"https:\/\/teasense.ch\/en\/#organization","name":"Reale Selection","alternateName":"TeaSense.ch","url":"https:\/\/teasense.ch\/en\/","logo":{"@type":"ImageObject","inLanguage":"en-US","@id":"https:\/\/teasense.ch\/en\/#\/schema\/logo\/image\/","url":"https:\/\/teasense.ch\/wp-content\/uploads\/2023\/07\/cropped-logo-teasense-kategorie-onlineshop-alle-produkte.jpg","contentUrl":"https:\/\/teasense.ch\/wp-content\/uploads\/2023\/07\/cropped-logo-teasense-kategorie-onlineshop-alle-produkte.jpg","width":512,"height":512,"caption":"Reale Selection"},"image":{"@id":"https:\/\/teasense.ch\/en\/#\/schema\/logo\/image\/"},"sameAs":["https:\/\/www.facebook.com\/teasense.ch"]}]}},"jetpack-related-posts":[{"id":48167,"url":"https:\/\/teasense.ch\/en\/product\/schlafmuetze-kraeutertee\/","url_meta":{"origin":48183,"position":0},"title":"Nightcap Herbal Tea","author":"Reale Selection","date":"23. October 2024","format":false,"excerpt":"Preparing Nightcap Herbal Tea \ud83e\udd44 1 teaspoon per cup (14 g\/liter)\ud83c\udf21\ufe0f 100 \u00b0C\u23f3 5 minutes","rel":"","context":"Similar post","block_context":{"text":"Similar post","link":""},"img":{"alt_text":"Schlafm\u00fctze Kr\u00e4utertee weisser Hintergrund","src":"https:\/\/i0.wp.com\/teasense.ch\/wp-content\/uploads\/2024\/10\/schlafmuetze-kraeutertee-weisser-hintergrund.png?resize=350%2C200&ssl=1","width":350,"height":200,"srcset":"https:\/\/i0.wp.com\/teasense.ch\/wp-content\/uploads\/2024\/10\/schlafmuetze-kraeutertee-weisser-hintergrund.png?resize=350%2C200&ssl=1 1x, https:\/\/i0.wp.com\/teasense.ch\/wp-content\/uploads\/2024\/10\/schlafmuetze-kraeutertee-weisser-hintergrund.png?resize=525%2C300&ssl=1 1.5x, https:\/\/i0.wp.com\/teasense.ch\/wp-content\/uploads\/2024\/10\/schlafmuetze-kraeutertee-weisser-hintergrund.png?resize=700%2C400&ssl=1 2x"},"classes":[]},{"id":48162,"url":"https:\/\/teasense.ch\/fr\/produit\/tee-abo\/","url_meta":{"origin":48183,"position":1},"title":"Abonnement de th\u00e9","author":"Reale Selection","date":"25. January 2024","format":false,"excerpt":"\ud83c\udf3f Deux vari\u00e9t\u00e9s de th\u00e9 par mois \ud83d\udcc5 Dur\u00e9e librement choisie \ud83d\udc8c Personnel & sur mesure \ud83c\udf81 Parfait comme cadeau Choisissez le nombre de mois souhait\u00e9 :","rel":"","context":"Similar post","block_context":{"text":"Similar post","link":""},"img":{"alt_text":"Abbonamento al t\u00e8 Scatola di spedizione Teasense Svizzera","src":"https:\/\/i0.wp.com\/teasense.ch\/wp-content\/uploads\/2024\/01\/Tee-Abo-Teasense-Versandbox.png?resize=350%2C200&ssl=1","width":350,"height":200,"srcset":"https:\/\/i0.wp.com\/teasense.ch\/wp-content\/uploads\/2024\/01\/Tee-Abo-Teasense-Versandbox.png?resize=350%2C200&ssl=1 1x, https:\/\/i0.wp.com\/teasense.ch\/wp-content\/uploads\/2024\/01\/Tee-Abo-Teasense-Versandbox.png?resize=525%2C300&ssl=1 1.5x, https:\/\/i0.wp.com\/teasense.ch\/wp-content\/uploads\/2024\/01\/Tee-Abo-Teasense-Versandbox.png?resize=700%2C400&ssl=1 2x"},"classes":[]},{"id":30116,"url":"https:\/\/teasense.ch\/produkt\/tee-am-stiel\/","url_meta":{"origin":48183,"position":2},"title":"Tee am Stiel Classic","author":"Reale Selection","date":"30. May 2023","format":false,"excerpt":"Tea on a stick 3 verschiedene Geschmacksrichtungen (6x Tee Stiele pro Dose) Diese Kollektionen werden mit ihrem farbenfrohen Aussehen, intensivem Aroma und Geschmack den modernen Teetrinker einfach begeistern.","rel":"","context":"Similar post","block_context":{"text":"Similar post","link":""},"img":{"alt_text":"Classic Tee am Stiel Verpackung Vorder- und Hinterseite","src":"https:\/\/i0.wp.com\/teasense.ch\/wp-content\/uploads\/2023\/07\/sale.jpg?resize=350%2C200&ssl=1","width":350,"height":200,"srcset":"https:\/\/i0.wp.com\/teasense.ch\/wp-content\/uploads\/2023\/07\/sale.jpg?resize=350%2C200&ssl=1 1x, https:\/\/i0.wp.com\/teasense.ch\/wp-content\/uploads\/2023\/07\/sale.jpg?resize=525%2C300&ssl=1 1.5x, https:\/\/i0.wp.com\/teasense.ch\/wp-content\/uploads\/2023\/07\/sale.jpg?resize=700%2C400&ssl=1 2x"},"classes":[]},{"id":48156,"url":"https:\/\/teasense.ch\/fr\/produit\/schwarztee-wildkirsche\/","url_meta":{"origin":48183,"position":3},"title":"Th\u00e9 noir cerise sauvage","author":"Reale Selection","date":"17. December 2025","format":false,"excerpt":"Pr\u00e9paration th\u00e9 noir cerise sauvage naturel \ud83e\udd44 1 \u2013 2 c. \u00e0 c. par tasse (12 g\/litre)\ud83c\udf21\ufe0f 100 \u00b0C\u23f3 3 minutes","rel":"","context":"Similar post","block_context":{"text":"Similar post","link":""},"img":{"alt_text":"Schwarztee Wildkirsche Nat\u00fcrliche Teemischung","src":"https:\/\/i0.wp.com\/teasense.ch\/wp-content\/uploads\/2025\/12\/schwarztee-wildkirsche.png?resize=350%2C200&ssl=1","width":350,"height":200,"srcset":"https:\/\/i0.wp.com\/teasense.ch\/wp-content\/uploads\/2025\/12\/schwarztee-wildkirsche.png?resize=350%2C200&ssl=1 1x, https:\/\/i0.wp.com\/teasense.ch\/wp-content\/uploads\/2025\/12\/schwarztee-wildkirsche.png?resize=525%2C300&ssl=1 1.5x, https:\/\/i0.wp.com\/teasense.ch\/wp-content\/uploads\/2025\/12\/schwarztee-wildkirsche.png?resize=700%2C400&ssl=1 2x"},"classes":[]},{"id":48175,"url":"https:\/\/teasense.ch\/fr\/produit\/schlafmuetze-kraeutertee\/","url_meta":{"origin":48183,"position":4},"title":"Tisane Douce Nuit","author":"Reale Selection","date":"23. October 2024","format":false,"excerpt":"Pr\u00e9paration de la Tisane Douce Nuit \ud83e\udd44 1 cuill\u00e8re \u00e0 caf\u00e9 par tasse (14 g\/litre)\ud83c\udf21\ufe0f 100 \u00b0C\u23f3 5 minutes","rel":"","context":"Similar post","block_context":{"text":"Similar post","link":""},"img":{"alt_text":"Schlafm\u00fctze Kr\u00e4utertee weisser Hintergrund","src":"https:\/\/i0.wp.com\/teasense.ch\/wp-content\/uploads\/2024\/10\/schlafmuetze-kraeutertee-weisser-hintergrund.png?resize=350%2C200&ssl=1","width":350,"height":200,"srcset":"https:\/\/i0.wp.com\/teasense.ch\/wp-content\/uploads\/2024\/10\/schlafmuetze-kraeutertee-weisser-hintergrund.png?resize=350%2C200&ssl=1 1x, https:\/\/i0.wp.com\/teasense.ch\/wp-content\/uploads\/2024\/10\/schlafmuetze-kraeutertee-weisser-hintergrund.png?resize=525%2C300&ssl=1 1.5x, https:\/\/i0.wp.com\/teasense.ch\/wp-content\/uploads\/2024\/10\/schlafmuetze-kraeutertee-weisser-hintergrund.png?resize=700%2C400&ssl=1 2x"},"classes":[]}],"jetpack_sharing_enabled":true,"jetpack_likes_enabled":false,"_links":{"self":[{"href":"https:\/\/teasense.ch\/en\/wp-json\/wp\/v2\/product\/48183","targetHints":{"allow":["GET"]}}],"collection":[{"href":"https:\/\/teasense.ch\/en\/wp-json\/wp\/v2\/product"}],"about":[{"href":"https:\/\/teasense.ch\/en\/wp-json\/wp\/v2\/types\/product"}],"replies":[{"embeddable":true,"href":"https:\/\/teasense.ch\/en\/wp-json\/wp\/v2\/comments?post=48183"}],"wp:featuredmedia":[{"embeddable":true,"href":"https:\/\/teasense.ch\/en\/wp-json\/wp\/v2\/media\/40224"}],"wp:attachment":[{"href":"https:\/\/teasense.ch\/en\/wp-json\/wp\/v2\/media?parent=48183"}],"wp:term":[{"taxonomy":"product_brand","embeddable":true,"href":"https:\/\/teasense.ch\/en\/wp-json\/wp\/v2\/product_brand?post=48183"},{"taxonomy":"product_cat","embeddable":true,"href":"https:\/\/teasense.ch\/en\/wp-json\/wp\/v2\/product_cat?post=48183"},{"taxonomy":"product_tag","embeddable":true,"href":"https:\/\/teasense.ch\/en\/wp-json\/wp\/v2\/product_tag?post=48183"}],"curies":[{"name":"wp","href":"https:\/\/api.w.org\/{rel}","templated":true}]}}