{"id":48625,"date":"2025-10-13T11:17:40","date_gmt":"2025-10-13T09:17:40","guid":{"rendered":"https:\/\/teasense.ch\/produkt\/raspberry-leaf-tea\/"},"modified":"2025-10-13T11:17:40","modified_gmt":"2025-10-13T09:17:40","slug":"raspberry-leaf-tea","status":"publish","type":"product","link":"https:\/\/teasense.ch\/en\/product\/raspberry-leaf-tea\/","title":{"rendered":"Raspberry Leaf Tea"},"content":{"rendered":"<h2 data-start=\"164\" data-end=\"221\">100% raspberry leaves<\/h2>\n<p data-start=\"223\" data-end=\"534\">Raspberry Leaf Tea is made from carefully selected and gently dried raspberry leaves. Its mild, slightly sweet flavour makes it a pleasant herbal tea for everyday enjoyment. The leaves are processed with care to preserve their natural aroma.  <\/p>\n<p data-start=\"536\" data-end=\"710\">As a classic herbal tea, raspberry leaf tea is naturally caffeine-free and ideal for anyone looking for a gentle, plant-based alternative to black or green tea.<\/p>\n<h3>Taste and character Raspberry leaves<\/h3>\n<p>In the cup, the infusion appears light to golden in colour. The flavour is mild, slightly sweet and subtly herbal. The delicate notes remain balanced and never become bitter, making this tea perfect both on its own or as a base for your own herbal blends.   <\/p>\n<p>If you enjoy pure <a href=\"https:\/\/teasense.ch\/en\/product-category\/single-herbs\/\">single herbs<\/a>, you will find many more varieties in our mono-herbs category.<\/p>\n<p>Preparation Raspberry Leaf Tea:<br \/>Add one to two teaspoons of cut leaves to a cup or teapot and pour over hot water at around 95 \u00b0C. Let it steep for 5\u20137 minutes to fully develop its flavour. Then strain and enjoy.  <\/p>\n<p>For a stronger taste, extend the steeping time slightly. For a milder cup, reduce it. You can also enjoy this tea cold or prepare a second, lighter infusion.  <\/p>\n<p>This herbal tea consists of 100% raspberry leaves. The aroma-protecting packaging ensures long-lasting freshness and flavour.  <\/p>\n","protected":false},"excerpt":{"rendered":"<h4>Preparation Raspberry Leaf Tea<\/h4>\n<p>\ud83e\udd44 1\u20132 teaspoons per 200 ml<br data-start=\"2256\" data-end=\"2259\">\ud83c\udf21\ufe0f 95 \u00b0C<br data-start=\"2269\" data-end=\"2272\">\u23f3 5-7 minutes<\/p>\n","protected":false},"featured_media":47293,"comment_status":"open","ping_status":"closed","template":"","meta":{"_et_pb_use_builder":"","_et_pb_old_content":"","_et_gb_content_width":""},"product_brand":[],"product_cat":[352,379,378,441],"product_tag":[],"class_list":{"0":"post-48625","1":"product","2":"type-product","3":"status-publish","4":"has-post-thumbnail","6":"product_cat-all-products","7":"product_cat-herbal-tea","8":"product_cat-loose-leaf-tea","9":"product_cat-single-herbs","10":"pa_herkunft-bosnia-and-herzegovina","11":"pa_weight-100-g","12":"pa_weight-200-g","13":"pa_weight-400-g","14":"pa_weight-50-g","16":"first","17":"instock","18":"shipping-taxable","19":"purchasable","20":"product-type-variable","21":"has-default-attributes","22":"add-to-wishlist-before_image"},"yoast_head":"<!-- This site is optimized with the Yoast SEO plugin v27.5 - https:\/\/yoast.com\/product\/yoast-seo-wordpress\/ -->\n<title>Raspberry Leaf Tea - TeaSense.ch - Tee Shop Schweiz<\/title>\n<meta name=\"description\" content=\"Raspberry leaf tea made from gently dried leaves. Mild, slightly sweet and naturally caffeine-free \u2013 perfect as a daily herbal tea.\" \/>\n<meta name=\"robots\" content=\"index, follow, max-snippet:-1, max-image-preview:large, max-video-preview:-1\" \/>\n<link rel=\"canonical\" href=\"https:\/\/teasense.ch\/en\/product\/raspberry-leaf-tea\/\" \/>\n<meta property=\"og:locale\" content=\"en_US\" \/>\n<meta property=\"og:type\" content=\"article\" \/>\n<meta property=\"og:title\" content=\"Raspberry Leaf Tea - TeaSense.ch - Tee Shop Schweiz\" \/>\n<meta property=\"og:description\" content=\"Raspberry leaf tea made from gently dried leaves. Mild, slightly sweet and naturally caffeine-free \u2013 perfect as a daily herbal tea.\" \/>\n<meta property=\"og:url\" content=\"https:\/\/teasense.ch\/en\/product\/raspberry-leaf-tea\/\" \/>\n<meta property=\"og:site_name\" content=\"TeaSense.ch - Tee Shop Schweiz\" \/>\n<meta property=\"article:publisher\" content=\"https:\/\/www.facebook.com\/teasense.ch\" \/>\n<meta property=\"og:image\" content=\"https:\/\/teasense.ch\/wp-content\/uploads\/2025\/10\/himbeerblaetter.png\" \/>\n\t<meta property=\"og:image:width\" content=\"800\" \/>\n\t<meta property=\"og:image:height\" content=\"800\" \/>\n\t<meta property=\"og:image:type\" content=\"image\/png\" \/>\n<meta name=\"twitter:card\" content=\"summary_large_image\" \/>\n<meta name=\"twitter:label1\" content=\"Est. reading time\" \/>\n\t<meta name=\"twitter:data1\" content=\"1 minute\" \/>\n<!-- \/ Yoast SEO plugin. -->","yoast_head_json":{"title":"Raspberry Leaf Tea - TeaSense.ch - Tee Shop Schweiz","description":"Raspberry leaf tea made from gently dried leaves. Mild, slightly sweet and naturally caffeine-free \u2013 perfect as a daily herbal tea.","robots":{"index":"index","follow":"follow","max-snippet":"max-snippet:-1","max-image-preview":"max-image-preview:large","max-video-preview":"max-video-preview:-1"},"canonical":"https:\/\/teasense.ch\/en\/product\/raspberry-leaf-tea\/","og_locale":"en_US","og_type":"article","og_title":"Raspberry Leaf Tea - TeaSense.ch - Tee Shop Schweiz","og_description":"Raspberry leaf tea made from gently dried leaves. Mild, slightly sweet and naturally caffeine-free \u2013 perfect as a daily herbal tea.","og_url":"https:\/\/teasense.ch\/en\/product\/raspberry-leaf-tea\/","og_site_name":"TeaSense.ch - Tee Shop Schweiz","article_publisher":"https:\/\/www.facebook.com\/teasense.ch","og_image":[{"width":800,"height":800,"url":"https:\/\/teasense.ch\/wp-content\/uploads\/2025\/10\/himbeerblaetter.png","type":"image\/png"}],"twitter_card":"summary_large_image","twitter_misc":{"Est. reading time":"1 minute"},"schema":{"@context":"https:\/\/schema.org","@graph":[{"@type":"WebPage","@id":"https:\/\/teasense.ch\/en\/product\/raspberry-leaf-tea\/","url":"https:\/\/teasense.ch\/en\/product\/raspberry-leaf-tea\/","name":"Raspberry Leaf Tea - TeaSense.ch - Tee Shop Schweiz","isPartOf":{"@id":"https:\/\/teasense.ch\/en\/#website"},"primaryImageOfPage":{"@id":"https:\/\/teasense.ch\/en\/product\/raspberry-leaf-tea\/#primaryimage"},"image":{"@id":"https:\/\/teasense.ch\/en\/product\/raspberry-leaf-tea\/#primaryimage"},"thumbnailUrl":"https:\/\/teasense.ch\/wp-content\/uploads\/2025\/10\/himbeerblaetter.png","datePublished":"2025-10-13T09:17:40+00:00","description":"Raspberry leaf tea made from gently dried leaves. Mild, slightly sweet and naturally caffeine-free \u2013 perfect as a daily herbal tea.","breadcrumb":{"@id":"https:\/\/teasense.ch\/en\/product\/raspberry-leaf-tea\/#breadcrumb"},"inLanguage":"en-CH","potentialAction":[{"@type":"ReadAction","target":["https:\/\/teasense.ch\/en\/product\/raspberry-leaf-tea\/"]}]},{"@type":"ImageObject","inLanguage":"en-CH","@id":"https:\/\/teasense.ch\/en\/product\/raspberry-leaf-tea\/#primaryimage","url":"https:\/\/teasense.ch\/wp-content\/uploads\/2025\/10\/himbeerblaetter.png","contentUrl":"https:\/\/teasense.ch\/wp-content\/uploads\/2025\/10\/himbeerblaetter.png","width":800,"height":800,"caption":"Himbeerbl\u00e4tter Tee \u2013 mild, aromatisch und wohlschmeckend"},{"@type":"BreadcrumbList","@id":"https:\/\/teasense.ch\/en\/product\/raspberry-leaf-tea\/#breadcrumb","itemListElement":[{"@type":"ListItem","position":1,"name":"Startseite","item":"https:\/\/teasense.ch\/en\/startseite\/"},{"@type":"ListItem","position":2,"name":"Online Tea ShopTee Onlineshop","item":"https:\/\/teasense.ch\/en\/shop\/"},{"@type":"ListItem","position":3,"name":"Raspberry Leaf Tea"}]},{"@type":"WebSite","@id":"https:\/\/teasense.ch\/en\/#website","url":"https:\/\/teasense.ch\/en\/","name":"TeaSense.ch","description":"Nat\u00fcrliche Teemischungen und klassischer Tee","publisher":{"@id":"https:\/\/teasense.ch\/en\/#organization"},"alternateName":"TeaSense","potentialAction":[{"@type":"SearchAction","target":{"@type":"EntryPoint","urlTemplate":"https:\/\/teasense.ch\/en\/?s={search_term_string}"},"query-input":{"@type":"PropertyValueSpecification","valueRequired":true,"valueName":"search_term_string"}}],"inLanguage":"en-CH"},{"@type":"Organization","@id":"https:\/\/teasense.ch\/en\/#organization","name":"Reale Selection","alternateName":"TeaSense.ch","url":"https:\/\/teasense.ch\/en\/","logo":{"@type":"ImageObject","inLanguage":"en-CH","@id":"https:\/\/teasense.ch\/en\/#\/schema\/logo\/image\/","url":"https:\/\/teasense.ch\/wp-content\/uploads\/2023\/07\/cropped-logo-teasense-kategorie-onlineshop-alle-produkte.jpg","contentUrl":"https:\/\/teasense.ch\/wp-content\/uploads\/2023\/07\/cropped-logo-teasense-kategorie-onlineshop-alle-produkte.jpg","width":512,"height":512,"caption":"Reale Selection"},"image":{"@id":"https:\/\/teasense.ch\/en\/#\/schema\/logo\/image\/"},"sameAs":["https:\/\/www.facebook.com\/teasense.ch"]}]}},"jetpack-related-posts":[{"id":48167,"url":"https:\/\/teasense.ch\/en\/product\/nightcap-herbal-tea\/","url_meta":{"origin":48625,"position":0},"title":"Nightcap Herbal Tea","author":"Reale Selection","date":"23. October 2024","format":false,"excerpt":"Preparing Nightcap Herbal Tea \ud83e\udd44 1 teaspoon per cup (14 g\/liter)\ud83c\udf21\ufe0f 100 \u00b0C\u23f3 5 minutes","rel":"","context":"Similar post","block_context":{"text":"Similar post","link":""},"img":{"alt_text":"Schlafm\u00fctze Kr\u00e4utertee weisser Hintergrund","src":"https:\/\/i0.wp.com\/teasense.ch\/wp-content\/uploads\/2024\/10\/schlafmuetze-kraeutertee-weisser-hintergrund.png?resize=350%2C200&ssl=1","width":350,"height":200,"srcset":"https:\/\/i0.wp.com\/teasense.ch\/wp-content\/uploads\/2024\/10\/schlafmuetze-kraeutertee-weisser-hintergrund.png?resize=350%2C200&ssl=1 1x, https:\/\/i0.wp.com\/teasense.ch\/wp-content\/uploads\/2024\/10\/schlafmuetze-kraeutertee-weisser-hintergrund.png?resize=525%2C300&ssl=1 1.5x, https:\/\/i0.wp.com\/teasense.ch\/wp-content\/uploads\/2024\/10\/schlafmuetze-kraeutertee-weisser-hintergrund.png?resize=700%2C400&ssl=1 2x"},"classes":[]},{"id":48517,"url":"https:\/\/teasense.ch\/en\/product\/stevia-leaves\/","url_meta":{"origin":48625,"position":1},"title":"Stevia Leaves","author":"Reale Selection","date":"10. November 2025","format":false,"excerpt":"Preparation Stevia Leaves \ud83e\udd44 1 teaspoon per cup added to your tea blend \ud83c\udf21\ufe0f 100 \u00b0C \u23f3 5\u20138 minutes (depending on the tea blend)","rel":"","context":"Similar post","block_context":{"text":"Similar post","link":""},"img":{"alt_text":"Stevia Bl\u00e4tter als Tee Zutat f\u00fcr Fr\u00fcchte und Kr\u00e4utertee","src":"https:\/\/i0.wp.com\/teasense.ch\/wp-content\/uploads\/2025\/11\/steviablaetter-als-tee.png?resize=350%2C200&ssl=1","width":350,"height":200,"srcset":"https:\/\/i0.wp.com\/teasense.ch\/wp-content\/uploads\/2025\/11\/steviablaetter-als-tee.png?resize=350%2C200&ssl=1 1x, https:\/\/i0.wp.com\/teasense.ch\/wp-content\/uploads\/2025\/11\/steviablaetter-als-tee.png?resize=525%2C300&ssl=1 1.5x, https:\/\/i0.wp.com\/teasense.ch\/wp-content\/uploads\/2025\/11\/steviablaetter-als-tee.png?resize=700%2C400&ssl=1 2x"},"classes":[]},{"id":48533,"url":"https:\/\/teasense.ch\/en\/product\/soba-cha-buckwheat-tea-baked\/","url_meta":{"origin":48625,"position":2},"title":"Soba Cha \u2013 Buckwheat Tea (Baked)","author":"Reale Selection","date":"10. November 2025","format":false,"excerpt":"\ud83e\udd44 2 teaspoons per cup (14 g per litre) \ud83c\udf21\ufe0f 100 \u00b0C \u23f3 2 minutes","rel":"","context":"Similar post","block_context":{"text":"Similar post","link":""},"img":{"alt_text":"Soba Cha \u2013 gebackener Buchweizen Tee","src":"https:\/\/i0.wp.com\/teasense.ch\/wp-content\/uploads\/2025\/11\/buchweizen.png?resize=350%2C200&ssl=1","width":350,"height":200,"srcset":"https:\/\/i0.wp.com\/teasense.ch\/wp-content\/uploads\/2025\/11\/buchweizen.png?resize=350%2C200&ssl=1 1x, https:\/\/i0.wp.com\/teasense.ch\/wp-content\/uploads\/2025\/11\/buchweizen.png?resize=525%2C300&ssl=1 1.5x, https:\/\/i0.wp.com\/teasense.ch\/wp-content\/uploads\/2025\/11\/buchweizen.png?resize=700%2C400&ssl=1 2x"},"classes":[]},{"id":48470,"url":"https:\/\/teasense.ch\/en\/product\/chocolate-mint-tea\/","url_meta":{"origin":48625,"position":3},"title":"Choco Mint &#8211; Herbal tea blend","author":"Reale Selection","date":"16. November 2025","format":false,"excerpt":"Preparation Choco Mint blend \ud83e\udd44 tsp (10\u201312 g per litre)\ud83c\udf21\ufe0f 100 \u00b0C\u23f3 5 - 8 minutes","rel":"","context":"Similar post","block_context":{"text":"Similar post","link":""},"img":{"alt_text":"Schoko Minze - Kr\u00e4uterteemischung","src":"https:\/\/i0.wp.com\/teasense.ch\/wp-content\/uploads\/2025\/11\/schoko-minze-kraeuterteemischung.png?resize=350%2C200&ssl=1","width":350,"height":200,"srcset":"https:\/\/i0.wp.com\/teasense.ch\/wp-content\/uploads\/2025\/11\/schoko-minze-kraeuterteemischung.png?resize=350%2C200&ssl=1 1x, https:\/\/i0.wp.com\/teasense.ch\/wp-content\/uploads\/2025\/11\/schoko-minze-kraeuterteemischung.png?resize=525%2C300&ssl=1 1.5x, https:\/\/i0.wp.com\/teasense.ch\/wp-content\/uploads\/2025\/11\/schoko-minze-kraeuterteemischung.png?resize=700%2C400&ssl=1 2x"},"classes":[]},{"id":48964,"url":"https:\/\/teasense.ch\/en\/product\/chamomile-flowers\/","url_meta":{"origin":48625,"position":4},"title":"Chamomile Flowers","author":"Reale Selection","date":"23. October 2024","format":false,"excerpt":"Preparation Chamomile Tea \ud83e\udd44 1 tsp per cup \ud83c\udf21\ufe0f 90 \u00b0C \u23f3 5\u20137 minutes","rel":"","context":"Similar post","block_context":{"text":"Similar post","link":""},"img":{"alt_text":"Kamillenbl\u00fcten weisser Hintergrund","src":"https:\/\/i0.wp.com\/teasense.ch\/wp-content\/uploads\/2024\/10\/kamillenblueten-weisser-hintergrund.png?resize=350%2C200&ssl=1","width":350,"height":200,"srcset":"https:\/\/i0.wp.com\/teasense.ch\/wp-content\/uploads\/2024\/10\/kamillenblueten-weisser-hintergrund.png?resize=350%2C200&ssl=1 1x, https:\/\/i0.wp.com\/teasense.ch\/wp-content\/uploads\/2024\/10\/kamillenblueten-weisser-hintergrund.png?resize=525%2C300&ssl=1 1.5x, https:\/\/i0.wp.com\/teasense.ch\/wp-content\/uploads\/2024\/10\/kamillenblueten-weisser-hintergrund.png?resize=700%2C400&ssl=1 2x"},"classes":[]},{"id":48457,"url":"https:\/\/teasense.ch\/en\/product\/wooden-tea-scoop-7-cm\/","url_meta":{"origin":48625,"position":5},"title":"Wooden Tea Scoop 7 cm","author":"Reale Selection","date":"16. November 2025","format":false,"excerpt":"Length: 7 cm Material: Holz","rel":"","context":"Similar post","block_context":{"text":"Similar post","link":""},"img":{"alt_text":"Teeschaufel aus Holz 7 cm f\u00fcr Losen Tee oder Gew\u00fcrze","src":"https:\/\/i0.wp.com\/teasense.ch\/wp-content\/uploads\/2025\/11\/teeschaufel-aus-holz-7-cm.png?resize=350%2C200&ssl=1","width":350,"height":200,"srcset":"https:\/\/i0.wp.com\/teasense.ch\/wp-content\/uploads\/2025\/11\/teeschaufel-aus-holz-7-cm.png?resize=350%2C200&ssl=1 1x, https:\/\/i0.wp.com\/teasense.ch\/wp-content\/uploads\/2025\/11\/teeschaufel-aus-holz-7-cm.png?resize=525%2C300&ssl=1 1.5x, https:\/\/i0.wp.com\/teasense.ch\/wp-content\/uploads\/2025\/11\/teeschaufel-aus-holz-7-cm.png?resize=700%2C400&ssl=1 2x"},"classes":[]}],"jetpack_sharing_enabled":true,"jetpack_likes_enabled":false,"_links":{"self":[{"href":"https:\/\/teasense.ch\/en\/wp-json\/wp\/v2\/product\/48625","targetHints":{"allow":["GET"]}}],"collection":[{"href":"https:\/\/teasense.ch\/en\/wp-json\/wp\/v2\/product"}],"about":[{"href":"https:\/\/teasense.ch\/en\/wp-json\/wp\/v2\/types\/product"}],"replies":[{"embeddable":true,"href":"https:\/\/teasense.ch\/en\/wp-json\/wp\/v2\/comments?post=48625"}],"wp:featuredmedia":[{"embeddable":true,"href":"https:\/\/teasense.ch\/en\/wp-json\/wp\/v2\/media\/47293"}],"wp:attachment":[{"href":"https:\/\/teasense.ch\/en\/wp-json\/wp\/v2\/media?parent=48625"}],"wp:term":[{"taxonomy":"product_brand","embeddable":true,"href":"https:\/\/teasense.ch\/en\/wp-json\/wp\/v2\/product_brand?post=48625"},{"taxonomy":"product_cat","embeddable":true,"href":"https:\/\/teasense.ch\/en\/wp-json\/wp\/v2\/product_cat?post=48625"},{"taxonomy":"product_tag","embeddable":true,"href":"https:\/\/teasense.ch\/en\/wp-json\/wp\/v2\/product_tag?post=48625"}],"curies":[{"name":"wp","href":"https:\/\/api.w.org\/{rel}","templated":true}]}}