{"id":49101,"date":"2024-10-28T22:16:29","date_gmt":"2024-10-28T21:16:29","guid":{"rendered":"https:\/\/teasense.ch\/produkt\/porcelain-tea-mug-with-lid-infuser-birdy\/"},"modified":"2024-10-28T22:16:29","modified_gmt":"2024-10-28T21:16:29","slug":"porcelain-tea-mug-with-lid-infuser-birdy","status":"publish","type":"product","link":"https:\/\/teasense.ch\/en\/product\/porcelain-tea-mug-with-lid-infuser-birdy\/","title":{"rendered":"Porcelain Tea Mug with Lid &#038; Infuser \u2013 Birdy"},"content":{"rendered":"<p>Discover the Birdy porcelain tea mug \u2013 a functional piece with a charming design. With its light colours and detailed birds, flowers and branches, it becomes a decorative highlight on any table. With a capacity of 325 ml, it is ideal for your favourite tea.<\/p>\n<h3>Benefits of the stainless steel infuser<\/h3>\n<p>The integrated stainless steel infuser allows you to brew loose tea directly in the mug. It keeps the leaves inside and ensures a clean cup. Suitable for herbal, green or black tea.<\/p>\n<h4>Lid for aroma protection<\/h4>\n<p>The lid helps keep your tea warm and preserves the aroma. You can also place the infuser on the lid after brewing for a clean solution.<\/p>\n<h4>A great gift idea<\/h4>\n<p>This mug is a thoughtful gift for tea lovers and anyone who enjoys nature-inspired design. Suitable for many occasions.<\/p>\n<h5>Advantages of a tea mug with infuser<\/h5>\n<p>A tea mug with infuser makes tea preparation simple and practical. The lid helps retain heat while the infuser keeps the tea clear.<\/p>\n","protected":false},"excerpt":{"rendered":"<p>Cup, infuser and lid (without gift packaging)<\/p>\n<p>Capacity: 325 ml<\/p>\n","protected":false},"featured_media":43424,"comment_status":"open","ping_status":"closed","template":"","meta":{"_et_pb_use_builder":"","_et_pb_old_content":"","_et_gb_content_width":""},"product_brand":[],"product_cat":[352,453,371],"product_tag":[],"class_list":{"0":"post-49101","1":"product","2":"type-product","3":"status-publish","4":"has-post-thumbnail","6":"product_cat-all-products","7":"product_cat-tea-accessories","8":"product_cat-tea-gifts","9":"pa_herkunft-china","11":"first","12":"instock","13":"shipping-taxable","14":"purchasable","15":"product-type-simple","16":"add-to-wishlist-before_image"},"yoast_head":"<!-- This site is optimized with the Yoast SEO plugin v27.5 - https:\/\/yoast.com\/product\/yoast-seo-wordpress\/ -->\n<title>Porcelain Tea Mug with Lid &amp; Infuser \u2013 Birdy - TeaSense.ch - Tee Shop Schweiz<\/title>\n<meta name=\"description\" content=\"Porcelain tea mug with lid &amp; infuser \ud83c\udf75 325 ml with bird and floral design \u2013 practical and decorative.\" \/>\n<meta name=\"robots\" content=\"index, follow, max-snippet:-1, max-image-preview:large, max-video-preview:-1\" \/>\n<link rel=\"canonical\" href=\"https:\/\/teasense.ch\/en\/product\/porcelain-tea-mug-with-lid-infuser-birdy\/\" \/>\n<meta property=\"og:locale\" content=\"en_US\" \/>\n<meta property=\"og:type\" content=\"article\" \/>\n<meta property=\"og:title\" content=\"Porcelain Tea Mug with Lid &amp; Infuser \u2013 Birdy - TeaSense.ch - Tee Shop Schweiz\" \/>\n<meta property=\"og:description\" content=\"Porcelain tea mug with lid &amp; infuser \ud83c\udf75 325 ml with bird and floral design \u2013 practical and decorative.\" \/>\n<meta property=\"og:url\" content=\"https:\/\/teasense.ch\/en\/product\/porcelain-tea-mug-with-lid-infuser-birdy\/\" \/>\n<meta property=\"og:site_name\" content=\"TeaSense.ch - Tee Shop Schweiz\" \/>\n<meta property=\"article:publisher\" content=\"https:\/\/www.facebook.com\/teasense.ch\" \/>\n<meta property=\"og:image\" content=\"https:\/\/teasense.ch\/wp-content\/uploads\/2025\/02\/hibiskus-tee-lose-und-aufgegossen-in-Tassen.png\" \/>\n\t<meta property=\"og:image:width\" content=\"800\" \/>\n\t<meta property=\"og:image:height\" content=\"800\" \/>\n\t<meta property=\"og:image:type\" content=\"image\/png\" \/>\n<meta name=\"twitter:card\" content=\"summary_large_image\" \/>\n<meta name=\"twitter:label1\" content=\"Est. reading time\" \/>\n\t<meta name=\"twitter:data1\" content=\"1 minute\" \/>\n<!-- \/ Yoast SEO plugin. -->","yoast_head_json":{"title":"Porcelain Tea Mug with Lid & Infuser \u2013 Birdy - TeaSense.ch - Tee Shop Schweiz","description":"Porcelain tea mug with lid & infuser \ud83c\udf75 325 ml with bird and floral design \u2013 practical and decorative.","robots":{"index":"index","follow":"follow","max-snippet":"max-snippet:-1","max-image-preview":"max-image-preview:large","max-video-preview":"max-video-preview:-1"},"canonical":"https:\/\/teasense.ch\/en\/product\/porcelain-tea-mug-with-lid-infuser-birdy\/","og_locale":"en_US","og_type":"article","og_title":"Porcelain Tea Mug with Lid & Infuser \u2013 Birdy - TeaSense.ch - Tee Shop Schweiz","og_description":"Porcelain tea mug with lid & infuser \ud83c\udf75 325 ml with bird and floral design \u2013 practical and decorative.","og_url":"https:\/\/teasense.ch\/en\/product\/porcelain-tea-mug-with-lid-infuser-birdy\/","og_site_name":"TeaSense.ch - Tee Shop Schweiz","article_publisher":"https:\/\/www.facebook.com\/teasense.ch","og_image":[{"width":800,"height":800,"url":"https:\/\/teasense.ch\/wp-content\/uploads\/2025\/02\/hibiskus-tee-lose-und-aufgegossen-in-Tassen.png","type":"image\/png"}],"twitter_card":"summary_large_image","twitter_misc":{"Est. reading time":"1 minute"},"schema":{"@context":"https:\/\/schema.org","@graph":[{"@type":"WebPage","@id":"https:\/\/teasense.ch\/en\/product\/porcelain-tea-mug-with-lid-infuser-birdy\/","url":"https:\/\/teasense.ch\/en\/product\/porcelain-tea-mug-with-lid-infuser-birdy\/","name":"Porcelain Tea Mug with Lid & Infuser \u2013 Birdy - TeaSense.ch - Tee Shop Schweiz","isPartOf":{"@id":"https:\/\/teasense.ch\/en\/#website"},"primaryImageOfPage":{"@id":"https:\/\/teasense.ch\/en\/product\/porcelain-tea-mug-with-lid-infuser-birdy\/#primaryimage"},"image":{"@id":"https:\/\/teasense.ch\/en\/product\/porcelain-tea-mug-with-lid-infuser-birdy\/#primaryimage"},"thumbnailUrl":"https:\/\/teasense.ch\/wp-content\/uploads\/2024\/10\/porzellan-deckelbecher-birdy-ganz.png","datePublished":"2024-10-28T21:16:29+00:00","description":"Porcelain tea mug with lid & infuser \ud83c\udf75 325 ml with bird and floral design \u2013 practical and decorative.","breadcrumb":{"@id":"https:\/\/teasense.ch\/en\/product\/porcelain-tea-mug-with-lid-infuser-birdy\/#breadcrumb"},"inLanguage":"en-CH","potentialAction":[{"@type":"ReadAction","target":["https:\/\/teasense.ch\/en\/product\/porcelain-tea-mug-with-lid-infuser-birdy\/"]}]},{"@type":"ImageObject","inLanguage":"en-CH","@id":"https:\/\/teasense.ch\/en\/product\/porcelain-tea-mug-with-lid-infuser-birdy\/#primaryimage","url":"https:\/\/teasense.ch\/wp-content\/uploads\/2024\/10\/porzellan-deckelbecher-birdy-ganz.png","contentUrl":"https:\/\/teasense.ch\/wp-content\/uploads\/2024\/10\/porzellan-deckelbecher-birdy-ganz.png","width":800,"height":800,"caption":"Porzellan Deckelbecher Birdy ganz"},{"@type":"BreadcrumbList","@id":"https:\/\/teasense.ch\/en\/product\/porcelain-tea-mug-with-lid-infuser-birdy\/#breadcrumb","itemListElement":[{"@type":"ListItem","position":1,"name":"Startseite","item":"https:\/\/teasense.ch\/en\/startseite\/"},{"@type":"ListItem","position":2,"name":"Online Tea ShopTee Onlineshop","item":"https:\/\/teasense.ch\/en\/shop\/"},{"@type":"ListItem","position":3,"name":"Porcelain Tea Mug with Lid &#038; Infuser \u2013 Birdy"}]},{"@type":"WebSite","@id":"https:\/\/teasense.ch\/en\/#website","url":"https:\/\/teasense.ch\/en\/","name":"TeaSense.ch","description":"Nat\u00fcrliche Teemischungen und klassischer Tee","publisher":{"@id":"https:\/\/teasense.ch\/en\/#organization"},"alternateName":"TeaSense","potentialAction":[{"@type":"SearchAction","target":{"@type":"EntryPoint","urlTemplate":"https:\/\/teasense.ch\/en\/?s={search_term_string}"},"query-input":{"@type":"PropertyValueSpecification","valueRequired":true,"valueName":"search_term_string"}}],"inLanguage":"en-CH"},{"@type":"Organization","@id":"https:\/\/teasense.ch\/en\/#organization","name":"Reale Selection","alternateName":"TeaSense.ch","url":"https:\/\/teasense.ch\/en\/","logo":{"@type":"ImageObject","inLanguage":"en-CH","@id":"https:\/\/teasense.ch\/en\/#\/schema\/logo\/image\/","url":"https:\/\/teasense.ch\/wp-content\/uploads\/2023\/07\/cropped-logo-teasense-kategorie-onlineshop-alle-produkte.jpg","contentUrl":"https:\/\/teasense.ch\/wp-content\/uploads\/2023\/07\/cropped-logo-teasense-kategorie-onlineshop-alle-produkte.jpg","width":512,"height":512,"caption":"Reale Selection"},"image":{"@id":"https:\/\/teasense.ch\/en\/#\/schema\/logo\/image\/"},"sameAs":["https:\/\/www.facebook.com\/teasense.ch"]}]}},"jetpack-related-posts":[{"id":49104,"url":"https:\/\/teasense.ch\/en\/product\/porcelain-tea-mug-with-lid-infuser-hehua\/","url_meta":{"origin":49101,"position":0},"title":"Porcelain Tea Mug with Lid &#038; Infuser \u2013 Hehua","author":"Reale Selection","date":"28. October 2024","format":false,"excerpt":"Set: cup, infuser and lid (without gift packaging) Capacity: 360 ml","rel":"","context":"Similar post","block_context":{"text":"Similar post","link":""},"img":{"alt_text":"Porzellan Deckelbecher Hehua aussen","src":"https:\/\/i0.wp.com\/teasense.ch\/wp-content\/uploads\/2024\/10\/porzellan-deckelbecher-hehua-aussen.png?resize=350%2C200&ssl=1","width":350,"height":200,"srcset":"https:\/\/i0.wp.com\/teasense.ch\/wp-content\/uploads\/2024\/10\/porzellan-deckelbecher-hehua-aussen.png?resize=350%2C200&ssl=1 1x, https:\/\/i0.wp.com\/teasense.ch\/wp-content\/uploads\/2024\/10\/porzellan-deckelbecher-hehua-aussen.png?resize=525%2C300&ssl=1 1.5x, https:\/\/i0.wp.com\/teasense.ch\/wp-content\/uploads\/2024\/10\/porzellan-deckelbecher-hehua-aussen.png?resize=700%2C400&ssl=1 2x"},"classes":[]},{"id":48422,"url":"https:\/\/teasense.ch\/en\/product\/stainless-steel-tea-infuser-75-mm\/","url_meta":{"origin":49101,"position":1},"title":"Stainless Steel Tea Infuser 75 mm","author":"Reale Selection","date":"7. January 2026","format":false,"excerpt":"Stainless steel sieve 75 mm (\u00d8 75\/85 x 50 mm)","rel":"","context":"Similar post","block_context":{"text":"Similar post","link":""},"img":{"alt_text":"Edelstahlsieb 75 mm 85 x 50 mm","src":"https:\/\/i0.wp.com\/teasense.ch\/wp-content\/uploads\/2026\/01\/edelstahlsieb-75-mm-85-x-50-mm.png?resize=350%2C200&ssl=1","width":350,"height":200,"srcset":"https:\/\/i0.wp.com\/teasense.ch\/wp-content\/uploads\/2026\/01\/edelstahlsieb-75-mm-85-x-50-mm.png?resize=350%2C200&ssl=1 1x, https:\/\/i0.wp.com\/teasense.ch\/wp-content\/uploads\/2026\/01\/edelstahlsieb-75-mm-85-x-50-mm.png?resize=525%2C300&ssl=1 1.5x, https:\/\/i0.wp.com\/teasense.ch\/wp-content\/uploads\/2026\/01\/edelstahlsieb-75-mm-85-x-50-mm.png?resize=700%2C400&ssl=1 2x"},"classes":[]},{"id":49146,"url":"https:\/\/teasense.ch\/en\/product\/peppermint-leaves-cut\/","url_meta":{"origin":49101,"position":2},"title":"Peppermint Leaves (Cut)","author":"Reale Selection","date":"13. May 2025","format":false,"excerpt":"Preparation peppermint tea \ud83e\udd44 1 tsp per cup (12 g\/litre) \ud83c\udf21\ufe0f 100 \u00b0C \u23f3 5 minutes","rel":"","context":"Similar post","block_context":{"text":"Similar post","link":""},"img":{"alt_text":"Pfefferminze geschnitten","src":"https:\/\/i0.wp.com\/teasense.ch\/wp-content\/uploads\/2025\/05\/Pfefferminze-geschnitten.png?resize=350%2C200&ssl=1","width":350,"height":200,"srcset":"https:\/\/i0.wp.com\/teasense.ch\/wp-content\/uploads\/2025\/05\/Pfefferminze-geschnitten.png?resize=350%2C200&ssl=1 1x, https:\/\/i0.wp.com\/teasense.ch\/wp-content\/uploads\/2025\/05\/Pfefferminze-geschnitten.png?resize=525%2C300&ssl=1 1.5x, https:\/\/i0.wp.com\/teasense.ch\/wp-content\/uploads\/2025\/05\/Pfefferminze-geschnitten.png?resize=700%2C400&ssl=1 2x"},"classes":[]},{"id":48998,"url":"https:\/\/teasense.ch\/en\/product\/meadowsweet-blossom-tea\/","url_meta":{"origin":49101,"position":3},"title":"Meadowsweet Blossom Tea","author":"Reale Selection","date":"14. September 2025","format":false,"excerpt":"\ud83e\udd44 1\u20132 teaspoons per cup \ud83c\udf21\ufe0f 95\u2013100 \u00b0C \u23f3 8\u201310 minutes","rel":"","context":"Similar post","block_context":{"text":"Similar post","link":""},"img":{"alt_text":"M\u00e4des\u00fcssbl\u00fcten mit Kraut bio gerebelt, Spierblume, Wiesengeissbart, spireae ulmariae flos cum herba","src":"https:\/\/i0.wp.com\/teasense.ch\/wp-content\/uploads\/2025\/09\/maedesuessblueten-mit-kraut-bio-gerebelt-spierblume-wiesengeissbart-spireae-ulmariae-flos-cum-herba.png?resize=350%2C200&ssl=1","width":350,"height":200,"srcset":"https:\/\/i0.wp.com\/teasense.ch\/wp-content\/uploads\/2025\/09\/maedesuessblueten-mit-kraut-bio-gerebelt-spierblume-wiesengeissbart-spireae-ulmariae-flos-cum-herba.png?resize=350%2C200&ssl=1 1x, https:\/\/i0.wp.com\/teasense.ch\/wp-content\/uploads\/2025\/09\/maedesuessblueten-mit-kraut-bio-gerebelt-spierblume-wiesengeissbart-spireae-ulmariae-flos-cum-herba.png?resize=525%2C300&ssl=1 1.5x, https:\/\/i0.wp.com\/teasense.ch\/wp-content\/uploads\/2025\/09\/maedesuessblueten-mit-kraut-bio-gerebelt-spierblume-wiesengeissbart-spireae-ulmariae-flos-cum-herba.png?resize=700%2C400&ssl=1 2x"},"classes":[]},{"id":48983,"url":"https:\/\/teasense.ch\/en\/product\/formosa-fine-oolong\/","url_meta":{"origin":49101,"position":4},"title":"Formosa Fine Oolong","author":"Reale Selection","date":"19. September 2025","format":false,"excerpt":"Formosa Fine Oolong \u2013 Preparation \ud83e\udd44 1\u20132 teaspoons per 200 ml water\ud83c\udf21\ufe0f 80\u201390\u00b0C (hot water, not boiling)\u23f3 2\u20134 minutes, can be infused multiple times","rel":"","context":"Similar post","block_context":{"text":"Similar post","link":""},"img":{"alt_text":"Formosa Fine Oolong loser Tee","src":"https:\/\/i0.wp.com\/teasense.ch\/wp-content\/uploads\/2025\/09\/formosa-fine-oolong.png?resize=350%2C200&ssl=1","width":350,"height":200,"srcset":"https:\/\/i0.wp.com\/teasense.ch\/wp-content\/uploads\/2025\/09\/formosa-fine-oolong.png?resize=350%2C200&ssl=1 1x, https:\/\/i0.wp.com\/teasense.ch\/wp-content\/uploads\/2025\/09\/formosa-fine-oolong.png?resize=525%2C300&ssl=1 1.5x, https:\/\/i0.wp.com\/teasense.ch\/wp-content\/uploads\/2025\/09\/formosa-fine-oolong.png?resize=700%2C400&ssl=1 2x"},"classes":[]},{"id":49107,"url":"https:\/\/teasense.ch\/en\/product\/wooden-tea-measuring-spoon\/","url_meta":{"origin":49101,"position":5},"title":"Wooden Tea Measuring Spoon","author":"Reale Selection","date":"23. October 2024","format":false,"excerpt":"Wooden tea measuring spoon for precise dosing The wooden tea measuring spoon is a practical tool for anyone who values consistent tea preparation. It helps you measure the right amount of loose tea with ease \u2013 whether for a single cup or a teapot. Accurate dosing for better tea preparation\u2026","rel":"","context":"Similar post","block_context":{"text":"Similar post","link":""},"img":{"alt_text":"Tee-Messl\u00f6ffel aus Holz","src":"https:\/\/i0.wp.com\/teasense.ch\/wp-content\/uploads\/2024\/10\/tee-messloeffel-aus-holz.png?resize=350%2C200&ssl=1","width":350,"height":200,"srcset":"https:\/\/i0.wp.com\/teasense.ch\/wp-content\/uploads\/2024\/10\/tee-messloeffel-aus-holz.png?resize=350%2C200&ssl=1 1x, https:\/\/i0.wp.com\/teasense.ch\/wp-content\/uploads\/2024\/10\/tee-messloeffel-aus-holz.png?resize=525%2C300&ssl=1 1.5x, https:\/\/i0.wp.com\/teasense.ch\/wp-content\/uploads\/2024\/10\/tee-messloeffel-aus-holz.png?resize=700%2C400&ssl=1 2x"},"classes":[]}],"jetpack_sharing_enabled":true,"jetpack_likes_enabled":false,"_links":{"self":[{"href":"https:\/\/teasense.ch\/en\/wp-json\/wp\/v2\/product\/49101","targetHints":{"allow":["GET"]}}],"collection":[{"href":"https:\/\/teasense.ch\/en\/wp-json\/wp\/v2\/product"}],"about":[{"href":"https:\/\/teasense.ch\/en\/wp-json\/wp\/v2\/types\/product"}],"replies":[{"embeddable":true,"href":"https:\/\/teasense.ch\/en\/wp-json\/wp\/v2\/comments?post=49101"}],"wp:featuredmedia":[{"embeddable":true,"href":"https:\/\/teasense.ch\/en\/wp-json\/wp\/v2\/media\/43424"}],"wp:attachment":[{"href":"https:\/\/teasense.ch\/en\/wp-json\/wp\/v2\/media?parent=49101"}],"wp:term":[{"taxonomy":"product_brand","embeddable":true,"href":"https:\/\/teasense.ch\/en\/wp-json\/wp\/v2\/product_brand?post=49101"},{"taxonomy":"product_cat","embeddable":true,"href":"https:\/\/teasense.ch\/en\/wp-json\/wp\/v2\/product_cat?post=49101"},{"taxonomy":"product_tag","embeddable":true,"href":"https:\/\/teasense.ch\/en\/wp-json\/wp\/v2\/product_tag?post=49101"}],"curies":[{"name":"wp","href":"https:\/\/api.w.org\/{rel}","templated":true}]}}