{"id":49140,"date":"2023-06-29T15:35:32","date_gmt":"2023-06-29T13:35:32","guid":{"rendered":"https:\/\/teasense.ch\/produkt\/brown-rock-candy-stick\/"},"modified":"2026-05-01T16:17:50","modified_gmt":"2026-05-01T14:17:50","slug":"brown-rock-candy-stick","status":"publish","type":"product","link":"https:\/\/teasense.ch\/en\/product\/brown-rock-candy-stick\/","title":{"rendered":"Brown Rock Candy Stick"},"content":{"rendered":"<h3>Brown rock candy stick \u2013 2-in-1<\/h3>\n<p>Discover the versatility of the rock candy stick \u2013 a simple way to stir and sweeten your drink at the same time. The sugar crystals dissolve gradually, allowing you to adjust the level of sweetness to your taste.<\/p>\n<p>Whether in tea or coffee, this stick adds a pleasant sweetness while also serving as a stirrer. Once the desired sweetness is reached, simply remove the stick.<\/p>\n<p>The crystallised sugar dissolves evenly and offers a clean sweetness without clumping.<\/p>\n<h4>Combine with your favourite teas<\/h4>\n<p>This candy stick pairs well with many types of tea \u2013 from herbal blends to black tea. Discover our <a href=\"https:\/\/teasense.ch\/en\/shop\/\">selection<\/a> and find your favourite combination.<\/p>\n<p><strong>Nutritional values per 100 g<\/strong><br \/>\nEnergy 1700 kJ \/ 400 kcal<br \/>\n100 g carbohydrates (of which sugars)<\/p>\n","protected":false},"excerpt":{"rendered":"<h4>Brown rock candy stick<\/h4>\n<p>Individually wrapped in cellophane, approx. 16 cm long.<\/p>\n","protected":false},"featured_media":47315,"comment_status":"closed","ping_status":"closed","template":"","meta":{"_et_pb_use_builder":"","_et_pb_old_content":"","_et_gb_content_width":""},"product_brand":[],"product_cat":[352,453],"product_tag":[],"class_list":{"0":"post-49140","1":"product","2":"type-product","3":"status-publish","4":"has-post-thumbnail","6":"product_cat-all-products","7":"product_cat-tea-accessories","8":"pa_herkunft-germany","10":"first","11":"instock","12":"purchasable","13":"product-type-simple","14":"add-to-wishlist-before_image"},"yoast_head":"<!-- This site is optimized with the Yoast SEO plugin v27.5 - https:\/\/yoast.com\/product\/yoast-seo-wordpress\/ -->\n<title>Brown Rock Candy Stick - TeaSense.ch - Tee Shop Schweiz<\/title>\n<meta name=\"description\" content=\"Brown rock candy stick \u2013 practical for stirring and sweetening tea or coffee.\" \/>\n<meta name=\"robots\" content=\"index, follow, max-snippet:-1, max-image-preview:large, max-video-preview:-1\" \/>\n<link rel=\"canonical\" href=\"https:\/\/teasense.ch\/en\/product\/brown-rock-candy-stick\/\" \/>\n<meta property=\"og:locale\" content=\"en_US\" \/>\n<meta property=\"og:type\" content=\"article\" \/>\n<meta property=\"og:title\" content=\"Brown Rock Candy Stick - TeaSense.ch - Tee Shop Schweiz\" \/>\n<meta property=\"og:description\" content=\"Brown rock candy stick \u2013 practical for stirring and sweetening tea or coffee.\" \/>\n<meta property=\"og:url\" content=\"https:\/\/teasense.ch\/en\/product\/brown-rock-candy-stick\/\" \/>\n<meta property=\"og:site_name\" content=\"TeaSense.ch - Tee Shop Schweiz\" \/>\n<meta property=\"article:publisher\" content=\"https:\/\/www.facebook.com\/teasense.ch\" \/>\n<meta property=\"article:modified_time\" content=\"2026-05-01T14:17:50+00:00\" \/>\n<meta property=\"og:image\" content=\"https:\/\/teasense.ch\/wp-content\/uploads\/2025\/02\/hibiskus-tee-lose-und-aufgegossen-in-Tassen.png\" \/>\n\t<meta property=\"og:image:width\" content=\"800\" \/>\n\t<meta property=\"og:image:height\" content=\"800\" \/>\n\t<meta property=\"og:image:type\" content=\"image\/png\" \/>\n<meta name=\"twitter:card\" content=\"summary_large_image\" \/>\n<meta name=\"twitter:label1\" content=\"Est. reading time\" \/>\n\t<meta name=\"twitter:data1\" content=\"1 minute\" \/>\n<!-- \/ Yoast SEO plugin. -->","yoast_head_json":{"title":"Brown Rock Candy Stick - TeaSense.ch - Tee Shop Schweiz","description":"Brown rock candy stick \u2013 practical for stirring and sweetening tea or coffee.","robots":{"index":"index","follow":"follow","max-snippet":"max-snippet:-1","max-image-preview":"max-image-preview:large","max-video-preview":"max-video-preview:-1"},"canonical":"https:\/\/teasense.ch\/en\/product\/brown-rock-candy-stick\/","og_locale":"en_US","og_type":"article","og_title":"Brown Rock Candy Stick - TeaSense.ch - Tee Shop Schweiz","og_description":"Brown rock candy stick \u2013 practical for stirring and sweetening tea or coffee.","og_url":"https:\/\/teasense.ch\/en\/product\/brown-rock-candy-stick\/","og_site_name":"TeaSense.ch - Tee Shop Schweiz","article_publisher":"https:\/\/www.facebook.com\/teasense.ch","article_modified_time":"2026-05-01T14:17:50+00:00","og_image":[{"width":800,"height":800,"url":"https:\/\/teasense.ch\/wp-content\/uploads\/2025\/02\/hibiskus-tee-lose-und-aufgegossen-in-Tassen.png","type":"image\/png"}],"twitter_card":"summary_large_image","twitter_misc":{"Est. reading time":"1 minute"},"schema":{"@context":"https:\/\/schema.org","@graph":[{"@type":"WebPage","@id":"https:\/\/teasense.ch\/en\/product\/brown-rock-candy-stick\/","url":"https:\/\/teasense.ch\/en\/product\/brown-rock-candy-stick\/","name":"Brown Rock Candy Stick - TeaSense.ch - Tee Shop Schweiz","isPartOf":{"@id":"https:\/\/teasense.ch\/en\/#website"},"primaryImageOfPage":{"@id":"https:\/\/teasense.ch\/en\/product\/brown-rock-candy-stick\/#primaryimage"},"image":{"@id":"https:\/\/teasense.ch\/en\/product\/brown-rock-candy-stick\/#primaryimage"},"thumbnailUrl":"https:\/\/teasense.ch\/wp-content\/uploads\/2023\/06\/kandiszucker-stick-braun.png","datePublished":"2023-06-29T13:35:32+00:00","dateModified":"2026-05-01T14:17:50+00:00","description":"Brown rock candy stick \u2013 practical for stirring and sweetening tea or coffee.","breadcrumb":{"@id":"https:\/\/teasense.ch\/en\/product\/brown-rock-candy-stick\/#breadcrumb"},"inLanguage":"en-CH","potentialAction":[{"@type":"ReadAction","target":["https:\/\/teasense.ch\/en\/product\/brown-rock-candy-stick\/"]}]},{"@type":"ImageObject","inLanguage":"en-CH","@id":"https:\/\/teasense.ch\/en\/product\/brown-rock-candy-stick\/#primaryimage","url":"https:\/\/teasense.ch\/wp-content\/uploads\/2023\/06\/kandiszucker-stick-braun.png","contentUrl":"https:\/\/teasense.ch\/wp-content\/uploads\/2023\/06\/kandiszucker-stick-braun.png","width":800,"height":800,"caption":"Kandis Stick einzeln verpackt, braun"},{"@type":"BreadcrumbList","@id":"https:\/\/teasense.ch\/en\/product\/brown-rock-candy-stick\/#breadcrumb","itemListElement":[{"@type":"ListItem","position":1,"name":"Startseite","item":"https:\/\/teasense.ch\/en\/startseite\/"},{"@type":"ListItem","position":2,"name":"Online Tea ShopTee Onlineshop","item":"https:\/\/teasense.ch\/en\/shop\/"},{"@type":"ListItem","position":3,"name":"Brown Rock Candy Stick"}]},{"@type":"WebSite","@id":"https:\/\/teasense.ch\/en\/#website","url":"https:\/\/teasense.ch\/en\/","name":"TeaSense.ch","description":"Nat\u00fcrliche Teemischungen und klassischer Tee","publisher":{"@id":"https:\/\/teasense.ch\/en\/#organization"},"alternateName":"TeaSense","potentialAction":[{"@type":"SearchAction","target":{"@type":"EntryPoint","urlTemplate":"https:\/\/teasense.ch\/en\/?s={search_term_string}"},"query-input":{"@type":"PropertyValueSpecification","valueRequired":true,"valueName":"search_term_string"}}],"inLanguage":"en-CH"},{"@type":"Organization","@id":"https:\/\/teasense.ch\/en\/#organization","name":"Reale Selection","alternateName":"TeaSense.ch","url":"https:\/\/teasense.ch\/en\/","logo":{"@type":"ImageObject","inLanguage":"en-CH","@id":"https:\/\/teasense.ch\/en\/#\/schema\/logo\/image\/","url":"https:\/\/teasense.ch\/wp-content\/uploads\/2023\/07\/cropped-logo-teasense-kategorie-onlineshop-alle-produkte.jpg","contentUrl":"https:\/\/teasense.ch\/wp-content\/uploads\/2023\/07\/cropped-logo-teasense-kategorie-onlineshop-alle-produkte.jpg","width":512,"height":512,"caption":"Reale Selection"},"image":{"@id":"https:\/\/teasense.ch\/en\/#\/schema\/logo\/image\/"},"sameAs":["https:\/\/www.facebook.com\/teasense.ch"]}]}},"jetpack-related-posts":[{"id":49049,"url":"https:\/\/teasense.ch\/en\/product\/pekoe-black-tea-gorreana\/","url_meta":{"origin":49140,"position":0},"title":"Pekoe Black Tea \u2013 Gorreana","author":"Reale Selection","date":"20. August 2025","format":false,"excerpt":"Preparation Pekoe black tea \u2013 Gorreana \ud83e\udd44 1\u20132 heaped tsp (approx. 2 g) per 200 ml water\ud83c\udf21\ufe0f 100 \u00b0C\u23f3 6\u201310 minutes","rel":"","context":"Similar post","block_context":{"text":"Similar post","link":""},"img":{"alt_text":"schwarzertee pekoe aus den Azoren Portugal","src":"https:\/\/i0.wp.com\/teasense.ch\/wp-content\/uploads\/2025\/08\/schwarzertee-pekoe.png?resize=350%2C200&ssl=1","width":350,"height":200,"srcset":"https:\/\/i0.wp.com\/teasense.ch\/wp-content\/uploads\/2025\/08\/schwarzertee-pekoe.png?resize=350%2C200&ssl=1 1x, https:\/\/i0.wp.com\/teasense.ch\/wp-content\/uploads\/2025\/08\/schwarzertee-pekoe.png?resize=525%2C300&ssl=1 1.5x, https:\/\/i0.wp.com\/teasense.ch\/wp-content\/uploads\/2025\/08\/schwarzertee-pekoe.png?resize=700%2C400&ssl=1 2x"},"classes":[]},{"id":48167,"url":"https:\/\/teasense.ch\/en\/product\/nightcap-herbal-tea\/","url_meta":{"origin":49140,"position":1},"title":"Nightcap Herbal Tea","author":"Reale Selection","date":"23. October 2024","format":false,"excerpt":"Preparing Nightcap Herbal Tea \ud83e\udd44 1 teaspoon per cup (14 g\/liter)\ud83c\udf21\ufe0f 100 \u00b0C\u23f3 5 minutes","rel":"","context":"Similar post","block_context":{"text":"Similar post","link":""},"img":{"alt_text":"Schlafm\u00fctze Kr\u00e4utertee weisser Hintergrund","src":"https:\/\/i0.wp.com\/teasense.ch\/wp-content\/uploads\/2024\/10\/schlafmuetze-kraeutertee-weisser-hintergrund.png?resize=350%2C200&ssl=1","width":350,"height":200,"srcset":"https:\/\/i0.wp.com\/teasense.ch\/wp-content\/uploads\/2024\/10\/schlafmuetze-kraeutertee-weisser-hintergrund.png?resize=350%2C200&ssl=1 1x, https:\/\/i0.wp.com\/teasense.ch\/wp-content\/uploads\/2024\/10\/schlafmuetze-kraeutertee-weisser-hintergrund.png?resize=525%2C300&ssl=1 1.5x, https:\/\/i0.wp.com\/teasense.ch\/wp-content\/uploads\/2024\/10\/schlafmuetze-kraeutertee-weisser-hintergrund.png?resize=700%2C400&ssl=1 2x"},"classes":[]},{"id":48533,"url":"https:\/\/teasense.ch\/en\/product\/soba-cha-buckwheat-tea-baked\/","url_meta":{"origin":49140,"position":2},"title":"Soba Cha \u2013 Buckwheat Tea (Baked)","author":"Reale Selection","date":"10. November 2025","format":false,"excerpt":"\ud83e\udd44 2 teaspoons per cup (14 g per litre) \ud83c\udf21\ufe0f 100 \u00b0C \u23f3 2 minutes","rel":"","context":"Similar post","block_context":{"text":"Similar post","link":""},"img":{"alt_text":"Soba Cha \u2013 gebackener Buchweizen Tee","src":"https:\/\/i0.wp.com\/teasense.ch\/wp-content\/uploads\/2025\/11\/buchweizen.png?resize=350%2C200&ssl=1","width":350,"height":200,"srcset":"https:\/\/i0.wp.com\/teasense.ch\/wp-content\/uploads\/2025\/11\/buchweizen.png?resize=350%2C200&ssl=1 1x, https:\/\/i0.wp.com\/teasense.ch\/wp-content\/uploads\/2025\/11\/buchweizen.png?resize=525%2C300&ssl=1 1.5x, https:\/\/i0.wp.com\/teasense.ch\/wp-content\/uploads\/2025\/11\/buchweizen.png?resize=700%2C400&ssl=1 2x"},"classes":[]},{"id":49101,"url":"https:\/\/teasense.ch\/en\/product\/porcelain-tea-mug-with-lid-infuser-birdy\/","url_meta":{"origin":49140,"position":3},"title":"Porcelain Tea Mug with Lid &#038; Infuser \u2013 Birdy","author":"Reale Selection","date":"28. October 2024","format":false,"excerpt":"Cup, infuser and lid (without gift packaging) Capacity: 325 ml","rel":"","context":"Similar post","block_context":{"text":"Similar post","link":""},"img":{"alt_text":"Porzellan Deckelbecher Birdy ganz","src":"https:\/\/i0.wp.com\/teasense.ch\/wp-content\/uploads\/2024\/10\/porzellan-deckelbecher-birdy-ganz.png?resize=350%2C200&ssl=1","width":350,"height":200,"srcset":"https:\/\/i0.wp.com\/teasense.ch\/wp-content\/uploads\/2024\/10\/porzellan-deckelbecher-birdy-ganz.png?resize=350%2C200&ssl=1 1x, https:\/\/i0.wp.com\/teasense.ch\/wp-content\/uploads\/2024\/10\/porzellan-deckelbecher-birdy-ganz.png?resize=525%2C300&ssl=1 1.5x, https:\/\/i0.wp.com\/teasense.ch\/wp-content\/uploads\/2024\/10\/porzellan-deckelbecher-birdy-ganz.png?resize=700%2C400&ssl=1 2x"},"classes":[]},{"id":48517,"url":"https:\/\/teasense.ch\/en\/product\/stevia-leaves\/","url_meta":{"origin":49140,"position":4},"title":"Stevia Leaves","author":"Reale Selection","date":"10. November 2025","format":false,"excerpt":"Preparation Stevia Leaves \ud83e\udd44 1 teaspoon per cup added to your tea blend \ud83c\udf21\ufe0f 100 \u00b0C \u23f3 5\u20138 minutes (depending on the tea blend)","rel":"","context":"Similar post","block_context":{"text":"Similar post","link":""},"img":{"alt_text":"Stevia Bl\u00e4tter als Tee Zutat f\u00fcr Fr\u00fcchte und Kr\u00e4utertee","src":"https:\/\/i0.wp.com\/teasense.ch\/wp-content\/uploads\/2025\/11\/steviablaetter-als-tee.png?resize=350%2C200&ssl=1","width":350,"height":200,"srcset":"https:\/\/i0.wp.com\/teasense.ch\/wp-content\/uploads\/2025\/11\/steviablaetter-als-tee.png?resize=350%2C200&ssl=1 1x, https:\/\/i0.wp.com\/teasense.ch\/wp-content\/uploads\/2025\/11\/steviablaetter-als-tee.png?resize=525%2C300&ssl=1 1.5x, https:\/\/i0.wp.com\/teasense.ch\/wp-content\/uploads\/2025\/11\/steviablaetter-als-tee.png?resize=700%2C400&ssl=1 2x"},"classes":[]},{"id":49098,"url":"https:\/\/teasense.ch\/en\/product\/porcelain-tea-mug-with-lid-infuser-haku\/","url_meta":{"origin":49140,"position":5},"title":"Porcelain Tea Mug with Lid &#038; Infuser \u2013 Haku","author":"Reale Selection","date":"29. October 2024","format":false,"excerpt":"Cup, infuser and lid (without gift packaging) Capacity: 320 ml","rel":"","context":"Similar post","block_context":{"text":"Similar post","link":""},"img":{"alt_text":"Set Tasse Sieb Deckel Haku","src":"https:\/\/i0.wp.com\/teasense.ch\/wp-content\/uploads\/2024\/10\/porzellan-deckelbecher-haku-set.png?resize=350%2C200&ssl=1","width":350,"height":200,"srcset":"https:\/\/i0.wp.com\/teasense.ch\/wp-content\/uploads\/2024\/10\/porzellan-deckelbecher-haku-set.png?resize=350%2C200&ssl=1 1x, https:\/\/i0.wp.com\/teasense.ch\/wp-content\/uploads\/2024\/10\/porzellan-deckelbecher-haku-set.png?resize=525%2C300&ssl=1 1.5x, https:\/\/i0.wp.com\/teasense.ch\/wp-content\/uploads\/2024\/10\/porzellan-deckelbecher-haku-set.png?resize=700%2C400&ssl=1 2x"},"classes":[]}],"jetpack_sharing_enabled":true,"jetpack_likes_enabled":false,"_links":{"self":[{"href":"https:\/\/teasense.ch\/en\/wp-json\/wp\/v2\/product\/49140","targetHints":{"allow":["GET"]}}],"collection":[{"href":"https:\/\/teasense.ch\/en\/wp-json\/wp\/v2\/product"}],"about":[{"href":"https:\/\/teasense.ch\/en\/wp-json\/wp\/v2\/types\/product"}],"replies":[{"embeddable":true,"href":"https:\/\/teasense.ch\/en\/wp-json\/wp\/v2\/comments?post=49140"}],"wp:featuredmedia":[{"embeddable":true,"href":"https:\/\/teasense.ch\/en\/wp-json\/wp\/v2\/media\/47315"}],"wp:attachment":[{"href":"https:\/\/teasense.ch\/en\/wp-json\/wp\/v2\/media?parent=49140"}],"wp:term":[{"taxonomy":"product_brand","embeddable":true,"href":"https:\/\/teasense.ch\/en\/wp-json\/wp\/v2\/product_brand?post=49140"},{"taxonomy":"product_cat","embeddable":true,"href":"https:\/\/teasense.ch\/en\/wp-json\/wp\/v2\/product_cat?post=49140"},{"taxonomy":"product_tag","embeddable":true,"href":"https:\/\/teasense.ch\/en\/wp-json\/wp\/v2\/product_tag?post=49140"}],"curies":[{"name":"wp","href":"https:\/\/api.w.org\/{rel}","templated":true}]}}