{"id":49273,"date":"2025-05-10T15:56:34","date_gmt":"2025-05-10T13:56:34","guid":{"rendered":"https:\/\/teasense.ch\/produkt\/herbal-tea-blend\/"},"modified":"2026-05-02T17:09:49","modified_gmt":"2026-05-02T15:09:49","slug":"herbal-tea-blend","status":"publish","type":"product","link":"https:\/\/teasense.ch\/en\/product\/herbal-tea-blend\/","title":{"rendered":"Herbal Tea Blend"},"content":{"rendered":"<h2>Herbal tea blend \u2013 mild, aromatic and balanced<\/h2>\n<p>This herbal tea blend combines carefully selected ingredients into a harmonious and well-rounded infusion. Warm, slightly spiced notes meet gentle freshness, creating a pleasant and versatile tea.<\/p>\n<p>Fenugreek seeds form the base of this blend. Fennel, anise and caraway add depth, while lemon balm and lemongrass bring a light, citrusy freshness. A touch of lavender rounds off the blend with a soft floral note.<\/p>\n<p>This herbal tea is ideal for everyday enjoyment \u2013 whether as a quiet moment during the day or as a warm cup in the evening.<\/p>\n<h3>Pure herbal enjoyment<\/h3>\n<p>The blend contains only natural ingredients without added flavouring. The careful selection and processing of the herbs create a mild and harmonious taste.<\/p>\n<h3>Preparation<\/h3>\n<p>Use 1\u20132 teaspoons (approx. 2 g) per 200 ml of water. Pour hot water at around 90 \u00b0C and let steep for 8\u201310 minutes.<\/p>\n<h4>Ingredients<\/h4>\n<p>Fenugreek seeds, fennel, anise, lemon balm, lemongrass, caraway, lavender flowers<\/p>\n","protected":false},"excerpt":{"rendered":"<h4>Preparation \u2013 herbal tea blend<\/h4>\n<p>\ud83e\udd44 2 g (approx. 1\u20132 tsp) per 200 ml<br \/>\n\ud83c\udf21\ufe0f 90 \u00b0C<br \/>\n\u23f3 8\u201310 minutes<\/p>\n","protected":false},"featured_media":45470,"comment_status":"open","ping_status":"closed","template":"","meta":{"_et_pb_use_builder":"","_et_pb_old_content":"","_et_gb_content_width":""},"product_brand":[],"product_cat":[352,379,378],"product_tag":[],"class_list":{"0":"post-49273","1":"product","2":"type-product","3":"status-publish","4":"has-post-thumbnail","6":"product_cat-all-products","7":"product_cat-herbal-tea","8":"product_cat-loose-leaf-tea","9":"pa_herkunft-germany","10":"pa_weight-100-g","11":"pa_weight-200-g","12":"pa_weight-400-g","13":"pa_weight-50-g","15":"first","16":"instock","17":"shipping-taxable","18":"purchasable","19":"product-type-variable","20":"has-default-attributes","21":"add-to-wishlist-before_image"},"yoast_head":"<!-- This site is optimized with the Yoast SEO plugin v27.5 - https:\/\/yoast.com\/product\/yoast-seo-wordpress\/ -->\n<title>Herbal Tea Blend - TeaSense.ch - Tee Shop Schweiz<\/title>\n<meta name=\"description\" content=\"Herbal tea blend with fennel, lemon balm, lemongrass and lavender \u2013 mild, aromatic and natural.\" \/>\n<meta name=\"robots\" content=\"index, follow, max-snippet:-1, max-image-preview:large, max-video-preview:-1\" \/>\n<link rel=\"canonical\" href=\"https:\/\/teasense.ch\/en\/product\/herbal-tea-blend\/\" \/>\n<meta property=\"og:locale\" content=\"en_US\" \/>\n<meta property=\"og:type\" content=\"article\" \/>\n<meta property=\"og:title\" content=\"Herbal Tea Blend - TeaSense.ch - Tee Shop Schweiz\" \/>\n<meta property=\"og:description\" content=\"Herbal tea blend with fennel, lemon balm, lemongrass and lavender \u2013 mild, aromatic and natural.\" \/>\n<meta property=\"og:url\" content=\"https:\/\/teasense.ch\/en\/product\/herbal-tea-blend\/\" \/>\n<meta property=\"og:site_name\" content=\"TeaSense.ch - Tee Shop Schweiz\" \/>\n<meta property=\"article:publisher\" content=\"https:\/\/www.facebook.com\/teasense.ch\" \/>\n<meta property=\"article:modified_time\" content=\"2026-05-02T15:09:49+00:00\" \/>\n<meta property=\"og:image\" content=\"https:\/\/teasense.ch\/wp-content\/uploads\/2025\/02\/hibiskus-tee-lose-und-aufgegossen-in-Tassen.png\" \/>\n\t<meta property=\"og:image:width\" content=\"800\" \/>\n\t<meta property=\"og:image:height\" content=\"800\" \/>\n\t<meta property=\"og:image:type\" content=\"image\/png\" \/>\n<meta name=\"twitter:card\" content=\"summary_large_image\" \/>\n<meta name=\"twitter:label1\" content=\"Est. reading time\" \/>\n\t<meta name=\"twitter:data1\" content=\"1 minute\" \/>\n<!-- \/ Yoast SEO plugin. -->","yoast_head_json":{"title":"Herbal Tea Blend - TeaSense.ch - Tee Shop Schweiz","description":"Herbal tea blend with fennel, lemon balm, lemongrass and lavender \u2013 mild, aromatic and natural.","robots":{"index":"index","follow":"follow","max-snippet":"max-snippet:-1","max-image-preview":"max-image-preview:large","max-video-preview":"max-video-preview:-1"},"canonical":"https:\/\/teasense.ch\/en\/product\/herbal-tea-blend\/","og_locale":"en_US","og_type":"article","og_title":"Herbal Tea Blend - TeaSense.ch - Tee Shop Schweiz","og_description":"Herbal tea blend with fennel, lemon balm, lemongrass and lavender \u2013 mild, aromatic and natural.","og_url":"https:\/\/teasense.ch\/en\/product\/herbal-tea-blend\/","og_site_name":"TeaSense.ch - Tee Shop Schweiz","article_publisher":"https:\/\/www.facebook.com\/teasense.ch","article_modified_time":"2026-05-02T15:09:49+00:00","og_image":[{"width":800,"height":800,"url":"https:\/\/teasense.ch\/wp-content\/uploads\/2025\/02\/hibiskus-tee-lose-und-aufgegossen-in-Tassen.png","type":"image\/png"}],"twitter_card":"summary_large_image","twitter_misc":{"Est. reading time":"1 minute"},"schema":{"@context":"https:\/\/schema.org","@graph":[{"@type":"WebPage","@id":"https:\/\/teasense.ch\/en\/product\/herbal-tea-blend\/","url":"https:\/\/teasense.ch\/en\/product\/herbal-tea-blend\/","name":"Herbal Tea Blend - TeaSense.ch - Tee Shop Schweiz","isPartOf":{"@id":"https:\/\/teasense.ch\/en\/#website"},"primaryImageOfPage":{"@id":"https:\/\/teasense.ch\/en\/product\/herbal-tea-blend\/#primaryimage"},"image":{"@id":"https:\/\/teasense.ch\/en\/product\/herbal-tea-blend\/#primaryimage"},"thumbnailUrl":"https:\/\/teasense.ch\/wp-content\/uploads\/2025\/05\/Wohlfuehltee.png","datePublished":"2025-05-10T13:56:34+00:00","dateModified":"2026-05-02T15:09:49+00:00","description":"Herbal tea blend with fennel, lemon balm, lemongrass and lavender \u2013 mild, aromatic and natural.","breadcrumb":{"@id":"https:\/\/teasense.ch\/en\/product\/herbal-tea-blend\/#breadcrumb"},"inLanguage":"en-CH","potentialAction":[{"@type":"ReadAction","target":["https:\/\/teasense.ch\/en\/product\/herbal-tea-blend\/"]}]},{"@type":"ImageObject","inLanguage":"en-CH","@id":"https:\/\/teasense.ch\/en\/product\/herbal-tea-blend\/#primaryimage","url":"https:\/\/teasense.ch\/wp-content\/uploads\/2025\/05\/Wohlfuehltee.png","contentUrl":"https:\/\/teasense.ch\/wp-content\/uploads\/2025\/05\/Wohlfuehltee.png","width":800,"height":800,"caption":"Wohlf\u00fchltee Kr\u00e4utermischung"},{"@type":"BreadcrumbList","@id":"https:\/\/teasense.ch\/en\/product\/herbal-tea-blend\/#breadcrumb","itemListElement":[{"@type":"ListItem","position":1,"name":"Startseite","item":"https:\/\/teasense.ch\/en\/startseite\/"},{"@type":"ListItem","position":2,"name":"Online Tea ShopTee Onlineshop","item":"https:\/\/teasense.ch\/en\/shop\/"},{"@type":"ListItem","position":3,"name":"Herbal Tea Blend"}]},{"@type":"WebSite","@id":"https:\/\/teasense.ch\/en\/#website","url":"https:\/\/teasense.ch\/en\/","name":"TeaSense.ch","description":"Nat\u00fcrliche Teemischungen und klassischer Tee","publisher":{"@id":"https:\/\/teasense.ch\/en\/#organization"},"alternateName":"TeaSense","potentialAction":[{"@type":"SearchAction","target":{"@type":"EntryPoint","urlTemplate":"https:\/\/teasense.ch\/en\/?s={search_term_string}"},"query-input":{"@type":"PropertyValueSpecification","valueRequired":true,"valueName":"search_term_string"}}],"inLanguage":"en-CH"},{"@type":"Organization","@id":"https:\/\/teasense.ch\/en\/#organization","name":"Reale Selection","alternateName":"TeaSense.ch","url":"https:\/\/teasense.ch\/en\/","logo":{"@type":"ImageObject","inLanguage":"en-CH","@id":"https:\/\/teasense.ch\/en\/#\/schema\/logo\/image\/","url":"https:\/\/teasense.ch\/wp-content\/uploads\/2023\/07\/cropped-logo-teasense-kategorie-onlineshop-alle-produkte.jpg","contentUrl":"https:\/\/teasense.ch\/wp-content\/uploads\/2023\/07\/cropped-logo-teasense-kategorie-onlineshop-alle-produkte.jpg","width":512,"height":512,"caption":"Reale Selection"},"image":{"@id":"https:\/\/teasense.ch\/en\/#\/schema\/logo\/image\/"},"sameAs":["https:\/\/www.facebook.com\/teasense.ch"]}]}},"jetpack-related-posts":[{"id":48167,"url":"https:\/\/teasense.ch\/en\/product\/nightcap-herbal-tea\/","url_meta":{"origin":49273,"position":0},"title":"Nightcap Herbal Tea","author":"Reale Selection","date":"23. October 2024","format":false,"excerpt":"Preparing Nightcap Herbal Tea \ud83e\udd44 1 teaspoon per cup (14 g\/liter)\ud83c\udf21\ufe0f 100 \u00b0C\u23f3 5 minutes","rel":"","context":"Similar post","block_context":{"text":"Similar post","link":""},"img":{"alt_text":"Schlafm\u00fctze Kr\u00e4utertee weisser Hintergrund","src":"https:\/\/i0.wp.com\/teasense.ch\/wp-content\/uploads\/2024\/10\/schlafmuetze-kraeutertee-weisser-hintergrund.png?resize=350%2C200&ssl=1","width":350,"height":200,"srcset":"https:\/\/i0.wp.com\/teasense.ch\/wp-content\/uploads\/2024\/10\/schlafmuetze-kraeutertee-weisser-hintergrund.png?resize=350%2C200&ssl=1 1x, https:\/\/i0.wp.com\/teasense.ch\/wp-content\/uploads\/2024\/10\/schlafmuetze-kraeutertee-weisser-hintergrund.png?resize=525%2C300&ssl=1 1.5x, https:\/\/i0.wp.com\/teasense.ch\/wp-content\/uploads\/2024\/10\/schlafmuetze-kraeutertee-weisser-hintergrund.png?resize=700%2C400&ssl=1 2x"},"classes":[]},{"id":48470,"url":"https:\/\/teasense.ch\/en\/product\/chocolate-mint-tea\/","url_meta":{"origin":49273,"position":1},"title":"Choco Mint &#8211; Herbal tea blend","author":"Reale Selection","date":"16. November 2025","format":false,"excerpt":"Preparation Choco Mint blend \ud83e\udd44 tsp (10\u201312 g per litre)\ud83c\udf21\ufe0f 100 \u00b0C\u23f3 5 - 8 minutes","rel":"","context":"Similar post","block_context":{"text":"Similar post","link":""},"img":{"alt_text":"Schoko Minze - Kr\u00e4uterteemischung","src":"https:\/\/i0.wp.com\/teasense.ch\/wp-content\/uploads\/2025\/11\/schoko-minze-kraeuterteemischung.png?resize=350%2C200&ssl=1","width":350,"height":200,"srcset":"https:\/\/i0.wp.com\/teasense.ch\/wp-content\/uploads\/2025\/11\/schoko-minze-kraeuterteemischung.png?resize=350%2C200&ssl=1 1x, https:\/\/i0.wp.com\/teasense.ch\/wp-content\/uploads\/2025\/11\/schoko-minze-kraeuterteemischung.png?resize=525%2C300&ssl=1 1.5x, https:\/\/i0.wp.com\/teasense.ch\/wp-content\/uploads\/2025\/11\/schoko-minze-kraeuterteemischung.png?resize=700%2C400&ssl=1 2x"},"classes":[]},{"id":48625,"url":"https:\/\/teasense.ch\/en\/product\/raspberry-leaf-tea\/","url_meta":{"origin":49273,"position":2},"title":"Raspberry Leaf Tea","author":"Reale Selection","date":"13. October 2025","format":false,"excerpt":"Preparation Raspberry Leaf Tea \ud83e\udd44 1\u20132 teaspoons per 200 ml\ud83c\udf21\ufe0f 95 \u00b0C\u23f3 5-7 minutes","rel":"","context":"Similar post","block_context":{"text":"Similar post","link":""},"img":{"alt_text":"Himbeerbl\u00e4tter Tee \u2013 mild, aromatisch und wohlschmeckend","src":"https:\/\/i0.wp.com\/teasense.ch\/wp-content\/uploads\/2025\/10\/himbeerblaetter.png?resize=350%2C200&ssl=1","width":350,"height":200,"srcset":"https:\/\/i0.wp.com\/teasense.ch\/wp-content\/uploads\/2025\/10\/himbeerblaetter.png?resize=350%2C200&ssl=1 1x, https:\/\/i0.wp.com\/teasense.ch\/wp-content\/uploads\/2025\/10\/himbeerblaetter.png?resize=525%2C300&ssl=1 1.5x, https:\/\/i0.wp.com\/teasense.ch\/wp-content\/uploads\/2025\/10\/himbeerblaetter.png?resize=700%2C400&ssl=1 2x"},"classes":[]},{"id":48517,"url":"https:\/\/teasense.ch\/en\/product\/stevia-leaves\/","url_meta":{"origin":49273,"position":3},"title":"Stevia Leaves","author":"Reale Selection","date":"10. November 2025","format":false,"excerpt":"Preparation Stevia Leaves \ud83e\udd44 1 teaspoon per cup added to your tea blend \ud83c\udf21\ufe0f 100 \u00b0C \u23f3 5\u20138 minutes (depending on the tea blend)","rel":"","context":"Similar post","block_context":{"text":"Similar post","link":""},"img":{"alt_text":"Stevia Bl\u00e4tter als Tee Zutat f\u00fcr Fr\u00fcchte und Kr\u00e4utertee","src":"https:\/\/i0.wp.com\/teasense.ch\/wp-content\/uploads\/2025\/11\/steviablaetter-als-tee.png?resize=350%2C200&ssl=1","width":350,"height":200,"srcset":"https:\/\/i0.wp.com\/teasense.ch\/wp-content\/uploads\/2025\/11\/steviablaetter-als-tee.png?resize=350%2C200&ssl=1 1x, https:\/\/i0.wp.com\/teasense.ch\/wp-content\/uploads\/2025\/11\/steviablaetter-als-tee.png?resize=525%2C300&ssl=1 1.5x, https:\/\/i0.wp.com\/teasense.ch\/wp-content\/uploads\/2025\/11\/steviablaetter-als-tee.png?resize=700%2C400&ssl=1 2x"},"classes":[]},{"id":48457,"url":"https:\/\/teasense.ch\/en\/product\/wooden-tea-scoop-7-cm\/","url_meta":{"origin":49273,"position":4},"title":"Wooden Tea Scoop 7 cm","author":"Reale Selection","date":"16. November 2025","format":false,"excerpt":"Length: 7 cm Material: Holz","rel":"","context":"Similar post","block_context":{"text":"Similar post","link":""},"img":{"alt_text":"Teeschaufel aus Holz 7 cm f\u00fcr Losen Tee oder Gew\u00fcrze","src":"https:\/\/i0.wp.com\/teasense.ch\/wp-content\/uploads\/2025\/11\/teeschaufel-aus-holz-7-cm.png?resize=350%2C200&ssl=1","width":350,"height":200,"srcset":"https:\/\/i0.wp.com\/teasense.ch\/wp-content\/uploads\/2025\/11\/teeschaufel-aus-holz-7-cm.png?resize=350%2C200&ssl=1 1x, https:\/\/i0.wp.com\/teasense.ch\/wp-content\/uploads\/2025\/11\/teeschaufel-aus-holz-7-cm.png?resize=525%2C300&ssl=1 1.5x, https:\/\/i0.wp.com\/teasense.ch\/wp-content\/uploads\/2025\/11\/teeschaufel-aus-holz-7-cm.png?resize=700%2C400&ssl=1 2x"},"classes":[]},{"id":48964,"url":"https:\/\/teasense.ch\/en\/product\/chamomile-flowers\/","url_meta":{"origin":49273,"position":5},"title":"Chamomile Flowers","author":"Reale Selection","date":"23. October 2024","format":false,"excerpt":"Preparation Chamomile Tea \ud83e\udd44 1 tsp per cup \ud83c\udf21\ufe0f 90 \u00b0C \u23f3 5\u20137 minutes","rel":"","context":"Similar post","block_context":{"text":"Similar post","link":""},"img":{"alt_text":"Kamillenbl\u00fcten weisser Hintergrund","src":"https:\/\/i0.wp.com\/teasense.ch\/wp-content\/uploads\/2024\/10\/kamillenblueten-weisser-hintergrund.png?resize=350%2C200&ssl=1","width":350,"height":200,"srcset":"https:\/\/i0.wp.com\/teasense.ch\/wp-content\/uploads\/2024\/10\/kamillenblueten-weisser-hintergrund.png?resize=350%2C200&ssl=1 1x, https:\/\/i0.wp.com\/teasense.ch\/wp-content\/uploads\/2024\/10\/kamillenblueten-weisser-hintergrund.png?resize=525%2C300&ssl=1 1.5x, https:\/\/i0.wp.com\/teasense.ch\/wp-content\/uploads\/2024\/10\/kamillenblueten-weisser-hintergrund.png?resize=700%2C400&ssl=1 2x"},"classes":[]}],"jetpack_sharing_enabled":true,"jetpack_likes_enabled":false,"_links":{"self":[{"href":"https:\/\/teasense.ch\/en\/wp-json\/wp\/v2\/product\/49273","targetHints":{"allow":["GET"]}}],"collection":[{"href":"https:\/\/teasense.ch\/en\/wp-json\/wp\/v2\/product"}],"about":[{"href":"https:\/\/teasense.ch\/en\/wp-json\/wp\/v2\/types\/product"}],"replies":[{"embeddable":true,"href":"https:\/\/teasense.ch\/en\/wp-json\/wp\/v2\/comments?post=49273"}],"wp:featuredmedia":[{"embeddable":true,"href":"https:\/\/teasense.ch\/en\/wp-json\/wp\/v2\/media\/45470"}],"wp:attachment":[{"href":"https:\/\/teasense.ch\/en\/wp-json\/wp\/v2\/media?parent=49273"}],"wp:term":[{"taxonomy":"product_brand","embeddable":true,"href":"https:\/\/teasense.ch\/en\/wp-json\/wp\/v2\/product_brand?post=49273"},{"taxonomy":"product_cat","embeddable":true,"href":"https:\/\/teasense.ch\/en\/wp-json\/wp\/v2\/product_cat?post=49273"},{"taxonomy":"product_tag","embeddable":true,"href":"https:\/\/teasense.ch\/en\/wp-json\/wp\/v2\/product_tag?post=49273"}],"curies":[{"name":"wp","href":"https:\/\/api.w.org\/{rel}","templated":true}]}}