{"id":49315,"date":"2024-10-23T16:20:34","date_gmt":"2024-10-23T14:20:34","guid":{"rendered":"https:\/\/teasense.ch\/produkt\/apple-cherry-tea\/"},"modified":"2026-05-02T17:30:41","modified_gmt":"2026-05-02T15:30:41","slug":"apple-cherry-tea","status":"publish","type":"product","link":"https:\/\/teasense.ch\/en\/product\/apple-cherry-tea\/","title":{"rendered":"Apple Cherry Tea"},"content":{"rendered":"<h2>Apple cherry tea \u2013 fruity and vibrant<\/h2>\n<p>This fruit tea blend combines the natural sweetness of apple pieces with the lively fruitiness of cherries. The result is a well-balanced infusion with a rich and refreshing taste.<\/p>\n<p>Alongside apple and cherry, this blend includes currants and rosehip peel, adding depth and a pleasant fruity note. Hibiscus gives the tea its bright red colour and a light tartness that complements the sweetness of the fruits.<\/p>\n<p>Enjoy it hot or as a refreshing iced tea \u2013 a versatile choice for any moment.<\/p>\n<h3>Fruity blend for every occasion<\/h3>\n<p>This tea is suitable for both adults and children and fits perfectly into everyday moments or shared tea breaks.<\/p>\n<h3>Preparation<\/h3>\n<p>Use 1\u20132 teaspoons per cup. Pour boiling water (100 \u00b0C) over the blend and let steep for 8\u201310 minutes.<\/p>\n<h4>Ingredients<\/h4>\n<p>Apple pieces, cherry, currants, rosehip peel, hibiscus<\/p>\n","protected":false},"excerpt":{"rendered":"<h4>Preparation \u2013 apple cherry fruit tea<\/h4>\n<p>\ud83e\udd44 1\u20132 tsp per cup<br \/>\n\ud83c\udf21\ufe0f 100 \u00b0C<br \/>\n\u23f3 8\u201310 minutes<\/p>\n","protected":false},"featured_media":43302,"comment_status":"open","ping_status":"closed","template":"","meta":{"_et_pb_use_builder":"","_et_pb_old_content":"","_et_gb_content_width":""},"product_brand":[],"product_cat":[352,411,378],"product_tag":[],"class_list":{"0":"post-49315","1":"product","2":"type-product","3":"status-publish","4":"has-post-thumbnail","6":"product_cat-all-products","7":"product_cat-fruit-tea","8":"product_cat-loose-leaf-tea","9":"pa_herkunft-germany","10":"pa_weight-100-g","11":"pa_weight-200-g","12":"pa_weight-400-g","13":"pa_weight-50-g","15":"first","16":"instock","17":"shipping-taxable","18":"purchasable","19":"product-type-variable","20":"has-default-attributes","21":"add-to-wishlist-before_image"},"yoast_head":"<!-- This site is optimized with the Yoast SEO plugin v27.5 - https:\/\/yoast.com\/product\/yoast-seo-wordpress\/ -->\n<title>Apple Cherry Tea - TeaSense.ch - Tee Shop Schweiz<\/title>\n<meta name=\"description\" content=\"Apple cherry tea with apple pieces, cherries, rosehip and hibiscus \u2013 fruity, refreshing and versatile.\" \/>\n<meta name=\"robots\" content=\"index, follow, max-snippet:-1, max-image-preview:large, max-video-preview:-1\" \/>\n<link rel=\"canonical\" href=\"https:\/\/teasense.ch\/en\/product\/apple-cherry-tea\/\" \/>\n<meta property=\"og:locale\" content=\"en_US\" \/>\n<meta property=\"og:type\" content=\"article\" \/>\n<meta property=\"og:title\" content=\"Apple Cherry Tea - TeaSense.ch - Tee Shop Schweiz\" \/>\n<meta property=\"og:description\" content=\"Apple cherry tea with apple pieces, cherries, rosehip and hibiscus \u2013 fruity, refreshing and versatile.\" \/>\n<meta property=\"og:url\" content=\"https:\/\/teasense.ch\/en\/product\/apple-cherry-tea\/\" \/>\n<meta property=\"og:site_name\" content=\"TeaSense.ch - Tee Shop Schweiz\" \/>\n<meta property=\"article:publisher\" content=\"https:\/\/www.facebook.com\/teasense.ch\" \/>\n<meta property=\"article:modified_time\" content=\"2026-05-02T15:30:41+00:00\" \/>\n<meta property=\"og:image\" content=\"https:\/\/teasense.ch\/wp-content\/uploads\/2025\/02\/hibiskus-tee-lose-und-aufgegossen-in-Tassen.png\" \/>\n\t<meta property=\"og:image:width\" content=\"800\" \/>\n\t<meta property=\"og:image:height\" content=\"800\" \/>\n\t<meta property=\"og:image:type\" content=\"image\/png\" \/>\n<meta name=\"twitter:card\" content=\"summary_large_image\" \/>\n<meta name=\"twitter:label1\" content=\"Est. reading time\" \/>\n\t<meta name=\"twitter:data1\" content=\"1 minute\" \/>\n<!-- \/ Yoast SEO plugin. -->","yoast_head_json":{"title":"Apple Cherry Tea - TeaSense.ch - Tee Shop Schweiz","description":"Apple cherry tea with apple pieces, cherries, rosehip and hibiscus \u2013 fruity, refreshing and versatile.","robots":{"index":"index","follow":"follow","max-snippet":"max-snippet:-1","max-image-preview":"max-image-preview:large","max-video-preview":"max-video-preview:-1"},"canonical":"https:\/\/teasense.ch\/en\/product\/apple-cherry-tea\/","og_locale":"en_US","og_type":"article","og_title":"Apple Cherry Tea - TeaSense.ch - Tee Shop Schweiz","og_description":"Apple cherry tea with apple pieces, cherries, rosehip and hibiscus \u2013 fruity, refreshing and versatile.","og_url":"https:\/\/teasense.ch\/en\/product\/apple-cherry-tea\/","og_site_name":"TeaSense.ch - Tee Shop Schweiz","article_publisher":"https:\/\/www.facebook.com\/teasense.ch","article_modified_time":"2026-05-02T15:30:41+00:00","og_image":[{"width":800,"height":800,"url":"https:\/\/teasense.ch\/wp-content\/uploads\/2025\/02\/hibiskus-tee-lose-und-aufgegossen-in-Tassen.png","type":"image\/png"}],"twitter_card":"summary_large_image","twitter_misc":{"Est. reading time":"1 minute"},"schema":{"@context":"https:\/\/schema.org","@graph":[{"@type":"WebPage","@id":"https:\/\/teasense.ch\/en\/product\/apple-cherry-tea\/","url":"https:\/\/teasense.ch\/en\/product\/apple-cherry-tea\/","name":"Apple Cherry Tea - TeaSense.ch - Tee Shop Schweiz","isPartOf":{"@id":"https:\/\/teasense.ch\/en\/#website"},"primaryImageOfPage":{"@id":"https:\/\/teasense.ch\/en\/product\/apple-cherry-tea\/#primaryimage"},"image":{"@id":"https:\/\/teasense.ch\/en\/product\/apple-cherry-tea\/#primaryimage"},"thumbnailUrl":"https:\/\/teasense.ch\/wp-content\/uploads\/2024\/10\/apfel-kirsch-fruechtetee-weisser-hintergrund.png","datePublished":"2024-10-23T14:20:34+00:00","dateModified":"2026-05-02T15:30:41+00:00","description":"Apple cherry tea with apple pieces, cherries, rosehip and hibiscus \u2013 fruity, refreshing and versatile.","breadcrumb":{"@id":"https:\/\/teasense.ch\/en\/product\/apple-cherry-tea\/#breadcrumb"},"inLanguage":"en-CH","potentialAction":[{"@type":"ReadAction","target":["https:\/\/teasense.ch\/en\/product\/apple-cherry-tea\/"]}]},{"@type":"ImageObject","inLanguage":"en-CH","@id":"https:\/\/teasense.ch\/en\/product\/apple-cherry-tea\/#primaryimage","url":"https:\/\/teasense.ch\/wp-content\/uploads\/2024\/10\/apfel-kirsch-fruechtetee-weisser-hintergrund.png","contentUrl":"https:\/\/teasense.ch\/wp-content\/uploads\/2024\/10\/apfel-kirsch-fruechtetee-weisser-hintergrund.png","width":800,"height":800,"caption":"Apfel Kirsch Fr\u00fcchtetee weisser Hintergrund"},{"@type":"BreadcrumbList","@id":"https:\/\/teasense.ch\/en\/product\/apple-cherry-tea\/#breadcrumb","itemListElement":[{"@type":"ListItem","position":1,"name":"Startseite","item":"https:\/\/teasense.ch\/en\/startseite\/"},{"@type":"ListItem","position":2,"name":"Online Tea ShopTee Onlineshop","item":"https:\/\/teasense.ch\/en\/shop\/"},{"@type":"ListItem","position":3,"name":"Apple Cherry Tea"}]},{"@type":"WebSite","@id":"https:\/\/teasense.ch\/en\/#website","url":"https:\/\/teasense.ch\/en\/","name":"TeaSense.ch","description":"Nat\u00fcrliche Teemischungen und klassischer Tee","publisher":{"@id":"https:\/\/teasense.ch\/en\/#organization"},"alternateName":"TeaSense","potentialAction":[{"@type":"SearchAction","target":{"@type":"EntryPoint","urlTemplate":"https:\/\/teasense.ch\/en\/?s={search_term_string}"},"query-input":{"@type":"PropertyValueSpecification","valueRequired":true,"valueName":"search_term_string"}}],"inLanguage":"en-CH"},{"@type":"Organization","@id":"https:\/\/teasense.ch\/en\/#organization","name":"Reale Selection","alternateName":"TeaSense.ch","url":"https:\/\/teasense.ch\/en\/","logo":{"@type":"ImageObject","inLanguage":"en-CH","@id":"https:\/\/teasense.ch\/en\/#\/schema\/logo\/image\/","url":"https:\/\/teasense.ch\/wp-content\/uploads\/2023\/07\/cropped-logo-teasense-kategorie-onlineshop-alle-produkte.jpg","contentUrl":"https:\/\/teasense.ch\/wp-content\/uploads\/2023\/07\/cropped-logo-teasense-kategorie-onlineshop-alle-produkte.jpg","width":512,"height":512,"caption":"Reale Selection"},"image":{"@id":"https:\/\/teasense.ch\/en\/#\/schema\/logo\/image\/"},"sameAs":["https:\/\/www.facebook.com\/teasense.ch"]}]}},"jetpack-related-posts":[{"id":48470,"url":"https:\/\/teasense.ch\/en\/product\/chocolate-mint-tea\/","url_meta":{"origin":49315,"position":0},"title":"Choco Mint &#8211; Herbal tea blend","author":"Reale Selection","date":"16. November 2025","format":false,"excerpt":"Preparation Choco Mint blend \ud83e\udd44 tsp (10\u201312 g per litre)\ud83c\udf21\ufe0f 100 \u00b0C\u23f3 5 - 8 minutes","rel":"","context":"Similar post","block_context":{"text":"Similar post","link":""},"img":{"alt_text":"Schoko Minze - Kr\u00e4uterteemischung","src":"https:\/\/i0.wp.com\/teasense.ch\/wp-content\/uploads\/2025\/11\/schoko-minze-kraeuterteemischung.png?resize=350%2C200&ssl=1","width":350,"height":200,"srcset":"https:\/\/i0.wp.com\/teasense.ch\/wp-content\/uploads\/2025\/11\/schoko-minze-kraeuterteemischung.png?resize=350%2C200&ssl=1 1x, https:\/\/i0.wp.com\/teasense.ch\/wp-content\/uploads\/2025\/11\/schoko-minze-kraeuterteemischung.png?resize=525%2C300&ssl=1 1.5x, https:\/\/i0.wp.com\/teasense.ch\/wp-content\/uploads\/2025\/11\/schoko-minze-kraeuterteemischung.png?resize=700%2C400&ssl=1 2x"},"classes":[]},{"id":48167,"url":"https:\/\/teasense.ch\/en\/product\/nightcap-herbal-tea\/","url_meta":{"origin":49315,"position":1},"title":"Nightcap Herbal Tea","author":"Reale Selection","date":"23. October 2024","format":false,"excerpt":"Preparing Nightcap Herbal Tea \ud83e\udd44 1 teaspoon per cup (14 g\/liter)\ud83c\udf21\ufe0f 100 \u00b0C\u23f3 5 minutes","rel":"","context":"Similar post","block_context":{"text":"Similar post","link":""},"img":{"alt_text":"Schlafm\u00fctze Kr\u00e4utertee weisser Hintergrund","src":"https:\/\/i0.wp.com\/teasense.ch\/wp-content\/uploads\/2024\/10\/schlafmuetze-kraeutertee-weisser-hintergrund.png?resize=350%2C200&ssl=1","width":350,"height":200,"srcset":"https:\/\/i0.wp.com\/teasense.ch\/wp-content\/uploads\/2024\/10\/schlafmuetze-kraeutertee-weisser-hintergrund.png?resize=350%2C200&ssl=1 1x, https:\/\/i0.wp.com\/teasense.ch\/wp-content\/uploads\/2024\/10\/schlafmuetze-kraeutertee-weisser-hintergrund.png?resize=525%2C300&ssl=1 1.5x, https:\/\/i0.wp.com\/teasense.ch\/wp-content\/uploads\/2024\/10\/schlafmuetze-kraeutertee-weisser-hintergrund.png?resize=700%2C400&ssl=1 2x"},"classes":[]},{"id":49258,"url":"https:\/\/teasense.ch\/en\/product\/ayurveda-kapha-tea\/","url_meta":{"origin":49315,"position":2},"title":"Ayurveda Kapha Tea","author":"Reale Selection","date":"12. May 2025","format":false,"excerpt":"Preparation \u2013 Ayurveda Kapha tea \ud83e\udd44 2 g (approx. 1 tsp) per 200 ml \ud83c\udf21\ufe0f 100 \u00b0C \u23f3 7\u201310 minutes","rel":"","context":"Similar post","block_context":{"text":"Similar post","link":""},"img":{"alt_text":"Ayurveda Kapha Gew\u00fcrz- und Kr\u00e4utertee","src":"https:\/\/i0.wp.com\/teasense.ch\/wp-content\/uploads\/2025\/05\/Ayurveda-Kapha-Gewuerz-und-Kraeutertee.png?resize=350%2C200&ssl=1","width":350,"height":200,"srcset":"https:\/\/i0.wp.com\/teasense.ch\/wp-content\/uploads\/2025\/05\/Ayurveda-Kapha-Gewuerz-und-Kraeutertee.png?resize=350%2C200&ssl=1 1x, https:\/\/i0.wp.com\/teasense.ch\/wp-content\/uploads\/2025\/05\/Ayurveda-Kapha-Gewuerz-und-Kraeutertee.png?resize=525%2C300&ssl=1 1.5x, https:\/\/i0.wp.com\/teasense.ch\/wp-content\/uploads\/2025\/05\/Ayurveda-Kapha-Gewuerz-und-Kraeutertee.png?resize=700%2C400&ssl=1 2x"},"classes":[]},{"id":48517,"url":"https:\/\/teasense.ch\/en\/product\/stevia-leaves\/","url_meta":{"origin":49315,"position":3},"title":"Stevia Leaves","author":"Reale Selection","date":"10. November 2025","format":false,"excerpt":"Preparation Stevia Leaves \ud83e\udd44 1 teaspoon per cup added to your tea blend \ud83c\udf21\ufe0f 100 \u00b0C \u23f3 5\u20138 minutes (depending on the tea blend)","rel":"","context":"Similar post","block_context":{"text":"Similar post","link":""},"img":{"alt_text":"Stevia Bl\u00e4tter als Tee Zutat f\u00fcr Fr\u00fcchte und Kr\u00e4utertee","src":"https:\/\/i0.wp.com\/teasense.ch\/wp-content\/uploads\/2025\/11\/steviablaetter-als-tee.png?resize=350%2C200&ssl=1","width":350,"height":200,"srcset":"https:\/\/i0.wp.com\/teasense.ch\/wp-content\/uploads\/2025\/11\/steviablaetter-als-tee.png?resize=350%2C200&ssl=1 1x, https:\/\/i0.wp.com\/teasense.ch\/wp-content\/uploads\/2025\/11\/steviablaetter-als-tee.png?resize=525%2C300&ssl=1 1.5x, https:\/\/i0.wp.com\/teasense.ch\/wp-content\/uploads\/2025\/11\/steviablaetter-als-tee.png?resize=700%2C400&ssl=1 2x"},"classes":[]},{"id":48445,"url":"https:\/\/teasense.ch\/en\/product\/tea-composition\/","url_meta":{"origin":49315,"position":4},"title":"Tea Composition","author":"Reale Selection","date":"16. December 2025","format":false,"excerpt":"Preparation Tea Composition \ud83e\udd44 1 \u2013 2 tsp per cup (12 g\/litre)\ud83c\udf21\ufe0f 100 \u00b0C\u23f3 3 minutes","rel":"","context":"Similar post","block_context":{"text":"Similar post","link":""},"img":{"alt_text":"Tee Trilogie \u2013 Schwarz-, Gr\u00fcn- und Pu-Erh-Tee","src":"https:\/\/i0.wp.com\/teasense.ch\/wp-content\/uploads\/2025\/12\/tee-trilogie-%E2%80%93-schwarz-gruen-und-pu-erh-tee.png?resize=350%2C200&ssl=1","width":350,"height":200,"srcset":"https:\/\/i0.wp.com\/teasense.ch\/wp-content\/uploads\/2025\/12\/tee-trilogie-%E2%80%93-schwarz-gruen-und-pu-erh-tee.png?resize=350%2C200&ssl=1 1x, https:\/\/i0.wp.com\/teasense.ch\/wp-content\/uploads\/2025\/12\/tee-trilogie-%E2%80%93-schwarz-gruen-und-pu-erh-tee.png?resize=525%2C300&ssl=1 1.5x, https:\/\/i0.wp.com\/teasense.ch\/wp-content\/uploads\/2025\/12\/tee-trilogie-%E2%80%93-schwarz-gruen-und-pu-erh-tee.png?resize=700%2C400&ssl=1 2x"},"classes":[]},{"id":48964,"url":"https:\/\/teasense.ch\/en\/product\/chamomile-flowers\/","url_meta":{"origin":49315,"position":5},"title":"Chamomile Flowers","author":"Reale Selection","date":"23. October 2024","format":false,"excerpt":"Preparation Chamomile Tea \ud83e\udd44 1 tsp per cup \ud83c\udf21\ufe0f 90 \u00b0C \u23f3 5\u20137 minutes","rel":"","context":"Similar post","block_context":{"text":"Similar post","link":""},"img":{"alt_text":"Kamillenbl\u00fcten weisser Hintergrund","src":"https:\/\/i0.wp.com\/teasense.ch\/wp-content\/uploads\/2024\/10\/kamillenblueten-weisser-hintergrund.png?resize=350%2C200&ssl=1","width":350,"height":200,"srcset":"https:\/\/i0.wp.com\/teasense.ch\/wp-content\/uploads\/2024\/10\/kamillenblueten-weisser-hintergrund.png?resize=350%2C200&ssl=1 1x, https:\/\/i0.wp.com\/teasense.ch\/wp-content\/uploads\/2024\/10\/kamillenblueten-weisser-hintergrund.png?resize=525%2C300&ssl=1 1.5x, https:\/\/i0.wp.com\/teasense.ch\/wp-content\/uploads\/2024\/10\/kamillenblueten-weisser-hintergrund.png?resize=700%2C400&ssl=1 2x"},"classes":[]}],"jetpack_sharing_enabled":true,"jetpack_likes_enabled":false,"_links":{"self":[{"href":"https:\/\/teasense.ch\/en\/wp-json\/wp\/v2\/product\/49315","targetHints":{"allow":["GET"]}}],"collection":[{"href":"https:\/\/teasense.ch\/en\/wp-json\/wp\/v2\/product"}],"about":[{"href":"https:\/\/teasense.ch\/en\/wp-json\/wp\/v2\/types\/product"}],"replies":[{"embeddable":true,"href":"https:\/\/teasense.ch\/en\/wp-json\/wp\/v2\/comments?post=49315"}],"wp:featuredmedia":[{"embeddable":true,"href":"https:\/\/teasense.ch\/en\/wp-json\/wp\/v2\/media\/43302"}],"wp:attachment":[{"href":"https:\/\/teasense.ch\/en\/wp-json\/wp\/v2\/media?parent=49315"}],"wp:term":[{"taxonomy":"product_brand","embeddable":true,"href":"https:\/\/teasense.ch\/en\/wp-json\/wp\/v2\/product_brand?post=49315"},{"taxonomy":"product_cat","embeddable":true,"href":"https:\/\/teasense.ch\/en\/wp-json\/wp\/v2\/product_cat?post=49315"},{"taxonomy":"product_tag","embeddable":true,"href":"https:\/\/teasense.ch\/en\/wp-json\/wp\/v2\/product_tag?post=49315"}],"curies":[{"name":"wp","href":"https:\/\/api.w.org\/{rel}","templated":true}]}}