{"id":49421,"date":"2025-04-08T13:44:26","date_gmt":"2025-04-08T11:44:26","guid":{"rendered":"https:\/\/teasense.ch\/produkt\/black-delight-tea\/"},"modified":"2026-05-16T09:58:38","modified_gmt":"2026-05-16T07:58:38","slug":"black-delight-tea","status":"publish","type":"product","link":"https:\/\/teasense.ch\/en\/product\/black-delight-tea\/","title":{"rendered":"Black Delight Tea"},"content":{"rendered":"<h2>Black Delight Tea \u2013 bold black tea with warm spice notes<\/h2>\n<p>Black Delight Tea is a carefully crafted black tea blend for those who appreciate deep, full-bodied flavours. This unique composition combines classic black tea with warm, aromatic spices for a rich and comforting tea experience.<\/p>\n<h3>A harmonious blend of black tea and spices<\/h3>\n<p>Selected black tea forms the strong base of this blend. Orange peels add a subtle fruity brightness, while cloves bring a warm, spicy depth. A touch of cinnamon rounds off the flavour with gentle sweetness.<\/p>\n<p>The result is a balanced black tea with a slightly spicy and pleasantly aromatic profile \u2013 ideal for relaxed tea moments.<\/p>\n<h3>Preparation<\/h3>\n<p>Use 1 teaspoon (approx. 2 g) per cup. Pour over hot water at 90\u2013100 \u00b0C and let steep for about 3 minutes.<\/p>\n<h3>Ingredients<\/h3>\n<p>Black tea, cloves, cinnamon pieces, orange peels<\/p>\n","protected":false},"excerpt":{"rendered":"<h4>Preparation \u2013 Black Delight Tea<\/h4>\n<p>\ud83e\udd44 1 tsp per cup<br \/>\n\ud83c\udf21\ufe0f 90\u2013100 \u00b0C<br \/>\n\u23f3 3 minutes<\/p>\n","protected":false},"featured_media":50852,"comment_status":"open","ping_status":"closed","template":"","meta":{"_et_pb_use_builder":"","_et_pb_old_content":"","_et_gb_content_width":""},"product_brand":[],"product_cat":[352,353,378],"product_tag":[],"class_list":{"0":"post-49421","1":"product","2":"type-product","3":"status-publish","4":"has-post-thumbnail","6":"product_cat-all-products","7":"product_cat-black-tea","8":"product_cat-loose-leaf-tea","9":"pa_herkunft-germany","10":"pa_weight-100-g","11":"pa_weight-200-g","12":"pa_weight-400-g","13":"pa_weight-50-g","15":"first","16":"instock","17":"purchasable","18":"product-type-variable","19":"has-default-attributes","20":"add-to-wishlist-before_image"},"yoast_head":"<!-- This site is optimized with the Yoast SEO plugin v27.6 - https:\/\/yoast.com\/product\/yoast-seo-wordpress\/ -->\n<title>Black Delight Tea - TeaSense.ch<\/title>\n<meta name=\"description\" content=\"Black Delight Tea with black tea, cloves, cinnamon and orange peel. Bold, spicy and naturally aromatic \u2013 without added flavouring.\" \/>\n<meta name=\"robots\" content=\"index, follow, max-snippet:-1, max-image-preview:large, max-video-preview:-1\" \/>\n<link rel=\"canonical\" href=\"https:\/\/teasense.ch\/en\/product\/black-delight-tea\/\" \/>\n<meta property=\"og:locale\" content=\"en_US\" \/>\n<meta property=\"og:type\" content=\"article\" \/>\n<meta property=\"og:title\" content=\"Black Delight Tea - TeaSense.ch\" \/>\n<meta property=\"og:description\" content=\"Black Delight Tea with black tea, cloves, cinnamon and orange peel. Bold, spicy and naturally aromatic \u2013 without added flavouring.\" \/>\n<meta property=\"og:url\" content=\"https:\/\/teasense.ch\/en\/product\/black-delight-tea\/\" \/>\n<meta property=\"og:site_name\" content=\"TeaSense.ch\" \/>\n<meta property=\"article:publisher\" content=\"https:\/\/www.facebook.com\/teasense.ch\" \/>\n<meta property=\"article:modified_time\" content=\"2026-05-16T07:58:38+00:00\" \/>\n<meta property=\"og:image\" content=\"https:\/\/teasense.ch\/wp-content\/uploads\/2023\/10\/weihnachtstee-plain.jpg\" \/>\n\t<meta property=\"og:image:width\" content=\"800\" \/>\n\t<meta property=\"og:image:height\" content=\"800\" \/>\n\t<meta property=\"og:image:type\" content=\"image\/jpeg\" \/>\n<meta name=\"twitter:card\" content=\"summary_large_image\" \/>\n<meta name=\"twitter:label1\" content=\"Est. reading time\" \/>\n\t<meta name=\"twitter:data1\" content=\"1 minute\" \/>\n<!-- \/ Yoast SEO plugin. -->","yoast_head_json":{"title":"Black Delight Tea - TeaSense.ch","description":"Black Delight Tea with black tea, cloves, cinnamon and orange peel. Bold, spicy and naturally aromatic \u2013 without added flavouring.","robots":{"index":"index","follow":"follow","max-snippet":"max-snippet:-1","max-image-preview":"max-image-preview:large","max-video-preview":"max-video-preview:-1"},"canonical":"https:\/\/teasense.ch\/en\/product\/black-delight-tea\/","og_locale":"en_US","og_type":"article","og_title":"Black Delight Tea - TeaSense.ch","og_description":"Black Delight Tea with black tea, cloves, cinnamon and orange peel. Bold, spicy and naturally aromatic \u2013 without added flavouring.","og_url":"https:\/\/teasense.ch\/en\/product\/black-delight-tea\/","og_site_name":"TeaSense.ch","article_publisher":"https:\/\/www.facebook.com\/teasense.ch","article_modified_time":"2026-05-16T07:58:38+00:00","og_image":[{"width":800,"height":800,"url":"https:\/\/teasense.ch\/wp-content\/uploads\/2023\/10\/weihnachtstee-plain.jpg","type":"image\/jpeg"}],"twitter_card":"summary_large_image","twitter_misc":{"Est. reading time":"1 minute"},"schema":{"@context":"https:\/\/schema.org","@graph":[{"@type":"WebPage","@id":"https:\/\/teasense.ch\/en\/product\/black-delight-tea\/","url":"https:\/\/teasense.ch\/en\/product\/black-delight-tea\/","name":"Black Delight Tea - TeaSense.ch","isPartOf":{"@id":"https:\/\/teasense.ch\/en\/#website"},"primaryImageOfPage":{"@id":"https:\/\/teasense.ch\/en\/product\/black-delight-tea\/#primaryimage"},"image":{"@id":"https:\/\/teasense.ch\/en\/product\/black-delight-tea\/#primaryimage"},"thumbnailUrl":"https:\/\/teasense.ch\/wp-content\/uploads\/2023\/10\/weihnachtstee-plain.jpg","datePublished":"2025-04-08T11:44:26+00:00","dateModified":"2026-05-16T07:58:38+00:00","description":"Black Delight Tea with black tea, cloves, cinnamon and orange peel. Bold, spicy and naturally aromatic \u2013 without added flavouring.","breadcrumb":{"@id":"https:\/\/teasense.ch\/en\/product\/black-delight-tea\/#breadcrumb"},"inLanguage":"en-CH","potentialAction":[{"@type":"ReadAction","target":["https:\/\/teasense.ch\/en\/product\/black-delight-tea\/"]}]},{"@type":"ImageObject","inLanguage":"en-CH","@id":"https:\/\/teasense.ch\/en\/product\/black-delight-tea\/#primaryimage","url":"https:\/\/teasense.ch\/wp-content\/uploads\/2023\/10\/weihnachtstee-plain.jpg","contentUrl":"https:\/\/teasense.ch\/wp-content\/uploads\/2023\/10\/weihnachtstee-plain.jpg","width":800,"height":800,"caption":"Black Delight Schwarzteemischung"},{"@type":"BreadcrumbList","@id":"https:\/\/teasense.ch\/en\/product\/black-delight-tea\/#breadcrumb","itemListElement":[{"@type":"ListItem","position":1,"name":"Startseite","item":"https:\/\/teasense.ch\/en\/"},{"@type":"ListItem","position":2,"name":"Online Tea Shop Switzerland","item":"https:\/\/teasense.ch\/en\/shop\/"},{"@type":"ListItem","position":3,"name":"Black Delight Tea"}]},{"@type":"WebSite","@id":"https:\/\/teasense.ch\/en\/#website","url":"https:\/\/teasense.ch\/en\/","name":"TeaSense.ch","description":"Nat\u00fcrliche Teemischungen und klassischer Tee","publisher":{"@id":"https:\/\/teasense.ch\/en\/#organization"},"alternateName":"TeaSense","potentialAction":[{"@type":"SearchAction","target":{"@type":"EntryPoint","urlTemplate":"https:\/\/teasense.ch\/en\/?s={search_term_string}"},"query-input":{"@type":"PropertyValueSpecification","valueRequired":true,"valueName":"search_term_string"}}],"inLanguage":"en-CH"},{"@type":"Organization","@id":"https:\/\/teasense.ch\/en\/#organization","name":"Reale Selection","alternateName":"TeaSense.ch","url":"https:\/\/teasense.ch\/en\/","logo":{"@type":"ImageObject","inLanguage":"en-CH","@id":"https:\/\/teasense.ch\/en\/#\/schema\/logo\/image\/","url":"https:\/\/teasense.ch\/wp-content\/uploads\/2023\/07\/cropped-logo-teasense-kategorie-onlineshop-alle-produkte.jpg","contentUrl":"https:\/\/teasense.ch\/wp-content\/uploads\/2023\/07\/cropped-logo-teasense-kategorie-onlineshop-alle-produkte.jpg","width":512,"height":512,"caption":"Reale Selection"},"image":{"@id":"https:\/\/teasense.ch\/en\/#\/schema\/logo\/image\/"},"sameAs":["https:\/\/www.facebook.com\/teasense.ch"]}]}},"jetpack-related-posts":[{"id":50069,"url":"https:\/\/teasense.ch\/en\/product\/stay-fresh\/","url_meta":{"origin":49421,"position":0},"title":"Stay Fresh","author":"Reale Selection","date":"22. October 2023","format":false,"excerpt":"Herbal tea with mint and lemon flavour Preparation Stay Fresh Herbal Tea \ud83e\udd44 1\u20132 tsp herbal blend per litre (14 g\/litre) \ud83c\udf21\ufe0f 100 \u00b0C \u23f3 5 minutes","rel":"","context":"Similar post","block_context":{"text":"Similar post","link":""},"img":{"alt_text":"Loser Koriander Teemischung","src":"https:\/\/i0.wp.com\/teasense.ch\/wp-content\/uploads\/2023\/10\/kraeuterteemischung-bleib-fresh-plain.jpg?resize=350%2C200&ssl=1","width":350,"height":200,"srcset":"https:\/\/i0.wp.com\/teasense.ch\/wp-content\/uploads\/2023\/10\/kraeuterteemischung-bleib-fresh-plain.jpg?resize=350%2C200&ssl=1 1x, https:\/\/i0.wp.com\/teasense.ch\/wp-content\/uploads\/2023\/10\/kraeuterteemischung-bleib-fresh-plain.jpg?resize=525%2C300&ssl=1 1.5x, https:\/\/i0.wp.com\/teasense.ch\/wp-content\/uploads\/2023\/10\/kraeuterteemischung-bleib-fresh-plain.jpg?resize=700%2C400&ssl=1 2x"},"classes":[]},{"id":49970,"url":"https:\/\/teasense.ch\/en\/product\/advent-fruit-tea\/","url_meta":{"origin":49421,"position":1},"title":"Advent Fruit Tea","author":"Reale Selection","date":"17. October 2023","format":false,"excerpt":"Not only enjoyable during winter. \u2603\ufe0f\u2744\ufe0f Preparation Advent Fruit Tea \ud83e\udd44 1 - 2 heaped tsp per cup (20 g\/litre) \ud83c\udf21\ufe0f 100 \u00b0C \u23f3 8 \u2013 10 minutes","rel":"","context":"Similar post","block_context":{"text":"Similar post","link":""},"img":{"alt_text":"Winterfr\u00fcchte Teemischung","src":"https:\/\/i0.wp.com\/teasense.ch\/wp-content\/uploads\/2023\/10\/adventstee-plain.jpg?resize=350%2C200&ssl=1","width":350,"height":200,"srcset":"https:\/\/i0.wp.com\/teasense.ch\/wp-content\/uploads\/2023\/10\/adventstee-plain.jpg?resize=350%2C200&ssl=1 1x, https:\/\/i0.wp.com\/teasense.ch\/wp-content\/uploads\/2023\/10\/adventstee-plain.jpg?resize=525%2C300&ssl=1 1.5x, https:\/\/i0.wp.com\/teasense.ch\/wp-content\/uploads\/2023\/10\/adventstee-plain.jpg?resize=700%2C400&ssl=1 2x"},"classes":[]},{"id":50096,"url":"https:\/\/teasense.ch\/en\/product\/mulled-wine-spice\/","url_meta":{"origin":49421,"position":2},"title":"Mulled Wine Spice","author":"Reale Selection","date":"15. October 2023","format":false,"excerpt":"Preparation Mulled Wine \ud83c\udf77 1 bottle red wine or \ud83c\udf4f 1 litre apple juice \ud83e\udd44 2\u20133 tbsp mulled wine spice \ud83c\udf21\ufe0f Heat slowly without boiling \u23f3 Steep for 15\u201320 minutes Optional: \ud83c\udf4a Orange and\/or lemon slices \ud83c\udf6c Sugar to taste","rel":"","context":"Similar post","block_context":{"text":"Similar post","link":""},"img":{"alt_text":"Gl\u00fchweingew\u00fcrz f\u00fcr Wein, Apfelsaft und im Geb\u00e4ck. Zutaten von Nelken bis Fenchel.","src":"https:\/\/i0.wp.com\/teasense.ch\/wp-content\/uploads\/2023\/10\/gluehweingewuerz-plain.jpg?resize=350%2C200&ssl=1","width":350,"height":200,"srcset":"https:\/\/i0.wp.com\/teasense.ch\/wp-content\/uploads\/2023\/10\/gluehweingewuerz-plain.jpg?resize=350%2C200&ssl=1 1x, https:\/\/i0.wp.com\/teasense.ch\/wp-content\/uploads\/2023\/10\/gluehweingewuerz-plain.jpg?resize=525%2C300&ssl=1 1.5x, https:\/\/i0.wp.com\/teasense.ch\/wp-content\/uploads\/2023\/10\/gluehweingewuerz-plain.jpg?resize=700%2C400&ssl=1 2x"},"classes":[]},{"id":49258,"url":"https:\/\/teasense.ch\/en\/product\/ayurveda-kapha-tea\/","url_meta":{"origin":49421,"position":3},"title":"Ayurveda Kapha Tea","author":"Reale Selection","date":"12. May 2025","format":false,"excerpt":"Preparation \u2013 Ayurveda Kapha tea \ud83e\udd44 2 g (approx. 1 tsp) per 200 ml \ud83c\udf21\ufe0f 100 \u00b0C \u23f3 7\u201310 minutes","rel":"","context":"Similar post","block_context":{"text":"Similar post","link":""},"img":{"alt_text":"Ayurveda Kapha Gew\u00fcrz- und Kr\u00e4utertee","src":"https:\/\/i0.wp.com\/teasense.ch\/wp-content\/uploads\/2025\/05\/Ayurveda-Kapha-Gewuerz-und-Kraeutertee.png?resize=350%2C200&ssl=1","width":350,"height":200,"srcset":"https:\/\/i0.wp.com\/teasense.ch\/wp-content\/uploads\/2025\/05\/Ayurveda-Kapha-Gewuerz-und-Kraeutertee.png?resize=350%2C200&ssl=1 1x, https:\/\/i0.wp.com\/teasense.ch\/wp-content\/uploads\/2025\/05\/Ayurveda-Kapha-Gewuerz-und-Kraeutertee.png?resize=525%2C300&ssl=1 1.5x, https:\/\/i0.wp.com\/teasense.ch\/wp-content\/uploads\/2025\/05\/Ayurveda-Kapha-Gewuerz-und-Kraeutertee.png?resize=700%2C400&ssl=1 2x"},"classes":[]},{"id":50084,"url":"https:\/\/teasense.ch\/en\/product\/black-cumin-seeds\/","url_meta":{"origin":49421,"position":4},"title":"Black Cumin Seeds","author":"Reale Selection","date":"22. October 2023","format":false,"excerpt":"Preparation Black Cumin Tea \ud83e\udd44 1 tsp black cumin seeds per cup \ud83c\udf21\ufe0f 100 \u00b0C \u23f3 5\u201310 minutes","rel":"","context":"Similar post","block_context":{"text":"Similar post","link":""},"img":{"alt_text":"Loser Schwarzk\u00fcmmel","src":"https:\/\/i0.wp.com\/teasense.ch\/wp-content\/uploads\/2023\/10\/schwarzkuemmel-plain.jpg?resize=350%2C200&ssl=1","width":350,"height":200,"srcset":"https:\/\/i0.wp.com\/teasense.ch\/wp-content\/uploads\/2023\/10\/schwarzkuemmel-plain.jpg?resize=350%2C200&ssl=1 1x, https:\/\/i0.wp.com\/teasense.ch\/wp-content\/uploads\/2023\/10\/schwarzkuemmel-plain.jpg?resize=525%2C300&ssl=1 1.5x, https:\/\/i0.wp.com\/teasense.ch\/wp-content\/uploads\/2023\/10\/schwarzkuemmel-plain.jpg?resize=700%2C400&ssl=1 2x"},"classes":[]},{"id":49861,"url":"https:\/\/teasense.ch\/en\/product\/ayurveda-vata-spice-tea\/","url_meta":{"origin":49421,"position":5},"title":"Ayurveda Vata Spice Tea","author":"Reale Selection","date":"28. August 2023","format":false,"excerpt":"The Ayurvedic principle Vata is associated with air and space. Preparation \u2013 Ayurveda Vata Spice Tea \ud83e\udd44 2 g (approx. 1 tsp) per 200 ml water \ud83c\udf21\ufe0f 100 \u00b0C \u23f3 7 \u2013 10 minutes","rel":"","context":"Similar post","block_context":{"text":"Similar post","link":""},"img":{"alt_text":"Ayurveda Vata Gew\u00fcrztee","src":"https:\/\/i0.wp.com\/teasense.ch\/wp-content\/uploads\/2023\/08\/Ayurveda-Vata-Gewuerztee.png?resize=350%2C200&ssl=1","width":350,"height":200,"srcset":"https:\/\/i0.wp.com\/teasense.ch\/wp-content\/uploads\/2023\/08\/Ayurveda-Vata-Gewuerztee.png?resize=350%2C200&ssl=1 1x, https:\/\/i0.wp.com\/teasense.ch\/wp-content\/uploads\/2023\/08\/Ayurveda-Vata-Gewuerztee.png?resize=525%2C300&ssl=1 1.5x, https:\/\/i0.wp.com\/teasense.ch\/wp-content\/uploads\/2023\/08\/Ayurveda-Vata-Gewuerztee.png?resize=700%2C400&ssl=1 2x"},"classes":[]}],"jetpack_sharing_enabled":true,"jetpack_likes_enabled":false,"_links":{"self":[{"href":"https:\/\/teasense.ch\/en\/wp-json\/wp\/v2\/product\/49421","targetHints":{"allow":["GET"]}}],"collection":[{"href":"https:\/\/teasense.ch\/en\/wp-json\/wp\/v2\/product"}],"about":[{"href":"https:\/\/teasense.ch\/en\/wp-json\/wp\/v2\/types\/product"}],"replies":[{"embeddable":true,"href":"https:\/\/teasense.ch\/en\/wp-json\/wp\/v2\/comments?post=49421"}],"wp:featuredmedia":[{"embeddable":true,"href":"https:\/\/teasense.ch\/en\/wp-json\/wp\/v2\/media\/50852"}],"wp:attachment":[{"href":"https:\/\/teasense.ch\/en\/wp-json\/wp\/v2\/media?parent=49421"}],"wp:term":[{"taxonomy":"product_brand","embeddable":true,"href":"https:\/\/teasense.ch\/en\/wp-json\/wp\/v2\/product_brand?post=49421"},{"taxonomy":"product_cat","embeddable":true,"href":"https:\/\/teasense.ch\/en\/wp-json\/wp\/v2\/product_cat?post=49421"},{"taxonomy":"product_tag","embeddable":true,"href":"https:\/\/teasense.ch\/en\/wp-json\/wp\/v2\/product_tag?post=49421"}],"curies":[{"name":"wp","href":"https:\/\/api.w.org\/{rel}","templated":true}]}}