{"id":49730,"date":"2024-10-22T13:30:16","date_gmt":"2024-10-22T11:30:16","guid":{"rendered":"https:\/\/teasense.ch\/produkt\/nepal-sf-tgfop1-kanchanjangha-black-tea\/"},"modified":"2026-05-05T16:08:36","modified_gmt":"2026-05-05T14:08:36","slug":"nepal-sf-tgfop1-kanchanjangha-black-tea","status":"publish","type":"product","link":"https:\/\/teasense.ch\/en\/product\/nepal-sf-tgfop1-kanchanjangha-black-tea\/","title":{"rendered":"Nepal SF TGFOP1 Kanchanjangha Black Tea"},"content":{"rendered":"<h2>Nepal SF TGFOP1 Kanchanjangha Black Tea \u2013 A refined Himalayan tea<\/h2>\n<p>Discover a high-quality black tea from the Himalayan highlands. Nepal SF TGFOP1 Kanchanjangha stands for \u201cTippy Golden Flowery Orange Pekoe\u201d, indicating fine leaf quality with delicate golden tips. This tea is known for its elegant, floral character and well-balanced profile.<\/p>\n<h3>Taste &#038; aroma<\/h3>\n<p>In the cup, it reveals a harmonious balance of floral notes with a subtle natural sweetness and light fruitiness. The infusion has a clear golden colour, reflecting the high quality of the leaves. Each sip feels smooth, refined and pleasantly light.<\/p>\n<h3>Origin<\/h3>\n<p>This tea comes from the Kanchanjangha region in Nepal, where tea is grown at altitudes between 1,500 and 2,500 metres. The combination of climate, soil and traditional cultivation methods creates ideal conditions for producing teas with a distinctive character.<\/p>\n<h3>Preparation<\/h3>\n<p>Use 1 teaspoon per cup and pour over water at 90\u201395 \u00b0C. Let steep for 3\u20135 minutes to fully develop its floral notes. Multiple infusions are possible and reveal different flavour nuances.<\/p>\n<h3>A tea for special moments<\/h3>\n<p>This tea is perfect for relaxed afternoons or as a companion to light snacks. Enjoy a refined and elegant tea experience inspired by the Himalayan region.<\/p>\n","protected":false},"excerpt":{"rendered":"<p>Classic black tea<\/p>\n<h4>Preparation Nepal SF TGFOP1<\/h4>\n<p>\ud83e\udd44 1 tsp per cup<br \/>\n\ud83c\udf21\ufe0f 90 &#8211; 95 \u00b0C<br \/>\n\u23f3 3 &#8211; 5 minutes<\/p>\n","protected":false},"featured_media":43476,"comment_status":"open","ping_status":"closed","template":"","meta":{"_et_pb_use_builder":"","_et_pb_old_content":"","_et_gb_content_width":""},"product_brand":[],"product_cat":[352,353,378],"product_tag":[],"class_list":{"0":"post-49730","1":"product","2":"type-product","3":"status-publish","4":"has-post-thumbnail","6":"product_cat-all-products","7":"product_cat-black-tea","8":"product_cat-loose-leaf-tea","9":"pa_herkunft-nepal","10":"pa_weight-100-g","11":"pa_weight-20-g","12":"pa_weight-200-g","13":"pa_weight-400-g","14":"pa_weight-50-g","16":"first","17":"instock","18":"shipping-taxable","19":"purchasable","20":"product-type-variable","21":"has-default-attributes","22":"add-to-wishlist-before_image"},"yoast_head":"<!-- This site is optimized with the Yoast SEO plugin v27.5 - https:\/\/yoast.com\/product\/yoast-seo-wordpress\/ -->\n<title>Nepal SF TGFOP1 Kanchanjangha Black Tea - TeaSense.ch<\/title>\n<meta name=\"description\" content=\"Nepal SF TGFOP1 Kanchanjangha \u2013 fine Himalayan black tea with floral notes and golden cup. \ud83c\udf43\" \/>\n<meta name=\"robots\" content=\"index, follow, max-snippet:-1, max-image-preview:large, max-video-preview:-1\" \/>\n<link rel=\"canonical\" href=\"https:\/\/teasense.ch\/en\/product\/nepal-sf-tgfop1-kanchanjangha-black-tea\/\" \/>\n<meta property=\"og:locale\" content=\"en_US\" \/>\n<meta property=\"og:type\" content=\"article\" \/>\n<meta property=\"og:title\" content=\"Nepal SF TGFOP1 Kanchanjangha Black Tea - TeaSense.ch\" \/>\n<meta property=\"og:description\" content=\"Nepal SF TGFOP1 Kanchanjangha \u2013 fine Himalayan black tea with floral notes and golden cup. \ud83c\udf43\" \/>\n<meta property=\"og:url\" content=\"https:\/\/teasense.ch\/en\/product\/nepal-sf-tgfop1-kanchanjangha-black-tea\/\" \/>\n<meta property=\"og:site_name\" content=\"TeaSense.ch\" \/>\n<meta property=\"article:publisher\" content=\"https:\/\/www.facebook.com\/teasense.ch\" \/>\n<meta property=\"article:modified_time\" content=\"2026-05-05T14:08:36+00:00\" \/>\n<meta property=\"og:image\" content=\"https:\/\/teasense.ch\/wp-content\/uploads\/2025\/02\/hibiskus-tee-lose-und-aufgegossen-in-Tassen.png\" \/>\n\t<meta property=\"og:image:width\" content=\"800\" \/>\n\t<meta property=\"og:image:height\" content=\"800\" \/>\n\t<meta property=\"og:image:type\" content=\"image\/png\" \/>\n<meta name=\"twitter:card\" content=\"summary_large_image\" \/>\n<meta name=\"twitter:label1\" content=\"Est. reading time\" \/>\n\t<meta name=\"twitter:data1\" content=\"1 minute\" \/>\n<!-- \/ Yoast SEO plugin. -->","yoast_head_json":{"title":"Nepal SF TGFOP1 Kanchanjangha Black Tea - TeaSense.ch","description":"Nepal SF TGFOP1 Kanchanjangha \u2013 fine Himalayan black tea with floral notes and golden cup. \ud83c\udf43","robots":{"index":"index","follow":"follow","max-snippet":"max-snippet:-1","max-image-preview":"max-image-preview:large","max-video-preview":"max-video-preview:-1"},"canonical":"https:\/\/teasense.ch\/en\/product\/nepal-sf-tgfop1-kanchanjangha-black-tea\/","og_locale":"en_US","og_type":"article","og_title":"Nepal SF TGFOP1 Kanchanjangha Black Tea - TeaSense.ch","og_description":"Nepal SF TGFOP1 Kanchanjangha \u2013 fine Himalayan black tea with floral notes and golden cup. \ud83c\udf43","og_url":"https:\/\/teasense.ch\/en\/product\/nepal-sf-tgfop1-kanchanjangha-black-tea\/","og_site_name":"TeaSense.ch","article_publisher":"https:\/\/www.facebook.com\/teasense.ch","article_modified_time":"2026-05-05T14:08:36+00:00","og_image":[{"width":800,"height":800,"url":"https:\/\/teasense.ch\/wp-content\/uploads\/2025\/02\/hibiskus-tee-lose-und-aufgegossen-in-Tassen.png","type":"image\/png"}],"twitter_card":"summary_large_image","twitter_misc":{"Est. reading time":"1 minute"},"schema":{"@context":"https:\/\/schema.org","@graph":[{"@type":"WebPage","@id":"https:\/\/teasense.ch\/en\/product\/nepal-sf-tgfop1-kanchanjangha-black-tea\/","url":"https:\/\/teasense.ch\/en\/product\/nepal-sf-tgfop1-kanchanjangha-black-tea\/","name":"Nepal SF TGFOP1 Kanchanjangha Black Tea - TeaSense.ch","isPartOf":{"@id":"https:\/\/teasense.ch\/en\/#website"},"primaryImageOfPage":{"@id":"https:\/\/teasense.ch\/en\/product\/nepal-sf-tgfop1-kanchanjangha-black-tea\/#primaryimage"},"image":{"@id":"https:\/\/teasense.ch\/en\/product\/nepal-sf-tgfop1-kanchanjangha-black-tea\/#primaryimage"},"thumbnailUrl":"https:\/\/teasense.ch\/wp-content\/uploads\/2024\/10\/nepal-sf-tgfop1-typ-kanchanjangha-lose.png","datePublished":"2024-10-22T11:30:16+00:00","dateModified":"2026-05-05T14:08:36+00:00","description":"Nepal SF TGFOP1 Kanchanjangha \u2013 fine Himalayan black tea with floral notes and golden cup. \ud83c\udf43","breadcrumb":{"@id":"https:\/\/teasense.ch\/en\/product\/nepal-sf-tgfop1-kanchanjangha-black-tea\/#breadcrumb"},"inLanguage":"en-CH","potentialAction":[{"@type":"ReadAction","target":["https:\/\/teasense.ch\/en\/product\/nepal-sf-tgfop1-kanchanjangha-black-tea\/"]}]},{"@type":"ImageObject","inLanguage":"en-CH","@id":"https:\/\/teasense.ch\/en\/product\/nepal-sf-tgfop1-kanchanjangha-black-tea\/#primaryimage","url":"https:\/\/teasense.ch\/wp-content\/uploads\/2024\/10\/nepal-sf-tgfop1-typ-kanchanjangha-lose.png","contentUrl":"https:\/\/teasense.ch\/wp-content\/uploads\/2024\/10\/nepal-sf-tgfop1-typ-kanchanjangha-lose.png","width":800,"height":800,"caption":"Nepal SF TGFOP1 Typ Kanchanjangha lose"},{"@type":"BreadcrumbList","@id":"https:\/\/teasense.ch\/en\/product\/nepal-sf-tgfop1-kanchanjangha-black-tea\/#breadcrumb","itemListElement":[{"@type":"ListItem","position":1,"name":"Startseite","item":"https:\/\/teasense.ch\/en\/"},{"@type":"ListItem","position":2,"name":"Online Tea ShopTee Onlineshop","item":"https:\/\/teasense.ch\/en\/shop\/"},{"@type":"ListItem","position":3,"name":"Nepal SF TGFOP1 Kanchanjangha Black Tea"}]},{"@type":"WebSite","@id":"https:\/\/teasense.ch\/en\/#website","url":"https:\/\/teasense.ch\/en\/","name":"TeaSense.ch","description":"Nat\u00fcrliche Teemischungen und klassischer Tee","publisher":{"@id":"https:\/\/teasense.ch\/en\/#organization"},"alternateName":"TeaSense","potentialAction":[{"@type":"SearchAction","target":{"@type":"EntryPoint","urlTemplate":"https:\/\/teasense.ch\/en\/?s={search_term_string}"},"query-input":{"@type":"PropertyValueSpecification","valueRequired":true,"valueName":"search_term_string"}}],"inLanguage":"en-CH"},{"@type":"Organization","@id":"https:\/\/teasense.ch\/en\/#organization","name":"Reale Selection","alternateName":"TeaSense.ch","url":"https:\/\/teasense.ch\/en\/","logo":{"@type":"ImageObject","inLanguage":"en-CH","@id":"https:\/\/teasense.ch\/en\/#\/schema\/logo\/image\/","url":"https:\/\/teasense.ch\/wp-content\/uploads\/2023\/07\/cropped-logo-teasense-kategorie-onlineshop-alle-produkte.jpg","contentUrl":"https:\/\/teasense.ch\/wp-content\/uploads\/2023\/07\/cropped-logo-teasense-kategorie-onlineshop-alle-produkte.jpg","width":512,"height":512,"caption":"Reale Selection"},"image":{"@id":"https:\/\/teasense.ch\/en\/#\/schema\/logo\/image\/"},"sameAs":["https:\/\/www.facebook.com\/teasense.ch"]}]}},"jetpack-related-posts":[{"id":49058,"url":"https:\/\/teasense.ch\/en\/product\/tea-gift-set-green-tea-black-tea-in-glass\/","url_meta":{"origin":49730,"position":0},"title":"Tea Gift Set \u2013 Green Tea &#038; Black Tea in Glass","author":"Reale Selection","date":"27. July 2025","format":false,"excerpt":"\ud83e\udd44 Depending on tea variety \ud83c\udf21\ufe0f Depending on tea variety \u23f3 Follow instructions of each tea","rel":"","context":"Similar post","block_context":{"text":"Similar post","link":""},"img":{"alt_text":"Tee Geschenkset \u2013 Gr\u00fcntee & Schwarztee","src":"https:\/\/i0.wp.com\/teasense.ch\/wp-content\/uploads\/2025\/07\/Tee-Geschenkset-%E2%80%93-Gruentee-Schwarztee-weisser-Hintergrund.png?resize=350%2C200&ssl=1","width":350,"height":200,"srcset":"https:\/\/i0.wp.com\/teasense.ch\/wp-content\/uploads\/2025\/07\/Tee-Geschenkset-%E2%80%93-Gruentee-Schwarztee-weisser-Hintergrund.png?resize=350%2C200&ssl=1 1x, https:\/\/i0.wp.com\/teasense.ch\/wp-content\/uploads\/2025\/07\/Tee-Geschenkset-%E2%80%93-Gruentee-Schwarztee-weisser-Hintergrund.png?resize=525%2C300&ssl=1 1.5x, https:\/\/i0.wp.com\/teasense.ch\/wp-content\/uploads\/2025\/07\/Tee-Geschenkset-%E2%80%93-Gruentee-Schwarztee-weisser-Hintergrund.png?resize=700%2C400&ssl=1 2x"},"classes":[]},{"id":48679,"url":"https:\/\/teasense.ch\/en\/product\/earl-grey-darjeeling-tea\/","url_meta":{"origin":49730,"position":1},"title":"Earl Grey Darjeeling Tea","author":"Reale Selection","date":"12. October 2025","format":false,"excerpt":"Preparation Earl Grey Darjeeling Tea \ud83e\udd44 1 teaspoon per 200 ml\ud83c\udf21\ufe0f 100 \u00b0C\u23f3 3 minutes","rel":"","context":"Similar post","block_context":{"text":"Similar post","link":""},"img":{"alt_text":"Earl Grey Darjeeling \u2013 klassischer Schwarztee mit feinem Bergamotte-Duft","src":"https:\/\/i0.wp.com\/teasense.ch\/wp-content\/uploads\/2025\/10\/produktfoto-5.png?resize=350%2C200&ssl=1","width":350,"height":200,"srcset":"https:\/\/i0.wp.com\/teasense.ch\/wp-content\/uploads\/2025\/10\/produktfoto-5.png?resize=350%2C200&ssl=1 1x, https:\/\/i0.wp.com\/teasense.ch\/wp-content\/uploads\/2025\/10\/produktfoto-5.png?resize=525%2C300&ssl=1 1.5x, https:\/\/i0.wp.com\/teasense.ch\/wp-content\/uploads\/2025\/10\/produktfoto-5.png?resize=700%2C400&ssl=1 2x"},"classes":[]},{"id":48808,"url":"https:\/\/teasense.ch\/en\/product\/china-kwai-flower-oolong\/","url_meta":{"origin":49730,"position":2},"title":"China Kwai Flower Oolong","author":"Reale Selection","date":"19. September 2025","format":false,"excerpt":"Kwai Flower Oolong \u2013 preparation \ud83e\udd44 1\u20132 teaspoons per 200 ml water \ud83c\udf21\ufe0f 85\u201390 \u00b0C (hot water) \u23f3 2\u20134 minutes, can be infused multiple times","rel":"","context":"Similar post","block_context":{"text":"Similar post","link":""},"img":{"alt_text":"Kwai Flower Oolong loser Tee","src":"https:\/\/i0.wp.com\/teasense.ch\/wp-content\/uploads\/2025\/09\/kwai-flower-oolong.png?resize=350%2C200&ssl=1","width":350,"height":200,"srcset":"https:\/\/i0.wp.com\/teasense.ch\/wp-content\/uploads\/2025\/09\/kwai-flower-oolong.png?resize=350%2C200&ssl=1 1x, https:\/\/i0.wp.com\/teasense.ch\/wp-content\/uploads\/2025\/09\/kwai-flower-oolong.png?resize=525%2C300&ssl=1 1.5x, https:\/\/i0.wp.com\/teasense.ch\/wp-content\/uploads\/2025\/09\/kwai-flower-oolong.png?resize=700%2C400&ssl=1 2x"},"classes":[]},{"id":49742,"url":"https:\/\/teasense.ch\/it\/product\/te-nero-nepal-sf-tgfop1-kanchanjangha\/","url_meta":{"origin":49730,"position":3},"title":"T\u00e8 nero Nepal SF TGFOP1 Kanchanjangha","author":"Reale Selection","date":"22. October 2024","format":false,"excerpt":"T\u00e8 nero classico Preparazione t\u00e8 nero Nepal SF TGFOP1 \ud83e\udd44 1 cucchiaino per tazza \ud83c\udf21\ufe0f 90 - 95 \u00b0C \u23f3 3 - 5 minuti","rel":"","context":"Similar post","block_context":{"text":"Similar post","link":""},"img":{"alt_text":"Nepal SF TGFOP1 Typ Kanchanjangha lose","src":"https:\/\/i0.wp.com\/teasense.ch\/wp-content\/uploads\/2024\/10\/nepal-sf-tgfop1-typ-kanchanjangha-lose.png?resize=350%2C200&ssl=1","width":350,"height":200,"srcset":"https:\/\/i0.wp.com\/teasense.ch\/wp-content\/uploads\/2024\/10\/nepal-sf-tgfop1-typ-kanchanjangha-lose.png?resize=350%2C200&ssl=1 1x, https:\/\/i0.wp.com\/teasense.ch\/wp-content\/uploads\/2024\/10\/nepal-sf-tgfop1-typ-kanchanjangha-lose.png?resize=525%2C300&ssl=1 1.5x, https:\/\/i0.wp.com\/teasense.ch\/wp-content\/uploads\/2024\/10\/nepal-sf-tgfop1-typ-kanchanjangha-lose.png?resize=700%2C400&ssl=1 2x"},"classes":[]},{"id":49601,"url":"https:\/\/teasense.ch\/en\/product\/east-frisian-broken-blend-gold\/","url_meta":{"origin":49730,"position":4},"title":"East Frisian Broken Blend Gold","author":"Reale Selection","date":"23. October 2024","format":false,"excerpt":"Strong black tea blend from Assam and Sumatra Preparation East Frisian Broken Blend Gold \ud83e\udd44 1 teaspoon (approx. 2 g) per cup \ud83c\udf21\ufe0f 100 \u00b0C \u23f3 3 - 5 minutes","rel":"","context":"Similar post","block_context":{"text":"Similar post","link":""},"img":{"alt_text":"Ostfriesische Brokenmischung Gold lose Teemischung","src":"https:\/\/i0.wp.com\/teasense.ch\/wp-content\/uploads\/2024\/10\/ostfriesische-brokenmischung-gold-lose-teemischung.png?resize=350%2C200&ssl=1","width":350,"height":200,"srcset":"https:\/\/i0.wp.com\/teasense.ch\/wp-content\/uploads\/2024\/10\/ostfriesische-brokenmischung-gold-lose-teemischung.png?resize=350%2C200&ssl=1 1x, https:\/\/i0.wp.com\/teasense.ch\/wp-content\/uploads\/2024\/10\/ostfriesische-brokenmischung-gold-lose-teemischung.png?resize=525%2C300&ssl=1 1.5x, https:\/\/i0.wp.com\/teasense.ch\/wp-content\/uploads\/2024\/10\/ostfriesische-brokenmischung-gold-lose-teemischung.png?resize=700%2C400&ssl=1 2x"},"classes":[]},{"id":50145,"url":"https:\/\/teasense.ch\/en\/product\/ceylon-black-tea\/","url_meta":{"origin":49730,"position":5},"title":"Ceylon Black Tea","author":"Reale Selection","date":"6. July 2023","format":false,"excerpt":"Preparation Ceylon Black Tea from Sri Lanka \ud83e\udd44 1 tsp (approx. 2 g) per cup \ud83c\udf21\ufe0f 100 \u00b0C \u23f3 2\u20133 minutes","rel":"","context":"Similar post","block_context":{"text":"Similar post","link":""},"img":{"alt_text":"Ceylon Tee","src":"https:\/\/i0.wp.com\/teasense.ch\/wp-content\/uploads\/2023\/07\/ceylon-tee-von-der-insel-sri-lanka-plain.jpg?resize=350%2C200&ssl=1","width":350,"height":200,"srcset":"https:\/\/i0.wp.com\/teasense.ch\/wp-content\/uploads\/2023\/07\/ceylon-tee-von-der-insel-sri-lanka-plain.jpg?resize=350%2C200&ssl=1 1x, https:\/\/i0.wp.com\/teasense.ch\/wp-content\/uploads\/2023\/07\/ceylon-tee-von-der-insel-sri-lanka-plain.jpg?resize=525%2C300&ssl=1 1.5x, https:\/\/i0.wp.com\/teasense.ch\/wp-content\/uploads\/2023\/07\/ceylon-tee-von-der-insel-sri-lanka-plain.jpg?resize=700%2C400&ssl=1 2x"},"classes":[]}],"jetpack_sharing_enabled":true,"jetpack_likes_enabled":false,"_links":{"self":[{"href":"https:\/\/teasense.ch\/en\/wp-json\/wp\/v2\/product\/49730","targetHints":{"allow":["GET"]}}],"collection":[{"href":"https:\/\/teasense.ch\/en\/wp-json\/wp\/v2\/product"}],"about":[{"href":"https:\/\/teasense.ch\/en\/wp-json\/wp\/v2\/types\/product"}],"replies":[{"embeddable":true,"href":"https:\/\/teasense.ch\/en\/wp-json\/wp\/v2\/comments?post=49730"}],"wp:featuredmedia":[{"embeddable":true,"href":"https:\/\/teasense.ch\/en\/wp-json\/wp\/v2\/media\/43476"}],"wp:attachment":[{"href":"https:\/\/teasense.ch\/en\/wp-json\/wp\/v2\/media?parent=49730"}],"wp:term":[{"taxonomy":"product_brand","embeddable":true,"href":"https:\/\/teasense.ch\/en\/wp-json\/wp\/v2\/product_brand?post=49730"},{"taxonomy":"product_cat","embeddable":true,"href":"https:\/\/teasense.ch\/en\/wp-json\/wp\/v2\/product_cat?post=49730"},{"taxonomy":"product_tag","embeddable":true,"href":"https:\/\/teasense.ch\/en\/wp-json\/wp\/v2\/product_tag?post=49730"}],"curies":[{"name":"wp","href":"https:\/\/api.w.org\/{rel}","templated":true}]}}