{"id":50200,"date":"2023-07-07T13:38:08","date_gmt":"2023-07-07T11:38:08","guid":{"rendered":"https:\/\/teasense.ch\/produkt\/dried-papaya-pieces\/"},"modified":"2026-05-07T13:47:23","modified_gmt":"2026-05-07T11:47:23","slug":"dried-papaya-pieces","status":"publish","type":"product","link":"https:\/\/teasense.ch\/en\/product\/dried-papaya-pieces\/","title":{"rendered":"Dried Papaya Pieces"},"content":{"rendered":"<h2>Dried Papaya Pieces \u2013 tropical fruit enjoyment from Thailand<\/h2>\n<p>Our dried papaya pieces from Thailand are a delicious tropical snack with a pleasantly soft texture and fruity flavour.<\/p>\n<p>Made from ripe papayas and gently sweetened during processing, they offer an intense exotic fruit aroma and are wonderfully versatile in the kitchen.<\/p>\n<h3>Versatile in the kitchen<\/h3>\n<p>Papaya pieces can be enjoyed directly as a snack or soaked in water, juice or other liquids for an even softer texture.<\/p>\n<p>They are especially popular:<\/p>\n<ul>\n<li>as a topping for muesli or yoghurt<\/li>\n<li>in cakes, biscuits and homemade snack bars<\/li>\n<li>in smoothies for fruity tropical notes<\/li>\n<li>in salads or creative savoury recipes<\/li>\n<\/ul>\n<p>Their soft consistency and fruity flavour add an exotic touch to many dishes.<\/p>\n<h3>Perfect for tea blends<\/h3>\n<p>Dried papaya pieces are also ideal for refining fruit teas and tea blends with tropical fruit notes.<\/p>\n<p>Simply add a few pieces to the tea while steeping for a pleasantly fruity aroma.<\/p>\n<p><strong>Tea preparation with papaya pieces:<\/strong> Use 13\u201318 g papaya pieces per litre of hot water and allow to steep for 5\u201310 minutes.<\/p>\n<p><strong>Romina:<\/strong> \u201cWhenever I want a slightly fruitier tea, I simply add a few papaya pieces into the tea infuser while brewing.\u201d<\/p>\n<h3>Tropical flavour you can enjoy<\/h3>\n<p>Our dried papaya pieces are perfect for anyone who enjoys exotic dried fruits and fruity tea creations.<\/p>\n<p>They pair especially well with fruit teas and tropical tea blends.<\/p>\n","protected":false},"excerpt":{"rendered":"<p>Dried papaya pieces<\/p>\n<h4>Tea Preparation Papaya Pieces<\/h4>\n<p>\ud83e\udd44 13\u201318 g per litre<br \/>\n\ud83c\udf21\ufe0f 100 \u00b0C<br \/>\n\u23f3 5\u201310 minutes<\/p>\n","protected":false},"featured_media":33542,"comment_status":"open","ping_status":"closed","template":"","meta":{"_et_pb_use_builder":"","_et_pb_old_content":"","_et_gb_content_width":""},"product_brand":[],"product_cat":[352,393,411],"product_tag":[],"class_list":{"0":"post-50200","1":"product","2":"type-product","3":"status-publish","4":"has-post-thumbnail","6":"product_cat-all-products","7":"product_cat-fruit-spices","8":"product_cat-fruit-tea","9":"pa_herkunft-thailand","10":"pa_weight-100-g","11":"pa_weight-200-g","12":"pa_weight-50-g","14":"first","15":"instock","16":"shipping-taxable","17":"purchasable","18":"product-type-variable","19":"has-default-attributes","20":"add-to-wishlist-before_image"},"yoast_head":"<!-- This site is optimized with the Yoast SEO plugin v27.5 - https:\/\/yoast.com\/product\/yoast-seo-wordpress\/ -->\n<title>Dried Papaya Pieces - TeaSense.ch - Tee Shop Schweiz<\/title>\n<meta name=\"description\" content=\"Dried papaya pieces from Thailand with fruity tropical flavour. Perfect for tea, muesli, smoothies and baking. \ud83e\udd6d\" \/>\n<meta name=\"robots\" content=\"index, follow, max-snippet:-1, max-image-preview:large, max-video-preview:-1\" \/>\n<link rel=\"canonical\" href=\"https:\/\/teasense.ch\/en\/product\/dried-papaya-pieces\/\" \/>\n<meta property=\"og:locale\" content=\"en_US\" \/>\n<meta property=\"og:type\" content=\"article\" \/>\n<meta property=\"og:title\" content=\"Dried Papaya Pieces - TeaSense.ch - Tee Shop Schweiz\" \/>\n<meta property=\"og:description\" content=\"Dried papaya pieces from Thailand with fruity tropical flavour. Perfect for tea, muesli, smoothies and baking. \ud83e\udd6d\" \/>\n<meta property=\"og:url\" content=\"https:\/\/teasense.ch\/en\/product\/dried-papaya-pieces\/\" \/>\n<meta property=\"og:site_name\" content=\"TeaSense.ch - Tee Shop Schweiz\" \/>\n<meta property=\"article:publisher\" content=\"https:\/\/www.facebook.com\/teasense.ch\" \/>\n<meta property=\"article:modified_time\" content=\"2026-05-07T11:47:23+00:00\" \/>\n<meta property=\"og:image\" content=\"https:\/\/teasense.ch\/wp-content\/uploads\/2025\/02\/hibiskus-tee-lose-und-aufgegossen-in-Tassen.png\" \/>\n\t<meta property=\"og:image:width\" content=\"800\" \/>\n\t<meta property=\"og:image:height\" content=\"800\" \/>\n\t<meta property=\"og:image:type\" content=\"image\/png\" \/>\n<meta name=\"twitter:card\" content=\"summary_large_image\" \/>\n<meta name=\"twitter:label1\" content=\"Est. reading time\" \/>\n\t<meta name=\"twitter:data1\" content=\"1 minute\" \/>\n<!-- \/ Yoast SEO plugin. -->","yoast_head_json":{"title":"Dried Papaya Pieces - TeaSense.ch - Tee Shop Schweiz","description":"Dried papaya pieces from Thailand with fruity tropical flavour. Perfect for tea, muesli, smoothies and baking. \ud83e\udd6d","robots":{"index":"index","follow":"follow","max-snippet":"max-snippet:-1","max-image-preview":"max-image-preview:large","max-video-preview":"max-video-preview:-1"},"canonical":"https:\/\/teasense.ch\/en\/product\/dried-papaya-pieces\/","og_locale":"en_US","og_type":"article","og_title":"Dried Papaya Pieces - TeaSense.ch - Tee Shop Schweiz","og_description":"Dried papaya pieces from Thailand with fruity tropical flavour. Perfect for tea, muesli, smoothies and baking. \ud83e\udd6d","og_url":"https:\/\/teasense.ch\/en\/product\/dried-papaya-pieces\/","og_site_name":"TeaSense.ch - Tee Shop Schweiz","article_publisher":"https:\/\/www.facebook.com\/teasense.ch","article_modified_time":"2026-05-07T11:47:23+00:00","og_image":[{"width":800,"height":800,"url":"https:\/\/teasense.ch\/wp-content\/uploads\/2025\/02\/hibiskus-tee-lose-und-aufgegossen-in-Tassen.png","type":"image\/png"}],"twitter_card":"summary_large_image","twitter_misc":{"Est. reading time":"1 minute"},"schema":{"@context":"https:\/\/schema.org","@graph":[{"@type":"WebPage","@id":"https:\/\/teasense.ch\/en\/product\/dried-papaya-pieces\/","url":"https:\/\/teasense.ch\/en\/product\/dried-papaya-pieces\/","name":"Dried Papaya Pieces - TeaSense.ch - Tee Shop Schweiz","isPartOf":{"@id":"https:\/\/teasense.ch\/en\/#website"},"primaryImageOfPage":{"@id":"https:\/\/teasense.ch\/en\/product\/dried-papaya-pieces\/#primaryimage"},"image":{"@id":"https:\/\/teasense.ch\/en\/product\/dried-papaya-pieces\/#primaryimage"},"thumbnailUrl":"https:\/\/teasense.ch\/wp-content\/uploads\/2023\/07\/papayawuerfel-plain.jpg","datePublished":"2023-07-07T11:38:08+00:00","dateModified":"2026-05-07T11:47:23+00:00","description":"Dried papaya pieces from Thailand with fruity tropical flavour. Perfect for tea, muesli, smoothies and baking. \ud83e\udd6d","breadcrumb":{"@id":"https:\/\/teasense.ch\/en\/product\/dried-papaya-pieces\/#breadcrumb"},"inLanguage":"en-CH","potentialAction":[{"@type":"ReadAction","target":["https:\/\/teasense.ch\/en\/product\/dried-papaya-pieces\/"]}]},{"@type":"ImageObject","inLanguage":"en-CH","@id":"https:\/\/teasense.ch\/en\/product\/dried-papaya-pieces\/#primaryimage","url":"https:\/\/teasense.ch\/wp-content\/uploads\/2023\/07\/papayawuerfel-plain.jpg","contentUrl":"https:\/\/teasense.ch\/wp-content\/uploads\/2023\/07\/papayawuerfel-plain.jpg","width":800,"height":800,"caption":"Papaya W\u00fcrfel gezuckert lose f\u00fcr Tee Papayaw\u00fcrfel"},{"@type":"BreadcrumbList","@id":"https:\/\/teasense.ch\/en\/product\/dried-papaya-pieces\/#breadcrumb","itemListElement":[{"@type":"ListItem","position":1,"name":"Startseite","item":"https:\/\/teasense.ch\/en\/"},{"@type":"ListItem","position":2,"name":"Online Tea ShopTee Onlineshop","item":"https:\/\/teasense.ch\/en\/shop\/"},{"@type":"ListItem","position":3,"name":"Dried Papaya Pieces"}]},{"@type":"WebSite","@id":"https:\/\/teasense.ch\/en\/#website","url":"https:\/\/teasense.ch\/en\/","name":"TeaSense.ch","description":"Nat\u00fcrliche Teemischungen und klassischer Tee","publisher":{"@id":"https:\/\/teasense.ch\/en\/#organization"},"alternateName":"TeaSense","potentialAction":[{"@type":"SearchAction","target":{"@type":"EntryPoint","urlTemplate":"https:\/\/teasense.ch\/en\/?s={search_term_string}"},"query-input":{"@type":"PropertyValueSpecification","valueRequired":true,"valueName":"search_term_string"}}],"inLanguage":"en-CH"},{"@type":"Organization","@id":"https:\/\/teasense.ch\/en\/#organization","name":"Reale Selection","alternateName":"TeaSense.ch","url":"https:\/\/teasense.ch\/en\/","logo":{"@type":"ImageObject","inLanguage":"en-CH","@id":"https:\/\/teasense.ch\/en\/#\/schema\/logo\/image\/","url":"https:\/\/teasense.ch\/wp-content\/uploads\/2023\/07\/cropped-logo-teasense-kategorie-onlineshop-alle-produkte.jpg","contentUrl":"https:\/\/teasense.ch\/wp-content\/uploads\/2023\/07\/cropped-logo-teasense-kategorie-onlineshop-alle-produkte.jpg","width":512,"height":512,"caption":"Reale Selection"},"image":{"@id":"https:\/\/teasense.ch\/en\/#\/schema\/logo\/image\/"},"sameAs":["https:\/\/www.facebook.com\/teasense.ch"]}]}},"jetpack-related-posts":[{"id":49554,"url":"https:\/\/teasense.ch\/en\/product\/hibiscus-flower-tea\/","url_meta":{"origin":50200,"position":0},"title":"Hibiscus Flower Tea","author":"Reale Selection","date":"28. February 2025","format":false,"excerpt":"Preparing Hibiscus Tea \ud83e\udd44 1 - 2 heaped tsp (approx. 2 g) per 200 ml water \ud83c\udf21\ufe0f 100 \u00b0C \u23f3 Steep for 6 - 10 minutes","rel":"","context":"Similar post","block_context":{"text":"Similar post","link":""},"img":{"alt_text":"Hibiskus Tee Lose Hibiskusbl\u00fcten","src":"https:\/\/i0.wp.com\/teasense.ch\/wp-content\/uploads\/2025\/02\/Lose-Blueten-hibiskus-tee.png?resize=350%2C200&ssl=1","width":350,"height":200,"srcset":"https:\/\/i0.wp.com\/teasense.ch\/wp-content\/uploads\/2025\/02\/Lose-Blueten-hibiskus-tee.png?resize=350%2C200&ssl=1 1x, https:\/\/i0.wp.com\/teasense.ch\/wp-content\/uploads\/2025\/02\/Lose-Blueten-hibiskus-tee.png?resize=525%2C300&ssl=1 1.5x, https:\/\/i0.wp.com\/teasense.ch\/wp-content\/uploads\/2025\/02\/Lose-Blueten-hibiskus-tee.png?resize=700%2C400&ssl=1 2x"},"classes":[]},{"id":49907,"url":"https:\/\/teasense.ch\/en\/product\/fruit-magic-tea\/","url_meta":{"origin":50200,"position":1},"title":"Fruit Magic Tea","author":"Reale Selection","date":"23. October 2024","format":false,"excerpt":"Preparation \u2013 Fruit Magic Tea \ud83e\udd44 1 - 2 heaped tsp per 200 ml water \ud83c\udf21\ufe0f 100 \u00b0C \u23f3 5 - 7 minutes","rel":"","context":"Similar post","block_context":{"text":"Similar post","link":""},"img":{"alt_text":"Fruchtzauber Fr\u00fcchtetee lose Teemischung","src":"https:\/\/i0.wp.com\/teasense.ch\/wp-content\/uploads\/2024\/10\/Fruchtzauber-Fruechtetee.png?resize=350%2C200&ssl=1","width":350,"height":200,"srcset":"https:\/\/i0.wp.com\/teasense.ch\/wp-content\/uploads\/2024\/10\/Fruchtzauber-Fruechtetee.png?resize=350%2C200&ssl=1 1x, https:\/\/i0.wp.com\/teasense.ch\/wp-content\/uploads\/2024\/10\/Fruchtzauber-Fruechtetee.png?resize=525%2C300&ssl=1 1.5x, https:\/\/i0.wp.com\/teasense.ch\/wp-content\/uploads\/2024\/10\/Fruchtzauber-Fruechtetee.png?resize=700%2C400&ssl=1 2x, https:\/\/i0.wp.com\/teasense.ch\/wp-content\/uploads\/2024\/10\/Fruchtzauber-Fruechtetee.png?resize=1050%2C600&ssl=1 3x, https:\/\/i0.wp.com\/teasense.ch\/wp-content\/uploads\/2024\/10\/Fruchtzauber-Fruechtetee.png?resize=1400%2C800&ssl=1 4x"},"classes":[]},{"id":49955,"url":"https:\/\/teasense.ch\/en\/product\/quince-fruit-tea\/","url_meta":{"origin":50200,"position":2},"title":"Quince Fruit Tea","author":"Reale Selection","date":"22. October 2023","format":false,"excerpt":"Preparation Quince Fruit Tea \ud83e\udd44 1 tsp fruit tea blend \ud83c\udf21\ufe0f Heat water to approx. 90 \u00b0C \u23f3 5 \u2013 7 minutes","rel":"","context":"Similar post","block_context":{"text":"Similar post","link":""},"img":{"alt_text":"Fr\u00fcchteteemischung mit Quitte und Apfelst\u00fccke.","src":"https:\/\/i0.wp.com\/teasense.ch\/wp-content\/uploads\/2023\/10\/winter-quitte.jpg?resize=350%2C200&ssl=1","width":350,"height":200,"srcset":"https:\/\/i0.wp.com\/teasense.ch\/wp-content\/uploads\/2023\/10\/winter-quitte.jpg?resize=350%2C200&ssl=1 1x, https:\/\/i0.wp.com\/teasense.ch\/wp-content\/uploads\/2023\/10\/winter-quitte.jpg?resize=525%2C300&ssl=1 1.5x, https:\/\/i0.wp.com\/teasense.ch\/wp-content\/uploads\/2023\/10\/winter-quitte.jpg?resize=700%2C400&ssl=1 2x"},"classes":[]},{"id":49660,"url":"https:\/\/teasense.ch\/en\/product\/strawberry-leaves\/","url_meta":{"origin":50200,"position":3},"title":"Strawberry Leaves","author":"Reale Selection","date":"23. October 2024","format":false,"excerpt":"Preparation strawberry leaves tea \ud83e\udd44 1 tsp per cup \ud83c\udf21\ufe0f 100 \u00b0C \u23f3 5 \u2013 7 minutes","rel":"","context":"Similar post","block_context":{"text":"Similar post","link":""},"img":{"alt_text":"Erdbeerbl\u00e4tter","src":"https:\/\/i0.wp.com\/teasense.ch\/wp-content\/uploads\/2024\/10\/erdbeerblaetter.png?resize=350%2C200&ssl=1","width":350,"height":200,"srcset":"https:\/\/i0.wp.com\/teasense.ch\/wp-content\/uploads\/2024\/10\/erdbeerblaetter.png?resize=350%2C200&ssl=1 1x, https:\/\/i0.wp.com\/teasense.ch\/wp-content\/uploads\/2024\/10\/erdbeerblaetter.png?resize=525%2C300&ssl=1 1.5x, https:\/\/i0.wp.com\/teasense.ch\/wp-content\/uploads\/2024\/10\/erdbeerblaetter.png?resize=700%2C400&ssl=1 2x"},"classes":[]},{"id":48114,"url":"https:\/\/teasense.ch\/en\/product\/wild-cherry-black-tea\/","url_meta":{"origin":50200,"position":4},"title":"Wild Cherry Black Tea","author":"Reale Selection","date":"17. December 2025","format":false,"excerpt":"Preparation of Wild Cherry Black Tea \ud83e\udd44 1\u20132 tsp per cup (12 g\/L)\ud83c\udf21\ufe0f 100 \u00b0C\u23f3 3 minutes","rel":"","context":"Similar post","block_context":{"text":"Similar post","link":""},"img":{"alt_text":"Schwarztee Wildkirsche Nat\u00fcrliche Teemischung","src":"https:\/\/i0.wp.com\/teasense.ch\/wp-content\/uploads\/2025\/12\/schwarztee-wildkirsche.png?resize=350%2C200&ssl=1","width":350,"height":200,"srcset":"https:\/\/i0.wp.com\/teasense.ch\/wp-content\/uploads\/2025\/12\/schwarztee-wildkirsche.png?resize=350%2C200&ssl=1 1x, https:\/\/i0.wp.com\/teasense.ch\/wp-content\/uploads\/2025\/12\/schwarztee-wildkirsche.png?resize=525%2C300&ssl=1 1.5x, https:\/\/i0.wp.com\/teasense.ch\/wp-content\/uploads\/2025\/12\/schwarztee-wildkirsche.png?resize=700%2C400&ssl=1 2x"},"classes":[]},{"id":49940,"url":"https:\/\/teasense.ch\/en\/product\/winter-fruits-tea\/","url_meta":{"origin":50200,"position":5},"title":"Winter Fruits Tea","author":"Reale Selection","date":"20. January 2024","format":false,"excerpt":"Preparation Winter Fruits Tea \ud83e\udd44 1 - 2 heaped tsp per cup (20 g\/litre) \ud83c\udf21\ufe0f 100 \u00b0C \u23f3 8 - 10 minutes","rel":"","context":"Similar post","block_context":{"text":"Similar post","link":""},"img":{"alt_text":"Winterfr\u00fcchte Tee ohne Aroma lose Teemischung","src":"https:\/\/i0.wp.com\/teasense.ch\/wp-content\/uploads\/2024\/01\/winterfruechte-tee.png?resize=350%2C200&ssl=1","width":350,"height":200,"srcset":"https:\/\/i0.wp.com\/teasense.ch\/wp-content\/uploads\/2024\/01\/winterfruechte-tee.png?resize=350%2C200&ssl=1 1x, https:\/\/i0.wp.com\/teasense.ch\/wp-content\/uploads\/2024\/01\/winterfruechte-tee.png?resize=525%2C300&ssl=1 1.5x, https:\/\/i0.wp.com\/teasense.ch\/wp-content\/uploads\/2024\/01\/winterfruechte-tee.png?resize=700%2C400&ssl=1 2x"},"classes":[]}],"jetpack_sharing_enabled":true,"jetpack_likes_enabled":false,"_links":{"self":[{"href":"https:\/\/teasense.ch\/en\/wp-json\/wp\/v2\/product\/50200","targetHints":{"allow":["GET"]}}],"collection":[{"href":"https:\/\/teasense.ch\/en\/wp-json\/wp\/v2\/product"}],"about":[{"href":"https:\/\/teasense.ch\/en\/wp-json\/wp\/v2\/types\/product"}],"replies":[{"embeddable":true,"href":"https:\/\/teasense.ch\/en\/wp-json\/wp\/v2\/comments?post=50200"}],"wp:featuredmedia":[{"embeddable":true,"href":"https:\/\/teasense.ch\/en\/wp-json\/wp\/v2\/media\/33542"}],"wp:attachment":[{"href":"https:\/\/teasense.ch\/en\/wp-json\/wp\/v2\/media?parent=50200"}],"wp:term":[{"taxonomy":"product_brand","embeddable":true,"href":"https:\/\/teasense.ch\/en\/wp-json\/wp\/v2\/product_brand?post=50200"},{"taxonomy":"product_cat","embeddable":true,"href":"https:\/\/teasense.ch\/en\/wp-json\/wp\/v2\/product_cat?post=50200"},{"taxonomy":"product_tag","embeddable":true,"href":"https:\/\/teasense.ch\/en\/wp-json\/wp\/v2\/product_tag?post=50200"}],"curies":[{"name":"wp","href":"https:\/\/api.w.org\/{rel}","templated":true}]}}