{"id":50315,"date":"2023-08-01T19:00:13","date_gmt":"2023-08-01T17:00:13","guid":{"rendered":"https:\/\/teasense.ch\/produkt\/dried-aronia-berries\/"},"modified":"2026-05-07T15:44:12","modified_gmt":"2026-05-07T13:44:12","slug":"dried-aronia-berries","status":"publish","type":"product","link":"https:\/\/teasense.ch\/en\/product\/dried-aronia-berries\/","title":{"rendered":"Dried Aronia Berries"},"content":{"rendered":"<h2>Dried Aronia Berries<\/h2>\n<p>Aronia berries are known for their deep dark colour and pleasantly intense flavour with slightly tart and fruity notes.<\/p>\n<p>The berries are wonderfully versatile and can be enjoyed in muesli, yoghurt, desserts, smoothies or tea blends.<\/p>\n<p>They also make a delicious snack and add a unique flavour to both sweet and savoury recipes.<\/p>\n<p>Dried aronia berries are often appreciated as a superfood ingredient thanks to their versatility in the kitchen.<\/p>\n<h3>Preparation as tea<\/h3>\n<p>Aronia berries can also be prepared as a fruity tea infusion.<\/p>\n<p>Simply pour hot water over the berries and allow them to steep for several minutes so the flavour can fully develop.<\/p>\n<p>For additional aroma, ingredients such as cinnamon or ginger pair especially well with the berries.<\/p>\n<h3>Recipe ideas with aronia berries<\/h3>\n<p>Aronia berries are perfect in muesli, yoghurt or smoothies and also work wonderfully as a topping for salads.<\/p>\n<p>They can even be used in savoury dishes such as sauces for meat or fish.<\/p>\n<p>To create a fruity sauce, simply blend the berries and season with ingredients such as honey, vinegar, thyme or rosemary.<\/p>\n<p>Experiment with different flavour combinations and discover your own favourite ways to enjoy aronia berries.<\/p>\n<p>Cinnamon and cardamom pair especially well with the berry aroma, while ginger adds a pleasantly spicy touch.<\/p>\n<h4><strong>Nutritional values per 100 g<\/strong><\/h4>\n<p>Energy 325 kcal \/ 1368 kJ<br \/>\nFat 1.55 g<br \/>\nof which saturated fatty acids 0.10 g<br \/>\nCarbohydrates 85.30 g<br \/>\nof which sugar 64.90 g<br \/>\nProtein 2.60 g<br \/>\nSalt 0.01 g<\/p>\n","protected":false},"excerpt":{"rendered":"<p>Dried chokeberries (aronia berries)<\/p>\n","protected":false},"featured_media":34600,"comment_status":"open","ping_status":"closed","template":"","meta":{"_et_pb_use_builder":"","_et_pb_old_content":"","_et_gb_content_width":""},"product_brand":[],"product_cat":[352,447],"product_tag":[],"class_list":{"0":"post-50315","1":"product","2":"type-product","3":"status-publish","4":"has-post-thumbnail","6":"product_cat-all-products","7":"product_cat-superfoods","8":"pa_herkunft-bulgaria","9":"pa_weight-100-g","10":"pa_weight-200-g","11":"pa_weight-50-g","13":"first","14":"instock","15":"shipping-taxable","16":"purchasable","17":"product-type-variable","18":"has-default-attributes","19":"add-to-wishlist-before_image"},"yoast_head":"<!-- This site is optimized with the Yoast SEO plugin v27.5 - https:\/\/yoast.com\/product\/yoast-seo-wordpress\/ -->\n<title>Dried Aronia Berries - TeaSense.ch<\/title>\n<meta name=\"description\" content=\"Dried Aronia Berries with an intense fruity and slightly tart flavour. Perfect for tea, muesli, smoothies or snacks. \ud83c\udf47\" \/>\n<meta name=\"robots\" content=\"index, follow, max-snippet:-1, max-image-preview:large, max-video-preview:-1\" \/>\n<link rel=\"canonical\" href=\"https:\/\/teasense.ch\/en\/product\/dried-aronia-berries\/\" \/>\n<meta property=\"og:locale\" content=\"en_US\" \/>\n<meta property=\"og:type\" content=\"article\" \/>\n<meta property=\"og:title\" content=\"Dried Aronia Berries - TeaSense.ch\" \/>\n<meta property=\"og:description\" content=\"Dried Aronia Berries with an intense fruity and slightly tart flavour. Perfect for tea, muesli, smoothies or snacks. \ud83c\udf47\" \/>\n<meta property=\"og:url\" content=\"https:\/\/teasense.ch\/en\/product\/dried-aronia-berries\/\" \/>\n<meta property=\"og:site_name\" content=\"TeaSense.ch\" \/>\n<meta property=\"article:publisher\" content=\"https:\/\/www.facebook.com\/teasense.ch\" \/>\n<meta property=\"article:modified_time\" content=\"2026-05-07T13:44:12+00:00\" \/>\n<meta property=\"og:image\" content=\"https:\/\/teasense.ch\/wp-content\/uploads\/2025\/02\/hibiskus-tee-lose-und-aufgegossen-in-Tassen.png\" \/>\n\t<meta property=\"og:image:width\" content=\"800\" \/>\n\t<meta property=\"og:image:height\" content=\"800\" \/>\n\t<meta property=\"og:image:type\" content=\"image\/png\" \/>\n<meta name=\"twitter:card\" content=\"summary_large_image\" \/>\n<meta name=\"twitter:label1\" content=\"Est. reading time\" \/>\n\t<meta name=\"twitter:data1\" content=\"1 minute\" \/>\n<!-- \/ Yoast SEO plugin. -->","yoast_head_json":{"title":"Dried Aronia Berries - TeaSense.ch","description":"Dried Aronia Berries with an intense fruity and slightly tart flavour. Perfect for tea, muesli, smoothies or snacks. \ud83c\udf47","robots":{"index":"index","follow":"follow","max-snippet":"max-snippet:-1","max-image-preview":"max-image-preview:large","max-video-preview":"max-video-preview:-1"},"canonical":"https:\/\/teasense.ch\/en\/product\/dried-aronia-berries\/","og_locale":"en_US","og_type":"article","og_title":"Dried Aronia Berries - TeaSense.ch","og_description":"Dried Aronia Berries with an intense fruity and slightly tart flavour. Perfect for tea, muesli, smoothies or snacks. \ud83c\udf47","og_url":"https:\/\/teasense.ch\/en\/product\/dried-aronia-berries\/","og_site_name":"TeaSense.ch","article_publisher":"https:\/\/www.facebook.com\/teasense.ch","article_modified_time":"2026-05-07T13:44:12+00:00","og_image":[{"width":800,"height":800,"url":"https:\/\/teasense.ch\/wp-content\/uploads\/2025\/02\/hibiskus-tee-lose-und-aufgegossen-in-Tassen.png","type":"image\/png"}],"twitter_card":"summary_large_image","twitter_misc":{"Est. reading time":"1 minute"},"schema":{"@context":"https:\/\/schema.org","@graph":[{"@type":"WebPage","@id":"https:\/\/teasense.ch\/en\/product\/dried-aronia-berries\/","url":"https:\/\/teasense.ch\/en\/product\/dried-aronia-berries\/","name":"Dried Aronia Berries - TeaSense.ch","isPartOf":{"@id":"https:\/\/teasense.ch\/en\/#website"},"primaryImageOfPage":{"@id":"https:\/\/teasense.ch\/en\/product\/dried-aronia-berries\/#primaryimage"},"image":{"@id":"https:\/\/teasense.ch\/en\/product\/dried-aronia-berries\/#primaryimage"},"thumbnailUrl":"https:\/\/teasense.ch\/wp-content\/uploads\/2023\/08\/bio-aronia-beeren-plain.jpg","datePublished":"2023-08-01T17:00:13+00:00","dateModified":"2026-05-07T13:44:12+00:00","description":"Dried Aronia Berries with an intense fruity and slightly tart flavour. Perfect for tea, muesli, smoothies or snacks. \ud83c\udf47","breadcrumb":{"@id":"https:\/\/teasense.ch\/en\/product\/dried-aronia-berries\/#breadcrumb"},"inLanguage":"en-CH","potentialAction":[{"@type":"ReadAction","target":["https:\/\/teasense.ch\/en\/product\/dried-aronia-berries\/"]}]},{"@type":"ImageObject","inLanguage":"en-CH","@id":"https:\/\/teasense.ch\/en\/product\/dried-aronia-berries\/#primaryimage","url":"https:\/\/teasense.ch\/wp-content\/uploads\/2023\/08\/bio-aronia-beeren-plain.jpg","contentUrl":"https:\/\/teasense.ch\/wp-content\/uploads\/2023\/08\/bio-aronia-beeren-plain.jpg","width":800,"height":800},{"@type":"BreadcrumbList","@id":"https:\/\/teasense.ch\/en\/product\/dried-aronia-berries\/#breadcrumb","itemListElement":[{"@type":"ListItem","position":1,"name":"Startseite","item":"https:\/\/teasense.ch\/en\/"},{"@type":"ListItem","position":2,"name":"Online Tea ShopTee Onlineshop","item":"https:\/\/teasense.ch\/en\/shop\/"},{"@type":"ListItem","position":3,"name":"Dried Aronia Berries"}]},{"@type":"WebSite","@id":"https:\/\/teasense.ch\/en\/#website","url":"https:\/\/teasense.ch\/en\/","name":"TeaSense.ch","description":"Nat\u00fcrliche Teemischungen und klassischer Tee","publisher":{"@id":"https:\/\/teasense.ch\/en\/#organization"},"alternateName":"TeaSense","potentialAction":[{"@type":"SearchAction","target":{"@type":"EntryPoint","urlTemplate":"https:\/\/teasense.ch\/en\/?s={search_term_string}"},"query-input":{"@type":"PropertyValueSpecification","valueRequired":true,"valueName":"search_term_string"}}],"inLanguage":"en-CH"},{"@type":"Organization","@id":"https:\/\/teasense.ch\/en\/#organization","name":"Reale Selection","alternateName":"TeaSense.ch","url":"https:\/\/teasense.ch\/en\/","logo":{"@type":"ImageObject","inLanguage":"en-CH","@id":"https:\/\/teasense.ch\/en\/#\/schema\/logo\/image\/","url":"https:\/\/teasense.ch\/wp-content\/uploads\/2023\/07\/cropped-logo-teasense-kategorie-onlineshop-alle-produkte.jpg","contentUrl":"https:\/\/teasense.ch\/wp-content\/uploads\/2023\/07\/cropped-logo-teasense-kategorie-onlineshop-alle-produkte.jpg","width":512,"height":512,"caption":"Reale Selection"},"image":{"@id":"https:\/\/teasense.ch\/en\/#\/schema\/logo\/image\/"},"sameAs":["https:\/\/www.facebook.com\/teasense.ch"]}]}},"jetpack-related-posts":[{"id":49406,"url":"https:\/\/teasense.ch\/en\/product\/power-fruit-tea\/","url_meta":{"origin":50315,"position":0},"title":"Power Fruit Tea","author":"Reale Selection","date":"10. May 2025","format":false,"excerpt":"Preparation \u2013 Power Fruit Tea \ud83e\udd44 2 g (approx. 1\u20132 tsp) per 200 ml \ud83c\udf21\ufe0f 100 \u00b0C \u23f3 8\u201310 minutes","rel":"","context":"Similar post","block_context":{"text":"Similar post","link":""},"img":{"alt_text":"Power Fr\u00fcchtetee","src":"https:\/\/i0.wp.com\/teasense.ch\/wp-content\/uploads\/2025\/05\/power-fruechtetee.png?resize=350%2C200&ssl=1","width":350,"height":200,"srcset":"https:\/\/i0.wp.com\/teasense.ch\/wp-content\/uploads\/2025\/05\/power-fruechtetee.png?resize=350%2C200&ssl=1 1x, https:\/\/i0.wp.com\/teasense.ch\/wp-content\/uploads\/2025\/05\/power-fruechtetee.png?resize=525%2C300&ssl=1 1.5x, https:\/\/i0.wp.com\/teasense.ch\/wp-content\/uploads\/2025\/05\/power-fruechtetee.png?resize=700%2C400&ssl=1 2x"},"classes":[]},{"id":49648,"url":"https:\/\/teasense.ch\/en\/product\/dried-mango-pieces\/","url_meta":{"origin":50315,"position":1},"title":"Dried Mango Pieces","author":"Reale Selection","date":"26. February 2025","format":false,"excerpt":"Preparation dried mango pieces as tea \ud83e\udd44 1 - 2 tsp per 250 ml water \ud83c\udf21\ufe0f 100 \u00b0C \u23f3 10 - 15 minutes Tip \ud83d\udca1 Tastes great on its own or combined with ginger and lemongrass.","rel":"","context":"Similar post","block_context":{"text":"Similar post","link":""},"img":{"alt_text":"Mango St\u00fccke gezuckert aus Thailand f\u00fcr Tee","src":"https:\/\/i0.wp.com\/teasense.ch\/wp-content\/uploads\/2025\/02\/Mango.png?resize=350%2C200&ssl=1","width":350,"height":200,"srcset":"https:\/\/i0.wp.com\/teasense.ch\/wp-content\/uploads\/2025\/02\/Mango.png?resize=350%2C200&ssl=1 1x, https:\/\/i0.wp.com\/teasense.ch\/wp-content\/uploads\/2025\/02\/Mango.png?resize=525%2C300&ssl=1 1.5x, https:\/\/i0.wp.com\/teasense.ch\/wp-content\/uploads\/2025\/02\/Mango.png?resize=700%2C400&ssl=1 2x"},"classes":[]},{"id":48964,"url":"https:\/\/teasense.ch\/en\/product\/chamomile-flowers\/","url_meta":{"origin":50315,"position":2},"title":"Chamomile Flowers","author":"Reale Selection","date":"23. October 2024","format":false,"excerpt":"Preparation Chamomile Tea \ud83e\udd44 1 tsp per cup \ud83c\udf21\ufe0f 90 \u00b0C \u23f3 5\u20137 minutes","rel":"","context":"Similar post","block_context":{"text":"Similar post","link":""},"img":{"alt_text":"Kamillenbl\u00fcten weisser Hintergrund","src":"https:\/\/i0.wp.com\/teasense.ch\/wp-content\/uploads\/2024\/10\/kamillenblueten-weisser-hintergrund.png?resize=350%2C200&ssl=1","width":350,"height":200,"srcset":"https:\/\/i0.wp.com\/teasense.ch\/wp-content\/uploads\/2024\/10\/kamillenblueten-weisser-hintergrund.png?resize=350%2C200&ssl=1 1x, https:\/\/i0.wp.com\/teasense.ch\/wp-content\/uploads\/2024\/10\/kamillenblueten-weisser-hintergrund.png?resize=525%2C300&ssl=1 1.5x, https:\/\/i0.wp.com\/teasense.ch\/wp-content\/uploads\/2024\/10\/kamillenblueten-weisser-hintergrund.png?resize=700%2C400&ssl=1 2x"},"classes":[]},{"id":50133,"url":"https:\/\/teasense.ch\/en\/product\/dried-currants\/","url_meta":{"origin":50315,"position":3},"title":"Dried Currants","author":"Reale Selection","date":"15. October 2023","format":false,"excerpt":"Seedless, thin-skinned dried grapes with a dark colour Preparation Dried Currants Tea \ud83e\udd44 1\u20132 tsp dried currants \ud83c\udf21\ufe0f 100 \u00b0C \u23f3 5\u201310 minutes","rel":"","context":"Similar post","block_context":{"text":"Similar post","link":""},"img":{"alt_text":"Korinthen eine Rotwein- und Tafeltraubensorte auf weissem Hintergrund.","src":"https:\/\/i0.wp.com\/teasense.ch\/wp-content\/uploads\/2023\/10\/korinthen-plain.jpg?resize=350%2C200&ssl=1","width":350,"height":200,"srcset":"https:\/\/i0.wp.com\/teasense.ch\/wp-content\/uploads\/2023\/10\/korinthen-plain.jpg?resize=350%2C200&ssl=1 1x, https:\/\/i0.wp.com\/teasense.ch\/wp-content\/uploads\/2023\/10\/korinthen-plain.jpg?resize=525%2C300&ssl=1 1.5x, https:\/\/i0.wp.com\/teasense.ch\/wp-content\/uploads\/2023\/10\/korinthen-plain.jpg?resize=700%2C400&ssl=1 2x"},"classes":[]},{"id":50096,"url":"https:\/\/teasense.ch\/en\/product\/mulled-wine-spice\/","url_meta":{"origin":50315,"position":4},"title":"Mulled Wine Spice","author":"Reale Selection","date":"15. October 2023","format":false,"excerpt":"Preparation Mulled Wine \ud83c\udf77 1 bottle red wine or \ud83c\udf4f 1 litre apple juice \ud83e\udd44 2\u20133 tbsp mulled wine spice \ud83c\udf21\ufe0f Heat slowly without boiling \u23f3 Steep for 15\u201320 minutes Optional: \ud83c\udf4a Orange and\/or lemon slices \ud83c\udf6c Sugar to taste","rel":"","context":"Similar post","block_context":{"text":"Similar post","link":""},"img":{"alt_text":"Gl\u00fchweingew\u00fcrz f\u00fcr Wein, Apfelsaft und im Geb\u00e4ck. Zutaten von Nelken bis Fenchel.","src":"https:\/\/i0.wp.com\/teasense.ch\/wp-content\/uploads\/2023\/10\/gluehweingewuerz-plain.jpg?resize=350%2C200&ssl=1","width":350,"height":200,"srcset":"https:\/\/i0.wp.com\/teasense.ch\/wp-content\/uploads\/2023\/10\/gluehweingewuerz-plain.jpg?resize=350%2C200&ssl=1 1x, https:\/\/i0.wp.com\/teasense.ch\/wp-content\/uploads\/2023\/10\/gluehweingewuerz-plain.jpg?resize=525%2C300&ssl=1 1.5x, https:\/\/i0.wp.com\/teasense.ch\/wp-content\/uploads\/2023\/10\/gluehweingewuerz-plain.jpg?resize=700%2C400&ssl=1 2x"},"classes":[]},{"id":49834,"url":"https:\/\/teasense.ch\/en\/product\/fennel-seeds\/","url_meta":{"origin":50315,"position":5},"title":"Fennel Seeds","author":"Reale Selection","date":"1. August 2023","format":false,"excerpt":"Discount due to best before date 09.10.2026 Preparation fennel tea \ud83e\udd44 15 g per litre water \ud83c\udf21\ufe0f 100 \u00b0C \u23f3 5 minutes","rel":"","context":"Similar post","block_context":{"text":"Similar post","link":""},"img":{"alt_text":"Fenchelsamen lose f\u00fcr Tee oder zum Kochen","src":"https:\/\/i0.wp.com\/teasense.ch\/wp-content\/uploads\/2023\/08\/bio-fenchel-plain.jpg?resize=350%2C200&ssl=1","width":350,"height":200,"srcset":"https:\/\/i0.wp.com\/teasense.ch\/wp-content\/uploads\/2023\/08\/bio-fenchel-plain.jpg?resize=350%2C200&ssl=1 1x, https:\/\/i0.wp.com\/teasense.ch\/wp-content\/uploads\/2023\/08\/bio-fenchel-plain.jpg?resize=525%2C300&ssl=1 1.5x, https:\/\/i0.wp.com\/teasense.ch\/wp-content\/uploads\/2023\/08\/bio-fenchel-plain.jpg?resize=700%2C400&ssl=1 2x"},"classes":[]}],"jetpack_sharing_enabled":true,"jetpack_likes_enabled":false,"_links":{"self":[{"href":"https:\/\/teasense.ch\/en\/wp-json\/wp\/v2\/product\/50315","targetHints":{"allow":["GET"]}}],"collection":[{"href":"https:\/\/teasense.ch\/en\/wp-json\/wp\/v2\/product"}],"about":[{"href":"https:\/\/teasense.ch\/en\/wp-json\/wp\/v2\/types\/product"}],"replies":[{"embeddable":true,"href":"https:\/\/teasense.ch\/en\/wp-json\/wp\/v2\/comments?post=50315"}],"wp:featuredmedia":[{"embeddable":true,"href":"https:\/\/teasense.ch\/en\/wp-json\/wp\/v2\/media\/34600"}],"wp:attachment":[{"href":"https:\/\/teasense.ch\/en\/wp-json\/wp\/v2\/media?parent=50315"}],"wp:term":[{"taxonomy":"product_brand","embeddable":true,"href":"https:\/\/teasense.ch\/en\/wp-json\/wp\/v2\/product_brand?post=50315"},{"taxonomy":"product_cat","embeddable":true,"href":"https:\/\/teasense.ch\/en\/wp-json\/wp\/v2\/product_cat?post=50315"},{"taxonomy":"product_tag","embeddable":true,"href":"https:\/\/teasense.ch\/en\/wp-json\/wp\/v2\/product_tag?post=50315"}],"curies":[{"name":"wp","href":"https:\/\/api.w.org\/{rel}","templated":true}]}}