{"id":50769,"date":"2026-05-12T19:52:45","date_gmt":"2026-05-12T17:52:45","guid":{"rendered":"https:\/\/teasense.ch\/produkt\/guarana-drink-powder\/"},"modified":"2026-05-12T19:52:45","modified_gmt":"2026-05-12T17:52:45","slug":"guarana-drink-powder","status":"publish","type":"product","link":"https:\/\/teasense.ch\/en\/product\/guarana-drink-powder\/","title":{"rendered":"Guarana Drink Powder"},"content":{"rendered":"<p>Guarana drink powder is a finely processed product for use in beverages and creative recipe ideas. The taste is slightly bitter and combines well with fruity or plant-based ingredients. <\/p>\n<p>Guarana is widely used in various drink creations today and is a popular ingredient in modern beverages.<\/p>\n<h2>Preparation<\/h2>\n<p>Add half to one teaspoon of guarana drink powder to your beverage of choice and stir well until the powder is evenly distributed. Especially suitable for smoothies, juices, or plant-based drinks. <\/p>\n<h3 data-section-id=\"1p78uxs\" data-start=\"930\" data-end=\"940\">Ingredients<\/h3>\n<ul>\n<li data-start=\"942\" data-end=\"1071\">Dextrin: Used as a carrier to facilitate processing and dosing of the powder.<\/li>\n<li data-start=\"942\" data-end=\"1071\">Guarana-Extrakt aus getrockneten Samen von <em data-start=\"1008\" data-end=\"1026\">Paullinia cupana<\/em><\/li>\n<li data-start=\"942\" data-end=\"1071\">Coffee extract from <em data-start=\"1046\" data-end=\"1062\">Coffea robusta<\/em><\/li>\n<li data-start=\"942\" data-end=\"1071\">Caffeine<\/li>\n<\/ul>\n","protected":false},"excerpt":{"rendered":"<p>\ud83e\udd44 \u00bd\u20131 tsp per drink<br data-start=\"824\" data-end=\"827\">\ud83e\udd64 Stir into smoothies, juices or drinks<br data-start=\"871\" data-end=\"874\">\u2728 Mix well for even distribution<\/p>\n","protected":false},"featured_media":50765,"comment_status":"open","ping_status":"closed","template":"","meta":{"_et_pb_use_builder":"","_et_pb_old_content":"","_et_gb_content_width":""},"product_brand":[],"product_cat":[352,447],"product_tag":[],"class_list":{"0":"post-50769","1":"product","2":"type-product","3":"status-publish","4":"has-post-thumbnail","6":"product_cat-all-products","7":"product_cat-superfoods","8":"pa_herkunft-india","9":"pa_weight-100-g","10":"pa_weight-50-g","12":"first","13":"instock","14":"shipping-taxable","15":"purchasable","16":"product-type-variable","17":"has-default-attributes","18":"add-to-wishlist-before_image"},"yoast_head":"<!-- This site is optimized with the Yoast SEO plugin v27.6 - https:\/\/yoast.com\/product\/yoast-seo-wordpress\/ -->\n<title>Guarana Drink Powder - TeaSense.ch<\/title>\n<meta name=\"description\" content=\"Guarana drink powder for smoothies, juices, and beverages. Finely processed with guarana extract, coffee extract, and carrier for creative drink recipes.\" \/>\n<meta name=\"robots\" content=\"index, follow, max-snippet:-1, max-image-preview:large, max-video-preview:-1\" \/>\n<link rel=\"canonical\" href=\"https:\/\/teasense.ch\/en\/product\/guarana-drink-powder\/\" \/>\n<meta property=\"og:locale\" content=\"en_US\" \/>\n<meta property=\"og:type\" content=\"article\" \/>\n<meta property=\"og:title\" content=\"Guarana Drink Powder - TeaSense.ch\" \/>\n<meta property=\"og:description\" content=\"Guarana drink powder for smoothies, juices, and beverages. Finely processed with guarana extract, coffee extract, and carrier for creative drink recipes.\" \/>\n<meta property=\"og:url\" content=\"https:\/\/teasense.ch\/en\/product\/guarana-drink-powder\/\" \/>\n<meta property=\"og:site_name\" content=\"TeaSense.ch\" \/>\n<meta property=\"article:publisher\" content=\"https:\/\/www.facebook.com\/teasense.ch\" \/>\n<meta property=\"og:image\" content=\"https:\/\/teasense.ch\/wp-content\/uploads\/2026\/05\/guarana-getraenkepulver.png\" \/>\n\t<meta property=\"og:image:width\" content=\"800\" \/>\n\t<meta property=\"og:image:height\" content=\"800\" \/>\n\t<meta property=\"og:image:type\" content=\"image\/png\" \/>\n<meta name=\"twitter:card\" content=\"summary_large_image\" \/>\n<meta name=\"twitter:label1\" content=\"Est. reading time\" \/>\n\t<meta name=\"twitter:data1\" content=\"1 minute\" \/>\n<!-- \/ Yoast SEO plugin. -->","yoast_head_json":{"title":"Guarana Drink Powder - TeaSense.ch","description":"Guarana drink powder for smoothies, juices, and beverages. Finely processed with guarana extract, coffee extract, and carrier for creative drink recipes.","robots":{"index":"index","follow":"follow","max-snippet":"max-snippet:-1","max-image-preview":"max-image-preview:large","max-video-preview":"max-video-preview:-1"},"canonical":"https:\/\/teasense.ch\/en\/product\/guarana-drink-powder\/","og_locale":"en_US","og_type":"article","og_title":"Guarana Drink Powder - TeaSense.ch","og_description":"Guarana drink powder for smoothies, juices, and beverages. Finely processed with guarana extract, coffee extract, and carrier for creative drink recipes.","og_url":"https:\/\/teasense.ch\/en\/product\/guarana-drink-powder\/","og_site_name":"TeaSense.ch","article_publisher":"https:\/\/www.facebook.com\/teasense.ch","og_image":[{"width":800,"height":800,"url":"https:\/\/teasense.ch\/wp-content\/uploads\/2026\/05\/guarana-getraenkepulver.png","type":"image\/png"}],"twitter_card":"summary_large_image","twitter_misc":{"Est. reading time":"1 minute"},"schema":{"@context":"https:\/\/schema.org","@graph":[{"@type":"WebPage","@id":"https:\/\/teasense.ch\/en\/product\/guarana-drink-powder\/","url":"https:\/\/teasense.ch\/en\/product\/guarana-drink-powder\/","name":"Guarana Drink Powder - TeaSense.ch","isPartOf":{"@id":"https:\/\/teasense.ch\/en\/#website"},"primaryImageOfPage":{"@id":"https:\/\/teasense.ch\/en\/product\/guarana-drink-powder\/#primaryimage"},"image":{"@id":"https:\/\/teasense.ch\/en\/product\/guarana-drink-powder\/#primaryimage"},"thumbnailUrl":"https:\/\/teasense.ch\/wp-content\/uploads\/2026\/05\/guarana-getraenkepulver.png","datePublished":"2026-05-12T17:52:45+00:00","description":"Guarana drink powder for smoothies, juices, and beverages. Finely processed with guarana extract, coffee extract, and carrier for creative drink recipes.","breadcrumb":{"@id":"https:\/\/teasense.ch\/en\/product\/guarana-drink-powder\/#breadcrumb"},"inLanguage":"en-CH","potentialAction":[{"@type":"ReadAction","target":["https:\/\/teasense.ch\/en\/product\/guarana-drink-powder\/"]}]},{"@type":"ImageObject","inLanguage":"en-CH","@id":"https:\/\/teasense.ch\/en\/product\/guarana-drink-powder\/#primaryimage","url":"https:\/\/teasense.ch\/wp-content\/uploads\/2026\/05\/guarana-getraenkepulver.png","contentUrl":"https:\/\/teasense.ch\/wp-content\/uploads\/2026\/05\/guarana-getraenkepulver.png","width":800,"height":800,"caption":"Guarana Getr\u00e4nkepulver"},{"@type":"BreadcrumbList","@id":"https:\/\/teasense.ch\/en\/product\/guarana-drink-powder\/#breadcrumb","itemListElement":[{"@type":"ListItem","position":1,"name":"Startseite","item":"https:\/\/teasense.ch\/en\/"},{"@type":"ListItem","position":2,"name":"Online Tea ShopTee Onlineshop","item":"https:\/\/teasense.ch\/en\/shop\/"},{"@type":"ListItem","position":3,"name":"Guarana Drink Powder"}]},{"@type":"WebSite","@id":"https:\/\/teasense.ch\/en\/#website","url":"https:\/\/teasense.ch\/en\/","name":"TeaSense.ch","description":"Nat\u00fcrliche Teemischungen und klassischer Tee","publisher":{"@id":"https:\/\/teasense.ch\/en\/#organization"},"alternateName":"TeaSense","potentialAction":[{"@type":"SearchAction","target":{"@type":"EntryPoint","urlTemplate":"https:\/\/teasense.ch\/en\/?s={search_term_string}"},"query-input":{"@type":"PropertyValueSpecification","valueRequired":true,"valueName":"search_term_string"}}],"inLanguage":"en-CH"},{"@type":"Organization","@id":"https:\/\/teasense.ch\/en\/#organization","name":"Reale Selection","alternateName":"TeaSense.ch","url":"https:\/\/teasense.ch\/en\/","logo":{"@type":"ImageObject","inLanguage":"en-CH","@id":"https:\/\/teasense.ch\/en\/#\/schema\/logo\/image\/","url":"https:\/\/teasense.ch\/wp-content\/uploads\/2023\/07\/cropped-logo-teasense-kategorie-onlineshop-alle-produkte.jpg","contentUrl":"https:\/\/teasense.ch\/wp-content\/uploads\/2023\/07\/cropped-logo-teasense-kategorie-onlineshop-alle-produkte.jpg","width":512,"height":512,"caption":"Reale Selection"},"image":{"@id":"https:\/\/teasense.ch\/en\/#\/schema\/logo\/image\/"},"sameAs":["https:\/\/www.facebook.com\/teasense.ch"]}]}},"jetpack-related-posts":[{"id":50733,"url":"https:\/\/teasense.ch\/en\/product\/beetroot-powder\/","url_meta":{"origin":50769,"position":0},"title":"Beetroot Powder","author":"Reale Selection","date":"12. May 2026","format":false,"excerpt":"\ud83e\udd44 1\u20132 tsp beetroot powder \ud83e\udd64 Stir into drinks or foods \u2764\ufe0f For natural colour and creative recipes","rel":"","context":"Similar post","block_context":{"text":"Similar post","link":""},"img":{"alt_text":"Rote Beete Pulver","src":"https:\/\/i0.wp.com\/teasense.ch\/wp-content\/uploads\/2026\/05\/rbp.png?resize=350%2C200&ssl=1","width":350,"height":200,"srcset":"https:\/\/i0.wp.com\/teasense.ch\/wp-content\/uploads\/2026\/05\/rbp.png?resize=350%2C200&ssl=1 1x, https:\/\/i0.wp.com\/teasense.ch\/wp-content\/uploads\/2026\/05\/rbp.png?resize=525%2C300&ssl=1 1.5x, https:\/\/i0.wp.com\/teasense.ch\/wp-content\/uploads\/2026\/05\/rbp.png?resize=700%2C400&ssl=1 2x"},"classes":[]},{"id":50539,"url":"https:\/\/teasense.ch\/en\/product\/ube-latte-powder\/","url_meta":{"origin":50769,"position":1},"title":"Ube Latte Powder","author":"Reale Selection","date":"9. May 2026","format":false,"excerpt":"Preparation Ube Latte \ud83d\udc9c \ud83e\udd44 2\u20133 g Ube Latte Powder \ud83d\udca7 Mix with 150\u2013200 ml lukewarm water \ud83e\udd5b Combine with milk or plant-based drink \u2728 Sweeten or froth as desired\u2728 Nach Belieben s\u00fcssen oder aufsch\u00e4umen","rel":"","context":"Similar post","block_context":{"text":"Similar post","link":""},"img":{"alt_text":"Ube-Latte-Pulver 100g","src":"https:\/\/i0.wp.com\/teasense.ch\/wp-content\/uploads\/2026\/05\/ube-latte-pulver-100g.png?resize=350%2C200&ssl=1","width":350,"height":200,"srcset":"https:\/\/i0.wp.com\/teasense.ch\/wp-content\/uploads\/2026\/05\/ube-latte-pulver-100g.png?resize=350%2C200&ssl=1 1x, https:\/\/i0.wp.com\/teasense.ch\/wp-content\/uploads\/2026\/05\/ube-latte-pulver-100g.png?resize=525%2C300&ssl=1 1.5x, https:\/\/i0.wp.com\/teasense.ch\/wp-content\/uploads\/2026\/05\/ube-latte-pulver-100g.png?resize=700%2C400&ssl=1 2x"},"classes":[]},{"id":48563,"url":"https:\/\/teasense.ch\/en\/product\/turmeric-spice-mix\/","url_meta":{"origin":50769,"position":2},"title":"Turmeric Spice Mix","author":"Reale Selection","date":"22. October 2025","format":false,"excerpt":"Turmeric with lemongrass, lemon, ginger and coriander Ideal as tea, for cooking or for your turmeric latte Golden colour, 100% natural ingredients \u2013 no additives","rel":"","context":"Similar post","block_context":{"text":"Similar post","link":""},"img":{"alt_text":"Kurkuma Gew\u00fcrz-Mix Zitronengras, Zitrone, Ingwer und Koriander","src":"https:\/\/i0.wp.com\/teasense.ch\/wp-content\/uploads\/2025\/09\/kurkuma-zitrone-1.png?resize=350%2C200&ssl=1","width":350,"height":200,"srcset":"https:\/\/i0.wp.com\/teasense.ch\/wp-content\/uploads\/2025\/09\/kurkuma-zitrone-1.png?resize=350%2C200&ssl=1 1x, https:\/\/i0.wp.com\/teasense.ch\/wp-content\/uploads\/2025\/09\/kurkuma-zitrone-1.png?resize=525%2C300&ssl=1 1.5x, https:\/\/i0.wp.com\/teasense.ch\/wp-content\/uploads\/2025\/09\/kurkuma-zitrone-1.png?resize=700%2C400&ssl=1 2x"},"classes":[]},{"id":50096,"url":"https:\/\/teasense.ch\/en\/product\/mulled-wine-spice\/","url_meta":{"origin":50769,"position":3},"title":"Mulled Wine Spice","author":"Reale Selection","date":"15. October 2023","format":false,"excerpt":"Preparation Mulled Wine \ud83c\udf77 1 bottle red wine or \ud83c\udf4f 1 litre apple juice \ud83e\udd44 2\u20133 tbsp mulled wine spice \ud83c\udf21\ufe0f Heat slowly without boiling \u23f3 Steep for 15\u201320 minutes Optional: \ud83c\udf4a Orange and\/or lemon slices \ud83c\udf6c Sugar to taste","rel":"","context":"Similar post","block_context":{"text":"Similar post","link":""},"img":{"alt_text":"Gl\u00fchweingew\u00fcrz f\u00fcr Wein, Apfelsaft und im Geb\u00e4ck. Zutaten von Nelken bis Fenchel.","src":"https:\/\/i0.wp.com\/teasense.ch\/wp-content\/uploads\/2023\/10\/gluehweingewuerz-plain.jpg?resize=350%2C200&ssl=1","width":350,"height":200,"srcset":"https:\/\/i0.wp.com\/teasense.ch\/wp-content\/uploads\/2023\/10\/gluehweingewuerz-plain.jpg?resize=350%2C200&ssl=1 1x, https:\/\/i0.wp.com\/teasense.ch\/wp-content\/uploads\/2023\/10\/gluehweingewuerz-plain.jpg?resize=525%2C300&ssl=1 1.5x, https:\/\/i0.wp.com\/teasense.ch\/wp-content\/uploads\/2023\/10\/gluehweingewuerz-plain.jpg?resize=700%2C400&ssl=1 2x"},"classes":[]},{"id":49985,"url":"https:\/\/teasense.ch\/en\/product\/clary-sage\/","url_meta":{"origin":50769,"position":4},"title":"Clary Sage","author":"Reale Selection","date":"24. October 2023","format":false,"excerpt":"Salvia sclarea, Roman Sage, Clear Eye Preparation Clary Sage Tea \ud83e\udd44 1 tsp per 200 ml water \ud83c\udf21\ufe0f 90 \u2013 95 \u00b0C \u23f3 5 minutes","rel":"","context":"Similar post","block_context":{"text":"Similar post","link":""},"img":{"alt_text":"Loser Muskatellersalbei","src":"https:\/\/i0.wp.com\/teasense.ch\/wp-content\/uploads\/2023\/10\/muskateller-salbei-mit-weissem-hintergrund.jpg?resize=350%2C200&ssl=1","width":350,"height":200,"srcset":"https:\/\/i0.wp.com\/teasense.ch\/wp-content\/uploads\/2023\/10\/muskateller-salbei-mit-weissem-hintergrund.jpg?resize=350%2C200&ssl=1 1x, https:\/\/i0.wp.com\/teasense.ch\/wp-content\/uploads\/2023\/10\/muskateller-salbei-mit-weissem-hintergrund.jpg?resize=525%2C300&ssl=1 1.5x, https:\/\/i0.wp.com\/teasense.ch\/wp-content\/uploads\/2023\/10\/muskateller-salbei-mit-weissem-hintergrund.jpg?resize=700%2C400&ssl=1 2x"},"classes":[]},{"id":49243,"url":"https:\/\/teasense.ch\/en\/product\/green-rooibos-tea\/","url_meta":{"origin":50769,"position":5},"title":"Green Rooibos Tea","author":"Reale Selection","date":"12. May 2025","format":false,"excerpt":"Preparation \u2013 green rooibos tea \ud83e\udd44 1 tsp per 200 ml (20 g\/litre) \ud83c\udf21\ufe0f 90 \u00b0C \u23f3 5 minutes","rel":"","context":"Similar post","block_context":{"text":"Similar post","link":""},"img":{"alt_text":"Gr\u00fcner Rooibos Tee","src":"https:\/\/i0.wp.com\/teasense.ch\/wp-content\/uploads\/2025\/05\/Gruener-Rooibusch.png?resize=350%2C200&ssl=1","width":350,"height":200,"srcset":"https:\/\/i0.wp.com\/teasense.ch\/wp-content\/uploads\/2025\/05\/Gruener-Rooibusch.png?resize=350%2C200&ssl=1 1x, https:\/\/i0.wp.com\/teasense.ch\/wp-content\/uploads\/2025\/05\/Gruener-Rooibusch.png?resize=525%2C300&ssl=1 1.5x, https:\/\/i0.wp.com\/teasense.ch\/wp-content\/uploads\/2025\/05\/Gruener-Rooibusch.png?resize=700%2C400&ssl=1 2x"},"classes":[]}],"jetpack_sharing_enabled":true,"jetpack_likes_enabled":false,"_links":{"self":[{"href":"https:\/\/teasense.ch\/en\/wp-json\/wp\/v2\/product\/50769","targetHints":{"allow":["GET"]}}],"collection":[{"href":"https:\/\/teasense.ch\/en\/wp-json\/wp\/v2\/product"}],"about":[{"href":"https:\/\/teasense.ch\/en\/wp-json\/wp\/v2\/types\/product"}],"replies":[{"embeddable":true,"href":"https:\/\/teasense.ch\/en\/wp-json\/wp\/v2\/comments?post=50769"}],"wp:featuredmedia":[{"embeddable":true,"href":"https:\/\/teasense.ch\/en\/wp-json\/wp\/v2\/media\/50765"}],"wp:attachment":[{"href":"https:\/\/teasense.ch\/en\/wp-json\/wp\/v2\/media?parent=50769"}],"wp:term":[{"taxonomy":"product_brand","embeddable":true,"href":"https:\/\/teasense.ch\/en\/wp-json\/wp\/v2\/product_brand?post=50769"},{"taxonomy":"product_cat","embeddable":true,"href":"https:\/\/teasense.ch\/en\/wp-json\/wp\/v2\/product_cat?post=50769"},{"taxonomy":"product_tag","embeddable":true,"href":"https:\/\/teasense.ch\/en\/wp-json\/wp\/v2\/product_tag?post=50769"}],"curies":[{"name":"wp","href":"https:\/\/api.w.org\/{rel}","templated":true}]}}