{"id":50949,"date":"2026-05-17T12:47:12","date_gmt":"2026-05-17T10:47:12","guid":{"rendered":"https:\/\/teasense.ch\/produkt\/love-mug\/"},"modified":"2026-05-17T12:47:12","modified_gmt":"2026-05-17T10:47:12","slug":"love-mug","status":"publish","type":"product","link":"https:\/\/teasense.ch\/en\/product\/love-mug\/","title":{"rendered":"Love Mug \u2013 Porcelain 360 ml"},"content":{"rendered":"<p>Some things just make you happy \u2013 every morning, every coffee, every tea.<\/p>\n<p>The Love Mug made from fine porcelain holds 360 ml and brings a little warmth and affection into everyday life.<\/p>\n<p>It makes a wonderful gift for Valentine&#8217;s Day, Mother&#8217;s Day, a birthday or just because.<\/p>\n<h3>Love Mug \u2013 Porcelain mug 360 ml \u2013 available in two lovingly designed motifs \ud83d\udc95<\/h3>\n<p>Heart Rain \u2013 lots of small hearts in pink and red, falling like a gentle rain across the cup.<br \/>\nHeart Mosaic \u2013 many small hearts come together to form one big heart \u2013 a beautiful image of what love is made of.<\/p>\n","protected":false},"excerpt":{"rendered":"<p>1 piece \u2764\ufe0f Porcelain mug 360 ml<br \/>Two different heart designs available.<\/p>\n","protected":false},"featured_media":50941,"comment_status":"open","ping_status":"closed","template":"","meta":{"_et_pb_use_builder":"","_et_pb_old_content":"","_et_gb_content_width":""},"product_brand":[],"product_cat":[352,378,453,371],"product_tag":[],"class_list":{"0":"post-50949","1":"product","2":"type-product","3":"status-publish","4":"has-post-thumbnail","6":"product_cat-all-products","7":"product_cat-loose-leaf-tea","8":"product_cat-tea-accessories","9":"product_cat-tea-gifts","10":"pa_herkunft-germany","12":"first","13":"instock","14":"shipping-taxable","15":"purchasable","16":"product-type-variable","17":"add-to-wishlist-before_image"},"yoast_head":"<!-- This site is optimized with the Yoast SEO plugin v27.6 - https:\/\/yoast.com\/product\/yoast-seo-wordpress\/ -->\n<title>Love Mug \u2013 Porcelain 360 ml - TeaSense.ch<\/title>\n<meta name=\"description\" content=\"Love Mug \u2013 a beautifully designed porcelain mug with heart motif in two variants. A lovely gift for any occasion \u2013 or simply for yourself.\" \/>\n<meta name=\"robots\" content=\"index, follow, max-snippet:-1, max-image-preview:large, max-video-preview:-1\" \/>\n<link rel=\"canonical\" href=\"https:\/\/teasense.ch\/en\/product\/love-mug\/\" \/>\n<meta property=\"og:locale\" content=\"en_US\" \/>\n<meta property=\"og:type\" content=\"article\" \/>\n<meta property=\"og:title\" content=\"Love Mug \u2013 Porcelain 360 ml - TeaSense.ch\" \/>\n<meta property=\"og:description\" content=\"Love Mug \u2013 a beautifully designed porcelain mug with heart motif in two variants. A lovely gift for any occasion \u2013 or simply for yourself.\" \/>\n<meta property=\"og:url\" content=\"https:\/\/teasense.ch\/en\/product\/love-mug\/\" \/>\n<meta property=\"og:site_name\" content=\"TeaSense.ch\" \/>\n<meta property=\"article:publisher\" content=\"https:\/\/www.facebook.com\/teasense.ch\" \/>\n<meta property=\"og:image\" content=\"https:\/\/teasense.ch\/wp-content\/uploads\/2026\/05\/herztassen-\u2013-porzellantassen-360-ml.png\" \/>\n\t<meta property=\"og:image:width\" content=\"800\" \/>\n\t<meta property=\"og:image:height\" content=\"800\" \/>\n\t<meta property=\"og:image:type\" content=\"image\/png\" \/>\n<meta name=\"twitter:card\" content=\"summary_large_image\" \/>\n<!-- \/ Yoast SEO plugin. -->","yoast_head_json":{"title":"Love Mug \u2013 Porcelain 360 ml - TeaSense.ch","description":"Love Mug \u2013 a beautifully designed porcelain mug with heart motif in two variants. A lovely gift for any occasion \u2013 or simply for yourself.","robots":{"index":"index","follow":"follow","max-snippet":"max-snippet:-1","max-image-preview":"max-image-preview:large","max-video-preview":"max-video-preview:-1"},"canonical":"https:\/\/teasense.ch\/en\/product\/love-mug\/","og_locale":"en_US","og_type":"article","og_title":"Love Mug \u2013 Porcelain 360 ml - TeaSense.ch","og_description":"Love Mug \u2013 a beautifully designed porcelain mug with heart motif in two variants. A lovely gift for any occasion \u2013 or simply for yourself.","og_url":"https:\/\/teasense.ch\/en\/product\/love-mug\/","og_site_name":"TeaSense.ch","article_publisher":"https:\/\/www.facebook.com\/teasense.ch","og_image":[{"width":800,"height":800,"url":"https:\/\/teasense.ch\/wp-content\/uploads\/2026\/05\/herztassen-\u2013-porzellantassen-360-ml.png","type":"image\/png"}],"twitter_card":"summary_large_image","schema":{"@context":"https:\/\/schema.org","@graph":[{"@type":"WebPage","@id":"https:\/\/teasense.ch\/en\/product\/love-mug\/","url":"https:\/\/teasense.ch\/en\/product\/love-mug\/","name":"Love Mug \u2013 Porcelain 360 ml - TeaSense.ch","isPartOf":{"@id":"https:\/\/teasense.ch\/en\/#website"},"primaryImageOfPage":{"@id":"https:\/\/teasense.ch\/en\/product\/love-mug\/#primaryimage"},"image":{"@id":"https:\/\/teasense.ch\/en\/product\/love-mug\/#primaryimage"},"thumbnailUrl":"https:\/\/teasense.ch\/wp-content\/uploads\/2026\/05\/herztassen-\u2013-porzellantassen-360-ml.png","datePublished":"2026-05-17T10:47:12+00:00","description":"Love Mug \u2013 a beautifully designed porcelain mug with heart motif in two variants. A lovely gift for any occasion \u2013 or simply for yourself.","breadcrumb":{"@id":"https:\/\/teasense.ch\/en\/product\/love-mug\/#breadcrumb"},"inLanguage":"en-CH","potentialAction":[{"@type":"ReadAction","target":["https:\/\/teasense.ch\/en\/product\/love-mug\/"]}]},{"@type":"ImageObject","inLanguage":"en-CH","@id":"https:\/\/teasense.ch\/en\/product\/love-mug\/#primaryimage","url":"https:\/\/teasense.ch\/wp-content\/uploads\/2026\/05\/herztassen-\u2013-porzellantassen-360-ml.png","contentUrl":"https:\/\/teasense.ch\/wp-content\/uploads\/2026\/05\/herztassen-\u2013-porzellantassen-360-ml.png","width":800,"height":800,"caption":"Herztassen \u2013 Porzellan 360 ml"},{"@type":"BreadcrumbList","@id":"https:\/\/teasense.ch\/en\/product\/love-mug\/#breadcrumb","itemListElement":[{"@type":"ListItem","position":1,"name":"Startseite","item":"https:\/\/teasense.ch\/en\/"},{"@type":"ListItem","position":2,"name":"Online Tea Shop Switzerland","item":"https:\/\/teasense.ch\/en\/shop\/"},{"@type":"ListItem","position":3,"name":"Love Mug \u2013 Porcelain 360 ml"}]},{"@type":"WebSite","@id":"https:\/\/teasense.ch\/en\/#website","url":"https:\/\/teasense.ch\/en\/","name":"TeaSense.ch","description":"Nat\u00fcrliche Teemischungen und klassischer Tee","publisher":{"@id":"https:\/\/teasense.ch\/en\/#organization"},"alternateName":"TeaSense","potentialAction":[{"@type":"SearchAction","target":{"@type":"EntryPoint","urlTemplate":"https:\/\/teasense.ch\/en\/?s={search_term_string}"},"query-input":{"@type":"PropertyValueSpecification","valueRequired":true,"valueName":"search_term_string"}}],"inLanguage":"en-CH"},{"@type":"Organization","@id":"https:\/\/teasense.ch\/en\/#organization","name":"Reale Selection","alternateName":"TeaSense.ch","url":"https:\/\/teasense.ch\/en\/","logo":{"@type":"ImageObject","inLanguage":"en-CH","@id":"https:\/\/teasense.ch\/en\/#\/schema\/logo\/image\/","url":"https:\/\/teasense.ch\/wp-content\/uploads\/2023\/07\/cropped-logo-teasense-kategorie-onlineshop-alle-produkte.jpg","contentUrl":"https:\/\/teasense.ch\/wp-content\/uploads\/2023\/07\/cropped-logo-teasense-kategorie-onlineshop-alle-produkte.jpg","width":512,"height":512,"caption":"Reale Selection"},"image":{"@id":"https:\/\/teasense.ch\/en\/#\/schema\/logo\/image\/"},"sameAs":["https:\/\/www.facebook.com\/teasense.ch"]}]}},"jetpack-related-posts":[{"id":49104,"url":"https:\/\/teasense.ch\/en\/product\/porcelain-tea-mug-with-lid-infuser-hehua\/","url_meta":{"origin":50949,"position":0},"title":"Porcelain Tea Mug with Lid &#038; Infuser \u2013 Hehua","author":"Reale Selection","date":"28. October 2024","format":false,"excerpt":"Set: cup, infuser and lid (without gift packaging) Capacity: 360 ml","rel":"","context":"Similar post","block_context":{"text":"Similar post","link":""},"img":{"alt_text":"Porzellan Deckelbecher Hehua aussen","src":"https:\/\/i0.wp.com\/teasense.ch\/wp-content\/uploads\/2024\/10\/porzellan-deckelbecher-hehua-aussen.png?resize=350%2C200&ssl=1","width":350,"height":200,"srcset":"https:\/\/i0.wp.com\/teasense.ch\/wp-content\/uploads\/2024\/10\/porzellan-deckelbecher-hehua-aussen.png?resize=350%2C200&ssl=1 1x, https:\/\/i0.wp.com\/teasense.ch\/wp-content\/uploads\/2024\/10\/porzellan-deckelbecher-hehua-aussen.png?resize=525%2C300&ssl=1 1.5x, https:\/\/i0.wp.com\/teasense.ch\/wp-content\/uploads\/2024\/10\/porzellan-deckelbecher-hehua-aussen.png?resize=700%2C400&ssl=1 2x"},"classes":[]},{"id":49931,"url":"https:\/\/teasense.ch\/en\/product\/porcelain-tea-mug-yoshino\/","url_meta":{"origin":50949,"position":1},"title":"Porcelain Tea Mug Yoshino","author":"Reale Selection","date":"29. October 2024","format":false,"excerpt":"Mug, infuser and lid (without gift packaging) Capacity: 320 ml","rel":"","context":"Similar post","block_context":{"text":"Similar post","link":""},"img":{"alt_text":"Porzellan Deckelbecher Yoshino Varianten","src":"https:\/\/i0.wp.com\/teasense.ch\/wp-content\/uploads\/2024\/10\/porzellan-deckelbecher-yoshino-varianten.png?resize=350%2C200&ssl=1","width":350,"height":200,"srcset":"https:\/\/i0.wp.com\/teasense.ch\/wp-content\/uploads\/2024\/10\/porzellan-deckelbecher-yoshino-varianten.png?resize=350%2C200&ssl=1 1x, https:\/\/i0.wp.com\/teasense.ch\/wp-content\/uploads\/2024\/10\/porzellan-deckelbecher-yoshino-varianten.png?resize=525%2C300&ssl=1 1.5x, https:\/\/i0.wp.com\/teasense.ch\/wp-content\/uploads\/2024\/10\/porzellan-deckelbecher-yoshino-varianten.png?resize=700%2C400&ssl=1 2x"},"classes":[]},{"id":49934,"url":"https:\/\/teasense.ch\/fr\/product\/mug-en-porcelaine-avec-couvercle-yoshino\/","url_meta":{"origin":50949,"position":2},"title":"Mug en porcelaine avec couvercle Yoshino","author":"Reale Selection","date":"29. October 2024","format":false,"excerpt":"Tasse, filtre et couvercle (sans emballage cadeau) Contenance : 320 ml","rel":"","context":"Similar post","block_context":{"text":"Similar post","link":""},"img":{"alt_text":"Porzellan Deckelbecher Yoshino Varianten","src":"https:\/\/i0.wp.com\/teasense.ch\/wp-content\/uploads\/2024\/10\/porzellan-deckelbecher-yoshino-varianten.png?resize=350%2C200&ssl=1","width":350,"height":200,"srcset":"https:\/\/i0.wp.com\/teasense.ch\/wp-content\/uploads\/2024\/10\/porzellan-deckelbecher-yoshino-varianten.png?resize=350%2C200&ssl=1 1x, https:\/\/i0.wp.com\/teasense.ch\/wp-content\/uploads\/2024\/10\/porzellan-deckelbecher-yoshino-varianten.png?resize=525%2C300&ssl=1 1.5x, https:\/\/i0.wp.com\/teasense.ch\/wp-content\/uploads\/2024\/10\/porzellan-deckelbecher-yoshino-varianten.png?resize=700%2C400&ssl=1 2x"},"classes":[]},{"id":50953,"url":"https:\/\/teasense.ch\/fr\/product\/tasse-coeur\/","url_meta":{"origin":50949,"position":3},"title":"Tasse C\u0153ur \u2013 Porcelaine 360 ml","author":"Reale Selection","date":"17. May 2026","format":false,"excerpt":"1 pi\u00e8ce \u2764\ufe0f Tasse en porcelaine 360 mlDeux motifs c\u0153ur au choix.","rel":"","context":"Similar post","block_context":{"text":"Similar post","link":""},"img":{"alt_text":"Herztassen \u2013 Porzellan 360 ml","src":"https:\/\/i0.wp.com\/teasense.ch\/wp-content\/uploads\/2026\/05\/herztassen-%E2%80%93-porzellantassen-360-ml.png?resize=350%2C200&ssl=1","width":350,"height":200,"srcset":"https:\/\/i0.wp.com\/teasense.ch\/wp-content\/uploads\/2026\/05\/herztassen-%E2%80%93-porzellantassen-360-ml.png?resize=350%2C200&ssl=1 1x, https:\/\/i0.wp.com\/teasense.ch\/wp-content\/uploads\/2026\/05\/herztassen-%E2%80%93-porzellantassen-360-ml.png?resize=525%2C300&ssl=1 1.5x, https:\/\/i0.wp.com\/teasense.ch\/wp-content\/uploads\/2026\/05\/herztassen-%E2%80%93-porzellantassen-360-ml.png?resize=700%2C400&ssl=1 2x"},"classes":[]},{"id":49056,"url":"https:\/\/teasense.ch\/fr\/product\/coffret-cadeau-the-avec-tasse-tisane\/","url_meta":{"origin":50949,"position":4},"title":"Coffret cadeau th\u00e9 avec tasse &#038; tisane","author":"Reale Selection","date":"27. July 2025","format":false,"excerpt":"\ud83e\udd44 1\u20132 cuill\u00e8res \u00e0 caf\u00e9 par tasse \ud83c\udf21\ufe0f 95\u2013100 \u00b0C \u23f3 5\u201310 minutes","rel":"","context":"Similar post","block_context":{"text":"Similar post","link":""},"img":{"alt_text":"Tee Geschenkset mit Tasse & Kr\u00e4utertee","src":"https:\/\/i0.wp.com\/teasense.ch\/wp-content\/uploads\/2025\/07\/Tee-Geschenkset-mit-Tasse-Kraeutertee.png?resize=350%2C200&ssl=1","width":350,"height":200,"srcset":"https:\/\/i0.wp.com\/teasense.ch\/wp-content\/uploads\/2025\/07\/Tee-Geschenkset-mit-Tasse-Kraeutertee.png?resize=350%2C200&ssl=1 1x, https:\/\/i0.wp.com\/teasense.ch\/wp-content\/uploads\/2025\/07\/Tee-Geschenkset-mit-Tasse-Kraeutertee.png?resize=525%2C300&ssl=1 1.5x, https:\/\/i0.wp.com\/teasense.ch\/wp-content\/uploads\/2025\/07\/Tee-Geschenkset-mit-Tasse-Kraeutertee.png?resize=700%2C400&ssl=1 2x"},"classes":[]},{"id":49105,"url":"https:\/\/teasense.ch\/fr\/product\/tasse-a-the-avec-couvercle-et-filtre-hehua\/","url_meta":{"origin":50949,"position":5},"title":"Tasse \u00e0 th\u00e9 avec couvercle et filtre \u2013 Hehua","author":"Reale Selection","date":"28. October 2024","format":false,"excerpt":"Set : tasse, filtre et couvercle (sans emballage cadeau) Capacit\u00e9 : 360 ml","rel":"","context":"Similar post","block_context":{"text":"Similar post","link":""},"img":{"alt_text":"Porzellan Deckelbecher Hehua aussen","src":"https:\/\/i0.wp.com\/teasense.ch\/wp-content\/uploads\/2024\/10\/porzellan-deckelbecher-hehua-aussen.png?resize=350%2C200&ssl=1","width":350,"height":200,"srcset":"https:\/\/i0.wp.com\/teasense.ch\/wp-content\/uploads\/2024\/10\/porzellan-deckelbecher-hehua-aussen.png?resize=350%2C200&ssl=1 1x, https:\/\/i0.wp.com\/teasense.ch\/wp-content\/uploads\/2024\/10\/porzellan-deckelbecher-hehua-aussen.png?resize=525%2C300&ssl=1 1.5x, https:\/\/i0.wp.com\/teasense.ch\/wp-content\/uploads\/2024\/10\/porzellan-deckelbecher-hehua-aussen.png?resize=700%2C400&ssl=1 2x"},"classes":[]}],"jetpack_sharing_enabled":true,"jetpack_likes_enabled":false,"_links":{"self":[{"href":"https:\/\/teasense.ch\/en\/wp-json\/wp\/v2\/product\/50949","targetHints":{"allow":["GET"]}}],"collection":[{"href":"https:\/\/teasense.ch\/en\/wp-json\/wp\/v2\/product"}],"about":[{"href":"https:\/\/teasense.ch\/en\/wp-json\/wp\/v2\/types\/product"}],"replies":[{"embeddable":true,"href":"https:\/\/teasense.ch\/en\/wp-json\/wp\/v2\/comments?post=50949"}],"wp:featuredmedia":[{"embeddable":true,"href":"https:\/\/teasense.ch\/en\/wp-json\/wp\/v2\/media\/50941"}],"wp:attachment":[{"href":"https:\/\/teasense.ch\/en\/wp-json\/wp\/v2\/media?parent=50949"}],"wp:term":[{"taxonomy":"product_brand","embeddable":true,"href":"https:\/\/teasense.ch\/en\/wp-json\/wp\/v2\/product_brand?post=50949"},{"taxonomy":"product_cat","embeddable":true,"href":"https:\/\/teasense.ch\/en\/wp-json\/wp\/v2\/product_cat?post=50949"},{"taxonomy":"product_tag","embeddable":true,"href":"https:\/\/teasense.ch\/en\/wp-json\/wp\/v2\/product_tag?post=50949"}],"curies":[{"name":"wp","href":"https:\/\/api.w.org\/{rel}","templated":true}]}}