{"id":33272,"date":"2023-07-05T18:19:25","date_gmt":"2023-07-05T16:19:25","guid":{"rendered":"https:\/\/teasense.ch\/?post_type=product&#038;p=33272"},"modified":"2025-06-15T20:12:57","modified_gmt":"2025-06-15T18:12:57","slug":"loewenzahnblueten","status":"publish","type":"product","link":"https:\/\/teasense.ch\/fr\/produit\/loewenzahnblueten\/","title":{"rendered":"L\u00f6wenzahnbl\u00fcten"},"content":{"rendered":"<h2 data-pm-slice=\"1 1 []\">L\u00f6wenzahnbl\u00fcten getrocknet \u2013 Ein Hauch von Natur in deiner Tasse<\/h2>\n<p>Die feinen Aromen unserer getrockneten L\u00f6wenzahnbl\u00fcten erinnern an sonnige Tage und unber\u00fchrte Natur. Ihre Vielseitigkeit macht sie zu einem unverzichtbaren Bestandteil f\u00fcr kulinarische Experimente. Ob als Teezutat, s\u00fcsser Brotaufstrich oder als Geheimzutat f\u00fcr k\u00f6stliche Desserts \u2013 sie verleihen jedem Gericht eine einzigartige Note.<\/p>\n<p>L\u00f6wenzahnbl\u00fcten sind ein echter Allrounder und k\u00f6nnen auf verschiedenste Weise in der K\u00fcche verwendet werden. Du kannst mit den Bl\u00fcten L\u00f6wenzahnbl\u00fctensirup oder L\u00f6wenzahnmelasse selbst herstellen oder die getrockneten L\u00f6wenzahnbl\u00fcten als Hingucker in kalten Gerichten verwenden. Unter den Superfoods ist L\u00f6wenzahn ein echter Geheimtipp und begeistert durch seinen feinen, leicht honigartigen Geschmack.<\/p>\n<h3>L\u00f6wenzahntee Zubereitung<\/h3>\n<p>Giesse zwei Essl\u00f6ffel der getrockneten Bl\u00fcten mit ungef\u00e4hr 200 ml sprudelnd heissem Wasser auf. Anschliessend sollte der Aufguss zehn Minuten ziehen, bevor du die Bl\u00fcten entfernst. Falls du deinen Tee lieber etwas s\u00fcsser magst, kannst du ihn mit einem Kandisstick nach Belieben s\u00fcssen.<\/p>\n<h3>L\u00f6wenzahnhonig \u2013 Bl\u00fctenhonig vegan<\/h3>\n<p>L\u00f6wenzahnhonig, auch als L\u00f6wenzahnmelasse bekannt, ist eine wunderbare vegane Alternative zu Honig. Er eignet sich hervorragend als Brotaufstrich und kann auch zum S\u00fcssen von Tee oder M\u00fcsli verwendet werden. Die Zubereitung ist einfach und lohnt sich f\u00fcr alle, die nat\u00fcrliche Aromen lieben.<\/p>\n<h4>Zutaten:<\/h4>\n<ul data-spread=\"false\">\n<li>10 g getrocknete L\u00f6wenzahnbl\u00fcten<\/li>\n<li>\u00bd Liter Wasser<\/li>\n<li>\u00bd kg Zucker<\/li>\n<li>Saft von \u00bd\u20131 Zitrone<\/li>\n<\/ul>\n<h4>Zubereitung:<\/h4>\n<ol start=\"1\" data-spread=\"false\">\n<li>Die getrockneten L\u00f6wenzahnbl\u00fcten in einem Topf mit \u00bd Liter Wasser f\u00fcr 20 Minuten aufkochen lassen.<\/li>\n<li>\u00dcber Nacht die Bl\u00fcten im Sud ziehen lassen.<\/li>\n<li>Die Mischung durch ein feines Sieb streichen und nach Bedarf zum Kl\u00e4ren durch ein Gazetuch filtern.<\/li>\n<li>Den Sud in einen Topf geben und mit \u00bd kg Zucker sowie dem Zitronensaft aufkochen lassen.<\/li>\n<li>Den Sirup f\u00fcr ca. 2 \u00bd Stunden einkochen, bis er eine dickfl\u00fcssige Konsistenz erh\u00e4lt.<\/li>\n<li>Die fertige L\u00f6wenzahnbl\u00fcten-Melasse in sterilisierte Gl\u00e4ser abf\u00fcllen, verschliessen und f\u00fcr kurze Zeit auf den Kopf stellen, damit sie abk\u00fchlt.<\/li>\n<\/ol>\n<h3>Fazit: Ein nat\u00fcrliches Geschmackserlebnis<\/h3>\n<p>Wir laden dich ein, dieses Rezept auszuprobieren und dich von den wunderbaren Geschmacksnuancen der L\u00f6wenzahnbl\u00fcten verzaubern zu lassen. Egal, ob als Tee, in Desserts oder als s\u00fcsser Brotaufstrich \u2013 die Vielseitigkeit dieser Bl\u00fcten ist beeindruckend. Tauche ein in die Welt der nat\u00fcrlichen Aromen und entdecke die unendlichen M\u00f6glichkeiten, die diese besonderen Bl\u00fcten bieten.<\/p>\n","protected":false},"excerpt":{"rendered":"<p>L\u00f6wenzahnbl\u00fcten getrocknet<br \/>\nDu kannst die gelben Bl\u00fcten verarbeiten oder einfach roh essen.<\/p>\n","protected":false},"featured_media":33274,"comment_status":"closed","ping_status":"closed","template":"","meta":{"_et_pb_use_builder":"","_et_pb_old_content":"","_et_gb_content_width":""},"product_brand":[],"product_cat":[74,19,155,66],"product_tag":[],"class_list":{"0":"post-33272","1":"product","2":"type-product","3":"status-publish","4":"has-post-thumbnail","6":"product_cat-alle-produkte","7":"product_cat-tee","8":"product_cat-monokraeuter","9":"product_cat-superfood","10":"pa_herkunft-bosnien-und-herzegowina","11":"pa_weight-100-g","12":"pa_weight-50-g","14":"first","15":"outofstock","16":"product-type-variable","17":"has-default-attributes","18":"add-to-wishlist-before_image"},"yoast_head":"<!-- This site is optimized with the Yoast SEO plugin v27.4 - https:\/\/yoast.com\/product\/yoast-seo-wordpress\/ -->\n<title>L\u00f6wenzahnbl\u00fcten - TeaSense.ch - Tee Shop Schweiz<\/title>\n<meta name=\"description\" content=\"Einmal bl\u00fchten unsere getrockneten L\u00f6wenzahnbl\u00fcten in der Natur voller Pracht. Mach dir einen L\u00f6wenzahntee mit unseren getrockneten L\u00f6wenzahnbl\u00fcten.\" \/>\n<meta name=\"robots\" content=\"index, follow, max-snippet:-1, max-image-preview:large, max-video-preview:-1\" \/>\n<link rel=\"canonical\" href=\"https:\/\/teasense.ch\/fr\/produit\/loewenzahnblueten\/\" \/>\n<meta property=\"og:locale\" content=\"fr_FR\" \/>\n<meta property=\"og:type\" content=\"article\" \/>\n<meta property=\"og:title\" content=\"L\u00f6wenzahnbl\u00fcten - TeaSense.ch - Tee Shop Schweiz\" \/>\n<meta property=\"og:description\" content=\"Einmal bl\u00fchten unsere getrockneten L\u00f6wenzahnbl\u00fcten in der Natur voller Pracht. Mach dir einen L\u00f6wenzahntee mit unseren getrockneten L\u00f6wenzahnbl\u00fcten.\" \/>\n<meta property=\"og:url\" content=\"https:\/\/teasense.ch\/fr\/produit\/loewenzahnblueten\/\" \/>\n<meta property=\"og:site_name\" content=\"TeaSense.ch - Tee Shop Schweiz\" \/>\n<meta property=\"article:publisher\" content=\"https:\/\/www.facebook.com\/teasense.ch\" \/>\n<meta property=\"article:modified_time\" content=\"2025-06-15T18:12:57+00:00\" \/>\n<meta property=\"og:image\" content=\"https:\/\/teasense.ch\/wp-content\/uploads\/2023\/07\/loewenzahnblueten-bio-teasensech.jpg\" \/>\n\t<meta property=\"og:image:width\" content=\"800\" \/>\n\t<meta property=\"og:image:height\" content=\"800\" \/>\n\t<meta property=\"og:image:type\" content=\"image\/jpeg\" \/>\n<meta name=\"twitter:card\" content=\"summary_large_image\" \/>\n<meta name=\"twitter:label1\" content=\"Est. reading time\" \/>\n\t<meta name=\"twitter:data1\" content=\"3 minutes\" \/>\n<!-- \/ Yoast SEO plugin. -->","yoast_head_json":{"title":"L\u00f6wenzahnbl\u00fcten - TeaSense.ch - Tee Shop Schweiz","description":"Einmal bl\u00fchten unsere getrockneten L\u00f6wenzahnbl\u00fcten in der Natur voller Pracht. Mach dir einen L\u00f6wenzahntee mit unseren getrockneten L\u00f6wenzahnbl\u00fcten.","robots":{"index":"index","follow":"follow","max-snippet":"max-snippet:-1","max-image-preview":"max-image-preview:large","max-video-preview":"max-video-preview:-1"},"canonical":"https:\/\/teasense.ch\/fr\/produit\/loewenzahnblueten\/","og_locale":"fr_FR","og_type":"article","og_title":"L\u00f6wenzahnbl\u00fcten - TeaSense.ch - Tee Shop Schweiz","og_description":"Einmal bl\u00fchten unsere getrockneten L\u00f6wenzahnbl\u00fcten in der Natur voller Pracht. Mach dir einen L\u00f6wenzahntee mit unseren getrockneten L\u00f6wenzahnbl\u00fcten.","og_url":"https:\/\/teasense.ch\/fr\/produit\/loewenzahnblueten\/","og_site_name":"TeaSense.ch - Tee Shop Schweiz","article_publisher":"https:\/\/www.facebook.com\/teasense.ch","article_modified_time":"2025-06-15T18:12:57+00:00","og_image":[{"width":800,"height":800,"url":"https:\/\/teasense.ch\/wp-content\/uploads\/2023\/07\/loewenzahnblueten-bio-teasensech.jpg","type":"image\/jpeg"}],"twitter_card":"summary_large_image","twitter_misc":{"Est. reading time":"3 minutes"},"schema":{"@context":"https:\/\/schema.org","@graph":[{"@type":"WebPage","@id":"https:\/\/teasense.ch\/fr\/produit\/loewenzahnblueten\/","url":"https:\/\/teasense.ch\/fr\/produit\/loewenzahnblueten\/","name":"L\u00f6wenzahnbl\u00fcten - TeaSense.ch - Tee Shop Schweiz","isPartOf":{"@id":"https:\/\/teasense.ch\/fr\/#website"},"primaryImageOfPage":{"@id":"https:\/\/teasense.ch\/fr\/produit\/loewenzahnblueten\/#primaryimage"},"image":{"@id":"https:\/\/teasense.ch\/fr\/produit\/loewenzahnblueten\/#primaryimage"},"thumbnailUrl":"https:\/\/teasense.ch\/wp-content\/uploads\/2023\/07\/loewenzahnblueten-bio-teasensech.jpg","datePublished":"2023-07-05T16:19:25+00:00","dateModified":"2025-06-15T18:12:57+00:00","description":"Einmal bl\u00fchten unsere getrockneten L\u00f6wenzahnbl\u00fcten in der Natur voller Pracht. Mach dir einen L\u00f6wenzahntee mit unseren getrockneten L\u00f6wenzahnbl\u00fcten.","breadcrumb":{"@id":"https:\/\/teasense.ch\/fr\/produit\/loewenzahnblueten\/#breadcrumb"},"inLanguage":"fr-CH","potentialAction":[{"@type":"ReadAction","target":["https:\/\/teasense.ch\/fr\/produit\/loewenzahnblueten\/"]}]},{"@type":"ImageObject","inLanguage":"fr-CH","@id":"https:\/\/teasense.ch\/fr\/produit\/loewenzahnblueten\/#primaryimage","url":"https:\/\/teasense.ch\/wp-content\/uploads\/2023\/07\/loewenzahnblueten-bio-teasensech.jpg","contentUrl":"https:\/\/teasense.ch\/wp-content\/uploads\/2023\/07\/loewenzahnblueten-bio-teasensech.jpg","width":800,"height":800,"caption":"Loewenzahnblueten lose und getrocknet mit einem L\u00f6wenzahn als Bildelement."},{"@type":"BreadcrumbList","@id":"https:\/\/teasense.ch\/fr\/produit\/loewenzahnblueten\/#breadcrumb","itemListElement":[{"@type":"ListItem","position":1,"name":"Startseite","item":"https:\/\/teasense.ch\/fr\/startseite\/"},{"@type":"ListItem","position":2,"name":"Boutique de th\u00e9 en ligne","item":"https:\/\/teasense.ch\/fr\/shop\/"},{"@type":"ListItem","position":3,"name":"L\u00f6wenzahnbl\u00fcten"}]},{"@type":"WebSite","@id":"https:\/\/teasense.ch\/fr\/#website","url":"https:\/\/teasense.ch\/fr\/","name":"TeaSense.ch","description":"Nat\u00fcrliche Teemischungen und klassischer Tee","publisher":{"@id":"https:\/\/teasense.ch\/fr\/#organization"},"alternateName":"TeaSense","potentialAction":[{"@type":"SearchAction","target":{"@type":"EntryPoint","urlTemplate":"https:\/\/teasense.ch\/fr\/?s={search_term_string}"},"query-input":{"@type":"PropertyValueSpecification","valueRequired":true,"valueName":"search_term_string"}}],"inLanguage":"fr-CH"},{"@type":"Organization","@id":"https:\/\/teasense.ch\/fr\/#organization","name":"Reale Selection","alternateName":"TeaSense.ch","url":"https:\/\/teasense.ch\/fr\/","logo":{"@type":"ImageObject","inLanguage":"fr-CH","@id":"https:\/\/teasense.ch\/fr\/#\/schema\/logo\/image\/","url":"https:\/\/teasense.ch\/wp-content\/uploads\/2023\/07\/cropped-logo-teasense-kategorie-onlineshop-alle-produkte.jpg","contentUrl":"https:\/\/teasense.ch\/wp-content\/uploads\/2023\/07\/cropped-logo-teasense-kategorie-onlineshop-alle-produkte.jpg","width":512,"height":512,"caption":"Reale Selection"},"image":{"@id":"https:\/\/teasense.ch\/fr\/#\/schema\/logo\/image\/"},"sameAs":["https:\/\/www.facebook.com\/teasense.ch"]}]}},"jetpack-related-posts":[{"id":38033,"url":"https:\/\/teasense.ch\/fr\/produit\/rosenblueten\/","url_meta":{"origin":33272,"position":0},"title":"Rosenbl\u00fcten","author":"Reale Selection","date":"15. October 2023","format":false,"excerpt":"Rosentee der Rosengew\u00e4chse (Rosaceae) Rosenbl\u00fctentee Zubereitung \ud83e\udd44 1-2 TL pro Tasse (150 ml) \ud83c\udf21\ufe0f 100\u00b0C \u23f3 5-10 Minuten","rel":"","context":"Similar post","block_context":{"text":"Similar post","link":""},"img":{"alt_text":"Rosenbl\u00fcten mit weissem Hintergrund f\u00fcr die Verwendung von Tee und Gerichte.","src":"https:\/\/i0.wp.com\/teasense.ch\/wp-content\/uploads\/2023\/10\/rosenblueten-plain.jpg?resize=350%2C200&ssl=1","width":350,"height":200,"srcset":"https:\/\/i0.wp.com\/teasense.ch\/wp-content\/uploads\/2023\/10\/rosenblueten-plain.jpg?resize=350%2C200&ssl=1 1x, https:\/\/i0.wp.com\/teasense.ch\/wp-content\/uploads\/2023\/10\/rosenblueten-plain.jpg?resize=525%2C300&ssl=1 1.5x, https:\/\/i0.wp.com\/teasense.ch\/wp-content\/uploads\/2023\/10\/rosenblueten-plain.jpg?resize=700%2C400&ssl=1 2x"},"classes":[]},{"id":43222,"url":"https:\/\/teasense.ch\/fr\/produit\/kamillenblueten\/","url_meta":{"origin":33272,"position":1},"title":"Kamillenbl\u00fcten","author":"Reale Selection","date":"23. October 2024","format":false,"excerpt":"Rabatt wegen MHD 31.07.2026 Zubereitung Kamillenbl\u00fcten Tee \ud83e\udd44 1 TL pro Tasse) \ud83c\udf21\ufe0f 90\u00b0C \u23f3 5 - 7\u00a0Minuten","rel":"","context":"Similar post","block_context":{"text":"Similar post","link":""},"img":{"alt_text":"Kamillenbl\u00fcten weisser Hintergrund","src":"https:\/\/i0.wp.com\/teasense.ch\/wp-content\/uploads\/2024\/10\/kamillenblueten-weisser-hintergrund.png?resize=350%2C200&ssl=1","width":350,"height":200,"srcset":"https:\/\/i0.wp.com\/teasense.ch\/wp-content\/uploads\/2024\/10\/kamillenblueten-weisser-hintergrund.png?resize=350%2C200&ssl=1 1x, https:\/\/i0.wp.com\/teasense.ch\/wp-content\/uploads\/2024\/10\/kamillenblueten-weisser-hintergrund.png?resize=525%2C300&ssl=1 1.5x, https:\/\/i0.wp.com\/teasense.ch\/wp-content\/uploads\/2024\/10\/kamillenblueten-weisser-hintergrund.png?resize=700%2C400&ssl=1 2x"},"classes":[]},{"id":46996,"url":"https:\/\/teasense.ch\/fr\/produit\/maedesuessblueten-tee\/","url_meta":{"origin":33272,"position":2},"title":"M\u00e4des\u00fcssbl\u00fcten Tee","author":"Reale Selection","date":"14. September 2025","format":false,"excerpt":"M\u00e4des\u00fcssbl\u00fcten mit Kraut, gerebelt Zubereitung M\u00e4des\u00fcssbl\u00fcten Tee \ud83e\udd44 1\u20132 TL pro Tasse \ud83c\udf21\ufe0f 95\u2013100 \u00b0C \u23f3 8\u201310 Min. ziehen lassen","rel":"","context":"Similar post","block_context":{"text":"Similar post","link":""},"img":{"alt_text":"M\u00e4des\u00fcssbl\u00fcten mit Kraut bio gerebelt, Spierblume, Wiesengeissbart, spireae ulmariae flos cum herba","src":"https:\/\/i0.wp.com\/teasense.ch\/wp-content\/uploads\/2025\/09\/maedesuessblueten-mit-kraut-bio-gerebelt-spierblume-wiesengeissbart-spireae-ulmariae-flos-cum-herba.png?resize=350%2C200&ssl=1","width":350,"height":200,"srcset":"https:\/\/i0.wp.com\/teasense.ch\/wp-content\/uploads\/2025\/09\/maedesuessblueten-mit-kraut-bio-gerebelt-spierblume-wiesengeissbart-spireae-ulmariae-flos-cum-herba.png?resize=350%2C200&ssl=1 1x, https:\/\/i0.wp.com\/teasense.ch\/wp-content\/uploads\/2025\/09\/maedesuessblueten-mit-kraut-bio-gerebelt-spierblume-wiesengeissbart-spireae-ulmariae-flos-cum-herba.png?resize=525%2C300&ssl=1 1.5x, https:\/\/i0.wp.com\/teasense.ch\/wp-content\/uploads\/2025\/09\/maedesuessblueten-mit-kraut-bio-gerebelt-spierblume-wiesengeissbart-spireae-ulmariae-flos-cum-herba.png?resize=700%2C400&ssl=1 2x"},"classes":[]},{"id":34843,"url":"https:\/\/teasense.ch\/fr\/produit\/hibiskusblueten-pulver\/","url_meta":{"origin":33272,"position":3},"title":"Hibiskusbl\u00fcten Pulver","author":"Reale Selection","date":"8. August 2023","format":false,"excerpt":"Hibiskusbl\u00fcten (Hibiscus sabdariffa) gemahlen Karkadenbl\u00fcten Pulver Zubereitung Hibiskusbl\u00fctenpulver \ud83e\udd44 1 Teel\u00f6ffel (ca. 2 g) pro Tasse\ud83c\udf21\ufe0f 95\u2013100 \u00b0C heisses Wasser\ud83e\udd64 Pulver direkt einr\u00fchren und kurz umr\u00fchren","rel":"","context":"Similar post","block_context":{"text":"Similar post","link":""},"img":{"alt_text":"Hibiskusbl\u00fcten Pulver auf L\u00f6ffel","src":"https:\/\/i0.wp.com\/teasense.ch\/wp-content\/uploads\/2023\/08\/hibiskusblueten-pulver-loeffel.jpg?resize=350%2C200&ssl=1","width":350,"height":200,"srcset":"https:\/\/i0.wp.com\/teasense.ch\/wp-content\/uploads\/2023\/08\/hibiskusblueten-pulver-loeffel.jpg?resize=350%2C200&ssl=1 1x, https:\/\/i0.wp.com\/teasense.ch\/wp-content\/uploads\/2023\/08\/hibiskusblueten-pulver-loeffel.jpg?resize=525%2C300&ssl=1 1.5x, https:\/\/i0.wp.com\/teasense.ch\/wp-content\/uploads\/2023\/08\/hibiskusblueten-pulver-loeffel.jpg?resize=700%2C400&ssl=1 2x"},"classes":[]},{"id":44340,"url":"https:\/\/teasense.ch\/fr\/produit\/hibiskus-tee\/","url_meta":{"origin":33272,"position":4},"title":"Hibiskus Tee","author":"Reale Selection","date":"28. February 2025","format":false,"excerpt":"Zubereitung Hibiskus Tee \ud83e\udd44 1 - 2 geh\u00e4ufte TL (ca. 2 g) auf 200 ml Wasser \ud83c\udf21\ufe0f 100 \u00b0C \u23f3 6 - 10 Minuten ziehen lassen","rel":"","context":"Similar post","block_context":{"text":"Similar post","link":""},"img":{"alt_text":"Hibiskus Tee Lose Hibiskusbl\u00fcten","src":"https:\/\/i0.wp.com\/teasense.ch\/wp-content\/uploads\/2025\/02\/Lose-Blueten-hibiskus-tee.png?resize=350%2C200&ssl=1","width":350,"height":200,"srcset":"https:\/\/i0.wp.com\/teasense.ch\/wp-content\/uploads\/2025\/02\/Lose-Blueten-hibiskus-tee.png?resize=350%2C200&ssl=1 1x, https:\/\/i0.wp.com\/teasense.ch\/wp-content\/uploads\/2025\/02\/Lose-Blueten-hibiskus-tee.png?resize=525%2C300&ssl=1 1.5x, https:\/\/i0.wp.com\/teasense.ch\/wp-content\/uploads\/2025\/02\/Lose-Blueten-hibiskus-tee.png?resize=700%2C400&ssl=1 2x"},"classes":[]},{"id":38042,"url":"https:\/\/teasense.ch\/fr\/produit\/naturklang-kraeutertee\/","url_meta":{"origin":33272,"position":5},"title":"Naturklang Kr\u00e4utertee","author":"Reale Selection","date":"15. October 2023","format":false,"excerpt":"Zubereitung Naturklang Kr\u00e4utertee \ud83e\udd44 1 - 2 Teel\u00f6ffel pro Tasse\ud83c\udf21\ufe0f 100 \u00b0C\u23f3 6 - 8 Minuten","rel":"","context":"Similar post","block_context":{"text":"Similar post","link":""},"img":{"alt_text":"Naturklang Kr\u00e4utertee Teemischung Zutaten auf weissem Hintergrund.","src":"https:\/\/i0.wp.com\/teasense.ch\/wp-content\/uploads\/2023\/10\/winterpunsch-plain.jpg?resize=350%2C200&ssl=1","width":350,"height":200,"srcset":"https:\/\/i0.wp.com\/teasense.ch\/wp-content\/uploads\/2023\/10\/winterpunsch-plain.jpg?resize=350%2C200&ssl=1 1x, https:\/\/i0.wp.com\/teasense.ch\/wp-content\/uploads\/2023\/10\/winterpunsch-plain.jpg?resize=525%2C300&ssl=1 1.5x, https:\/\/i0.wp.com\/teasense.ch\/wp-content\/uploads\/2023\/10\/winterpunsch-plain.jpg?resize=700%2C400&ssl=1 2x"},"classes":[]}],"jetpack_sharing_enabled":false,"jetpack_likes_enabled":false,"_links":{"self":[{"href":"https:\/\/teasense.ch\/fr\/wp-json\/wp\/v2\/product\/33272","targetHints":{"allow":["GET"]}}],"collection":[{"href":"https:\/\/teasense.ch\/fr\/wp-json\/wp\/v2\/product"}],"about":[{"href":"https:\/\/teasense.ch\/fr\/wp-json\/wp\/v2\/types\/product"}],"replies":[{"embeddable":true,"href":"https:\/\/teasense.ch\/fr\/wp-json\/wp\/v2\/comments?post=33272"}],"wp:featuredmedia":[{"embeddable":true,"href":"https:\/\/teasense.ch\/fr\/wp-json\/wp\/v2\/media\/33274"}],"wp:attachment":[{"href":"https:\/\/teasense.ch\/fr\/wp-json\/wp\/v2\/media?parent=33272"}],"wp:term":[{"taxonomy":"product_brand","embeddable":true,"href":"https:\/\/teasense.ch\/fr\/wp-json\/wp\/v2\/product_brand?post=33272"},{"taxonomy":"product_cat","embeddable":true,"href":"https:\/\/teasense.ch\/fr\/wp-json\/wp\/v2\/product_cat?post=33272"},{"taxonomy":"product_tag","embeddable":true,"href":"https:\/\/teasense.ch\/fr\/wp-json\/wp\/v2\/product_tag?post=33272"}],"curies":[{"name":"wp","href":"https:\/\/api.w.org\/{rel}","templated":true}]}}