{"id":33422,"date":"2023-07-06T20:09:56","date_gmt":"2023-07-06T18:09:56","guid":{"rendered":"https:\/\/teasense.ch\/?post_type=product&#038;p=33422"},"modified":"2026-01-17T16:18:32","modified_gmt":"2026-01-17T15:18:32","slug":"griechischer-bergtee-olympus","status":"publish","type":"product","link":"https:\/\/teasense.ch\/fr\/produit\/griechischer-bergtee-olympus\/","title":{"rendered":"Griechischer Bergtee Olympus"},"content":{"rendered":"<h2 data-pm-slice=\"1 1 []\">Entdecke die magische Welt von Olympus<\/h2>\n<p>Tauche ein in die Welt des griechischen Bergtees und geniesse mit Griechischer Bergtee Olympus eine Teemischung, die dich an die sonnigen H\u00e4nge Nordgriechenlands entf\u00fchrt. Dort, wo seit Jahrhunderten der ber\u00fchmte Hirtentee \u2013 auch bekannt als Sideritis \u2013 gesammelt wird, beginnt die Geschichte dieses besonderen Tees.<\/p>\n<h3>Mediterrane Kr\u00e4uterkomposition mit Fruchtakzenten<\/h3>\n<p>Die Mischung vereint griechischen Bergtee mit sorgf\u00e4ltig ausgew\u00e4hlten Zutaten wie Brombeerbl\u00e4ttern, Apfelst\u00fccken, Nana Minze, Mango St\u00fccken und Ringelblumenbl\u00fcten. Abgerundet wird das Ganze durch nat\u00fcrliches Granatapfel-, Mango- und Bergamotte-Aroma, das f\u00fcr eine feine, fruchtige Frische sorgt \u2013 ohne k\u00fcnstlich zu wirken. Das Ergebnis ist ein ausgewogener, leicht s\u00fcsslicher Tee mit mediterranem Flair.<\/p>\n<h3>Genuss mit Tradition \u2013 heiss oder kalt<\/h3>\n<p>In Griechenland wird Bergtee traditionell als wohltuendes Heissgetr\u00e4nk oder als erfrischender Kaltaufguss getrunken. Auch unser Olympus eignet sich wunderbar f\u00fcr beide Varianten. Du kannst ihn pur geniessen oder mit etwas Honig oder einer Zitronenscheibe verfeinern. Auch als Basis f\u00fcr kreative eigene Teekreationen ist er ideal \u2013 lass deiner Fantasie freien Lauf!<\/p>\n<h3>Zubereitung Griechischer Bergtee Olympus<\/h3>\n<p>F\u00fcr ein intensives Geschmackserlebnis empfehlen wir die traditionelle Zubereitung: \u00dcbergiesse etwa 14 g der Teemischung mit heissem Wasser bei 100 \u00b0C und lasse sie 5 Minuten ziehen. So entfalten sich die Aromen des griechischen Bergtees und der Fr\u00fcchte optimal.<\/p>\n<h3>Eine kleine Reise nach Griechenland<\/h3>\n<p>Griechischer Bergtee Olympus ist ideal f\u00fcr alle, die sich nach einer aromatischen Auszeit sehnen. Ob als wohltuender Abendtee, entspannter Begleiter am Nachmittag oder als besonderes Geschenk \u2013 mit dieser Mischung holst du dir ein St\u00fcck Griechenland in die Tasse.<\/p>\n<h3>Zutaten Griechischer Bergtee Olympus<\/h3>\n<p>Eine Kr\u00e4utermischung aus griechischem Bergtee, <a href=\"https:\/\/teasense.ch\/produkt\/brombeerblaetter\/\">Brombeerbl\u00e4ttern<\/a>, Apfelst\u00fccken, <a href=\"https:\/\/teasense.ch\/produkt\/nana-minze\/\">Nana Minze<\/a>, Mangost\u00fccke, Ringelblumenbl\u00fcten, nat\u00fcrlichem Granatapfel-, Mango- und Bergamotte-Aroma.<\/p>\n","protected":false},"excerpt":{"rendered":"<h4>Zubereitung Griechischer Bergtee Olympus<\/h4>\n<p>\ud83e\udd44 1-2 geh\u00e4ufter Teel\u00f6ffel (14g\/Liter)<br \/>\n\ud83c\udf21\ufe0f 100\u00b0<br \/>\n\u23f3 5 Minuten<\/p>\n","protected":false},"featured_media":33424,"comment_status":"closed","ping_status":"closed","template":"","meta":{"_et_pb_use_builder":"","_et_pb_old_content":"","_et_gb_content_width":""},"product_brand":[],"product_cat":[74,150,19],"product_tag":[],"class_list":{"0":"post-33422","1":"product","2":"type-product","3":"status-publish","4":"has-post-thumbnail","6":"product_cat-alle-produkte","7":"product_cat-kraeutertee","8":"product_cat-tee","9":"pa_herkunft-griechenland","10":"pa_weight-100-g","11":"pa_weight-200-g","12":"pa_weight-400-g","13":"pa_weight-50-g","15":"first","16":"instock","17":"shipping-taxable","18":"purchasable","19":"product-type-variable","20":"has-default-attributes","21":"add-to-wishlist-before_image"},"yoast_head":"<!-- This site is optimized with the Yoast SEO plugin v27.4 - https:\/\/yoast.com\/product\/yoast-seo-wordpress\/ -->\n<title>Griechischer Bergtee Olympus - TeaSense.ch - Tee Shop Schweiz<\/title>\n<meta name=\"description\" content=\"Entdecke unseren Griechischen Bergtee Olympus \u2013 eine harmonische Mischung mit Nana Minze, Apfel, Mango &amp; Bergtee. Jetzt online kaufen und geniessen.\" \/>\n<meta name=\"robots\" content=\"index, follow, max-snippet:-1, max-image-preview:large, max-video-preview:-1\" \/>\n<link rel=\"canonical\" href=\"https:\/\/teasense.ch\/fr\/produit\/griechischer-bergtee-olympus\/\" \/>\n<meta property=\"og:locale\" content=\"fr_FR\" \/>\n<meta property=\"og:type\" content=\"article\" \/>\n<meta property=\"og:title\" content=\"Griechischer Bergtee Olympus - TeaSense.ch - Tee Shop Schweiz\" \/>\n<meta property=\"og:description\" content=\"Entdecke unseren Griechischen Bergtee Olympus \u2013 eine harmonische Mischung mit Nana Minze, Apfel, Mango &amp; Bergtee. Jetzt online kaufen und geniessen.\" \/>\n<meta property=\"og:url\" content=\"https:\/\/teasense.ch\/fr\/produit\/griechischer-bergtee-olympus\/\" \/>\n<meta property=\"og:site_name\" content=\"TeaSense.ch - Tee Shop Schweiz\" \/>\n<meta property=\"article:publisher\" content=\"https:\/\/www.facebook.com\/teasense.ch\" \/>\n<meta property=\"article:modified_time\" content=\"2026-01-17T15:18:32+00:00\" \/>\n<meta property=\"og:image\" content=\"https:\/\/teasense.ch\/wp-content\/uploads\/2023\/07\/olympus-tee.jpg\" \/>\n\t<meta property=\"og:image:width\" content=\"800\" \/>\n\t<meta property=\"og:image:height\" content=\"800\" \/>\n\t<meta property=\"og:image:type\" content=\"image\/jpeg\" \/>\n<meta name=\"twitter:card\" content=\"summary_large_image\" \/>\n<meta name=\"twitter:label1\" content=\"Est. reading time\" \/>\n\t<meta name=\"twitter:data1\" content=\"2 minutes\" \/>\n<!-- \/ Yoast SEO plugin. -->","yoast_head_json":{"title":"Griechischer Bergtee Olympus - TeaSense.ch - Tee Shop Schweiz","description":"Entdecke unseren Griechischen Bergtee Olympus \u2013 eine harmonische Mischung mit Nana Minze, Apfel, Mango & Bergtee. Jetzt online kaufen und geniessen.","robots":{"index":"index","follow":"follow","max-snippet":"max-snippet:-1","max-image-preview":"max-image-preview:large","max-video-preview":"max-video-preview:-1"},"canonical":"https:\/\/teasense.ch\/fr\/produit\/griechischer-bergtee-olympus\/","og_locale":"fr_FR","og_type":"article","og_title":"Griechischer Bergtee Olympus - TeaSense.ch - Tee Shop Schweiz","og_description":"Entdecke unseren Griechischen Bergtee Olympus \u2013 eine harmonische Mischung mit Nana Minze, Apfel, Mango & Bergtee. Jetzt online kaufen und geniessen.","og_url":"https:\/\/teasense.ch\/fr\/produit\/griechischer-bergtee-olympus\/","og_site_name":"TeaSense.ch - Tee Shop Schweiz","article_publisher":"https:\/\/www.facebook.com\/teasense.ch","article_modified_time":"2026-01-17T15:18:32+00:00","og_image":[{"width":800,"height":800,"url":"https:\/\/teasense.ch\/wp-content\/uploads\/2023\/07\/olympus-tee.jpg","type":"image\/jpeg"}],"twitter_card":"summary_large_image","twitter_misc":{"Est. reading time":"2 minutes"},"schema":{"@context":"https:\/\/schema.org","@graph":[{"@type":"WebPage","@id":"https:\/\/teasense.ch\/fr\/produit\/griechischer-bergtee-olympus\/","url":"https:\/\/teasense.ch\/fr\/produit\/griechischer-bergtee-olympus\/","name":"Griechischer Bergtee Olympus - TeaSense.ch - Tee Shop Schweiz","isPartOf":{"@id":"https:\/\/teasense.ch\/fr\/#website"},"primaryImageOfPage":{"@id":"https:\/\/teasense.ch\/fr\/produit\/griechischer-bergtee-olympus\/#primaryimage"},"image":{"@id":"https:\/\/teasense.ch\/fr\/produit\/griechischer-bergtee-olympus\/#primaryimage"},"thumbnailUrl":"https:\/\/teasense.ch\/wp-content\/uploads\/2023\/07\/olympus-tee.jpg","datePublished":"2023-07-06T18:09:56+00:00","dateModified":"2026-01-17T15:18:32+00:00","description":"Entdecke unseren Griechischen Bergtee Olympus \u2013 eine harmonische Mischung mit Nana Minze, Apfel, Mango & Bergtee. Jetzt online kaufen und geniessen.","breadcrumb":{"@id":"https:\/\/teasense.ch\/fr\/produit\/griechischer-bergtee-olympus\/#breadcrumb"},"inLanguage":"fr-CH","potentialAction":[{"@type":"ReadAction","target":["https:\/\/teasense.ch\/fr\/produit\/griechischer-bergtee-olympus\/"]}]},{"@type":"ImageObject","inLanguage":"fr-CH","@id":"https:\/\/teasense.ch\/fr\/produit\/griechischer-bergtee-olympus\/#primaryimage","url":"https:\/\/teasense.ch\/wp-content\/uploads\/2023\/07\/olympus-tee.jpg","contentUrl":"https:\/\/teasense.ch\/wp-content\/uploads\/2023\/07\/olympus-tee.jpg","width":800,"height":800,"caption":"Teemischung Olympus Bergtee Griechenland"},{"@type":"BreadcrumbList","@id":"https:\/\/teasense.ch\/fr\/produit\/griechischer-bergtee-olympus\/#breadcrumb","itemListElement":[{"@type":"ListItem","position":1,"name":"Startseite","item":"https:\/\/teasense.ch\/fr\/startseite\/"},{"@type":"ListItem","position":2,"name":"Boutique de th\u00e9 en ligne","item":"https:\/\/teasense.ch\/fr\/shop\/"},{"@type":"ListItem","position":3,"name":"Griechischer Bergtee Olympus"}]},{"@type":"WebSite","@id":"https:\/\/teasense.ch\/fr\/#website","url":"https:\/\/teasense.ch\/fr\/","name":"TeaSense.ch","description":"Nat\u00fcrliche Teemischungen und klassischer Tee","publisher":{"@id":"https:\/\/teasense.ch\/fr\/#organization"},"alternateName":"TeaSense","potentialAction":[{"@type":"SearchAction","target":{"@type":"EntryPoint","urlTemplate":"https:\/\/teasense.ch\/fr\/?s={search_term_string}"},"query-input":{"@type":"PropertyValueSpecification","valueRequired":true,"valueName":"search_term_string"}}],"inLanguage":"fr-CH"},{"@type":"Organization","@id":"https:\/\/teasense.ch\/fr\/#organization","name":"Reale Selection","alternateName":"TeaSense.ch","url":"https:\/\/teasense.ch\/fr\/","logo":{"@type":"ImageObject","inLanguage":"fr-CH","@id":"https:\/\/teasense.ch\/fr\/#\/schema\/logo\/image\/","url":"https:\/\/teasense.ch\/wp-content\/uploads\/2023\/07\/cropped-logo-teasense-kategorie-onlineshop-alle-produkte.jpg","contentUrl":"https:\/\/teasense.ch\/wp-content\/uploads\/2023\/07\/cropped-logo-teasense-kategorie-onlineshop-alle-produkte.jpg","width":512,"height":512,"caption":"Reale Selection"},"image":{"@id":"https:\/\/teasense.ch\/fr\/#\/schema\/logo\/image\/"},"sameAs":["https:\/\/www.facebook.com\/teasense.ch"]}]}},"jetpack-related-posts":[{"id":44249,"url":"https:\/\/teasense.ch\/fr\/produit\/mango-stuecke\/","url_meta":{"origin":33422,"position":0},"title":"Mangost\u00fccke","author":"Reale Selection","date":"26. February 2025","format":false,"excerpt":"Zubereitung gezuckerte Mangost\u00fccke als Tee \ud83e\udd44 1 - 2 geh\u00e4ufte TL auf 250 ml Wasser \ud83c\udf21\ufe0f 100 \u00b0C \u23f3 10 - 15 Minuten ziehen lassen Tipp\ud83d\udca1 Schmeckt pur oder in Kombination mit Ingwer und Zitronengras besonders erfrischend.","rel":"","context":"Similar post","block_context":{"text":"Similar post","link":""},"img":{"alt_text":"Mango St\u00fccke gezuckert aus Thailand f\u00fcr Tee","src":"https:\/\/i0.wp.com\/teasense.ch\/wp-content\/uploads\/2025\/02\/Mango.png?resize=350%2C200&ssl=1","width":350,"height":200,"srcset":"https:\/\/i0.wp.com\/teasense.ch\/wp-content\/uploads\/2025\/02\/Mango.png?resize=350%2C200&ssl=1 1x, https:\/\/i0.wp.com\/teasense.ch\/wp-content\/uploads\/2025\/02\/Mango.png?resize=525%2C300&ssl=1 1.5x, https:\/\/i0.wp.com\/teasense.ch\/wp-content\/uploads\/2025\/02\/Mango.png?resize=700%2C400&ssl=1 2x"},"classes":[]},{"id":47261,"url":"https:\/\/teasense.ch\/fr\/produit\/earl-grey-darjeeling\/","url_meta":{"origin":33422,"position":1},"title":"Earl Grey Darjeeling","author":"Reale Selection","date":"12. October 2025","format":false,"excerpt":"Zubereitung Earl Grey Darjeeling \ud83e\udd44 1 Teel\u00f6ffel auf 200 ml Wasser\ud83c\udf21\ufe0f 100 \u00b0C\u23f3 3 Minuten ziehen lassen","rel":"","context":"Similar post","block_context":{"text":"Similar post","link":""},"img":{"alt_text":"Earl Grey Darjeeling \u2013 klassischer Schwarztee mit feinem Bergamotte-Duft","src":"https:\/\/i0.wp.com\/teasense.ch\/wp-content\/uploads\/2025\/10\/produktfoto-5.png?resize=350%2C200&ssl=1","width":350,"height":200,"srcset":"https:\/\/i0.wp.com\/teasense.ch\/wp-content\/uploads\/2025\/10\/produktfoto-5.png?resize=350%2C200&ssl=1 1x, https:\/\/i0.wp.com\/teasense.ch\/wp-content\/uploads\/2025\/10\/produktfoto-5.png?resize=525%2C300&ssl=1 1.5x, https:\/\/i0.wp.com\/teasense.ch\/wp-content\/uploads\/2025\/10\/produktfoto-5.png?resize=700%2C400&ssl=1 2x"},"classes":[]},{"id":36357,"url":"https:\/\/teasense.ch\/fr\/produit\/earl-grey-blue-royal\/","url_meta":{"origin":33422,"position":2},"title":"Earl Grey Blue Royal","author":"Reale Selection","date":"29. August 2023","format":false,"excerpt":"Nat\u00fcrlich aromatisierter Schwarztee Zubereitung Earl Grey Blue Royal \ud83e\udd44 2,5 g auf 200 ml Wasser \ud83c\udf21\ufe0f 100 \u00b0C \u23f3 3-5 Minuten","rel":"","context":"Similar post","block_context":{"text":"Similar post","link":""},"img":{"alt_text":"Lose Schwarzteemischung","src":"https:\/\/i0.wp.com\/teasense.ch\/wp-content\/uploads\/2023\/08\/earl-grey-blue-royal-plain.jpg?resize=350%2C200&ssl=1","width":350,"height":200,"srcset":"https:\/\/i0.wp.com\/teasense.ch\/wp-content\/uploads\/2023\/08\/earl-grey-blue-royal-plain.jpg?resize=350%2C200&ssl=1 1x, https:\/\/i0.wp.com\/teasense.ch\/wp-content\/uploads\/2023\/08\/earl-grey-blue-royal-plain.jpg?resize=525%2C300&ssl=1 1.5x, https:\/\/i0.wp.com\/teasense.ch\/wp-content\/uploads\/2023\/08\/earl-grey-blue-royal-plain.jpg?resize=700%2C400&ssl=1 2x"},"classes":[]},{"id":33588,"url":"https:\/\/teasense.ch\/fr\/produit\/anis\/","url_meta":{"origin":33422,"position":3},"title":"Anis","author":"Reale Selection","date":"17. July 2023","format":false,"excerpt":"Zubereitung Anis Tee \ud83e\udd44 1 Teel\u00f6ffel Anissamen pro Tasse (200 ml) \ud83c\udf21\ufe0f 100 \u00b0C (kochendes Wasser) \u23f3 6\u20139 Minuten","rel":"","context":"Similar post","block_context":{"text":"Similar post","link":""},"img":{"alt_text":"Anis","src":"https:\/\/i0.wp.com\/teasense.ch\/wp-content\/uploads\/2023\/07\/bio-anis-plain.jpg?resize=350%2C200&ssl=1","width":350,"height":200,"srcset":"https:\/\/i0.wp.com\/teasense.ch\/wp-content\/uploads\/2023\/07\/bio-anis-plain.jpg?resize=350%2C200&ssl=1 1x, https:\/\/i0.wp.com\/teasense.ch\/wp-content\/uploads\/2023\/07\/bio-anis-plain.jpg?resize=525%2C300&ssl=1 1.5x, https:\/\/i0.wp.com\/teasense.ch\/wp-content\/uploads\/2023\/07\/bio-anis-plain.jpg?resize=700%2C400&ssl=1 2x"},"classes":[]},{"id":33288,"url":"https:\/\/teasense.ch\/fr\/produit\/black-granatapfel-vanille\/","url_meta":{"origin":33422,"position":4},"title":"Schwarztee Granatapfel &#8211; Vanille","author":"Reale Selection","date":"5. July 2023","format":false,"excerpt":"Darjeeling Schwarztee, nat\u00fcrliches Granatapfel- und Vanillearoma","rel":"","context":"Similar post","block_context":{"text":"Similar post","link":""},"img":{"alt_text":"","src":"https:\/\/i0.wp.com\/teasense.ch\/wp-content\/uploads\/2023\/07\/black-bio-granatapfel-vanille-plain.jpg?resize=350%2C200&ssl=1","width":350,"height":200,"srcset":"https:\/\/i0.wp.com\/teasense.ch\/wp-content\/uploads\/2023\/07\/black-bio-granatapfel-vanille-plain.jpg?resize=350%2C200&ssl=1 1x, https:\/\/i0.wp.com\/teasense.ch\/wp-content\/uploads\/2023\/07\/black-bio-granatapfel-vanille-plain.jpg?resize=525%2C300&ssl=1 1.5x, https:\/\/i0.wp.com\/teasense.ch\/wp-content\/uploads\/2023\/07\/black-bio-granatapfel-vanille-plain.jpg?resize=700%2C400&ssl=1 2x"},"classes":[]},{"id":44196,"url":"https:\/\/teasense.ch\/fr\/produit\/earl-grey-mit-jasminblueten\/","url_meta":{"origin":33422,"position":5},"title":"Earl Grey mit Jasminbl\u00fcten","author":"Reale Selection","date":"25. February 2025","format":false,"excerpt":"Zubereitung Earl Grey mit Jasminbl\u00fcten \ud83e\udd44 2,5 g auf 200 ml Wasser \ud83c\udf21\ufe0f 90 - 95 \u00b0C \u23f3 3 - 5 Minuten ziehen lassen Tipp\ud83d\udca1 F\u00fcr einen milderen Geschmack kannst du die Ziehzeit etwas verk\u00fcrzen.","rel":"","context":"Similar post","block_context":{"text":"Similar post","link":""},"img":{"alt_text":"Earl Grey mit Jasminbl\u00fcten \u2013 Aromatisierter Schwarztee mit feiner Blumennote","src":"https:\/\/i0.wp.com\/teasense.ch\/wp-content\/uploads\/2025\/02\/Earl-Grey-mit-Jasminblueten.png?resize=350%2C200&ssl=1","width":350,"height":200,"srcset":"https:\/\/i0.wp.com\/teasense.ch\/wp-content\/uploads\/2025\/02\/Earl-Grey-mit-Jasminblueten.png?resize=350%2C200&ssl=1 1x, https:\/\/i0.wp.com\/teasense.ch\/wp-content\/uploads\/2025\/02\/Earl-Grey-mit-Jasminblueten.png?resize=525%2C300&ssl=1 1.5x, https:\/\/i0.wp.com\/teasense.ch\/wp-content\/uploads\/2025\/02\/Earl-Grey-mit-Jasminblueten.png?resize=700%2C400&ssl=1 2x"},"classes":[]}],"jetpack_sharing_enabled":false,"jetpack_likes_enabled":false,"_links":{"self":[{"href":"https:\/\/teasense.ch\/fr\/wp-json\/wp\/v2\/product\/33422","targetHints":{"allow":["GET"]}}],"collection":[{"href":"https:\/\/teasense.ch\/fr\/wp-json\/wp\/v2\/product"}],"about":[{"href":"https:\/\/teasense.ch\/fr\/wp-json\/wp\/v2\/types\/product"}],"replies":[{"embeddable":true,"href":"https:\/\/teasense.ch\/fr\/wp-json\/wp\/v2\/comments?post=33422"}],"wp:featuredmedia":[{"embeddable":true,"href":"https:\/\/teasense.ch\/fr\/wp-json\/wp\/v2\/media\/33424"}],"wp:attachment":[{"href":"https:\/\/teasense.ch\/fr\/wp-json\/wp\/v2\/media?parent=33422"}],"wp:term":[{"taxonomy":"product_brand","embeddable":true,"href":"https:\/\/teasense.ch\/fr\/wp-json\/wp\/v2\/product_brand?post=33422"},{"taxonomy":"product_cat","embeddable":true,"href":"https:\/\/teasense.ch\/fr\/wp-json\/wp\/v2\/product_cat?post=33422"},{"taxonomy":"product_tag","embeddable":true,"href":"https:\/\/teasense.ch\/fr\/wp-json\/wp\/v2\/product_tag?post=33422"}],"curies":[{"name":"wp","href":"https:\/\/api.w.org\/{rel}","templated":true}]}}