{"id":33539,"date":"2023-07-07T13:38:08","date_gmt":"2023-07-07T11:38:08","guid":{"rendered":"https:\/\/teasense.ch\/?post_type=product&#038;p=33539"},"modified":"2026-04-07T13:46:17","modified_gmt":"2026-04-07T11:46:17","slug":"papaya-stuecke","status":"publish","type":"product","link":"https:\/\/teasense.ch\/fr\/produit\/papaya-stuecke\/","title":{"rendered":"Papayast\u00fccke"},"content":{"rendered":"<h2 data-pm-slice=\"1 1 []\">Exotischer Genuss: Getrocknete Papayast\u00fccke aus Thailand<\/h2>\n<p>Unsere getrockneten, gezuckerten Papayast\u00fccke aus Thailand sind nicht nur ein leckerer Snack, sondern auch vielseitig einsetzbar. Sie werden aus vollreifen, s\u00fcssen und aromatischen Papayas gewonnen und schonend getrocknet. Durch die Zugabe von Zucker erhalten sie ihre angenehm weiche Konsistenz und eine intensivere S\u00fcsse, die sie zu einer perfekten Zutat f\u00fcr zahlreiche Rezepte macht.<\/p>\n<h3>Vielseitig verwendbar in der K\u00fcche<\/h3>\n<p>Die Papayast\u00fccke lassen sich direkt als Snack geniessen oder in Wasser, Fruchtsaft oder Alkohol einweichen, um ihre Konsistenz zu verfeinern. Besonders beliebt sind sie:<\/p>\n<ul data-spread=\"false\">\n<li>als Topping f\u00fcr M\u00fcsli oder Joghurt<\/li>\n<li>in Backwaren wie Kuchen, Keksen oder M\u00fcsli-Riegeln<\/li>\n<li>in Smoothies f\u00fcr eine nat\u00fcrliche, tropische S\u00fcsse<\/li>\n<li>als exotische Zutat in Salaten oder herzhaften Gerichten<\/li>\n<\/ul>\n<p>Dank ihrer angenehm s\u00e4migen Konsistenz und ihres intensiven Fruchtaromas verleihen sie jeder Speise das gewisse Etwas.<\/p>\n<h3>Papayast\u00fccke als fruchtige Teeveredelung<\/h3>\n<p>Sie eignen sich perfekt, um Tee eine nat\u00fcrliche S\u00fcsse und ein fruchtiges Aroma zu verleihen. Einfach einige St\u00fccke in den Tee geben und mitziehen lassen \u2013 so wird dein Teegenuss noch aromatischer.<\/p>\n<p data-pm-slice=\"1 1 []\">Tee-Zubereitung mit Papayast\u00fccke: Gib 13 &#8211; 18 g Papayast\u00fccke pro Liter heisses Wasser in deinen Teebeutel oder deine Teekanne und lasse den Tee 5-10 Minuten ziehen. So entfaltet sich das volle Aroma der exotischen Frucht.<\/p>\n<p data-pm-slice=\"1 1 []\">Romina: &#8220;Wenn ich Lust auf einen etwas s\u00fcsseren Tee habe, werfe ich einfach beim Aufguss noch einige Papayast\u00fccke ins Teesieb. Das sorgt f\u00fcr ein angenehm fruchtiges Aroma.&#8221;<\/p>\n<h3>Qualit\u00e4t, die du schmeckst<\/h3>\n<p>Unsere gezuckerten Papayast\u00fcckeenthalten keine k\u00fcnstlichen Zusatzstoffe oder chemischen Konservierungsmittel. Sie sind die ideale Wahl f\u00fcr alle, die exotische Fr\u00fcchte in ihrer nat\u00fcrlichen Form geniessen m\u00f6chten. Verw\u00f6hne deinen Gaumen mit den intensiven Aromen dieser k\u00f6stlichen Trockenfrucht und erlebe ein St\u00fcck tropische Exotik in deiner K\u00fcche!<\/p>\n<p data-pm-slice=\"1 1 []\">Unsere Papayast\u00fccke sind eine wunderbare Erg\u00e4nzung f\u00fcr Fr\u00fcchtetees. Schau dir unsere <a href=\"https:\/\/teasense.ch\/produkt-kategorie\/losertee\/fruechtetee\/\">Fr\u00fcchtetee-Kategorie<\/a> an und finde weitere Teesorten f\u00fcr deinen perfekten Genussmoment!<\/p>\n","protected":false},"excerpt":{"rendered":"<p>Papayast\u00fccke gezuckert<\/p>\n<h4>Tee Zubereitung Papayast\u00fccke<\/h4>\n<p>\ud83e\udd44 13 &#8211; 18 g pro Liter<br \/>\n\ud83c\udf21\ufe0f 100\u00b0C<br \/>\n\u23f3 5 &#8211; 10 Minuten<\/p>\n","protected":false},"featured_media":33542,"comment_status":"open","ping_status":"closed","template":"","meta":{"_et_pb_use_builder":"","_et_pb_old_content":"","_et_gb_content_width":""},"product_brand":[],"product_cat":[74,64,151],"product_tag":[],"class_list":{"0":"post-33539","1":"product","2":"type-product","3":"status-publish","4":"has-post-thumbnail","6":"product_cat-alle-produkte","7":"product_cat-gewuerze","8":"product_cat-fruechtetee","9":"pa_herkunft-thailand","10":"pa_weight-100-g","11":"pa_weight-20-g","13":"first","14":"instock","15":"shipping-taxable","16":"purchasable","17":"product-type-variable","18":"has-default-attributes","19":"add-to-wishlist-before_image"},"yoast_head":"<!-- This site is optimized with the Yoast SEO plugin v27.4 - https:\/\/yoast.com\/product\/yoast-seo-wordpress\/ -->\n<title>Papayast\u00fccke - TeaSense.ch - Tee Shop Schweiz<\/title>\n<meta name=\"description\" content=\"Exotischer Genuss: Getrocknete Papayast\u00fccke aus ThailandUnsere getrockneten, gezuckerten Papayast\u00fccke aus Thailand sind nicht nur ein leckerer Snack.\" \/>\n<meta name=\"robots\" content=\"index, follow, max-snippet:-1, max-image-preview:large, max-video-preview:-1\" \/>\n<link rel=\"canonical\" href=\"https:\/\/teasense.ch\/fr\/produit\/papaya-stuecke\/\" \/>\n<meta property=\"og:locale\" content=\"fr_FR\" \/>\n<meta property=\"og:type\" content=\"article\" \/>\n<meta property=\"og:title\" content=\"Papayast\u00fccke - TeaSense.ch - Tee Shop Schweiz\" \/>\n<meta property=\"og:description\" content=\"Exotischer Genuss: Getrocknete Papayast\u00fccke aus ThailandUnsere getrockneten, gezuckerten Papayast\u00fccke aus Thailand sind nicht nur ein leckerer Snack.\" \/>\n<meta property=\"og:url\" content=\"https:\/\/teasense.ch\/fr\/produit\/papaya-stuecke\/\" \/>\n<meta property=\"og:site_name\" content=\"TeaSense.ch - Tee Shop Schweiz\" \/>\n<meta property=\"article:publisher\" content=\"https:\/\/www.facebook.com\/teasense.ch\" \/>\n<meta property=\"article:modified_time\" content=\"2026-04-07T11:46:17+00:00\" \/>\n<meta property=\"og:image\" content=\"https:\/\/teasense.ch\/wp-content\/uploads\/2023\/07\/papayawuerfel-plain.jpg\" \/>\n\t<meta property=\"og:image:width\" content=\"800\" \/>\n\t<meta property=\"og:image:height\" content=\"800\" \/>\n\t<meta property=\"og:image:type\" content=\"image\/jpeg\" \/>\n<meta name=\"twitter:card\" content=\"summary_large_image\" \/>\n<meta name=\"twitter:label1\" content=\"Est. reading time\" \/>\n\t<meta name=\"twitter:data1\" content=\"2 minutes\" \/>\n<!-- \/ Yoast SEO plugin. -->","yoast_head_json":{"title":"Papayast\u00fccke - TeaSense.ch - Tee Shop Schweiz","description":"Exotischer Genuss: Getrocknete Papayast\u00fccke aus ThailandUnsere getrockneten, gezuckerten Papayast\u00fccke aus Thailand sind nicht nur ein leckerer Snack.","robots":{"index":"index","follow":"follow","max-snippet":"max-snippet:-1","max-image-preview":"max-image-preview:large","max-video-preview":"max-video-preview:-1"},"canonical":"https:\/\/teasense.ch\/fr\/produit\/papaya-stuecke\/","og_locale":"fr_FR","og_type":"article","og_title":"Papayast\u00fccke - TeaSense.ch - Tee Shop Schweiz","og_description":"Exotischer Genuss: Getrocknete Papayast\u00fccke aus ThailandUnsere getrockneten, gezuckerten Papayast\u00fccke aus Thailand sind nicht nur ein leckerer Snack.","og_url":"https:\/\/teasense.ch\/fr\/produit\/papaya-stuecke\/","og_site_name":"TeaSense.ch - Tee Shop Schweiz","article_publisher":"https:\/\/www.facebook.com\/teasense.ch","article_modified_time":"2026-04-07T11:46:17+00:00","og_image":[{"width":800,"height":800,"url":"https:\/\/teasense.ch\/wp-content\/uploads\/2023\/07\/papayawuerfel-plain.jpg","type":"image\/jpeg"}],"twitter_card":"summary_large_image","twitter_misc":{"Est. reading time":"2 minutes"},"schema":{"@context":"https:\/\/schema.org","@graph":[{"@type":"WebPage","@id":"https:\/\/teasense.ch\/fr\/produit\/papaya-stuecke\/","url":"https:\/\/teasense.ch\/fr\/produit\/papaya-stuecke\/","name":"Papayast\u00fccke - TeaSense.ch - Tee Shop Schweiz","isPartOf":{"@id":"https:\/\/teasense.ch\/fr\/#website"},"primaryImageOfPage":{"@id":"https:\/\/teasense.ch\/fr\/produit\/papaya-stuecke\/#primaryimage"},"image":{"@id":"https:\/\/teasense.ch\/fr\/produit\/papaya-stuecke\/#primaryimage"},"thumbnailUrl":"https:\/\/teasense.ch\/wp-content\/uploads\/2023\/07\/papayawuerfel-plain.jpg","datePublished":"2023-07-07T11:38:08+00:00","dateModified":"2026-04-07T11:46:17+00:00","description":"Exotischer Genuss: Getrocknete Papayast\u00fccke aus ThailandUnsere getrockneten, gezuckerten Papayast\u00fccke aus Thailand sind nicht nur ein leckerer Snack.","breadcrumb":{"@id":"https:\/\/teasense.ch\/fr\/produit\/papaya-stuecke\/#breadcrumb"},"inLanguage":"fr-CH","potentialAction":[{"@type":"ReadAction","target":["https:\/\/teasense.ch\/fr\/produit\/papaya-stuecke\/"]}]},{"@type":"ImageObject","inLanguage":"fr-CH","@id":"https:\/\/teasense.ch\/fr\/produit\/papaya-stuecke\/#primaryimage","url":"https:\/\/teasense.ch\/wp-content\/uploads\/2023\/07\/papayawuerfel-plain.jpg","contentUrl":"https:\/\/teasense.ch\/wp-content\/uploads\/2023\/07\/papayawuerfel-plain.jpg","width":800,"height":800,"caption":"Papaya W\u00fcrfel gezuckert lose f\u00fcr Tee Papayaw\u00fcrfel"},{"@type":"BreadcrumbList","@id":"https:\/\/teasense.ch\/fr\/produit\/papaya-stuecke\/#breadcrumb","itemListElement":[{"@type":"ListItem","position":1,"name":"Startseite","item":"https:\/\/teasense.ch\/fr\/startseite\/"},{"@type":"ListItem","position":2,"name":"Boutique de th\u00e9 en ligne","item":"https:\/\/teasense.ch\/fr\/shop\/"},{"@type":"ListItem","position":3,"name":"Papayast\u00fccke"}]},{"@type":"WebSite","@id":"https:\/\/teasense.ch\/fr\/#website","url":"https:\/\/teasense.ch\/fr\/","name":"TeaSense.ch","description":"Nat\u00fcrliche Teemischungen und klassischer Tee","publisher":{"@id":"https:\/\/teasense.ch\/fr\/#organization"},"alternateName":"TeaSense","potentialAction":[{"@type":"SearchAction","target":{"@type":"EntryPoint","urlTemplate":"https:\/\/teasense.ch\/fr\/?s={search_term_string}"},"query-input":{"@type":"PropertyValueSpecification","valueRequired":true,"valueName":"search_term_string"}}],"inLanguage":"fr-CH"},{"@type":"Organization","@id":"https:\/\/teasense.ch\/fr\/#organization","name":"Reale Selection","alternateName":"TeaSense.ch","url":"https:\/\/teasense.ch\/fr\/","logo":{"@type":"ImageObject","inLanguage":"fr-CH","@id":"https:\/\/teasense.ch\/fr\/#\/schema\/logo\/image\/","url":"https:\/\/teasense.ch\/wp-content\/uploads\/2023\/07\/cropped-logo-teasense-kategorie-onlineshop-alle-produkte.jpg","contentUrl":"https:\/\/teasense.ch\/wp-content\/uploads\/2023\/07\/cropped-logo-teasense-kategorie-onlineshop-alle-produkte.jpg","width":512,"height":512,"caption":"Reale Selection"},"image":{"@id":"https:\/\/teasense.ch\/fr\/#\/schema\/logo\/image\/"},"sameAs":["https:\/\/www.facebook.com\/teasense.ch"]}]}},"jetpack-related-posts":[{"id":44249,"url":"https:\/\/teasense.ch\/fr\/produit\/mango-stuecke\/","url_meta":{"origin":33539,"position":0},"title":"Mangost\u00fccke","author":"Reale Selection","date":"26. February 2025","format":false,"excerpt":"Zubereitung gezuckerte Mangost\u00fccke als Tee \ud83e\udd44 1 - 2 geh\u00e4ufte TL auf 250 ml Wasser \ud83c\udf21\ufe0f 100 \u00b0C \u23f3 10 - 15 Minuten ziehen lassen Tipp\ud83d\udca1 Schmeckt pur oder in Kombination mit Ingwer und Zitronengras besonders erfrischend.","rel":"","context":"Similar post","block_context":{"text":"Similar post","link":""},"img":{"alt_text":"Mango St\u00fccke gezuckert aus Thailand f\u00fcr Tee","src":"https:\/\/i0.wp.com\/teasense.ch\/wp-content\/uploads\/2025\/02\/Mango.png?resize=350%2C200&ssl=1","width":350,"height":200,"srcset":"https:\/\/i0.wp.com\/teasense.ch\/wp-content\/uploads\/2025\/02\/Mango.png?resize=350%2C200&ssl=1 1x, https:\/\/i0.wp.com\/teasense.ch\/wp-content\/uploads\/2025\/02\/Mango.png?resize=525%2C300&ssl=1 1.5x, https:\/\/i0.wp.com\/teasense.ch\/wp-content\/uploads\/2025\/02\/Mango.png?resize=700%2C400&ssl=1 2x"},"classes":[]},{"id":44241,"url":"https:\/\/teasense.ch\/fr\/produit\/ananas-stuecke\/","url_meta":{"origin":33539,"position":1},"title":"Ananasst\u00fccke","author":"Reale Selection","date":"26. February 2025","format":false,"excerpt":"Zubereitung \u2013 Ananas-Tee \ud83e\udd44 1 - 2 geh\u00e4ufte TL auf 250 ml Wasser \ud83c\udf21\ufe0f 100 \u00b0C \u23f3 10 - 15 Minuten ziehen lassen Tipp\ud83d\udca1 F\u00fcr ein intensiveres Aroma kannst du die Ananasst\u00fccke vor dem Aufbr\u00fchen kurz einweichen.","rel":"","context":"Similar post","block_context":{"text":"Similar post","link":""},"img":{"alt_text":"Ananasst\u00fccke aus Thailand gezuckert","src":"https:\/\/i0.wp.com\/teasense.ch\/wp-content\/uploads\/2025\/02\/Ananasstuecke.png?resize=350%2C200&ssl=1","width":350,"height":200,"srcset":"https:\/\/i0.wp.com\/teasense.ch\/wp-content\/uploads\/2025\/02\/Ananasstuecke.png?resize=350%2C200&ssl=1 1x, https:\/\/i0.wp.com\/teasense.ch\/wp-content\/uploads\/2025\/02\/Ananasstuecke.png?resize=525%2C300&ssl=1 1.5x, https:\/\/i0.wp.com\/teasense.ch\/wp-content\/uploads\/2025\/02\/Ananasstuecke.png?resize=700%2C400&ssl=1 2x"},"classes":[]},{"id":34845,"url":"https:\/\/teasense.ch\/fr\/produit\/apfel-ingwer\/","url_meta":{"origin":33539,"position":2},"title":"Apfel-Ingwer","author":"Reale Selection","date":"8. August 2023","format":false,"excerpt":"Nat\u00fcrlich aromatisierte Apfel-Ingwer Fr\u00fcchteteemischung, gezuckert","rel":"","context":"Similar post","block_context":{"text":"Similar post","link":""},"img":{"alt_text":"Teemischung Apfel Ingwer","src":"https:\/\/i0.wp.com\/teasense.ch\/wp-content\/uploads\/2023\/08\/apfel-ingwer-plain.jpg?resize=350%2C200&ssl=1","width":350,"height":200,"srcset":"https:\/\/i0.wp.com\/teasense.ch\/wp-content\/uploads\/2023\/08\/apfel-ingwer-plain.jpg?resize=350%2C200&ssl=1 1x, https:\/\/i0.wp.com\/teasense.ch\/wp-content\/uploads\/2023\/08\/apfel-ingwer-plain.jpg?resize=525%2C300&ssl=1 1.5x, https:\/\/i0.wp.com\/teasense.ch\/wp-content\/uploads\/2023\/08\/apfel-ingwer-plain.jpg?resize=700%2C400&ssl=1 2x"},"classes":[]},{"id":33272,"url":"https:\/\/teasense.ch\/fr\/produit\/loewenzahnblueten\/","url_meta":{"origin":33539,"position":3},"title":"L\u00f6wenzahnbl\u00fcten","author":"Reale Selection","date":"5. July 2023","format":false,"excerpt":"L\u00f6wenzahnbl\u00fcten getrocknet Du kannst die gelben Bl\u00fcten verarbeiten oder einfach roh essen.","rel":"","context":"Similar post","block_context":{"text":"Similar post","link":""},"img":{"alt_text":"Loewenzahnblueten lose und getrocknet mit einem L\u00f6wenzahn als Bildelement.","src":"https:\/\/i0.wp.com\/teasense.ch\/wp-content\/uploads\/2023\/07\/loewenzahnblueten-bio-teasensech.jpg?resize=350%2C200&ssl=1","width":350,"height":200,"srcset":"https:\/\/i0.wp.com\/teasense.ch\/wp-content\/uploads\/2023\/07\/loewenzahnblueten-bio-teasensech.jpg?resize=350%2C200&ssl=1 1x, https:\/\/i0.wp.com\/teasense.ch\/wp-content\/uploads\/2023\/07\/loewenzahnblueten-bio-teasensech.jpg?resize=525%2C300&ssl=1 1.5x, https:\/\/i0.wp.com\/teasense.ch\/wp-content\/uploads\/2023\/07\/loewenzahnblueten-bio-teasensech.jpg?resize=700%2C400&ssl=1 2x"},"classes":[]},{"id":34555,"url":"https:\/\/teasense.ch\/fr\/produit\/acerola-pulver\/","url_meta":{"origin":33539,"position":4},"title":"Acerola Pulver","author":"Reale Selection","date":"31. July 2023","format":false,"excerpt":"Antillen-Kirsche Pulver","rel":"","context":"Similar post","block_context":{"text":"Similar post","link":""},"img":{"alt_text":"Acerola Pulver","src":"https:\/\/i0.wp.com\/teasense.ch\/wp-content\/uploads\/2023\/07\/acerola-pulver.jpg?resize=350%2C200&ssl=1","width":350,"height":200,"srcset":"https:\/\/i0.wp.com\/teasense.ch\/wp-content\/uploads\/2023\/07\/acerola-pulver.jpg?resize=350%2C200&ssl=1 1x, https:\/\/i0.wp.com\/teasense.ch\/wp-content\/uploads\/2023\/07\/acerola-pulver.jpg?resize=525%2C300&ssl=1 1.5x, https:\/\/i0.wp.com\/teasense.ch\/wp-content\/uploads\/2023\/07\/acerola-pulver.jpg?resize=700%2C400&ssl=1 2x"},"classes":[]},{"id":37980,"url":"https:\/\/teasense.ch\/fr\/produit\/korinthen\/","url_meta":{"origin":33539,"position":5},"title":"Korinthen","author":"Reale Selection","date":"15. October 2023","format":false,"excerpt":"kernlos, d\u00fcnnh\u00e4utig, rotblau bis schwarzviolett Traubenbeeren aus der Rebsorte Korinthiaki Korinthen Tee Zubereitung \ud83e\udd44 1-2 Teel\u00f6ffel Korinthen \ud83c\udf21\ufe0f 100\u00b0C (Kochendes Wasser) \u23f3 5-10 Minuten","rel":"","context":"Similar post","block_context":{"text":"Similar post","link":""},"img":{"alt_text":"Korinthen eine Rotwein- und Tafeltraubensorte auf weissem Hintergrund.","src":"https:\/\/i0.wp.com\/teasense.ch\/wp-content\/uploads\/2023\/10\/korinthen-plain.jpg?resize=350%2C200&ssl=1","width":350,"height":200,"srcset":"https:\/\/i0.wp.com\/teasense.ch\/wp-content\/uploads\/2023\/10\/korinthen-plain.jpg?resize=350%2C200&ssl=1 1x, https:\/\/i0.wp.com\/teasense.ch\/wp-content\/uploads\/2023\/10\/korinthen-plain.jpg?resize=525%2C300&ssl=1 1.5x, https:\/\/i0.wp.com\/teasense.ch\/wp-content\/uploads\/2023\/10\/korinthen-plain.jpg?resize=700%2C400&ssl=1 2x"},"classes":[]}],"jetpack_sharing_enabled":false,"jetpack_likes_enabled":false,"_links":{"self":[{"href":"https:\/\/teasense.ch\/fr\/wp-json\/wp\/v2\/product\/33539","targetHints":{"allow":["GET"]}}],"collection":[{"href":"https:\/\/teasense.ch\/fr\/wp-json\/wp\/v2\/product"}],"about":[{"href":"https:\/\/teasense.ch\/fr\/wp-json\/wp\/v2\/types\/product"}],"replies":[{"embeddable":true,"href":"https:\/\/teasense.ch\/fr\/wp-json\/wp\/v2\/comments?post=33539"}],"wp:featuredmedia":[{"embeddable":true,"href":"https:\/\/teasense.ch\/fr\/wp-json\/wp\/v2\/media\/33542"}],"wp:attachment":[{"href":"https:\/\/teasense.ch\/fr\/wp-json\/wp\/v2\/media?parent=33539"}],"wp:term":[{"taxonomy":"product_brand","embeddable":true,"href":"https:\/\/teasense.ch\/fr\/wp-json\/wp\/v2\/product_brand?post=33539"},{"taxonomy":"product_cat","embeddable":true,"href":"https:\/\/teasense.ch\/fr\/wp-json\/wp\/v2\/product_cat?post=33539"},{"taxonomy":"product_tag","embeddable":true,"href":"https:\/\/teasense.ch\/fr\/wp-json\/wp\/v2\/product_tag?post=33539"}],"curies":[{"name":"wp","href":"https:\/\/api.w.org\/{rel}","templated":true}]}}