{"id":33558,"date":"2023-07-15T19:58:26","date_gmt":"2023-07-15T17:58:26","guid":{"rendered":"https:\/\/teasense.ch\/?post_type=product&#038;p=33558"},"modified":"2026-02-26T15:35:08","modified_gmt":"2026-02-26T14:35:08","slug":"lemongras","status":"publish","type":"product","link":"https:\/\/teasense.ch\/fr\/produit\/lemongras\/","title":{"rendered":"Lemongras Tee"},"content":{"rendered":"<h2>Lemongras Tee \u2013 Erfrischend und Aromatisch<\/h2>\n<p>Zitronengras ist eine einkeimbl\u00e4ttrige, mehrj\u00e4hrige Pflanze, die zur Familie der S\u00fcssgr\u00e4ser geh\u00f6rt. Es ist auch unter den Namen westindisches oder guatemaltekisches Zitronengras oder Sereh bekannt. Obwohl der Name \u201eZitronengras\u201c an die Zitrone erinnert, gibt es keinen botanischen Zusammenhang \u2013 der Name leitet sich allein von dem zitronigen Geschmack ab.<\/p>\n<h3>Erfrischender Genuss mit Zitronengras<\/h3>\n<p>Probiere unser Lemongras und lass dich von seinem erfrischenden Geschmack inspirieren. Unser Lemongras zeichnet sich durch einen intensiven Zitronengeschmack und ein unverwechselbares Aroma aus. Es ist die perfekte Wahl f\u00fcr alle, die eine nat\u00fcrliche, k\u00f6stliche Alternative zu herk\u00f6mmlichen Tees suchen.<\/p>\n<h3>Lemongras Tee \u2013 Heiss oder Kalt ein Genuss<\/h3>\n<p>Der klassische Heissaufguss begeistert mit einem intensiven, frischen Duft, der die Sinne verf\u00fchrt. Du kannst den Tee pur geniessen oder mit einem Hauch von Honig und einem Spritzer Zitrone verfeinern, um eine harmonische Note zu erhalten.<\/p>\n<p>Lemongras-Tee l\u00e4sst sich auch hervorragend kalt geniessen. Einfach mit Eisw\u00fcrfeln und einem Spritzer Fruchtsaft kombinieren \u2013 der perfekte Durstl\u00f6scher im Sommer. Verleihe ihm optisch noch das gewisse Etwas, indem du frische Zitronenscheiben hinzuf\u00fcgst.<\/p>\n<h3>Kreative Teekreationen mit Lemongras<\/h3>\n<p>Wir animieren dich dazu, mit Lemongras zu experimentieren! Es eignet sich wunderbar als Basis f\u00fcr eigene Teemischungen. Kombiniere es zum Beispiel mit gr\u00fcnem oder schwarzem Tee, um deinem Getr\u00e4nk eine frische, fruchtige Note zu verleihen. Er ist nicht nur f\u00fcr Tees eine Bereicherung, sondern auch ein wunderbares Gew\u00fcrz f\u00fcr salzige oder s\u00fcsse Gerichte. In Kombination mit <a href=\"https:\/\/teasense.ch\/produkt\/coco-bello\/\">Kokosnussmilchpulver<\/a> schmeckt es k\u00f6stlich \u2013 einfach mitkochen und vor dem Servieren entfernen. Besonders in der asiatischen K\u00fcche wird Zitronengras f\u00fcr die Verfeinerung von Suppen, Currys, Salaten und Marinaden verwendet.<\/p>\n","protected":false},"excerpt":{"rendered":"<p>Citronella, Zitronengras<\/p>\n<h4>Lemongras Tee Zubereitung<\/h4>\n<p>\ud83e\udd44 1 TL \/ Tasse (250 ml) oder 15\u201320 g \/ Liter<br \/>\n\ud83c\udf21\ufe0f 100\u00b0C<br \/>\n\u23f3 6\u201310 Minuten<\/p>\n","protected":false},"featured_media":33561,"comment_status":"closed","ping_status":"closed","template":"","meta":{"_et_pb_use_builder":"","_et_pb_old_content":"","_et_gb_content_width":""},"product_brand":[],"product_cat":[74,64,150,19,155],"product_tag":[],"class_list":{"0":"post-33558","1":"product","2":"type-product","3":"status-publish","4":"has-post-thumbnail","6":"product_cat-alle-produkte","7":"product_cat-gewuerze","8":"product_cat-kraeutertee","9":"product_cat-tee","10":"product_cat-monokraeuter","11":"pa_herkunft-aegypten","12":"pa_weight-100-g","13":"pa_weight-200-g","14":"pa_weight-400-g","16":"first","17":"instock","18":"shipping-taxable","19":"purchasable","20":"product-type-variable","21":"has-default-attributes","22":"add-to-wishlist-before_image"},"yoast_head":"<!-- This site is optimized with the Yoast SEO plugin v27.4 - https:\/\/yoast.com\/product\/yoast-seo-wordpress\/ -->\n<title>Lemongras Tee - TeaSense.ch - Tee Shop Schweiz<\/title>\n<meta name=\"description\" content=\"Lemongras Tee \u2013 Erfrischend und Aromatisch. \ud83c\udf4b Zitronengras-Tee, ob heiss oder kalt, eignet sich f\u00fcr jede Gelegenheit und macht beim Kochen auch keinen Halt.\" \/>\n<meta name=\"robots\" content=\"index, follow, max-snippet:-1, max-image-preview:large, max-video-preview:-1\" \/>\n<link rel=\"canonical\" href=\"https:\/\/teasense.ch\/fr\/produit\/lemongras\/\" \/>\n<meta property=\"og:locale\" content=\"fr_FR\" \/>\n<meta property=\"og:type\" content=\"article\" \/>\n<meta property=\"og:title\" content=\"Lemongras Tee - TeaSense.ch - Tee Shop Schweiz\" \/>\n<meta property=\"og:description\" content=\"Lemongras Tee \u2013 Erfrischend und Aromatisch. \ud83c\udf4b Zitronengras-Tee, ob heiss oder kalt, eignet sich f\u00fcr jede Gelegenheit und macht beim Kochen auch keinen Halt.\" \/>\n<meta property=\"og:url\" content=\"https:\/\/teasense.ch\/fr\/produit\/lemongras\/\" \/>\n<meta property=\"og:site_name\" content=\"TeaSense.ch - Tee Shop Schweiz\" \/>\n<meta property=\"article:publisher\" content=\"https:\/\/www.facebook.com\/teasense.ch\" \/>\n<meta property=\"article:modified_time\" content=\"2026-02-26T14:35:08+00:00\" \/>\n<meta property=\"og:image\" content=\"https:\/\/teasense.ch\/wp-content\/uploads\/2023\/07\/lemongras-plain.jpg\" \/>\n\t<meta property=\"og:image:width\" content=\"800\" \/>\n\t<meta property=\"og:image:height\" content=\"800\" \/>\n\t<meta property=\"og:image:type\" content=\"image\/jpeg\" \/>\n<meta name=\"twitter:card\" content=\"summary_large_image\" \/>\n<meta name=\"twitter:label1\" content=\"Est. reading time\" \/>\n\t<meta name=\"twitter:data1\" content=\"2 minutes\" \/>\n<!-- \/ Yoast SEO plugin. -->","yoast_head_json":{"title":"Lemongras Tee - TeaSense.ch - Tee Shop Schweiz","description":"Lemongras Tee \u2013 Erfrischend und Aromatisch. \ud83c\udf4b Zitronengras-Tee, ob heiss oder kalt, eignet sich f\u00fcr jede Gelegenheit und macht beim Kochen auch keinen Halt.","robots":{"index":"index","follow":"follow","max-snippet":"max-snippet:-1","max-image-preview":"max-image-preview:large","max-video-preview":"max-video-preview:-1"},"canonical":"https:\/\/teasense.ch\/fr\/produit\/lemongras\/","og_locale":"fr_FR","og_type":"article","og_title":"Lemongras Tee - TeaSense.ch - Tee Shop Schweiz","og_description":"Lemongras Tee \u2013 Erfrischend und Aromatisch. \ud83c\udf4b Zitronengras-Tee, ob heiss oder kalt, eignet sich f\u00fcr jede Gelegenheit und macht beim Kochen auch keinen Halt.","og_url":"https:\/\/teasense.ch\/fr\/produit\/lemongras\/","og_site_name":"TeaSense.ch - Tee Shop Schweiz","article_publisher":"https:\/\/www.facebook.com\/teasense.ch","article_modified_time":"2026-02-26T14:35:08+00:00","og_image":[{"width":800,"height":800,"url":"https:\/\/teasense.ch\/wp-content\/uploads\/2023\/07\/lemongras-plain.jpg","type":"image\/jpeg"}],"twitter_card":"summary_large_image","twitter_misc":{"Est. reading time":"2 minutes"},"schema":{"@context":"https:\/\/schema.org","@graph":[{"@type":"WebPage","@id":"https:\/\/teasense.ch\/fr\/produit\/lemongras\/","url":"https:\/\/teasense.ch\/fr\/produit\/lemongras\/","name":"Lemongras Tee - TeaSense.ch - Tee Shop Schweiz","isPartOf":{"@id":"https:\/\/teasense.ch\/fr\/#website"},"primaryImageOfPage":{"@id":"https:\/\/teasense.ch\/fr\/produit\/lemongras\/#primaryimage"},"image":{"@id":"https:\/\/teasense.ch\/fr\/produit\/lemongras\/#primaryimage"},"thumbnailUrl":"https:\/\/teasense.ch\/wp-content\/uploads\/2023\/07\/lemongras-plain.jpg","datePublished":"2023-07-15T17:58:26+00:00","dateModified":"2026-02-26T14:35:08+00:00","description":"Lemongras Tee \u2013 Erfrischend und Aromatisch. \ud83c\udf4b Zitronengras-Tee, ob heiss oder kalt, eignet sich f\u00fcr jede Gelegenheit und macht beim Kochen auch keinen Halt.","breadcrumb":{"@id":"https:\/\/teasense.ch\/fr\/produit\/lemongras\/#breadcrumb"},"inLanguage":"fr-CH","potentialAction":[{"@type":"ReadAction","target":["https:\/\/teasense.ch\/fr\/produit\/lemongras\/"]}]},{"@type":"ImageObject","inLanguage":"fr-CH","@id":"https:\/\/teasense.ch\/fr\/produit\/lemongras\/#primaryimage","url":"https:\/\/teasense.ch\/wp-content\/uploads\/2023\/07\/lemongras-plain.jpg","contentUrl":"https:\/\/teasense.ch\/wp-content\/uploads\/2023\/07\/lemongras-plain.jpg","width":800,"height":800,"caption":"Lemongras"},{"@type":"BreadcrumbList","@id":"https:\/\/teasense.ch\/fr\/produit\/lemongras\/#breadcrumb","itemListElement":[{"@type":"ListItem","position":1,"name":"Startseite","item":"https:\/\/teasense.ch\/fr\/startseite\/"},{"@type":"ListItem","position":2,"name":"Boutique de th\u00e9 en ligne","item":"https:\/\/teasense.ch\/fr\/shop\/"},{"@type":"ListItem","position":3,"name":"Lemongras Tee"}]},{"@type":"WebSite","@id":"https:\/\/teasense.ch\/fr\/#website","url":"https:\/\/teasense.ch\/fr\/","name":"TeaSense.ch","description":"Nat\u00fcrliche Teemischungen und klassischer Tee","publisher":{"@id":"https:\/\/teasense.ch\/fr\/#organization"},"alternateName":"TeaSense","potentialAction":[{"@type":"SearchAction","target":{"@type":"EntryPoint","urlTemplate":"https:\/\/teasense.ch\/fr\/?s={search_term_string}"},"query-input":{"@type":"PropertyValueSpecification","valueRequired":true,"valueName":"search_term_string"}}],"inLanguage":"fr-CH"},{"@type":"Organization","@id":"https:\/\/teasense.ch\/fr\/#organization","name":"Reale Selection","alternateName":"TeaSense.ch","url":"https:\/\/teasense.ch\/fr\/","logo":{"@type":"ImageObject","inLanguage":"fr-CH","@id":"https:\/\/teasense.ch\/fr\/#\/schema\/logo\/image\/","url":"https:\/\/teasense.ch\/wp-content\/uploads\/2023\/07\/cropped-logo-teasense-kategorie-onlineshop-alle-produkte.jpg","contentUrl":"https:\/\/teasense.ch\/wp-content\/uploads\/2023\/07\/cropped-logo-teasense-kategorie-onlineshop-alle-produkte.jpg","width":512,"height":512,"caption":"Reale Selection"},"image":{"@id":"https:\/\/teasense.ch\/fr\/#\/schema\/logo\/image\/"},"sameAs":["https:\/\/www.facebook.com\/teasense.ch"]}]}},"jetpack-related-posts":[{"id":45667,"url":"https:\/\/teasense.ch\/fr\/produit\/rooibusch-zitrone\/","url_meta":{"origin":33558,"position":0},"title":"Rooibusch Zitrone","author":"Reale Selection","date":"12. May 2025","format":false,"excerpt":"Zubereitung Rooibusch Zitrone \ud83e\udd44 1 Teel\u00f6ffel auf 200 ml Wasser (14g\/Liter)\ud83c\udf21\ufe0f 100 \u00b0C\u23f3 5 Minuten ziehen lassen","rel":"","context":"Similar post","block_context":{"text":"Similar post","link":""},"img":{"alt_text":"Rooibusch Zitrone Teemischung","src":"https:\/\/i0.wp.com\/teasense.ch\/wp-content\/uploads\/2025\/05\/Rooibusch-Zitrone.png?resize=350%2C200&ssl=1","width":350,"height":200,"srcset":"https:\/\/i0.wp.com\/teasense.ch\/wp-content\/uploads\/2025\/05\/Rooibusch-Zitrone.png?resize=350%2C200&ssl=1 1x, https:\/\/i0.wp.com\/teasense.ch\/wp-content\/uploads\/2025\/05\/Rooibusch-Zitrone.png?resize=525%2C300&ssl=1 1.5x, https:\/\/i0.wp.com\/teasense.ch\/wp-content\/uploads\/2025\/05\/Rooibusch-Zitrone.png?resize=700%2C400&ssl=1 2x"},"classes":[]},{"id":33277,"url":"https:\/\/teasense.ch\/fr\/produit\/green-refresher\/","url_meta":{"origin":33558,"position":1},"title":"Green Refresher Gr\u00fcnteemischung","author":"Reale Selection","date":"5. July 2023","format":false,"excerpt":"Zubereitung Green Refresher Gr\u00fcnteemischung \ud83e\udd44 12 g\/Liter\ud83c\udf21\ufe0f 90\u00b0C\u23f3 2 Minuten","rel":"","context":"Similar post","block_context":{"text":"Similar post","link":""},"img":{"alt_text":"Teemischung Gr\u00fcntee","src":"https:\/\/i0.wp.com\/teasense.ch\/wp-content\/uploads\/2023\/07\/green-refresher.jpg?resize=350%2C200&ssl=1","width":350,"height":200,"srcset":"https:\/\/i0.wp.com\/teasense.ch\/wp-content\/uploads\/2023\/07\/green-refresher.jpg?resize=350%2C200&ssl=1 1x, https:\/\/i0.wp.com\/teasense.ch\/wp-content\/uploads\/2023\/07\/green-refresher.jpg?resize=525%2C300&ssl=1 1.5x, https:\/\/i0.wp.com\/teasense.ch\/wp-content\/uploads\/2023\/07\/green-refresher.jpg?resize=700%2C400&ssl=1 2x"},"classes":[]},{"id":47301,"url":"https:\/\/teasense.ch\/fr\/produit\/pu-erh-zitrone\/","url_meta":{"origin":33558,"position":2},"title":"Pu Erh Zitrone","author":"Reale Selection","date":"13. October 2025","format":false,"excerpt":"Zubereitung Pu Erh Zitrone \ud83e\udd44 1 Teel\u00f6ffel auf 200 ml Wasser\ud83c\udf21\ufe0f 90 \u00b0C\u23f3 2 Minuten ziehen lassen","rel":"","context":"Similar post","block_context":{"text":"Similar post","link":""},"img":{"alt_text":"Pu Erh Zitrone - China Pu Erh Tee mit der frischen Note von Zitronenschalen und Lemongras","src":"https:\/\/i0.wp.com\/teasense.ch\/wp-content\/uploads\/2025\/10\/pu-erh-zitrone.png?resize=350%2C200&ssl=1","width":350,"height":200,"srcset":"https:\/\/i0.wp.com\/teasense.ch\/wp-content\/uploads\/2025\/10\/pu-erh-zitrone.png?resize=350%2C200&ssl=1 1x, https:\/\/i0.wp.com\/teasense.ch\/wp-content\/uploads\/2025\/10\/pu-erh-zitrone.png?resize=525%2C300&ssl=1 1.5x, https:\/\/i0.wp.com\/teasense.ch\/wp-content\/uploads\/2025\/10\/pu-erh-zitrone.png?resize=700%2C400&ssl=1 2x"},"classes":[]},{"id":36370,"url":"https:\/\/teasense.ch\/fr\/produit\/sinneskraeuter-tee\/","url_meta":{"origin":33558,"position":3},"title":"Sinneskr\u00e4uter Tee","author":"Reale Selection","date":"29. August 2023","format":false,"excerpt":"Zubereitung Sinneskr\u00e4uter Tee \ud83e\udd44 2,5 g auf 200 ml Wasser \ud83c\udf21\ufe0f 100 \u00b0C \u23f3 5-8 Minuten","rel":"","context":"Similar post","block_context":{"text":"Similar post","link":""},"img":{"alt_text":"Sinneskr\u00e4uter Lose Teemischung","src":"https:\/\/i0.wp.com\/teasense.ch\/wp-content\/uploads\/2023\/08\/sinneskraeuter-teemischung-plain.jpg?resize=350%2C200&ssl=1","width":350,"height":200,"srcset":"https:\/\/i0.wp.com\/teasense.ch\/wp-content\/uploads\/2023\/08\/sinneskraeuter-teemischung-plain.jpg?resize=350%2C200&ssl=1 1x, https:\/\/i0.wp.com\/teasense.ch\/wp-content\/uploads\/2023\/08\/sinneskraeuter-teemischung-plain.jpg?resize=525%2C300&ssl=1 1.5x, https:\/\/i0.wp.com\/teasense.ch\/wp-content\/uploads\/2023\/08\/sinneskraeuter-teemischung-plain.jpg?resize=700%2C400&ssl=1 2x"},"classes":[]},{"id":38233,"url":"https:\/\/teasense.ch\/fr\/produit\/bleib-fresh\/","url_meta":{"origin":33558,"position":4},"title":"Bleib Fresh Kr\u00e4utertee","author":"Reale Selection","date":"22. October 2023","format":false,"excerpt":"Kr\u00e4utertee mit Minze-Lemon-Geschmack Zubereitung Bleib Fresh Kr\u00e4utertee \ud83e\udd44 1-2 Teel\u00f6ffel Kr\u00e4utermischung pro Liter (14g\/Liter) \ud83c\udf21\ufe0f 100 \u00b0C (Kochendes Wasser) \u23f3 5 Minuten","rel":"","context":"Similar post","block_context":{"text":"Similar post","link":""},"img":{"alt_text":"Loser Koriander Teemischung","src":"https:\/\/i0.wp.com\/teasense.ch\/wp-content\/uploads\/2023\/10\/kraeuterteemischung-bleib-fresh-plain.jpg?resize=350%2C200&ssl=1","width":350,"height":200,"srcset":"https:\/\/i0.wp.com\/teasense.ch\/wp-content\/uploads\/2023\/10\/kraeuterteemischung-bleib-fresh-plain.jpg?resize=350%2C200&ssl=1 1x, https:\/\/i0.wp.com\/teasense.ch\/wp-content\/uploads\/2023\/10\/kraeuterteemischung-bleib-fresh-plain.jpg?resize=525%2C300&ssl=1 1.5x, https:\/\/i0.wp.com\/teasense.ch\/wp-content\/uploads\/2023\/10\/kraeuterteemischung-bleib-fresh-plain.jpg?resize=700%2C400&ssl=1 2x"},"classes":[]},{"id":47344,"url":"https:\/\/teasense.ch\/fr\/produit\/kurkuma-gewuerz-mix\/","url_meta":{"origin":33558,"position":5},"title":"Kurkuma Gew\u00fcrz-Mix","author":"Reale Selection","date":"22. October 2025","format":false,"excerpt":"Kurkuma mit Zitronengras, Zitrone, Ingwer und Koriander Ideal als Tee, in der K\u00fcche oder f\u00fcr deine Kurkuma Latte Goldgelbe Farbe, 100 % nat\u00fcrliche Zutaten \u2013 ohne Zus\u00e4tze","rel":"","context":"Similar post","block_context":{"text":"Similar post","link":""},"img":{"alt_text":"Kurkuma Gew\u00fcrz-Mix Zitronengras, Zitrone, Ingwer und Koriander","src":"https:\/\/i0.wp.com\/teasense.ch\/wp-content\/uploads\/2025\/09\/kurkuma-zitrone-1.png?resize=350%2C200&ssl=1","width":350,"height":200,"srcset":"https:\/\/i0.wp.com\/teasense.ch\/wp-content\/uploads\/2025\/09\/kurkuma-zitrone-1.png?resize=350%2C200&ssl=1 1x, https:\/\/i0.wp.com\/teasense.ch\/wp-content\/uploads\/2025\/09\/kurkuma-zitrone-1.png?resize=525%2C300&ssl=1 1.5x, https:\/\/i0.wp.com\/teasense.ch\/wp-content\/uploads\/2025\/09\/kurkuma-zitrone-1.png?resize=700%2C400&ssl=1 2x"},"classes":[]}],"jetpack_sharing_enabled":false,"jetpack_likes_enabled":false,"_links":{"self":[{"href":"https:\/\/teasense.ch\/fr\/wp-json\/wp\/v2\/product\/33558","targetHints":{"allow":["GET"]}}],"collection":[{"href":"https:\/\/teasense.ch\/fr\/wp-json\/wp\/v2\/product"}],"about":[{"href":"https:\/\/teasense.ch\/fr\/wp-json\/wp\/v2\/types\/product"}],"replies":[{"embeddable":true,"href":"https:\/\/teasense.ch\/fr\/wp-json\/wp\/v2\/comments?post=33558"}],"wp:featuredmedia":[{"embeddable":true,"href":"https:\/\/teasense.ch\/fr\/wp-json\/wp\/v2\/media\/33561"}],"wp:attachment":[{"href":"https:\/\/teasense.ch\/fr\/wp-json\/wp\/v2\/media?parent=33558"}],"wp:term":[{"taxonomy":"product_brand","embeddable":true,"href":"https:\/\/teasense.ch\/fr\/wp-json\/wp\/v2\/product_brand?post=33558"},{"taxonomy":"product_cat","embeddable":true,"href":"https:\/\/teasense.ch\/fr\/wp-json\/wp\/v2\/product_cat?post=33558"},{"taxonomy":"product_tag","embeddable":true,"href":"https:\/\/teasense.ch\/fr\/wp-json\/wp\/v2\/product_tag?post=33558"}],"curies":[{"name":"wp","href":"https:\/\/api.w.org\/{rel}","templated":true}]}}