{"id":34606,"date":"2023-08-01T20:15:59","date_gmt":"2023-08-01T18:15:59","guid":{"rendered":"https:\/\/teasense.ch\/?post_type=product&#038;p=34606"},"modified":"2026-02-23T13:06:34","modified_gmt":"2026-02-23T12:06:34","slug":"lavendelblueten","status":"publish","type":"product","link":"https:\/\/teasense.ch\/fr\/produit\/lavendelblueten\/","title":{"rendered":"Lavendelbl\u00fcten"},"content":{"rendered":"<h3>Die vielseitigen Lavendelbl\u00fcten: Eine Hommage an Duft und Dekor<\/h3>\n<p>Die Lavendelpflanze aus der Familie der Lippenbl\u00fctler besticht durch ihr zartes Erscheinungsbild und ihren angenehmen Duft. Lavendel wird vor allem als Zierpflanze sowie zur Gewinnung von Duftstoffen angebaut und findet in verschiedenen Bereichen Anwendung.<\/p>\n<h3>Duftbeutel f\u00fcr Wohlf\u00fchlmomente und dekorative Akzente<\/h3>\n<p>Ob als Duftbeutel im Kleiderschrank oder als dekoratives Element im Wohnbereich \u2013 Lavendel sorgt f\u00fcr eine angenehme Atmosph\u00e4re mit nat\u00fcrlichem Duft. Ein Lavendels\u00e4ckli kann zudem dazu beitragen, Kleidungsst\u00fccke mit einem dezenten Duft zu versehen.g.<\/p>\n<h3>Kulinarische Verwendung von Lavendelbl\u00fcten<\/h3>\n<p data-start=\"908\" data-end=\"1167\">Lavendelbl\u00fcten k\u00f6nnen als aromatische Zutat in der K\u00fcche eingesetzt werden, zum Beispiel in Desserts, Geb\u00e4ck oder auch in herzhaften Gerichten. Der fein blumige Geschmack verleiht Speisen eine besondere Note und sorgt f\u00fcr ein interessantes Geschmackserlebnis.\u00a0Probiere Lavendelbl\u00fcten beispielsweise in einer Biskuitrolle oder als feine Erg\u00e4nzung zu Lammgerichten aus. Auch in selbstgemachten Getr\u00e4nken oder Sirup kann Lavendel f\u00fcr ein blumiges Aroma sorgen.<\/p>\n<h3>Lavendelbl\u00fctentee geniessen<\/h3>\n<p data-start=\"1401\" data-end=\"1650\">F\u00fcr die Zubereitung eines Lavendelbl\u00fctentees kannst du etwa zwei Teel\u00f6ffel Lavendelbl\u00fcten pro Tasse (250 ml) mit kochendem, frisch aufgekochtem Wasser \u00fcbergiessen und den Tee 8\u201310 Minuten zugedeckt ziehen lassen, damit sich das Aroma entfalten kann.<\/p>\n<p data-start=\"1652\" data-end=\"2033\">Lavendelbl\u00fcten verleihen Tees eine zarte, blumige Geschmacksnote. Falls du eine erfrischendere Variante bevorzugst, kannst du statt Nana Minze andere Minzsorten wie Pfefferminze oder Spearmint verwenden. Bitte beachte, dass Nana Minze aktuell nicht im Sortiment ist. Zitronenschalen bieten wir derzeit ebenfalls nicht mehr an und werden sie auch zuk\u00fcnftig nicht mehr online f\u00fchren.<\/p>\n<p>Seine vielseitigen Einsatzm\u00f6glichkeiten machen ihn zu einem unverzichtbaren Begleiter in vielen Bereichen unseres Lebens.<\/p>\n","protected":false},"excerpt":{"rendered":"<p>Lavandula angustifolia<\/p>\n<h4>Zubereitung Lavendel Tee<\/h4>\n<p>\ud83e\udd44 2 TL pro Tasse (250 ml)<br \/>\n\ud83c\udf21\ufe0f 90 \u2013 100\u00b0C (Kochendes Wasser)<br \/>\n\u23f3 8 \u2013 10 Minuten ziehen lassen<\/p>\n","protected":false},"featured_media":34608,"comment_status":"open","ping_status":"closed","template":"","meta":{"_et_pb_use_builder":"","_et_pb_old_content":"","_et_gb_content_width":""},"product_brand":[],"product_cat":[74,64,19,147],"product_tag":[],"class_list":{"0":"post-34606","1":"product","2":"type-product","3":"status-publish","4":"has-post-thumbnail","6":"product_cat-alle-produkte","7":"product_cat-gewuerze","8":"product_cat-tee","9":"product_cat-sale","10":"pa_weight-100-g","11":"pa_weight-200-g","12":"pa_weight-400-g","13":"pa_weight-50-g","15":"first","16":"instock","17":"shipping-taxable","18":"purchasable","19":"product-type-variable","20":"has-default-attributes","21":"add-to-wishlist-before_image"},"yoast_head":"<!-- This site is optimized with the Yoast SEO plugin v27.4 - https:\/\/yoast.com\/product\/yoast-seo-wordpress\/ -->\n<title>Lavendelbl\u00fcten - TeaSense.ch - Tee Shop Schweiz<\/title>\n<meta name=\"description\" content=\"Entdecke Lavendelbl\u00fcten f\u00fcr Duft, Dekor und nat\u00fcrliche Aromen \u2013 gesch\u00e4tzt f\u00fcr ihr zartes Erscheinungsbild und ihren charakteristischen Duft. \ud83e\udebb\" \/>\n<meta name=\"robots\" content=\"index, follow, max-snippet:-1, max-image-preview:large, max-video-preview:-1\" \/>\n<link rel=\"canonical\" href=\"https:\/\/teasense.ch\/fr\/produit\/lavendelblueten\/\" \/>\n<meta property=\"og:locale\" content=\"fr_FR\" \/>\n<meta property=\"og:type\" content=\"article\" \/>\n<meta property=\"og:title\" content=\"Lavendelbl\u00fcten - TeaSense.ch - Tee Shop Schweiz\" \/>\n<meta property=\"og:description\" content=\"Entdecke Lavendelbl\u00fcten f\u00fcr Duft, Dekor und nat\u00fcrliche Aromen \u2013 gesch\u00e4tzt f\u00fcr ihr zartes Erscheinungsbild und ihren charakteristischen Duft. \ud83e\udebb\" \/>\n<meta property=\"og:url\" content=\"https:\/\/teasense.ch\/fr\/produit\/lavendelblueten\/\" \/>\n<meta property=\"og:site_name\" content=\"TeaSense.ch - Tee Shop Schweiz\" \/>\n<meta property=\"article:publisher\" content=\"https:\/\/www.facebook.com\/teasense.ch\" \/>\n<meta property=\"article:modified_time\" content=\"2026-02-23T12:06:34+00:00\" \/>\n<meta property=\"og:image\" content=\"https:\/\/teasense.ch\/wp-content\/uploads\/2023\/08\/lavendelblueten-plain.jpg\" \/>\n\t<meta property=\"og:image:width\" content=\"800\" \/>\n\t<meta property=\"og:image:height\" content=\"800\" \/>\n\t<meta property=\"og:image:type\" content=\"image\/jpeg\" \/>\n<meta name=\"twitter:card\" content=\"summary_large_image\" \/>\n<meta name=\"twitter:label1\" content=\"Est. reading time\" \/>\n\t<meta name=\"twitter:data1\" content=\"2 minutes\" \/>\n<!-- \/ Yoast SEO plugin. -->","yoast_head_json":{"title":"Lavendelbl\u00fcten - TeaSense.ch - Tee Shop Schweiz","description":"Entdecke Lavendelbl\u00fcten f\u00fcr Duft, Dekor und nat\u00fcrliche Aromen \u2013 gesch\u00e4tzt f\u00fcr ihr zartes Erscheinungsbild und ihren charakteristischen Duft. \ud83e\udebb","robots":{"index":"index","follow":"follow","max-snippet":"max-snippet:-1","max-image-preview":"max-image-preview:large","max-video-preview":"max-video-preview:-1"},"canonical":"https:\/\/teasense.ch\/fr\/produit\/lavendelblueten\/","og_locale":"fr_FR","og_type":"article","og_title":"Lavendelbl\u00fcten - TeaSense.ch - Tee Shop Schweiz","og_description":"Entdecke Lavendelbl\u00fcten f\u00fcr Duft, Dekor und nat\u00fcrliche Aromen \u2013 gesch\u00e4tzt f\u00fcr ihr zartes Erscheinungsbild und ihren charakteristischen Duft. \ud83e\udebb","og_url":"https:\/\/teasense.ch\/fr\/produit\/lavendelblueten\/","og_site_name":"TeaSense.ch - Tee Shop Schweiz","article_publisher":"https:\/\/www.facebook.com\/teasense.ch","article_modified_time":"2026-02-23T12:06:34+00:00","og_image":[{"width":800,"height":800,"url":"https:\/\/teasense.ch\/wp-content\/uploads\/2023\/08\/lavendelblueten-plain.jpg","type":"image\/jpeg"}],"twitter_card":"summary_large_image","twitter_misc":{"Est. reading time":"2 minutes"},"schema":{"@context":"https:\/\/schema.org","@graph":[{"@type":"WebPage","@id":"https:\/\/teasense.ch\/fr\/produit\/lavendelblueten\/","url":"https:\/\/teasense.ch\/fr\/produit\/lavendelblueten\/","name":"Lavendelbl\u00fcten - TeaSense.ch - Tee Shop Schweiz","isPartOf":{"@id":"https:\/\/teasense.ch\/fr\/#website"},"primaryImageOfPage":{"@id":"https:\/\/teasense.ch\/fr\/produit\/lavendelblueten\/#primaryimage"},"image":{"@id":"https:\/\/teasense.ch\/fr\/produit\/lavendelblueten\/#primaryimage"},"thumbnailUrl":"https:\/\/teasense.ch\/wp-content\/uploads\/2023\/08\/lavendelblueten-plain.jpg","datePublished":"2023-08-01T18:15:59+00:00","dateModified":"2026-02-23T12:06:34+00:00","description":"Entdecke Lavendelbl\u00fcten f\u00fcr Duft, Dekor und nat\u00fcrliche Aromen \u2013 gesch\u00e4tzt f\u00fcr ihr zartes Erscheinungsbild und ihren charakteristischen Duft. \ud83e\udebb","breadcrumb":{"@id":"https:\/\/teasense.ch\/fr\/produit\/lavendelblueten\/#breadcrumb"},"inLanguage":"fr-CH","potentialAction":[{"@type":"ReadAction","target":["https:\/\/teasense.ch\/fr\/produit\/lavendelblueten\/"]}]},{"@type":"ImageObject","inLanguage":"fr-CH","@id":"https:\/\/teasense.ch\/fr\/produit\/lavendelblueten\/#primaryimage","url":"https:\/\/teasense.ch\/wp-content\/uploads\/2023\/08\/lavendelblueten-plain.jpg","contentUrl":"https:\/\/teasense.ch\/wp-content\/uploads\/2023\/08\/lavendelblueten-plain.jpg","width":800,"height":800,"caption":"Lavendelbl\u00fcten"},{"@type":"BreadcrumbList","@id":"https:\/\/teasense.ch\/fr\/produit\/lavendelblueten\/#breadcrumb","itemListElement":[{"@type":"ListItem","position":1,"name":"Startseite","item":"https:\/\/teasense.ch\/fr\/startseite\/"},{"@type":"ListItem","position":2,"name":"Boutique de th\u00e9 en ligne","item":"https:\/\/teasense.ch\/fr\/shop\/"},{"@type":"ListItem","position":3,"name":"Lavendelbl\u00fcten"}]},{"@type":"WebSite","@id":"https:\/\/teasense.ch\/fr\/#website","url":"https:\/\/teasense.ch\/fr\/","name":"TeaSense.ch","description":"Nat\u00fcrliche Teemischungen und klassischer Tee","publisher":{"@id":"https:\/\/teasense.ch\/fr\/#organization"},"alternateName":"TeaSense","potentialAction":[{"@type":"SearchAction","target":{"@type":"EntryPoint","urlTemplate":"https:\/\/teasense.ch\/fr\/?s={search_term_string}"},"query-input":{"@type":"PropertyValueSpecification","valueRequired":true,"valueName":"search_term_string"}}],"inLanguage":"fr-CH"},{"@type":"Organization","@id":"https:\/\/teasense.ch\/fr\/#organization","name":"Reale Selection","alternateName":"TeaSense.ch","url":"https:\/\/teasense.ch\/fr\/","logo":{"@type":"ImageObject","inLanguage":"fr-CH","@id":"https:\/\/teasense.ch\/fr\/#\/schema\/logo\/image\/","url":"https:\/\/teasense.ch\/wp-content\/uploads\/2023\/07\/cropped-logo-teasense-kategorie-onlineshop-alle-produkte.jpg","contentUrl":"https:\/\/teasense.ch\/wp-content\/uploads\/2023\/07\/cropped-logo-teasense-kategorie-onlineshop-alle-produkte.jpg","width":512,"height":512,"caption":"Reale Selection"},"image":{"@id":"https:\/\/teasense.ch\/fr\/#\/schema\/logo\/image\/"},"sameAs":["https:\/\/www.facebook.com\/teasense.ch"]}]}},"jetpack-related-posts":[{"id":43190,"url":"https:\/\/teasense.ch\/fr\/produit\/lavendelbeeren\/","url_meta":{"origin":34606,"position":0},"title":"Lavendelbeeren &#8211; Fr\u00fcchtetee","author":"Reale Selection","date":"22. October 2024","format":false,"excerpt":"Zubereitung Fr\u00fcchtetee Lavendelbeeren \ud83e\udd44 1 TL pro Tasse \ud83c\udf21\ufe0f 100\u00b0C \u23f3 8 - 10 Minuten","rel":"","context":"Similar post","block_context":{"text":"Similar post","link":""},"img":{"alt_text":"Lavendelbeeren Teemischung","src":"https:\/\/i0.wp.com\/teasense.ch\/wp-content\/uploads\/2024\/10\/produktfoto.png?resize=350%2C200&ssl=1","width":350,"height":200,"srcset":"https:\/\/i0.wp.com\/teasense.ch\/wp-content\/uploads\/2024\/10\/produktfoto.png?resize=350%2C200&ssl=1 1x, https:\/\/i0.wp.com\/teasense.ch\/wp-content\/uploads\/2024\/10\/produktfoto.png?resize=525%2C300&ssl=1 1.5x, https:\/\/i0.wp.com\/teasense.ch\/wp-content\/uploads\/2024\/10\/produktfoto.png?resize=700%2C400&ssl=1 2x"},"classes":[]},{"id":45417,"url":"https:\/\/teasense.ch\/fr\/produit\/stilltee\/","url_meta":{"origin":34606,"position":1},"title":"Stilltee","author":"Reale Selection","date":"10. May 2025","format":false,"excerpt":"Zubereitung \u2013 Stilltee \ud83e\udd44 2 g (ca. 1\u20132 TL) auf 200 ml Wasser\ud83c\udf21\ufe0f 90 \u00b0C\u23f3 8 \u2013 10 Minuten ziehen lassen","rel":"","context":"Similar post","block_context":{"text":"Similar post","link":""},"img":{"alt_text":"Stilltee Teemischung","src":"https:\/\/i0.wp.com\/teasense.ch\/wp-content\/uploads\/2025\/05\/Stilltee.png?resize=350%2C200&ssl=1","width":350,"height":200,"srcset":"https:\/\/i0.wp.com\/teasense.ch\/wp-content\/uploads\/2025\/05\/Stilltee.png?resize=350%2C200&ssl=1 1x, https:\/\/i0.wp.com\/teasense.ch\/wp-content\/uploads\/2025\/05\/Stilltee.png?resize=525%2C300&ssl=1 1.5x, https:\/\/i0.wp.com\/teasense.ch\/wp-content\/uploads\/2025\/05\/Stilltee.png?resize=700%2C400&ssl=1 2x"},"classes":[]},{"id":45425,"url":"https:\/\/teasense.ch\/fr\/produit\/wohlfuehltee\/","url_meta":{"origin":34606,"position":2},"title":"Wohlf\u00fchltee","author":"Reale Selection","date":"10. May 2025","format":false,"excerpt":"Zubereitung \u2013 Wohlf\u00fchltee \ud83e\udd44 2 g (ca. 1\u20132 TL) auf 200 ml Wasser\ud83c\udf21\ufe0f 90 \u00b0C\u23f3 8 \u2013 10 Minuten ziehen lassen","rel":"","context":"Similar post","block_context":{"text":"Similar post","link":""},"img":{"alt_text":"Wohlf\u00fchltee Kr\u00e4utermischung","src":"https:\/\/i0.wp.com\/teasense.ch\/wp-content\/uploads\/2025\/05\/Wohlfuehltee.png?resize=350%2C200&ssl=1","width":350,"height":200,"srcset":"https:\/\/i0.wp.com\/teasense.ch\/wp-content\/uploads\/2025\/05\/Wohlfuehltee.png?resize=350%2C200&ssl=1 1x, https:\/\/i0.wp.com\/teasense.ch\/wp-content\/uploads\/2025\/05\/Wohlfuehltee.png?resize=525%2C300&ssl=1 1.5x, https:\/\/i0.wp.com\/teasense.ch\/wp-content\/uploads\/2025\/05\/Wohlfuehltee.png?resize=700%2C400&ssl=1 2x"},"classes":[]},{"id":38210,"url":"https:\/\/teasense.ch\/fr\/produit\/winterquitte\/","url_meta":{"origin":34606,"position":3},"title":"Winterquitte","author":"Reale Selection","date":"22. October 2023","format":false,"excerpt":"Zubereitung Winterquitte Fr\u00fcchtetee \ud83e\udd44 1 TL der Fr\u00fcchteteemischung\ud83c\udf21\ufe0f Wasser auf ca. 90 \u00b0C erhitzen\u23f3 5 \u2013 7 Minuten ziehen lassen","rel":"","context":"Similar post","block_context":{"text":"Similar post","link":""},"img":{"alt_text":"Fr\u00fcchteteemischung mit Quitte und Apfelst\u00fccke.","src":"https:\/\/i0.wp.com\/teasense.ch\/wp-content\/uploads\/2023\/10\/winter-quitte.jpg?resize=350%2C200&ssl=1","width":350,"height":200,"srcset":"https:\/\/i0.wp.com\/teasense.ch\/wp-content\/uploads\/2023\/10\/winter-quitte.jpg?resize=350%2C200&ssl=1 1x, https:\/\/i0.wp.com\/teasense.ch\/wp-content\/uploads\/2023\/10\/winter-quitte.jpg?resize=525%2C300&ssl=1 1.5x, https:\/\/i0.wp.com\/teasense.ch\/wp-content\/uploads\/2023\/10\/winter-quitte.jpg?resize=700%2C400&ssl=1 2x"},"classes":[]},{"id":38050,"url":"https:\/\/teasense.ch\/fr\/produit\/gluehweingewuerz\/","url_meta":{"origin":34606,"position":4},"title":"Gl\u00fchweingew\u00fcrz","author":"Reale Selection","date":"15. October 2023","format":false,"excerpt":"Zubereitung Gl\u00fchwein \ud83c\udf77 1 Flasche Rotwein oder \ud83c\udf4f 1 Liter Apfelsaft\ud83e\udd44 2-3 EL Gl\u00fchweingew\u00fcrz\ud83c\udf21\ufe0f Langsam erhitzen, aber nicht kochen\u23f3 15-20 Minuten ziehen lassen Optional: \ud83c\udf4a Orangen- und\/oder Zitronenscheiben \ud83c\udf6c Zucker nach Geschmack","rel":"","context":"Similar post","block_context":{"text":"Similar post","link":""},"img":{"alt_text":"Gl\u00fchweingew\u00fcrz f\u00fcr Wein, Apfelsaft und im Geb\u00e4ck. Zutaten von Nelken bis Fenchel.","src":"https:\/\/i0.wp.com\/teasense.ch\/wp-content\/uploads\/2023\/10\/gluehweingewuerz-plain.jpg?resize=350%2C200&ssl=1","width":350,"height":200,"srcset":"https:\/\/i0.wp.com\/teasense.ch\/wp-content\/uploads\/2023\/10\/gluehweingewuerz-plain.jpg?resize=350%2C200&ssl=1 1x, https:\/\/i0.wp.com\/teasense.ch\/wp-content\/uploads\/2023\/10\/gluehweingewuerz-plain.jpg?resize=525%2C300&ssl=1 1.5x, https:\/\/i0.wp.com\/teasense.ch\/wp-content\/uploads\/2023\/10\/gluehweingewuerz-plain.jpg?resize=700%2C400&ssl=1 2x"},"classes":[]},{"id":44280,"url":"https:\/\/teasense.ch\/fr\/produit\/china-jasmin-gruentee\/","url_meta":{"origin":34606,"position":5},"title":"China Jasmin Gr\u00fcntee","author":"Reale Selection","date":"27. February 2025","format":false,"excerpt":"Zubereitung China Jasmin Gr\u00fcntee \ud83e\udd44 1 TL auf 200 ml Wasser \ud83c\udf21\ufe0f 75 - 80 \u00b0C \u23f3 2 - 3 Minuten ziehen lassen","rel":"","context":"Similar post","block_context":{"text":"Similar post","link":""},"img":{"alt_text":"China Jasmin Gr\u00fcntee","src":"https:\/\/i0.wp.com\/teasense.ch\/wp-content\/uploads\/2025\/02\/China-Jasmin-Gruentee.png?resize=350%2C200&ssl=1","width":350,"height":200,"srcset":"https:\/\/i0.wp.com\/teasense.ch\/wp-content\/uploads\/2025\/02\/China-Jasmin-Gruentee.png?resize=350%2C200&ssl=1 1x, https:\/\/i0.wp.com\/teasense.ch\/wp-content\/uploads\/2025\/02\/China-Jasmin-Gruentee.png?resize=525%2C300&ssl=1 1.5x, https:\/\/i0.wp.com\/teasense.ch\/wp-content\/uploads\/2025\/02\/China-Jasmin-Gruentee.png?resize=700%2C400&ssl=1 2x"},"classes":[]}],"jetpack_sharing_enabled":false,"jetpack_likes_enabled":false,"_links":{"self":[{"href":"https:\/\/teasense.ch\/fr\/wp-json\/wp\/v2\/product\/34606","targetHints":{"allow":["GET"]}}],"collection":[{"href":"https:\/\/teasense.ch\/fr\/wp-json\/wp\/v2\/product"}],"about":[{"href":"https:\/\/teasense.ch\/fr\/wp-json\/wp\/v2\/types\/product"}],"replies":[{"embeddable":true,"href":"https:\/\/teasense.ch\/fr\/wp-json\/wp\/v2\/comments?post=34606"}],"wp:featuredmedia":[{"embeddable":true,"href":"https:\/\/teasense.ch\/fr\/wp-json\/wp\/v2\/media\/34608"}],"wp:attachment":[{"href":"https:\/\/teasense.ch\/fr\/wp-json\/wp\/v2\/media?parent=34606"}],"wp:term":[{"taxonomy":"product_brand","embeddable":true,"href":"https:\/\/teasense.ch\/fr\/wp-json\/wp\/v2\/product_brand?post=34606"},{"taxonomy":"product_cat","embeddable":true,"href":"https:\/\/teasense.ch\/fr\/wp-json\/wp\/v2\/product_cat?post=34606"},{"taxonomy":"product_tag","embeddable":true,"href":"https:\/\/teasense.ch\/fr\/wp-json\/wp\/v2\/product_tag?post=34606"}],"curies":[{"name":"wp","href":"https:\/\/api.w.org\/{rel}","templated":true}]}}