{"id":34843,"date":"2023-08-08T13:17:13","date_gmt":"2023-08-08T11:17:13","guid":{"rendered":"https:\/\/teasense.ch\/?post_type=product&#038;p=34843"},"modified":"2026-02-02T16:01:02","modified_gmt":"2026-02-02T15:01:02","slug":"hibiskusblueten-pulver","status":"publish","type":"product","link":"https:\/\/teasense.ch\/fr\/produit\/hibiskusblueten-pulver\/","title":{"rendered":"Hibiskusbl\u00fcten Pulver"},"content":{"rendered":"<h3>Hibiskusbl\u00fcten gemahlen<\/h3>\n<p>Die Hibiskusbl\u00fcte wird in der ayurvedischen Tradition verwendet, um den K\u00f6rper sowohl k\u00f6rperlich als auch geistig zu reinigen. Seine dunkelroten Bl\u00fcten sind nicht nur eine Augenweide, sondern auch ein unglaublicher Genuss nach s\u00fcsse und feiner s\u00e4ure. Hibiskus ist auch eine Pflanze, die in der Geschichte eine wichtige Rolle spielte. Hibiskus wurde bereits vor Tausenden von Jahren in \u00c4gypten verwendet.<\/p>\n<p>Hibiskus ist jedoch nicht nur f\u00fcr die Menschheit bedeutend, sondern auch eine wichtige Nahrungsquelle f\u00fcr Bienen und andere Best\u00e4uber.<br \/>\nDurch seine auff\u00e4lligen roten oder pinken Bl\u00fcten lockt er zahlreiche Insekten an, die zur Best\u00e4ubung anderer Pflanzen beitragen.<\/p>\n<p>Mit seiner tief roten Farbe begeistert er viele Fr\u00fcchteteeliebhaber und wurde schon in vielen alten Kr\u00e4uterb\u00fcchern beschrieben. Besonders erfrischend wird unser Hibiskuspulver Kombination mit Zitronengras und etwas Apfel als Eistee im Sommer. Zudem kann man das Pulver auch anderweitig einsetzen, zum Beispiel zum versch\u00f6nern von Desserts oder aufwerten deines Joghurts.<\/p>\n<p>Erlebe mit unserem Hibiskuspulver ein erfrischendes und aromatisches Geschmackserlebnis! Das Hibiskuspulver hat aufgrund der Pflanzenstoffe in den Bl\u00fcten eine intensive, rot-pinke Farbe.<\/p>\n<p>Ausserhalb von Europa ist das Pulver als Red (roter) Matcha bekannt. In afrikanischen L\u00e4ndern wird Hibiskus beispielsweise h\u00e4ufig als Zutat in Fleischgerichten verwendet, aber auch in der asiatischen K\u00fcche kommt er h\u00e4ufig zum Einsatz.<\/p>\n<p>Probiere ihn doch einfach mal aus &#8211; ob als Tee oder Zutat in einem Gericht!<\/p>\n<h3>Hibiskustee mit Hibiskusbl\u00fcten Pulver<\/h3>\n<p>Man kann aus dem Hibiskusbl\u00fctenpulver ganz einfach einen Hibiskustee machen, indem man das Pulver in warmem Wasser l\u00f6st. Lassen Sie den Tee nicht mehr als 8 Minuten ziehen sonst wird der Hibiskustee zu bitter.<\/p>\n<p>Ob heiss oder kalt serviert, s\u00fcss oder herzhaft, lasse dich von der Vielfalt des Hibiskus inspirieren und verzaubern. Mit Farbe macht einfach alles mehr Spass!<\/p>\n<p><strong>Zutaten Hibiskusbl\u00fctenpulver<\/strong><br \/>\n100 % aus gemahlenen Hibiskusbl\u00fcten<\/p>\n<h4>Hibiskusbl\u00fcten Pulver jetzt probieren und verlieben! \u2764\ufe0f<\/h4>\n<p>Bringe Farbe und Geschmack in deine K\u00fcche \u2013 mit unserem hochwertigen Hibiskuspulver! Bestelle noch heute und entdecke die vielseitigen Einsatzm\u00f6glichkeiten dieser besonderen Bl\u00fcte. Ob als Tee, zum Backen oder f\u00fcr kreative Gerichte \u2013 Hibiskusbl\u00fctenpulver ist ein echtes Must-have f\u00fcr alle, die nat\u00fcrliche Zutaten lieben.<\/p>\n<h4>Hibiskus-Sirup Rezept<\/h4>\n<h5>Zutaten<\/h5>\n<p>480 ml Wasser (ca. 2 Tassen), 200 g Zucker (ca. 1 Tasse), 2 Essl\u00f6ffel Hibiskusbl\u00fcten-Pulver (ca. 10 g), 2 Teel\u00f6ffel Zitronensaft (ca. 10 ml)<\/p>\n<h5>Zubereitung Hibiskus-Sirup<\/h5>\n<ol>\n<li data-start=\"300\" data-end=\"394\">\n<p data-start=\"303\" data-end=\"394\">Wasser und Zucker in einem Topf aufkochen, bis sich der Zucker vollst\u00e4ndig aufgel\u00f6st hat.<\/p>\n<\/li>\n<li data-start=\"395\" data-end=\"432\">\n<p data-start=\"398\" data-end=\"432\">Hibiskusbl\u00fcten-Pulver einr\u00fchren.<\/p>\n<\/li>\n<li data-start=\"433\" data-end=\"492\">\n<p data-start=\"436\" data-end=\"492\">Bei niedriger Hitze 5\u201310 Minuten sanft k\u00f6cheln lassen.<\/p>\n<\/li>\n<li data-start=\"493\" data-end=\"548\">\n<p data-start=\"496\" data-end=\"548\">Zitronensaft unterr\u00fchren und kurz abk\u00fchlen lassen.<\/p>\n<\/li>\n<li data-start=\"549\" data-end=\"648\">\n<p data-start=\"552\" data-end=\"648\">Den Sirup durch ein feines Sieb giessen und in stilisierte Flaschen oder Gl\u00e4ser f\u00fcllen. Fertig!<\/p>\n<\/li>\n<\/ol>\n","protected":false},"excerpt":{"rendered":"<p>Hibiskusbl\u00fcten (Hibiscus sabdariffa) gemahlen<br \/>\nKarkadenbl\u00fcten Pulver<\/p>\n<h3>Zubereitung Hibiskusbl\u00fctenpulver<\/h3>\n<p>\ud83e\udd44 1 Teel\u00f6ffel (ca. 2 g) pro Tasse<br data-start=\"312\" data-end=\"315\" \/>\ud83c\udf21\ufe0f 95\u2013100 \u00b0C heisses Wasser<br data-start=\"343\" data-end=\"346\" \/>\ud83e\udd64 Pulver direkt einr\u00fchren und kurz umr\u00fchren<\/p>\n","protected":false},"featured_media":34987,"comment_status":"open","ping_status":"closed","template":"","meta":{"_et_pb_use_builder":"","_et_pb_old_content":"","_et_gb_content_width":""},"product_brand":[],"product_cat":[74,84,64,66],"product_tag":[],"class_list":{"0":"post-34843","1":"product","2":"type-product","3":"status-publish","4":"has-post-thumbnail","6":"product_cat-alle-produkte","7":"product_cat-ayurveda","8":"product_cat-gewuerze","9":"product_cat-superfood","10":"pa_herkunft-aegypten","11":"pa_weight-100-g","12":"pa_weight-200-g","13":"pa_weight-50-g","15":"first","16":"instock","17":"shipping-taxable","18":"purchasable","19":"product-type-variable","20":"has-default-attributes","21":"add-to-wishlist-before_image"},"yoast_head":"<!-- This site is optimized with the Yoast SEO plugin v27.4 - https:\/\/yoast.com\/product\/yoast-seo-wordpress\/ -->\n<title>Hibiskusbl\u00fcten Pulver - TeaSense.ch - Tee Shop Schweiz<\/title>\n<meta name=\"description\" content=\"Aus Hibiskusbl\u00fcten Pulver ganz einfach einen Hibiskustee machen. \u2714 100 % reine, gemahlene Hibiskusbl\u00fcten \u2714 Vielseitig verwendbar \u2714 vegan \u2764\ufe0f Hibiscus Matcha\" \/>\n<meta name=\"robots\" content=\"index, follow, max-snippet:-1, max-image-preview:large, max-video-preview:-1\" \/>\n<link rel=\"canonical\" href=\"https:\/\/teasense.ch\/fr\/produit\/hibiskusblueten-pulver\/\" \/>\n<meta property=\"og:locale\" content=\"fr_FR\" \/>\n<meta property=\"og:type\" content=\"article\" \/>\n<meta property=\"og:title\" content=\"Hibiskusbl\u00fcten Pulver - TeaSense.ch - Tee Shop Schweiz\" \/>\n<meta property=\"og:description\" content=\"Aus Hibiskusbl\u00fcten Pulver ganz einfach einen Hibiskustee machen. \u2714 100 % reine, gemahlene Hibiskusbl\u00fcten \u2714 Vielseitig verwendbar \u2714 vegan \u2764\ufe0f Hibiscus Matcha\" \/>\n<meta property=\"og:url\" content=\"https:\/\/teasense.ch\/fr\/produit\/hibiskusblueten-pulver\/\" \/>\n<meta property=\"og:site_name\" content=\"TeaSense.ch - Tee Shop Schweiz\" \/>\n<meta property=\"article:publisher\" content=\"https:\/\/www.facebook.com\/teasense.ch\" \/>\n<meta property=\"article:modified_time\" content=\"2026-02-02T15:01:02+00:00\" \/>\n<meta property=\"og:image\" content=\"https:\/\/teasense.ch\/wp-content\/uploads\/2023\/08\/hibiskusblueten-pulver-loeffel.jpg\" \/>\n\t<meta property=\"og:image:width\" content=\"800\" \/>\n\t<meta property=\"og:image:height\" content=\"800\" \/>\n\t<meta property=\"og:image:type\" content=\"image\/jpeg\" \/>\n<meta name=\"twitter:card\" content=\"summary_large_image\" \/>\n<meta name=\"twitter:label1\" content=\"Est. reading time\" \/>\n\t<meta name=\"twitter:data1\" content=\"3 minutes\" \/>\n<!-- \/ Yoast SEO plugin. -->","yoast_head_json":{"title":"Hibiskusbl\u00fcten Pulver - TeaSense.ch - Tee Shop Schweiz","description":"Aus Hibiskusbl\u00fcten Pulver ganz einfach einen Hibiskustee machen. \u2714 100 % reine, gemahlene Hibiskusbl\u00fcten \u2714 Vielseitig verwendbar \u2714 vegan \u2764\ufe0f Hibiscus Matcha","robots":{"index":"index","follow":"follow","max-snippet":"max-snippet:-1","max-image-preview":"max-image-preview:large","max-video-preview":"max-video-preview:-1"},"canonical":"https:\/\/teasense.ch\/fr\/produit\/hibiskusblueten-pulver\/","og_locale":"fr_FR","og_type":"article","og_title":"Hibiskusbl\u00fcten Pulver - TeaSense.ch - Tee Shop Schweiz","og_description":"Aus Hibiskusbl\u00fcten Pulver ganz einfach einen Hibiskustee machen. \u2714 100 % reine, gemahlene Hibiskusbl\u00fcten \u2714 Vielseitig verwendbar \u2714 vegan \u2764\ufe0f Hibiscus Matcha","og_url":"https:\/\/teasense.ch\/fr\/produit\/hibiskusblueten-pulver\/","og_site_name":"TeaSense.ch - Tee Shop Schweiz","article_publisher":"https:\/\/www.facebook.com\/teasense.ch","article_modified_time":"2026-02-02T15:01:02+00:00","og_image":[{"width":800,"height":800,"url":"https:\/\/teasense.ch\/wp-content\/uploads\/2023\/08\/hibiskusblueten-pulver-loeffel.jpg","type":"image\/jpeg"}],"twitter_card":"summary_large_image","twitter_misc":{"Est. reading time":"3 minutes"},"schema":{"@context":"https:\/\/schema.org","@graph":[{"@type":"WebPage","@id":"https:\/\/teasense.ch\/fr\/produit\/hibiskusblueten-pulver\/","url":"https:\/\/teasense.ch\/fr\/produit\/hibiskusblueten-pulver\/","name":"Hibiskusbl\u00fcten Pulver - TeaSense.ch - Tee Shop Schweiz","isPartOf":{"@id":"https:\/\/teasense.ch\/fr\/#website"},"primaryImageOfPage":{"@id":"https:\/\/teasense.ch\/fr\/produit\/hibiskusblueten-pulver\/#primaryimage"},"image":{"@id":"https:\/\/teasense.ch\/fr\/produit\/hibiskusblueten-pulver\/#primaryimage"},"thumbnailUrl":"https:\/\/teasense.ch\/wp-content\/uploads\/2023\/08\/hibiskusblueten-pulver-loeffel.jpg","datePublished":"2023-08-08T11:17:13+00:00","dateModified":"2026-02-02T15:01:02+00:00","description":"Aus Hibiskusbl\u00fcten Pulver ganz einfach einen Hibiskustee machen. \u2714 100 % reine, gemahlene Hibiskusbl\u00fcten \u2714 Vielseitig verwendbar \u2714 vegan \u2764\ufe0f Hibiscus Matcha","breadcrumb":{"@id":"https:\/\/teasense.ch\/fr\/produit\/hibiskusblueten-pulver\/#breadcrumb"},"inLanguage":"fr-CH","potentialAction":[{"@type":"ReadAction","target":["https:\/\/teasense.ch\/fr\/produit\/hibiskusblueten-pulver\/"]}]},{"@type":"ImageObject","inLanguage":"fr-CH","@id":"https:\/\/teasense.ch\/fr\/produit\/hibiskusblueten-pulver\/#primaryimage","url":"https:\/\/teasense.ch\/wp-content\/uploads\/2023\/08\/hibiskusblueten-pulver-loeffel.jpg","contentUrl":"https:\/\/teasense.ch\/wp-content\/uploads\/2023\/08\/hibiskusblueten-pulver-loeffel.jpg","width":800,"height":800,"caption":"Hibiskusbl\u00fcten Pulver auf L\u00f6ffel"},{"@type":"BreadcrumbList","@id":"https:\/\/teasense.ch\/fr\/produit\/hibiskusblueten-pulver\/#breadcrumb","itemListElement":[{"@type":"ListItem","position":1,"name":"Startseite","item":"https:\/\/teasense.ch\/fr\/startseite\/"},{"@type":"ListItem","position":2,"name":"Boutique de th\u00e9 en ligne","item":"https:\/\/teasense.ch\/fr\/shop\/"},{"@type":"ListItem","position":3,"name":"Hibiskusbl\u00fcten Pulver"}]},{"@type":"WebSite","@id":"https:\/\/teasense.ch\/fr\/#website","url":"https:\/\/teasense.ch\/fr\/","name":"TeaSense.ch","description":"Nat\u00fcrliche Teemischungen und klassischer Tee","publisher":{"@id":"https:\/\/teasense.ch\/fr\/#organization"},"alternateName":"TeaSense","potentialAction":[{"@type":"SearchAction","target":{"@type":"EntryPoint","urlTemplate":"https:\/\/teasense.ch\/fr\/?s={search_term_string}"},"query-input":{"@type":"PropertyValueSpecification","valueRequired":true,"valueName":"search_term_string"}}],"inLanguage":"fr-CH"},{"@type":"Organization","@id":"https:\/\/teasense.ch\/fr\/#organization","name":"Reale Selection","alternateName":"TeaSense.ch","url":"https:\/\/teasense.ch\/fr\/","logo":{"@type":"ImageObject","inLanguage":"fr-CH","@id":"https:\/\/teasense.ch\/fr\/#\/schema\/logo\/image\/","url":"https:\/\/teasense.ch\/wp-content\/uploads\/2023\/07\/cropped-logo-teasense-kategorie-onlineshop-alle-produkte.jpg","contentUrl":"https:\/\/teasense.ch\/wp-content\/uploads\/2023\/07\/cropped-logo-teasense-kategorie-onlineshop-alle-produkte.jpg","width":512,"height":512,"caption":"Reale Selection"},"image":{"@id":"https:\/\/teasense.ch\/fr\/#\/schema\/logo\/image\/"},"sameAs":["https:\/\/www.facebook.com\/teasense.ch"]}]}},"jetpack-related-posts":[{"id":44340,"url":"https:\/\/teasense.ch\/fr\/produit\/hibiskus-tee\/","url_meta":{"origin":34843,"position":0},"title":"Hibiskus Tee","author":"Reale Selection","date":"28. February 2025","format":false,"excerpt":"Zubereitung Hibiskus Tee \ud83e\udd44 1 - 2 geh\u00e4ufte TL (ca. 2 g) auf 200 ml Wasser \ud83c\udf21\ufe0f 100 \u00b0C \u23f3 6 - 10 Minuten ziehen lassen","rel":"","context":"Similar post","block_context":{"text":"Similar post","link":""},"img":{"alt_text":"Hibiskus Tee Lose Hibiskusbl\u00fcten","src":"https:\/\/i0.wp.com\/teasense.ch\/wp-content\/uploads\/2025\/02\/Lose-Blueten-hibiskus-tee.png?resize=350%2C200&ssl=1","width":350,"height":200,"srcset":"https:\/\/i0.wp.com\/teasense.ch\/wp-content\/uploads\/2025\/02\/Lose-Blueten-hibiskus-tee.png?resize=350%2C200&ssl=1 1x, https:\/\/i0.wp.com\/teasense.ch\/wp-content\/uploads\/2025\/02\/Lose-Blueten-hibiskus-tee.png?resize=525%2C300&ssl=1 1.5x, https:\/\/i0.wp.com\/teasense.ch\/wp-content\/uploads\/2025\/02\/Lose-Blueten-hibiskus-tee.png?resize=700%2C400&ssl=1 2x"},"classes":[]},{"id":36344,"url":"https:\/\/teasense.ch\/fr\/produit\/waldbeere-fruechtetee\/","url_meta":{"origin":34843,"position":1},"title":"Waldbeere Fr\u00fcchtetee","author":"Reale Selection","date":"29. August 2023","format":false,"excerpt":"Zubereitung \u2013 Waldbeere Fr\u00fcchtetee \ud83e\udd44 2 g (ca. 1\u20132 TL) auf 200 ml Wasser\ud83c\udf21\ufe0f 100 \u00b0C\u23f3 5 \u2013 10 Minuten ziehen lassen","rel":"","context":"Similar post","block_context":{"text":"Similar post","link":""},"img":{"alt_text":"Waldbeere Fr\u00fcchtetee","src":"https:\/\/i0.wp.com\/teasense.ch\/wp-content\/uploads\/2023\/08\/Waldbeere-Fruechtetee.png?resize=350%2C200&ssl=1","width":350,"height":200,"srcset":"https:\/\/i0.wp.com\/teasense.ch\/wp-content\/uploads\/2023\/08\/Waldbeere-Fruechtetee.png?resize=350%2C200&ssl=1 1x, https:\/\/i0.wp.com\/teasense.ch\/wp-content\/uploads\/2023\/08\/Waldbeere-Fruechtetee.png?resize=525%2C300&ssl=1 1.5x, https:\/\/i0.wp.com\/teasense.ch\/wp-content\/uploads\/2023\/08\/Waldbeere-Fruechtetee.png?resize=700%2C400&ssl=1 2x"},"classes":[]},{"id":43304,"url":"https:\/\/teasense.ch\/fr\/produit\/blutorange\/","url_meta":{"origin":34843,"position":2},"title":"Fr\u00fcchtetee Blutorange","author":"Reale Selection","date":"26. October 2024","format":false,"excerpt":"Fruchtiger Tee mit Blutorange, perfekt f\u00fcr jede Tageszeit. Zubereitung Blutorange Tee \ud83e\udd44 1 \u2013 2 geh\u00e4ufte TL (ca. 2 g) auf 200 ml Wasser\ud83c\udf21\ufe0f 100 \u00b0C\u23f3 8 \u2013 10 Minuten ziehen lassen","rel":"","context":"Similar post","block_context":{"text":"Similar post","link":""},"img":{"alt_text":"Blutorange Teemischung","src":"https:\/\/i0.wp.com\/teasense.ch\/wp-content\/uploads\/2024\/10\/blutorange-tee.png?resize=350%2C200&ssl=1","width":350,"height":200,"srcset":"https:\/\/i0.wp.com\/teasense.ch\/wp-content\/uploads\/2024\/10\/blutorange-tee.png?resize=350%2C200&ssl=1 1x, https:\/\/i0.wp.com\/teasense.ch\/wp-content\/uploads\/2024\/10\/blutorange-tee.png?resize=525%2C300&ssl=1 1.5x, https:\/\/i0.wp.com\/teasense.ch\/wp-content\/uploads\/2024\/10\/blutorange-tee.png?resize=700%2C400&ssl=1 2x"},"classes":[]},{"id":36370,"url":"https:\/\/teasense.ch\/fr\/produit\/sinneskraeuter-tee\/","url_meta":{"origin":34843,"position":3},"title":"Sinneskr\u00e4uter Tee","author":"Reale Selection","date":"29. August 2023","format":false,"excerpt":"Zubereitung Sinneskr\u00e4uter Tee \ud83e\udd44 2,5 g auf 200 ml Wasser \ud83c\udf21\ufe0f 100 \u00b0C \u23f3 5-8 Minuten","rel":"","context":"Similar post","block_context":{"text":"Similar post","link":""},"img":{"alt_text":"Sinneskr\u00e4uter Lose Teemischung","src":"https:\/\/i0.wp.com\/teasense.ch\/wp-content\/uploads\/2023\/08\/sinneskraeuter-teemischung-plain.jpg?resize=350%2C200&ssl=1","width":350,"height":200,"srcset":"https:\/\/i0.wp.com\/teasense.ch\/wp-content\/uploads\/2023\/08\/sinneskraeuter-teemischung-plain.jpg?resize=350%2C200&ssl=1 1x, https:\/\/i0.wp.com\/teasense.ch\/wp-content\/uploads\/2023\/08\/sinneskraeuter-teemischung-plain.jpg?resize=525%2C300&ssl=1 1.5x, https:\/\/i0.wp.com\/teasense.ch\/wp-content\/uploads\/2023\/08\/sinneskraeuter-teemischung-plain.jpg?resize=700%2C400&ssl=1 2x"},"classes":[]},{"id":45409,"url":"https:\/\/teasense.ch\/fr\/produit\/apfel-minz-tee\/","url_meta":{"origin":34843,"position":4},"title":"Apfel-Minz-Tee","author":"Reale Selection","date":"10. May 2025","format":false,"excerpt":"Zubereitung \u2013 Apfel-Minz-Tee \ud83e\udd44 2 g (ca. 1\u20132 TL) auf 200 ml Wasser\ud83c\udf21\ufe0f 90 \u00b0C\u23f3 5 \u2013 8 Minuten ziehen lassen","rel":"","context":"Similar post","block_context":{"text":"Similar post","link":""},"img":{"alt_text":"Apfel-Minz-Teemischung","src":"https:\/\/i0.wp.com\/teasense.ch\/wp-content\/uploads\/2025\/05\/Apfel-Minz-Tee.png?resize=350%2C200&ssl=1","width":350,"height":200,"srcset":"https:\/\/i0.wp.com\/teasense.ch\/wp-content\/uploads\/2025\/05\/Apfel-Minz-Tee.png?resize=350%2C200&ssl=1 1x, https:\/\/i0.wp.com\/teasense.ch\/wp-content\/uploads\/2025\/05\/Apfel-Minz-Tee.png?resize=525%2C300&ssl=1 1.5x, https:\/\/i0.wp.com\/teasense.ch\/wp-content\/uploads\/2025\/05\/Apfel-Minz-Tee.png?resize=700%2C400&ssl=1 2x"},"classes":[]},{"id":34841,"url":"https:\/\/teasense.ch\/fr\/produit\/wildorange\/","url_meta":{"origin":34843,"position":5},"title":"Wildorange","author":"Reale Selection","date":"8. August 2023","format":false,"excerpt":"Entdecke die Wild Side of Life mit dieser Fr\u00fcchteteemischung!","rel":"","context":"Similar post","block_context":{"text":"Similar post","link":""},"img":{"alt_text":"Tee Wildorange","src":"https:\/\/i0.wp.com\/teasense.ch\/wp-content\/uploads\/2023\/08\/wildorange-main.jpg?resize=350%2C200&ssl=1","width":350,"height":200,"srcset":"https:\/\/i0.wp.com\/teasense.ch\/wp-content\/uploads\/2023\/08\/wildorange-main.jpg?resize=350%2C200&ssl=1 1x, https:\/\/i0.wp.com\/teasense.ch\/wp-content\/uploads\/2023\/08\/wildorange-main.jpg?resize=525%2C300&ssl=1 1.5x, https:\/\/i0.wp.com\/teasense.ch\/wp-content\/uploads\/2023\/08\/wildorange-main.jpg?resize=700%2C400&ssl=1 2x"},"classes":[]}],"jetpack_sharing_enabled":false,"jetpack_likes_enabled":false,"_links":{"self":[{"href":"https:\/\/teasense.ch\/fr\/wp-json\/wp\/v2\/product\/34843","targetHints":{"allow":["GET"]}}],"collection":[{"href":"https:\/\/teasense.ch\/fr\/wp-json\/wp\/v2\/product"}],"about":[{"href":"https:\/\/teasense.ch\/fr\/wp-json\/wp\/v2\/types\/product"}],"replies":[{"embeddable":true,"href":"https:\/\/teasense.ch\/fr\/wp-json\/wp\/v2\/comments?post=34843"}],"wp:featuredmedia":[{"embeddable":true,"href":"https:\/\/teasense.ch\/fr\/wp-json\/wp\/v2\/media\/34987"}],"wp:attachment":[{"href":"https:\/\/teasense.ch\/fr\/wp-json\/wp\/v2\/media?parent=34843"}],"wp:term":[{"taxonomy":"product_brand","embeddable":true,"href":"https:\/\/teasense.ch\/fr\/wp-json\/wp\/v2\/product_brand?post=34843"},{"taxonomy":"product_cat","embeddable":true,"href":"https:\/\/teasense.ch\/fr\/wp-json\/wp\/v2\/product_cat?post=34843"},{"taxonomy":"product_tag","embeddable":true,"href":"https:\/\/teasense.ch\/fr\/wp-json\/wp\/v2\/product_tag?post=34843"}],"curies":[{"name":"wp","href":"https:\/\/api.w.org\/{rel}","templated":true}]}}