{"id":36386,"date":"2023-08-30T09:59:08","date_gmt":"2023-08-30T07:59:08","guid":{"rendered":"https:\/\/teasense.ch\/?post_type=product&#038;p=36386"},"modified":"2025-04-04T16:29:45","modified_gmt":"2025-04-04T14:29:45","slug":"cold-brew-rooibos","status":"publish","type":"product","link":"https:\/\/teasense.ch\/fr\/produit\/cold-brew-rooibos\/","title":{"rendered":"Cold Brew Rooibos"},"content":{"rendered":"<p>Erlebe den einzigartigen Cold Brew Rooibos Tee mit einer herrlich frischen, fruchtigen Note. Tauche ein in die Welt unseres Cold Brew Rooibos und lass dich verf\u00fchren!<\/p>\n<p>Dieser Tee besteht aus erstklassigen Zutaten und bietet einen belebenden Hauch von Orangen und Zitronen. Durch das Cold Brew-Verfahren bleiben die frischen und fruchtigen Aromen der Zutaten perfekt erhalten, sodass der Tee kalt aufgegossen werden kann. Die spezielle Technik der sanften Extraktion macht ihn zu einem erfrischenden und k\u00f6stlichen Getr\u00e4nk f\u00fcr heisse Sommertage oder f\u00fcr den t\u00e4glichen Genuss.<\/p>\n<p>Geniesse einen kalt gebr\u00fchten Rooibos-Tee &#8211; eine nat\u00fcrliche Wahl. Die feinsten Schalen von Orangen und Zitronen verleihen unserem Cold Brew Rooibos eine nat\u00fcrliche Frische. Die Zutaten sind perfekt aufeinander abgestimmt, um einen erfrischenden und harmonischen Geschmack zu garantieren. Das nat\u00fcrliche \u00d6l aus Orangen und Zitronen betont den Duft und verleiht ihm eine angenehme Note.<\/p>\n<h3>Perfekt abgestimmt: Nat\u00fcrliche S\u00fcsse ohne Zus\u00e4tze<\/h3>\n<p>Um ein vollkommenes Geschmackserlebnis ohne k\u00fcnstliche S\u00fcssstoffe zu gew\u00e4hrleisten, wird unser Tee mit Steviabl\u00e4ttern ges\u00fcsst. Unser Cold Brew Rooibos Tee ist nicht nur eine erfrischende Option f\u00fcr heisse Tage, sondern auch eine perfekte Begleitung f\u00fcr entspannte Momente zu jeder Tageszeit. Die nat\u00fcrliche S\u00fcsse der Steviabl\u00e4tter verleiht ihm eine angenehme Ausgewogenheit, ohne auf den Genuss von S\u00fcssem verzichten zu m\u00fcssen. Dar\u00fcber hinaus ist unser Tee frei von k\u00fcnstlichen Zus\u00e4tzen und Konservierungsstoffen, sodass du dich ganz auf den reinen Geschmack dieses k\u00f6stlichen Getr\u00e4nks konzentrieren kannst.<\/p>\n<p>G\u00f6nn dir eine Auszeit und geniesse den unverwechselbaren Geschmack unseres Cold Brew Rooibos &#8211; eine wahre Wohltat.<\/p>\n<h3><strong>Zubereitung<\/strong><\/h3>\n<p>Wassertemperatur 20 \u00b0C, Ziehzeit 9-11 Minuten, 2.5 g \/ 200 ml<\/p>\n<p>Ab und zu die Flasche oder den Teebeutel schwenken. Es ist nicht notwendig, den Teebeutel zu entfernen. Innerhalb von etwa 4 Stunden verzehren, um den frischen Genuss beizubehalten.<\/p>\n<h3><strong>Zutaten<\/strong><\/h3>\n<p>Rooibos (S\u00fcdafrika), <a href=\"https:\/\/teasense.ch\/produkt\/orangenschalen\/\">Orangenschalen<\/a> (4,4%), <a href=\"https:\/\/teasense.ch\/produkt\/zitronenschalen\/\">Zitronenschalen<\/a> (3%), Orangen\u00f6l, Zitronen\u00f6l, Stevia Bl\u00e4tter<\/p>\n","protected":false},"excerpt":{"rendered":"<p>Koffeinfrei<\/p>\n<p><strong>Zubereitung:<\/strong><br \/>\n\ud83e\udd44 Menge: 2,5 g Tee auf 200 ml Wasser<br \/>\n\ud83c\udf21\ufe0f Temperatur: 20 \u00b0C (kaltes Wasser verwenden)<br \/>\n\u23f3 Ziehzeit: 9-11 Minuten<\/p>\n","protected":false},"featured_media":36394,"comment_status":"open","ping_status":"closed","template":"","meta":{"_et_pb_use_builder":"","_et_pb_old_content":"","_et_gb_content_width":""},"product_brand":[],"product_cat":[74,58,19],"product_tag":[],"class_list":{"0":"post-36386","1":"product","2":"type-product","3":"status-publish","4":"has-post-thumbnail","6":"product_cat-alle-produkte","7":"product_cat-cold-brew-tea","8":"product_cat-tee","9":"pa_herkunft-deutschland","10":"pa_weight-120-g","11":"pa_weight-60-g","13":"first","14":"outofstock","15":"shipping-taxable","16":"product-type-variable","17":"has-default-attributes","18":"add-to-wishlist-before_image"},"yoast_head":"<!-- This site is optimized with the Yoast SEO plugin v27.4 - https:\/\/yoast.com\/product\/yoast-seo-wordpress\/ -->\n<title>Cold Brew Rooibos - TeaSense.ch - Tee Shop Schweiz<\/title>\n<meta name=\"description\" content=\"Einzigartiger Cold Brew Rooibos Tee mit einer frischen, fruchtigen Note. Lasse dich von unserem Cold Brew Rooibos begeistern!\" \/>\n<meta name=\"robots\" content=\"index, follow, max-snippet:-1, max-image-preview:large, max-video-preview:-1\" \/>\n<link rel=\"canonical\" href=\"https:\/\/teasense.ch\/fr\/produit\/cold-brew-rooibos\/\" \/>\n<meta property=\"og:locale\" content=\"fr_FR\" \/>\n<meta property=\"og:type\" content=\"article\" \/>\n<meta property=\"og:title\" content=\"Cold Brew Rooibos - TeaSense.ch - Tee Shop Schweiz\" \/>\n<meta property=\"og:description\" content=\"Einzigartiger Cold Brew Rooibos Tee mit einer frischen, fruchtigen Note. Lasse dich von unserem Cold Brew Rooibos begeistern!\" \/>\n<meta property=\"og:url\" content=\"https:\/\/teasense.ch\/fr\/produit\/cold-brew-rooibos\/\" \/>\n<meta property=\"og:site_name\" content=\"TeaSense.ch - Tee Shop Schweiz\" \/>\n<meta property=\"article:publisher\" content=\"https:\/\/www.facebook.com\/teasense.ch\" \/>\n<meta property=\"article:modified_time\" content=\"2025-04-04T14:29:45+00:00\" \/>\n<meta property=\"og:image\" content=\"https:\/\/teasense.ch\/wp-content\/uploads\/2023\/08\/cold-brew-rooibos-plain.jpg\" \/>\n\t<meta property=\"og:image:width\" content=\"800\" \/>\n\t<meta property=\"og:image:height\" content=\"800\" \/>\n\t<meta property=\"og:image:type\" content=\"image\/jpeg\" \/>\n<meta name=\"twitter:card\" content=\"summary_large_image\" \/>\n<meta name=\"twitter:label1\" content=\"Est. reading time\" \/>\n\t<meta name=\"twitter:data1\" content=\"2 minutes\" \/>\n<!-- \/ Yoast SEO plugin. -->","yoast_head_json":{"title":"Cold Brew Rooibos - TeaSense.ch - Tee Shop Schweiz","description":"Einzigartiger Cold Brew Rooibos Tee mit einer frischen, fruchtigen Note. Lasse dich von unserem Cold Brew Rooibos begeistern!","robots":{"index":"index","follow":"follow","max-snippet":"max-snippet:-1","max-image-preview":"max-image-preview:large","max-video-preview":"max-video-preview:-1"},"canonical":"https:\/\/teasense.ch\/fr\/produit\/cold-brew-rooibos\/","og_locale":"fr_FR","og_type":"article","og_title":"Cold Brew Rooibos - TeaSense.ch - Tee Shop Schweiz","og_description":"Einzigartiger Cold Brew Rooibos Tee mit einer frischen, fruchtigen Note. Lasse dich von unserem Cold Brew Rooibos begeistern!","og_url":"https:\/\/teasense.ch\/fr\/produit\/cold-brew-rooibos\/","og_site_name":"TeaSense.ch - Tee Shop Schweiz","article_publisher":"https:\/\/www.facebook.com\/teasense.ch","article_modified_time":"2025-04-04T14:29:45+00:00","og_image":[{"width":800,"height":800,"url":"https:\/\/teasense.ch\/wp-content\/uploads\/2023\/08\/cold-brew-rooibos-plain.jpg","type":"image\/jpeg"}],"twitter_card":"summary_large_image","twitter_misc":{"Est. reading time":"2 minutes"},"schema":{"@context":"https:\/\/schema.org","@graph":[{"@type":"WebPage","@id":"https:\/\/teasense.ch\/fr\/produit\/cold-brew-rooibos\/","url":"https:\/\/teasense.ch\/fr\/produit\/cold-brew-rooibos\/","name":"Cold Brew Rooibos - TeaSense.ch - Tee Shop Schweiz","isPartOf":{"@id":"https:\/\/teasense.ch\/fr\/#website"},"primaryImageOfPage":{"@id":"https:\/\/teasense.ch\/fr\/produit\/cold-brew-rooibos\/#primaryimage"},"image":{"@id":"https:\/\/teasense.ch\/fr\/produit\/cold-brew-rooibos\/#primaryimage"},"thumbnailUrl":"https:\/\/teasense.ch\/wp-content\/uploads\/2023\/08\/cold-brew-rooibos-plain.jpg","datePublished":"2023-08-30T07:59:08+00:00","dateModified":"2025-04-04T14:29:45+00:00","description":"Einzigartiger Cold Brew Rooibos Tee mit einer frischen, fruchtigen Note. Lasse dich von unserem Cold Brew Rooibos begeistern!","breadcrumb":{"@id":"https:\/\/teasense.ch\/fr\/produit\/cold-brew-rooibos\/#breadcrumb"},"inLanguage":"fr-CH","potentialAction":[{"@type":"ReadAction","target":["https:\/\/teasense.ch\/fr\/produit\/cold-brew-rooibos\/"]}]},{"@type":"ImageObject","inLanguage":"fr-CH","@id":"https:\/\/teasense.ch\/fr\/produit\/cold-brew-rooibos\/#primaryimage","url":"https:\/\/teasense.ch\/wp-content\/uploads\/2023\/08\/cold-brew-rooibos-plain.jpg","contentUrl":"https:\/\/teasense.ch\/wp-content\/uploads\/2023\/08\/cold-brew-rooibos-plain.jpg","width":800,"height":800,"caption":"Rooibos Teemischung Lose"},{"@type":"BreadcrumbList","@id":"https:\/\/teasense.ch\/fr\/produit\/cold-brew-rooibos\/#breadcrumb","itemListElement":[{"@type":"ListItem","position":1,"name":"Startseite","item":"https:\/\/teasense.ch\/fr\/startseite\/"},{"@type":"ListItem","position":2,"name":"Boutique de th\u00e9 en ligne","item":"https:\/\/teasense.ch\/fr\/shop\/"},{"@type":"ListItem","position":3,"name":"Cold Brew Rooibos"}]},{"@type":"WebSite","@id":"https:\/\/teasense.ch\/fr\/#website","url":"https:\/\/teasense.ch\/fr\/","name":"TeaSense.ch","description":"Nat\u00fcrliche Teemischungen und klassischer Tee","publisher":{"@id":"https:\/\/teasense.ch\/fr\/#organization"},"alternateName":"TeaSense","potentialAction":[{"@type":"SearchAction","target":{"@type":"EntryPoint","urlTemplate":"https:\/\/teasense.ch\/fr\/?s={search_term_string}"},"query-input":{"@type":"PropertyValueSpecification","valueRequired":true,"valueName":"search_term_string"}}],"inLanguage":"fr-CH"},{"@type":"Organization","@id":"https:\/\/teasense.ch\/fr\/#organization","name":"Reale Selection","alternateName":"TeaSense.ch","url":"https:\/\/teasense.ch\/fr\/","logo":{"@type":"ImageObject","inLanguage":"fr-CH","@id":"https:\/\/teasense.ch\/fr\/#\/schema\/logo\/image\/","url":"https:\/\/teasense.ch\/wp-content\/uploads\/2023\/07\/cropped-logo-teasense-kategorie-onlineshop-alle-produkte.jpg","contentUrl":"https:\/\/teasense.ch\/wp-content\/uploads\/2023\/07\/cropped-logo-teasense-kategorie-onlineshop-alle-produkte.jpg","width":512,"height":512,"caption":"Reale Selection"},"image":{"@id":"https:\/\/teasense.ch\/fr\/#\/schema\/logo\/image\/"},"sameAs":["https:\/\/www.facebook.com\/teasense.ch"]}]}},"jetpack-related-posts":[{"id":33267,"url":"https:\/\/teasense.ch\/fr\/produit\/cold-brew-kaktusfeige\/","url_meta":{"origin":36386,"position":0},"title":"Cold Brew Kaktusfeige","author":"Reale Selection","date":"5. July 2023","format":false,"excerpt":"Gr\u00fcner Tee, nat\u00fcrlich","rel":"","context":"Similar post","block_context":{"text":"Similar post","link":""},"img":{"alt_text":"Kaktusfeige Cold Brew Tee Verpackung","src":"https:\/\/i0.wp.com\/teasense.ch\/wp-content\/uploads\/2023\/07\/cold-brew-kaktusfeige-bei-teasense-kaufen.jpg?resize=350%2C200&ssl=1","width":350,"height":200,"srcset":"https:\/\/i0.wp.com\/teasense.ch\/wp-content\/uploads\/2023\/07\/cold-brew-kaktusfeige-bei-teasense-kaufen.jpg?resize=350%2C200&ssl=1 1x, https:\/\/i0.wp.com\/teasense.ch\/wp-content\/uploads\/2023\/07\/cold-brew-kaktusfeige-bei-teasense-kaufen.jpg?resize=525%2C300&ssl=1 1.5x, https:\/\/i0.wp.com\/teasense.ch\/wp-content\/uploads\/2023\/07\/cold-brew-kaktusfeige-bei-teasense-kaufen.jpg?resize=700%2C400&ssl=1 2x"},"classes":[]},{"id":36397,"url":"https:\/\/teasense.ch\/fr\/produit\/cold-brew-pfirsich\/","url_meta":{"origin":36386,"position":1},"title":"Cold Brew Pfirsich","author":"Reale Selection","date":"30. August 2023","format":false,"excerpt":"Erfrischender Pfirsichgeschmack - Ideal f\u00fcr unterwegs Zubereitung Cold Brew Pfirsich \ud83e\udd44 2,5 g Tee auf 200 ml Wasser (12 - 15 g\/Liter) \ud83c\udf21\ufe0f 20 \u00b0C \u23f3 9-11 Minuten","rel":"","context":"Similar post","block_context":{"text":"Similar post","link":""},"img":{"alt_text":"Cold Brew Pfirsich Kalt Tee Aufgiessen Teemischung","src":"https:\/\/i0.wp.com\/teasense.ch\/wp-content\/uploads\/2023\/08\/cold-brew-pfirsich.png?resize=350%2C200&ssl=1","width":350,"height":200,"srcset":"https:\/\/i0.wp.com\/teasense.ch\/wp-content\/uploads\/2023\/08\/cold-brew-pfirsich.png?resize=350%2C200&ssl=1 1x, https:\/\/i0.wp.com\/teasense.ch\/wp-content\/uploads\/2023\/08\/cold-brew-pfirsich.png?resize=525%2C300&ssl=1 1.5x, https:\/\/i0.wp.com\/teasense.ch\/wp-content\/uploads\/2023\/08\/cold-brew-pfirsich.png?resize=700%2C400&ssl=1 2x"},"classes":[]},{"id":45667,"url":"https:\/\/teasense.ch\/fr\/produit\/rooibusch-zitrone\/","url_meta":{"origin":36386,"position":2},"title":"Rooibusch Zitrone","author":"Reale Selection","date":"12. May 2025","format":false,"excerpt":"Zubereitung Rooibusch Zitrone \ud83e\udd44 1 Teel\u00f6ffel auf 200 ml Wasser (14g\/Liter)\ud83c\udf21\ufe0f 100 \u00b0C\u23f3 5 Minuten ziehen lassen","rel":"","context":"Similar post","block_context":{"text":"Similar post","link":""},"img":{"alt_text":"Rooibusch Zitrone Teemischung","src":"https:\/\/i0.wp.com\/teasense.ch\/wp-content\/uploads\/2025\/05\/Rooibusch-Zitrone.png?resize=350%2C200&ssl=1","width":350,"height":200,"srcset":"https:\/\/i0.wp.com\/teasense.ch\/wp-content\/uploads\/2025\/05\/Rooibusch-Zitrone.png?resize=350%2C200&ssl=1 1x, https:\/\/i0.wp.com\/teasense.ch\/wp-content\/uploads\/2025\/05\/Rooibusch-Zitrone.png?resize=525%2C300&ssl=1 1.5x, https:\/\/i0.wp.com\/teasense.ch\/wp-content\/uploads\/2025\/05\/Rooibusch-Zitrone.png?resize=700%2C400&ssl=1 2x"},"classes":[]},{"id":38557,"url":"https:\/\/teasense.ch\/fr\/produit\/rooibos-tee\/","url_meta":{"origin":36386,"position":3},"title":"Rooibos Tee","author":"Reale Selection","date":"24. October 2023","format":false,"excerpt":"Aspalathus linearis Zubereitung Rooibos Tee \ud83e\udd44 1 Teel\u00f6ffel (ca. 2-3 g) pro Tasse \ud83c\udf21\ufe0f 100 \u00b0C \u23f3 5-7 Minuten","rel":"","context":"Similar post","block_context":{"text":"Similar post","link":""},"img":{"alt_text":"Rooibos loser Tee mit weissem Hintergrund.","src":"https:\/\/i0.wp.com\/teasense.ch\/wp-content\/uploads\/2023\/10\/rooibusch-plain.jpg?resize=350%2C200&ssl=1","width":350,"height":200,"srcset":"https:\/\/i0.wp.com\/teasense.ch\/wp-content\/uploads\/2023\/10\/rooibusch-plain.jpg?resize=350%2C200&ssl=1 1x, https:\/\/i0.wp.com\/teasense.ch\/wp-content\/uploads\/2023\/10\/rooibusch-plain.jpg?resize=525%2C300&ssl=1 1.5x, https:\/\/i0.wp.com\/teasense.ch\/wp-content\/uploads\/2023\/10\/rooibusch-plain.jpg?resize=700%2C400&ssl=1 2x"},"classes":[]},{"id":45651,"url":"https:\/\/teasense.ch\/fr\/produit\/gruener-rooibos-tee\/","url_meta":{"origin":36386,"position":4},"title":"Gr\u00fcner Rooibos Tee","author":"Reale Selection","date":"12. May 2025","format":false,"excerpt":"Zubereitung \u2013 Gr\u00fcner Rooibos Tee \ud83e\udd44 1 TL auf 200 ml Wasser (20g\/Liter)\ud83c\udf21\ufe0f 90 \u00b0C\u23f3 5 Minuten ziehen lassen","rel":"","context":"Similar post","block_context":{"text":"Similar post","link":""},"img":{"alt_text":"Gr\u00fcner Rooibos Tee","src":"https:\/\/i0.wp.com\/teasense.ch\/wp-content\/uploads\/2025\/05\/Gruener-Rooibusch.png?resize=350%2C200&ssl=1","width":350,"height":200,"srcset":"https:\/\/i0.wp.com\/teasense.ch\/wp-content\/uploads\/2025\/05\/Gruener-Rooibusch.png?resize=350%2C200&ssl=1 1x, https:\/\/i0.wp.com\/teasense.ch\/wp-content\/uploads\/2025\/05\/Gruener-Rooibusch.png?resize=525%2C300&ssl=1 1.5x, https:\/\/i0.wp.com\/teasense.ch\/wp-content\/uploads\/2025\/05\/Gruener-Rooibusch.png?resize=700%2C400&ssl=1 2x"},"classes":[]},{"id":45659,"url":"https:\/\/teasense.ch\/fr\/produit\/rooibusch-chai-ohne-aroma\/","url_meta":{"origin":36386,"position":5},"title":"Rooibusch Chai ohne Aroma","author":"Reale Selection","date":"12. May 2025","format":false,"excerpt":"Zubereitung Rooibusch Chai ohne Aroma \ud83e\udd44 1 Teel\u00f6ffel auf 200 ml Wasser (14g\/Liter)\ud83c\udf21\ufe0f 100 \u00b0C\u23f3 5 Minuten ziehen lassen","rel":"","context":"Similar post","block_context":{"text":"Similar post","link":""},"img":{"alt_text":"Rooibusch Chai ohne Aroma Teemischung ohne Beutel","src":"https:\/\/i0.wp.com\/teasense.ch\/wp-content\/uploads\/2025\/05\/Rooibusch-Chai-ohne-Aroma.png?resize=350%2C200&ssl=1","width":350,"height":200,"srcset":"https:\/\/i0.wp.com\/teasense.ch\/wp-content\/uploads\/2025\/05\/Rooibusch-Chai-ohne-Aroma.png?resize=350%2C200&ssl=1 1x, https:\/\/i0.wp.com\/teasense.ch\/wp-content\/uploads\/2025\/05\/Rooibusch-Chai-ohne-Aroma.png?resize=525%2C300&ssl=1 1.5x, https:\/\/i0.wp.com\/teasense.ch\/wp-content\/uploads\/2025\/05\/Rooibusch-Chai-ohne-Aroma.png?resize=700%2C400&ssl=1 2x"},"classes":[]}],"jetpack_sharing_enabled":false,"jetpack_likes_enabled":false,"_links":{"self":[{"href":"https:\/\/teasense.ch\/fr\/wp-json\/wp\/v2\/product\/36386","targetHints":{"allow":["GET"]}}],"collection":[{"href":"https:\/\/teasense.ch\/fr\/wp-json\/wp\/v2\/product"}],"about":[{"href":"https:\/\/teasense.ch\/fr\/wp-json\/wp\/v2\/types\/product"}],"replies":[{"embeddable":true,"href":"https:\/\/teasense.ch\/fr\/wp-json\/wp\/v2\/comments?post=36386"}],"wp:featuredmedia":[{"embeddable":true,"href":"https:\/\/teasense.ch\/fr\/wp-json\/wp\/v2\/media\/36394"}],"wp:attachment":[{"href":"https:\/\/teasense.ch\/fr\/wp-json\/wp\/v2\/media?parent=36386"}],"wp:term":[{"taxonomy":"product_brand","embeddable":true,"href":"https:\/\/teasense.ch\/fr\/wp-json\/wp\/v2\/product_brand?post=36386"},{"taxonomy":"product_cat","embeddable":true,"href":"https:\/\/teasense.ch\/fr\/wp-json\/wp\/v2\/product_cat?post=36386"},{"taxonomy":"product_tag","embeddable":true,"href":"https:\/\/teasense.ch\/fr\/wp-json\/wp\/v2\/product_tag?post=36386"}],"curies":[{"name":"wp","href":"https:\/\/api.w.org\/{rel}","templated":true}]}}