{"id":38233,"date":"2023-10-22T20:13:53","date_gmt":"2023-10-22T18:13:53","guid":{"rendered":"https:\/\/teasense.ch\/?post_type=product&#038;p=38233"},"modified":"2025-11-12T09:38:01","modified_gmt":"2025-11-12T08:38:01","slug":"bleib-fresh","status":"publish","type":"product","link":"https:\/\/teasense.ch\/fr\/produit\/bleib-fresh\/","title":{"rendered":"Bleib Fresh Kr\u00e4utertee"},"content":{"rendered":"<p>Kr\u00e4uterteemischung \u201eBleib Fresh\u201c \u2013 Erfrischend und Belebend<\/p>\n<p>Die Kr\u00e4uterteemischung \u201eBleib Fresh\u201c ist eine erfrischende und belebende Kombination aus sorgf\u00e4ltig ausgew\u00e4hlten Kr\u00e4utern und Gew\u00fcrzen. Sie sorgt f\u00fcr einen einzigartigen Teegenuss, der deine Sinne weckt und deinen Tag auf nat\u00fcrliche Weise bereichert.<\/p>\n<h3>Vielseitige Aromen f\u00fcr eine perfekte Balance<\/h3>\n<p>Diese Kr\u00e4utermischung vereint eine harmonische Mischung aus verschiedenen Geschmacksrichtungen. Der w\u00fcrzige Koriander sorgt f\u00fcr einen intensiven Geschmack, w\u00e4hrend die Brennnesselbl\u00e4tter f\u00fcr eine vitalisierende Wirkung sorgen. Apfelst\u00fccke und Minze verleihen dem Tee eine angenehme S\u00fcsse und Frische, die dich gleich erfrischt. Das Lemongras bringt eine spritzige, zitronige Note ins Spiel, w\u00e4hrend die Orangenschalen den Tee mit einem fruchtigen Akzent bereichern.<\/p>\n<p>Zimt und Ingwer erg\u00e4nzen die Mischung mit einer angenehmen W\u00e4rme und verleihen dem Tee Tiefe. Der Kardamom und die Nelken sorgen f\u00fcr eine subtile, w\u00fcrzige Nuance, die perfekt zu den anderen Aromen passt. Die Ringelblumenbl\u00fcten f\u00fcgen eine sch\u00f6ne Farbe und ein leicht blumiges Aroma hinzu, das den Tee abrundet. Das nat\u00fcrliche Zitronenaroma sorgt f\u00fcr den letzten Schliff und macht die Mischung zu einem erfrischenden Erlebnis.<\/p>\n<h3>Der ideale Tee f\u00fcr jede Gelegenheit<\/h3>\n<p>\u201eBleib Fresh\u201c ist der perfekte Tee, wenn du deinen Tag mit einer erfrischenden Note beginnen m\u00f6chtest oder wenn du w\u00e4hrend des Tages eine belebende Auszeit ben\u00f6tigst. Aber auch am Abend kannst du diesen Kr\u00e4utertee als entspannenden Abschluss geniessen. Die harmonische Kombination der Zutaten sorgt f\u00fcr ein angenehmes Wohlbefinden und weckt deine Sinne.<\/p>\n<h3>So bereitest du den Bleib Fresh Kr\u00e4utertee zu<\/h3>\n<p>F\u00fcr die Zubereitung von \u201eBleib Fresh\u201c gibst du 14 g der Kr\u00e4utermischung auf 1 Liter Wasser. \u00dcbergiesse die Mischung mit kochendem Wasser (100 \u00b0C) und lasse den Tee 5 Minuten ziehen. So entfalten sich die nat\u00fcrlichen Aromen am besten und du erh\u00e4ltst ein intensives und ausgewogenes Geschmackserlebnis.<\/p>\n<p>Nach der Ziehzeit seihe die Kr\u00e4uter ab, damit du ein klares Getr\u00e4nk geniessen kannst. Wenn du magst, kannst du den Tee mit einem Kandisstick s\u00fcssen oder pur geniessen. Er schmeckt warm genauso gut wie abgek\u00fchlt an einem heissen Sommertag.<\/p>\n<h3>Zutaten der Kr\u00e4utermischung \u201eBleib Fresh\u201c<\/h3>\n<p>Unsere Kr\u00e4uterteemischung \u201eBleib Fresh\u201c enth\u00e4lt: Koriander, Brennnesselbl\u00e4tter, Apfelst\u00fccke, Minze, Lemongras, <a href=\"https:\/\/teasense.ch\/produkt\/orangenschalen\/\">Orangenschalen<\/a>, Zimtrinde, <a href=\"https:\/\/teasense.ch\/produkt\/ingwerstuecke\/\">Ingwerst\u00fccke<\/a>, Kardamom, Nelken, Ringelblumenbl\u00fcten und nat\u00fcrliches Zitronenaroma.<\/p>\n","protected":false},"excerpt":{"rendered":"<p>Kr\u00e4utertee mit Minze-Lemon-Geschmack<\/p>\n<h4>Zubereitung Bleib Fresh Kr\u00e4utertee<\/h4>\n<p>\ud83e\udd44 1-2 Teel\u00f6ffel Kr\u00e4utermischung pro Liter (14g\/Liter)<br \/>\n\ud83c\udf21\ufe0f 100 \u00b0C (Kochendes Wasser)<br \/>\n\u23f3 5 Minuten<\/p>\n","protected":false},"featured_media":38243,"comment_status":"closed","ping_status":"closed","template":"","meta":{"_et_pb_use_builder":"","_et_pb_old_content":"","_et_gb_content_width":""},"product_brand":[],"product_cat":[74,150,19],"product_tag":[],"class_list":{"0":"post-38233","1":"product","2":"type-product","3":"status-publish","4":"has-post-thumbnail","6":"product_cat-alle-produkte","7":"product_cat-kraeutertee","8":"product_cat-tee","9":"pa_herkunft-deutschland","10":"pa_weight-100-g","11":"pa_weight-200-g","12":"pa_weight-400-g","13":"pa_weight-50-g","15":"first","16":"instock","17":"shipping-taxable","18":"purchasable","19":"product-type-variable","20":"has-default-attributes","21":"add-to-wishlist-before_image"},"yoast_head":"<!-- This site is optimized with the Yoast SEO plugin v27.5 - https:\/\/yoast.com\/product\/yoast-seo-wordpress\/ -->\n<title>Bleib Fresh Kr\u00e4utertee - TeaSense.ch - Tee Shop Schweiz<\/title>\n<meta name=\"description\" content=\"Der Bleib Fresh Kr\u00e4utertee ist eine erfrischende und belebende Mischung aus sorgf\u00e4ltig ausgew\u00e4hlten Kr\u00e4utern und Gew\u00fcrzen.\" \/>\n<meta name=\"robots\" content=\"index, follow, max-snippet:-1, max-image-preview:large, max-video-preview:-1\" \/>\n<link rel=\"canonical\" href=\"https:\/\/teasense.ch\/fr\/produit\/bleib-fresh\/\" \/>\n<meta property=\"og:locale\" content=\"fr_FR\" \/>\n<meta property=\"og:type\" content=\"article\" \/>\n<meta property=\"og:title\" content=\"Bleib Fresh Kr\u00e4utertee - TeaSense.ch - Tee Shop Schweiz\" \/>\n<meta property=\"og:description\" content=\"Der Bleib Fresh Kr\u00e4utertee ist eine erfrischende und belebende Mischung aus sorgf\u00e4ltig ausgew\u00e4hlten Kr\u00e4utern und Gew\u00fcrzen.\" \/>\n<meta property=\"og:url\" content=\"https:\/\/teasense.ch\/fr\/produit\/bleib-fresh\/\" \/>\n<meta property=\"og:site_name\" content=\"TeaSense.ch - Tee Shop Schweiz\" \/>\n<meta property=\"article:publisher\" content=\"https:\/\/www.facebook.com\/teasense.ch\" \/>\n<meta property=\"article:modified_time\" content=\"2025-11-12T08:38:01+00:00\" \/>\n<meta property=\"og:image\" content=\"https:\/\/teasense.ch\/wp-content\/uploads\/2023\/10\/kraeuterteemischung-bleib-fresh-plain.jpg\" \/>\n\t<meta property=\"og:image:width\" content=\"800\" \/>\n\t<meta property=\"og:image:height\" content=\"800\" \/>\n\t<meta property=\"og:image:type\" content=\"image\/jpeg\" \/>\n<meta name=\"twitter:card\" content=\"summary_large_image\" \/>\n<meta name=\"twitter:label1\" content=\"Est. reading time\" \/>\n\t<meta name=\"twitter:data1\" content=\"3 minutes\" \/>\n<!-- \/ Yoast SEO plugin. -->","yoast_head_json":{"title":"Bleib Fresh Kr\u00e4utertee - TeaSense.ch - Tee Shop Schweiz","description":"Der Bleib Fresh Kr\u00e4utertee ist eine erfrischende und belebende Mischung aus sorgf\u00e4ltig ausgew\u00e4hlten Kr\u00e4utern und Gew\u00fcrzen.","robots":{"index":"index","follow":"follow","max-snippet":"max-snippet:-1","max-image-preview":"max-image-preview:large","max-video-preview":"max-video-preview:-1"},"canonical":"https:\/\/teasense.ch\/fr\/produit\/bleib-fresh\/","og_locale":"fr_FR","og_type":"article","og_title":"Bleib Fresh Kr\u00e4utertee - TeaSense.ch - Tee Shop Schweiz","og_description":"Der Bleib Fresh Kr\u00e4utertee ist eine erfrischende und belebende Mischung aus sorgf\u00e4ltig ausgew\u00e4hlten Kr\u00e4utern und Gew\u00fcrzen.","og_url":"https:\/\/teasense.ch\/fr\/produit\/bleib-fresh\/","og_site_name":"TeaSense.ch - Tee Shop Schweiz","article_publisher":"https:\/\/www.facebook.com\/teasense.ch","article_modified_time":"2025-11-12T08:38:01+00:00","og_image":[{"width":800,"height":800,"url":"https:\/\/teasense.ch\/wp-content\/uploads\/2023\/10\/kraeuterteemischung-bleib-fresh-plain.jpg","type":"image\/jpeg"}],"twitter_card":"summary_large_image","twitter_misc":{"Est. reading time":"3 minutes"},"schema":{"@context":"https:\/\/schema.org","@graph":[{"@type":"WebPage","@id":"https:\/\/teasense.ch\/fr\/produit\/bleib-fresh\/","url":"https:\/\/teasense.ch\/fr\/produit\/bleib-fresh\/","name":"Bleib Fresh Kr\u00e4utertee - TeaSense.ch - Tee Shop Schweiz","isPartOf":{"@id":"https:\/\/teasense.ch\/fr\/#website"},"primaryImageOfPage":{"@id":"https:\/\/teasense.ch\/fr\/produit\/bleib-fresh\/#primaryimage"},"image":{"@id":"https:\/\/teasense.ch\/fr\/produit\/bleib-fresh\/#primaryimage"},"thumbnailUrl":"https:\/\/teasense.ch\/wp-content\/uploads\/2023\/10\/kraeuterteemischung-bleib-fresh-plain.jpg","datePublished":"2023-10-22T18:13:53+00:00","dateModified":"2025-11-12T08:38:01+00:00","description":"Der Bleib Fresh Kr\u00e4utertee ist eine erfrischende und belebende Mischung aus sorgf\u00e4ltig ausgew\u00e4hlten Kr\u00e4utern und Gew\u00fcrzen.","breadcrumb":{"@id":"https:\/\/teasense.ch\/fr\/produit\/bleib-fresh\/#breadcrumb"},"inLanguage":"fr-CH","potentialAction":[{"@type":"ReadAction","target":["https:\/\/teasense.ch\/fr\/produit\/bleib-fresh\/"]}]},{"@type":"ImageObject","inLanguage":"fr-CH","@id":"https:\/\/teasense.ch\/fr\/produit\/bleib-fresh\/#primaryimage","url":"https:\/\/teasense.ch\/wp-content\/uploads\/2023\/10\/kraeuterteemischung-bleib-fresh-plain.jpg","contentUrl":"https:\/\/teasense.ch\/wp-content\/uploads\/2023\/10\/kraeuterteemischung-bleib-fresh-plain.jpg","width":800,"height":800,"caption":"Loser Koriander Teemischung"},{"@type":"BreadcrumbList","@id":"https:\/\/teasense.ch\/fr\/produit\/bleib-fresh\/#breadcrumb","itemListElement":[{"@type":"ListItem","position":1,"name":"Startseite","item":"https:\/\/teasense.ch\/fr\/startseite\/"},{"@type":"ListItem","position":2,"name":"Boutique de th\u00e9 en ligne","item":"https:\/\/teasense.ch\/fr\/shop\/"},{"@type":"ListItem","position":3,"name":"Bleib Fresh Kr\u00e4utertee"}]},{"@type":"WebSite","@id":"https:\/\/teasense.ch\/fr\/#website","url":"https:\/\/teasense.ch\/fr\/","name":"TeaSense.ch","description":"Nat\u00fcrliche Teemischungen und klassischer Tee","publisher":{"@id":"https:\/\/teasense.ch\/fr\/#organization"},"alternateName":"TeaSense","potentialAction":[{"@type":"SearchAction","target":{"@type":"EntryPoint","urlTemplate":"https:\/\/teasense.ch\/fr\/?s={search_term_string}"},"query-input":{"@type":"PropertyValueSpecification","valueRequired":true,"valueName":"search_term_string"}}],"inLanguage":"fr-CH"},{"@type":"Organization","@id":"https:\/\/teasense.ch\/fr\/#organization","name":"Reale Selection","alternateName":"TeaSense.ch","url":"https:\/\/teasense.ch\/fr\/","logo":{"@type":"ImageObject","inLanguage":"fr-CH","@id":"https:\/\/teasense.ch\/fr\/#\/schema\/logo\/image\/","url":"https:\/\/teasense.ch\/wp-content\/uploads\/2023\/07\/cropped-logo-teasense-kategorie-onlineshop-alle-produkte.jpg","contentUrl":"https:\/\/teasense.ch\/wp-content\/uploads\/2023\/07\/cropped-logo-teasense-kategorie-onlineshop-alle-produkte.jpg","width":512,"height":512,"caption":"Reale Selection"},"image":{"@id":"https:\/\/teasense.ch\/fr\/#\/schema\/logo\/image\/"},"sameAs":["https:\/\/www.facebook.com\/teasense.ch"]}]}},"jetpack-related-posts":[{"id":33318,"url":"https:\/\/teasense.ch\/fr\/produit\/ayurverda-tulsi-orange\/","url_meta":{"origin":38233,"position":0},"title":"Ayurverda Tulsi Orange","author":"Reale Selection","date":"6. July 2023","format":false,"excerpt":"Vermisst du diesen Tee? Schreibe uns eine Nachricht. Zubereitung Tulsi Orange Kr\u00e4uterteemischung\ud83e\udd44 1 -2 Teel\u00f6ffel auf 200 ml Wasser\ud83c\udf21\ufe0f 100 \u00b0C\u23f3 5 - 7 Minuten","rel":"","context":"Similar post","block_context":{"text":"Similar post","link":""},"img":{"alt_text":"Lose Tulsi Orange Teemischung","src":"https:\/\/i0.wp.com\/teasense.ch\/wp-content\/uploads\/2023\/07\/tulsi-orange-plain.jpg?resize=350%2C200&ssl=1","width":350,"height":200,"srcset":"https:\/\/i0.wp.com\/teasense.ch\/wp-content\/uploads\/2023\/07\/tulsi-orange-plain.jpg?resize=350%2C200&ssl=1 1x, https:\/\/i0.wp.com\/teasense.ch\/wp-content\/uploads\/2023\/07\/tulsi-orange-plain.jpg?resize=525%2C300&ssl=1 1.5x, https:\/\/i0.wp.com\/teasense.ch\/wp-content\/uploads\/2023\/07\/tulsi-orange-plain.jpg?resize=700%2C400&ssl=1 2x"},"classes":[]},{"id":47484,"url":"https:\/\/teasense.ch\/produit\/schoko-minze\/","url_meta":{"origin":38233,"position":1},"title":"Schoko Minze &#8211; Kr\u00e4uterteemischung","author":"Reale Selection","date":"16. November 2025","format":false,"excerpt":"Zubereitung Schoko Minze Tee \ud83e\udd44 1 TL (10-12 g\/Liter) Kr\u00e4uterteemischung\ud83c\udf21\ufe0f 100 \u00b0C\u23f3 5 - 8 Minuten","rel":"","context":"Similar post","block_context":{"text":"Similar post","link":""},"img":{"alt_text":"Schoko Minze - Kr\u00e4uterteemischung","src":"https:\/\/i0.wp.com\/teasense.ch\/wp-content\/uploads\/2025\/11\/schoko-minze-kraeuterteemischung.png?resize=350%2C200&ssl=1","width":350,"height":200,"srcset":"https:\/\/i0.wp.com\/teasense.ch\/wp-content\/uploads\/2025\/11\/schoko-minze-kraeuterteemischung.png?resize=350%2C200&ssl=1 1x, https:\/\/i0.wp.com\/teasense.ch\/wp-content\/uploads\/2025\/11\/schoko-minze-kraeuterteemischung.png?resize=525%2C300&ssl=1 1.5x, https:\/\/i0.wp.com\/teasense.ch\/wp-content\/uploads\/2025\/11\/schoko-minze-kraeuterteemischung.png?resize=700%2C400&ssl=1 2x"},"classes":[]},{"id":38547,"url":"https:\/\/teasense.ch\/fr\/produit\/fastenkraeuter\/","url_meta":{"origin":38233,"position":2},"title":"Fastenkr\u00e4uter","author":"Reale Selection","date":"24. October 2023","format":false,"excerpt":"Kr\u00e4utertee mit Mate Zubereitung Fastenkr\u00e4uter Tee \ud83e\udd44 1 \u2013 2 geh\u00e4ufte TL (ca. 2 g) auf 200 ml Wasser\ud83c\udf21\ufe0f 100 \u00b0C\u23f3 6 \u2013 10 Minuten ziehen lassen","rel":"","context":"Similar post","block_context":{"text":"Similar post","link":""},"img":{"alt_text":"","src":"https:\/\/i0.wp.com\/teasense.ch\/wp-content\/uploads\/2023\/10\/fastenkraeuter-plain-teemischung.jpg?resize=350%2C200&ssl=1","width":350,"height":200,"srcset":"https:\/\/i0.wp.com\/teasense.ch\/wp-content\/uploads\/2023\/10\/fastenkraeuter-plain-teemischung.jpg?resize=350%2C200&ssl=1 1x, https:\/\/i0.wp.com\/teasense.ch\/wp-content\/uploads\/2023\/10\/fastenkraeuter-plain-teemischung.jpg?resize=525%2C300&ssl=1 1.5x, https:\/\/i0.wp.com\/teasense.ch\/wp-content\/uploads\/2023\/10\/fastenkraeuter-plain-teemischung.jpg?resize=700%2C400&ssl=1 2x"},"classes":[]},{"id":33277,"url":"https:\/\/teasense.ch\/fr\/produit\/green-refresher\/","url_meta":{"origin":38233,"position":3},"title":"Green Refresher Gr\u00fcnteemischung","author":"Reale Selection","date":"5. July 2023","format":false,"excerpt":"Zubereitung Green Refresher Gr\u00fcnteemischung \ud83e\udd44 12 g\/Liter\ud83c\udf21\ufe0f 90\u00b0C\u23f3 2 Minuten","rel":"","context":"Similar post","block_context":{"text":"Similar post","link":""},"img":{"alt_text":"Teemischung Gr\u00fcntee","src":"https:\/\/i0.wp.com\/teasense.ch\/wp-content\/uploads\/2023\/07\/green-refresher.jpg?resize=350%2C200&ssl=1","width":350,"height":200,"srcset":"https:\/\/i0.wp.com\/teasense.ch\/wp-content\/uploads\/2023\/07\/green-refresher.jpg?resize=350%2C200&ssl=1 1x, https:\/\/i0.wp.com\/teasense.ch\/wp-content\/uploads\/2023\/07\/green-refresher.jpg?resize=525%2C300&ssl=1 1.5x, https:\/\/i0.wp.com\/teasense.ch\/wp-content\/uploads\/2023\/07\/green-refresher.jpg?resize=700%2C400&ssl=1 2x"},"classes":[]},{"id":45667,"url":"https:\/\/teasense.ch\/fr\/produit\/rooibusch-zitrone\/","url_meta":{"origin":38233,"position":4},"title":"Rooibusch Zitrone","author":"Reale Selection","date":"12. May 2025","format":false,"excerpt":"Zubereitung Rooibusch Zitrone \ud83e\udd44 1 Teel\u00f6ffel auf 200 ml Wasser (14g\/Liter)\ud83c\udf21\ufe0f 100 \u00b0C\u23f3 5 Minuten ziehen lassen","rel":"","context":"Similar post","block_context":{"text":"Similar post","link":""},"img":{"alt_text":"Rooibusch Zitrone Teemischung","src":"https:\/\/i0.wp.com\/teasense.ch\/wp-content\/uploads\/2025\/05\/Rooibusch-Zitrone.png?resize=350%2C200&ssl=1","width":350,"height":200,"srcset":"https:\/\/i0.wp.com\/teasense.ch\/wp-content\/uploads\/2025\/05\/Rooibusch-Zitrone.png?resize=350%2C200&ssl=1 1x, https:\/\/i0.wp.com\/teasense.ch\/wp-content\/uploads\/2025\/05\/Rooibusch-Zitrone.png?resize=525%2C300&ssl=1 1.5x, https:\/\/i0.wp.com\/teasense.ch\/wp-content\/uploads\/2025\/05\/Rooibusch-Zitrone.png?resize=700%2C400&ssl=1 2x"},"classes":[]},{"id":33403,"url":"https:\/\/teasense.ch\/fr\/produit\/morgenbrise\/","url_meta":{"origin":38233,"position":5},"title":"Morgenbrise","author":"Reale Selection","date":"6. July 2023","format":false,"excerpt":"Zubereitungshinweis \ud83e\udd44 12\u201315 Gramm pro Liter \ud83c\udf21\ufe0f 100\u00b0C \u23f3 5\u20138 Minuten","rel":"","context":"Similar post","block_context":{"text":"Similar post","link":""},"img":{"alt_text":"Morgenbrise Tee","src":"https:\/\/i0.wp.com\/teasense.ch\/wp-content\/uploads\/2023\/07\/bio-morgenbrise-plain.jpg?resize=350%2C200&ssl=1","width":350,"height":200,"srcset":"https:\/\/i0.wp.com\/teasense.ch\/wp-content\/uploads\/2023\/07\/bio-morgenbrise-plain.jpg?resize=350%2C200&ssl=1 1x, https:\/\/i0.wp.com\/teasense.ch\/wp-content\/uploads\/2023\/07\/bio-morgenbrise-plain.jpg?resize=525%2C300&ssl=1 1.5x, https:\/\/i0.wp.com\/teasense.ch\/wp-content\/uploads\/2023\/07\/bio-morgenbrise-plain.jpg?resize=700%2C400&ssl=1 2x"},"classes":[]}],"jetpack_sharing_enabled":false,"jetpack_likes_enabled":false,"_links":{"self":[{"href":"https:\/\/teasense.ch\/fr\/wp-json\/wp\/v2\/product\/38233","targetHints":{"allow":["GET"]}}],"collection":[{"href":"https:\/\/teasense.ch\/fr\/wp-json\/wp\/v2\/product"}],"about":[{"href":"https:\/\/teasense.ch\/fr\/wp-json\/wp\/v2\/types\/product"}],"replies":[{"embeddable":true,"href":"https:\/\/teasense.ch\/fr\/wp-json\/wp\/v2\/comments?post=38233"}],"wp:featuredmedia":[{"embeddable":true,"href":"https:\/\/teasense.ch\/fr\/wp-json\/wp\/v2\/media\/38243"}],"wp:attachment":[{"href":"https:\/\/teasense.ch\/fr\/wp-json\/wp\/v2\/media?parent=38233"}],"wp:term":[{"taxonomy":"product_brand","embeddable":true,"href":"https:\/\/teasense.ch\/fr\/wp-json\/wp\/v2\/product_brand?post=38233"},{"taxonomy":"product_cat","embeddable":true,"href":"https:\/\/teasense.ch\/fr\/wp-json\/wp\/v2\/product_cat?post=38233"},{"taxonomy":"product_tag","embeddable":true,"href":"https:\/\/teasense.ch\/fr\/wp-json\/wp\/v2\/product_tag?post=38233"}],"curies":[{"name":"wp","href":"https:\/\/api.w.org\/{rel}","templated":true}]}}