{"id":43179,"date":"2024-10-22T13:03:03","date_gmt":"2024-10-22T11:03:03","guid":{"rendered":"https:\/\/teasense.ch\/?post_type=product&#038;p=43179"},"modified":"2025-12-23T03:33:32","modified_gmt":"2025-12-23T02:33:32","slug":"waldgefluester","status":"publish","type":"product","link":"https:\/\/teasense.ch\/fr\/produit\/waldgefluester\/","title":{"rendered":"Waldgefl\u00fcster &#8211; Kr\u00e4utermischung"},"content":{"rendered":"<h3>Waldgefl\u00fcster \u2013 Eine aromatische Auszeit in der Natur<\/h3>\n<p>Tauche ein in die sanften Aromen unserer Teemischung Waldgefl\u00fcster. Diese besondere Mischung vereint sorgf\u00e4ltig ausgew\u00e4hlte Zutaten aus kontrolliertem Anbau. In jeder Tasse entfaltet sich die entspannende Stimmung eines Spaziergangs im Wald. So schenkt dir der Tee eine kleine Pause vom hektischen Alltag und l\u00e4dt zum Durchatmen ein.<\/p>\n<h3 data-start=\"597\" data-end=\"652\">Ausgew\u00e4hlte Zutaten f\u00fcr ein harmonisches Erlebnis<\/h3>\n<p data-start=\"654\" data-end=\"1072\">In Waldgefl\u00fcster findest du Hagebuttenschalen, Apfelst\u00fccke, Birkenbl\u00e4tter, Wald-Erdbeerbl\u00e4tter, Melisse, ein nat\u00fcrliches Aroma, Ehrenpreiskraut, gefriergetrocknete Himbeerst\u00fccke und Rosenbl\u00fctenbl\u00e4tter. Diese Kombination aus Fr\u00fcchten und Kr\u00e4utern sorgt f\u00fcr eine ausgewogene, fruchtige Note. Gleichzeitig bringt sie eine angenehme Frische mit, die das Genusserlebnis abrundet und dich gedanklich in die Natur entf\u00fchrt.<\/p>\n<h3>Ein Geschmackserlebnis f\u00fcr alle Sinne<\/h3>\n<p>Schon beim Aufbr\u00fchen verzaubert dich der einladende Duft. Fruchtige und blumige Nuancen verbinden sich harmonisch. Jeder Schluck f\u00fchlt sich an wie ein kurzer Aufenthalt im Gr\u00fcnen, wo die frische Luft und die sanften Kl\u00e4nge der Natur sp\u00fcrbar werden. Zarte Rosenbl\u00fctenbl\u00e4tter runden die Mischung ab und schenken ihr eine elegante, feine Note.<\/p>\n<h3>Perfekt f\u00fcr jede Gelegenheit<\/h3>\n<p>Waldgefl\u00fcster passt zu entspannten Nachmittagen, gem\u00fctlichen Abenden oder als kleine Auszeit zwischendurch. Du kannst ihn wunderbar mit Freunden teilen oder ganz f\u00fcr dich allein geniessen. Ob beim Lesen eines guten Buches oder beim Entspannen auf der Couch \u2013 dieser Tee bringt dir das Gef\u00fchl des Waldes direkt nach Hause..<\/p>\n<h3>Zubereitung Kr\u00e4utertee<\/h3>\n<p>Gib einen Teel\u00f6ffel Waldgefl\u00fcster in eine Tasse und \u00fcbergiesse ihn mit heissem Wasser (100 \u00b0C). Lasse den Tee 6\u201310 Minuten ziehen. Trinke ihn pur oder verfeinere ihn mit etwas Honig, um deine pers\u00f6nliche Note hinzuzuf\u00fcgen. Auch kalt aufgebr\u00fcht als Eistee sorgt er f\u00fcr eine erfrischende Abwechslung an warmen Tagen.<\/p>\n<h4>Geniesse die Ruhe und den Zauber des Waldes!<\/h4>\n<p>Mit jeder Tasse Waldgefl\u00fcster sp\u00fcrst du die N\u00e4he zur Natur. Lass dich von den feinen Aromen verzaubern und finde deine pers\u00f6nliche Ruheoase im Alltag.<\/p>\n","protected":false},"excerpt":{"rendered":"<h4>Zubereitung Waldgefl\u00fcster Kr\u00e4utertee<\/h4>\n<p>\ud83e\udd44 1 Teel\u00f6ffel<br \/>\n\ud83c\udf21\ufe0f 100\u00b0C<br \/>\n\u23f3 <span style=\"font-weight: 400;\">6 &#8211; 10<\/span> Minuten<\/p>\n","protected":false},"featured_media":43507,"comment_status":"open","ping_status":"closed","template":"","meta":{"_et_pb_use_builder":"","_et_pb_old_content":"","_et_gb_content_width":""},"product_brand":[],"product_cat":[74,150,19],"product_tag":[],"class_list":{"0":"post-43179","1":"product","2":"type-product","3":"status-publish","4":"has-post-thumbnail","6":"product_cat-alle-produkte","7":"product_cat-kraeutertee","8":"product_cat-tee","9":"pa_herkunft-deutschland","10":"pa_weight-100-g","11":"pa_weight-200-g","12":"pa_weight-400-g","13":"pa_weight-50-g","15":"first","16":"instock","17":"shipping-taxable","18":"purchasable","19":"product-type-variable","20":"has-default-attributes","21":"add-to-wishlist-before_image"},"yoast_head":"<!-- This site is optimized with the Yoast SEO plugin v27.5 - https:\/\/yoast.com\/product\/yoast-seo-wordpress\/ -->\n<title>Waldgefl\u00fcster - Kr\u00e4utermischung - TeaSense.ch - Tee Shop Schweiz<\/title>\n<meta name=\"description\" content=\"Erlebe den Kr\u00e4utertee Waldgefl\u00fcster! Diese harmonische Mischung aus sorgf\u00e4ltig ausgew\u00e4hlten Zutaten verzaubert mit einem einladenden Duft und Geschmack.\" \/>\n<meta name=\"robots\" content=\"index, follow, max-snippet:-1, max-image-preview:large, max-video-preview:-1\" \/>\n<link rel=\"canonical\" href=\"https:\/\/teasense.ch\/fr\/produit\/waldgefluester\/\" \/>\n<meta property=\"og:locale\" content=\"fr_FR\" \/>\n<meta property=\"og:type\" content=\"article\" \/>\n<meta property=\"og:title\" content=\"Waldgefl\u00fcster - Kr\u00e4utermischung - TeaSense.ch - Tee Shop Schweiz\" \/>\n<meta property=\"og:description\" content=\"Erlebe den Kr\u00e4utertee Waldgefl\u00fcster! Diese harmonische Mischung aus sorgf\u00e4ltig ausgew\u00e4hlten Zutaten verzaubert mit einem einladenden Duft und Geschmack.\" \/>\n<meta property=\"og:url\" content=\"https:\/\/teasense.ch\/fr\/produit\/waldgefluester\/\" \/>\n<meta property=\"og:site_name\" content=\"TeaSense.ch - Tee Shop Schweiz\" \/>\n<meta property=\"article:publisher\" content=\"https:\/\/www.facebook.com\/teasense.ch\" \/>\n<meta property=\"article:modified_time\" content=\"2025-12-23T02:33:32+00:00\" \/>\n<meta property=\"og:image\" content=\"https:\/\/teasense.ch\/wp-content\/uploads\/2024\/10\/waldgefluester.png\" \/>\n\t<meta property=\"og:image:width\" content=\"800\" \/>\n\t<meta property=\"og:image:height\" content=\"800\" \/>\n\t<meta property=\"og:image:type\" content=\"image\/png\" \/>\n<meta name=\"twitter:card\" content=\"summary_large_image\" \/>\n<meta name=\"twitter:label1\" content=\"Est. reading time\" \/>\n\t<meta name=\"twitter:data1\" content=\"2 minutes\" \/>\n<!-- \/ Yoast SEO plugin. -->","yoast_head_json":{"title":"Waldgefl\u00fcster - Kr\u00e4utermischung - TeaSense.ch - Tee Shop Schweiz","description":"Erlebe den Kr\u00e4utertee Waldgefl\u00fcster! Diese harmonische Mischung aus sorgf\u00e4ltig ausgew\u00e4hlten Zutaten verzaubert mit einem einladenden Duft und Geschmack.","robots":{"index":"index","follow":"follow","max-snippet":"max-snippet:-1","max-image-preview":"max-image-preview:large","max-video-preview":"max-video-preview:-1"},"canonical":"https:\/\/teasense.ch\/fr\/produit\/waldgefluester\/","og_locale":"fr_FR","og_type":"article","og_title":"Waldgefl\u00fcster - Kr\u00e4utermischung - TeaSense.ch - Tee Shop Schweiz","og_description":"Erlebe den Kr\u00e4utertee Waldgefl\u00fcster! Diese harmonische Mischung aus sorgf\u00e4ltig ausgew\u00e4hlten Zutaten verzaubert mit einem einladenden Duft und Geschmack.","og_url":"https:\/\/teasense.ch\/fr\/produit\/waldgefluester\/","og_site_name":"TeaSense.ch - Tee Shop Schweiz","article_publisher":"https:\/\/www.facebook.com\/teasense.ch","article_modified_time":"2025-12-23T02:33:32+00:00","og_image":[{"width":800,"height":800,"url":"https:\/\/teasense.ch\/wp-content\/uploads\/2024\/10\/waldgefluester.png","type":"image\/png"}],"twitter_card":"summary_large_image","twitter_misc":{"Est. reading time":"2 minutes"},"schema":{"@context":"https:\/\/schema.org","@graph":[{"@type":"WebPage","@id":"https:\/\/teasense.ch\/fr\/produit\/waldgefluester\/","url":"https:\/\/teasense.ch\/fr\/produit\/waldgefluester\/","name":"Waldgefl\u00fcster - Kr\u00e4utermischung - TeaSense.ch - Tee Shop Schweiz","isPartOf":{"@id":"https:\/\/teasense.ch\/fr\/#website"},"primaryImageOfPage":{"@id":"https:\/\/teasense.ch\/fr\/produit\/waldgefluester\/#primaryimage"},"image":{"@id":"https:\/\/teasense.ch\/fr\/produit\/waldgefluester\/#primaryimage"},"thumbnailUrl":"https:\/\/teasense.ch\/wp-content\/uploads\/2024\/10\/waldgefluester.png","datePublished":"2024-10-22T11:03:03+00:00","dateModified":"2025-12-23T02:33:32+00:00","description":"Erlebe den Kr\u00e4utertee Waldgefl\u00fcster! Diese harmonische Mischung aus sorgf\u00e4ltig ausgew\u00e4hlten Zutaten verzaubert mit einem einladenden Duft und Geschmack.","breadcrumb":{"@id":"https:\/\/teasense.ch\/fr\/produit\/waldgefluester\/#breadcrumb"},"inLanguage":"fr-CH","potentialAction":[{"@type":"ReadAction","target":["https:\/\/teasense.ch\/fr\/produit\/waldgefluester\/"]}]},{"@type":"ImageObject","inLanguage":"fr-CH","@id":"https:\/\/teasense.ch\/fr\/produit\/waldgefluester\/#primaryimage","url":"https:\/\/teasense.ch\/wp-content\/uploads\/2024\/10\/waldgefluester.png","contentUrl":"https:\/\/teasense.ch\/wp-content\/uploads\/2024\/10\/waldgefluester.png","width":800,"height":800,"caption":"Waldgefl\u00fcster Teemischung"},{"@type":"BreadcrumbList","@id":"https:\/\/teasense.ch\/fr\/produit\/waldgefluester\/#breadcrumb","itemListElement":[{"@type":"ListItem","position":1,"name":"Startseite","item":"https:\/\/teasense.ch\/fr\/startseite\/"},{"@type":"ListItem","position":2,"name":"Boutique de th\u00e9 en ligne","item":"https:\/\/teasense.ch\/fr\/shop\/"},{"@type":"ListItem","position":3,"name":"Waldgefl\u00fcster &#8211; Kr\u00e4utermischung"}]},{"@type":"WebSite","@id":"https:\/\/teasense.ch\/fr\/#website","url":"https:\/\/teasense.ch\/fr\/","name":"TeaSense.ch","description":"Nat\u00fcrliche Teemischungen und klassischer Tee","publisher":{"@id":"https:\/\/teasense.ch\/fr\/#organization"},"alternateName":"TeaSense","potentialAction":[{"@type":"SearchAction","target":{"@type":"EntryPoint","urlTemplate":"https:\/\/teasense.ch\/fr\/?s={search_term_string}"},"query-input":{"@type":"PropertyValueSpecification","valueRequired":true,"valueName":"search_term_string"}}],"inLanguage":"fr-CH"},{"@type":"Organization","@id":"https:\/\/teasense.ch\/fr\/#organization","name":"Reale Selection","alternateName":"TeaSense.ch","url":"https:\/\/teasense.ch\/fr\/","logo":{"@type":"ImageObject","inLanguage":"fr-CH","@id":"https:\/\/teasense.ch\/fr\/#\/schema\/logo\/image\/","url":"https:\/\/teasense.ch\/wp-content\/uploads\/2023\/07\/cropped-logo-teasense-kategorie-onlineshop-alle-produkte.jpg","contentUrl":"https:\/\/teasense.ch\/wp-content\/uploads\/2023\/07\/cropped-logo-teasense-kategorie-onlineshop-alle-produkte.jpg","width":512,"height":512,"caption":"Reale Selection"},"image":{"@id":"https:\/\/teasense.ch\/fr\/#\/schema\/logo\/image\/"},"sameAs":["https:\/\/www.facebook.com\/teasense.ch"]}]}},"jetpack-related-posts":[{"id":48573,"url":"https:\/\/teasense.ch\/it\/produit\/miscela-curcuma-spezie\/","url_meta":{"origin":43179,"position":0},"title":"Miscela di spezie alla curcuma","author":"Reale Selection","date":"22. October 2025","format":false,"excerpt":"Curcuma con citronella, limone, zenzero e coriandolo Ideale come infuso, in cucina o per una bevanda alla curcuma Colore dorato, 100 % ingredienti naturali \u2013 senza additivi","rel":"","context":"Similar post","block_context":{"text":"Similar post","link":""},"img":{"alt_text":"Kurkuma Gew\u00fcrz-Mix Zitronengras, Zitrone, Ingwer und Koriander","src":"https:\/\/i0.wp.com\/teasense.ch\/wp-content\/uploads\/2025\/09\/kurkuma-zitrone-1.png?resize=350%2C200&ssl=1","width":350,"height":200,"srcset":"https:\/\/i0.wp.com\/teasense.ch\/wp-content\/uploads\/2025\/09\/kurkuma-zitrone-1.png?resize=350%2C200&ssl=1 1x, https:\/\/i0.wp.com\/teasense.ch\/wp-content\/uploads\/2025\/09\/kurkuma-zitrone-1.png?resize=525%2C300&ssl=1 1.5x, https:\/\/i0.wp.com\/teasense.ch\/wp-content\/uploads\/2025\/09\/kurkuma-zitrone-1.png?resize=700%2C400&ssl=1 2x"},"classes":[]},{"id":49008,"url":"https:\/\/teasense.ch\/it\/produit\/tisana-di-olmaria\/","url_meta":{"origin":43179,"position":1},"title":"Tisana di Olmaria","author":"Reale Selection","date":"14. September 2025","format":false,"excerpt":"\ud83e\udd44 1\u20132 cucchiaini per tazza \ud83c\udf21\ufe0f 95\u2013100 \u00b0C \u23f3 8\u201310 minuti","rel":"","context":"Similar post","block_context":{"text":"Similar post","link":""},"img":{"alt_text":"M\u00e4des\u00fcssbl\u00fcten mit Kraut bio gerebelt, Spierblume, Wiesengeissbart, spireae ulmariae flos cum herba","src":"https:\/\/i0.wp.com\/teasense.ch\/wp-content\/uploads\/2025\/09\/maedesuessblueten-mit-kraut-bio-gerebelt-spierblume-wiesengeissbart-spireae-ulmariae-flos-cum-herba.png?resize=350%2C200&ssl=1","width":350,"height":200,"srcset":"https:\/\/i0.wp.com\/teasense.ch\/wp-content\/uploads\/2025\/09\/maedesuessblueten-mit-kraut-bio-gerebelt-spierblume-wiesengeissbart-spireae-ulmariae-flos-cum-herba.png?resize=350%2C200&ssl=1 1x, https:\/\/i0.wp.com\/teasense.ch\/wp-content\/uploads\/2025\/09\/maedesuessblueten-mit-kraut-bio-gerebelt-spierblume-wiesengeissbart-spireae-ulmariae-flos-cum-herba.png?resize=525%2C300&ssl=1 1.5x, https:\/\/i0.wp.com\/teasense.ch\/wp-content\/uploads\/2025\/09\/maedesuessblueten-mit-kraut-bio-gerebelt-spierblume-wiesengeissbart-spireae-ulmariae-flos-cum-herba.png?resize=700%2C400&ssl=1 2x"},"classes":[]},{"id":49063,"url":"https:\/\/teasense.ch\/it\/produit\/sapori-del-bosco-set-regalo-tisana\/","url_meta":{"origin":43179,"position":2},"title":"Sapori del bosco \u2013 Set regalo tisana","author":"Reale Selection","date":"17. July 2025","format":false,"excerpt":"\ud83e\udd44 1\u20132 cucchiaini per tazza \ud83c\udf21\ufe0f 95\u2013100 \u00b0C \u23f3 5\u201310 minuti","rel":"","context":"Similar post","block_context":{"text":"Similar post","link":""},"img":{"alt_text":"Waldmomente \u2013 Tee Geschenk mit Fr\u00fcchtetee & Kr\u00e4utertee","src":"https:\/\/i0.wp.com\/teasense.ch\/wp-content\/uploads\/2025\/07\/Waldmomente-%E2%80%93-Tee-Geschenk-mit-Fruechtetee-Kraeutertee.png?resize=350%2C200&ssl=1","width":350,"height":200,"srcset":"https:\/\/i0.wp.com\/teasense.ch\/wp-content\/uploads\/2025\/07\/Waldmomente-%E2%80%93-Tee-Geschenk-mit-Fruechtetee-Kraeutertee.png?resize=350%2C200&ssl=1 1x, https:\/\/i0.wp.com\/teasense.ch\/wp-content\/uploads\/2025\/07\/Waldmomente-%E2%80%93-Tee-Geschenk-mit-Fruechtetee-Kraeutertee.png?resize=525%2C300&ssl=1 1.5x, https:\/\/i0.wp.com\/teasense.ch\/wp-content\/uploads\/2025\/07\/Waldmomente-%E2%80%93-Tee-Geschenk-mit-Fruechtetee-Kraeutertee.png?resize=700%2C400&ssl=1 2x"},"classes":[]},{"id":48969,"url":"https:\/\/teasense.ch\/fr\/produit\/fleurs-camomille\/","url_meta":{"origin":43179,"position":3},"title":"Fleurs de camomille","author":"Reale Selection","date":"23. October 2024","format":false,"excerpt":"Pr\u00e9paration infusion de camomille \ud83e\udd44 1 c. \u00e0 caf\u00e9 par tasse \ud83c\udf21\ufe0f 90 \u00b0C \u23f3 5\u20137 minutes","rel":"","context":"Similar post","block_context":{"text":"Similar post","link":""},"img":{"alt_text":"Kamillenbl\u00fcten weisser Hintergrund","src":"https:\/\/i0.wp.com\/teasense.ch\/wp-content\/uploads\/2024\/10\/kamillenblueten-weisser-hintergrund.png?resize=350%2C200&ssl=1","width":350,"height":200,"srcset":"https:\/\/i0.wp.com\/teasense.ch\/wp-content\/uploads\/2024\/10\/kamillenblueten-weisser-hintergrund.png?resize=350%2C200&ssl=1 1x, https:\/\/i0.wp.com\/teasense.ch\/wp-content\/uploads\/2024\/10\/kamillenblueten-weisser-hintergrund.png?resize=525%2C300&ssl=1 1.5x, https:\/\/i0.wp.com\/teasense.ch\/wp-content\/uploads\/2024\/10\/kamillenblueten-weisser-hintergrund.png?resize=700%2C400&ssl=1 2x"},"classes":[]},{"id":49062,"url":"https:\/\/teasense.ch\/fr\/produit\/moments-en-foret-coffret-the\/","url_meta":{"origin":43179,"position":4},"title":"Moments en for\u00eat \u2013 Coffret th\u00e9","author":"Reale Selection","date":"17. July 2025","format":false,"excerpt":"\ud83e\udd44 1\u20132 cuill\u00e8res \u00e0 caf\u00e9 par tasse \ud83c\udf21\ufe0f 95\u2013100 \u00b0C \u23f3 5\u201310 minutes","rel":"","context":"Similar post","block_context":{"text":"Similar post","link":""},"img":{"alt_text":"Waldmomente \u2013 Tee Geschenk mit Fr\u00fcchtetee & Kr\u00e4utertee","src":"https:\/\/i0.wp.com\/teasense.ch\/wp-content\/uploads\/2025\/07\/Waldmomente-%E2%80%93-Tee-Geschenk-mit-Fruechtetee-Kraeutertee.png?resize=350%2C200&ssl=1","width":350,"height":200,"srcset":"https:\/\/i0.wp.com\/teasense.ch\/wp-content\/uploads\/2025\/07\/Waldmomente-%E2%80%93-Tee-Geschenk-mit-Fruechtetee-Kraeutertee.png?resize=350%2C200&ssl=1 1x, https:\/\/i0.wp.com\/teasense.ch\/wp-content\/uploads\/2025\/07\/Waldmomente-%E2%80%93-Tee-Geschenk-mit-Fruechtetee-Kraeutertee.png?resize=525%2C300&ssl=1 1.5x, https:\/\/i0.wp.com\/teasense.ch\/wp-content\/uploads\/2025\/07\/Waldmomente-%E2%80%93-Tee-Geschenk-mit-Fruechtetee-Kraeutertee.png?resize=700%2C400&ssl=1 2x"},"classes":[]},{"id":49061,"url":"https:\/\/teasense.ch\/en\/produit\/forest-moments-tea-gift-set\/","url_meta":{"origin":43179,"position":5},"title":"Forest Moments Tea Gift Set","author":"Reale Selection","date":"17. July 2025","format":false,"excerpt":"\ud83e\udd44 1\u20132 teaspoons per cup \ud83c\udf21\ufe0f 95\u2013100 \u00b0C \u23f3 5\u201310 minutes","rel":"","context":"Similar post","block_context":{"text":"Similar post","link":""},"img":{"alt_text":"Waldmomente \u2013 Tee Geschenk mit Fr\u00fcchtetee & Kr\u00e4utertee","src":"https:\/\/i0.wp.com\/teasense.ch\/wp-content\/uploads\/2025\/07\/Waldmomente-%E2%80%93-Tee-Geschenk-mit-Fruechtetee-Kraeutertee.png?resize=350%2C200&ssl=1","width":350,"height":200,"srcset":"https:\/\/i0.wp.com\/teasense.ch\/wp-content\/uploads\/2025\/07\/Waldmomente-%E2%80%93-Tee-Geschenk-mit-Fruechtetee-Kraeutertee.png?resize=350%2C200&ssl=1 1x, https:\/\/i0.wp.com\/teasense.ch\/wp-content\/uploads\/2025\/07\/Waldmomente-%E2%80%93-Tee-Geschenk-mit-Fruechtetee-Kraeutertee.png?resize=525%2C300&ssl=1 1.5x, https:\/\/i0.wp.com\/teasense.ch\/wp-content\/uploads\/2025\/07\/Waldmomente-%E2%80%93-Tee-Geschenk-mit-Fruechtetee-Kraeutertee.png?resize=700%2C400&ssl=1 2x"},"classes":[]}],"jetpack_sharing_enabled":true,"jetpack_likes_enabled":false,"_links":{"self":[{"href":"https:\/\/teasense.ch\/fr\/wp-json\/wp\/v2\/product\/43179","targetHints":{"allow":["GET"]}}],"collection":[{"href":"https:\/\/teasense.ch\/fr\/wp-json\/wp\/v2\/product"}],"about":[{"href":"https:\/\/teasense.ch\/fr\/wp-json\/wp\/v2\/types\/product"}],"replies":[{"embeddable":true,"href":"https:\/\/teasense.ch\/fr\/wp-json\/wp\/v2\/comments?post=43179"}],"wp:featuredmedia":[{"embeddable":true,"href":"https:\/\/teasense.ch\/fr\/wp-json\/wp\/v2\/media\/43507"}],"wp:attachment":[{"href":"https:\/\/teasense.ch\/fr\/wp-json\/wp\/v2\/media?parent=43179"}],"wp:term":[{"taxonomy":"product_brand","embeddable":true,"href":"https:\/\/teasense.ch\/fr\/wp-json\/wp\/v2\/product_brand?post=43179"},{"taxonomy":"product_cat","embeddable":true,"href":"https:\/\/teasense.ch\/fr\/wp-json\/wp\/v2\/product_cat?post=43179"},{"taxonomy":"product_tag","embeddable":true,"href":"https:\/\/teasense.ch\/fr\/wp-json\/wp\/v2\/product_tag?post=43179"}],"curies":[{"name":"wp","href":"https:\/\/api.w.org\/{rel}","templated":true}]}}