{"id":43182,"date":"2024-10-22T13:30:16","date_gmt":"2024-10-22T11:30:16","guid":{"rendered":"https:\/\/teasense.ch\/?post_type=product&#038;p=43182"},"modified":"2025-08-23T10:12:12","modified_gmt":"2025-08-23T08:12:12","slug":"nepal-sf-tgfop1-kanchanjangha","status":"publish","type":"product","link":"https:\/\/teasense.ch\/fr\/produit\/nepal-sf-tgfop1-kanchanjangha\/","title":{"rendered":"Nepal SF TGFOP1 Typ Kanchanjangha"},"content":{"rendered":"<h3>Nepal SF TGFOP1 Typ Kanchanjangha \u2013 Ein Hochgenuss aus den H\u00f6hen Nepals<\/h3>\n<p>Entdecke den exquisiten Nepal SF TGFOP1 Typ Kanchanjangha, einen hochwertigen Schwarztee aus den Hochlagen des Himalayas. Die Abk\u00fcrzung TGFOP steht f\u00fcr \u201eTippy Golden Flowery Orange Pekoe\u201c, was auf eine hochwertige Qualit\u00e4t und das Vorhandensein von feinen, goldenen Blattspitzen hinweist. Dieser Tee begeistert mit einem von feinen Tips durchzogenen Blatt und betont floralen Nuancen. Sein weicher und abgerundeter Charakter hat ihm zu grossem Ruhm verholfen und macht ihn zu einem Klassiker unter Teeliebhabern.<\/p>\n<p>Einzigartiger Geschmack und Aroma<\/p>\n<p>In der Tasse entfaltet sich ein harmonisches Zusammenspiel aus s\u00fcssen und blumigen Noten, das eine subtile Fruchtigkeit umschmeichelt. Die lebendige, goldene Farbe und das gleichm\u00e4ssig gerollte Blattwerk spiegeln die hohe Qualit\u00e4t des Tees wider. Jeder Schluck bringt ein Gef\u00fchl von Leichtigkeit und Eleganz, das dich in die H\u00f6hen des Himalayas entf\u00fchrt.<\/p>\n<h3>Nepal SF TGFOP1 &#8211; Herkunft<\/h3>\n<p>Der Kanchanjangha Tee stammt aus einer Kooperative, die der Staat Nepal 1984 gr\u00fcndete. \u00dcber 100 Bauern erhielten damals Land, das sie heute f\u00fcr den Anbau dieses hervorragenden Tees nutzen. Die Teeg\u00e4rten liegen in H\u00f6henlagen zwischen 1.500 und 2.500 Metern. Dort bieten die besonderen klimatischen Bedingungen und der n\u00e4hrstoffreiche Boden ideale Voraussetzungen f\u00fcr den Teeanbau. Die Teebl\u00e4tter wachsen im Einklang mit der Natur und profitieren von traditionellen Anbaumethoden, die die Qualit\u00e4t des Tees garantieren.<\/p>\n<h3>Zubereitung f\u00fcr das beste Erlebnis<\/h3>\n<p>Um den vollen Geschmack des Nepal SF TGFOP1 Typ Kanchanjangha zu entfalten <span style=\"font-weight: 400;\">empfiehlt sich<\/span>, einen Teel\u00f6ffel des Tees mit heissem Wasser (ca. 90-95 \u00b0C) zu \u00fcbergiessen. Lass ihn 3-5 Minuten ziehen, damit die floralen Aromen optimal zur Geltung kommen. Bei Bedarf kannst du den Tee mehrmals aufgiessen und verschiedene Geschmacksnuancen entdecken.<\/p>\n<p>Ein Tee f\u00fcr besondere Momente<\/p>\n<p>Ob beim entspannenden Nachmittagstee oder als Begleiter zu feinen Snacks \u2013 der Kanchanjangha eignet sich hervorragend f\u00fcr jeden Anlass. Lass dich von der Harmonie und dem Charakter dieses Schwarztees verzaubern und geniesse jeden Schluck in vollen Z\u00fcgen. G\u00f6nn dir eine kleine Auszeit und hol dir mit jeder Tasse Kanchanjangha ein St\u00fcck Himalaya nach Hause.<\/p>\n","protected":false},"excerpt":{"rendered":"<p>Schwarztee Klassiker<\/p>\n<h4>Zubereitung Nepal SF TGFOP1<\/h4>\n<p>\ud83e\udd44 1 TL pro Tasse<br \/>\n\ud83c\udf21\ufe0f 90 &#8211; 95\u00b0C<br \/>\n\u23f3 3 -5 Minuten<\/p>\n","protected":false},"featured_media":43476,"comment_status":"open","ping_status":"closed","template":"","meta":{"_et_pb_use_builder":"","_et_pb_old_content":"","_et_gb_content_width":""},"product_brand":[],"product_cat":[74,19,148],"product_tag":[],"class_list":{"0":"post-43182","1":"product","2":"type-product","3":"status-publish","4":"has-post-thumbnail","6":"product_cat-alle-produkte","7":"product_cat-tee","8":"product_cat-schwarztee","9":"pa_herkunft-nepal","10":"pa_weight-100-g","11":"pa_weight-20-g","12":"pa_weight-200-g","13":"pa_weight-400-g","14":"pa_weight-50-g","16":"first","17":"instock","18":"shipping-taxable","19":"purchasable","20":"product-type-variable","21":"has-default-attributes","22":"add-to-wishlist-before_image"},"yoast_head":"<!-- This site is optimized with the Yoast SEO plugin v27.5 - https:\/\/yoast.com\/product\/yoast-seo-wordpress\/ -->\n<title>Nepal SF TGFOP1 Typ Kanchanjangha - TeaSense.ch - Tee Shop Schweiz<\/title>\n<meta name=\"description\" content=\"Entdecke den exquisiten Nepal SF TGFOP1 Typ Kanchanjangha! Dieser hochwertige Schwarztee aus den H\u00f6hen Nepals begeistert mit betont floralen Nuancen.\" \/>\n<meta name=\"robots\" content=\"index, follow, max-snippet:-1, max-image-preview:large, max-video-preview:-1\" \/>\n<link rel=\"canonical\" href=\"https:\/\/teasense.ch\/fr\/produit\/nepal-sf-tgfop1-kanchanjangha\/\" \/>\n<meta property=\"og:locale\" content=\"fr_FR\" \/>\n<meta property=\"og:type\" content=\"article\" \/>\n<meta property=\"og:title\" content=\"Nepal SF TGFOP1 Typ Kanchanjangha - TeaSense.ch - Tee Shop Schweiz\" \/>\n<meta property=\"og:description\" content=\"Entdecke den exquisiten Nepal SF TGFOP1 Typ Kanchanjangha! Dieser hochwertige Schwarztee aus den H\u00f6hen Nepals begeistert mit betont floralen Nuancen.\" \/>\n<meta property=\"og:url\" content=\"https:\/\/teasense.ch\/fr\/produit\/nepal-sf-tgfop1-kanchanjangha\/\" \/>\n<meta property=\"og:site_name\" content=\"TeaSense.ch - Tee Shop Schweiz\" \/>\n<meta property=\"article:publisher\" content=\"https:\/\/www.facebook.com\/teasense.ch\" \/>\n<meta property=\"article:modified_time\" content=\"2025-08-23T08:12:12+00:00\" \/>\n<meta property=\"og:image\" content=\"https:\/\/teasense.ch\/wp-content\/uploads\/2024\/10\/nepal-sf-tgfop1-typ-kanchanjangha-lose.png\" \/>\n\t<meta property=\"og:image:width\" content=\"800\" \/>\n\t<meta property=\"og:image:height\" content=\"800\" \/>\n\t<meta property=\"og:image:type\" content=\"image\/png\" \/>\n<meta name=\"twitter:card\" content=\"summary_large_image\" \/>\n<meta name=\"twitter:label1\" content=\"Est. reading time\" \/>\n\t<meta name=\"twitter:data1\" content=\"3 minutes\" \/>\n<!-- \/ Yoast SEO plugin. -->","yoast_head_json":{"title":"Nepal SF TGFOP1 Typ Kanchanjangha - TeaSense.ch - Tee Shop Schweiz","description":"Entdecke den exquisiten Nepal SF TGFOP1 Typ Kanchanjangha! Dieser hochwertige Schwarztee aus den H\u00f6hen Nepals begeistert mit betont floralen Nuancen.","robots":{"index":"index","follow":"follow","max-snippet":"max-snippet:-1","max-image-preview":"max-image-preview:large","max-video-preview":"max-video-preview:-1"},"canonical":"https:\/\/teasense.ch\/fr\/produit\/nepal-sf-tgfop1-kanchanjangha\/","og_locale":"fr_FR","og_type":"article","og_title":"Nepal SF TGFOP1 Typ Kanchanjangha - TeaSense.ch - Tee Shop Schweiz","og_description":"Entdecke den exquisiten Nepal SF TGFOP1 Typ Kanchanjangha! Dieser hochwertige Schwarztee aus den H\u00f6hen Nepals begeistert mit betont floralen Nuancen.","og_url":"https:\/\/teasense.ch\/fr\/produit\/nepal-sf-tgfop1-kanchanjangha\/","og_site_name":"TeaSense.ch - Tee Shop Schweiz","article_publisher":"https:\/\/www.facebook.com\/teasense.ch","article_modified_time":"2025-08-23T08:12:12+00:00","og_image":[{"width":800,"height":800,"url":"https:\/\/teasense.ch\/wp-content\/uploads\/2024\/10\/nepal-sf-tgfop1-typ-kanchanjangha-lose.png","type":"image\/png"}],"twitter_card":"summary_large_image","twitter_misc":{"Est. reading time":"3 minutes"},"schema":{"@context":"https:\/\/schema.org","@graph":[{"@type":"WebPage","@id":"https:\/\/teasense.ch\/fr\/produit\/nepal-sf-tgfop1-kanchanjangha\/","url":"https:\/\/teasense.ch\/fr\/produit\/nepal-sf-tgfop1-kanchanjangha\/","name":"Nepal SF TGFOP1 Typ Kanchanjangha - TeaSense.ch - Tee Shop Schweiz","isPartOf":{"@id":"https:\/\/teasense.ch\/fr\/#website"},"primaryImageOfPage":{"@id":"https:\/\/teasense.ch\/fr\/produit\/nepal-sf-tgfop1-kanchanjangha\/#primaryimage"},"image":{"@id":"https:\/\/teasense.ch\/fr\/produit\/nepal-sf-tgfop1-kanchanjangha\/#primaryimage"},"thumbnailUrl":"https:\/\/teasense.ch\/wp-content\/uploads\/2024\/10\/nepal-sf-tgfop1-typ-kanchanjangha-lose.png","datePublished":"2024-10-22T11:30:16+00:00","dateModified":"2025-08-23T08:12:12+00:00","description":"Entdecke den exquisiten Nepal SF TGFOP1 Typ Kanchanjangha! Dieser hochwertige Schwarztee aus den H\u00f6hen Nepals begeistert mit betont floralen Nuancen.","breadcrumb":{"@id":"https:\/\/teasense.ch\/fr\/produit\/nepal-sf-tgfop1-kanchanjangha\/#breadcrumb"},"inLanguage":"fr-CH","potentialAction":[{"@type":"ReadAction","target":["https:\/\/teasense.ch\/fr\/produit\/nepal-sf-tgfop1-kanchanjangha\/"]}]},{"@type":"ImageObject","inLanguage":"fr-CH","@id":"https:\/\/teasense.ch\/fr\/produit\/nepal-sf-tgfop1-kanchanjangha\/#primaryimage","url":"https:\/\/teasense.ch\/wp-content\/uploads\/2024\/10\/nepal-sf-tgfop1-typ-kanchanjangha-lose.png","contentUrl":"https:\/\/teasense.ch\/wp-content\/uploads\/2024\/10\/nepal-sf-tgfop1-typ-kanchanjangha-lose.png","width":800,"height":800,"caption":"Nepal SF TGFOP1 Typ Kanchanjangha lose"},{"@type":"BreadcrumbList","@id":"https:\/\/teasense.ch\/fr\/produit\/nepal-sf-tgfop1-kanchanjangha\/#breadcrumb","itemListElement":[{"@type":"ListItem","position":1,"name":"Startseite","item":"https:\/\/teasense.ch\/fr\/startseite\/"},{"@type":"ListItem","position":2,"name":"Boutique de th\u00e9 en ligne","item":"https:\/\/teasense.ch\/fr\/shop\/"},{"@type":"ListItem","position":3,"name":"Nepal SF TGFOP1 Typ Kanchanjangha"}]},{"@type":"WebSite","@id":"https:\/\/teasense.ch\/fr\/#website","url":"https:\/\/teasense.ch\/fr\/","name":"TeaSense.ch","description":"Nat\u00fcrliche Teemischungen und klassischer Tee","publisher":{"@id":"https:\/\/teasense.ch\/fr\/#organization"},"alternateName":"TeaSense","potentialAction":[{"@type":"SearchAction","target":{"@type":"EntryPoint","urlTemplate":"https:\/\/teasense.ch\/fr\/?s={search_term_string}"},"query-input":{"@type":"PropertyValueSpecification","valueRequired":true,"valueName":"search_term_string"}}],"inLanguage":"fr-CH"},{"@type":"Organization","@id":"https:\/\/teasense.ch\/fr\/#organization","name":"Reale Selection","alternateName":"TeaSense.ch","url":"https:\/\/teasense.ch\/fr\/","logo":{"@type":"ImageObject","inLanguage":"fr-CH","@id":"https:\/\/teasense.ch\/fr\/#\/schema\/logo\/image\/","url":"https:\/\/teasense.ch\/wp-content\/uploads\/2023\/07\/cropped-logo-teasense-kategorie-onlineshop-alle-produkte.jpg","contentUrl":"https:\/\/teasense.ch\/wp-content\/uploads\/2023\/07\/cropped-logo-teasense-kategorie-onlineshop-alle-produkte.jpg","width":512,"height":512,"caption":"Reale Selection"},"image":{"@id":"https:\/\/teasense.ch\/fr\/#\/schema\/logo\/image\/"},"sameAs":["https:\/\/www.facebook.com\/teasense.ch"]}]}},"jetpack-related-posts":[{"id":48557,"url":"https:\/\/teasense.ch\/en\/produit\/mate-cup-ceramic-marble-green\/","url_meta":{"origin":43182,"position":0},"title":"Mate Cup Ceramic \u2013 Marble Green","author":"Reale Selection","date":"10. November 2025","format":false,"excerpt":"Material: ceramic Colour: marbled green glaze Capacity: 350 ml","rel":"","context":"Similar post","block_context":{"text":"Similar post","link":""},"img":{"alt_text":"Mate Becher aus Keramik mit Marmor Design Gr\u00fcn","src":"https:\/\/i0.wp.com\/teasense.ch\/wp-content\/uploads\/2025\/11\/mate-becher-keramik.png?resize=350%2C200&ssl=1","width":350,"height":200,"srcset":"https:\/\/i0.wp.com\/teasense.ch\/wp-content\/uploads\/2025\/11\/mate-becher-keramik.png?resize=350%2C200&ssl=1 1x, https:\/\/i0.wp.com\/teasense.ch\/wp-content\/uploads\/2025\/11\/mate-becher-keramik.png?resize=525%2C300&ssl=1 1.5x, https:\/\/i0.wp.com\/teasense.ch\/wp-content\/uploads\/2025\/11\/mate-becher-keramik.png?resize=700%2C400&ssl=1 2x"},"classes":[]},{"id":48132,"url":"https:\/\/teasense.ch\/fr\/produit\/cadeau-the-entreprise\/","url_meta":{"origin":43182,"position":1},"title":"Cadeau th\u00e9 entreprise","author":"Reale Selection","date":"2. March 2026","format":false,"excerpt":"100 g d\u2019un m\u00e9lange de th\u00e9 s\u00e9lectionn\u00e9 Choix entre trois vari\u00e9t\u00e9s Emball\u00e9 dans un sachet kraft avec fen\u00eatre Commander de 20 \u00e0 100 pi\u00e8ces sur la boutique D\u00e9lai de livraison env. 14 jours ouvrables","rel":"","context":"Similar post","block_context":{"text":"Similar post","link":""},"img":{"alt_text":"Auswahl Tee Kundengeschenke Schwarztee Kr\u00e4utertee Fr\u00fcchtetee","src":"https:\/\/i0.wp.com\/teasense.ch\/wp-content\/uploads\/2026\/03\/auswahl-tee-kundengeschenke.png?resize=350%2C200&ssl=1","width":350,"height":200,"srcset":"https:\/\/i0.wp.com\/teasense.ch\/wp-content\/uploads\/2026\/03\/auswahl-tee-kundengeschenke.png?resize=350%2C200&ssl=1 1x, https:\/\/i0.wp.com\/teasense.ch\/wp-content\/uploads\/2026\/03\/auswahl-tee-kundengeschenke.png?resize=525%2C300&ssl=1 1.5x, https:\/\/i0.wp.com\/teasense.ch\/wp-content\/uploads\/2026\/03\/auswahl-tee-kundengeschenke.png?resize=700%2C400&ssl=1 2x"},"classes":[]},{"id":48788,"url":"https:\/\/teasense.ch\/fr\/produit\/chai-cacao\/","url_meta":{"origin":43182,"position":2},"title":"Chai au cacao","author":"Reale Selection","date":"30. September 2025","format":false,"excerpt":"Pr\u00e9paration chai au cacao \ud83e\udd44 12\u201315 g\/l \ud83c\udf21\ufe0f 100 \u00b0C \u23f3 7\u201310 minutes","rel":"","context":"Similar post","block_context":{"text":"Similar post","link":""},"img":{"alt_text":"Kakao Chai Gew\u00fcrz und Kr\u00e4uter Tee mit Kakao Geschmack","src":"https:\/\/i0.wp.com\/teasense.ch\/wp-content\/uploads\/2025\/09\/kakau1.png?resize=350%2C200&ssl=1","width":350,"height":200,"srcset":"https:\/\/i0.wp.com\/teasense.ch\/wp-content\/uploads\/2025\/09\/kakau1.png?resize=350%2C200&ssl=1 1x, https:\/\/i0.wp.com\/teasense.ch\/wp-content\/uploads\/2025\/09\/kakau1.png?resize=525%2C300&ssl=1 1.5x, https:\/\/i0.wp.com\/teasense.ch\/wp-content\/uploads\/2025\/09\/kakau1.png?resize=700%2C400&ssl=1 2x"},"classes":[]},{"id":48685,"url":"https:\/\/teasense.ch\/fr\/produit\/the-earl-grey-darjeeling\/","url_meta":{"origin":43182,"position":3},"title":"Th\u00e9 Earl Grey Darjeeling","author":"Reale Selection","date":"12. October 2025","format":false,"excerpt":"Pr\u00e9paration Earl Grey Darjeeling \ud83e\udd44 1 cuill\u00e8re \u00e0 caf\u00e9 pour 200 ml\ud83c\udf21\ufe0f 100 \u00b0C\u23f3 3 minutes","rel":"","context":"Similar post","block_context":{"text":"Similar post","link":""},"img":{"alt_text":"Earl Grey Darjeeling \u2013 klassischer Schwarztee mit feinem Bergamotte-Duft","src":"https:\/\/i0.wp.com\/teasense.ch\/wp-content\/uploads\/2025\/10\/produktfoto-5.png?resize=350%2C200&ssl=1","width":350,"height":200,"srcset":"https:\/\/i0.wp.com\/teasense.ch\/wp-content\/uploads\/2025\/10\/produktfoto-5.png?resize=350%2C200&ssl=1 1x, https:\/\/i0.wp.com\/teasense.ch\/wp-content\/uploads\/2025\/10\/produktfoto-5.png?resize=525%2C300&ssl=1 1.5x, https:\/\/i0.wp.com\/teasense.ch\/wp-content\/uploads\/2025\/10\/produktfoto-5.png?resize=700%2C400&ssl=1 2x"},"classes":[]},{"id":49003,"url":"https:\/\/teasense.ch\/fr\/produit\/tisane-reine-des-pres\/","url_meta":{"origin":43182,"position":4},"title":"Tisane de Reine-des-pr\u00e9s","author":"Reale Selection","date":"14. September 2025","format":false,"excerpt":"\ud83e\udd44 1\u20132 cuill\u00e8res \u00e0 caf\u00e9 par tasse \ud83c\udf21\ufe0f 95\u2013100 \u00b0C \u23f3 8\u201310 minutes","rel":"","context":"Similar post","block_context":{"text":"Similar post","link":""},"img":{"alt_text":"M\u00e4des\u00fcssbl\u00fcten mit Kraut bio gerebelt, Spierblume, Wiesengeissbart, spireae ulmariae flos cum herba","src":"https:\/\/i0.wp.com\/teasense.ch\/wp-content\/uploads\/2025\/09\/maedesuessblueten-mit-kraut-bio-gerebelt-spierblume-wiesengeissbart-spireae-ulmariae-flos-cum-herba.png?resize=350%2C200&ssl=1","width":350,"height":200,"srcset":"https:\/\/i0.wp.com\/teasense.ch\/wp-content\/uploads\/2025\/09\/maedesuessblueten-mit-kraut-bio-gerebelt-spierblume-wiesengeissbart-spireae-ulmariae-flos-cum-herba.png?resize=350%2C200&ssl=1 1x, https:\/\/i0.wp.com\/teasense.ch\/wp-content\/uploads\/2025\/09\/maedesuessblueten-mit-kraut-bio-gerebelt-spierblume-wiesengeissbart-spireae-ulmariae-flos-cum-herba.png?resize=525%2C300&ssl=1 1.5x, https:\/\/i0.wp.com\/teasense.ch\/wp-content\/uploads\/2025\/09\/maedesuessblueten-mit-kraut-bio-gerebelt-spierblume-wiesengeissbart-spireae-ulmariae-flos-cum-herba.png?resize=700%2C400&ssl=1 2x"},"classes":[]},{"id":49035,"url":"https:\/\/teasense.ch\/fr\/produit\/box-degustation-thes\/","url_meta":{"origin":43182,"position":5},"title":"Box d\u00e9gustation de th\u00e9s","author":"Reale Selection","date":"27. August 2025","format":false,"excerpt":"\ud83e\udd44 Selon le type de th\u00e9 \ud83c\udf21\ufe0f Selon le type de th\u00e9 \u23f3 Suivre les instructions de chaque th\u00e9","rel":"","context":"Similar post","block_context":{"text":"Similar post","link":""},"img":{"alt_text":"Tee Box - handverlesene Teesorten inklusive Teetassenbeuteln","src":"https:\/\/i0.wp.com\/teasense.ch\/wp-content\/uploads\/2025\/08\/teebox.png?resize=350%2C200&ssl=1","width":350,"height":200,"srcset":"https:\/\/i0.wp.com\/teasense.ch\/wp-content\/uploads\/2025\/08\/teebox.png?resize=350%2C200&ssl=1 1x, https:\/\/i0.wp.com\/teasense.ch\/wp-content\/uploads\/2025\/08\/teebox.png?resize=525%2C300&ssl=1 1.5x, https:\/\/i0.wp.com\/teasense.ch\/wp-content\/uploads\/2025\/08\/teebox.png?resize=700%2C400&ssl=1 2x"},"classes":[]}],"jetpack_sharing_enabled":true,"jetpack_likes_enabled":false,"_links":{"self":[{"href":"https:\/\/teasense.ch\/fr\/wp-json\/wp\/v2\/product\/43182","targetHints":{"allow":["GET"]}}],"collection":[{"href":"https:\/\/teasense.ch\/fr\/wp-json\/wp\/v2\/product"}],"about":[{"href":"https:\/\/teasense.ch\/fr\/wp-json\/wp\/v2\/types\/product"}],"replies":[{"embeddable":true,"href":"https:\/\/teasense.ch\/fr\/wp-json\/wp\/v2\/comments?post=43182"}],"wp:featuredmedia":[{"embeddable":true,"href":"https:\/\/teasense.ch\/fr\/wp-json\/wp\/v2\/media\/43476"}],"wp:attachment":[{"href":"https:\/\/teasense.ch\/fr\/wp-json\/wp\/v2\/media?parent=43182"}],"wp:term":[{"taxonomy":"product_brand","embeddable":true,"href":"https:\/\/teasense.ch\/fr\/wp-json\/wp\/v2\/product_brand?post=43182"},{"taxonomy":"product_cat","embeddable":true,"href":"https:\/\/teasense.ch\/fr\/wp-json\/wp\/v2\/product_cat?post=43182"},{"taxonomy":"product_tag","embeddable":true,"href":"https:\/\/teasense.ch\/fr\/wp-json\/wp\/v2\/product_tag?post=43182"}],"curies":[{"name":"wp","href":"https:\/\/api.w.org\/{rel}","templated":true}]}}