{"id":43190,"date":"2024-10-22T15:37:22","date_gmt":"2024-10-22T13:37:22","guid":{"rendered":"https:\/\/teasense.ch\/?post_type=product&#038;p=43190"},"modified":"2025-11-10T20:03:00","modified_gmt":"2025-11-10T19:03:00","slug":"lavendelbeeren","status":"publish","type":"product","link":"https:\/\/teasense.ch\/fr\/produit\/lavendelbeeren\/","title":{"rendered":"Lavendelbeeren &#8211; Fr\u00fcchtetee"},"content":{"rendered":"<h2>Lavendelbeeren \u2013 Ein fruchtig-blumiger Genuss<\/h2>\n<p>Erlebe die harmonische Kombination aus fruchtigen und blumigen Aromen mit Lavendelbeeren! Diese exquisite Teemischung vereint sorgf\u00e4ltig ausgew\u00e4hlte Zutaten, die nicht nur k\u00f6stlich schmecken, sondern auch das Herz erfreuen. Die Verbindung von aromatischen Apfelst\u00fccken, zarter Lavendelbl\u00fcte und s\u00fcssen Heidelbeeren schafft ein einzigartiges Geschmackserlebnis.<\/p>\n<h3>Hochwertige Zutaten f\u00fcr besten Genuss<\/h3>\n<p>Die Lavendelbeeren Teemischung besteht aus:<\/p>\n<ul>\n<li><strong>Apfelst\u00fccke<\/strong>: Sie bringen eine s\u00fcsse, fruchtige Note in die Mischung und sorgen f\u00fcr ein erfrischendes Geschmackserlebnis.<\/li>\n<li><strong>Rote Bete<\/strong>: Sie f\u00fcgt eine interessante Erdigkeit und eine sch\u00f6ne Farbe hinzu, die den Tee optisch ansprechend macht.<\/li>\n<li><strong>Hagebuttenschalen<\/strong>: Diese verleihen eine milde Note und sind bekannt f\u00fcr ihre nat\u00fcrlichen Eigenschaften.<\/li>\n<li><strong>Lavendelbl\u00fcten (5%)<\/strong>: Sie sorgen f\u00fcr einen blumigen Duft und Geschmack, der die Sinne verzaubert.<\/li>\n<li><strong>Hibiskus<\/strong>: Seine spritzige Frische bringt eine lebendige, rubinrote Farbe in die Tasse.<\/li>\n<li><strong>Heidelbeeren (2%)<\/strong>: Diese kleinen Fr\u00fcchte sind bekannt f\u00fcr ihren s\u00fcssen Geschmack.<\/li>\n<li><strong>Holunderbeeren<\/strong>: Sie erg\u00e4nzen die Mischung mit ihrer fruchtigen S\u00fcsse und sind ein wunderbarer Geschmackstr\u00e4ger.<\/li>\n<li><strong>Nat\u00fcrliches Heidelbeer- und Brombeeraroma<\/strong>: Diese Aromen intensivieren den fruchtigen Genuss und runden das Geschmackserlebnis ab.<\/li>\n<li><strong>Rosenbl\u00fctenbl\u00e4tter<\/strong>: Sie verleihen der Mischung eine blumige Note und sorgen f\u00fcr eine harmonische Balance.<\/li>\n<\/ul>\n<h3>Lavendelbeeren &#8211; ein Tee f\u00fcr jede Gelegenheit<\/h3>\n<p>Die Lavendelbeeren eignen sich hervorragend f\u00fcr jede Tageszeit. Ob beim Entspannen am Nachmittag oder als erfrischender Genuss nach einem langen Tag \u2013 dieser Tee bringt Freude und Genuss in dein Leben. Auch als k\u00fchler Eistee im Sommer ist er ein echter Hit!<\/p>\n<h3>Zubereitung f\u00fcr das perfekte Erlebnis<\/h3>\n<p>Um den vollen Geschmack der Lavendelbeeren zu entfalten, \u00fcbergiess einen Teel\u00f6ffel der Mischung mit heissem Wasser (ca. 100 \u00b0C). Lass den Tee 8 &#8211; 10 Minuten ziehen, damit sich die Aromen vollst\u00e4ndig entfalten k\u00f6nnen. Du kannst ihn pur geniessen oder mit einem Spritzer Zitrone f\u00fcr einen zus\u00e4tzlichen Frischekick verfeinern! Experimentiere mit der Ziehzeit, um die f\u00fcr dich perfekte Balance zwischen Fruchtigkeit und Bl\u00fctenaroma zu finden.<\/p>\n","protected":false},"excerpt":{"rendered":"<h4>Zubereitung Fr\u00fcchtetee Lavendelbeeren<\/h4>\n<p>\ud83e\udd44 1 TL pro Tasse<br \/>\n\ud83c\udf21\ufe0f 100\u00b0C<br \/>\n\u23f3 8 &#8211; 10 Minuten<\/p>\n","protected":false},"featured_media":43496,"comment_status":"open","ping_status":"closed","template":"","meta":{"_et_pb_use_builder":"","_et_pb_old_content":"","_et_gb_content_width":""},"product_brand":[],"product_cat":[74,151,19],"product_tag":[],"class_list":{"0":"post-43190","1":"product","2":"type-product","3":"status-publish","4":"has-post-thumbnail","6":"product_cat-alle-produkte","7":"product_cat-fruechtetee","8":"product_cat-tee","9":"pa_herkunft-deutschland","10":"pa_weight-100-g","11":"pa_weight-200-g","12":"pa_weight-400-g","13":"pa_weight-50-g","15":"first","16":"instock","17":"shipping-taxable","18":"purchasable","19":"product-type-variable","20":"has-default-attributes","21":"add-to-wishlist-before_image"},"yoast_head":"<!-- This site is optimized with the Yoast SEO plugin v27.4 - https:\/\/yoast.com\/product\/yoast-seo-wordpress\/ -->\n<title>Lavendelbeeren - Fr\u00fcchtetee - TeaSense.ch - Tee Shop Schweiz<\/title>\n<meta name=\"description\" content=\"Entdecke Lavendelbeeren \u2013 eine fruchtig-blumige Teemischung aus Apfelst\u00fccken, Lavendelbl\u00fcten, Heidelbeeren und Hibiskus. Ideal f\u00fcr k\u00f6stliche Genussmomente.\" \/>\n<meta name=\"robots\" content=\"index, follow, max-snippet:-1, max-image-preview:large, max-video-preview:-1\" \/>\n<link rel=\"canonical\" href=\"https:\/\/teasense.ch\/fr\/produit\/lavendelbeeren\/\" \/>\n<meta property=\"og:locale\" content=\"fr_FR\" \/>\n<meta property=\"og:type\" content=\"article\" \/>\n<meta property=\"og:title\" content=\"Lavendelbeeren - Fr\u00fcchtetee - TeaSense.ch - Tee Shop Schweiz\" \/>\n<meta property=\"og:description\" content=\"Entdecke Lavendelbeeren \u2013 eine fruchtig-blumige Teemischung aus Apfelst\u00fccken, Lavendelbl\u00fcten, Heidelbeeren und Hibiskus. Ideal f\u00fcr k\u00f6stliche Genussmomente.\" \/>\n<meta property=\"og:url\" content=\"https:\/\/teasense.ch\/fr\/produit\/lavendelbeeren\/\" \/>\n<meta property=\"og:site_name\" content=\"TeaSense.ch - Tee Shop Schweiz\" \/>\n<meta property=\"article:publisher\" content=\"https:\/\/www.facebook.com\/teasense.ch\" \/>\n<meta property=\"article:modified_time\" content=\"2025-11-10T19:03:00+00:00\" \/>\n<meta property=\"og:image\" content=\"https:\/\/teasense.ch\/wp-content\/uploads\/2024\/10\/produktfoto.png\" \/>\n\t<meta property=\"og:image:width\" content=\"800\" \/>\n\t<meta property=\"og:image:height\" content=\"800\" \/>\n\t<meta property=\"og:image:type\" content=\"image\/png\" \/>\n<meta name=\"twitter:card\" content=\"summary_large_image\" \/>\n<meta name=\"twitter:label1\" content=\"Est. reading time\" \/>\n\t<meta name=\"twitter:data1\" content=\"2 minutes\" \/>\n<!-- \/ Yoast SEO plugin. -->","yoast_head_json":{"title":"Lavendelbeeren - Fr\u00fcchtetee - TeaSense.ch - Tee Shop Schweiz","description":"Entdecke Lavendelbeeren \u2013 eine fruchtig-blumige Teemischung aus Apfelst\u00fccken, Lavendelbl\u00fcten, Heidelbeeren und Hibiskus. Ideal f\u00fcr k\u00f6stliche Genussmomente.","robots":{"index":"index","follow":"follow","max-snippet":"max-snippet:-1","max-image-preview":"max-image-preview:large","max-video-preview":"max-video-preview:-1"},"canonical":"https:\/\/teasense.ch\/fr\/produit\/lavendelbeeren\/","og_locale":"fr_FR","og_type":"article","og_title":"Lavendelbeeren - Fr\u00fcchtetee - TeaSense.ch - Tee Shop Schweiz","og_description":"Entdecke Lavendelbeeren \u2013 eine fruchtig-blumige Teemischung aus Apfelst\u00fccken, Lavendelbl\u00fcten, Heidelbeeren und Hibiskus. Ideal f\u00fcr k\u00f6stliche Genussmomente.","og_url":"https:\/\/teasense.ch\/fr\/produit\/lavendelbeeren\/","og_site_name":"TeaSense.ch - Tee Shop Schweiz","article_publisher":"https:\/\/www.facebook.com\/teasense.ch","article_modified_time":"2025-11-10T19:03:00+00:00","og_image":[{"width":800,"height":800,"url":"https:\/\/teasense.ch\/wp-content\/uploads\/2024\/10\/produktfoto.png","type":"image\/png"}],"twitter_card":"summary_large_image","twitter_misc":{"Est. reading time":"2 minutes"},"schema":{"@context":"https:\/\/schema.org","@graph":[{"@type":"WebPage","@id":"https:\/\/teasense.ch\/fr\/produit\/lavendelbeeren\/","url":"https:\/\/teasense.ch\/fr\/produit\/lavendelbeeren\/","name":"Lavendelbeeren - Fr\u00fcchtetee - TeaSense.ch - Tee Shop Schweiz","isPartOf":{"@id":"https:\/\/teasense.ch\/fr\/#website"},"primaryImageOfPage":{"@id":"https:\/\/teasense.ch\/fr\/produit\/lavendelbeeren\/#primaryimage"},"image":{"@id":"https:\/\/teasense.ch\/fr\/produit\/lavendelbeeren\/#primaryimage"},"thumbnailUrl":"https:\/\/teasense.ch\/wp-content\/uploads\/2024\/10\/produktfoto.png","datePublished":"2024-10-22T13:37:22+00:00","dateModified":"2025-11-10T19:03:00+00:00","description":"Entdecke Lavendelbeeren \u2013 eine fruchtig-blumige Teemischung aus Apfelst\u00fccken, Lavendelbl\u00fcten, Heidelbeeren und Hibiskus. Ideal f\u00fcr k\u00f6stliche Genussmomente.","breadcrumb":{"@id":"https:\/\/teasense.ch\/fr\/produit\/lavendelbeeren\/#breadcrumb"},"inLanguage":"fr-CH","potentialAction":[{"@type":"ReadAction","target":["https:\/\/teasense.ch\/fr\/produit\/lavendelbeeren\/"]}]},{"@type":"ImageObject","inLanguage":"fr-CH","@id":"https:\/\/teasense.ch\/fr\/produit\/lavendelbeeren\/#primaryimage","url":"https:\/\/teasense.ch\/wp-content\/uploads\/2024\/10\/produktfoto.png","contentUrl":"https:\/\/teasense.ch\/wp-content\/uploads\/2024\/10\/produktfoto.png","width":800,"height":800,"caption":"Lavendelbeeren Teemischung"},{"@type":"BreadcrumbList","@id":"https:\/\/teasense.ch\/fr\/produit\/lavendelbeeren\/#breadcrumb","itemListElement":[{"@type":"ListItem","position":1,"name":"Startseite","item":"https:\/\/teasense.ch\/fr\/startseite\/"},{"@type":"ListItem","position":2,"name":"Boutique de th\u00e9 en ligne","item":"https:\/\/teasense.ch\/fr\/shop\/"},{"@type":"ListItem","position":3,"name":"Lavendelbeeren &#8211; Fr\u00fcchtetee"}]},{"@type":"WebSite","@id":"https:\/\/teasense.ch\/fr\/#website","url":"https:\/\/teasense.ch\/fr\/","name":"TeaSense.ch","description":"Nat\u00fcrliche Teemischungen und klassischer Tee","publisher":{"@id":"https:\/\/teasense.ch\/fr\/#organization"},"alternateName":"TeaSense","potentialAction":[{"@type":"SearchAction","target":{"@type":"EntryPoint","urlTemplate":"https:\/\/teasense.ch\/fr\/?s={search_term_string}"},"query-input":{"@type":"PropertyValueSpecification","valueRequired":true,"valueName":"search_term_string"}}],"inLanguage":"fr-CH"},{"@type":"Organization","@id":"https:\/\/teasense.ch\/fr\/#organization","name":"Reale Selection","alternateName":"TeaSense.ch","url":"https:\/\/teasense.ch\/fr\/","logo":{"@type":"ImageObject","inLanguage":"fr-CH","@id":"https:\/\/teasense.ch\/fr\/#\/schema\/logo\/image\/","url":"https:\/\/teasense.ch\/wp-content\/uploads\/2023\/07\/cropped-logo-teasense-kategorie-onlineshop-alle-produkte.jpg","contentUrl":"https:\/\/teasense.ch\/wp-content\/uploads\/2023\/07\/cropped-logo-teasense-kategorie-onlineshop-alle-produkte.jpg","width":512,"height":512,"caption":"Reale Selection"},"image":{"@id":"https:\/\/teasense.ch\/fr\/#\/schema\/logo\/image\/"},"sameAs":["https:\/\/www.facebook.com\/teasense.ch"]}]}},"jetpack-related-posts":[{"id":48095,"url":"https:\/\/teasense.ch\/it\/produit\/tisana-dormiglione\/","url_meta":{"origin":43190,"position":0},"title":"Tisana Dormiglione","author":"Reale Selection","date":"23. October 2024","format":false,"excerpt":"Preparazione Tisana Dormiglione \ud83e\udd44 1 cucchiaino per tazza (14g\/litro)\ud83c\udf21\ufe0f 100 \u00b0C\u23f3 5 minuti","rel":"","context":"Similar post","block_context":{"text":"Similar post","link":""},"img":{"alt_text":"Schlafm\u00fctze Kr\u00e4utertee weisser Hintergrund","src":"https:\/\/i0.wp.com\/teasense.ch\/wp-content\/uploads\/2024\/10\/schlafmuetze-kraeutertee-weisser-hintergrund.png?resize=350%2C200&ssl=1","width":350,"height":200,"srcset":"https:\/\/i0.wp.com\/teasense.ch\/wp-content\/uploads\/2024\/10\/schlafmuetze-kraeutertee-weisser-hintergrund.png?resize=350%2C200&ssl=1 1x, https:\/\/i0.wp.com\/teasense.ch\/wp-content\/uploads\/2024\/10\/schlafmuetze-kraeutertee-weisser-hintergrund.png?resize=525%2C300&ssl=1 1.5x, https:\/\/i0.wp.com\/teasense.ch\/wp-content\/uploads\/2024\/10\/schlafmuetze-kraeutertee-weisser-hintergrund.png?resize=700%2C400&ssl=1 2x"},"classes":[]},{"id":48103,"url":"https:\/\/teasense.ch\/it\/produit\/abbonamento-te\/","url_meta":{"origin":43190,"position":1},"title":"Abbonamento t\u00e8","author":"Reale Selection","date":"25. January 2024","format":false,"excerpt":"\ud83c\udf3f Due tipi di t\u00e8 al mese \ud83d\udcc5 Durata liberamente selezionabile \ud83d\udc8c Personale & personalizzato \ud83c\udf81 Perfetto come regalo Seleziona il numero di mesi desiderato:","rel":"","context":"Similar post","block_context":{"text":"Similar post","link":""},"img":{"alt_text":"Abbonamento al t\u00e8 Scatola di spedizione Teasense Svizzera","src":"https:\/\/i0.wp.com\/teasense.ch\/wp-content\/uploads\/2024\/01\/Tee-Abo-Teasense-Versandbox.png?resize=350%2C200&ssl=1","width":350,"height":200,"srcset":"https:\/\/i0.wp.com\/teasense.ch\/wp-content\/uploads\/2024\/01\/Tee-Abo-Teasense-Versandbox.png?resize=350%2C200&ssl=1 1x, https:\/\/i0.wp.com\/teasense.ch\/wp-content\/uploads\/2024\/01\/Tee-Abo-Teasense-Versandbox.png?resize=525%2C300&ssl=1 1.5x, https:\/\/i0.wp.com\/teasense.ch\/wp-content\/uploads\/2024\/01\/Tee-Abo-Teasense-Versandbox.png?resize=700%2C400&ssl=1 2x"},"classes":[]},{"id":48120,"url":"https:\/\/teasense.ch\/it\/produit\/kundengeschenk-tee\/","url_meta":{"origin":43190,"position":2},"title":"Regalo t\u00e8 aziendale","author":"Reale Selection","date":"2. March 2026","format":false,"excerpt":"100 g di una miscela di t\u00e8 selezionata Scelta tra tre variet\u00e0 Confezionato in sacchetto kraft con finestra Da 20 pezzi - ordina 100 pezzi nello shop Tempi di consegna ca. 14 giorni lavorativi","rel":"","context":"Similar post","block_context":{"text":"Similar post","link":""},"img":{"alt_text":"Auswahl Tee Kundengeschenke Schwarztee Kr\u00e4utertee Fr\u00fcchtetee","src":"https:\/\/i0.wp.com\/teasense.ch\/wp-content\/uploads\/2026\/03\/auswahl-tee-kundengeschenke.png?resize=350%2C200&ssl=1","width":350,"height":200,"srcset":"https:\/\/i0.wp.com\/teasense.ch\/wp-content\/uploads\/2026\/03\/auswahl-tee-kundengeschenke.png?resize=350%2C200&ssl=1 1x, https:\/\/i0.wp.com\/teasense.ch\/wp-content\/uploads\/2026\/03\/auswahl-tee-kundengeschenke.png?resize=525%2C300&ssl=1 1.5x, https:\/\/i0.wp.com\/teasense.ch\/wp-content\/uploads\/2026\/03\/auswahl-tee-kundengeschenke.png?resize=700%2C400&ssl=1 2x"},"classes":[]},{"id":48162,"url":"https:\/\/teasense.ch\/fr\/produit\/abonnement-the\/","url_meta":{"origin":43190,"position":3},"title":"Abonnement de th\u00e9","author":"Reale Selection","date":"25. January 2024","format":false,"excerpt":"\ud83c\udf3f Deux vari\u00e9t\u00e9s de th\u00e9 par mois \ud83d\udcc5 Dur\u00e9e librement choisie \ud83d\udc8c Personnel & sur mesure \ud83c\udf81 Parfait comme cadeau Choisissez le nombre de mois souhait\u00e9 :","rel":"","context":"Similar post","block_context":{"text":"Similar post","link":""},"img":{"alt_text":"Abbonamento al t\u00e8 Scatola di spedizione Teasense Svizzera","src":"https:\/\/i0.wp.com\/teasense.ch\/wp-content\/uploads\/2024\/01\/Tee-Abo-Teasense-Versandbox.png?resize=350%2C200&ssl=1","width":350,"height":200,"srcset":"https:\/\/i0.wp.com\/teasense.ch\/wp-content\/uploads\/2024\/01\/Tee-Abo-Teasense-Versandbox.png?resize=350%2C200&ssl=1 1x, https:\/\/i0.wp.com\/teasense.ch\/wp-content\/uploads\/2024\/01\/Tee-Abo-Teasense-Versandbox.png?resize=525%2C300&ssl=1 1.5x, https:\/\/i0.wp.com\/teasense.ch\/wp-content\/uploads\/2024\/01\/Tee-Abo-Teasense-Versandbox.png?resize=700%2C400&ssl=1 2x"},"classes":[]},{"id":48114,"url":"https:\/\/teasense.ch\/en\/produit\/wild-cherry-black-tea\/","url_meta":{"origin":43190,"position":4},"title":"Wild Cherry Black Tea","author":"Reale Selection","date":"17. December 2025","format":false,"excerpt":"Preparation of Wild Cherry Black Tea \ud83e\udd44 1\u20132 tsp per cup (12 g\/L)\ud83c\udf21\ufe0f 100 \u00b0C\u23f3 3 minutes","rel":"","context":"Similar post","block_context":{"text":"Similar post","link":""},"img":{"alt_text":"Schwarztee Wildkirsche Nat\u00fcrliche Teemischung","src":"https:\/\/i0.wp.com\/teasense.ch\/wp-content\/uploads\/2025\/12\/schwarztee-wildkirsche.png?resize=350%2C200&ssl=1","width":350,"height":200,"srcset":"https:\/\/i0.wp.com\/teasense.ch\/wp-content\/uploads\/2025\/12\/schwarztee-wildkirsche.png?resize=350%2C200&ssl=1 1x, https:\/\/i0.wp.com\/teasense.ch\/wp-content\/uploads\/2025\/12\/schwarztee-wildkirsche.png?resize=525%2C300&ssl=1 1.5x, https:\/\/i0.wp.com\/teasense.ch\/wp-content\/uploads\/2025\/12\/schwarztee-wildkirsche.png?resize=700%2C400&ssl=1 2x"},"classes":[]},{"id":48156,"url":"https:\/\/teasense.ch\/fr\/produit\/the-noir-cerise-sauvage\/","url_meta":{"origin":43190,"position":5},"title":"Th\u00e9 noir cerise sauvage","author":"Reale Selection","date":"17. December 2025","format":false,"excerpt":"Pr\u00e9paration th\u00e9 noir cerise sauvage naturel \ud83e\udd44 1 \u2013 2 c. \u00e0 c. par tasse (12 g\/litre)\ud83c\udf21\ufe0f 100 \u00b0C\u23f3 3 minutes","rel":"","context":"Similar post","block_context":{"text":"Similar post","link":""},"img":{"alt_text":"Schwarztee Wildkirsche Nat\u00fcrliche Teemischung","src":"https:\/\/i0.wp.com\/teasense.ch\/wp-content\/uploads\/2025\/12\/schwarztee-wildkirsche.png?resize=350%2C200&ssl=1","width":350,"height":200,"srcset":"https:\/\/i0.wp.com\/teasense.ch\/wp-content\/uploads\/2025\/12\/schwarztee-wildkirsche.png?resize=350%2C200&ssl=1 1x, https:\/\/i0.wp.com\/teasense.ch\/wp-content\/uploads\/2025\/12\/schwarztee-wildkirsche.png?resize=525%2C300&ssl=1 1.5x, https:\/\/i0.wp.com\/teasense.ch\/wp-content\/uploads\/2025\/12\/schwarztee-wildkirsche.png?resize=700%2C400&ssl=1 2x"},"classes":[]}],"jetpack_sharing_enabled":true,"jetpack_likes_enabled":false,"_links":{"self":[{"href":"https:\/\/teasense.ch\/fr\/wp-json\/wp\/v2\/product\/43190","targetHints":{"allow":["GET"]}}],"collection":[{"href":"https:\/\/teasense.ch\/fr\/wp-json\/wp\/v2\/product"}],"about":[{"href":"https:\/\/teasense.ch\/fr\/wp-json\/wp\/v2\/types\/product"}],"replies":[{"embeddable":true,"href":"https:\/\/teasense.ch\/fr\/wp-json\/wp\/v2\/comments?post=43190"}],"wp:featuredmedia":[{"embeddable":true,"href":"https:\/\/teasense.ch\/fr\/wp-json\/wp\/v2\/media\/43496"}],"wp:attachment":[{"href":"https:\/\/teasense.ch\/fr\/wp-json\/wp\/v2\/media?parent=43190"}],"wp:term":[{"taxonomy":"product_brand","embeddable":true,"href":"https:\/\/teasense.ch\/fr\/wp-json\/wp\/v2\/product_brand?post=43190"},{"taxonomy":"product_cat","embeddable":true,"href":"https:\/\/teasense.ch\/fr\/wp-json\/wp\/v2\/product_cat?post=43190"},{"taxonomy":"product_tag","embeddable":true,"href":"https:\/\/teasense.ch\/fr\/wp-json\/wp\/v2\/product_tag?post=43190"}],"curies":[{"name":"wp","href":"https:\/\/api.w.org\/{rel}","templated":true}]}}