{"id":43234,"date":"2024-10-23T15:43:05","date_gmt":"2024-10-23T13:43:05","guid":{"rendered":"https:\/\/teasense.ch\/?post_type=product&#038;p=43234"},"modified":"2026-04-07T13:12:59","modified_gmt":"2026-04-07T11:12:59","slug":"chai-tea-pur","status":"publish","type":"product","link":"https:\/\/teasense.ch\/fr\/produit\/chai-tea-pur\/","title":{"rendered":"Chai Tea Pur"},"content":{"rendered":"<h3>Chai Tea Pur &#8211; Gew\u00fcrzteemischung (enth\u00e4lt keinen Schwarztee)<\/h3>\n<p>Chai Tea Pur ist eine exquisite Chai Gew\u00fcrzteemischung, die die Aromen und die W\u00fcrze des klassischen indischen Tees perfekt zur Geltung bringt. Diese sorgf\u00e4ltig ausgew\u00e4hlte Mischung vereint verschiedene Zutaten, die zusammen ein unverwechselbares Geschmackserlebnis bieten. Diese Chai Mischung enth\u00e4lt keinen Schwarztee. Sie ist eine Gew\u00fcrzteemischung, die ideal mit Wasser oder mit Milch aufgekocht wird, um ein aromatisches Gew\u00fcrzerlebnis zu erzielen.<\/p>\n<h3>Zusammensetzung Chai Tea Pur<\/h3>\n<p>Diese Chai Mischung besteht aus hochwertigen Zutaten, die diese Mischung zu einem besonderen Erlebnis machen.<\/p>\n<p><strong>Zutaten:<\/strong> Eine Gew\u00fcrzteemischung aus Orangenschalen, Zimtst\u00fccken, Ingwerst\u00fccken, Sternanis, Fenchel, schwarzer Pfeffer, Kardamom, Nelken, S\u00fcssholzwurzel.<\/p>\n<p>Der fruchtige Duft der Orangenschalen harmoniert hervorragend mit der W\u00fcrze des Ingwers und der S\u00fcsse der Zimtst\u00fccke, wodurch ein ausgewogenes Geschmackserlebnis entsteht.<\/p>\n<p><span id=\"output-phrase~0~0\" class=\"extn-css-i3ygs8\"><span data-testid=\"output-word-0-0-0\"><span class=\"extn-css-0\">Diese\u00a0<\/span><\/span><\/span><span id=\"output-phrase~0~1\" class=\"extn-css-i3ygs8\"><span data-testid=\"output-word-1-0-0\"><span class=\"extn-css-0\">Mischung\u00a0<\/span><\/span><\/span><span id=\"output-phrase~0~2\" class=\"extn-css-i3ygs8\"><span data-testid=\"output-word-2-0-0\"><span class=\"extn-css-1tmeul0\">ist\u00a0<\/span><\/span><\/span><span id=\"output-phrase~0~3\" class=\"extn-css-i3ygs8\"><span data-testid=\"output-word-3-0-0\"><span class=\"extn-css-0\">ohne\u00a0<\/span><\/span><\/span><span id=\"output-phrase~0~4\" class=\"extn-css-i3ygs8\"><span data-testid=\"output-word-4-0-0\"><span class=\"extn-css-0\">Schwarztee\u00a0<\/span><\/span><\/span><span id=\"output-phrase~0~5\" class=\"extn-css-i3ygs8\"><span data-testid=\"output-word-5-0-0\"><span class=\"extn-css-1tmeul0\">ideal\u00a0<\/span><\/span><\/span><span id=\"output-phrase~0~6\" class=\"extn-css-i3ygs8\"><span data-testid=\"output-word-6-0-0\"><span class=\"extn-css-0\">f\u00fcr\u00a0<\/span><\/span><\/span><span id=\"output-phrase~0~7\" class=\"extn-css-i3ygs8\"><span data-testid=\"output-word-7-0-0\"><span class=\"extn-css-0\">Teetrinkende,\u00a0<\/span><\/span><\/span><span id=\"output-phrase~0~8\" class=\"extn-css-i3ygs8\"><span data-testid=\"output-word-8-0-0\"><span class=\"extn-css-0\">die\u00a0<\/span><\/span><\/span><span id=\"output-phrase~0~9\" class=\"extn-css-i3ygs8\"><span data-testid=\"output-word-9-0-0\"><span class=\"extn-css-0\">eine\u00a0<\/span><\/span><\/span><span id=\"output-phrase~0~10\" class=\"extn-css-i3ygs8\"><span data-testid=\"output-word-10-0-0\"><span class=\"extn-css-0\">milde,\u00a0<\/span><\/span><\/span><span id=\"output-phrase~0~11\" class=\"extn-css-i3ygs8\"><span data-testid=\"output-word-11-0-0\"><span class=\"extn-css-0\">rein\u00a0<\/span><\/span><\/span><span id=\"output-phrase~0~12\" class=\"extn-css-i3ygs8\"><span data-testid=\"output-word-12-0-0\"><span class=\"extn-css-0\">w\u00fcrzige\u00a0<\/span><\/span><\/span><span id=\"output-phrase~0~13\" class=\"extn-css-i3ygs8\"><span data-testid=\"output-word-13-0-0\"><span class=\"extn-css-0\">Basis\u00a0<\/span><\/span><\/span><span id=\"output-phrase~0~14\" class=\"extn-css-i3ygs8\"><span data-testid=\"output-word-14-0-0\"><span class=\"extn-css-0\">bevorzugen\u00a0<\/span><\/span><\/span><span id=\"output-phrase~0~15\" class=\"extn-css-i3ygs8\"><span data-testid=\"output-word-15-0-0\"><span class=\"extn-css-0\">oder\u00a0<\/span><\/span><\/span><span id=\"output-phrase~0~16\" class=\"extn-css-i3ygs8\"><span data-testid=\"output-word-16-0-0\"><span class=\"extn-css-1tmeul0\">nach\u00a0<\/span><\/span><\/span><span id=\"output-phrase~0~17\" class=\"extn-css-i3ygs8\"><span data-testid=\"output-word-17-0-0\"><span class=\"extn-css-0\">einer\u00a0<\/span><\/span><\/span><span id=\"output-phrase~0~18\" class=\"extn-css-i3ygs8\"><span data-testid=\"output-word-18-0-0\"><span class=\"extn-css-1tmeul0\">koffeinfreien\u00a0<\/span><\/span><\/span><span id=\"output-phrase~0~19\" class=\"extn-css-i3ygs8\"><span data-testid=\"output-word-19-0-0\"><span class=\"extn-css-1tmeul0\">Option\u00a0<\/span><\/span><\/span><span id=\"output-phrase~0~20\" class=\"extn-css-i3ygs8\"><span data-testid=\"output-word-20-0-0\"><span class=\"extn-css-0\">suchen.<br \/>\n<\/span><\/span><\/span><span id=\"output-phrase~0~21\" class=\"extn-css-i3ygs8\"><span data-testid=\"output-word-21-0-0\"><span class=\"extn-css-0\">Sie\u00a0<\/span><\/span><\/span><span id=\"output-phrase~0~22\" class=\"extn-css-i3ygs8\"><span data-testid=\"output-word-22-0-0\"><span class=\"extn-css-0\">kann\u00a0<\/span><\/span><\/span><span id=\"output-phrase~0~23\" class=\"extn-css-i3ygs8\"><span data-testid=\"output-word-23-0-0\"><span class=\"extn-css-1tmeul0\">auf\u00a0<\/span><\/span><\/span><span id=\"output-phrase~0~24\" class=\"extn-css-i3ygs8\"><span data-testid=\"output-word-24-0-0\"><span class=\"extn-css-1tmeul0\">Wunsch\u00a0<\/span><\/span><\/span><span id=\"output-phrase~0~25\" class=\"extn-css-i3ygs8\"><span data-testid=\"output-word-25-0-0\"><span class=\"extn-css-1g9q2al\">auch\u00a0<\/span><\/span><\/span><span id=\"output-phrase~0~26\" class=\"extn-css-i3ygs8\"><span data-testid=\"output-word-26-0-0\"><span class=\"extn-css-1g9q2al\">mit\u00a0<\/span><\/span><\/span><span id=\"output-phrase~0~27\" class=\"extn-css-i3ygs8\"><span data-testid=\"output-word-27-0-0\"><span class=\"extn-css-1g9q2al\">Schwarztee\u00a0<\/span><\/span><\/span><span id=\"output-phrase~0~28\" class=\"extn-css-i3ygs8\"><span data-testid=\"output-word-28-0-0\"><span class=\"extn-css-1g9q2al\">kombiniert <\/span><\/span><\/span><span id=\"output-phrase~0~29\" class=\"extn-css-i3ygs8\"><span data-testid=\"output-word-29-0-0\"><span class=\"extn-css-0\">werden.<\/span><\/span><\/span><\/p>\n<h4>Zubereitung und Genuss<\/h4>\n<p>Du kannst Chai Tea Pur mit Wasser oder Milch zubereiten. Klassisch wird die Mischung aufgekocht, bevor bei Bedarf Milch hinzugef\u00fcgt wird. So entfalten sich die w\u00fcrzigen Aromen voll. Der Tee ist nicht nur ein Genuss f\u00fcr die Sinne, sondern auch ein Teil der Tradition und Kultur des indischen Chai.<\/p>\n<p>F\u00fcr die Zubereitung von Chai Tee empfehlen wir folgende Schritte:<\/p>\n<ol>\n<li>Wasser aufkochen<\/li>\n<li>Verwende etwa 1\u20132 Teel\u00f6ffel (ca. 2\u20134 Gramm) Chai Tea Pur pro Tasse (250 ml).<\/li>\n<li>Gib die Gew\u00fcrzmischung in eine Teekanne oder einen Teebecher und \u00fcbergiesse sie mit dem kochenden Wasser.<br \/>\nLass die Teemischung f\u00fcr 5\u20137 Minuten ziehen, damit sich die Aromen optimal entfalten.<\/li>\n<li>F\u00fcr die traditionelle Zubereitung kannst du nach dem Ziehen Milch (ca. 100 ml) hinzuf\u00fcgen.<br \/>\nKoche die Mischung nochmals kurz auf, um die Aromen zu vereinen.<\/li>\n<li>S\u00fcsse den Tee nach Geschmack mit Zucker oder einer anderen S\u00fcssungsalternative.<\/li>\n<\/ol>\n<p>Gew\u00f6hnlich wird Chai-Gew\u00fcrzteemischung auf Schwarzteebasis zubereitet.<br \/>\n\u201eChai\u201c bedeutet einfach \u201eTee\u201c, aber in vielen Regionen der Welt bezieht er sich auf eine Mischung aus Schwarztee und einer Chai-Gew\u00fcrzteemischung (Masala Chai).<\/p>\n<p>Viele Teetrinkerinnen und Teetrinker w\u00e4hlen diese Mischung, wenn sie eine milde Alternative ohne Schwarztee suchen \u2013 ideal f\u00fcr abwechslungsreichen Genuss. Die w\u00fcrzige Vielfalt macht ihn besonders passend f\u00fcr entspannte Momente, gem\u00fctliche Abende oder genussvolle Pausen. Wir haben eine weitere <a href=\"https:\/\/teasense.ch\/produkt\/chai-gewuerzmischung\/\">Chai Gew\u00fcrzmischung<\/a> mit anderen Gew\u00fcrzen, auch ohne Schwarztee.<\/p>\n","protected":false},"excerpt":{"rendered":"<p>Gew\u00fcrzteemischung mit klassischen Chai-Zutaten<\/p>\n<h4>Zubereitung Chai Tea Pur (ohne Schwarztee)<\/h4>\n<p>\ud83e\udd44 1 &#8211; 2 TL pro Tasse (250 ml)<br data-start=\"165\" data-end=\"168\" \/>\ud83c\udf21\ufe0f 100\u00b0C (Kochendes Wasser)<br data-start=\"204\" data-end=\"207\" \/>\u23f3 5 &#8211; 7 Minuten ziehen lassen<\/p>\n","protected":false},"featured_media":43387,"comment_status":"open","ping_status":"closed","template":"","meta":{"_et_pb_use_builder":"","_et_pb_old_content":"","_et_gb_content_width":""},"product_brand":[],"product_cat":[74,61,64,19],"product_tag":[],"class_list":{"0":"post-43234","1":"product","2":"type-product","3":"status-publish","4":"has-post-thumbnail","6":"product_cat-alle-produkte","7":"product_cat-chai","8":"product_cat-gewuerze","9":"product_cat-tee","10":"pa_herkunft-deutschland","11":"pa_weight-100-g","12":"pa_weight-200-g","13":"pa_weight-50-g","15":"first","16":"instock","17":"shipping-taxable","18":"purchasable","19":"product-type-variable","20":"has-default-attributes","21":"add-to-wishlist-before_image"},"yoast_head":"<!-- This site is optimized with the Yoast SEO plugin v27.4 - https:\/\/yoast.com\/product\/yoast-seo-wordpress\/ -->\n<title>Chai Tea Pur - TeaSense.ch - Tee Shop Schweiz<\/title>\n<meta name=\"description\" content=\"Entdecke den Chai Tea Pur \u2013 eine ausgewogene Gew\u00fcrzteemischung aus Orangenschalen, Zimt, Ingwer und mehr. Ideal f\u00fcr die Zubereitung mit Milch oder Wasser.\" \/>\n<meta name=\"robots\" content=\"index, follow, max-snippet:-1, max-image-preview:large, max-video-preview:-1\" \/>\n<link rel=\"canonical\" href=\"https:\/\/teasense.ch\/fr\/produit\/chai-tea-pur\/\" \/>\n<meta property=\"og:locale\" content=\"fr_FR\" \/>\n<meta property=\"og:type\" content=\"article\" \/>\n<meta property=\"og:title\" content=\"Chai Tea Pur - TeaSense.ch - Tee Shop Schweiz\" \/>\n<meta property=\"og:description\" content=\"Entdecke den Chai Tea Pur \u2013 eine ausgewogene Gew\u00fcrzteemischung aus Orangenschalen, Zimt, Ingwer und mehr. Ideal f\u00fcr die Zubereitung mit Milch oder Wasser.\" \/>\n<meta property=\"og:url\" content=\"https:\/\/teasense.ch\/fr\/produit\/chai-tea-pur\/\" \/>\n<meta property=\"og:site_name\" content=\"TeaSense.ch - Tee Shop Schweiz\" \/>\n<meta property=\"article:publisher\" content=\"https:\/\/www.facebook.com\/teasense.ch\" \/>\n<meta property=\"article:modified_time\" content=\"2026-04-07T11:12:59+00:00\" \/>\n<meta property=\"og:image\" content=\"https:\/\/teasense.ch\/wp-content\/uploads\/2024\/10\/chai-tea-pur-weisser-hintergrund.png\" \/>\n\t<meta property=\"og:image:width\" content=\"800\" \/>\n\t<meta property=\"og:image:height\" content=\"800\" \/>\n\t<meta property=\"og:image:type\" content=\"image\/png\" \/>\n<meta name=\"twitter:card\" content=\"summary_large_image\" \/>\n<meta name=\"twitter:label1\" content=\"Est. reading time\" \/>\n\t<meta name=\"twitter:data1\" content=\"3 minutes\" \/>\n<!-- \/ Yoast SEO plugin. -->","yoast_head_json":{"title":"Chai Tea Pur - TeaSense.ch - Tee Shop Schweiz","description":"Entdecke den Chai Tea Pur \u2013 eine ausgewogene Gew\u00fcrzteemischung aus Orangenschalen, Zimt, Ingwer und mehr. Ideal f\u00fcr die Zubereitung mit Milch oder Wasser.","robots":{"index":"index","follow":"follow","max-snippet":"max-snippet:-1","max-image-preview":"max-image-preview:large","max-video-preview":"max-video-preview:-1"},"canonical":"https:\/\/teasense.ch\/fr\/produit\/chai-tea-pur\/","og_locale":"fr_FR","og_type":"article","og_title":"Chai Tea Pur - TeaSense.ch - Tee Shop Schweiz","og_description":"Entdecke den Chai Tea Pur \u2013 eine ausgewogene Gew\u00fcrzteemischung aus Orangenschalen, Zimt, Ingwer und mehr. Ideal f\u00fcr die Zubereitung mit Milch oder Wasser.","og_url":"https:\/\/teasense.ch\/fr\/produit\/chai-tea-pur\/","og_site_name":"TeaSense.ch - Tee Shop Schweiz","article_publisher":"https:\/\/www.facebook.com\/teasense.ch","article_modified_time":"2026-04-07T11:12:59+00:00","og_image":[{"width":800,"height":800,"url":"https:\/\/teasense.ch\/wp-content\/uploads\/2024\/10\/chai-tea-pur-weisser-hintergrund.png","type":"image\/png"}],"twitter_card":"summary_large_image","twitter_misc":{"Est. reading time":"3 minutes"},"schema":{"@context":"https:\/\/schema.org","@graph":[{"@type":"WebPage","@id":"https:\/\/teasense.ch\/fr\/produit\/chai-tea-pur\/","url":"https:\/\/teasense.ch\/fr\/produit\/chai-tea-pur\/","name":"Chai Tea Pur - TeaSense.ch - Tee Shop Schweiz","isPartOf":{"@id":"https:\/\/teasense.ch\/fr\/#website"},"primaryImageOfPage":{"@id":"https:\/\/teasense.ch\/fr\/produit\/chai-tea-pur\/#primaryimage"},"image":{"@id":"https:\/\/teasense.ch\/fr\/produit\/chai-tea-pur\/#primaryimage"},"thumbnailUrl":"https:\/\/teasense.ch\/wp-content\/uploads\/2024\/10\/chai-tea-pur-weisser-hintergrund.png","datePublished":"2024-10-23T13:43:05+00:00","dateModified":"2026-04-07T11:12:59+00:00","description":"Entdecke den Chai Tea Pur \u2013 eine ausgewogene Gew\u00fcrzteemischung aus Orangenschalen, Zimt, Ingwer und mehr. Ideal f\u00fcr die Zubereitung mit Milch oder Wasser.","breadcrumb":{"@id":"https:\/\/teasense.ch\/fr\/produit\/chai-tea-pur\/#breadcrumb"},"inLanguage":"fr-CH","potentialAction":[{"@type":"ReadAction","target":["https:\/\/teasense.ch\/fr\/produit\/chai-tea-pur\/"]}]},{"@type":"ImageObject","inLanguage":"fr-CH","@id":"https:\/\/teasense.ch\/fr\/produit\/chai-tea-pur\/#primaryimage","url":"https:\/\/teasense.ch\/wp-content\/uploads\/2024\/10\/chai-tea-pur-weisser-hintergrund.png","contentUrl":"https:\/\/teasense.ch\/wp-content\/uploads\/2024\/10\/chai-tea-pur-weisser-hintergrund.png","width":800,"height":800,"caption":"Chai Tea Pur weisser Hintergrund"},{"@type":"BreadcrumbList","@id":"https:\/\/teasense.ch\/fr\/produit\/chai-tea-pur\/#breadcrumb","itemListElement":[{"@type":"ListItem","position":1,"name":"Startseite","item":"https:\/\/teasense.ch\/fr\/startseite\/"},{"@type":"ListItem","position":2,"name":"Boutique de th\u00e9 en ligne","item":"https:\/\/teasense.ch\/fr\/shop\/"},{"@type":"ListItem","position":3,"name":"Chai Tea Pur"}]},{"@type":"WebSite","@id":"https:\/\/teasense.ch\/fr\/#website","url":"https:\/\/teasense.ch\/fr\/","name":"TeaSense.ch","description":"Nat\u00fcrliche Teemischungen und klassischer Tee","publisher":{"@id":"https:\/\/teasense.ch\/fr\/#organization"},"alternateName":"TeaSense","potentialAction":[{"@type":"SearchAction","target":{"@type":"EntryPoint","urlTemplate":"https:\/\/teasense.ch\/fr\/?s={search_term_string}"},"query-input":{"@type":"PropertyValueSpecification","valueRequired":true,"valueName":"search_term_string"}}],"inLanguage":"fr-CH"},{"@type":"Organization","@id":"https:\/\/teasense.ch\/fr\/#organization","name":"Reale Selection","alternateName":"TeaSense.ch","url":"https:\/\/teasense.ch\/fr\/","logo":{"@type":"ImageObject","inLanguage":"fr-CH","@id":"https:\/\/teasense.ch\/fr\/#\/schema\/logo\/image\/","url":"https:\/\/teasense.ch\/wp-content\/uploads\/2023\/07\/cropped-logo-teasense-kategorie-onlineshop-alle-produkte.jpg","contentUrl":"https:\/\/teasense.ch\/wp-content\/uploads\/2023\/07\/cropped-logo-teasense-kategorie-onlineshop-alle-produkte.jpg","width":512,"height":512,"caption":"Reale Selection"},"image":{"@id":"https:\/\/teasense.ch\/fr\/#\/schema\/logo\/image\/"},"sameAs":["https:\/\/www.facebook.com\/teasense.ch"]}]}},"jetpack-related-posts":[{"id":44328,"url":"https:\/\/teasense.ch\/fr\/produit\/chai-gewuerzmischung\/","url_meta":{"origin":43234,"position":0},"title":"Chai Gew\u00fcrzmischung","author":"Reale Selection","date":"27. February 2025","format":false,"excerpt":"Zubereitung \u2013 Klassische Chai Variante \ud83e\udd44 15\u201320 g Gew\u00fcrzmischung pro Liter Wasser \ud83e\udd44 1\u20132 TL loser Schwarztee \ud83c\udf21\ufe0f 100 \u00b0C heisses Wasser \u23f3 7\u201310 Minuten ziehen lassen \ud83e\udd5b Nach Belieben mit Milch aufgiessen","rel":"","context":"Similar post","block_context":{"text":"Similar post","link":""},"img":{"alt_text":"Chai Gew\u00fcrzmischung","src":"https:\/\/i0.wp.com\/teasense.ch\/wp-content\/uploads\/2025\/02\/Chai-Gewuerzmischung.png?resize=350%2C200&ssl=1","width":350,"height":200,"srcset":"https:\/\/i0.wp.com\/teasense.ch\/wp-content\/uploads\/2025\/02\/Chai-Gewuerzmischung.png?resize=350%2C200&ssl=1 1x, https:\/\/i0.wp.com\/teasense.ch\/wp-content\/uploads\/2025\/02\/Chai-Gewuerzmischung.png?resize=525%2C300&ssl=1 1.5x, https:\/\/i0.wp.com\/teasense.ch\/wp-content\/uploads\/2025\/02\/Chai-Gewuerzmischung.png?resize=700%2C400&ssl=1 2x"},"classes":[]},{"id":45714,"url":"https:\/\/teasense.ch\/fr\/produit\/ayurveda-chai-mit-mate\/","url_meta":{"origin":43234,"position":1},"title":"Ayurveda Chai mit Mate","author":"Reale Selection","date":"13. May 2025","format":false,"excerpt":"Zubereitung Ayurveda Chai mit Mate \ud83e\udd44 1\u20132 TL pro Tasse (14g\/Liter)\ud83c\udf21\ufe0f 100 \u00b0C\u23f3 5 Minuten ziehen lassen","rel":"","context":"Similar post","block_context":{"text":"Similar post","link":""},"img":{"alt_text":"Ayurveda Chai mit Mate","src":"https:\/\/i0.wp.com\/teasense.ch\/wp-content\/uploads\/2025\/05\/Ayurveda-Chai-mit-Mate.png?resize=350%2C200&ssl=1","width":350,"height":200,"srcset":"https:\/\/i0.wp.com\/teasense.ch\/wp-content\/uploads\/2025\/05\/Ayurveda-Chai-mit-Mate.png?resize=350%2C200&ssl=1 1x, https:\/\/i0.wp.com\/teasense.ch\/wp-content\/uploads\/2025\/05\/Ayurveda-Chai-mit-Mate.png?resize=525%2C300&ssl=1 1.5x, https:\/\/i0.wp.com\/teasense.ch\/wp-content\/uploads\/2025\/05\/Ayurveda-Chai-mit-Mate.png?resize=700%2C400&ssl=1 2x"},"classes":[]},{"id":37989,"url":"https:\/\/teasense.ch\/fr\/produit\/yogi-bliss-chai\/","url_meta":{"origin":43234,"position":2},"title":"Yogi Bliss Chai","author":"Reale Selection","date":"15. October 2023","format":false,"excerpt":"Schwarzteemischung mit Gew\u00fcrzen Zubereitung \u2013 Yogi Bliss Chai \ud83e\udd44 1 geh\u00e4ufter Teel\u00f6ffel pro Tasse (14g\/Liter)\ud83c\udf21\ufe0f 100 \u00b0C heisses Wasser\u23f3 5 Minuten ziehen lassen","rel":"","context":"Similar post","block_context":{"text":"Similar post","link":""},"img":{"alt_text":"Schwarzteemischung Yogi Bliss Chai mit allen Zutaten auf weissem Hintergrund.","src":"https:\/\/i0.wp.com\/teasense.ch\/wp-content\/uploads\/2023\/10\/yogi-bliss-chai-plain.jpg?resize=350%2C200&ssl=1","width":350,"height":200,"srcset":"https:\/\/i0.wp.com\/teasense.ch\/wp-content\/uploads\/2023\/10\/yogi-bliss-chai-plain.jpg?resize=350%2C200&ssl=1 1x, https:\/\/i0.wp.com\/teasense.ch\/wp-content\/uploads\/2023\/10\/yogi-bliss-chai-plain.jpg?resize=525%2C300&ssl=1 1.5x, https:\/\/i0.wp.com\/teasense.ch\/wp-content\/uploads\/2023\/10\/yogi-bliss-chai-plain.jpg?resize=700%2C400&ssl=1 2x"},"classes":[]},{"id":45659,"url":"https:\/\/teasense.ch\/fr\/produit\/rooibusch-chai-ohne-aroma\/","url_meta":{"origin":43234,"position":3},"title":"Rooibusch Chai ohne Aroma","author":"Reale Selection","date":"12. May 2025","format":false,"excerpt":"Zubereitung Rooibusch Chai ohne Aroma \ud83e\udd44 1 Teel\u00f6ffel auf 200 ml Wasser (14g\/Liter)\ud83c\udf21\ufe0f 100 \u00b0C\u23f3 5 Minuten ziehen lassen","rel":"","context":"Similar post","block_context":{"text":"Similar post","link":""},"img":{"alt_text":"Rooibusch Chai ohne Aroma Teemischung ohne Beutel","src":"https:\/\/i0.wp.com\/teasense.ch\/wp-content\/uploads\/2025\/05\/Rooibusch-Chai-ohne-Aroma.png?resize=350%2C200&ssl=1","width":350,"height":200,"srcset":"https:\/\/i0.wp.com\/teasense.ch\/wp-content\/uploads\/2025\/05\/Rooibusch-Chai-ohne-Aroma.png?resize=350%2C200&ssl=1 1x, https:\/\/i0.wp.com\/teasense.ch\/wp-content\/uploads\/2025\/05\/Rooibusch-Chai-ohne-Aroma.png?resize=525%2C300&ssl=1 1.5x, https:\/\/i0.wp.com\/teasense.ch\/wp-content\/uploads\/2025\/05\/Rooibusch-Chai-ohne-Aroma.png?resize=700%2C400&ssl=1 2x"},"classes":[]},{"id":44305,"url":"https:\/\/teasense.ch\/fr\/produit\/english-breakfast-tea-broken\/","url_meta":{"origin":43234,"position":4},"title":"English Breakfast Tea Broken","author":"Reale Selection","date":"27. February 2025","format":false,"excerpt":"Zubereitung English Breakfast Tea Broken \ud83e\udd44 1 TL auf 200 ml Wasser \ud83c\udf21\ufe0f 95 - 100 \u00b0C \u23f3 3 - 5 Minuten ziehen lassen","rel":"","context":"Similar post","block_context":{"text":"Similar post","link":""},"img":{"alt_text":"English Breakfast Tea Loser Schwarztee","src":"https:\/\/i0.wp.com\/teasense.ch\/wp-content\/uploads\/2025\/02\/English-Breakfast-Tea-Loser-Tee.png?resize=350%2C200&ssl=1","width":350,"height":200,"srcset":"https:\/\/i0.wp.com\/teasense.ch\/wp-content\/uploads\/2025\/02\/English-Breakfast-Tea-Loser-Tee.png?resize=350%2C200&ssl=1 1x, https:\/\/i0.wp.com\/teasense.ch\/wp-content\/uploads\/2025\/02\/English-Breakfast-Tea-Loser-Tee.png?resize=525%2C300&ssl=1 1.5x, https:\/\/i0.wp.com\/teasense.ch\/wp-content\/uploads\/2025\/02\/English-Breakfast-Tea-Loser-Tee.png?resize=700%2C400&ssl=1 2x"},"classes":[]},{"id":44703,"url":"https:\/\/teasense.ch\/fr\/produit\/black-delight-schwarzteemischung\/","url_meta":{"origin":43234,"position":5},"title":"Black Delight Schwarzteemischung","author":"Reale Selection","date":"8. April 2025","format":false,"excerpt":"Zubereitung Black Delight Schwarzteemischung \ud83e\udd44 1 TL pro pro Tasse \ud83c\udf21\ufe0f 90\u00b0- 100\u00b0C \u23f3 3 Minuten","rel":"","context":"Similar post","block_context":{"text":"Similar post","link":""},"img":{"alt_text":"Lose Teemischung Black Delight Schwarzteemischung Black Delight Einzigartiger Genuss f\u00fcr Liebhaber kr\u00e4ftigen Schwarztees","src":"https:\/\/i0.wp.com\/teasense.ch\/wp-content\/uploads\/2023\/10\/weihnachtstee-plain.jpg?resize=350%2C200&ssl=1","width":350,"height":200,"srcset":"https:\/\/i0.wp.com\/teasense.ch\/wp-content\/uploads\/2023\/10\/weihnachtstee-plain.jpg?resize=350%2C200&ssl=1 1x, https:\/\/i0.wp.com\/teasense.ch\/wp-content\/uploads\/2023\/10\/weihnachtstee-plain.jpg?resize=525%2C300&ssl=1 1.5x, https:\/\/i0.wp.com\/teasense.ch\/wp-content\/uploads\/2023\/10\/weihnachtstee-plain.jpg?resize=700%2C400&ssl=1 2x"},"classes":[]}],"jetpack_sharing_enabled":true,"jetpack_likes_enabled":false,"_links":{"self":[{"href":"https:\/\/teasense.ch\/fr\/wp-json\/wp\/v2\/product\/43234","targetHints":{"allow":["GET"]}}],"collection":[{"href":"https:\/\/teasense.ch\/fr\/wp-json\/wp\/v2\/product"}],"about":[{"href":"https:\/\/teasense.ch\/fr\/wp-json\/wp\/v2\/types\/product"}],"replies":[{"embeddable":true,"href":"https:\/\/teasense.ch\/fr\/wp-json\/wp\/v2\/comments?post=43234"}],"wp:featuredmedia":[{"embeddable":true,"href":"https:\/\/teasense.ch\/fr\/wp-json\/wp\/v2\/media\/43387"}],"wp:attachment":[{"href":"https:\/\/teasense.ch\/fr\/wp-json\/wp\/v2\/media?parent=43234"}],"wp:term":[{"taxonomy":"product_brand","embeddable":true,"href":"https:\/\/teasense.ch\/fr\/wp-json\/wp\/v2\/product_brand?post=43234"},{"taxonomy":"product_cat","embeddable":true,"href":"https:\/\/teasense.ch\/fr\/wp-json\/wp\/v2\/product_cat?post=43234"},{"taxonomy":"product_tag","embeddable":true,"href":"https:\/\/teasense.ch\/fr\/wp-json\/wp\/v2\/product_tag?post=43234"}],"curies":[{"name":"wp","href":"https:\/\/api.w.org\/{rel}","templated":true}]}}