{"id":44127,"date":"2025-02-14T17:24:30","date_gmt":"2025-02-14T16:24:30","guid":{"rendered":"https:\/\/teasense.ch\/?post_type=product&#038;p=44127"},"modified":"2026-01-31T12:50:52","modified_gmt":"2026-01-31T11:50:52","slug":"gruentee-mit-azoren-ananas","status":"publish","type":"product","link":"https:\/\/teasense.ch\/fr\/produit\/gruentee-mit-azoren-ananas\/","title":{"rendered":"Gr\u00fcntee mit Azoren-Ananas"},"content":{"rendered":"<h2>Exotischer Teegenuss aus den Azoren &#8211; Zwei Sch\u00e4tze der Azoren in einer Tasse<\/h2>\n<p>Unser Gr\u00fcntee mit Azoren-Ananas vereint das Beste der Insel S\u00e3o Miguel: feinster gr\u00fcner Tee und die fruchtige S\u00fcsse der ber\u00fchmten Azoren-Ananas. Beide Zutaten wachsen in der einzigartigen Natur der Insel und profitieren von der fruchtbaren Vulkanerde und dem milden, feuchten Klima. Diese Kombination sorgt f\u00fcr einen harmonischen Tee, der die nat\u00fcrliche Frische und S\u00fcsse der Ananas perfekt mit der milden Herbheit des Gr\u00fcntees vereint.<\/p>\n<p>Wenn du bereits den <a href=\"https:\/\/teasense.ch\/produkt\/hysson\/\">Hysson Azoren Gr\u00fcntee<\/a> kennst, wirst du die Qualit\u00e4t und den besonderen Charakter auch dieses Tees zu sch\u00e4tzen wissen \u2013 beide Tees stammen aus der einzigartigen Vulkanlandschaft der Azoren.<\/p>\n<p>Wir haben sowohl die Teeplantage als auch die Ananasfelder auf der Insel besucht. So konnten wir uns pers\u00f6nlich von der hohen Qualit\u00e4t und dem nachhaltigen Anbau beider Zutaten \u00fcberzeugen. Beide wachsen unter optimalen Bedingungen und sind frei von Pestiziden oder k\u00fcnstlichen Zus\u00e4tzen \u2013 ein wahres Naturprodukt der Azoren.<\/p>\n<h3>Fruchtig-mild im Geschmack<\/h3>\n<p>Der Azoren-Gr\u00fcntee ist bekannt f\u00fcr seinen milden Geschmack und die leicht s\u00fcssliche Note. Er ist weniger bitter als viele andere Gr\u00fcntees und eignet sich hervorragend f\u00fcr Teeliebhaber, die einen sanften Tee bevorzugen. Die Azoren-Ananas bringt mit ihrer nat\u00fcrlichen S\u00fcsse und Frische eine fruchtige Dimension hinzu. Diese Mischung ist erfrischend, leicht und rund im Geschmack \u2013 ein wahres Erlebnis f\u00fcr die Sinne!<\/p>\n<h4>Nachhaltiger Anbau auf den Azoren f\u00fcr h\u00f6chste Qualit\u00e4t<\/h4>\n<p>Die Teeplantagen auf S\u00e3o Miguel nutzen das einzigartige Klima und die vulkanische Erde, um hochwertigen Tee auf nachhaltige Weise anzubauen. Auch die Azoren-Ananas wird unter besten Bedingungen kultiviert, sorgf\u00e4ltig geerntet und von Hand verarbeitet. So bleiben die Aromen rein und intensiv.<\/p>\n<p>Dieser Tee schmeckt auch hervorragend als Eistee! Lasse ihn abk\u00fchlen, f\u00fcge Eisw\u00fcrfel hinzu und geniesse die erfrischende Kombination.<\/p>\n<p>Geniesse den einzigartigen Gr\u00fcntee mit Azoren-Ananas und bringe ein St\u00fcck der Azoren direkt zu dir nach Hause!<\/p>\n","protected":false},"excerpt":{"rendered":"<h4>Zubereitung Gr\u00fcntee mit Azoren-Ananas<\/h4>\n<p>\ud83e\udd44 1 Teel\u00f6ffel (ca. 2 g) pro Tasse<br data-start=\"2088\" data-end=\"2091\" \/>\ud83c\udf21\ufe0f 80 &#8211; 85 \u00b0C<br data-start=\"2107\" data-end=\"2110\" \/>\u23f3 2 &#8211; 3 Minuten<\/p>\n","protected":false},"featured_media":44223,"comment_status":"open","ping_status":"closed","template":"","meta":{"_et_pb_use_builder":"","_et_pb_old_content":"","_et_gb_content_width":""},"product_brand":[],"product_cat":[74,201,151,182,19],"product_tag":[],"class_list":{"0":"post-44127","1":"product","2":"type-product","3":"status-publish","4":"has-post-thumbnail","6":"product_cat-alle-produkte","7":"product_cat-azoren-tee","8":"product_cat-fruechtetee","9":"product_cat-gruentee","10":"product_cat-tee","11":"pa_herkunft-portugal","12":"pa_weight-80-g","14":"first","15":"instock","16":"shipping-taxable","17":"purchasable","18":"product-type-simple","19":"add-to-wishlist-before_image"},"yoast_head":"<!-- This site is optimized with the Yoast SEO plugin v27.4 - https:\/\/yoast.com\/product\/yoast-seo-wordpress\/ -->\n<title>Gr\u00fcntee mit Azoren-Ananas - TeaSense.ch - Tee Shop Schweiz<\/title>\n<meta name=\"description\" content=\"Gr\u00fcntee mit Azoren-Ananas \u2013 Erlebe den frischen Geschmack von Azoren-Gr\u00fcntee kombiniert mit der nat\u00fcrlichen S\u00fcsse der Azoren-Ananas.\" \/>\n<meta name=\"robots\" content=\"index, follow, max-snippet:-1, max-image-preview:large, max-video-preview:-1\" \/>\n<link rel=\"canonical\" href=\"https:\/\/teasense.ch\/fr\/produit\/gruentee-mit-azoren-ananas\/\" \/>\n<meta property=\"og:locale\" content=\"fr_FR\" \/>\n<meta property=\"og:type\" content=\"article\" \/>\n<meta property=\"og:title\" content=\"Gr\u00fcntee mit Azoren-Ananas - TeaSense.ch - Tee Shop Schweiz\" \/>\n<meta property=\"og:description\" content=\"Gr\u00fcntee mit Azoren-Ananas \u2013 Erlebe den frischen Geschmack von Azoren-Gr\u00fcntee kombiniert mit der nat\u00fcrlichen S\u00fcsse der Azoren-Ananas.\" \/>\n<meta property=\"og:url\" content=\"https:\/\/teasense.ch\/fr\/produit\/gruentee-mit-azoren-ananas\/\" \/>\n<meta property=\"og:site_name\" content=\"TeaSense.ch - Tee Shop Schweiz\" \/>\n<meta property=\"article:publisher\" content=\"https:\/\/www.facebook.com\/teasense.ch\" \/>\n<meta property=\"article:modified_time\" content=\"2026-01-31T11:50:52+00:00\" \/>\n<meta property=\"og:image\" content=\"https:\/\/teasense.ch\/wp-content\/uploads\/2025\/02\/Gruentee-mit-Azoren-Ananas.png\" \/>\n\t<meta property=\"og:image:width\" content=\"800\" \/>\n\t<meta property=\"og:image:height\" content=\"800\" \/>\n\t<meta property=\"og:image:type\" content=\"image\/png\" \/>\n<meta name=\"twitter:card\" content=\"summary_large_image\" \/>\n<meta name=\"twitter:label1\" content=\"Est. reading time\" \/>\n\t<meta name=\"twitter:data1\" content=\"2 minutes\" \/>\n<!-- \/ Yoast SEO plugin. -->","yoast_head_json":{"title":"Gr\u00fcntee mit Azoren-Ananas - TeaSense.ch - Tee Shop Schweiz","description":"Gr\u00fcntee mit Azoren-Ananas \u2013 Erlebe den frischen Geschmack von Azoren-Gr\u00fcntee kombiniert mit der nat\u00fcrlichen S\u00fcsse der Azoren-Ananas.","robots":{"index":"index","follow":"follow","max-snippet":"max-snippet:-1","max-image-preview":"max-image-preview:large","max-video-preview":"max-video-preview:-1"},"canonical":"https:\/\/teasense.ch\/fr\/produit\/gruentee-mit-azoren-ananas\/","og_locale":"fr_FR","og_type":"article","og_title":"Gr\u00fcntee mit Azoren-Ananas - TeaSense.ch - Tee Shop Schweiz","og_description":"Gr\u00fcntee mit Azoren-Ananas \u2013 Erlebe den frischen Geschmack von Azoren-Gr\u00fcntee kombiniert mit der nat\u00fcrlichen S\u00fcsse der Azoren-Ananas.","og_url":"https:\/\/teasense.ch\/fr\/produit\/gruentee-mit-azoren-ananas\/","og_site_name":"TeaSense.ch - Tee Shop Schweiz","article_publisher":"https:\/\/www.facebook.com\/teasense.ch","article_modified_time":"2026-01-31T11:50:52+00:00","og_image":[{"width":800,"height":800,"url":"https:\/\/teasense.ch\/wp-content\/uploads\/2025\/02\/Gruentee-mit-Azoren-Ananas.png","type":"image\/png"}],"twitter_card":"summary_large_image","twitter_misc":{"Est. reading time":"2 minutes"},"schema":{"@context":"https:\/\/schema.org","@graph":[{"@type":"WebPage","@id":"https:\/\/teasense.ch\/fr\/produit\/gruentee-mit-azoren-ananas\/","url":"https:\/\/teasense.ch\/fr\/produit\/gruentee-mit-azoren-ananas\/","name":"Gr\u00fcntee mit Azoren-Ananas - TeaSense.ch - Tee Shop Schweiz","isPartOf":{"@id":"https:\/\/teasense.ch\/fr\/#website"},"primaryImageOfPage":{"@id":"https:\/\/teasense.ch\/fr\/produit\/gruentee-mit-azoren-ananas\/#primaryimage"},"image":{"@id":"https:\/\/teasense.ch\/fr\/produit\/gruentee-mit-azoren-ananas\/#primaryimage"},"thumbnailUrl":"https:\/\/teasense.ch\/wp-content\/uploads\/2025\/02\/Gruentee-mit-Azoren-Ananas.png","datePublished":"2025-02-14T16:24:30+00:00","dateModified":"2026-01-31T11:50:52+00:00","description":"Gr\u00fcntee mit Azoren-Ananas \u2013 Erlebe den frischen Geschmack von Azoren-Gr\u00fcntee kombiniert mit der nat\u00fcrlichen S\u00fcsse der Azoren-Ananas.","breadcrumb":{"@id":"https:\/\/teasense.ch\/fr\/produit\/gruentee-mit-azoren-ananas\/#breadcrumb"},"inLanguage":"fr-CH","potentialAction":[{"@type":"ReadAction","target":["https:\/\/teasense.ch\/fr\/produit\/gruentee-mit-azoren-ananas\/"]}]},{"@type":"ImageObject","inLanguage":"fr-CH","@id":"https:\/\/teasense.ch\/fr\/produit\/gruentee-mit-azoren-ananas\/#primaryimage","url":"https:\/\/teasense.ch\/wp-content\/uploads\/2025\/02\/Gruentee-mit-Azoren-Ananas.png","contentUrl":"https:\/\/teasense.ch\/wp-content\/uploads\/2025\/02\/Gruentee-mit-Azoren-Ananas.png","width":800,"height":800,"caption":"Gr\u00fcntee mit Azoren-Ananas Originalverpackung"},{"@type":"BreadcrumbList","@id":"https:\/\/teasense.ch\/fr\/produit\/gruentee-mit-azoren-ananas\/#breadcrumb","itemListElement":[{"@type":"ListItem","position":1,"name":"Startseite","item":"https:\/\/teasense.ch\/fr\/startseite\/"},{"@type":"ListItem","position":2,"name":"Boutique de th\u00e9 en ligne","item":"https:\/\/teasense.ch\/fr\/shop\/"},{"@type":"ListItem","position":3,"name":"Gr\u00fcntee mit Azoren-Ananas"}]},{"@type":"WebSite","@id":"https:\/\/teasense.ch\/fr\/#website","url":"https:\/\/teasense.ch\/fr\/","name":"TeaSense.ch","description":"Nat\u00fcrliche Teemischungen und klassischer Tee","publisher":{"@id":"https:\/\/teasense.ch\/fr\/#organization"},"alternateName":"TeaSense","potentialAction":[{"@type":"SearchAction","target":{"@type":"EntryPoint","urlTemplate":"https:\/\/teasense.ch\/fr\/?s={search_term_string}"},"query-input":{"@type":"PropertyValueSpecification","valueRequired":true,"valueName":"search_term_string"}}],"inLanguage":"fr-CH"},{"@type":"Organization","@id":"https:\/\/teasense.ch\/fr\/#organization","name":"Reale Selection","alternateName":"TeaSense.ch","url":"https:\/\/teasense.ch\/fr\/","logo":{"@type":"ImageObject","inLanguage":"fr-CH","@id":"https:\/\/teasense.ch\/fr\/#\/schema\/logo\/image\/","url":"https:\/\/teasense.ch\/wp-content\/uploads\/2023\/07\/cropped-logo-teasense-kategorie-onlineshop-alle-produkte.jpg","contentUrl":"https:\/\/teasense.ch\/wp-content\/uploads\/2023\/07\/cropped-logo-teasense-kategorie-onlineshop-alle-produkte.jpg","width":512,"height":512,"caption":"Reale Selection"},"image":{"@id":"https:\/\/teasense.ch\/fr\/#\/schema\/logo\/image\/"},"sameAs":["https:\/\/www.facebook.com\/teasense.ch"]}]}},"jetpack-related-posts":[{"id":43045,"url":"https:\/\/teasense.ch\/fr\/produit\/hysson\/","url_meta":{"origin":44127,"position":0},"title":"Hysson","author":"Reale Selection","date":"13. September 2024","format":false,"excerpt":"Gr\u00fcner Tee aus den Azoren (Portugal) 100 Gramm in Originalverpackung Zubereitung Hysson Gr\u00fcntee \ud83e\udd44 1 Teel\u00f6ffel (ca. 2 g) pro Tasse \ud83c\udf21\ufe0f 80\u201385 \u00b0C \u23f3 2\u20133 Minuten","rel":"","context":"Similar post","block_context":{"text":"Similar post","link":""},"img":{"alt_text":"Ch\u00e1 Gorreana Verde Hysson","src":"https:\/\/i0.wp.com\/teasense.ch\/wp-content\/uploads\/2024\/09\/acores-hysson-loose-leaf-100g.png?resize=350%2C200&ssl=1","width":350,"height":200,"srcset":"https:\/\/i0.wp.com\/teasense.ch\/wp-content\/uploads\/2024\/09\/acores-hysson-loose-leaf-100g.png?resize=350%2C200&ssl=1 1x, https:\/\/i0.wp.com\/teasense.ch\/wp-content\/uploads\/2024\/09\/acores-hysson-loose-leaf-100g.png?resize=525%2C300&ssl=1 1.5x, https:\/\/i0.wp.com\/teasense.ch\/wp-content\/uploads\/2024\/09\/acores-hysson-loose-leaf-100g.png?resize=700%2C400&ssl=1 2x"},"classes":[]},{"id":44125,"url":"https:\/\/teasense.ch\/fr\/produit\/broken-leaf-azoren-schwarztee\/","url_meta":{"origin":44127,"position":1},"title":"Broken Leaf \u2013 Azoren Schwarztee","author":"Reale Selection","date":"14. February 2025","format":false,"excerpt":"Zubereitung Broken Leaf \u2013 Azoren Schwarztee \ud83e\udd44 1 Teel\u00f6ffel (ca. 2 g) pro Tasse\ud83c\udf21\ufe0f 90\u201395 \u00b0C\u23f3 2 - 4 Minuten","rel":"","context":"Similar post","block_context":{"text":"Similar post","link":""},"img":{"alt_text":"Broken Leaf \u2013 Azoren Schwarztee Originalverpackung","src":"https:\/\/i0.wp.com\/teasense.ch\/wp-content\/uploads\/2025\/02\/Produktfoto-Broken-Leaf-%E2%80%93-Azoren-Schwarztee-Verpackung.png?resize=350%2C200&ssl=1","width":350,"height":200,"srcset":"https:\/\/i0.wp.com\/teasense.ch\/wp-content\/uploads\/2025\/02\/Produktfoto-Broken-Leaf-%E2%80%93-Azoren-Schwarztee-Verpackung.png?resize=350%2C200&ssl=1 1x, https:\/\/i0.wp.com\/teasense.ch\/wp-content\/uploads\/2025\/02\/Produktfoto-Broken-Leaf-%E2%80%93-Azoren-Schwarztee-Verpackung.png?resize=525%2C300&ssl=1 1.5x, https:\/\/i0.wp.com\/teasense.ch\/wp-content\/uploads\/2025\/02\/Produktfoto-Broken-Leaf-%E2%80%93-Azoren-Schwarztee-Verpackung.png?resize=700%2C400&ssl=1 2x"},"classes":[]},{"id":46847,"url":"https:\/\/teasense.ch\/fr\/produit\/encosta-de-bruma-azoren-gruentee\/","url_meta":{"origin":44127,"position":2},"title":"Encosta de Bruma &#8211; Azoren Gr\u00fcntee","author":"Reale Selection","date":"20. August 2025","format":false,"excerpt":"Zubereitung Encosta de Bruma \u2013 Azoren Gr\u00fcntee \ud83e\udd44 1\u20132 geh\u00e4ufte TL (ca. 2\u202fg) auf 200\u202fml Wasser\ud83c\udf21\ufe0f 75\u201380\u202f\u00b0C\u23f3 2\u20133 Minuten ziehen lassen","rel":"","context":"Similar post","block_context":{"text":"Similar post","link":""},"img":{"alt_text":"Encosta de Bruma - Azoren Gr\u00fcntee","src":"https:\/\/i0.wp.com\/teasense.ch\/wp-content\/uploads\/2025\/08\/encosta-de-bruma-azoren-gruentee.png?resize=350%2C200&ssl=1","width":350,"height":200,"srcset":"https:\/\/i0.wp.com\/teasense.ch\/wp-content\/uploads\/2025\/08\/encosta-de-bruma-azoren-gruentee.png?resize=350%2C200&ssl=1 1x, https:\/\/i0.wp.com\/teasense.ch\/wp-content\/uploads\/2025\/08\/encosta-de-bruma-azoren-gruentee.png?resize=525%2C300&ssl=1 1.5x, https:\/\/i0.wp.com\/teasense.ch\/wp-content\/uploads\/2025\/08\/encosta-de-bruma-azoren-gruentee.png?resize=700%2C400&ssl=1 2x"},"classes":[]},{"id":46858,"url":"https:\/\/teasense.ch\/fr\/produit\/lata-de-cha-edicao-delux-gorreana-gruentee\/","url_meta":{"origin":44127,"position":3},"title":"Lata de Ch\u00e1 (Edi\u00e7\u00e3o Delux) \u2013 Gorreana Gr\u00fcntee","author":"Reale Selection","date":"20. August 2025","format":false,"excerpt":"Zubereitung Gorreana Gr\u00fcntee \ud83e\udd44 1\u20132 geh\u00e4ufte TL (ca. 2\u202fg) auf 200\u202fml Wasser \ud83c\udf21\ufe0f 75\u201380\u202f\u00b0C \u23f3 2\u20133 Minuten ziehen lassen","rel":"","context":"Similar post","block_context":{"text":"Similar post","link":""},"img":{"alt_text":"Encosta de Bruma - Premium Gr\u00fcntee aus den Azoren als Geschenk","src":"https:\/\/i0.wp.com\/teasense.ch\/wp-content\/uploads\/2025\/08\/encosta-de-bruma-premium.png?resize=350%2C200&ssl=1","width":350,"height":200,"srcset":"https:\/\/i0.wp.com\/teasense.ch\/wp-content\/uploads\/2025\/08\/encosta-de-bruma-premium.png?resize=350%2C200&ssl=1 1x, https:\/\/i0.wp.com\/teasense.ch\/wp-content\/uploads\/2025\/08\/encosta-de-bruma-premium.png?resize=525%2C300&ssl=1 1.5x, https:\/\/i0.wp.com\/teasense.ch\/wp-content\/uploads\/2025\/08\/encosta-de-bruma-premium.png?resize=700%2C400&ssl=1 2x"},"classes":[]},{"id":43056,"url":"https:\/\/teasense.ch\/fr\/produit\/orange-pekoe\/","url_meta":{"origin":44127,"position":4},"title":"Orange Pekoe","author":"Reale Selection","date":"13. September 2024","format":false,"excerpt":"Schwarzer Tee aus den Azoren (Portugal) Zubereitung Ch\u00e1 Gorreana Orange Pekoe \ud83e\udd44 1 geh\u00e4ufter TL (ca. 2 g) auf 200 ml Wasser\ud83c\udf21\ufe0f 90 \u2013 95 \u00b0C\u23f3 3 \u2013 5 Minuten ziehen lassen","rel":"","context":"Similar post","block_context":{"text":"Similar post","link":""},"img":{"alt_text":"acores-orange-pekoe-loose-leaf-100g","src":"https:\/\/i0.wp.com\/teasense.ch\/wp-content\/uploads\/2024\/09\/acores-orange-pekoe-loose-leaf-100g.png?resize=350%2C200&ssl=1","width":350,"height":200,"srcset":"https:\/\/i0.wp.com\/teasense.ch\/wp-content\/uploads\/2024\/09\/acores-orange-pekoe-loose-leaf-100g.png?resize=350%2C200&ssl=1 1x, https:\/\/i0.wp.com\/teasense.ch\/wp-content\/uploads\/2024\/09\/acores-orange-pekoe-loose-leaf-100g.png?resize=525%2C300&ssl=1 1.5x, https:\/\/i0.wp.com\/teasense.ch\/wp-content\/uploads\/2024\/09\/acores-orange-pekoe-loose-leaf-100g.png?resize=700%2C400&ssl=1 2x"},"classes":[]},{"id":46855,"url":"https:\/\/teasense.ch\/fr\/produit\/pekoe-gorreana-azoren-schwarztee\/","url_meta":{"origin":44127,"position":5},"title":"Pekoe \u2013 Gorreana Azoren Schwarztee","author":"Reale Selection","date":"20. August 2025","format":false,"excerpt":"Zubereitung Pekoe Schwarztee \u2013 Gorreana \ud83e\udd44 1\u20132 geh\u00e4ufte TL (ca. 2\u202fg) auf 200\u202fml Wasser\ud83c\udf21\ufe0f 100\u202f\u00b0C\u23f3 6\u201310 Minuten ziehen lassen","rel":"","context":"Similar post","block_context":{"text":"Similar post","link":""},"img":{"alt_text":"schwarzertee pekoe aus den Azoren Portugal","src":"https:\/\/i0.wp.com\/teasense.ch\/wp-content\/uploads\/2025\/08\/schwarzertee-pekoe.png?resize=350%2C200&ssl=1","width":350,"height":200,"srcset":"https:\/\/i0.wp.com\/teasense.ch\/wp-content\/uploads\/2025\/08\/schwarzertee-pekoe.png?resize=350%2C200&ssl=1 1x, https:\/\/i0.wp.com\/teasense.ch\/wp-content\/uploads\/2025\/08\/schwarzertee-pekoe.png?resize=525%2C300&ssl=1 1.5x, https:\/\/i0.wp.com\/teasense.ch\/wp-content\/uploads\/2025\/08\/schwarzertee-pekoe.png?resize=700%2C400&ssl=1 2x"},"classes":[]}],"jetpack_sharing_enabled":true,"jetpack_likes_enabled":false,"_links":{"self":[{"href":"https:\/\/teasense.ch\/fr\/wp-json\/wp\/v2\/product\/44127","targetHints":{"allow":["GET"]}}],"collection":[{"href":"https:\/\/teasense.ch\/fr\/wp-json\/wp\/v2\/product"}],"about":[{"href":"https:\/\/teasense.ch\/fr\/wp-json\/wp\/v2\/types\/product"}],"replies":[{"embeddable":true,"href":"https:\/\/teasense.ch\/fr\/wp-json\/wp\/v2\/comments?post=44127"}],"wp:featuredmedia":[{"embeddable":true,"href":"https:\/\/teasense.ch\/fr\/wp-json\/wp\/v2\/media\/44223"}],"wp:attachment":[{"href":"https:\/\/teasense.ch\/fr\/wp-json\/wp\/v2\/media?parent=44127"}],"wp:term":[{"taxonomy":"product_brand","embeddable":true,"href":"https:\/\/teasense.ch\/fr\/wp-json\/wp\/v2\/product_brand?post=44127"},{"taxonomy":"product_cat","embeddable":true,"href":"https:\/\/teasense.ch\/fr\/wp-json\/wp\/v2\/product_cat?post=44127"},{"taxonomy":"product_tag","embeddable":true,"href":"https:\/\/teasense.ch\/fr\/wp-json\/wp\/v2\/product_tag?post=44127"}],"curies":[{"name":"wp","href":"https:\/\/api.w.org\/{rel}","templated":true}]}}