{"id":44270,"date":"2025-02-27T10:31:25","date_gmt":"2025-02-27T09:31:25","guid":{"rendered":"https:\/\/teasense.ch\/?post_type=product&#038;p=44270"},"modified":"2026-05-01T18:16:37","modified_gmt":"2026-05-01T16:16:37","slug":"brauner-kruemelkandis","status":"publish","type":"product","link":"https:\/\/teasense.ch\/produit\/brauner-kruemelkandis\/","title":{"rendered":"Brauner Kr\u00fcmelkandis"},"content":{"rendered":"<h2 data-start=\"99\" data-end=\"181\">Brauner Kr\u00fcmelkandis \u2013 Aromatischer Kandiszucker mit feiner Karamellnote<\/h2>\n<p>Unser brauner Kr\u00fcmelkandis ist die perfekte Wahl f\u00fcr alle, die ihren Tee oder Kaffee nicht nur s\u00fcssen, sondern gleichzeitig auch mit einer feinen Karamellnote veredeln m\u00f6chten. Durch seine feine K\u00f6rnung l\u00f6st er sich besonders schnell auf, sodass er Heissgetr\u00e4nken ein angenehm malziges Aroma verleiht.<\/p>\n<p>Hergestellt aus hochwertigem Zucker, erh\u00e4lt der Kr\u00fcmelkandis seine goldbraune bis dunkle F\u00e4rbung durch einen schonenden Karamellisierungsprozess. Dadurch entsteht das warme, leicht malzige Aroma, das ihn so besonders macht. Er ist daher ideal f\u00fcr Schwarztee, Kr\u00e4utertee, Gl\u00fchwein oder Punsch \u2013 und auch f\u00fcr Desserts sowie Geb\u00e4ck eine wunderbare Zutat.<\/p>\n<h3 data-start=\"1134\" data-end=\"1175\">Warum Brauner Kr\u00fcmelkandis?<\/h3>\n<ul>\n<li data-start=\"1177\" data-end=\"1520\"><strong data-start=\"1179\" data-end=\"1207\">Sanfte, nat\u00fcrliche S\u00fcsse<\/strong> \u2013 perfekt f\u00fcr Tee, Kaffee &amp; Heissgetr\u00e4nke<\/li>\n<li data-start=\"1177\" data-end=\"1520\"><strong data-start=\"1254\" data-end=\"1276\">Feine Karamellnote<\/strong> \u2013 durch schonende Karamellisierung veredelt<\/li>\n<li data-start=\"1177\" data-end=\"1520\"><strong data-start=\"1325\" data-end=\"1369\">Schneller l\u00f6slich als ganze Kandisst\u00fccke<\/strong> \u2013 f\u00fcr optimalen Genuss<\/li>\n<li data-start=\"1177\" data-end=\"1520\"><strong data-start=\"1397\" data-end=\"1422\">Vielseitig verwendbar<\/strong> \u2013 auch f\u00fcr Punsch, Gl\u00fchwein oder Desserts<\/li>\n<li data-start=\"1177\" data-end=\"1520\"><strong data-start=\"1469\" data-end=\"1490\">Ohne Zusatzstoffe<\/strong> \u2013 100 % reiner Kandiszucker<\/li>\n<\/ul>\n<h3 data-start=\"1527\" data-end=\"1561\">Verwendung &amp; Zubereitung<\/h3>\n<p data-start=\"1563\" data-end=\"1764\">Brauner Kandis eignet sich hervorragend f\u00fcr <strong data-start=\"1621\" data-end=\"1657\"><a href=\"https:\/\/teasense.ch\/produkt-kategorie\/losertee\/schwarztee\/\">Schwarztee<\/a>, <a href=\"https:\/\/teasense.ch\/produkt-kategorie\/losertee\/kraeutertee\/\">Kr\u00e4utertee<\/a><\/strong> oder<a href=\"https:\/\/teasense.ch\/produkt-kategorie\/losertee\/chai\/\"> <strong data-start=\"1621\" data-end=\"1657\">Chai<\/strong><\/a>. Er passt aber auch wunderbar in Punsch oder selbstgemachten Gl\u00fchwein mit unserer <a href=\"https:\/\/teasense.ch\/produkt\/gluehweingewuerz\/\">Gl\u00fchweingew\u00fcrzmischung<\/a>, da er f\u00fcr eine angenehme S\u00fcsse mit feinem Karamellaroma sorgt.<\/p>\n<p data-start=\"1766\" data-end=\"1946\">F\u00fcr heisse Getr\u00e4nke gibst du einfach 1 Teel\u00f6ffel Kandis in die Tasse und l\u00e4sst ihn im heissen Getr\u00e4nk langsam aufl\u00f6sen. Je nach gew\u00fcnschter S\u00fcsse kannst du die Menge individuell anpassen.<\/p>\n<h3 data-start=\"2219\" data-end=\"2237\">Lagerung<\/h3>\n<p data-start=\"2239\" data-end=\"2371\">Damit der Kandis seine Konsistenz und sein Aroma beh\u00e4lt, sollte er trocken und luftdicht verschlossen aufbewahrt werden.<\/p>\n<p data-start=\"2239\" data-end=\"2371\">\ud83d\udc49 Entdecke auch unsere <a href=\"https:\/\/teasense.ch\/produkt\/kandisstick\/\" rel=\"noopener\" data-start=\"2295\" data-end=\"2313\">Kandis-Sticks<\/a> \u2013 die elegante Alternative f\u00fcr stilvollen Teegenuss!<\/p>\n<p data-start=\"2239\" data-end=\"2371\">\ud83d\udca1 <strong data-start=\"2001\" data-end=\"2010\">Tipp: <\/strong>Auch ideal zum Karamellisieren von Desserts oder als s\u00fcsse Note in winterlichen Getr\u00e4nken.<\/p>\n","protected":false},"excerpt":{"rendered":"<h4>Verwendung von gebrochenem Kandis im Tee<\/h4>\n<p>\ud83e\udd44 1 TL in heisses Getr\u00e4nk geben<br \/>\n\u23f3 Langsam aufl\u00f6sen lassen<br \/>\n\ud83c\udf00 Umr\u00fchren<\/p>\n","protected":false},"featured_media":44275,"comment_status":"open","ping_status":"closed","template":"","meta":{"_et_pb_use_builder":"","_et_pb_old_content":"","_et_gb_content_width":""},"product_brand":[],"product_cat":[74,79],"product_tag":[],"class_list":{"0":"post-44270","1":"product","2":"type-product","3":"status-publish","4":"has-post-thumbnail","6":"product_cat-alle-produkte","7":"product_cat-teezubehoer","8":"pa_herkunft-deutschland","9":"pa_weight-100-g","10":"pa_weight-1000-g","11":"pa_weight-400-g","12":"pa_weight-5000-g","14":"first","15":"instock","16":"shipping-taxable","17":"purchasable","18":"product-type-variable","19":"has-default-attributes","20":"add-to-wishlist-before_image"},"yoast_head":"<!-- This site is optimized with the Yoast SEO plugin v27.5 - https:\/\/yoast.com\/product\/yoast-seo-wordpress\/ -->\n<title>Brauner Kr\u00fcmelkandis - TeaSense.ch - Tee Shop Schweiz<\/title>\n<meta name=\"description\" content=\"Brauner Kr\u00fcmelkandis \u2013 feiner Kandiszucker mit milder Karamellnote. Perfekt f\u00fcr Tee, Kaffee &amp; Gl\u00fchwein. Jetzt entdecken &amp; online kaufen!\" \/>\n<meta name=\"robots\" content=\"index, follow, max-snippet:-1, max-image-preview:large, max-video-preview:-1\" \/>\n<link rel=\"canonical\" href=\"https:\/\/teasense.ch\/fr\/produit\/brauner-kruemelkandis\/\" \/>\n<meta property=\"og:locale\" content=\"fr_FR\" \/>\n<meta property=\"og:type\" content=\"article\" \/>\n<meta property=\"og:title\" content=\"Brauner Kr\u00fcmelkandis - TeaSense.ch - Tee Shop Schweiz\" \/>\n<meta property=\"og:description\" content=\"Brauner Kr\u00fcmelkandis \u2013 feiner Kandiszucker mit milder Karamellnote. Perfekt f\u00fcr Tee, Kaffee &amp; Gl\u00fchwein. Jetzt entdecken &amp; online kaufen!\" \/>\n<meta property=\"og:url\" content=\"https:\/\/teasense.ch\/produit\/brauner-kruemelkandis\/\" \/>\n<meta property=\"og:site_name\" content=\"TeaSense.ch - Tee Shop Schweiz\" \/>\n<meta property=\"article:publisher\" content=\"https:\/\/www.facebook.com\/teasense.ch\" \/>\n<meta property=\"article:modified_time\" content=\"2026-05-01T16:16:37+00:00\" \/>\n<meta property=\"og:image\" content=\"https:\/\/teasense.ch\/wp-content\/uploads\/2025\/02\/Kandis-Braun.png\" \/>\n\t<meta property=\"og:image:width\" content=\"800\" \/>\n\t<meta property=\"og:image:height\" content=\"800\" \/>\n\t<meta property=\"og:image:type\" content=\"image\/png\" \/>\n<meta name=\"twitter:card\" content=\"summary_large_image\" \/>\n<meta name=\"twitter:label1\" content=\"Est. reading time\" \/>\n\t<meta name=\"twitter:data1\" content=\"2 minutes\" \/>\n<!-- \/ Yoast SEO plugin. -->","yoast_head_json":{"title":"Brauner Kr\u00fcmelkandis - TeaSense.ch - Tee Shop Schweiz","description":"Brauner Kr\u00fcmelkandis \u2013 feiner Kandiszucker mit milder Karamellnote. Perfekt f\u00fcr Tee, Kaffee & Gl\u00fchwein. Jetzt entdecken & online kaufen!","robots":{"index":"index","follow":"follow","max-snippet":"max-snippet:-1","max-image-preview":"max-image-preview:large","max-video-preview":"max-video-preview:-1"},"canonical":"https:\/\/teasense.ch\/fr\/produit\/brauner-kruemelkandis\/","og_locale":"fr_FR","og_type":"article","og_title":"Brauner Kr\u00fcmelkandis - TeaSense.ch - Tee Shop Schweiz","og_description":"Brauner Kr\u00fcmelkandis \u2013 feiner Kandiszucker mit milder Karamellnote. Perfekt f\u00fcr Tee, Kaffee & Gl\u00fchwein. Jetzt entdecken & online kaufen!","og_url":"https:\/\/teasense.ch\/produit\/brauner-kruemelkandis\/","og_site_name":"TeaSense.ch - Tee Shop Schweiz","article_publisher":"https:\/\/www.facebook.com\/teasense.ch","article_modified_time":"2026-05-01T16:16:37+00:00","og_image":[{"width":800,"height":800,"url":"https:\/\/teasense.ch\/wp-content\/uploads\/2025\/02\/Kandis-Braun.png","type":"image\/png"}],"twitter_card":"summary_large_image","twitter_misc":{"Est. reading time":"2 minutes"},"schema":{"@context":"https:\/\/schema.org","@graph":[{"@type":"WebPage","@id":"https:\/\/teasense.ch\/produit\/brauner-kruemelkandis\/","url":"https:\/\/teasense.ch\/produit\/brauner-kruemelkandis\/","name":"Brauner Kr\u00fcmelkandis - TeaSense.ch - Tee Shop Schweiz","isPartOf":{"@id":"https:\/\/teasense.ch\/fr\/#website"},"primaryImageOfPage":{"@id":"https:\/\/teasense.ch\/produit\/brauner-kruemelkandis\/#primaryimage"},"image":{"@id":"https:\/\/teasense.ch\/produit\/brauner-kruemelkandis\/#primaryimage"},"thumbnailUrl":"https:\/\/teasense.ch\/wp-content\/uploads\/2025\/02\/Kandis-Braun.png","datePublished":"2025-02-27T09:31:25+00:00","dateModified":"2026-05-01T16:16:37+00:00","description":"Brauner Kr\u00fcmelkandis \u2013 feiner Kandiszucker mit milder Karamellnote. Perfekt f\u00fcr Tee, Kaffee & Gl\u00fchwein. Jetzt entdecken & online kaufen!","breadcrumb":{"@id":"https:\/\/teasense.ch\/produit\/brauner-kruemelkandis\/#breadcrumb"},"inLanguage":"fr-CH","potentialAction":[{"@type":"ReadAction","target":["https:\/\/teasense.ch\/produit\/brauner-kruemelkandis\/"]}]},{"@type":"ImageObject","inLanguage":"fr-CH","@id":"https:\/\/teasense.ch\/produit\/brauner-kruemelkandis\/#primaryimage","url":"https:\/\/teasense.ch\/wp-content\/uploads\/2025\/02\/Kandis-Braun.png","contentUrl":"https:\/\/teasense.ch\/wp-content\/uploads\/2025\/02\/Kandis-Braun.png","width":800,"height":800,"caption":"Brauner Kandis gebrochen \u2013 Aromatischer Kandiszucker mit feiner Karamellnote"},{"@type":"BreadcrumbList","@id":"https:\/\/teasense.ch\/produit\/brauner-kruemelkandis\/#breadcrumb","itemListElement":[{"@type":"ListItem","position":1,"name":"Startseite","item":"https:\/\/teasense.ch\/fr\/startseite\/"},{"@type":"ListItem","position":2,"name":"Boutique de th\u00e9 en ligne","item":"https:\/\/teasense.ch\/fr\/shop\/"},{"@type":"ListItem","position":3,"name":"Brauner Kr\u00fcmelkandis"}]},{"@type":"WebSite","@id":"https:\/\/teasense.ch\/fr\/#website","url":"https:\/\/teasense.ch\/fr\/","name":"TeaSense.ch","description":"Nat\u00fcrliche Teemischungen und klassischer Tee","publisher":{"@id":"https:\/\/teasense.ch\/fr\/#organization"},"alternateName":"TeaSense","potentialAction":[{"@type":"SearchAction","target":{"@type":"EntryPoint","urlTemplate":"https:\/\/teasense.ch\/fr\/?s={search_term_string}"},"query-input":{"@type":"PropertyValueSpecification","valueRequired":true,"valueName":"search_term_string"}}],"inLanguage":"fr-CH"},{"@type":"Organization","@id":"https:\/\/teasense.ch\/fr\/#organization","name":"Reale Selection","alternateName":"TeaSense.ch","url":"https:\/\/teasense.ch\/fr\/","logo":{"@type":"ImageObject","inLanguage":"fr-CH","@id":"https:\/\/teasense.ch\/fr\/#\/schema\/logo\/image\/","url":"https:\/\/teasense.ch\/wp-content\/uploads\/2023\/07\/cropped-logo-teasense-kategorie-onlineshop-alle-produkte.jpg","contentUrl":"https:\/\/teasense.ch\/wp-content\/uploads\/2023\/07\/cropped-logo-teasense-kategorie-onlineshop-alle-produkte.jpg","width":512,"height":512,"caption":"Reale Selection"},"image":{"@id":"https:\/\/teasense.ch\/fr\/#\/schema\/logo\/image\/"},"sameAs":["https:\/\/www.facebook.com\/teasense.ch"]}]}},"jetpack-related-posts":[{"id":33137,"url":"https:\/\/teasense.ch\/produit\/kandisstick\/","url_meta":{"origin":44270,"position":0},"title":"Kandisstick","author":"Reale Selection","date":"29. June 2023","format":false,"excerpt":"Kandiszucker Stick braun Einzeln verpackt, in Celophan, ca 16 cm lang.","rel":"","context":"Similar post","block_context":{"text":"Similar post","link":""},"img":{"alt_text":"Kandis Stick einzeln verpackt, braun","src":"https:\/\/i0.wp.com\/teasense.ch\/wp-content\/uploads\/2023\/06\/kandiszucker-stick-braun.png?resize=350%2C200&ssl=1","width":350,"height":200,"srcset":"https:\/\/i0.wp.com\/teasense.ch\/wp-content\/uploads\/2023\/06\/kandiszucker-stick-braun.png?resize=350%2C200&ssl=1 1x, https:\/\/i0.wp.com\/teasense.ch\/wp-content\/uploads\/2023\/06\/kandiszucker-stick-braun.png?resize=525%2C300&ssl=1 1.5x, https:\/\/i0.wp.com\/teasense.ch\/wp-content\/uploads\/2023\/06\/kandiszucker-stick-braun.png?resize=700%2C400&ssl=1 2x"},"classes":[]},{"id":44318,"url":"https:\/\/teasense.ch\/fr\/produit\/houjicha-pulver-geroesteter-gruentee\/","url_meta":{"origin":44270,"position":1},"title":"Houjicha Pulver \u2013 Ger\u00f6steter Gr\u00fcntee","author":"Reale Selection","date":"27. February 2025","format":false,"excerpt":"Zubereitung \u2013 Houjicha Tee - Klassische Variante \ud83e\udd44 1 TL Houjicha Pulver auf 200 ml Wasser\ud83c\udf21\ufe0f 80 \u00b0C \u2013 nicht kochend, sondern leicht abgek\u00fchlt\ud83c\udf00 ca. 30 Sekunden gut verr\u00fchren und direkt geniesse","rel":"","context":"Similar post","block_context":{"text":"Similar post","link":""},"img":{"alt_text":"Houjicha Pulver","src":"https:\/\/i0.wp.com\/teasense.ch\/wp-content\/uploads\/2025\/02\/Houjicha-Pulver.png?resize=350%2C200&ssl=1","width":350,"height":200,"srcset":"https:\/\/i0.wp.com\/teasense.ch\/wp-content\/uploads\/2025\/02\/Houjicha-Pulver.png?resize=350%2C200&ssl=1 1x, https:\/\/i0.wp.com\/teasense.ch\/wp-content\/uploads\/2025\/02\/Houjicha-Pulver.png?resize=525%2C300&ssl=1 1.5x, https:\/\/i0.wp.com\/teasense.ch\/wp-content\/uploads\/2025\/02\/Houjicha-Pulver.png?resize=700%2C400&ssl=1 2x"},"classes":[]},{"id":38612,"url":"https:\/\/teasense.ch\/fr\/produit\/gewuerz-box\/","url_meta":{"origin":44270,"position":2},"title":"Gew\u00fcrz Box","author":"Reale Selection","date":"26. October 2023","format":false,"excerpt":"6 verschiedene Gew\u00fcrze \u00e0 20 Gramm","rel":"","context":"Similar post","block_context":{"text":"Similar post","link":""},"img":{"alt_text":"Weihnachtsgeschenk Box versandfertig","src":"https:\/\/i0.wp.com\/teasense.ch\/wp-content\/uploads\/2023\/10\/gewuerz-box-verpackung.jpg?resize=350%2C200&ssl=1","width":350,"height":200,"srcset":"https:\/\/i0.wp.com\/teasense.ch\/wp-content\/uploads\/2023\/10\/gewuerz-box-verpackung.jpg?resize=350%2C200&ssl=1 1x, https:\/\/i0.wp.com\/teasense.ch\/wp-content\/uploads\/2023\/10\/gewuerz-box-verpackung.jpg?resize=525%2C300&ssl=1 1.5x, https:\/\/i0.wp.com\/teasense.ch\/wp-content\/uploads\/2023\/10\/gewuerz-box-verpackung.jpg?resize=700%2C400&ssl=1 2x"},"classes":[]},{"id":44305,"url":"https:\/\/teasense.ch\/fr\/produit\/english-breakfast-tea-broken\/","url_meta":{"origin":44270,"position":3},"title":"English Breakfast Tea Broken","author":"Reale Selection","date":"27. February 2025","format":false,"excerpt":"Zubereitung English Breakfast Tea Broken \ud83e\udd44 1 TL auf 200 ml Wasser \ud83c\udf21\ufe0f 95 - 100 \u00b0C \u23f3 3 - 5 Minuten ziehen lassen","rel":"","context":"Similar post","block_context":{"text":"Similar post","link":""},"img":{"alt_text":"English Breakfast Tea Loser Schwarztee","src":"https:\/\/i0.wp.com\/teasense.ch\/wp-content\/uploads\/2025\/02\/English-Breakfast-Tea-Loser-Tee.png?resize=350%2C200&ssl=1","width":350,"height":200,"srcset":"https:\/\/i0.wp.com\/teasense.ch\/wp-content\/uploads\/2025\/02\/English-Breakfast-Tea-Loser-Tee.png?resize=350%2C200&ssl=1 1x, https:\/\/i0.wp.com\/teasense.ch\/wp-content\/uploads\/2025\/02\/English-Breakfast-Tea-Loser-Tee.png?resize=525%2C300&ssl=1 1.5x, https:\/\/i0.wp.com\/teasense.ch\/wp-content\/uploads\/2025\/02\/English-Breakfast-Tea-Loser-Tee.png?resize=700%2C400&ssl=1 2x"},"classes":[]},{"id":33588,"url":"https:\/\/teasense.ch\/fr\/produit\/anis\/","url_meta":{"origin":44270,"position":4},"title":"Anis","author":"Reale Selection","date":"17. July 2023","format":false,"excerpt":"Zubereitung Anis Tee \ud83e\udd44 1 Teel\u00f6ffel Anissamen pro Tasse (200 ml) \ud83c\udf21\ufe0f 100 \u00b0C (kochendes Wasser) \u23f3 6\u20139 Minuten","rel":"","context":"Similar post","block_context":{"text":"Similar post","link":""},"img":{"alt_text":"Anis","src":"https:\/\/i0.wp.com\/teasense.ch\/wp-content\/uploads\/2023\/07\/bio-anis-plain.jpg?resize=350%2C200&ssl=1","width":350,"height":200,"srcset":"https:\/\/i0.wp.com\/teasense.ch\/wp-content\/uploads\/2023\/07\/bio-anis-plain.jpg?resize=350%2C200&ssl=1 1x, https:\/\/i0.wp.com\/teasense.ch\/wp-content\/uploads\/2023\/07\/bio-anis-plain.jpg?resize=525%2C300&ssl=1 1.5x, https:\/\/i0.wp.com\/teasense.ch\/wp-content\/uploads\/2023\/07\/bio-anis-plain.jpg?resize=700%2C400&ssl=1 2x"},"classes":[]},{"id":33534,"url":"https:\/\/teasense.ch\/fr\/produit\/zimtrinde-cassia\/","url_meta":{"origin":44270,"position":5},"title":"Zimtrinde Cassia geschnitten","author":"Reale Selection","date":"7. July 2023","format":false,"excerpt":"Zubereitung Zimt-Tee \ud83e\udd44 1 - 2 TL Zimtst\u00fccke pro Tasse\ud83c\udf21\ufe0f 95 \u00b0C\u23f3 10 - 15 Minuten","rel":"","context":"Similar post","block_context":{"text":"Similar post","link":""},"img":{"alt_text":"Zimtrinde Cassia geschnitten auf einem weissen Blatt Papier","src":"https:\/\/i0.wp.com\/teasense.ch\/wp-content\/uploads\/2023\/07\/zimtstuecke-auf-einem-weissen-blatt-papier.png?resize=350%2C200&ssl=1","width":350,"height":200,"srcset":"https:\/\/i0.wp.com\/teasense.ch\/wp-content\/uploads\/2023\/07\/zimtstuecke-auf-einem-weissen-blatt-papier.png?resize=350%2C200&ssl=1 1x, https:\/\/i0.wp.com\/teasense.ch\/wp-content\/uploads\/2023\/07\/zimtstuecke-auf-einem-weissen-blatt-papier.png?resize=525%2C300&ssl=1 1.5x, https:\/\/i0.wp.com\/teasense.ch\/wp-content\/uploads\/2023\/07\/zimtstuecke-auf-einem-weissen-blatt-papier.png?resize=700%2C400&ssl=1 2x"},"classes":[]}],"jetpack_sharing_enabled":true,"jetpack_likes_enabled":false,"_links":{"self":[{"href":"https:\/\/teasense.ch\/fr\/wp-json\/wp\/v2\/product\/44270","targetHints":{"allow":["GET"]}}],"collection":[{"href":"https:\/\/teasense.ch\/fr\/wp-json\/wp\/v2\/product"}],"about":[{"href":"https:\/\/teasense.ch\/fr\/wp-json\/wp\/v2\/types\/product"}],"replies":[{"embeddable":true,"href":"https:\/\/teasense.ch\/fr\/wp-json\/wp\/v2\/comments?post=44270"}],"wp:featuredmedia":[{"embeddable":true,"href":"https:\/\/teasense.ch\/fr\/wp-json\/wp\/v2\/media\/44275"}],"wp:attachment":[{"href":"https:\/\/teasense.ch\/fr\/wp-json\/wp\/v2\/media?parent=44270"}],"wp:term":[{"taxonomy":"product_brand","embeddable":true,"href":"https:\/\/teasense.ch\/fr\/wp-json\/wp\/v2\/product_brand?post=44270"},{"taxonomy":"product_cat","embeddable":true,"href":"https:\/\/teasense.ch\/fr\/wp-json\/wp\/v2\/product_cat?post=44270"},{"taxonomy":"product_tag","embeddable":true,"href":"https:\/\/teasense.ch\/fr\/wp-json\/wp\/v2\/product_tag?post=44270"}],"curies":[{"name":"wp","href":"https:\/\/api.w.org\/{rel}","templated":true}]}}