{"id":46959,"date":"2025-08-27T16:49:26","date_gmt":"2025-08-27T14:49:26","guid":{"rendered":"https:\/\/teasense.ch\/?post_type=product&#038;p=46959"},"modified":"2026-02-18T14:13:25","modified_gmt":"2026-02-18T13:13:25","slug":"tee-box","status":"publish","type":"product","link":"https:\/\/teasense.ch\/fr\/produit\/tee-box\/","title":{"rendered":"Tee Box"},"content":{"rendered":"<h2 data-start=\"324\" data-end=\"740\">Tee Probierbox<\/h2>\n<p data-start=\"324\" data-end=\"740\">Unsere Tee-Box bietet dir die perfekte M\u00f6glichkeit, unterschiedliche Teesorten zu probieren und neue Geschmacksrichtungen zu entdecken. Jede Variante enth\u00e4lt handverlesene Teesorten \u00e0 40\u201360 g sowie eine Packung mit 50 leeren Teefilterbeuteln. Die Auswahl vereint Gr\u00fcntee, Schwarztee, Kr\u00e4utertee, Fr\u00fcchtetee, Rooibos und saisonale Spezialit\u00e4ten \u2013 so ist f\u00fcr jeden Geschmack etwas dabei und du erlebst abwechslungsreiche Teestunden.<\/p>\n<h3 data-start=\"742\" data-end=\"786\">Sorten werden zuf\u00e4llig zusammengestellt<\/h3>\n<p data-start=\"788\" data-end=\"1109\">Die Tees in der Box werden zuf\u00e4llig ausgew\u00e4hlt, sodass jede Box eine kleine \u00dcberraschung ist. So entdeckst du immer wieder neue Lieblings-Tees.<\/p>\n<h3 data-start=\"1111\" data-end=\"1150\">Vielseitig geniessen<\/h3>\n<p data-start=\"1152\" data-end=\"1452\">Die enthaltenen <a href=\"https:\/\/teasense.ch\/produkt\/teetassenbeutel\/\">Teetassenbeutel<\/a> machen das Portionieren einfach und erm\u00f6glichen dir, die Tees direkt zuzubereiten. Jede Sorte reicht f\u00fcr mehrere Tassen, sodass du abwechslungsreichen Teegenuss jederzeit geniessen kannst.<\/p>\n<h3>Ideal f\u00fcr Pausen, B\u00fcro oder Zuhause<\/h3>\n<p>Die Tee-Box eignet sich sowohl f\u00fcr gem\u00fctliche Teestunden zu Hause als auch f\u00fcr Pausenr\u00e4ume oder kleinere Teams im B\u00fcro. So bringst du abwechslungsreiche Teemomente in den Alltag und kannst jederzeit eine kleine Auszeit geniessen.<\/p>\n<h3>Tee Geschenkbox<\/h3>\n<p>Ob f\u00fcr Freunde, Familie oder Kollegen \u2013 die Tee-Box ist ein unkompliziertes und vielseitiges Geschenk. Durch die Mischung an handverlesenen Teesorten erhalten Beschenkte abwechslungsreiche Teestunden. Verpackung und Versand sind bereits im Preis enthalten \u2013 du kannst die Box direkt verschenken.<\/p>\n<p data-start=\"1481\" data-end=\"1843\">Die Tee-Box wird sicher in einem stabilen Versandkarton geliefert. Der Versand ist im Preis enthalten.<br \/>\nAlle Tees stammen aus sorgf\u00e4ltiger Auswahl und enthalten keine k\u00fcnstlichen Aromen \u2013 f\u00fcr ehrlichen, nat\u00fcrlichen Teegenuss.<\/p>\n","protected":false},"excerpt":{"rendered":"<ul>\n<li>10, 20 oder 30 verschiedene Teesorten<\/li>\n<li>1 Packung leere Teetassenbeutel<\/li>\n<li>B-Post Versand inklusive<\/li>\n<\/ul>\n","protected":false},"featured_media":46961,"comment_status":"open","ping_status":"closed","template":"","meta":{"_et_pb_use_builder":"","_et_pb_old_content":"","_et_gb_content_width":""},"product_brand":[],"product_cat":[74,19,59],"product_tag":[],"class_list":{"0":"post-46959","1":"product","2":"type-product","3":"status-publish","4":"has-post-thumbnail","6":"product_cat-alle-produkte","7":"product_cat-tee","8":"product_cat-tee-geschenke","9":"pa_packungen-209","10":"pa_packungen-210","11":"pa_packungen-212","13":"first","14":"instock","15":"shipping-taxable","16":"purchasable","17":"product-type-variable","18":"add-to-wishlist-before_image"},"yoast_head":"<!-- This site is optimized with the Yoast SEO plugin v27.4 - https:\/\/yoast.com\/product\/yoast-seo-wordpress\/ -->\n<title>Tee Box - TeaSense.ch - Tee Shop Schweiz<\/title>\n<meta name=\"description\" content=\"Tee Box mit verschiedenen Teesorten und einer Packung Teetassenbeuteln. Es ist die perfekte Tee Probierbox oder Tee Geschenkbox.\" \/>\n<meta name=\"robots\" content=\"index, follow, max-snippet:-1, max-image-preview:large, max-video-preview:-1\" \/>\n<link rel=\"canonical\" href=\"https:\/\/teasense.ch\/fr\/produit\/tee-box\/\" \/>\n<meta property=\"og:locale\" content=\"fr_FR\" \/>\n<meta property=\"og:type\" content=\"article\" \/>\n<meta property=\"og:title\" content=\"Tee Box - TeaSense.ch - Tee Shop Schweiz\" \/>\n<meta property=\"og:description\" content=\"Tee Box mit verschiedenen Teesorten und einer Packung Teetassenbeuteln. Es ist die perfekte Tee Probierbox oder Tee Geschenkbox.\" \/>\n<meta property=\"og:url\" content=\"https:\/\/teasense.ch\/fr\/produit\/tee-box\/\" \/>\n<meta property=\"og:site_name\" content=\"TeaSense.ch - Tee Shop Schweiz\" \/>\n<meta property=\"article:publisher\" content=\"https:\/\/www.facebook.com\/teasense.ch\" \/>\n<meta property=\"article:modified_time\" content=\"2026-02-18T13:13:25+00:00\" \/>\n<meta property=\"og:image\" content=\"https:\/\/teasense.ch\/wp-content\/uploads\/2025\/08\/teebox.png\" \/>\n\t<meta property=\"og:image:width\" content=\"800\" \/>\n\t<meta property=\"og:image:height\" content=\"800\" \/>\n\t<meta property=\"og:image:type\" content=\"image\/png\" \/>\n<meta name=\"twitter:card\" content=\"summary_large_image\" \/>\n<meta name=\"twitter:label1\" content=\"Est. reading time\" \/>\n\t<meta name=\"twitter:data1\" content=\"2 minutes\" \/>\n<!-- \/ Yoast SEO plugin. -->","yoast_head_json":{"title":"Tee Box - TeaSense.ch - Tee Shop Schweiz","description":"Tee Box mit verschiedenen Teesorten und einer Packung Teetassenbeuteln. Es ist die perfekte Tee Probierbox oder Tee Geschenkbox.","robots":{"index":"index","follow":"follow","max-snippet":"max-snippet:-1","max-image-preview":"max-image-preview:large","max-video-preview":"max-video-preview:-1"},"canonical":"https:\/\/teasense.ch\/fr\/produit\/tee-box\/","og_locale":"fr_FR","og_type":"article","og_title":"Tee Box - TeaSense.ch - Tee Shop Schweiz","og_description":"Tee Box mit verschiedenen Teesorten und einer Packung Teetassenbeuteln. Es ist die perfekte Tee Probierbox oder Tee Geschenkbox.","og_url":"https:\/\/teasense.ch\/fr\/produit\/tee-box\/","og_site_name":"TeaSense.ch - Tee Shop Schweiz","article_publisher":"https:\/\/www.facebook.com\/teasense.ch","article_modified_time":"2026-02-18T13:13:25+00:00","og_image":[{"width":800,"height":800,"url":"https:\/\/teasense.ch\/wp-content\/uploads\/2025\/08\/teebox.png","type":"image\/png"}],"twitter_card":"summary_large_image","twitter_misc":{"Est. reading time":"2 minutes"},"schema":{"@context":"https:\/\/schema.org","@graph":[{"@type":"WebPage","@id":"https:\/\/teasense.ch\/fr\/produit\/tee-box\/","url":"https:\/\/teasense.ch\/fr\/produit\/tee-box\/","name":"Tee Box - TeaSense.ch - Tee Shop Schweiz","isPartOf":{"@id":"https:\/\/teasense.ch\/fr\/#website"},"primaryImageOfPage":{"@id":"https:\/\/teasense.ch\/fr\/produit\/tee-box\/#primaryimage"},"image":{"@id":"https:\/\/teasense.ch\/fr\/produit\/tee-box\/#primaryimage"},"thumbnailUrl":"https:\/\/teasense.ch\/wp-content\/uploads\/2025\/08\/teebox.png","datePublished":"2025-08-27T14:49:26+00:00","dateModified":"2026-02-18T13:13:25+00:00","description":"Tee Box mit verschiedenen Teesorten und einer Packung Teetassenbeuteln. Es ist die perfekte Tee Probierbox oder Tee Geschenkbox.","breadcrumb":{"@id":"https:\/\/teasense.ch\/fr\/produit\/tee-box\/#breadcrumb"},"inLanguage":"fr-CH","potentialAction":[{"@type":"ReadAction","target":["https:\/\/teasense.ch\/fr\/produit\/tee-box\/"]}]},{"@type":"ImageObject","inLanguage":"fr-CH","@id":"https:\/\/teasense.ch\/fr\/produit\/tee-box\/#primaryimage","url":"https:\/\/teasense.ch\/wp-content\/uploads\/2025\/08\/teebox.png","contentUrl":"https:\/\/teasense.ch\/wp-content\/uploads\/2025\/08\/teebox.png","width":800,"height":800,"caption":"Tee Box - handverlesene Teesorten inklusive Teetassenbeuteln"},{"@type":"BreadcrumbList","@id":"https:\/\/teasense.ch\/fr\/produit\/tee-box\/#breadcrumb","itemListElement":[{"@type":"ListItem","position":1,"name":"Startseite","item":"https:\/\/teasense.ch\/fr\/startseite\/"},{"@type":"ListItem","position":2,"name":"Boutique de th\u00e9 en ligne","item":"https:\/\/teasense.ch\/fr\/shop\/"},{"@type":"ListItem","position":3,"name":"Tee Box"}]},{"@type":"WebSite","@id":"https:\/\/teasense.ch\/fr\/#website","url":"https:\/\/teasense.ch\/fr\/","name":"TeaSense.ch","description":"Nat\u00fcrliche Teemischungen und klassischer Tee","publisher":{"@id":"https:\/\/teasense.ch\/fr\/#organization"},"alternateName":"TeaSense","potentialAction":[{"@type":"SearchAction","target":{"@type":"EntryPoint","urlTemplate":"https:\/\/teasense.ch\/fr\/?s={search_term_string}"},"query-input":{"@type":"PropertyValueSpecification","valueRequired":true,"valueName":"search_term_string"}}],"inLanguage":"fr-CH"},{"@type":"Organization","@id":"https:\/\/teasense.ch\/fr\/#organization","name":"Reale Selection","alternateName":"TeaSense.ch","url":"https:\/\/teasense.ch\/fr\/","logo":{"@type":"ImageObject","inLanguage":"fr-CH","@id":"https:\/\/teasense.ch\/fr\/#\/schema\/logo\/image\/","url":"https:\/\/teasense.ch\/wp-content\/uploads\/2023\/07\/cropped-logo-teasense-kategorie-onlineshop-alle-produkte.jpg","contentUrl":"https:\/\/teasense.ch\/wp-content\/uploads\/2023\/07\/cropped-logo-teasense-kategorie-onlineshop-alle-produkte.jpg","width":512,"height":512,"caption":"Reale Selection"},"image":{"@id":"https:\/\/teasense.ch\/fr\/#\/schema\/logo\/image\/"},"sameAs":["https:\/\/www.facebook.com\/teasense.ch"]}]}},"jetpack-related-posts":[{"id":48120,"url":"https:\/\/teasense.ch\/it\/produit\/kundengeschenk-tee\/","url_meta":{"origin":46959,"position":0},"title":"Regalo t\u00e8 aziendale","author":"Reale Selection","date":"2. March 2026","format":false,"excerpt":"100 g di una miscela di t\u00e8 selezionata Scelta tra tre variet\u00e0 Confezionato in sacchetto kraft con finestra Da 20 pezzi - ordina 100 pezzi nello shop Tempi di consegna ca. 14 giorni lavorativi","rel":"","context":"Similar post","block_context":{"text":"Similar post","link":""},"img":{"alt_text":"Auswahl Tee Kundengeschenke Schwarztee Kr\u00e4utertee Fr\u00fcchtetee","src":"https:\/\/i0.wp.com\/teasense.ch\/wp-content\/uploads\/2026\/03\/auswahl-tee-kundengeschenke.png?resize=350%2C200&ssl=1","width":350,"height":200,"srcset":"https:\/\/i0.wp.com\/teasense.ch\/wp-content\/uploads\/2026\/03\/auswahl-tee-kundengeschenke.png?resize=350%2C200&ssl=1 1x, https:\/\/i0.wp.com\/teasense.ch\/wp-content\/uploads\/2026\/03\/auswahl-tee-kundengeschenke.png?resize=525%2C300&ssl=1 1.5x, https:\/\/i0.wp.com\/teasense.ch\/wp-content\/uploads\/2026\/03\/auswahl-tee-kundengeschenke.png?resize=700%2C400&ssl=1 2x"},"classes":[]},{"id":48422,"url":"https:\/\/teasense.ch\/en\/produit\/stainless-steel-tea-infuser-75-mm\/","url_meta":{"origin":46959,"position":1},"title":"Stainless Steel Tea Infuser 75 mm","author":"Reale Selection","date":"7. January 2026","format":false,"excerpt":"Stainless steel sieve 75 mm (\u00d8 75\/85 x 50 mm)","rel":"","context":"Similar post","block_context":{"text":"Similar post","link":""},"img":{"alt_text":"Edelstahlsieb 75 mm 85 x 50 mm","src":"https:\/\/i0.wp.com\/teasense.ch\/wp-content\/uploads\/2026\/01\/edelstahlsieb-75-mm-85-x-50-mm.png?resize=350%2C200&ssl=1","width":350,"height":200,"srcset":"https:\/\/i0.wp.com\/teasense.ch\/wp-content\/uploads\/2026\/01\/edelstahlsieb-75-mm-85-x-50-mm.png?resize=350%2C200&ssl=1 1x, https:\/\/i0.wp.com\/teasense.ch\/wp-content\/uploads\/2026\/01\/edelstahlsieb-75-mm-85-x-50-mm.png?resize=525%2C300&ssl=1 1.5x, https:\/\/i0.wp.com\/teasense.ch\/wp-content\/uploads\/2026\/01\/edelstahlsieb-75-mm-85-x-50-mm.png?resize=700%2C400&ssl=1 2x"},"classes":[]},{"id":48114,"url":"https:\/\/teasense.ch\/en\/produit\/wild-cherry-black-tea\/","url_meta":{"origin":46959,"position":2},"title":"Wild Cherry Black Tea","author":"Reale Selection","date":"17. December 2025","format":false,"excerpt":"Preparation of Wild Cherry Black Tea \ud83e\udd44 1\u20132 tsp per cup (12 g\/L)\ud83c\udf21\ufe0f 100 \u00b0C\u23f3 3 minutes","rel":"","context":"Similar post","block_context":{"text":"Similar post","link":""},"img":{"alt_text":"Schwarztee Wildkirsche Nat\u00fcrliche Teemischung","src":"https:\/\/i0.wp.com\/teasense.ch\/wp-content\/uploads\/2025\/12\/schwarztee-wildkirsche.png?resize=350%2C200&ssl=1","width":350,"height":200,"srcset":"https:\/\/i0.wp.com\/teasense.ch\/wp-content\/uploads\/2025\/12\/schwarztee-wildkirsche.png?resize=350%2C200&ssl=1 1x, https:\/\/i0.wp.com\/teasense.ch\/wp-content\/uploads\/2025\/12\/schwarztee-wildkirsche.png?resize=525%2C300&ssl=1 1.5x, https:\/\/i0.wp.com\/teasense.ch\/wp-content\/uploads\/2025\/12\/schwarztee-wildkirsche.png?resize=700%2C400&ssl=1 2x"},"classes":[]},{"id":48095,"url":"https:\/\/teasense.ch\/it\/produit\/tisana-dormiglione\/","url_meta":{"origin":46959,"position":3},"title":"Tisana Dormiglione","author":"Reale Selection","date":"23. October 2024","format":false,"excerpt":"Preparazione Tisana Dormiglione \ud83e\udd44 1 cucchiaino per tazza (14g\/litro)\ud83c\udf21\ufe0f 100 \u00b0C\u23f3 5 minuti","rel":"","context":"Similar post","block_context":{"text":"Similar post","link":""},"img":{"alt_text":"Schlafm\u00fctze Kr\u00e4utertee weisser Hintergrund","src":"https:\/\/i0.wp.com\/teasense.ch\/wp-content\/uploads\/2024\/10\/schlafmuetze-kraeutertee-weisser-hintergrund.png?resize=350%2C200&ssl=1","width":350,"height":200,"srcset":"https:\/\/i0.wp.com\/teasense.ch\/wp-content\/uploads\/2024\/10\/schlafmuetze-kraeutertee-weisser-hintergrund.png?resize=350%2C200&ssl=1 1x, https:\/\/i0.wp.com\/teasense.ch\/wp-content\/uploads\/2024\/10\/schlafmuetze-kraeutertee-weisser-hintergrund.png?resize=525%2C300&ssl=1 1.5x, https:\/\/i0.wp.com\/teasense.ch\/wp-content\/uploads\/2024\/10\/schlafmuetze-kraeutertee-weisser-hintergrund.png?resize=700%2C400&ssl=1 2x"},"classes":[]},{"id":48103,"url":"https:\/\/teasense.ch\/it\/produit\/abbonamento-te\/","url_meta":{"origin":46959,"position":4},"title":"Abbonamento t\u00e8","author":"Reale Selection","date":"25. January 2024","format":false,"excerpt":"\ud83c\udf3f Due tipi di t\u00e8 al mese \ud83d\udcc5 Durata liberamente selezionabile \ud83d\udc8c Personale & personalizzato \ud83c\udf81 Perfetto come regalo Seleziona il numero di mesi desiderato:","rel":"","context":"Similar post","block_context":{"text":"Similar post","link":""},"img":{"alt_text":"Abbonamento al t\u00e8 Scatola di spedizione Teasense Svizzera","src":"https:\/\/i0.wp.com\/teasense.ch\/wp-content\/uploads\/2024\/01\/Tee-Abo-Teasense-Versandbox.png?resize=350%2C200&ssl=1","width":350,"height":200,"srcset":"https:\/\/i0.wp.com\/teasense.ch\/wp-content\/uploads\/2024\/01\/Tee-Abo-Teasense-Versandbox.png?resize=350%2C200&ssl=1 1x, https:\/\/i0.wp.com\/teasense.ch\/wp-content\/uploads\/2024\/01\/Tee-Abo-Teasense-Versandbox.png?resize=525%2C300&ssl=1 1.5x, https:\/\/i0.wp.com\/teasense.ch\/wp-content\/uploads\/2024\/01\/Tee-Abo-Teasense-Versandbox.png?resize=700%2C400&ssl=1 2x"},"classes":[]},{"id":48162,"url":"https:\/\/teasense.ch\/fr\/produit\/abonnement-the\/","url_meta":{"origin":46959,"position":5},"title":"Abonnement de th\u00e9","author":"Reale Selection","date":"25. January 2024","format":false,"excerpt":"\ud83c\udf3f Deux vari\u00e9t\u00e9s de th\u00e9 par mois \ud83d\udcc5 Dur\u00e9e librement choisie \ud83d\udc8c Personnel & sur mesure \ud83c\udf81 Parfait comme cadeau Choisissez le nombre de mois souhait\u00e9 :","rel":"","context":"Similar post","block_context":{"text":"Similar post","link":""},"img":{"alt_text":"Abbonamento al t\u00e8 Scatola di spedizione Teasense Svizzera","src":"https:\/\/i0.wp.com\/teasense.ch\/wp-content\/uploads\/2024\/01\/Tee-Abo-Teasense-Versandbox.png?resize=350%2C200&ssl=1","width":350,"height":200,"srcset":"https:\/\/i0.wp.com\/teasense.ch\/wp-content\/uploads\/2024\/01\/Tee-Abo-Teasense-Versandbox.png?resize=350%2C200&ssl=1 1x, https:\/\/i0.wp.com\/teasense.ch\/wp-content\/uploads\/2024\/01\/Tee-Abo-Teasense-Versandbox.png?resize=525%2C300&ssl=1 1.5x, https:\/\/i0.wp.com\/teasense.ch\/wp-content\/uploads\/2024\/01\/Tee-Abo-Teasense-Versandbox.png?resize=700%2C400&ssl=1 2x"},"classes":[]}],"jetpack_sharing_enabled":true,"jetpack_likes_enabled":false,"_links":{"self":[{"href":"https:\/\/teasense.ch\/fr\/wp-json\/wp\/v2\/product\/46959","targetHints":{"allow":["GET"]}}],"collection":[{"href":"https:\/\/teasense.ch\/fr\/wp-json\/wp\/v2\/product"}],"about":[{"href":"https:\/\/teasense.ch\/fr\/wp-json\/wp\/v2\/types\/product"}],"replies":[{"embeddable":true,"href":"https:\/\/teasense.ch\/fr\/wp-json\/wp\/v2\/comments?post=46959"}],"wp:featuredmedia":[{"embeddable":true,"href":"https:\/\/teasense.ch\/fr\/wp-json\/wp\/v2\/media\/46961"}],"wp:attachment":[{"href":"https:\/\/teasense.ch\/fr\/wp-json\/wp\/v2\/media?parent=46959"}],"wp:term":[{"taxonomy":"product_brand","embeddable":true,"href":"https:\/\/teasense.ch\/fr\/wp-json\/wp\/v2\/product_brand?post=46959"},{"taxonomy":"product_cat","embeddable":true,"href":"https:\/\/teasense.ch\/fr\/wp-json\/wp\/v2\/product_cat?post=46959"},{"taxonomy":"product_tag","embeddable":true,"href":"https:\/\/teasense.ch\/fr\/wp-json\/wp\/v2\/product_tag?post=46959"}],"curies":[{"name":"wp","href":"https:\/\/api.w.org\/{rel}","templated":true}]}}