{"id":47189,"date":"2025-09-29T21:03:06","date_gmt":"2025-09-29T19:03:06","guid":{"rendered":"https:\/\/teasense.ch\/?post_type=product&#038;p=47189"},"modified":"2025-10-12T08:55:56","modified_gmt":"2025-10-12T06:55:56","slug":"kuschelbaer-fruechtetee","status":"publish","type":"product","link":"https:\/\/teasense.ch\/fr\/produit\/kuschelbaer-fruechtetee\/","title":{"rendered":"Kuschelb\u00e4r &#8211; Fr\u00fcchtetee"},"content":{"rendered":"<h2>Ein Tee zum Einkuscheln<\/h2>\n<p>Der Kuschelb\u00e4r Fr\u00fcchtetee ist eine liebevoll abgestimmte Mischung, die mit einer ausgewogenen Kombination aus fruchtigen und w\u00fcrzigen Noten \u00fcberrascht. Zutaten wie Apfel, Fenchel, Anis, Holunderbeeren, Ringelblumen und ein Hauch von nat\u00fcrlichem Aroma ergeben zusammen eine feine Komposition. Diese sorgf\u00e4ltige Auswahl macht den Kuschelb\u00e4r zu einem Tee, der f\u00fcr viele Gelegenheiten passt \u2013 sei es am Nachmittag, am Abend oder als w\u00e4rmender Genuss zwischendurch.<\/p>\n<h3>Zubereitung Kuschelb\u00e4r &#8211; Fr\u00fcchtetee<\/h3>\n<p>Damit sich die Aromen optimal entfalten, empfehlen wir 15 bis 20 Gramm pro Liter kochendes Wasser. Die Ziehzeit liegt zwischen 10 und 12 Minuten. Auf diese Weise entwickelt der Tee eine volle, runde Tasse mit einem harmonischen Geschmack.<\/p>\n<h3>Zutaten Kuschelb\u00e4r &#8211; Fr\u00fcchtetee<\/h3>\n<p>Nat\u00fcrlich aromatisierte Premium-Tee-Mischung: Apfel, Fenchel, Anis, Holunderbeere, Ringelblumen.<\/p>\n<h4>Vielfalt an Fr\u00fcchtetees entdecken<\/h4>\n<p>Der Kuschelb\u00e4r ist nur eine von vielen spannenden Sorten in unserem Sortiment. Unsere <a href=\"https:\/\/teasense.ch\/produkt-kategorie\/tee\/fruechtetee\/\">Fr\u00fcchtetees<\/a> zeichnen sich durch nat\u00fcrliche Zutaten und abwechslungsreiche Mischungen aus. Ob klassisch fruchtig, sanft blumig oder mit feiner W\u00fcrze \u2013 entdecke die Vielfalt und finde deine Lieblingsmischung.<\/p>\n","protected":false},"excerpt":{"rendered":"<h4 data-start=\"1056\" data-end=\"1102\">Zubereitung Kuschelb\u00e4r Fr\u00fcchtetee<\/h4>\n<p data-start=\"1103\" data-end=\"1183\">\ud83e\udd44 15\u201320 g\/l<br data-start=\"1115\" data-end=\"1118\" \/>\ud83c\udf21\ufe0f 100 \u00b0C<br data-start=\"1128\" data-end=\"1131\" \/>\u23f3 10\u201312 Minuten<\/p>\n","protected":false},"featured_media":47186,"comment_status":"open","ping_status":"closed","template":"","meta":{"_et_pb_use_builder":"","_et_pb_old_content":"","_et_gb_content_width":""},"product_brand":[],"product_cat":[74,151,19],"product_tag":[],"class_list":{"0":"post-47189","1":"product","2":"type-product","3":"status-publish","4":"has-post-thumbnail","6":"product_cat-alle-produkte","7":"product_cat-fruechtetee","8":"product_cat-tee","9":"pa_herkunft-deutschland","10":"pa_weight-100-g","11":"pa_weight-200-g","12":"pa_weight-400-g","13":"pa_weight-50-g","15":"first","16":"instock","17":"shipping-taxable","18":"purchasable","19":"product-type-variable","20":"has-default-attributes","21":"add-to-wishlist-before_image"},"yoast_head":"<!-- This site is optimized with the Yoast SEO plugin v27.4 - https:\/\/yoast.com\/product\/yoast-seo-wordpress\/ -->\n<title>Kuschelb\u00e4r - Fr\u00fcchtetee - TeaSense.ch - Tee Shop Schweiz<\/title>\n<meta name=\"description\" content=\"Kuschelb\u00e4r Fr\u00fcchtetee \u2013 aromatische Mischung aus Apfel, Fenchel, Anis und Holunderbeeren. Jetzt entdecken und weitere Fr\u00fcchtetees probieren.\" \/>\n<meta name=\"robots\" content=\"index, follow, max-snippet:-1, max-image-preview:large, max-video-preview:-1\" \/>\n<link rel=\"canonical\" href=\"https:\/\/teasense.ch\/fr\/produit\/kuschelbaer-fruechtetee\/\" \/>\n<meta property=\"og:locale\" content=\"fr_FR\" \/>\n<meta property=\"og:type\" content=\"article\" \/>\n<meta property=\"og:title\" content=\"Kuschelb\u00e4r - Fr\u00fcchtetee - TeaSense.ch - Tee Shop Schweiz\" \/>\n<meta property=\"og:description\" content=\"Kuschelb\u00e4r Fr\u00fcchtetee \u2013 aromatische Mischung aus Apfel, Fenchel, Anis und Holunderbeeren. Jetzt entdecken und weitere Fr\u00fcchtetees probieren.\" \/>\n<meta property=\"og:url\" content=\"https:\/\/teasense.ch\/fr\/produit\/kuschelbaer-fruechtetee\/\" \/>\n<meta property=\"og:site_name\" content=\"TeaSense.ch - Tee Shop Schweiz\" \/>\n<meta property=\"article:publisher\" content=\"https:\/\/www.facebook.com\/teasense.ch\" \/>\n<meta property=\"article:modified_time\" content=\"2025-10-12T06:55:56+00:00\" \/>\n<meta property=\"og:image\" content=\"https:\/\/teasense.ch\/wp-content\/uploads\/2025\/09\/kuschelbaer-1.png\" \/>\n\t<meta property=\"og:image:width\" content=\"800\" \/>\n\t<meta property=\"og:image:height\" content=\"800\" \/>\n\t<meta property=\"og:image:type\" content=\"image\/png\" \/>\n<meta name=\"twitter:card\" content=\"summary_large_image\" \/>\n<meta name=\"twitter:label1\" content=\"Est. reading time\" \/>\n\t<meta name=\"twitter:data1\" content=\"2 minutes\" \/>\n<!-- \/ Yoast SEO plugin. -->","yoast_head_json":{"title":"Kuschelb\u00e4r - Fr\u00fcchtetee - TeaSense.ch - Tee Shop Schweiz","description":"Kuschelb\u00e4r Fr\u00fcchtetee \u2013 aromatische Mischung aus Apfel, Fenchel, Anis und Holunderbeeren. Jetzt entdecken und weitere Fr\u00fcchtetees probieren.","robots":{"index":"index","follow":"follow","max-snippet":"max-snippet:-1","max-image-preview":"max-image-preview:large","max-video-preview":"max-video-preview:-1"},"canonical":"https:\/\/teasense.ch\/fr\/produit\/kuschelbaer-fruechtetee\/","og_locale":"fr_FR","og_type":"article","og_title":"Kuschelb\u00e4r - Fr\u00fcchtetee - TeaSense.ch - Tee Shop Schweiz","og_description":"Kuschelb\u00e4r Fr\u00fcchtetee \u2013 aromatische Mischung aus Apfel, Fenchel, Anis und Holunderbeeren. Jetzt entdecken und weitere Fr\u00fcchtetees probieren.","og_url":"https:\/\/teasense.ch\/fr\/produit\/kuschelbaer-fruechtetee\/","og_site_name":"TeaSense.ch - Tee Shop Schweiz","article_publisher":"https:\/\/www.facebook.com\/teasense.ch","article_modified_time":"2025-10-12T06:55:56+00:00","og_image":[{"width":800,"height":800,"url":"https:\/\/teasense.ch\/wp-content\/uploads\/2025\/09\/kuschelbaer-1.png","type":"image\/png"}],"twitter_card":"summary_large_image","twitter_misc":{"Est. reading time":"2 minutes"},"schema":{"@context":"https:\/\/schema.org","@graph":[{"@type":"WebPage","@id":"https:\/\/teasense.ch\/fr\/produit\/kuschelbaer-fruechtetee\/","url":"https:\/\/teasense.ch\/fr\/produit\/kuschelbaer-fruechtetee\/","name":"Kuschelb\u00e4r - Fr\u00fcchtetee - TeaSense.ch - Tee Shop Schweiz","isPartOf":{"@id":"https:\/\/teasense.ch\/fr\/#website"},"primaryImageOfPage":{"@id":"https:\/\/teasense.ch\/fr\/produit\/kuschelbaer-fruechtetee\/#primaryimage"},"image":{"@id":"https:\/\/teasense.ch\/fr\/produit\/kuschelbaer-fruechtetee\/#primaryimage"},"thumbnailUrl":"https:\/\/teasense.ch\/wp-content\/uploads\/2025\/09\/kuschelbaer-1.png","datePublished":"2025-09-29T19:03:06+00:00","dateModified":"2025-10-12T06:55:56+00:00","description":"Kuschelb\u00e4r Fr\u00fcchtetee \u2013 aromatische Mischung aus Apfel, Fenchel, Anis und Holunderbeeren. Jetzt entdecken und weitere Fr\u00fcchtetees probieren.","breadcrumb":{"@id":"https:\/\/teasense.ch\/fr\/produit\/kuschelbaer-fruechtetee\/#breadcrumb"},"inLanguage":"fr-CH","potentialAction":[{"@type":"ReadAction","target":["https:\/\/teasense.ch\/fr\/produit\/kuschelbaer-fruechtetee\/"]}]},{"@type":"ImageObject","inLanguage":"fr-CH","@id":"https:\/\/teasense.ch\/fr\/produit\/kuschelbaer-fruechtetee\/#primaryimage","url":"https:\/\/teasense.ch\/wp-content\/uploads\/2025\/09\/kuschelbaer-1.png","contentUrl":"https:\/\/teasense.ch\/wp-content\/uploads\/2025\/09\/kuschelbaer-1.png","width":800,"height":800,"caption":"Kuschelb\u00e4r - Fr\u00fcchtetee lose Teemischung"},{"@type":"BreadcrumbList","@id":"https:\/\/teasense.ch\/fr\/produit\/kuschelbaer-fruechtetee\/#breadcrumb","itemListElement":[{"@type":"ListItem","position":1,"name":"Startseite","item":"https:\/\/teasense.ch\/fr\/startseite\/"},{"@type":"ListItem","position":2,"name":"Boutique de th\u00e9 en ligne","item":"https:\/\/teasense.ch\/fr\/shop\/"},{"@type":"ListItem","position":3,"name":"Kuschelb\u00e4r &#8211; Fr\u00fcchtetee"}]},{"@type":"WebSite","@id":"https:\/\/teasense.ch\/fr\/#website","url":"https:\/\/teasense.ch\/fr\/","name":"TeaSense.ch","description":"Nat\u00fcrliche Teemischungen und klassischer Tee","publisher":{"@id":"https:\/\/teasense.ch\/fr\/#organization"},"alternateName":"TeaSense","potentialAction":[{"@type":"SearchAction","target":{"@type":"EntryPoint","urlTemplate":"https:\/\/teasense.ch\/fr\/?s={search_term_string}"},"query-input":{"@type":"PropertyValueSpecification","valueRequired":true,"valueName":"search_term_string"}}],"inLanguage":"fr-CH"},{"@type":"Organization","@id":"https:\/\/teasense.ch\/fr\/#organization","name":"Reale Selection","alternateName":"TeaSense.ch","url":"https:\/\/teasense.ch\/fr\/","logo":{"@type":"ImageObject","inLanguage":"fr-CH","@id":"https:\/\/teasense.ch\/fr\/#\/schema\/logo\/image\/","url":"https:\/\/teasense.ch\/wp-content\/uploads\/2023\/07\/cropped-logo-teasense-kategorie-onlineshop-alle-produkte.jpg","contentUrl":"https:\/\/teasense.ch\/wp-content\/uploads\/2023\/07\/cropped-logo-teasense-kategorie-onlineshop-alle-produkte.jpg","width":512,"height":512,"caption":"Reale Selection"},"image":{"@id":"https:\/\/teasense.ch\/fr\/#\/schema\/logo\/image\/"},"sameAs":["https:\/\/www.facebook.com\/teasense.ch"]}]}},"jetpack-related-posts":[{"id":47195,"url":"https:\/\/teasense.ch\/fr\/produit\/herbstgefuehle-fruechtetee\/","url_meta":{"origin":47189,"position":0},"title":"Herbstgef\u00fchle &#8211; Fr\u00fcchtetee","author":"Reale Selection","date":"30. September 2025","format":false,"excerpt":"Zubereitung Herbstgef\u00fchle Fr\u00fcchtetee \ud83e\udd44 12\u201315 g\/l\ud83c\udf21\ufe0f 100 \u00b0C\u23f3 7\u201310 Minuten","rel":"","context":"Similar post","block_context":{"text":"Similar post","link":""},"img":{"alt_text":"Herbstgef\u00fchle - Fr\u00fcchtetee, loser Fr\u00fcchtetee mit Kr\u00e4utern","src":"https:\/\/i0.wp.com\/teasense.ch\/wp-content\/uploads\/2025\/09\/herbst1.png?resize=350%2C200&ssl=1","width":350,"height":200,"srcset":"https:\/\/i0.wp.com\/teasense.ch\/wp-content\/uploads\/2025\/09\/herbst1.png?resize=350%2C200&ssl=1 1x, https:\/\/i0.wp.com\/teasense.ch\/wp-content\/uploads\/2025\/09\/herbst1.png?resize=525%2C300&ssl=1 1.5x, https:\/\/i0.wp.com\/teasense.ch\/wp-content\/uploads\/2025\/09\/herbst1.png?resize=700%2C400&ssl=1 2x"},"classes":[]},{"id":36344,"url":"https:\/\/teasense.ch\/fr\/produit\/waldbeere-fruechtetee\/","url_meta":{"origin":47189,"position":1},"title":"Waldbeere Fr\u00fcchtetee","author":"Reale Selection","date":"29. August 2023","format":false,"excerpt":"Zubereitung \u2013 Waldbeere Fr\u00fcchtetee \ud83e\udd44 2 g (ca. 1\u20132 TL) auf 200 ml Wasser\ud83c\udf21\ufe0f 100 \u00b0C\u23f3 5 \u2013 10 Minuten ziehen lassen","rel":"","context":"Similar post","block_context":{"text":"Similar post","link":""},"img":{"alt_text":"Waldbeere Fr\u00fcchtetee","src":"https:\/\/i0.wp.com\/teasense.ch\/wp-content\/uploads\/2023\/08\/Waldbeere-Fruechtetee.png?resize=350%2C200&ssl=1","width":350,"height":200,"srcset":"https:\/\/i0.wp.com\/teasense.ch\/wp-content\/uploads\/2023\/08\/Waldbeere-Fruechtetee.png?resize=350%2C200&ssl=1 1x, https:\/\/i0.wp.com\/teasense.ch\/wp-content\/uploads\/2023\/08\/Waldbeere-Fruechtetee.png?resize=525%2C300&ssl=1 1.5x, https:\/\/i0.wp.com\/teasense.ch\/wp-content\/uploads\/2023\/08\/Waldbeere-Fruechtetee.png?resize=700%2C400&ssl=1 2x"},"classes":[]},{"id":47272,"url":"https:\/\/teasense.ch\/fr\/produit\/beerenfrisch-fruechtetee\/","url_meta":{"origin":47189,"position":2},"title":"Beerenfrisch \u2013 Fr\u00fcchtetee","author":"Reale Selection","date":"13. October 2025","format":false,"excerpt":"Zubereitung Beerenfrisch - Fr\u00fcchtetee \ud83e\udd44 1 Teel\u00f6ffel auf 200 ml Wasser\ud83c\udf21\ufe0f 100 \u00b0C\u23f3 10\u201312 Minuten ziehen lassen","rel":"","context":"Similar post","block_context":{"text":"Similar post","link":""},"img":{"alt_text":"Beerenfrisch \u2013 Fr\u00fcchtetee Fruchtige Frische mit beerigem Flair","src":"https:\/\/i0.wp.com\/teasense.ch\/wp-content\/uploads\/2025\/10\/beerenfrisch.png?resize=350%2C200&ssl=1","width":350,"height":200,"srcset":"https:\/\/i0.wp.com\/teasense.ch\/wp-content\/uploads\/2025\/10\/beerenfrisch.png?resize=350%2C200&ssl=1 1x, https:\/\/i0.wp.com\/teasense.ch\/wp-content\/uploads\/2025\/10\/beerenfrisch.png?resize=525%2C300&ssl=1 1.5x, https:\/\/i0.wp.com\/teasense.ch\/wp-content\/uploads\/2025\/10\/beerenfrisch.png?resize=700%2C400&ssl=1 2x"},"classes":[]},{"id":43190,"url":"https:\/\/teasense.ch\/fr\/produit\/lavendelbeeren\/","url_meta":{"origin":47189,"position":3},"title":"Lavendelbeeren &#8211; Fr\u00fcchtetee","author":"Reale Selection","date":"22. October 2024","format":false,"excerpt":"Zubereitung Fr\u00fcchtetee Lavendelbeeren \ud83e\udd44 1 TL pro Tasse \ud83c\udf21\ufe0f 100\u00b0C \u23f3 8 - 10 Minuten","rel":"","context":"Similar post","block_context":{"text":"Similar post","link":""},"img":{"alt_text":"Lavendelbeeren Teemischung","src":"https:\/\/i0.wp.com\/teasense.ch\/wp-content\/uploads\/2024\/10\/produktfoto.png?resize=350%2C200&ssl=1","width":350,"height":200,"srcset":"https:\/\/i0.wp.com\/teasense.ch\/wp-content\/uploads\/2024\/10\/produktfoto.png?resize=350%2C200&ssl=1 1x, https:\/\/i0.wp.com\/teasense.ch\/wp-content\/uploads\/2024\/10\/produktfoto.png?resize=525%2C300&ssl=1 1.5x, https:\/\/i0.wp.com\/teasense.ch\/wp-content\/uploads\/2024\/10\/produktfoto.png?resize=700%2C400&ssl=1 2x"},"classes":[]},{"id":38042,"url":"https:\/\/teasense.ch\/fr\/produit\/naturklang-kraeutertee\/","url_meta":{"origin":47189,"position":4},"title":"Naturklang Kr\u00e4utertee","author":"Reale Selection","date":"15. October 2023","format":false,"excerpt":"Zubereitung Naturklang Kr\u00e4utertee \ud83e\udd44 1 - 2 Teel\u00f6ffel pro Tasse\ud83c\udf21\ufe0f 100 \u00b0C\u23f3 6 - 8 Minuten","rel":"","context":"Similar post","block_context":{"text":"Similar post","link":""},"img":{"alt_text":"Naturklang Kr\u00e4utertee Teemischung Zutaten auf weissem Hintergrund.","src":"https:\/\/i0.wp.com\/teasense.ch\/wp-content\/uploads\/2023\/10\/winterpunsch-plain.jpg?resize=350%2C200&ssl=1","width":350,"height":200,"srcset":"https:\/\/i0.wp.com\/teasense.ch\/wp-content\/uploads\/2023\/10\/winterpunsch-plain.jpg?resize=350%2C200&ssl=1 1x, https:\/\/i0.wp.com\/teasense.ch\/wp-content\/uploads\/2023\/10\/winterpunsch-plain.jpg?resize=525%2C300&ssl=1 1.5x, https:\/\/i0.wp.com\/teasense.ch\/wp-content\/uploads\/2023\/10\/winterpunsch-plain.jpg?resize=700%2C400&ssl=1 2x"},"classes":[]},{"id":43304,"url":"https:\/\/teasense.ch\/fr\/produit\/blutorange\/","url_meta":{"origin":47189,"position":5},"title":"Fr\u00fcchtetee Blutorange","author":"Reale Selection","date":"26. October 2024","format":false,"excerpt":"Fruchtiger Tee mit Blutorange, perfekt f\u00fcr jede Tageszeit. Zubereitung Blutorange Tee \ud83e\udd44 1 \u2013 2 geh\u00e4ufte TL (ca. 2 g) auf 200 ml Wasser\ud83c\udf21\ufe0f 100 \u00b0C\u23f3 8 \u2013 10 Minuten ziehen lassen","rel":"","context":"Similar post","block_context":{"text":"Similar post","link":""},"img":{"alt_text":"Blutorange Teemischung","src":"https:\/\/i0.wp.com\/teasense.ch\/wp-content\/uploads\/2024\/10\/blutorange-tee.png?resize=350%2C200&ssl=1","width":350,"height":200,"srcset":"https:\/\/i0.wp.com\/teasense.ch\/wp-content\/uploads\/2024\/10\/blutorange-tee.png?resize=350%2C200&ssl=1 1x, https:\/\/i0.wp.com\/teasense.ch\/wp-content\/uploads\/2024\/10\/blutorange-tee.png?resize=525%2C300&ssl=1 1.5x, https:\/\/i0.wp.com\/teasense.ch\/wp-content\/uploads\/2024\/10\/blutorange-tee.png?resize=700%2C400&ssl=1 2x"},"classes":[]}],"jetpack_sharing_enabled":true,"jetpack_likes_enabled":false,"_links":{"self":[{"href":"https:\/\/teasense.ch\/fr\/wp-json\/wp\/v2\/product\/47189","targetHints":{"allow":["GET"]}}],"collection":[{"href":"https:\/\/teasense.ch\/fr\/wp-json\/wp\/v2\/product"}],"about":[{"href":"https:\/\/teasense.ch\/fr\/wp-json\/wp\/v2\/types\/product"}],"replies":[{"embeddable":true,"href":"https:\/\/teasense.ch\/fr\/wp-json\/wp\/v2\/comments?post=47189"}],"wp:featuredmedia":[{"embeddable":true,"href":"https:\/\/teasense.ch\/fr\/wp-json\/wp\/v2\/media\/47186"}],"wp:attachment":[{"href":"https:\/\/teasense.ch\/fr\/wp-json\/wp\/v2\/media?parent=47189"}],"wp:term":[{"taxonomy":"product_brand","embeddable":true,"href":"https:\/\/teasense.ch\/fr\/wp-json\/wp\/v2\/product_brand?post=47189"},{"taxonomy":"product_cat","embeddable":true,"href":"https:\/\/teasense.ch\/fr\/wp-json\/wp\/v2\/product_cat?post=47189"},{"taxonomy":"product_tag","embeddable":true,"href":"https:\/\/teasense.ch\/fr\/wp-json\/wp\/v2\/product_tag?post=47189"}],"curies":[{"name":"wp","href":"https:\/\/api.w.org\/{rel}","templated":true}]}}