{"id":47219,"date":"2025-09-30T16:27:05","date_gmt":"2025-09-30T14:27:05","guid":{"rendered":"https:\/\/teasense.ch\/?post_type=product&#038;p=47219"},"modified":"2025-10-12T09:23:27","modified_gmt":"2025-10-12T07:23:27","slug":"japan-genmaicha","status":"publish","type":"product","link":"https:\/\/teasense.ch\/fr\/produit\/japan-genmaicha\/","title":{"rendered":"Japan Genmaicha"},"content":{"rendered":"<h2>Japan Genmaicha \u2013 Gr\u00fcntee mit ger\u00f6stetem Reis<\/h2>\n<p>Er ist eine traditionelle japanische Teemischung, die aus hochwertigem Bancha-Gr\u00fcntee und ger\u00f6stetem Puffreis besteht. Durch den R\u00f6stprozess springen einige Reisk\u00f6rner auf \u2013 daher wird dieser Tee im Volksmund auch liebevoll Popcorn Tee genannt. Sein Geschmack vereint die frische Klarheit des Gr\u00fcntees mit den nussigen und leicht r\u00f6stigen Noten des Reises. Genmaicha ist in Japan seit Jahrhunderten beliebt und gilt dort als Alltags- und Wohlf\u00fchltee.<\/p>\n<p><strong>Zutaten<\/strong>: Gr\u00fcntee (Bancha), ger\u00f6steter Puffreis. Eine ausgewogene Mischung, die den feinen Charakter des Gr\u00fcntees mit der W\u00e4rme und dem Aroma des Reises verbindet.<\/p>\n<h3>Zubereitung von Japan Genmaicha<\/h3>\n<p>F\u00fcr die optimale Zubereitung 12 bis 15 Gramm pro Liter Wasser verwenden. Der Tee sollte bei 80 bis 90 \u00b0C aufgegossen werden und 1 bis 2 Minuten ziehen. So entsteht eine goldgelbe Tasse mit einer feinen Balance aus Frische und R\u00f6staromen.<\/p>\n<h4>Weitere Gr\u00fcntees entdecken<\/h4>\n<p>Wer diesen Tee mag, sollte auch unseren <a href=\"https:\/\/teasense.ch\/produkt\/koreanischer-gruentee\/\">Koreanischer Gr\u00fcntee<\/a> probieren. Beide Tees sind gr\u00fcn, klar und aromatisch, unterscheiden sich aber in Herkunft und Geschmack.<\/p>\n","protected":false},"excerpt":{"rendered":"<h4>Zubereitung Japan Genmaicha<\/h4>\n<p>\ud83e\udd44 12\u201315 g\/l<br \/>\n\ud83c\udf21\ufe0f 80\u201390 \u00b0C<br \/>\n\u23f3 1\u20132 Minuten<\/p>\n","protected":false},"featured_media":47174,"comment_status":"open","ping_status":"closed","template":"","meta":{"_et_pb_use_builder":"","_et_pb_old_content":"","_et_gb_content_width":""},"product_brand":[],"product_cat":[74,182,19],"product_tag":[],"class_list":{"0":"post-47219","1":"product","2":"type-product","3":"status-publish","4":"has-post-thumbnail","6":"product_cat-alle-produkte","7":"product_cat-gruentee","8":"product_cat-tee","9":"pa_herkunft-japan","10":"pa_weight-100-g","11":"pa_weight-200-g","12":"pa_weight-400-g","13":"pa_weight-50-g","15":"first","16":"instock","17":"shipping-taxable","18":"purchasable","19":"product-type-variable","20":"has-default-attributes","21":"add-to-wishlist-before_image"},"yoast_head":"<!-- This site is optimized with the Yoast SEO plugin v27.4 - https:\/\/yoast.com\/product\/yoast-seo-wordpress\/ -->\n<title>Japan Genmaicha - TeaSense.ch - Tee Shop Schweiz<\/title>\n<meta name=\"description\" content=\"Japan Genmaicha \u2013 auch Popcorn Tee genannt. Bancha Gr\u00fcntee mit ger\u00f6stetem Reis, nussig und frisch im Geschmack. Eine japanische Teespezialit\u00e4t.\" \/>\n<meta name=\"robots\" content=\"index, follow, max-snippet:-1, max-image-preview:large, max-video-preview:-1\" \/>\n<link rel=\"canonical\" href=\"https:\/\/teasense.ch\/fr\/produit\/japan-genmaicha\/\" \/>\n<meta property=\"og:locale\" content=\"fr_FR\" \/>\n<meta property=\"og:type\" content=\"article\" \/>\n<meta property=\"og:title\" content=\"Japan Genmaicha - TeaSense.ch - Tee Shop Schweiz\" \/>\n<meta property=\"og:description\" content=\"Japan Genmaicha \u2013 auch Popcorn Tee genannt. Bancha Gr\u00fcntee mit ger\u00f6stetem Reis, nussig und frisch im Geschmack. Eine japanische Teespezialit\u00e4t.\" \/>\n<meta property=\"og:url\" content=\"https:\/\/teasense.ch\/fr\/produit\/japan-genmaicha\/\" \/>\n<meta property=\"og:site_name\" content=\"TeaSense.ch - Tee Shop Schweiz\" \/>\n<meta property=\"article:publisher\" content=\"https:\/\/www.facebook.com\/teasense.ch\" \/>\n<meta property=\"article:modified_time\" content=\"2025-10-12T07:23:27+00:00\" \/>\n<meta property=\"og:image\" content=\"https:\/\/teasense.ch\/wp-content\/uploads\/2025\/09\/genmaicha1.png\" \/>\n\t<meta property=\"og:image:width\" content=\"800\" \/>\n\t<meta property=\"og:image:height\" content=\"800\" \/>\n\t<meta property=\"og:image:type\" content=\"image\/png\" \/>\n<meta name=\"twitter:card\" content=\"summary_large_image\" \/>\n<meta name=\"twitter:label1\" content=\"Est. reading time\" \/>\n\t<meta name=\"twitter:data1\" content=\"2 minutes\" \/>\n<!-- \/ Yoast SEO plugin. -->","yoast_head_json":{"title":"Japan Genmaicha - TeaSense.ch - Tee Shop Schweiz","description":"Japan Genmaicha \u2013 auch Popcorn Tee genannt. Bancha Gr\u00fcntee mit ger\u00f6stetem Reis, nussig und frisch im Geschmack. Eine japanische Teespezialit\u00e4t.","robots":{"index":"index","follow":"follow","max-snippet":"max-snippet:-1","max-image-preview":"max-image-preview:large","max-video-preview":"max-video-preview:-1"},"canonical":"https:\/\/teasense.ch\/fr\/produit\/japan-genmaicha\/","og_locale":"fr_FR","og_type":"article","og_title":"Japan Genmaicha - TeaSense.ch - Tee Shop Schweiz","og_description":"Japan Genmaicha \u2013 auch Popcorn Tee genannt. Bancha Gr\u00fcntee mit ger\u00f6stetem Reis, nussig und frisch im Geschmack. Eine japanische Teespezialit\u00e4t.","og_url":"https:\/\/teasense.ch\/fr\/produit\/japan-genmaicha\/","og_site_name":"TeaSense.ch - Tee Shop Schweiz","article_publisher":"https:\/\/www.facebook.com\/teasense.ch","article_modified_time":"2025-10-12T07:23:27+00:00","og_image":[{"width":800,"height":800,"url":"https:\/\/teasense.ch\/wp-content\/uploads\/2025\/09\/genmaicha1.png","type":"image\/png"}],"twitter_card":"summary_large_image","twitter_misc":{"Est. reading time":"2 minutes"},"schema":{"@context":"https:\/\/schema.org","@graph":[{"@type":"WebPage","@id":"https:\/\/teasense.ch\/fr\/produit\/japan-genmaicha\/","url":"https:\/\/teasense.ch\/fr\/produit\/japan-genmaicha\/","name":"Japan Genmaicha - TeaSense.ch - Tee Shop Schweiz","isPartOf":{"@id":"https:\/\/teasense.ch\/fr\/#website"},"primaryImageOfPage":{"@id":"https:\/\/teasense.ch\/fr\/produit\/japan-genmaicha\/#primaryimage"},"image":{"@id":"https:\/\/teasense.ch\/fr\/produit\/japan-genmaicha\/#primaryimage"},"thumbnailUrl":"https:\/\/teasense.ch\/wp-content\/uploads\/2025\/09\/genmaicha1.png","datePublished":"2025-09-30T14:27:05+00:00","dateModified":"2025-10-12T07:23:27+00:00","description":"Japan Genmaicha \u2013 auch Popcorn Tee genannt. Bancha Gr\u00fcntee mit ger\u00f6stetem Reis, nussig und frisch im Geschmack. Eine japanische Teespezialit\u00e4t.","breadcrumb":{"@id":"https:\/\/teasense.ch\/fr\/produit\/japan-genmaicha\/#breadcrumb"},"inLanguage":"fr-CH","potentialAction":[{"@type":"ReadAction","target":["https:\/\/teasense.ch\/fr\/produit\/japan-genmaicha\/"]}]},{"@type":"ImageObject","inLanguage":"fr-CH","@id":"https:\/\/teasense.ch\/fr\/produit\/japan-genmaicha\/#primaryimage","url":"https:\/\/teasense.ch\/wp-content\/uploads\/2025\/09\/genmaicha1.png","contentUrl":"https:\/\/teasense.ch\/wp-content\/uploads\/2025\/09\/genmaicha1.png","width":800,"height":800,"caption":"Japan Genmaicha, Gr\u00fcntee mit ger\u00f6stetem Reis, Popcorn Tee"},{"@type":"BreadcrumbList","@id":"https:\/\/teasense.ch\/fr\/produit\/japan-genmaicha\/#breadcrumb","itemListElement":[{"@type":"ListItem","position":1,"name":"Startseite","item":"https:\/\/teasense.ch\/fr\/startseite\/"},{"@type":"ListItem","position":2,"name":"Boutique de th\u00e9 en ligne","item":"https:\/\/teasense.ch\/fr\/shop\/"},{"@type":"ListItem","position":3,"name":"Japan Genmaicha"}]},{"@type":"WebSite","@id":"https:\/\/teasense.ch\/fr\/#website","url":"https:\/\/teasense.ch\/fr\/","name":"TeaSense.ch","description":"Nat\u00fcrliche Teemischungen und klassischer Tee","publisher":{"@id":"https:\/\/teasense.ch\/fr\/#organization"},"alternateName":"TeaSense","potentialAction":[{"@type":"SearchAction","target":{"@type":"EntryPoint","urlTemplate":"https:\/\/teasense.ch\/fr\/?s={search_term_string}"},"query-input":{"@type":"PropertyValueSpecification","valueRequired":true,"valueName":"search_term_string"}}],"inLanguage":"fr-CH"},{"@type":"Organization","@id":"https:\/\/teasense.ch\/fr\/#organization","name":"Reale Selection","alternateName":"TeaSense.ch","url":"https:\/\/teasense.ch\/fr\/","logo":{"@type":"ImageObject","inLanguage":"fr-CH","@id":"https:\/\/teasense.ch\/fr\/#\/schema\/logo\/image\/","url":"https:\/\/teasense.ch\/wp-content\/uploads\/2023\/07\/cropped-logo-teasense-kategorie-onlineshop-alle-produkte.jpg","contentUrl":"https:\/\/teasense.ch\/wp-content\/uploads\/2023\/07\/cropped-logo-teasense-kategorie-onlineshop-alle-produkte.jpg","width":512,"height":512,"caption":"Reale Selection"},"image":{"@id":"https:\/\/teasense.ch\/fr\/#\/schema\/logo\/image\/"},"sameAs":["https:\/\/www.facebook.com\/teasense.ch"]}]}},"jetpack-related-posts":[{"id":47228,"url":"https:\/\/teasense.ch\/fr\/produit\/japan-bancha\/","url_meta":{"origin":47219,"position":0},"title":"Japan Bancha","author":"Reale Selection","date":"1. October 2025","format":false,"excerpt":"Zubereitung Japan Bancha \ud83e\udd44 12\u201315 g\/l \ud83c\udf21\ufe0f 80\u201390 \u00b0C \u23f3 1,5\u20132 Minuten","rel":"","context":"Similar post","block_context":{"text":"Similar post","link":""},"img":{"alt_text":"Japan Bancha \u2013 milder Gr\u00fcntee mit langem Blatt","src":"https:\/\/i0.wp.com\/teasense.ch\/wp-content\/uploads\/2025\/10\/japan-bancha1.png?resize=350%2C200&ssl=1","width":350,"height":200,"srcset":"https:\/\/i0.wp.com\/teasense.ch\/wp-content\/uploads\/2025\/10\/japan-bancha1.png?resize=350%2C200&ssl=1 1x, https:\/\/i0.wp.com\/teasense.ch\/wp-content\/uploads\/2025\/10\/japan-bancha1.png?resize=525%2C300&ssl=1 1.5x, https:\/\/i0.wp.com\/teasense.ch\/wp-content\/uploads\/2025\/10\/japan-bancha1.png?resize=700%2C400&ssl=1 2x"},"classes":[]},{"id":47253,"url":"https:\/\/teasense.ch\/fr\/produit\/houjicha-japanischer-roesttee\/","url_meta":{"origin":47219,"position":1},"title":"Houjicha \u2013 Japanischer R\u00f6sttee","author":"Reale Selection","date":"12. October 2025","format":false,"excerpt":"Houjicha \u2013 Zubereitung \ud83e\udd44 1 Teel\u00f6ffel auf 200 ml Wasser\ud83c\udf21\ufe0f 75 \u00b0C\u23f3 1 Minute ziehen lassen\ud83d\udd01 mehrmals aufgiessbar","rel":"","context":"Similar post","block_context":{"text":"Similar post","link":""},"img":{"alt_text":"Houjicha Cultivar Yabukita Kagoshima S\u00fcden Japans.","src":"https:\/\/i0.wp.com\/teasense.ch\/wp-content\/uploads\/2025\/10\/produktfoto-3.png?resize=350%2C200&ssl=1","width":350,"height":200,"srcset":"https:\/\/i0.wp.com\/teasense.ch\/wp-content\/uploads\/2025\/10\/produktfoto-3.png?resize=350%2C200&ssl=1 1x, https:\/\/i0.wp.com\/teasense.ch\/wp-content\/uploads\/2025\/10\/produktfoto-3.png?resize=525%2C300&ssl=1 1.5x, https:\/\/i0.wp.com\/teasense.ch\/wp-content\/uploads\/2025\/10\/produktfoto-3.png?resize=700%2C400&ssl=1 2x"},"classes":[]},{"id":44318,"url":"https:\/\/teasense.ch\/fr\/produit\/houjicha-pulver-geroesteter-gruentee\/","url_meta":{"origin":47219,"position":2},"title":"Houjicha Pulver \u2013 Ger\u00f6steter Gr\u00fcntee","author":"Reale Selection","date":"27. February 2025","format":false,"excerpt":"Zubereitung \u2013 Houjicha Tee - Klassische Variante \ud83e\udd44 1 TL Houjicha Pulver auf 200 ml Wasser\ud83c\udf21\ufe0f 80 \u00b0C \u2013 nicht kochend, sondern leicht abgek\u00fchlt\ud83c\udf00 ca. 30 Sekunden gut verr\u00fchren und direkt geniesse","rel":"","context":"Similar post","block_context":{"text":"Similar post","link":""},"img":{"alt_text":"Houjicha Pulver","src":"https:\/\/i0.wp.com\/teasense.ch\/wp-content\/uploads\/2025\/02\/Houjicha-Pulver.png?resize=350%2C200&ssl=1","width":350,"height":200,"srcset":"https:\/\/i0.wp.com\/teasense.ch\/wp-content\/uploads\/2025\/02\/Houjicha-Pulver.png?resize=350%2C200&ssl=1 1x, https:\/\/i0.wp.com\/teasense.ch\/wp-content\/uploads\/2025\/02\/Houjicha-Pulver.png?resize=525%2C300&ssl=1 1.5x, https:\/\/i0.wp.com\/teasense.ch\/wp-content\/uploads\/2025\/02\/Houjicha-Pulver.png?resize=700%2C400&ssl=1 2x"},"classes":[]},{"id":47234,"url":"https:\/\/teasense.ch\/fr\/produit\/jasmin-dragon-pearls\/","url_meta":{"origin":47219,"position":3},"title":"Jasmin Dragon Pearls","author":"Reale Selection","date":"2. October 2025","format":false,"excerpt":"Zubereitung Jasmin Dragon Pearls \ud83e\udd44 1 Teel\u00f6ffel auf 200 ml Wasser \ud83c\udf21\ufe0f 70\u201380 \u00b0C \u23f3 2\u20133 Minuten ziehen lassen \ud83d\udd01 mehrmals aufgiessbar","rel":"","context":"Similar post","block_context":{"text":"Similar post","link":""},"img":{"alt_text":"Jasmin Dragon Pearls Jasmin Tee Perlen","src":"https:\/\/i0.wp.com\/teasense.ch\/wp-content\/uploads\/2025\/10\/jasmin-dragon-pearls1.png?resize=350%2C200&ssl=1","width":350,"height":200,"srcset":"https:\/\/i0.wp.com\/teasense.ch\/wp-content\/uploads\/2025\/10\/jasmin-dragon-pearls1.png?resize=350%2C200&ssl=1 1x, https:\/\/i0.wp.com\/teasense.ch\/wp-content\/uploads\/2025\/10\/jasmin-dragon-pearls1.png?resize=525%2C300&ssl=1 1.5x, https:\/\/i0.wp.com\/teasense.ch\/wp-content\/uploads\/2025\/10\/jasmin-dragon-pearls1.png?resize=700%2C400&ssl=1 2x"},"classes":[]},{"id":44167,"url":"https:\/\/teasense.ch\/fr\/produit\/japan-sencha-fine-gruentee\/","url_meta":{"origin":47219,"position":4},"title":"Japan Sencha Fine \u2013 Hochwertiger Gr\u00fcntee aus Japan","author":"Reale Selection","date":"25. February 2025","format":false,"excerpt":"Zubereitung Japan Sencha Fine \ud83e\udd44 1 Teel\u00f6ffel (ca. 2 g) auf 200 ml Wasser \ud83c\udf21\ufe0f 90 \u00b0C \u23f3 2 Minuten ziehen lassen Tipp\ud83d\udca1 Mehrere Aufg\u00fcsse m\u00f6glich \u2013 die Ziehzeit bei den Folgez\u00fcgen leicht variieren.","rel":"","context":"Similar post","block_context":{"text":"Similar post","link":""},"img":{"alt_text":"Japan Sencha Fine \u2013 T\u00e8 verde di alta qualit\u00e0 dal Giappone Loose Tea Shop Svizzera","src":"https:\/\/i0.wp.com\/teasense.ch\/wp-content\/uploads\/2025\/02\/Japan-Sencha-Fine-%E2%80%93-Hochwertiger-Gruentee-aus-Japan-4.png?resize=350%2C200&ssl=1","width":350,"height":200,"srcset":"https:\/\/i0.wp.com\/teasense.ch\/wp-content\/uploads\/2025\/02\/Japan-Sencha-Fine-%E2%80%93-Hochwertiger-Gruentee-aus-Japan-4.png?resize=350%2C200&ssl=1 1x, https:\/\/i0.wp.com\/teasense.ch\/wp-content\/uploads\/2025\/02\/Japan-Sencha-Fine-%E2%80%93-Hochwertiger-Gruentee-aus-Japan-4.png?resize=525%2C300&ssl=1 1.5x, https:\/\/i0.wp.com\/teasense.ch\/wp-content\/uploads\/2025\/02\/Japan-Sencha-Fine-%E2%80%93-Hochwertiger-Gruentee-aus-Japan-4.png?resize=700%2C400&ssl=1 2x"},"classes":[]},{"id":46301,"url":"https:\/\/teasense.ch\/fr\/produit\/tee-geschenkset-gruentee-schwarztee\/","url_meta":{"origin":47219,"position":5},"title":"Tee Geschenkset \u2013 Gr\u00fcntee &#038; Schwarztee","author":"Reale Selection","date":"27. July 2025","format":false,"excerpt":"50\u202fg Schwarztee & 70\u202fg Gr\u00fcntee im Glas.Sch\u00f6n verpackt im Naturkarton mit Tragegriff \u2013perfekt als Geschenk oder Mitbringsel. \ud83c\udf81","rel":"","context":"Similar post","block_context":{"text":"Similar post","link":""},"img":{"alt_text":"Tee Geschenkset \u2013 Gr\u00fcntee & Schwarztee","src":"https:\/\/i0.wp.com\/teasense.ch\/wp-content\/uploads\/2025\/07\/Tee-Geschenkset-%E2%80%93-Gruentee-Schwarztee-weisser-Hintergrund.png?resize=350%2C200&ssl=1","width":350,"height":200,"srcset":"https:\/\/i0.wp.com\/teasense.ch\/wp-content\/uploads\/2025\/07\/Tee-Geschenkset-%E2%80%93-Gruentee-Schwarztee-weisser-Hintergrund.png?resize=350%2C200&ssl=1 1x, https:\/\/i0.wp.com\/teasense.ch\/wp-content\/uploads\/2025\/07\/Tee-Geschenkset-%E2%80%93-Gruentee-Schwarztee-weisser-Hintergrund.png?resize=525%2C300&ssl=1 1.5x, https:\/\/i0.wp.com\/teasense.ch\/wp-content\/uploads\/2025\/07\/Tee-Geschenkset-%E2%80%93-Gruentee-Schwarztee-weisser-Hintergrund.png?resize=700%2C400&ssl=1 2x"},"classes":[]}],"jetpack_sharing_enabled":true,"jetpack_likes_enabled":false,"_links":{"self":[{"href":"https:\/\/teasense.ch\/fr\/wp-json\/wp\/v2\/product\/47219","targetHints":{"allow":["GET"]}}],"collection":[{"href":"https:\/\/teasense.ch\/fr\/wp-json\/wp\/v2\/product"}],"about":[{"href":"https:\/\/teasense.ch\/fr\/wp-json\/wp\/v2\/types\/product"}],"replies":[{"embeddable":true,"href":"https:\/\/teasense.ch\/fr\/wp-json\/wp\/v2\/comments?post=47219"}],"wp:featuredmedia":[{"embeddable":true,"href":"https:\/\/teasense.ch\/fr\/wp-json\/wp\/v2\/media\/47174"}],"wp:attachment":[{"href":"https:\/\/teasense.ch\/fr\/wp-json\/wp\/v2\/media?parent=47219"}],"wp:term":[{"taxonomy":"product_brand","embeddable":true,"href":"https:\/\/teasense.ch\/fr\/wp-json\/wp\/v2\/product_brand?post=47219"},{"taxonomy":"product_cat","embeddable":true,"href":"https:\/\/teasense.ch\/fr\/wp-json\/wp\/v2\/product_cat?post=47219"},{"taxonomy":"product_tag","embeddable":true,"href":"https:\/\/teasense.ch\/fr\/wp-json\/wp\/v2\/product_tag?post=47219"}],"curies":[{"name":"wp","href":"https:\/\/api.w.org\/{rel}","templated":true}]}}