{"id":47301,"date":"2025-10-13T11:59:51","date_gmt":"2025-10-13T09:59:51","guid":{"rendered":"https:\/\/teasense.ch\/?post_type=product&#038;p=47301"},"modified":"2025-10-13T12:50:33","modified_gmt":"2025-10-13T10:50:33","slug":"pu-erh-zitrone","status":"publish","type":"product","link":"https:\/\/teasense.ch\/fr\/produit\/pu-erh-zitrone\/","title":{"rendered":"Pu Erh Zitrone"},"content":{"rendered":"<p>Diese Teemischung vereint den charakteristisch erdigen Geschmack von China Pu Erh Tee mit der frischen Note von Zitronenschalen und Lemongras. Eine harmonische Verbindung von Tiefe und Zitrusfrische \u2013 klar, nat\u00fcrlich und ganz ohne k\u00fcnstliche Aromen.<\/p>\n<p>Beim Aufgiessen entfaltet sich ein angenehmes Zitronenaroma, das wunderbar mit dem vollmundigen Geschmack des Pu Erh zusammenspielt. F\u00fcr ein ausgewogenes Ergebnis \u00fcbergiesst du den Tee mit heissem Wasser (ca. 90 \u00b0C) und l\u00e4sst ihn etwa 2-3 Minuten ziehen.<\/p>\n<p>Ein Tee f\u00fcr alle, die nat\u00fcrliche Mischungen und ehrlichen Geschmack sch\u00e4tzen.<\/p>\n<p>Zutaten: China Pu Erh Tee, Zitronenschalen, Lemongras, nat\u00fcrliches Aroma.<\/p>\n","protected":false},"excerpt":{"rendered":"<h4>Zubereitung Pu Erh Zitrone<\/h4>\n<p>\ud83e\udd44 1 Teel\u00f6ffel auf 200 ml Wasser<br data-start=\"2256\" data-end=\"2259\" \/>\ud83c\udf21\ufe0f 90 \u00b0C<br data-start=\"2269\" data-end=\"2272\" \/>\u23f3 2 Minuten ziehen lassen<\/p>\n","protected":false},"featured_media":47307,"comment_status":"open","ping_status":"closed","template":"","meta":{"_et_pb_use_builder":"","_et_pb_old_content":"","_et_gb_content_width":""},"product_brand":[],"product_cat":[74,19,169],"product_tag":[],"class_list":{"0":"post-47301","1":"product","2":"type-product","3":"status-publish","4":"has-post-thumbnail","6":"product_cat-alle-produkte","7":"product_cat-tee","8":"product_cat-pu-erh-tee","9":"pa_herkunft-china","10":"pa_weight-100-g","11":"pa_weight-200-g","12":"pa_weight-400-g","13":"pa_weight-50-g","15":"first","16":"instock","17":"shipping-taxable","18":"purchasable","19":"product-type-variable","20":"has-default-attributes","21":"add-to-wishlist-before_image"},"yoast_head":"<!-- This site is optimized with the Yoast SEO plugin v27.4 - https:\/\/yoast.com\/product\/yoast-seo-wordpress\/ -->\n<title>Pu Erh Zitrone - TeaSense.ch - Tee Shop Schweiz<\/title>\n<meta name=\"description\" content=\"Aromatische Teemischung aus China Pu Erh, Zitronenschalen und Lemongras \u2013 nat\u00fcrlich, frisch und ohne k\u00fcnstliche Aromen. Perfekt f\u00fcr Pu Erh Beginner.\" \/>\n<meta name=\"robots\" content=\"index, follow, max-snippet:-1, max-image-preview:large, max-video-preview:-1\" \/>\n<link rel=\"canonical\" href=\"https:\/\/teasense.ch\/fr\/produit\/pu-erh-zitrone\/\" \/>\n<meta property=\"og:locale\" content=\"fr_FR\" \/>\n<meta property=\"og:type\" content=\"article\" \/>\n<meta property=\"og:title\" content=\"Pu Erh Zitrone - TeaSense.ch - Tee Shop Schweiz\" \/>\n<meta property=\"og:description\" content=\"Aromatische Teemischung aus China Pu Erh, Zitronenschalen und Lemongras \u2013 nat\u00fcrlich, frisch und ohne k\u00fcnstliche Aromen. Perfekt f\u00fcr Pu Erh Beginner.\" \/>\n<meta property=\"og:url\" content=\"https:\/\/teasense.ch\/fr\/produit\/pu-erh-zitrone\/\" \/>\n<meta property=\"og:site_name\" content=\"TeaSense.ch - Tee Shop Schweiz\" \/>\n<meta property=\"article:publisher\" content=\"https:\/\/www.facebook.com\/teasense.ch\" \/>\n<meta property=\"article:modified_time\" content=\"2025-10-13T10:50:33+00:00\" \/>\n<meta property=\"og:image\" content=\"https:\/\/teasense.ch\/wp-content\/uploads\/2025\/10\/pu-erh-zitrone.png\" \/>\n\t<meta property=\"og:image:width\" content=\"800\" \/>\n\t<meta property=\"og:image:height\" content=\"800\" \/>\n\t<meta property=\"og:image:type\" content=\"image\/png\" \/>\n<meta name=\"twitter:card\" content=\"summary_large_image\" \/>\n<meta name=\"twitter:label1\" content=\"Est. reading time\" \/>\n\t<meta name=\"twitter:data1\" content=\"1 minute\" \/>\n<!-- \/ Yoast SEO plugin. -->","yoast_head_json":{"title":"Pu Erh Zitrone - TeaSense.ch - Tee Shop Schweiz","description":"Aromatische Teemischung aus China Pu Erh, Zitronenschalen und Lemongras \u2013 nat\u00fcrlich, frisch und ohne k\u00fcnstliche Aromen. Perfekt f\u00fcr Pu Erh Beginner.","robots":{"index":"index","follow":"follow","max-snippet":"max-snippet:-1","max-image-preview":"max-image-preview:large","max-video-preview":"max-video-preview:-1"},"canonical":"https:\/\/teasense.ch\/fr\/produit\/pu-erh-zitrone\/","og_locale":"fr_FR","og_type":"article","og_title":"Pu Erh Zitrone - TeaSense.ch - Tee Shop Schweiz","og_description":"Aromatische Teemischung aus China Pu Erh, Zitronenschalen und Lemongras \u2013 nat\u00fcrlich, frisch und ohne k\u00fcnstliche Aromen. Perfekt f\u00fcr Pu Erh Beginner.","og_url":"https:\/\/teasense.ch\/fr\/produit\/pu-erh-zitrone\/","og_site_name":"TeaSense.ch - Tee Shop Schweiz","article_publisher":"https:\/\/www.facebook.com\/teasense.ch","article_modified_time":"2025-10-13T10:50:33+00:00","og_image":[{"width":800,"height":800,"url":"https:\/\/teasense.ch\/wp-content\/uploads\/2025\/10\/pu-erh-zitrone.png","type":"image\/png"}],"twitter_card":"summary_large_image","twitter_misc":{"Est. reading time":"1 minute"},"schema":{"@context":"https:\/\/schema.org","@graph":[{"@type":"WebPage","@id":"https:\/\/teasense.ch\/fr\/produit\/pu-erh-zitrone\/","url":"https:\/\/teasense.ch\/fr\/produit\/pu-erh-zitrone\/","name":"Pu Erh Zitrone - TeaSense.ch - Tee Shop Schweiz","isPartOf":{"@id":"https:\/\/teasense.ch\/fr\/#website"},"primaryImageOfPage":{"@id":"https:\/\/teasense.ch\/fr\/produit\/pu-erh-zitrone\/#primaryimage"},"image":{"@id":"https:\/\/teasense.ch\/fr\/produit\/pu-erh-zitrone\/#primaryimage"},"thumbnailUrl":"https:\/\/teasense.ch\/wp-content\/uploads\/2025\/10\/pu-erh-zitrone.png","datePublished":"2025-10-13T09:59:51+00:00","dateModified":"2025-10-13T10:50:33+00:00","description":"Aromatische Teemischung aus China Pu Erh, Zitronenschalen und Lemongras \u2013 nat\u00fcrlich, frisch und ohne k\u00fcnstliche Aromen. Perfekt f\u00fcr Pu Erh Beginner.","breadcrumb":{"@id":"https:\/\/teasense.ch\/fr\/produit\/pu-erh-zitrone\/#breadcrumb"},"inLanguage":"fr-CH","potentialAction":[{"@type":"ReadAction","target":["https:\/\/teasense.ch\/fr\/produit\/pu-erh-zitrone\/"]}]},{"@type":"ImageObject","inLanguage":"fr-CH","@id":"https:\/\/teasense.ch\/fr\/produit\/pu-erh-zitrone\/#primaryimage","url":"https:\/\/teasense.ch\/wp-content\/uploads\/2025\/10\/pu-erh-zitrone.png","contentUrl":"https:\/\/teasense.ch\/wp-content\/uploads\/2025\/10\/pu-erh-zitrone.png","width":800,"height":800,"caption":"Pu Erh Zitrone - China Pu Erh Tee mit der frischen Note von Zitronenschalen und Lemongras"},{"@type":"BreadcrumbList","@id":"https:\/\/teasense.ch\/fr\/produit\/pu-erh-zitrone\/#breadcrumb","itemListElement":[{"@type":"ListItem","position":1,"name":"Startseite","item":"https:\/\/teasense.ch\/fr\/startseite\/"},{"@type":"ListItem","position":2,"name":"Boutique de th\u00e9 en ligne","item":"https:\/\/teasense.ch\/fr\/shop\/"},{"@type":"ListItem","position":3,"name":"Pu Erh Zitrone"}]},{"@type":"WebSite","@id":"https:\/\/teasense.ch\/fr\/#website","url":"https:\/\/teasense.ch\/fr\/","name":"TeaSense.ch","description":"Nat\u00fcrliche Teemischungen und klassischer Tee","publisher":{"@id":"https:\/\/teasense.ch\/fr\/#organization"},"alternateName":"TeaSense","potentialAction":[{"@type":"SearchAction","target":{"@type":"EntryPoint","urlTemplate":"https:\/\/teasense.ch\/fr\/?s={search_term_string}"},"query-input":{"@type":"PropertyValueSpecification","valueRequired":true,"valueName":"search_term_string"}}],"inLanguage":"fr-CH"},{"@type":"Organization","@id":"https:\/\/teasense.ch\/fr\/#organization","name":"Reale Selection","alternateName":"TeaSense.ch","url":"https:\/\/teasense.ch\/fr\/","logo":{"@type":"ImageObject","inLanguage":"fr-CH","@id":"https:\/\/teasense.ch\/fr\/#\/schema\/logo\/image\/","url":"https:\/\/teasense.ch\/wp-content\/uploads\/2023\/07\/cropped-logo-teasense-kategorie-onlineshop-alle-produkte.jpg","contentUrl":"https:\/\/teasense.ch\/wp-content\/uploads\/2023\/07\/cropped-logo-teasense-kategorie-onlineshop-alle-produkte.jpg","width":512,"height":512,"caption":"Reale Selection"},"image":{"@id":"https:\/\/teasense.ch\/fr\/#\/schema\/logo\/image\/"},"sameAs":["https:\/\/www.facebook.com\/teasense.ch"]}]}},"jetpack-related-posts":[{"id":47626,"url":"https:\/\/teasense.ch\/fr\/produit\/tee-komposition\/","url_meta":{"origin":47301,"position":0},"title":"Tee Komposition","author":"Reale Selection","date":"16. December 2025","format":false,"excerpt":"Zubereitung Tee Komposition \ud83e\udd44 1 - 2 TL pro Tasse (12 g\/Liter)\ud83c\udf21\ufe0f 100 \u00b0C\u23f3 3 Minuten","rel":"","context":"Similar post","block_context":{"text":"Similar post","link":""},"img":{"alt_text":"Tee Trilogie \u2013 Schwarz-, Gr\u00fcn- und Pu-Erh-Tee","src":"https:\/\/i0.wp.com\/teasense.ch\/wp-content\/uploads\/2025\/12\/tee-trilogie-%E2%80%93-schwarz-gruen-und-pu-erh-tee.png?resize=350%2C200&ssl=1","width":350,"height":200,"srcset":"https:\/\/i0.wp.com\/teasense.ch\/wp-content\/uploads\/2025\/12\/tee-trilogie-%E2%80%93-schwarz-gruen-und-pu-erh-tee.png?resize=350%2C200&ssl=1 1x, https:\/\/i0.wp.com\/teasense.ch\/wp-content\/uploads\/2025\/12\/tee-trilogie-%E2%80%93-schwarz-gruen-und-pu-erh-tee.png?resize=525%2C300&ssl=1 1.5x, https:\/\/i0.wp.com\/teasense.ch\/wp-content\/uploads\/2025\/12\/tee-trilogie-%E2%80%93-schwarz-gruen-und-pu-erh-tee.png?resize=700%2C400&ssl=1 2x"},"classes":[]},{"id":43174,"url":"https:\/\/teasense.ch\/fr\/produit\/china-pu-erh-white-peacock-brick\/","url_meta":{"origin":47301,"position":1},"title":"China Pu-Erh White Peacock Brick","author":"Reale Selection","date":"22. October 2024","format":false,"excerpt":"5 x 30 g Zubereitung China Pu-Erh White Peacock Brick \ud83e\udd44 15 g auf 200 ml Wasser\ud83c\udf21\ufe0f 100 \u00b0C\u23f3 2 \u2013 4 Minuten ziehen lassen","rel":"","context":"Similar post","block_context":{"text":"Similar post","link":""},"img":{"alt_text":"China Pu-Erh White Peacock Brick","src":"https:\/\/i0.wp.com\/teasense.ch\/wp-content\/uploads\/2024\/10\/china-pu-erh-white-peacock-brick.png?resize=350%2C200&ssl=1","width":350,"height":200,"srcset":"https:\/\/i0.wp.com\/teasense.ch\/wp-content\/uploads\/2024\/10\/china-pu-erh-white-peacock-brick.png?resize=350%2C200&ssl=1 1x, https:\/\/i0.wp.com\/teasense.ch\/wp-content\/uploads\/2024\/10\/china-pu-erh-white-peacock-brick.png?resize=525%2C300&ssl=1 1.5x, https:\/\/i0.wp.com\/teasense.ch\/wp-content\/uploads\/2024\/10\/china-pu-erh-white-peacock-brick.png?resize=700%2C400&ssl=1 2x"},"classes":[]},{"id":47279,"url":"https:\/\/teasense.ch\/fr\/produit\/china-pu-erh-tee\/","url_meta":{"origin":47301,"position":2},"title":"China Pu Erh Tee","author":"Reale Selection","date":"13. October 2025","format":false,"excerpt":"Zubereitung China Pu Erh Tee (Westliche Methode) \ud83e\udd44 1 Teel\u00f6ffel auf 200 ml Wasser \ud83c\udf21\ufe0f 95 \u00b0C \u23f3 2-4 Minuten ziehen lassen","rel":"","context":"Similar post","block_context":{"text":"Similar post","link":""},"img":{"alt_text":"China Pu Erh Tee Fermentierter Schwarztee aus Yunnan","src":"https:\/\/i0.wp.com\/teasense.ch\/wp-content\/uploads\/2025\/10\/china-pu-erh-tee.png?resize=350%2C200&ssl=1","width":350,"height":200,"srcset":"https:\/\/i0.wp.com\/teasense.ch\/wp-content\/uploads\/2025\/10\/china-pu-erh-tee.png?resize=350%2C200&ssl=1 1x, https:\/\/i0.wp.com\/teasense.ch\/wp-content\/uploads\/2025\/10\/china-pu-erh-tee.png?resize=525%2C300&ssl=1 1.5x, https:\/\/i0.wp.com\/teasense.ch\/wp-content\/uploads\/2025\/10\/china-pu-erh-tee.png?resize=700%2C400&ssl=1 2x"},"classes":[]},{"id":45667,"url":"https:\/\/teasense.ch\/fr\/produit\/rooibusch-zitrone\/","url_meta":{"origin":47301,"position":3},"title":"Rooibusch Zitrone","author":"Reale Selection","date":"12. May 2025","format":false,"excerpt":"Zubereitung Rooibusch Zitrone \ud83e\udd44 1 Teel\u00f6ffel auf 200 ml Wasser (14g\/Liter)\ud83c\udf21\ufe0f 100 \u00b0C\u23f3 5 Minuten ziehen lassen","rel":"","context":"Similar post","block_context":{"text":"Similar post","link":""},"img":{"alt_text":"Rooibusch Zitrone Teemischung","src":"https:\/\/i0.wp.com\/teasense.ch\/wp-content\/uploads\/2025\/05\/Rooibusch-Zitrone.png?resize=350%2C200&ssl=1","width":350,"height":200,"srcset":"https:\/\/i0.wp.com\/teasense.ch\/wp-content\/uploads\/2025\/05\/Rooibusch-Zitrone.png?resize=350%2C200&ssl=1 1x, https:\/\/i0.wp.com\/teasense.ch\/wp-content\/uploads\/2025\/05\/Rooibusch-Zitrone.png?resize=525%2C300&ssl=1 1.5x, https:\/\/i0.wp.com\/teasense.ch\/wp-content\/uploads\/2025\/05\/Rooibusch-Zitrone.png?resize=700%2C400&ssl=1 2x"},"classes":[]},{"id":38233,"url":"https:\/\/teasense.ch\/fr\/produit\/bleib-fresh\/","url_meta":{"origin":47301,"position":4},"title":"Bleib Fresh Kr\u00e4utertee","author":"Reale Selection","date":"22. October 2023","format":false,"excerpt":"Kr\u00e4utertee mit Minze-Lemon-Geschmack Zubereitung Bleib Fresh Kr\u00e4utertee \ud83e\udd44 1-2 Teel\u00f6ffel Kr\u00e4utermischung pro Liter (14g\/Liter) \ud83c\udf21\ufe0f 100 \u00b0C (Kochendes Wasser) \u23f3 5 Minuten","rel":"","context":"Similar post","block_context":{"text":"Similar post","link":""},"img":{"alt_text":"Loser Koriander Teemischung","src":"https:\/\/i0.wp.com\/teasense.ch\/wp-content\/uploads\/2023\/10\/kraeuterteemischung-bleib-fresh-plain.jpg?resize=350%2C200&ssl=1","width":350,"height":200,"srcset":"https:\/\/i0.wp.com\/teasense.ch\/wp-content\/uploads\/2023\/10\/kraeuterteemischung-bleib-fresh-plain.jpg?resize=350%2C200&ssl=1 1x, https:\/\/i0.wp.com\/teasense.ch\/wp-content\/uploads\/2023\/10\/kraeuterteemischung-bleib-fresh-plain.jpg?resize=525%2C300&ssl=1 1.5x, https:\/\/i0.wp.com\/teasense.ch\/wp-content\/uploads\/2023\/10\/kraeuterteemischung-bleib-fresh-plain.jpg?resize=700%2C400&ssl=1 2x"},"classes":[]},{"id":33558,"url":"https:\/\/teasense.ch\/fr\/produit\/lemongras\/","url_meta":{"origin":47301,"position":5},"title":"Lemongras Tee","author":"Reale Selection","date":"15. July 2023","format":false,"excerpt":"Citronella, Zitronengras Lemongras Tee Zubereitung \ud83e\udd44 1 TL \/ Tasse (250 ml) oder 15\u201320 g \/ Liter \ud83c\udf21\ufe0f 100\u00b0C \u23f3 6\u201310 Minuten","rel":"","context":"Similar post","block_context":{"text":"Similar post","link":""},"img":{"alt_text":"Lemongras","src":"https:\/\/i0.wp.com\/teasense.ch\/wp-content\/uploads\/2023\/07\/lemongras-plain.jpg?resize=350%2C200&ssl=1","width":350,"height":200,"srcset":"https:\/\/i0.wp.com\/teasense.ch\/wp-content\/uploads\/2023\/07\/lemongras-plain.jpg?resize=350%2C200&ssl=1 1x, https:\/\/i0.wp.com\/teasense.ch\/wp-content\/uploads\/2023\/07\/lemongras-plain.jpg?resize=525%2C300&ssl=1 1.5x, https:\/\/i0.wp.com\/teasense.ch\/wp-content\/uploads\/2023\/07\/lemongras-plain.jpg?resize=700%2C400&ssl=1 2x"},"classes":[]}],"jetpack_sharing_enabled":true,"jetpack_likes_enabled":false,"_links":{"self":[{"href":"https:\/\/teasense.ch\/fr\/wp-json\/wp\/v2\/product\/47301","targetHints":{"allow":["GET"]}}],"collection":[{"href":"https:\/\/teasense.ch\/fr\/wp-json\/wp\/v2\/product"}],"about":[{"href":"https:\/\/teasense.ch\/fr\/wp-json\/wp\/v2\/types\/product"}],"replies":[{"embeddable":true,"href":"https:\/\/teasense.ch\/fr\/wp-json\/wp\/v2\/comments?post=47301"}],"wp:featuredmedia":[{"embeddable":true,"href":"https:\/\/teasense.ch\/fr\/wp-json\/wp\/v2\/media\/47307"}],"wp:attachment":[{"href":"https:\/\/teasense.ch\/fr\/wp-json\/wp\/v2\/media?parent=47301"}],"wp:term":[{"taxonomy":"product_brand","embeddable":true,"href":"https:\/\/teasense.ch\/fr\/wp-json\/wp\/v2\/product_brand?post=47301"},{"taxonomy":"product_cat","embeddable":true,"href":"https:\/\/teasense.ch\/fr\/wp-json\/wp\/v2\/product_cat?post=47301"},{"taxonomy":"product_tag","embeddable":true,"href":"https:\/\/teasense.ch\/fr\/wp-json\/wp\/v2\/product_tag?post=47301"}],"curies":[{"name":"wp","href":"https:\/\/api.w.org\/{rel}","templated":true}]}}