{"id":47452,"date":"2025-11-10T21:35:58","date_gmt":"2025-11-10T20:35:58","guid":{"rendered":"https:\/\/teasense.ch\/?post_type=product&#038;p=47452"},"modified":"2025-12-13T07:20:36","modified_gmt":"2025-12-13T06:20:36","slug":"stevia-blaetter","status":"publish","type":"product","link":"https:\/\/teasense.ch\/fr\/produit\/stevia-blaetter\/","title":{"rendered":"Stevia Bl\u00e4tter"},"content":{"rendered":"<h2>Stevia Bl\u00e4tter \u2013 nat\u00fcrliche Teezutat f\u00fcr Kr\u00e4uter- und Fruchttees<\/h2>\n<p>Unsere Stevia Bl\u00e4tter stammen aus sorgf\u00e4ltiger, schonender Trocknung und eignen sich ideal als nat\u00fcrliche Zutat f\u00fcr Frucht- und <a href=\"https:\/\/teasense.ch\/produkt-kategorie\/tee\/kraeutertee\/\">Kr\u00e4utertees<\/a>. Seit Juni 2017 d\u00fcrfen die Bl\u00e4tter der Pflanze Stevia rebaudiana Bertoni in Kr\u00e4uter- und Fruchttees offiziell als Lebensmittel eingesetzt werden. Damit gelten sie nicht mehr als neuartiges Lebensmittel und ben\u00f6tigen keine spezielle Bewilligung f\u00fcr die Anwendung in Tees.<\/p>\n<h3>Stevia f\u00fcr deine Teemischungen<\/h3>\n<p>Die Bl\u00e4tter integrieren sich harmonisch in deine Teemischungen und erg\u00e4nzen die Aromen von Kr\u00e4utern und Fr\u00fcchten auf nat\u00fcrliche Weise. Die Bl\u00e4tter als Teil deiner Teemischung verwenden \u2013 wir empfehlen ca. 1\u20132\u202f% des Mischungsgewichts. So kannst du deine Lieblingstees kreativ verfeinern, ohne k\u00fcnstliche Zusatzstoffe.<\/p>\n<h3>Anwendung<\/h3>\n<p>Die Bl\u00e4tter einfach in deine Kr\u00e4uter- oder Fruchtteemischung geben und wie gewohnt aufbr\u00fchen. So gelingen dir Tees mit einem ausgewogenen, nat\u00fcrlichen Aroma \u2013 ideal f\u00fcr verschiedene Teemischungen.<\/p>\n<p>Entdecke das\u00a0Stevia Kraut f\u00fcr deine eigenen Teekreationen und geniesse ein hochwertiges, reines Naturprodukt direkt aus der Teek\u00fcche.<\/p>\n","protected":false},"excerpt":{"rendered":"<h4>Zubereitung Stevia Bl\u00e4tter<\/h4>\n<p>\ud83e\udd44 1 Teel\u00f6ffel pro Tasse in deine gew\u00fcnschte Teemischung<br \/>\n\ud83c\udf21\ufe0f 100 \u00b0C<br \/>\n\u23f3 Ziehzeit je nach Teemischung 5\u20138 Minuten<\/p>\n","protected":false},"featured_media":47458,"comment_status":"open","ping_status":"closed","template":"","meta":{"_et_pb_use_builder":"","_et_pb_old_content":"","_et_gb_content_width":""},"product_brand":[],"product_cat":[74,150,19,155],"product_tag":[],"class_list":{"0":"post-47452","1":"product","2":"type-product","3":"status-publish","4":"has-post-thumbnail","6":"product_cat-alle-produkte","7":"product_cat-kraeutertee","8":"product_cat-tee","9":"product_cat-monokraeuter","10":"pa_herkunft-spanien","11":"pa_weight-100-g","12":"pa_weight-20-g","13":"pa_weight-50-g","15":"first","16":"instock","17":"shipping-taxable","18":"purchasable","19":"product-type-variable","20":"has-default-attributes","21":"add-to-wishlist-before_image"},"yoast_head":"<!-- This site is optimized with the Yoast SEO plugin v27.4 - https:\/\/yoast.com\/product\/yoast-seo-wordpress\/ -->\n<title>Stevia Bl\u00e4tter - TeaSense.ch - Tee Shop Schweiz<\/title>\n<meta name=\"description\" content=\"Stevia Bl\u00e4tter f\u00fcr Kr\u00e4uter- und Fruchttees. 100% nat\u00fcrlich, ohne Zusatzstoffe, ideal zum Verfeinern deiner Teemischungen. Jetzt bei TeaSense.ch kaufen.\" \/>\n<meta name=\"robots\" content=\"index, follow, max-snippet:-1, max-image-preview:large, max-video-preview:-1\" \/>\n<link rel=\"canonical\" href=\"https:\/\/teasense.ch\/fr\/produit\/stevia-blaetter\/\" \/>\n<meta property=\"og:locale\" content=\"fr_FR\" \/>\n<meta property=\"og:type\" content=\"article\" \/>\n<meta property=\"og:title\" content=\"Stevia Bl\u00e4tter - TeaSense.ch - Tee Shop Schweiz\" \/>\n<meta property=\"og:description\" content=\"Stevia Bl\u00e4tter f\u00fcr Kr\u00e4uter- und Fruchttees. 100% nat\u00fcrlich, ohne Zusatzstoffe, ideal zum Verfeinern deiner Teemischungen. Jetzt bei TeaSense.ch kaufen.\" \/>\n<meta property=\"og:url\" content=\"https:\/\/teasense.ch\/fr\/produit\/stevia-blaetter\/\" \/>\n<meta property=\"og:site_name\" content=\"TeaSense.ch - Tee Shop Schweiz\" \/>\n<meta property=\"article:publisher\" content=\"https:\/\/www.facebook.com\/teasense.ch\" \/>\n<meta property=\"article:modified_time\" content=\"2025-12-13T06:20:36+00:00\" \/>\n<meta property=\"og:image\" content=\"https:\/\/teasense.ch\/wp-content\/uploads\/2025\/11\/steviablaetter-als-tee.png\" \/>\n\t<meta property=\"og:image:width\" content=\"800\" \/>\n\t<meta property=\"og:image:height\" content=\"800\" \/>\n\t<meta property=\"og:image:type\" content=\"image\/png\" \/>\n<meta name=\"twitter:card\" content=\"summary_large_image\" \/>\n<meta name=\"twitter:label1\" content=\"Est. reading time\" \/>\n\t<meta name=\"twitter:data1\" content=\"2 minutes\" \/>\n<!-- \/ Yoast SEO plugin. -->","yoast_head_json":{"title":"Stevia Bl\u00e4tter - TeaSense.ch - Tee Shop Schweiz","description":"Stevia Bl\u00e4tter f\u00fcr Kr\u00e4uter- und Fruchttees. 100% nat\u00fcrlich, ohne Zusatzstoffe, ideal zum Verfeinern deiner Teemischungen. Jetzt bei TeaSense.ch kaufen.","robots":{"index":"index","follow":"follow","max-snippet":"max-snippet:-1","max-image-preview":"max-image-preview:large","max-video-preview":"max-video-preview:-1"},"canonical":"https:\/\/teasense.ch\/fr\/produit\/stevia-blaetter\/","og_locale":"fr_FR","og_type":"article","og_title":"Stevia Bl\u00e4tter - TeaSense.ch - Tee Shop Schweiz","og_description":"Stevia Bl\u00e4tter f\u00fcr Kr\u00e4uter- und Fruchttees. 100% nat\u00fcrlich, ohne Zusatzstoffe, ideal zum Verfeinern deiner Teemischungen. Jetzt bei TeaSense.ch kaufen.","og_url":"https:\/\/teasense.ch\/fr\/produit\/stevia-blaetter\/","og_site_name":"TeaSense.ch - Tee Shop Schweiz","article_publisher":"https:\/\/www.facebook.com\/teasense.ch","article_modified_time":"2025-12-13T06:20:36+00:00","og_image":[{"width":800,"height":800,"url":"https:\/\/teasense.ch\/wp-content\/uploads\/2025\/11\/steviablaetter-als-tee.png","type":"image\/png"}],"twitter_card":"summary_large_image","twitter_misc":{"Est. reading time":"2 minutes"},"schema":{"@context":"https:\/\/schema.org","@graph":[{"@type":"WebPage","@id":"https:\/\/teasense.ch\/fr\/produit\/stevia-blaetter\/","url":"https:\/\/teasense.ch\/fr\/produit\/stevia-blaetter\/","name":"Stevia Bl\u00e4tter - TeaSense.ch - Tee Shop Schweiz","isPartOf":{"@id":"https:\/\/teasense.ch\/fr\/#website"},"primaryImageOfPage":{"@id":"https:\/\/teasense.ch\/fr\/produit\/stevia-blaetter\/#primaryimage"},"image":{"@id":"https:\/\/teasense.ch\/fr\/produit\/stevia-blaetter\/#primaryimage"},"thumbnailUrl":"https:\/\/teasense.ch\/wp-content\/uploads\/2025\/11\/steviablaetter-als-tee.png","datePublished":"2025-11-10T20:35:58+00:00","dateModified":"2025-12-13T06:20:36+00:00","description":"Stevia Bl\u00e4tter f\u00fcr Kr\u00e4uter- und Fruchttees. 100% nat\u00fcrlich, ohne Zusatzstoffe, ideal zum Verfeinern deiner Teemischungen. Jetzt bei TeaSense.ch kaufen.","breadcrumb":{"@id":"https:\/\/teasense.ch\/fr\/produit\/stevia-blaetter\/#breadcrumb"},"inLanguage":"fr-CH","potentialAction":[{"@type":"ReadAction","target":["https:\/\/teasense.ch\/fr\/produit\/stevia-blaetter\/"]}]},{"@type":"ImageObject","inLanguage":"fr-CH","@id":"https:\/\/teasense.ch\/fr\/produit\/stevia-blaetter\/#primaryimage","url":"https:\/\/teasense.ch\/wp-content\/uploads\/2025\/11\/steviablaetter-als-tee.png","contentUrl":"https:\/\/teasense.ch\/wp-content\/uploads\/2025\/11\/steviablaetter-als-tee.png","width":800,"height":800,"caption":"Stevia Bl\u00e4tter als Tee Zutat f\u00fcr Fr\u00fcchte und Kr\u00e4utertee"},{"@type":"BreadcrumbList","@id":"https:\/\/teasense.ch\/fr\/produit\/stevia-blaetter\/#breadcrumb","itemListElement":[{"@type":"ListItem","position":1,"name":"Startseite","item":"https:\/\/teasense.ch\/fr\/startseite\/"},{"@type":"ListItem","position":2,"name":"Boutique de th\u00e9 en ligne","item":"https:\/\/teasense.ch\/fr\/shop\/"},{"@type":"ListItem","position":3,"name":"Stevia Bl\u00e4tter"}]},{"@type":"WebSite","@id":"https:\/\/teasense.ch\/fr\/#website","url":"https:\/\/teasense.ch\/fr\/","name":"TeaSense.ch","description":"Nat\u00fcrliche Teemischungen und klassischer Tee","publisher":{"@id":"https:\/\/teasense.ch\/fr\/#organization"},"alternateName":"TeaSense","potentialAction":[{"@type":"SearchAction","target":{"@type":"EntryPoint","urlTemplate":"https:\/\/teasense.ch\/fr\/?s={search_term_string}"},"query-input":{"@type":"PropertyValueSpecification","valueRequired":true,"valueName":"search_term_string"}}],"inLanguage":"fr-CH"},{"@type":"Organization","@id":"https:\/\/teasense.ch\/fr\/#organization","name":"Reale Selection","alternateName":"TeaSense.ch","url":"https:\/\/teasense.ch\/fr\/","logo":{"@type":"ImageObject","inLanguage":"fr-CH","@id":"https:\/\/teasense.ch\/fr\/#\/schema\/logo\/image\/","url":"https:\/\/teasense.ch\/wp-content\/uploads\/2023\/07\/cropped-logo-teasense-kategorie-onlineshop-alle-produkte.jpg","contentUrl":"https:\/\/teasense.ch\/wp-content\/uploads\/2023\/07\/cropped-logo-teasense-kategorie-onlineshop-alle-produkte.jpg","width":512,"height":512,"caption":"Reale Selection"},"image":{"@id":"https:\/\/teasense.ch\/fr\/#\/schema\/logo\/image\/"},"sameAs":["https:\/\/www.facebook.com\/teasense.ch"]}]}},"jetpack-related-posts":[{"id":33522,"url":"https:\/\/teasense.ch\/fr\/produit\/sweet-daydream\/","url_meta":{"origin":47452,"position":0},"title":"Sweet Daydream","author":"Reale Selection","date":"7. July 2023","format":false,"excerpt":"Diese Kr\u00e4utermischung ohne Zusatz von Aromen verspricht s\u00fcsse Tagtr\u00e4ume.","rel":"","context":"Similar post","block_context":{"text":"Similar post","link":""},"img":{"alt_text":"Sweet Daydream Kr\u00e4utertee lose","src":"https:\/\/i0.wp.com\/teasense.ch\/wp-content\/uploads\/2023\/07\/sweet-daydream.jpg?resize=350%2C200&ssl=1","width":350,"height":200,"srcset":"https:\/\/i0.wp.com\/teasense.ch\/wp-content\/uploads\/2023\/07\/sweet-daydream.jpg?resize=350%2C200&ssl=1 1x, https:\/\/i0.wp.com\/teasense.ch\/wp-content\/uploads\/2023\/07\/sweet-daydream.jpg?resize=525%2C300&ssl=1 1.5x, https:\/\/i0.wp.com\/teasense.ch\/wp-content\/uploads\/2023\/07\/sweet-daydream.jpg?resize=700%2C400&ssl=1 2x"},"classes":[]},{"id":38042,"url":"https:\/\/teasense.ch\/fr\/produit\/naturklang-kraeutertee\/","url_meta":{"origin":47452,"position":1},"title":"Naturklang Kr\u00e4utertee","author":"Reale Selection","date":"15. October 2023","format":false,"excerpt":"Zubereitung Naturklang Kr\u00e4utertee \ud83e\udd44 1 - 2 Teel\u00f6ffel pro Tasse\ud83c\udf21\ufe0f 100 \u00b0C\u23f3 6 - 8 Minuten","rel":"","context":"Similar post","block_context":{"text":"Similar post","link":""},"img":{"alt_text":"Naturklang Kr\u00e4utertee Teemischung Zutaten auf weissem Hintergrund.","src":"https:\/\/i0.wp.com\/teasense.ch\/wp-content\/uploads\/2023\/10\/winterpunsch-plain.jpg?resize=350%2C200&ssl=1","width":350,"height":200,"srcset":"https:\/\/i0.wp.com\/teasense.ch\/wp-content\/uploads\/2023\/10\/winterpunsch-plain.jpg?resize=350%2C200&ssl=1 1x, https:\/\/i0.wp.com\/teasense.ch\/wp-content\/uploads\/2023\/10\/winterpunsch-plain.jpg?resize=525%2C300&ssl=1 1.5x, https:\/\/i0.wp.com\/teasense.ch\/wp-content\/uploads\/2023\/10\/winterpunsch-plain.jpg?resize=700%2C400&ssl=1 2x"},"classes":[]},{"id":36386,"url":"https:\/\/teasense.ch\/fr\/produit\/cold-brew-rooibos\/","url_meta":{"origin":47452,"position":2},"title":"Cold Brew Rooibos","author":"Reale Selection","date":"30. August 2023","format":false,"excerpt":"Koffeinfrei Zubereitung: \ud83e\udd44 Menge: 2,5 g Tee auf 200 ml Wasser \ud83c\udf21\ufe0f Temperatur: 20 \u00b0C (kaltes Wasser verwenden) \u23f3 Ziehzeit: 9-11 Minuten","rel":"","context":"Similar post","block_context":{"text":"Similar post","link":""},"img":{"alt_text":"Rooibos Teemischung Lose","src":"https:\/\/i0.wp.com\/teasense.ch\/wp-content\/uploads\/2023\/08\/cold-brew-rooibos-plain.jpg?resize=350%2C200&ssl=1","width":350,"height":200,"srcset":"https:\/\/i0.wp.com\/teasense.ch\/wp-content\/uploads\/2023\/08\/cold-brew-rooibos-plain.jpg?resize=350%2C200&ssl=1 1x, https:\/\/i0.wp.com\/teasense.ch\/wp-content\/uploads\/2023\/08\/cold-brew-rooibos-plain.jpg?resize=525%2C300&ssl=1 1.5x, https:\/\/i0.wp.com\/teasense.ch\/wp-content\/uploads\/2023\/08\/cold-brew-rooibos-plain.jpg?resize=700%2C400&ssl=1 2x"},"classes":[]},{"id":38547,"url":"https:\/\/teasense.ch\/fr\/produit\/fastenkraeuter\/","url_meta":{"origin":47452,"position":3},"title":"Fastenkr\u00e4uter","author":"Reale Selection","date":"24. October 2023","format":false,"excerpt":"Kr\u00e4utertee mit Mate Zubereitung Fastenkr\u00e4uter Tee \ud83e\udd44 1 \u2013 2 geh\u00e4ufte TL (ca. 2 g) auf 200 ml Wasser\ud83c\udf21\ufe0f 100 \u00b0C\u23f3 6 \u2013 10 Minuten ziehen lassen","rel":"","context":"Similar post","block_context":{"text":"Similar post","link":""},"img":{"alt_text":"","src":"https:\/\/i0.wp.com\/teasense.ch\/wp-content\/uploads\/2023\/10\/fastenkraeuter-plain-teemischung.jpg?resize=350%2C200&ssl=1","width":350,"height":200,"srcset":"https:\/\/i0.wp.com\/teasense.ch\/wp-content\/uploads\/2023\/10\/fastenkraeuter-plain-teemischung.jpg?resize=350%2C200&ssl=1 1x, https:\/\/i0.wp.com\/teasense.ch\/wp-content\/uploads\/2023\/10\/fastenkraeuter-plain-teemischung.jpg?resize=525%2C300&ssl=1 1.5x, https:\/\/i0.wp.com\/teasense.ch\/wp-content\/uploads\/2023\/10\/fastenkraeuter-plain-teemischung.jpg?resize=700%2C400&ssl=1 2x"},"classes":[]},{"id":43179,"url":"https:\/\/teasense.ch\/fr\/produit\/waldgefluester\/","url_meta":{"origin":47452,"position":4},"title":"Waldgefl\u00fcster &#8211; Kr\u00e4utermischung","author":"Reale Selection","date":"22. October 2024","format":false,"excerpt":"Zubereitung Waldgefl\u00fcster Kr\u00e4utertee \ud83e\udd44 1 Teel\u00f6ffel \ud83c\udf21\ufe0f 100\u00b0C \u23f3 6 - 10 Minuten","rel":"","context":"Similar post","block_context":{"text":"Similar post","link":""},"img":{"alt_text":"Waldgefl\u00fcster Teemischung","src":"https:\/\/i0.wp.com\/teasense.ch\/wp-content\/uploads\/2024\/10\/waldgefluester.png?resize=350%2C200&ssl=1","width":350,"height":200,"srcset":"https:\/\/i0.wp.com\/teasense.ch\/wp-content\/uploads\/2024\/10\/waldgefluester.png?resize=350%2C200&ssl=1 1x, https:\/\/i0.wp.com\/teasense.ch\/wp-content\/uploads\/2024\/10\/waldgefluester.png?resize=525%2C300&ssl=1 1.5x, https:\/\/i0.wp.com\/teasense.ch\/wp-content\/uploads\/2024\/10\/waldgefluester.png?resize=700%2C400&ssl=1 2x"},"classes":[]},{"id":33567,"url":"https:\/\/teasense.ch\/fr\/produit\/brombeerblaetter\/","url_meta":{"origin":47452,"position":5},"title":"Brombeerbl\u00e4tter","author":"Reale Selection","date":"15. July 2023","format":false,"excerpt":"Zubereitung Brombeerbl\u00e4tter Tee \ud83e\udd44 2 Teel\u00f6ffel auf 1 Tasse (200 ml) Wasser \ud83c\udf21\ufe0f 70 \u00b0C \u23f3 10-15 Minuten","rel":"","context":"Similar post","block_context":{"text":"Similar post","link":""},"img":{"alt_text":"Brombeerbl\u00e4tter","src":"https:\/\/i0.wp.com\/teasense.ch\/wp-content\/uploads\/2023\/07\/bio-brombeerblaetter-plain.jpg?resize=350%2C200&ssl=1","width":350,"height":200,"srcset":"https:\/\/i0.wp.com\/teasense.ch\/wp-content\/uploads\/2023\/07\/bio-brombeerblaetter-plain.jpg?resize=350%2C200&ssl=1 1x, https:\/\/i0.wp.com\/teasense.ch\/wp-content\/uploads\/2023\/07\/bio-brombeerblaetter-plain.jpg?resize=525%2C300&ssl=1 1.5x, https:\/\/i0.wp.com\/teasense.ch\/wp-content\/uploads\/2023\/07\/bio-brombeerblaetter-plain.jpg?resize=700%2C400&ssl=1 2x"},"classes":[]}],"jetpack_sharing_enabled":true,"jetpack_likes_enabled":false,"_links":{"self":[{"href":"https:\/\/teasense.ch\/fr\/wp-json\/wp\/v2\/product\/47452","targetHints":{"allow":["GET"]}}],"collection":[{"href":"https:\/\/teasense.ch\/fr\/wp-json\/wp\/v2\/product"}],"about":[{"href":"https:\/\/teasense.ch\/fr\/wp-json\/wp\/v2\/types\/product"}],"replies":[{"embeddable":true,"href":"https:\/\/teasense.ch\/fr\/wp-json\/wp\/v2\/comments?post=47452"}],"wp:featuredmedia":[{"embeddable":true,"href":"https:\/\/teasense.ch\/fr\/wp-json\/wp\/v2\/media\/47458"}],"wp:attachment":[{"href":"https:\/\/teasense.ch\/fr\/wp-json\/wp\/v2\/media?parent=47452"}],"wp:term":[{"taxonomy":"product_brand","embeddable":true,"href":"https:\/\/teasense.ch\/fr\/wp-json\/wp\/v2\/product_brand?post=47452"},{"taxonomy":"product_cat","embeddable":true,"href":"https:\/\/teasense.ch\/fr\/wp-json\/wp\/v2\/product_cat?post=47452"},{"taxonomy":"product_tag","embeddable":true,"href":"https:\/\/teasense.ch\/fr\/wp-json\/wp\/v2\/product_tag?post=47452"}],"curies":[{"name":"wp","href":"https:\/\/api.w.org\/{rel}","templated":true}]}}